{"id":9968,"date":"2022-05-17T08:38:15","date_gmt":"2022-05-17T08:38:15","guid":{"rendered":"https:\/\/enercon.it\/bize-ulasin\/"},"modified":"2022-11-29T14:59:18","modified_gmt":"2022-11-29T14:59:18","slug":"bize-ulasin","status":"publish","type":"page","link":"https:\/\/enercon.it\/tr\/bize-ulasin\/","title":{"rendered":"Bize ula\u015f\u0131n"},"content":{"rendered":"<p>[vc_row pix_padding_top=&#8221;padding No&#8221; pix_padding_bottom=&#8221;padding No&#8221; gradient_colors=&#8221;%5B%7B%7D%5D&#8221; css=&#8221;.vc_custom_1658926433463{background-color: #f7f7f7 !important;}&#8221;][vc_column width=&#8221;1\/2&#8243; gradient_colors=&#8221;%5B%7B%7D%5D&#8221; css=&#8221;.vc_custom_1564856188150{padding-right: 33px !important;}&#8221;][common_icon_box style=&#8221;pix-ibox-top&#8221; radius=&#8221;pix-square&#8221; position_with_center=&#8221;pix-text-center&#8221; icon_type=&#8221;font&#8221; icon_pixfontawesome=&#8221;fa fa-map-marker-alt&#8221; link=&#8221;|title:Prices||&#8221; title=&#8221;Merkez Ofis \/ \u00dcretim&#8221; css=&#8221;.vc_custom_1658926485377{background-color: #f7f7f7 !important;}&#8221;]<\/p>\n<p style=\"text-align: center;\">Enercon S.r.l.<br \/>\nVia Fornasina, 60<br \/>\n25080 Muscoline (BS)<br \/>\nItalya[\/common_icon_box][\/vc_column][vc_column width=&#8221;1\/2&#8243; gradient_colors=&#8221;%5B%7B%7D%5D&#8221; css=&#8221;.vc_custom_1564856231536{padding-right: 18px !important;padding-left: 17px !important;}&#8221;][common_icon_box style=&#8221;pix-ibox-top&#8221; radius=&#8221;pix-square&#8221; position_with_center=&#8221;pix-text-center&#8221; icon_type=&#8221;font&#8221; icon_pixfontawesome=&#8221;fa fa-address-book&#8221; link=&#8221;|title:Prices||&#8221; title=&#8221;\u0130leti\u015fim bilgileri&#8221; css=&#8221;.vc_custom_1658914891831{background-color: #f7f7f7 !important;}&#8221;]<\/p>\n<p style=\"text-align: center;\">Tel.: <a href=\"tel:+390365373193\">+39 0365 373193<\/a><br \/>\nFax: +39 0365 373186<br \/>\n<a href=\"mailto:info@enercon.it\">info@enercon.it<\/a>[\/common_icon_box][common_wrapper tab_id=&#8221;1658926192308-3&#8243;][vc_icon icon_fontawesome=&#8221;fab fa-facebook-f&#8221; color=&#8221;black&#8221; size=&#8221;sm&#8221; link=&#8221;url:https%3A%2F%2Fwww.facebook.com%2Fenerconimpianti%2F&#8221;][vc_icon icon_fontawesome=&#8221;fab fa-instagram&#8221; color=&#8221;black&#8221; size=&#8221;sm&#8221; link=&#8221;url:https%3A%2F%2Fwww.instagram.com%2Fenerconsrl%2F&#8221;][vc_icon icon_fontawesome=&#8221;fab fa-youtube&#8221; color=&#8221;black&#8221; size=&#8221;sm&#8221; link=&#8221;url:https%3A%2F%2Fwww.youtube.com%2Fchannel%2FUCZmZhfC2pcV_0QAHRC5qsOQ&#8221;][vc_icon icon_fontawesome=&#8221;fab fa-linkedin&#8221; color=&#8221;black&#8221; size=&#8221;sm&#8221; link=&#8221;url:https%3A%2F%2Fwww.linkedin.com%2Fcompany%2Fenercon-srl%2F&#8221;][\/common_wrapper][\/vc_column][\/vc_row][vc_row pix_padding_bottom=&#8221;padding No&#8221; gradient_colors=&#8221;%5B%7B%7D%5D&#8221;][vc_column][common_title title=&#8221;Bize ula\u015f\u0131n&#8221; position=&#8221;text-left&#8221;]Enercon, <strong>end\u00fcstriyel filtrasyon ve hidrolik sistemlerin<\/strong> tasar\u0131m\u0131 i\u00e7in bir \u015firkettir. \u00dcr\u00fcnlerimiz ve hizmetlerimiz hakk\u0131nda daha ayr\u0131nt\u0131l\u0131 bilgi veya \u00f6zel fiyat teklifi i\u00e7in bizimle ileti\u015fime ge\u00e7in.[\/common_title][\/vc_column][\/vc_row][vc_row pix_padding_top=&#8221;padding No&#8221; pix_padding_bottom=&#8221;padding No&#8221; gradient_colors=&#8221;%5B%7B%7D%5D&#8221;][vc_column gradient_colors=&#8221;%5B%7B%7D%5D&#8221;][common_cform7 form_id=&#8221;1768&#8243; box_gap=&#8221;50&#8243;][\/vc_column][\/vc_row][vc_row full_width=&#8221;stretch_row&#8221; pix_padding_bottom=&#8221;padding No&#8221; gradient_colors=&#8221;%5B%7B%7D%5D&#8221; ppadding=&#8221;pix-vc_row-no-padding&#8221;][vc_column][vc_gmaps link=&#8221;#E-8_JTNDaWZyYW1lJTIwc3JjJTNEJTIyaHR0cHMlM0ElMkYlMkZ3d3cuZ29vZ2xlLmNvbSUyRm1hcHMlMkZlbWJlZCUzRnBiJTNEJTIxMW0xOCUyMTFtMTIlMjExbTMlMjExZDU1ODYuOTg2MDcyMzc2Nzg4JTIxMmQxMC40Njc0NjQwMDAwMDAwMDklMjEzZDQ1LjU2MDUyMjk5OTk5OTk5NiUyMTJtMyUyMTFmMCUyMTJmMCUyMTNmMCUyMTNtMiUyMTFpMTAyNCUyMTJpNzY4JTIxNGYxMy4xJTIxM20zJTIxMW0yJTIxMXMweDAlMjUzQTB4NTAzYzUyZGQ5NGVmOWMzYyUyMTJzRW5lcmNvbiUyNTIwU3JsJTIxNWUwJTIxM20yJTIxMXNpdCUyMTJzaXQlMjE0djE2NTgzMTIzMzA1OTElMjE1bTIlMjExc2l0JTIxMnNpdCUyMiUyMHdpZHRoJTNEJTIyMTAwJTI1JTIyJTIwaGVpZ2h0JTNEJTIyNTAwJTIyJTIwc3R5bGUlM0QlMjJib3JkZXIlM0EwJTNCJTIyJTIwYWxsb3dmdWxsc2NyZWVuJTNEJTIyJTIyJTIwbG9hZGluZyUzRCUyMmxhenklMjIlMjByZWZlcnJlcnBvbGljeSUzRCUyMm5vLXJlZmVycmVyLXdoZW4tZG93bmdyYWRlJTIyJTNFJTNDJTJGaWZyYW1lJTNF&#8221;][\/vc_column][\/vc_row]<\/p>\n","protected":false},"excerpt":{"rendered":"<p>[vc_row pix_padding_top=&#8221;padding No&#8221; pix_padding_bottom=&#8221;padding No&#8221; gradient_colors=&#8221;%5B%7B%7D%5D&#8221; css=&#8221;.vc_custom_1658926433463{background-color: #f7f7f7 !important;}&#8221;][vc_column width=&#8221;1\/2&#8243; gradient_colors=&#8221;%5B%7B%7D%5D&#8221; css=&#8221;.vc_custom_1564856188150{padding-right: 33px !important;}&#8221;][common_icon_box style=&#8221;pix-ibox-top&#8221; radius=&#8221;pix-square&#8221; position_with_center=&#8221;pix-text-center&#8221; icon_type=&#8221;font&#8221; icon_pixfontawesome=&#8221;fa fa-map-marker-alt&#8221; link=&#8221;|title:Prices||&#8221; title=&#8221;Merkez Ofis \/ \u00dcretim&#8221; css=&#8221;.vc_custom_1658926485377{background-color: #f7f7f7 !important;}&#8221;] Enercon S.r.l. Via Fornasina, 60 25080 Muscoline (BS) Italya[\/common_icon_box][\/vc_column][vc_column width=&#8221;1\/2&#8243; gradient_colors=&#8221;%5B%7B%7D%5D&#8221; css=&#8221;.vc_custom_1564856231536{padding-right: 18px !important;padding-left: 17px !important;}&#8221;][common_icon_box style=&#8221;pix-ibox-top&#8221; radius=&#8221;pix-square&#8221; position_with_center=&#8221;pix-text-center&#8221; icon_type=&#8221;font&#8221; icon_pixfontawesome=&#8221;fa fa-address-book&#8221; link=&#8221;|title:Prices||&#8221; title=&#8221;\u0130leti\u015fim bilgileri&#8221; css=&#8221;.vc_custom_1658914891831{background-color: #f7f7f7 [&hellip;]<\/p>\n","protected":false},"author":1,"featured_media":0,"parent":0,"menu_order":0,"comment_status":"closed","ping_status":"closed","template":"","meta":{"inline_featured_image":false,"footnotes":""},"class_list":["post-9968","page","type-page","status-publish","hentry"],"yoast_head":"<!-- This site is optimized with the Yoast SEO plugin v23.8 - https:\/\/yoast.com\/wordpress\/plugins\/seo\/ -->\n<title>Bize ula\u015f\u0131n | Enercon<\/title>\n<meta name=\"description\" content=\"Bizimle ileti\u015fime ge\u00e7in ve vakum ve end\u00fcstriyel hidrolik hizmetlerimiz hakk\u0131nda bilgi al\u0131n. Yurt d\u0131\u015f\u0131nda da \u00e7al\u0131\u015f\u0131yoruz. Bizden hi\u00e7bir y\u00fck\u00fcml\u00fcl\u00fck alt\u0131na girmeden fiyat teklifi isteyin.\" \/>\n<meta name=\"robots\" content=\"index, follow, max-snippet:-1, max-image-preview:large, max-video-preview:-1\" \/>\n<link rel=\"canonical\" href=\"https:\/\/enercon.it\/tr\/bize-ulasin\/\" \/>\n<meta property=\"og:locale\" content=\"tr_TR\" \/>\n<meta property=\"og:type\" content=\"article\" \/>\n<meta property=\"og:title\" content=\"Bize ula\u015f\u0131n | Enercon\" \/>\n<meta property=\"og:description\" content=\"Bizimle ileti\u015fime ge\u00e7in ve vakum ve end\u00fcstriyel hidrolik hizmetlerimiz hakk\u0131nda bilgi al\u0131n. Yurt d\u0131\u015f\u0131nda da \u00e7al\u0131\u015f\u0131yoruz. Bizden hi\u00e7bir y\u00fck\u00fcml\u00fcl\u00fck alt\u0131na girmeden fiyat teklifi isteyin.\" \/>\n<meta property=\"og:url\" content=\"https:\/\/enercon.it\/tr\/bize-ulasin\/\" \/>\n<meta property=\"og:site_name\" content=\"Enercon\" \/>\n<meta property=\"article:modified_time\" content=\"2022-11-29T14:59:18+00:00\" \/>\n<meta name=\"twitter:card\" content=\"summary_large_image\" \/>\n<meta name=\"twitter:label1\" content=\"Tahmini okuma s\u00fcresi\" \/>\n\t<meta name=\"twitter:data1\" content=\"2 dakika\" \/>\n<script type=\"application\/ld+json\" class=\"yoast-schema-graph\">{\"@context\":\"https:\/\/schema.org\",\"@graph\":[{\"@type\":\"WebPage\",\"@id\":\"https:\/\/enercon.it\/tr\/bize-ulasin\/\",\"url\":\"https:\/\/enercon.it\/tr\/bize-ulasin\/\",\"name\":\"Bize ula\u015f\u0131n | Enercon\",\"isPartOf\":{\"@id\":\"https:\/\/enercon.it\/#website\"},\"datePublished\":\"2022-05-17T08:38:15+00:00\",\"dateModified\":\"2022-11-29T14:59:18+00:00\",\"description\":\"Bizimle ileti\u015fime ge\u00e7in ve vakum ve end\u00fcstriyel hidrolik hizmetlerimiz hakk\u0131nda bilgi al\u0131n. Yurt d\u0131\u015f\u0131nda da \u00e7al\u0131\u015f\u0131yoruz. Bizden hi\u00e7bir y\u00fck\u00fcml\u00fcl\u00fck alt\u0131na girmeden fiyat teklifi isteyin.\",\"breadcrumb\":{\"@id\":\"https:\/\/enercon.it\/tr\/bize-ulasin\/#breadcrumb\"},\"inLanguage\":\"tr\",\"potentialAction\":[{\"@type\":\"ReadAction\",\"target\":[\"https:\/\/enercon.it\/tr\/bize-ulasin\/\"]}]},{\"@type\":\"BreadcrumbList\",\"@id\":\"https:\/\/enercon.it\/tr\/bize-ulasin\/#breadcrumb\",\"itemListElement\":[{\"@type\":\"ListItem\",\"position\":1,\"name\":\"Home\",\"item\":\"https:\/\/enercon.it\/tr\/\"},{\"@type\":\"ListItem\",\"position\":2,\"name\":\"Bize ula\u015f\u0131n\"}]},{\"@type\":\"WebSite\",\"@id\":\"https:\/\/enercon.it\/#website\",\"url\":\"https:\/\/enercon.it\/\",\"name\":\"Enercon\",\"description\":\"Depurazione di inquinanti atmosferici\",\"publisher\":{\"@id\":\"https:\/\/enercon.it\/#organization\"},\"potentialAction\":[{\"@type\":\"SearchAction\",\"target\":{\"@type\":\"EntryPoint\",\"urlTemplate\":\"https:\/\/enercon.it\/?s={search_term_string}\"},\"query-input\":{\"@type\":\"PropertyValueSpecification\",\"valueRequired\":true,\"valueName\":\"search_term_string\"}}],\"inLanguage\":\"tr\"},{\"@type\":\"Organization\",\"@id\":\"https:\/\/enercon.it\/#organization\",\"name\":\"Enercon S.r.l.\",\"url\":\"https:\/\/enercon.it\/\",\"logo\":{\"@type\":\"ImageObject\",\"inLanguage\":\"tr\",\"@id\":\"https:\/\/enercon.it\/#\/schema\/logo\/image\/\",\"url\":\"https:\/\/enercon.it\/wp-content\/uploads\/2022\/05\/logo-enercon.png\",\"contentUrl\":\"https:\/\/enercon.it\/wp-content\/uploads\/2022\/05\/logo-enercon.png\",\"width\":270,\"height\":110,\"caption\":\"Enercon S.r.l.\"},\"image\":{\"@id\":\"https:\/\/enercon.it\/#\/schema\/logo\/image\/\"}}]}<\/script>\n<!-- \/ Yoast SEO plugin. -->","yoast_head_json":{"title":"Bize ula\u015f\u0131n | Enercon","description":"Bizimle ileti\u015fime ge\u00e7in ve vakum ve end\u00fcstriyel hidrolik hizmetlerimiz hakk\u0131nda bilgi al\u0131n. Yurt d\u0131\u015f\u0131nda da \u00e7al\u0131\u015f\u0131yoruz. Bizden hi\u00e7bir y\u00fck\u00fcml\u00fcl\u00fck alt\u0131na girmeden fiyat teklifi isteyin.","robots":{"index":"index","follow":"follow","max-snippet":"max-snippet:-1","max-image-preview":"max-image-preview:large","max-video-preview":"max-video-preview:-1"},"canonical":"https:\/\/enercon.it\/tr\/bize-ulasin\/","og_locale":"tr_TR","og_type":"article","og_title":"Bize ula\u015f\u0131n | Enercon","og_description":"Bizimle ileti\u015fime ge\u00e7in ve vakum ve end\u00fcstriyel hidrolik hizmetlerimiz hakk\u0131nda bilgi al\u0131n. Yurt d\u0131\u015f\u0131nda da \u00e7al\u0131\u015f\u0131yoruz. Bizden hi\u00e7bir y\u00fck\u00fcml\u00fcl\u00fck alt\u0131na girmeden fiyat teklifi isteyin.","og_url":"https:\/\/enercon.it\/tr\/bize-ulasin\/","og_site_name":"Enercon","article_modified_time":"2022-11-29T14:59:18+00:00","twitter_card":"summary_large_image","twitter_misc":{"Tahmini okuma s\u00fcresi":"2 dakika"},"schema":{"@context":"https:\/\/schema.org","@graph":[{"@type":"WebPage","@id":"https:\/\/enercon.it\/tr\/bize-ulasin\/","url":"https:\/\/enercon.it\/tr\/bize-ulasin\/","name":"Bize ula\u015f\u0131n | Enercon","isPartOf":{"@id":"https:\/\/enercon.it\/#website"},"datePublished":"2022-05-17T08:38:15+00:00","dateModified":"2022-11-29T14:59:18+00:00","description":"Bizimle ileti\u015fime ge\u00e7in ve vakum ve end\u00fcstriyel hidrolik hizmetlerimiz hakk\u0131nda bilgi al\u0131n. Yurt d\u0131\u015f\u0131nda da \u00e7al\u0131\u015f\u0131yoruz. Bizden hi\u00e7bir y\u00fck\u00fcml\u00fcl\u00fck alt\u0131na girmeden fiyat teklifi isteyin.","breadcrumb":{"@id":"https:\/\/enercon.it\/tr\/bize-ulasin\/#breadcrumb"},"inLanguage":"tr","potentialAction":[{"@type":"ReadAction","target":["https:\/\/enercon.it\/tr\/bize-ulasin\/"]}]},{"@type":"BreadcrumbList","@id":"https:\/\/enercon.it\/tr\/bize-ulasin\/#breadcrumb","itemListElement":[{"@type":"ListItem","position":1,"name":"Home","item":"https:\/\/enercon.it\/tr\/"},{"@type":"ListItem","position":2,"name":"Bize ula\u015f\u0131n"}]},{"@type":"WebSite","@id":"https:\/\/enercon.it\/#website","url":"https:\/\/enercon.it\/","name":"Enercon","description":"Depurazione di inquinanti atmosferici","publisher":{"@id":"https:\/\/enercon.it\/#organization"},"potentialAction":[{"@type":"SearchAction","target":{"@type":"EntryPoint","urlTemplate":"https:\/\/enercon.it\/?s={search_term_string}"},"query-input":{"@type":"PropertyValueSpecification","valueRequired":true,"valueName":"search_term_string"}}],"inLanguage":"tr"},{"@type":"Organization","@id":"https:\/\/enercon.it\/#organization","name":"Enercon S.r.l.","url":"https:\/\/enercon.it\/","logo":{"@type":"ImageObject","inLanguage":"tr","@id":"https:\/\/enercon.it\/#\/schema\/logo\/image\/","url":"https:\/\/enercon.it\/wp-content\/uploads\/2022\/05\/logo-enercon.png","contentUrl":"https:\/\/enercon.it\/wp-content\/uploads\/2022\/05\/logo-enercon.png","width":270,"height":110,"caption":"Enercon S.r.l."},"image":{"@id":"https:\/\/enercon.it\/#\/schema\/logo\/image\/"}}]}},"_links":{"self":[{"href":"https:\/\/enercon.it\/tr\/wp-json\/wp\/v2\/pages\/9968"}],"collection":[{"href":"https:\/\/enercon.it\/tr\/wp-json\/wp\/v2\/pages"}],"about":[{"href":"https:\/\/enercon.it\/tr\/wp-json\/wp\/v2\/types\/page"}],"author":[{"embeddable":true,"href":"https:\/\/enercon.it\/tr\/wp-json\/wp\/v2\/users\/1"}],"replies":[{"embeddable":true,"href":"https:\/\/enercon.it\/tr\/wp-json\/wp\/v2\/comments?post=9968"}],"version-history":[{"count":2,"href":"https:\/\/enercon.it\/tr\/wp-json\/wp\/v2\/pages\/9968\/revisions"}],"predecessor-version":[{"id":9970,"href":"https:\/\/enercon.it\/tr\/wp-json\/wp\/v2\/pages\/9968\/revisions\/9970"}],"wp:attachment":[{"href":"https:\/\/enercon.it\/tr\/wp-json\/wp\/v2\/media?parent=9968"}],"curies":[{"name":"wp","href":"https:\/\/api.w.org\/{rel}","templated":true}]}}