{"id":9965,"date":"2022-07-19T14:56:54","date_gmt":"2022-07-19T14:56:54","guid":{"rendered":"https:\/\/enercon.it\/hava-dezenfeksiyon-sistemi\/"},"modified":"2022-12-22T10:23:31","modified_gmt":"2022-12-22T10:23:31","slug":"hava-dezenfeksiyon-sistemi","status":"publish","type":"page","link":"https:\/\/enercon.it\/tr\/hava-dezenfeksiyon-sistemi\/","title":{"rendered":"Hava dezenfeksiyon sistemi"},"content":{"rendered":"<p>[vc_row full_width=&#8221;stretch_row&#8221; pix_padding_top=&#8221;padding No&#8221; pix_padding_bottom=&#8221;padding No&#8221; gradient_colors=&#8221;%5B%7B%7D%5D&#8221; css=&#8221;.vc_custom_1658913073932{padding-top: 150px !important;padding-bottom: 150px !important;background-image: url(https:\/\/enercon.it\/wp-content\/uploads\/impianti-e-sistemi-sanificazione-aria-copia.jpg?id=6354) !important;background-position: center !important;background-repeat: no-repeat !important;background-size: cover !important;}&#8221;][vc_column][common_title title=&#8221;Hava dezenfeksiyon sistemi&#8221; color=&#8221;white-heading&#8221;][\/common_title][\/vc_column][\/vc_row][vc_row pix_padding_top=&#8221;padding No&#8221; pix_padding_bottom=&#8221;padding No&#8221; radius=&#8221;pix-rounded&#8221; overflow=&#8221;on&#8221; top_offset=&#8221;-100px&#8221; gradient_colors=&#8221;%5B%7B%7D%5D&#8221; shadow=&#8221;pix-shadow&#8221; shadow_values=&#8221;%5B%7B%22horizontal%22%3A%220%22%2C%22vertical%22%3A%222%22%2C%22blur%22%3A%2210%22%2C%22spread%22%3A%225px%22%2C%22color%22%3A%22%23000000%22%2C%22opacity%22%3A%2210%22%7D%5D&#8221;][vc_column pix_padding_top=&#8221;padding S&#8221; pix_padding_bottom=&#8221;padding S&#8221; gradient_colors=&#8221;%5B%7B%7D%5D&#8221; css=&#8221;.vc_custom_1652800232515{background-color: #ffffff !important;}&#8221;][vc_row_inner content_placement=&#8221;middle&#8221; gap=&#8221;35&#8243; gradient_colors=&#8221;%5B%7B%7D%5D&#8221; el_class=&#8221;swap-on-mobile&#8221;][vc_column_inner width=&#8221;1\/2&#8243;][common_video url=&#8221;https:\/\/www.youtube.com\/watch?v=0enhz2axRhs&#8221; color=&#8221;rgba(255,255,255,0.01)&#8221; video_opacity=&#8221;40&#8243; image=&#8221;6220&#8243; height=&#8221;400px&#8221;][\/common_video][\/vc_column_inner][vc_column_inner width=&#8221;1\/2&#8243;][vc_column_text]<span style=\"font-weight: 400;\">Enercon, personel ve \u00f6nemli \u00fcretim s\u00fcre\u00e7lerine ev sahipli\u011fi yapan m\u00fc\u015fterilerinin \u00e7al\u0131\u015fma ortam\u0131na \u00f6zen g\u00f6stermekten mutluluk duyar. SARS-Cov-2 koronavir\u00fcs\u00fc, herkesin sa\u011fl\u0131\u011f\u0131n soludu\u011fumuz \u015feylerden kaynakland\u0131\u011f\u0131n\u0131n fark\u0131na varmas\u0131n\u0131 sa\u011flad\u0131: <strong>Enercon Sanibox<\/strong> taraf\u0131ndan sunulan \u00f6nleme, <strong>fabrikalarda, ofislerde ve<\/strong> genel olarak \u00e7ok s\u0131k kullan\u0131lan ortamlarda <strong>g\u00fcvenli\u011fimiz<\/strong> i\u00e7in \u00f6nemli ve temeldir.<\/span><\/p>\n<p><span style=\"font-weight: 400;\">Enercon Sanibox, dielektrik bir malzeme ile ayr\u0131lm\u0131\u015f metal folyolara sahip silindirik t\u00fcplerden olu\u015fan jenerat\u00f6rler arac\u0131l\u0131\u011f\u0131yla oksitleyici, dolay\u0131s\u0131yla sanitize edici ve do\u011fal t\u00fcrler \u00fcreten bir cihazd\u0131r. Sal\u0131n\u0131ml\u0131 bir elektrik alan\u0131 taraf\u0131ndan enerjilendirilen h\u0131zl\u0131 par\u00e7ac\u0131klar aras\u0131ndaki \u00e7arpma veya \u00e7arp\u0131\u015fma yoluyla iyonizasyon s\u00fcrecine dayan\u0131r. Bu \u015fekilde ortaya \u00e7\u0131kan fenomen, organik u\u00e7ucu bile\u015fikler \u00fczerinde oksidored\u00fcksiyon reaksiyonlar\u0131n\u0131 tetikleyerek <strong>\u00e7evrede bulunan kirleticileri kalibre edilmi\u015f, boyutland\u0131r\u0131labilir bi\u00e7imde ve \u00f6l\u00e7\u00fclebilir etkiler ile azalt\u0131r.<\/strong> <\/span>[\/vc_column_text][\/vc_column_inner][\/vc_row_inner][\/vc_column][\/vc_row][vc_row][vc_column][common_title title=&#8221;Enercon Sanibox FAQ&#8221; position=&#8221;text-left&#8221;][\/common_title][vc_row_inner][vc_column_inner width=&#8221;1\/2&#8243;][common_tab_acc toggle_type=&#8221;accordion&#8221; collapse=&#8221;on&#8221; accordion=&#8221;%5B%7B%22label_a%22%3A%22Enercon+Sanibox+nedir%3F%22%2C%22content_a%22%3A%22Enercon+Sanibox%2C+vir%5Cu00fcsleri%2C+bakterileri%2C+k%5Cu00fcfleri%2C+mayalar%5Cu0131%2C+kimyasal+kirleticileri%2C+bakteriyel+endotoksinleri%2C+VOC%27leri+ve+kokular%5Cu0131+personel+i%5Cu00e7in+maksimum+g%5Cu00fcvenlikle+ortadan+kald%5Cu0131ran+bir+cihazd%5Cu0131r%3B+asl%5Cu0131nda+bu+cihaz+s%5Cu00fcrekli+olarak+ve+personelin+varl%5Cu0131%5Cu011f%5Cu0131nda+kullan%5Cu0131labilir.%22%2C%22tab_id_a%22%3A%221884597823%22%7D%2C%7B%22label_a%22%3A%22Sanibox%27%5Cu0131n+sertifikalar%5Cu0131+nelerdir%3F%22%2C%22content_a%22%3A%22Bioxigen%5Cu00ae+teknolojisi+ve+Sanibox%27%5Cu0131n+%5Cu00e7ekirde%5Cu011fi+sadece+T%5Cu00dcV+Profi-Cert+sertifikas%5Cu0131na+sahip+olmakla+kalmam%5Cu0131%5Cu015f%2C+ayn%5Cu0131+zamanda+COVID-19%27a+kar%5Cu015f%5Cu0131+da+test+edilmi%5Cu015ftir+%28%5Cu00f6zel+bir+laboratuvarda+EN16777-2019%27a+g%5Cu00f6re%29.+Sonu%5Cu00e7lar%2C+sistemin+Koronavir%5Cu00fcs+SARS-Cov-2+de+dahil+olmak+%5Cu00fczere+t%5Cu00fcm+vir%5Cu00fcslere+kar%5Cu015f%5Cu0131+etkili+oldu%5Cu011funu+g%5Cu00f6stermi%5Cu015ftir.%22%2C%22tab_id_a%22%3A%221713035642%22%7D%2C%7B%22label_a%22%3A%22Sanibox%27%5Cu0131n+faydalar%5Cu0131+nelerdir%3F%22%2C%22content_a%22%3A%22Bioxigen%5Cu00ae+teknolojisine+sahip+Enercon+Sanibox%2C+hava+kalitesini+art%5Cu0131ran+ve+hem+monte+edildi%5Cu011fi+borular%5Cu0131n%2C+filtrelerin%2C+AHU%27lar%5Cu0131n+vb.+i%5Cu00e7+y%5Cu00fczeylerini+hem+de+ta%5Cu015f%5Cu0131nan+havay%5Cu0131+dekontamine+eden+sanitize+edici+ve+antibakteriyel+bir+etki+sundu%5Cu011fu+i%5Cu00e7in+%5Cu015firketteki+personelin+sa%5Cu011fl%5Cu0131%5Cu011f%5Cu0131n%5Cu0131+korur.+%22%2C%22tab_id_a%22%3A%22682159177%22%7D%5D&#8221;][\/vc_column_inner][vc_column_inner width=&#8221;1\/2&#8243;][common_tab_acc toggle_type=&#8221;accordion&#8221; collapse=&#8221;on&#8221; accordion=&#8221;%5B%7B%22label_a%22%3A%22Enercon+Sanibox+nereye+monte+edilir%3F%22%2C%22content_a%22%3A%22%3Cp%3EBioxigen%5Cu00ae+teknolojisine+sahip+Enercon+Sanibox%2C+%5Cu00fcretim+departman%5Cu0131n%5Cu0131zda+%28kal%5Cu0131p+d%5Cu00f6k%5Cu00fcm%2C+i%5Cu015fleme%2C+depo%29%2C+dahili+hava+sirk%5Cu00fclasyonlu+t%5Cu00fcm+emi%5Cu015f+ve+filtreleme+sistemlerinize+%28hem+kendi+hem+de+%5Cu00fc%5Cu00e7%5Cu00fcnc%5Cu00fc+taraf%29%2C+tak%5Cu0131m+tezgahlar%5Cu0131n%5Cu0131za%2C+klima+sistemlerinize%2C+da%5Cu011f%5Cu0131t%5Cu0131m+kanallar%5Cu0131n%5Cu0131za%2C+AHU%27lara+ve+ofislerdeki%2C+at%5Cu00f6lyelerdeki%2C+fabrikalardaki+fan+coil%27lere+kolayca+kurulabilir.%3C%5C%2Fp%3E%5Cn%5Cn%3Cp%3EMobil+tekerlekli+sistem%2C+kantinlerinizde%2C+konferans+salonlar%5Cu0131n%5Cu0131zda%2C+toplant%5Cu0131+salonlar%5Cu0131n%5Cu0131zda+1.000+m%5Cu00b3%5C%2Fsaatten+10.000+m%5Cu00b3%5C%2Fsaate+kadar+mod%5Cu00fcler+kapasiteler+i%5Cu00e7in+ihtiya%5Cu00e7lar%5Cu0131n%5Cu0131za+g%5Cu00f6re+ta%5Cu015f%5Cu0131nabilir.%3C%5C%2Fp%3E%5Cn%22%2C%22tab_id_a%22%3A%221895725041%22%7D%2C%7B%22label_a%22%3A%22Sonu%5Cu00e7lar+ne+oldu%3F%22%2C%22content_a%22%3A%22Olumlu+geri+bildirimler+%5Cu00e7ok+y%5Cu00f6nl%5Cu00fcd%5Cu00fcr%2C+en+%5Cu00f6nemlilerinden+biri+de+%5Cu00e7al%5Cu0131%5Cu015fma+ortam%5Cu0131ndaki+personelin+sa%5Cu011fl%5Cu0131%5Cu011f%5Cu0131+%5Cu00fczerindeki+olumlu+etkisidir+ve+bu+da+%5Cu015firket+verimlili%5Cu011fi+%5Cu00fczerinde+olumlu+bir+etkiye+sahiptir.+Ayr%5Cu0131ca+havadaki+do%5Cu011fru+iyonik+dengeyi+yeniden+kurarak+solunum+fonksiyonlar%5Cu0131nda+iyile%5Cu015fme%2C+uyku+kalitesi+ve+ba%5Cu015f+a%5Cu011fr%5Cu0131lar%5Cu0131nda+azalma+gibi+insanlar%5Cu0131n+genel+sa%5Cu011fl%5Cu0131%5Cu011f%5Cu0131nda+iyile%5Cu015fmeler+sa%5Cu011flar.%22%2C%22tab_id_a%22%3A%22416424358%22%7D%5D&#8221;][\/vc_column_inner][\/vc_row_inner][\/vc_column][\/vc_row][vc_row pix_padding_top=&#8221;padding No&#8221; gradient_colors=&#8221;%5B%7B%7D%5D&#8221;][vc_column][common_title title=&#8221;Veri sayfas\u0131n\u0131 indirin&#8221;][\/common_title][common_button text=&#8221;Sanibox veri sayfas\u0131&#8221; link=&#8221;url:https%3A%2F%2Fenercon.it%2Fwp-content%2Fuploads%2Fdownload%2Fen%2FEnercon_sanibox_en.pdf|target:_blank&#8221; size_v=&#8221;pix-v-l&#8221; position=&#8221;pix-text-center&#8221; css=&#8221;.vc_custom_1671704608186{margin-top: 10px !important;margin-bottom: 10px !important;}&#8221;][\/vc_column][\/vc_row][vc_row full_width=&#8221;stretch_row&#8221; gap=&#8221;5&#8243; content_placement=&#8221;middle&#8221; pix_padding_bottom=&#8221;padding No&#8221; gradient_colors=&#8221;%5B%7B%7D%5D&#8221;][vc_column gradient_colors=&#8221;%5B%7B%7D%5D&#8221; offset=&#8221;vc_hidden-xs&#8221;][common_title title=&#8221;Galeriye g\u00f6z at\u0131n&#8221;][\/common_title][vc_media_grid style=&#8221;pagination&#8221; items_per_page=&#8221;4&#8243; element_width=&#8221;3&#8243; gap=&#8221;10&#8243; arrows_design=&#8221;vc_arrow-icon-arrow_01_left&#8221; arrows_position=&#8221;outside&#8221; arrows_color=&#8221;black&#8221; loop=&#8221;yes&#8221; grid_id=&#8221;vc_gid:1671704595620-ab9e8ea629b1d3d1d48a9e8dbdadc739-3&#8243; include=&#8221;6221,6223,6225,6226&#8243;][\/vc_column][\/vc_row][vc_row full_width=&#8221;stretch_row&#8221; gap=&#8221;5&#8243; content_placement=&#8221;middle&#8221; pix_padding_bottom=&#8221;padding No&#8221; gradient_colors=&#8221;%5B%7B%7D%5D&#8221;][vc_column gradient_colors=&#8221;%5B%7B%7D%5D&#8221; offset=&#8221;vc_hidden-lg vc_hidden-md vc_hidden-sm&#8221;][common_title title=&#8221;Galeriye g\u00f6z at\u0131n&#8221;][\/common_title][vc_media_grid style=&#8221;pagination&#8221; items_per_page=&#8221;1&#8243; element_width=&#8221;12&#8243; gap=&#8221;10&#8243; arrows_design=&#8221;vc_arrow-icon-arrow_01_left&#8221; arrows_position=&#8221;outside&#8221; arrows_color=&#8221;black&#8221; loop=&#8221;yes&#8221; grid_id=&#8221;vc_gid:1671704595681-8b9dcd8056adb858e5302e9af2481e9a-3&#8243; include=&#8221;6221,6223,6225,6226&#8243;][\/vc_column][\/vc_row][vc_row full_width=&#8221;stretch_row&#8221; pix_padding_top=&#8221;padding M&#8221; pix_padding_bottom=&#8221;padding M&#8221; gradient_colors=&#8221;%5B%7B%7D%5D&#8221; pix_padding=&#8221;pix-padding-both&#8221; pix_padding_size=&#8221;pix-padding-xl&#8221; css=&#8221;.vc_custom_1658389011442{background-color: #f7f7f7 !important;}&#8221;][vc_column][common_title title=&#8221;Daha fazla bilgi i\u00e7in bize ula\u015f\u0131n&#8221; padding=&#8221;off&#8221;][\/common_title][common_cform7 form_id=&#8221;1768&#8243; box_gap=&#8221;50&#8243;][\/vc_column][\/vc_row]<\/p>\n","protected":false},"excerpt":{"rendered":"<p>[vc_row full_width=&#8221;stretch_row&#8221; pix_padding_top=&#8221;padding No&#8221; pix_padding_bottom=&#8221;padding No&#8221; gradient_colors=&#8221;%5B%7B%7D%5D&#8221; css=&#8221;.vc_custom_1658913073932{padding-top: 150px !important;padding-bottom: 150px !important;background-image: url(https:\/\/enercon.it\/wp-content\/uploads\/impianti-e-sistemi-sanificazione-aria-copia.jpg?id=6354) !important;background-position: center !important;background-repeat: no-repeat !important;background-size: cover !important;}&#8221;][vc_column][common_title title=&#8221;Hava dezenfeksiyon sistemi&#8221; color=&#8221;white-heading&#8221;][\/common_title][\/vc_column][\/vc_row][vc_row pix_padding_top=&#8221;padding No&#8221; pix_padding_bottom=&#8221;padding No&#8221; radius=&#8221;pix-rounded&#8221; overflow=&#8221;on&#8221; top_offset=&#8221;-100px&#8221; gradient_colors=&#8221;%5B%7B%7D%5D&#8221; shadow=&#8221;pix-shadow&#8221; shadow_values=&#8221;%5B%7B%22horizontal%22%3A%220%22%2C%22vertical%22%3A%222%22%2C%22blur%22%3A%2210%22%2C%22spread%22%3A%225px%22%2C%22color%22%3A%22%23000000%22%2C%22opacity%22%3A%2210%22%7D%5D&#8221;][vc_column pix_padding_top=&#8221;padding S&#8221; pix_padding_bottom=&#8221;padding S&#8221; gradient_colors=&#8221;%5B%7B%7D%5D&#8221; css=&#8221;.vc_custom_1652800232515{background-color: #ffffff !important;}&#8221;][vc_row_inner content_placement=&#8221;middle&#8221; gap=&#8221;35&#8243; gradient_colors=&#8221;%5B%7B%7D%5D&#8221; el_class=&#8221;swap-on-mobile&#8221;][vc_column_inner width=&#8221;1\/2&#8243;][common_video url=&#8221;https:\/\/www.youtube.com\/watch?v=0enhz2axRhs&#8221; color=&#8221;rgba(255,255,255,0.01)&#8221; video_opacity=&#8221;40&#8243; image=&#8221;6220&#8243; height=&#8221;400px&#8221;][\/common_video][\/vc_column_inner][vc_column_inner width=&#8221;1\/2&#8243;][vc_column_text]Enercon, personel ve [&hellip;]<\/p>\n","protected":false},"author":1,"featured_media":9386,"parent":0,"menu_order":0,"comment_status":"closed","ping_status":"closed","template":"page-home.php","meta":{"inline_featured_image":false,"footnotes":""},"class_list":["post-9965","page","type-page","status-publish","has-post-thumbnail","hentry"],"yoast_head":"<!-- This site is optimized with the Yoast SEO plugin v23.8 - https:\/\/yoast.com\/wordpress\/plugins\/seo\/ -->\n<title>Hava dezenfeksiyon sistemi | Enercon<\/title>\n<meta name=\"description\" content=\"Enercon end\u00fcstriyel sanitasyon cihazlar\u0131 \u00fcretmektedir. Ortamdaki kirleticileri indirgeyerek oksidasyon reaksiyonlar\u0131 olu\u015fturur. Buraya t\u0131klay\u0131n.\" \/>\n<meta name=\"robots\" content=\"index, follow, max-snippet:-1, max-image-preview:large, max-video-preview:-1\" \/>\n<link rel=\"canonical\" href=\"https:\/\/enercon.it\/tr\/hava-dezenfeksiyon-sistemi\/\" \/>\n<meta property=\"og:locale\" content=\"tr_TR\" \/>\n<meta property=\"og:type\" content=\"article\" \/>\n<meta property=\"og:title\" content=\"Hava dezenfeksiyon sistemi | Enercon\" \/>\n<meta property=\"og:description\" content=\"Enercon end\u00fcstriyel sanitasyon cihazlar\u0131 \u00fcretmektedir. Ortamdaki kirleticileri indirgeyerek oksidasyon reaksiyonlar\u0131 olu\u015fturur. Buraya t\u0131klay\u0131n.\" \/>\n<meta property=\"og:url\" content=\"https:\/\/enercon.it\/tr\/hava-dezenfeksiyon-sistemi\/\" \/>\n<meta property=\"og:site_name\" content=\"Enercon\" \/>\n<meta property=\"article:modified_time\" content=\"2022-12-22T10:23:31+00:00\" \/>\n<meta property=\"og:image\" content=\"https:\/\/enercon.it\/wp-content\/uploads\/sanibox-installato-2.jpg\" \/>\n\t<meta property=\"og:image:width\" content=\"900\" \/>\n\t<meta property=\"og:image:height\" content=\"600\" \/>\n\t<meta property=\"og:image:type\" content=\"image\/jpeg\" \/>\n<meta name=\"twitter:card\" content=\"summary_large_image\" \/>\n<meta name=\"twitter:label1\" content=\"Tahmini okuma s\u00fcresi\" \/>\n\t<meta name=\"twitter:data1\" content=\"7 dakika\" \/>\n<script type=\"application\/ld+json\" class=\"yoast-schema-graph\">{\"@context\":\"https:\/\/schema.org\",\"@graph\":[{\"@type\":\"WebPage\",\"@id\":\"https:\/\/enercon.it\/tr\/hava-dezenfeksiyon-sistemi\/\",\"url\":\"https:\/\/enercon.it\/tr\/hava-dezenfeksiyon-sistemi\/\",\"name\":\"Hava dezenfeksiyon sistemi | Enercon\",\"isPartOf\":{\"@id\":\"https:\/\/enercon.it\/#website\"},\"primaryImageOfPage\":{\"@id\":\"https:\/\/enercon.it\/tr\/hava-dezenfeksiyon-sistemi\/#primaryimage\"},\"image\":{\"@id\":\"https:\/\/enercon.it\/tr\/hava-dezenfeksiyon-sistemi\/#primaryimage\"},\"thumbnailUrl\":\"https:\/\/enercon.it\/wp-content\/uploads\/sanibox-installato-2.jpg\",\"datePublished\":\"2022-07-19T14:56:54+00:00\",\"dateModified\":\"2022-12-22T10:23:31+00:00\",\"description\":\"Enercon end\u00fcstriyel sanitasyon cihazlar\u0131 \u00fcretmektedir. Ortamdaki kirleticileri indirgeyerek oksidasyon reaksiyonlar\u0131 olu\u015fturur. Buraya t\u0131klay\u0131n.\",\"breadcrumb\":{\"@id\":\"https:\/\/enercon.it\/tr\/hava-dezenfeksiyon-sistemi\/#breadcrumb\"},\"inLanguage\":\"tr\",\"potentialAction\":[{\"@type\":\"ReadAction\",\"target\":[\"https:\/\/enercon.it\/tr\/hava-dezenfeksiyon-sistemi\/\"]}]},{\"@type\":\"ImageObject\",\"inLanguage\":\"tr\",\"@id\":\"https:\/\/enercon.it\/tr\/hava-dezenfeksiyon-sistemi\/#primaryimage\",\"url\":\"https:\/\/enercon.it\/wp-content\/uploads\/sanibox-installato-2.jpg\",\"contentUrl\":\"https:\/\/enercon.it\/wp-content\/uploads\/sanibox-installato-2.jpg\",\"width\":900,\"height\":600},{\"@type\":\"BreadcrumbList\",\"@id\":\"https:\/\/enercon.it\/tr\/hava-dezenfeksiyon-sistemi\/#breadcrumb\",\"itemListElement\":[{\"@type\":\"ListItem\",\"position\":1,\"name\":\"Home\",\"item\":\"https:\/\/enercon.it\/tr\/\"},{\"@type\":\"ListItem\",\"position\":2,\"name\":\"Hava dezenfeksiyon sistemi\"}]},{\"@type\":\"WebSite\",\"@id\":\"https:\/\/enercon.it\/#website\",\"url\":\"https:\/\/enercon.it\/\",\"name\":\"Enercon\",\"description\":\"Depurazione di inquinanti atmosferici\",\"publisher\":{\"@id\":\"https:\/\/enercon.it\/#organization\"},\"potentialAction\":[{\"@type\":\"SearchAction\",\"target\":{\"@type\":\"EntryPoint\",\"urlTemplate\":\"https:\/\/enercon.it\/?s={search_term_string}\"},\"query-input\":{\"@type\":\"PropertyValueSpecification\",\"valueRequired\":true,\"valueName\":\"search_term_string\"}}],\"inLanguage\":\"tr\"},{\"@type\":\"Organization\",\"@id\":\"https:\/\/enercon.it\/#organization\",\"name\":\"Enercon S.r.l.\",\"url\":\"https:\/\/enercon.it\/\",\"logo\":{\"@type\":\"ImageObject\",\"inLanguage\":\"tr\",\"@id\":\"https:\/\/enercon.it\/#\/schema\/logo\/image\/\",\"url\":\"https:\/\/enercon.it\/wp-content\/uploads\/2022\/05\/logo-enercon.png\",\"contentUrl\":\"https:\/\/enercon.it\/wp-content\/uploads\/2022\/05\/logo-enercon.png\",\"width\":270,\"height\":110,\"caption\":\"Enercon S.r.l.\"},\"image\":{\"@id\":\"https:\/\/enercon.it\/#\/schema\/logo\/image\/\"}}]}<\/script>\n<!-- \/ Yoast SEO plugin. -->","yoast_head_json":{"title":"Hava dezenfeksiyon sistemi | Enercon","description":"Enercon end\u00fcstriyel sanitasyon cihazlar\u0131 \u00fcretmektedir. Ortamdaki kirleticileri indirgeyerek oksidasyon reaksiyonlar\u0131 olu\u015fturur. Buraya t\u0131klay\u0131n.","robots":{"index":"index","follow":"follow","max-snippet":"max-snippet:-1","max-image-preview":"max-image-preview:large","max-video-preview":"max-video-preview:-1"},"canonical":"https:\/\/enercon.it\/tr\/hava-dezenfeksiyon-sistemi\/","og_locale":"tr_TR","og_type":"article","og_title":"Hava dezenfeksiyon sistemi | Enercon","og_description":"Enercon end\u00fcstriyel sanitasyon cihazlar\u0131 \u00fcretmektedir. Ortamdaki kirleticileri indirgeyerek oksidasyon reaksiyonlar\u0131 olu\u015fturur. Buraya t\u0131klay\u0131n.","og_url":"https:\/\/enercon.it\/tr\/hava-dezenfeksiyon-sistemi\/","og_site_name":"Enercon","article_modified_time":"2022-12-22T10:23:31+00:00","og_image":[{"width":900,"height":600,"url":"https:\/\/enercon.it\/wp-content\/uploads\/sanibox-installato-2.jpg","type":"image\/jpeg"}],"twitter_card":"summary_large_image","twitter_misc":{"Tahmini okuma s\u00fcresi":"7 dakika"},"schema":{"@context":"https:\/\/schema.org","@graph":[{"@type":"WebPage","@id":"https:\/\/enercon.it\/tr\/hava-dezenfeksiyon-sistemi\/","url":"https:\/\/enercon.it\/tr\/hava-dezenfeksiyon-sistemi\/","name":"Hava dezenfeksiyon sistemi | Enercon","isPartOf":{"@id":"https:\/\/enercon.it\/#website"},"primaryImageOfPage":{"@id":"https:\/\/enercon.it\/tr\/hava-dezenfeksiyon-sistemi\/#primaryimage"},"image":{"@id":"https:\/\/enercon.it\/tr\/hava-dezenfeksiyon-sistemi\/#primaryimage"},"thumbnailUrl":"https:\/\/enercon.it\/wp-content\/uploads\/sanibox-installato-2.jpg","datePublished":"2022-07-19T14:56:54+00:00","dateModified":"2022-12-22T10:23:31+00:00","description":"Enercon end\u00fcstriyel sanitasyon cihazlar\u0131 \u00fcretmektedir. Ortamdaki kirleticileri indirgeyerek oksidasyon reaksiyonlar\u0131 olu\u015fturur. Buraya t\u0131klay\u0131n.","breadcrumb":{"@id":"https:\/\/enercon.it\/tr\/hava-dezenfeksiyon-sistemi\/#breadcrumb"},"inLanguage":"tr","potentialAction":[{"@type":"ReadAction","target":["https:\/\/enercon.it\/tr\/hava-dezenfeksiyon-sistemi\/"]}]},{"@type":"ImageObject","inLanguage":"tr","@id":"https:\/\/enercon.it\/tr\/hava-dezenfeksiyon-sistemi\/#primaryimage","url":"https:\/\/enercon.it\/wp-content\/uploads\/sanibox-installato-2.jpg","contentUrl":"https:\/\/enercon.it\/wp-content\/uploads\/sanibox-installato-2.jpg","width":900,"height":600},{"@type":"BreadcrumbList","@id":"https:\/\/enercon.it\/tr\/hava-dezenfeksiyon-sistemi\/#breadcrumb","itemListElement":[{"@type":"ListItem","position":1,"name":"Home","item":"https:\/\/enercon.it\/tr\/"},{"@type":"ListItem","position":2,"name":"Hava dezenfeksiyon sistemi"}]},{"@type":"WebSite","@id":"https:\/\/enercon.it\/#website","url":"https:\/\/enercon.it\/","name":"Enercon","description":"Depurazione di inquinanti atmosferici","publisher":{"@id":"https:\/\/enercon.it\/#organization"},"potentialAction":[{"@type":"SearchAction","target":{"@type":"EntryPoint","urlTemplate":"https:\/\/enercon.it\/?s={search_term_string}"},"query-input":{"@type":"PropertyValueSpecification","valueRequired":true,"valueName":"search_term_string"}}],"inLanguage":"tr"},{"@type":"Organization","@id":"https:\/\/enercon.it\/#organization","name":"Enercon S.r.l.","url":"https:\/\/enercon.it\/","logo":{"@type":"ImageObject","inLanguage":"tr","@id":"https:\/\/enercon.it\/#\/schema\/logo\/image\/","url":"https:\/\/enercon.it\/wp-content\/uploads\/2022\/05\/logo-enercon.png","contentUrl":"https:\/\/enercon.it\/wp-content\/uploads\/2022\/05\/logo-enercon.png","width":270,"height":110,"caption":"Enercon S.r.l."},"image":{"@id":"https:\/\/enercon.it\/#\/schema\/logo\/image\/"}}]}},"_links":{"self":[{"href":"https:\/\/enercon.it\/tr\/wp-json\/wp\/v2\/pages\/9965"}],"collection":[{"href":"https:\/\/enercon.it\/tr\/wp-json\/wp\/v2\/pages"}],"about":[{"href":"https:\/\/enercon.it\/tr\/wp-json\/wp\/v2\/types\/page"}],"author":[{"embeddable":true,"href":"https:\/\/enercon.it\/tr\/wp-json\/wp\/v2\/users\/1"}],"replies":[{"embeddable":true,"href":"https:\/\/enercon.it\/tr\/wp-json\/wp\/v2\/comments?post=9965"}],"version-history":[{"count":7,"href":"https:\/\/enercon.it\/tr\/wp-json\/wp\/v2\/pages\/9965\/revisions"}],"predecessor-version":[{"id":10284,"href":"https:\/\/enercon.it\/tr\/wp-json\/wp\/v2\/pages\/9965\/revisions\/10284"}],"wp:featuredmedia":[{"embeddable":true,"href":"https:\/\/enercon.it\/tr\/wp-json\/wp\/v2\/media\/9386"}],"wp:attachment":[{"href":"https:\/\/enercon.it\/tr\/wp-json\/wp\/v2\/media?parent=9965"}],"curies":[{"name":"wp","href":"https:\/\/api.w.org\/{rel}","templated":true}]}}