{"id":9953,"date":"2022-05-17T15:41:29","date_gmt":"2022-05-17T15:41:29","guid":{"rendered":"https:\/\/enercon.it\/yukle\/"},"modified":"2026-02-20T08:55:53","modified_gmt":"2026-02-20T08:55:53","slug":"yukle","status":"publish","type":"page","link":"https:\/\/enercon.it\/tr\/yukle\/","title":{"rendered":"Y\u00fckle"},"content":{"rendered":"<p>[vc_row][vc_column][common_title title=&#8221;Teknik kartlar&#8221; position=&#8221;text-left&#8221; subtitle=&#8221;Y\u00fckle&#8221;][\/common_title][vc_row_inner gradient_colors=&#8221;%5B%7B%7D%5D&#8221; el_class=&#8221;download&#8221;][vc_column_inner width=&#8221;1\/2&#8243;][common_icon_box style=&#8221;pix-ibox-title-side&#8221; icon_type=&#8221;font&#8221; icon_pixfontawesome=&#8221;fa fa-file-pdf&#8221; link=&#8221;url:https%3A%2F%2Fenercon.it%2Fwp-content%2Fuploads%2FWEB_SCHEDE_ENG.pdf|target:_blank&#8221; title=&#8221;\u015eirket bro\u015f\u00fcr\u00fc&#8221;][\/common_icon_box][common_icon_box style=&#8221;pix-ibox-title-side&#8221; icon_type=&#8221;font&#8221; icon_pixfontawesome=&#8221;fa fa-file-pdf&#8221; link=&#8221;url:https%3A%2F%2Fenercon.it%2Fwp-content%2Fuploads%2FWEB_DEPLIANT-ENG.pdf|target:_blank&#8221; title=&#8221;\u00d6zet bro\u015f\u00fcr\u00fc&#8221;][\/common_icon_box][common_icon_box style=&#8221;pix-ibox-title-side&#8221; icon_type=&#8221;font&#8221; icon_pixfontawesome=&#8221;fa fa-file-pdf&#8221; link=&#8221;url:https%3A%2F%2Fenercon.it%2Fwp-content%2Fuploads%2Fdownload%2Ftr%2Fpolveri-TOZ-EMME-VE-F%C4%B0LTRASYON-TES%C4%B0S%C4%B0.pdf&#8221; title=&#8221;Toz emme ve filtreleme ekipman\u0131 veri sayfas\u0131&#8221;][\/common_icon_box][common_icon_box style=&#8221;pix-ibox-title-side&#8221; icon_type=&#8221;font&#8221; icon_pixfontawesome=&#8221;fa fa-file-pdf&#8221; link=&#8221;url:https%3A%2F%2Fenercon.it%2Fwp-content%2Fuploads%2Fdownload%2FEnercon_Depliant_Idraulica-%2520ENG.pdf|target:_blank&#8221; title=&#8221;Hidrolik sistem teknik kart&#8221;][\/common_icon_box][\/vc_column_inner][vc_column_inner width=&#8221;1\/2&#8243;][common_icon_box style=&#8221;pix-ibox-title-side&#8221; icon_type=&#8221;font&#8221; icon_pixfontawesome=&#8221;fa fa-file-pdf&#8221; link=&#8221;url:https%3A%2F%2Fenercon.it%2Fwp-content%2Fuploads%2Fdownload%2Fscheda-tecnica-applicazioni-spaciali.pdf|target:_blank&#8221; title=&#8221;\u00d6zel uygulamalar teknik kart&#8221;][\/common_icon_box][common_icon_box style=&#8221;pix-ibox-title-side&#8221; icon_type=&#8221;font&#8221; icon_pixfontawesome=&#8221;fa fa-file-pdf&#8221; link=&#8221;url:https%3A%2F%2Fenercon.it%2Fwp-content%2Fuploads%2Fdownload%2Ftr%2Ffumi-DUMAN-EMME-VE-F%C4%B0LTRASYON-TES%C4%B0SLER%C4%B0_tr_yeni.pdf&#8221; title=&#8221;Duman emme ve filtrasyon sistemleri veri sayfas\u0131&#8221;][\/common_icon_box][common_icon_box style=&#8221;pix-ibox-title-side&#8221; icon_type=&#8221;font&#8221; icon_pixfontawesome=&#8221;fa fa-file-pdf&#8221; link=&#8221;url:https%3A%2F%2Fenercon.it%2Fwp-content%2Fuploads%2Fdownload%2Ftr%2Fnebbie-YA%C4%9ELI-%C4%B0S-EMME-VE-F%C4%B0LTRASYON-TES%C4%B0S%C4%B0.pdf|target:_blank&#8221; title=&#8221;Ya\u011f buhar\u0131 \u00e7\u0131karma ve filtreleme ekipman\u0131 i\u00e7in veri sayfas\u0131&#8221;][\/common_icon_box][common_icon_box style=&#8221;pix-ibox-title-side&#8221; icon_type=&#8221;font&#8221; icon_pixfontawesome=&#8221;fa fa-file-pdf&#8221; link=&#8221;url:https%3A%2F%2Fenercon.it%2Fwp-content%2Fuploads%2Fdownload%2Fen%2FEnercon_sanibox_en.pdf|target:_blank&#8221; title=&#8221;Sanibox veri sayfas\u0131&#8221;][\/common_icon_box][\/vc_column_inner][\/vc_row_inner][\/vc_column][\/vc_row][vc_row full_width=&#8221;stretch_row&#8221; gradient_colors=&#8221;%5B%7B%7D%5D&#8221; css=&#8221;.vc_custom_1660050812105{background-color: #f7f7f7 !important;}&#8221;][vc_column][common_title title=&#8221;Sertifikalar&#8221; position=&#8221;text-left&#8221; subtitle=&#8221;Y\u00fckle&#8221;][\/common_title][vc_row_inner gradient_colors=&#8221;%5B%7B%7D%5D&#8221; el_class=&#8221;download&#8221;][vc_column_inner width=&#8221;1\/2&#8243;][common_icon_box style=&#8221;pix-ibox-title-side&#8221; icon_type=&#8221;font&#8221; icon_pixfontawesome=&#8221;fa fa-file-pdf&#8221; icon_color=&#8221;pix-icon-default&#8221; link=&#8221;url:https%3A%2F%2Fenercon.it%2Fwp-content%2Fuploads%2FEnercon-Codice-Etico.pdf|target:_blank&#8221; title=&#8221;Etik Kurallar&#8221;][\/common_icon_box][common_icon_box style=&#8221;pix-ibox-title-side&#8221; icon_type=&#8221;font&#8221; icon_pixfontawesome=&#8221;fa fa-file-pdf&#8221; icon_color=&#8221;pix-icon-default&#8221; link=&#8221;url:https%3A%2F%2Fenercon.it%2Fwp-content%2Fuploads%2FCertificate-no.-3900372-ENG2024.pdf&#8221; title=&#8221;Sertifika No. 3900372 &#8211; EN1090&#8243;][\/common_icon_box][common_icon_box style=&#8221;pix-ibox-title-side&#8221; icon_type=&#8221;font&#8221; icon_pixfontawesome=&#8221;fa fa-file-pdf&#8221; icon_color=&#8221;pix-icon-default&#8221; link=&#8221;url:https%3A%2F%2Fenercon.it%2Fwp-content%2Fuploads%2FF49_391071537_web_v1_4ac5fdd8-5fa3-4a0c-9669-5d1890a35f34_en.pdf|target:_blank&#8221; title=&#8221;EN-ISO-3834 sertifikal\u0131&#8221;][\/common_icon_box][\/vc_column_inner][vc_column_inner width=&#8221;1\/2&#8243;][common_icon_box style=&#8221;pix-ibox-title-side&#8221; icon_type=&#8221;font&#8221; icon_pixfontawesome=&#8221;fa fa-file-pdf&#8221; icon_color=&#8221;pix-icon-default&#8221; link=&#8221;url:https%3A%2F%2Fenercon.it%2Fwp-content%2Fuploads%2Fdownload%2Fen%2Fquality-policy-en.pdf|target:_blank&#8221; title=&#8221;Kalite Politikas\u0131&#8221;][\/common_icon_box][common_icon_box style=&#8221;pix-ibox-title-side&#8221; icon_type=&#8221;font&#8221; icon_pixfontawesome=&#8221;fa fa-file-pdf&#8221; icon_color=&#8221;pix-icon-default&#8221; link=&#8221;url:https%3A%2F%2Fenercon.it%2Fwp-content%2Fuploads%2FCertificato-Enercon-Inglese-3.10.2026.pdf&#8221; title=&#8221;ISO 9001:2015 Sertifikas\u0131&#8221;][\/common_icon_box][\/vc_column_inner][\/vc_row_inner][\/vc_column][\/vc_row]<\/p>\n","protected":false},"excerpt":{"rendered":"<p>[vc_row][vc_column][common_title title=&#8221;Teknik kartlar&#8221; position=&#8221;text-left&#8221; subtitle=&#8221;Y\u00fckle&#8221;][\/common_title][vc_row_inner gradient_colors=&#8221;%5B%7B%7D%5D&#8221; el_class=&#8221;download&#8221;][vc_column_inner width=&#8221;1\/2&#8243;][common_icon_box style=&#8221;pix-ibox-title-side&#8221; icon_type=&#8221;font&#8221; icon_pixfontawesome=&#8221;fa fa-file-pdf&#8221; link=&#8221;url:https%3A%2F%2Fenercon.it%2Fwp-content%2Fuploads%2FWEB_SCHEDE_ENG.pdf|target:_blank&#8221; title=&#8221;\u015eirket bro\u015f\u00fcr\u00fc&#8221;][\/common_icon_box][common_icon_box style=&#8221;pix-ibox-title-side&#8221; icon_type=&#8221;font&#8221; icon_pixfontawesome=&#8221;fa fa-file-pdf&#8221; link=&#8221;url:https%3A%2F%2Fenercon.it%2Fwp-content%2Fuploads%2FWEB_DEPLIANT-ENG.pdf|target:_blank&#8221; title=&#8221;\u00d6zet bro\u015f\u00fcr\u00fc&#8221;][\/common_icon_box][common_icon_box style=&#8221;pix-ibox-title-side&#8221; icon_type=&#8221;font&#8221; icon_pixfontawesome=&#8221;fa fa-file-pdf&#8221; link=&#8221;url:https%3A%2F%2Fenercon.it%2Fwp-content%2Fuploads%2Fdownload%2Ftr%2Fpolveri-TOZ-EMME-VE-F%C4%B0LTRASYON-TES%C4%B0S%C4%B0.pdf&#8221; title=&#8221;Toz emme ve filtreleme ekipman\u0131 veri sayfas\u0131&#8221;][\/common_icon_box][common_icon_box style=&#8221;pix-ibox-title-side&#8221; icon_type=&#8221;font&#8221; icon_pixfontawesome=&#8221;fa fa-file-pdf&#8221; link=&#8221;url:https%3A%2F%2Fenercon.it%2Fwp-content%2Fuploads%2Fdownload%2FEnercon_Depliant_Idraulica-%2520ENG.pdf|target:_blank&#8221; title=&#8221;Hidrolik sistem teknik kart&#8221;][\/common_icon_box][\/vc_column_inner][vc_column_inner width=&#8221;1\/2&#8243;][common_icon_box style=&#8221;pix-ibox-title-side&#8221; icon_type=&#8221;font&#8221; icon_pixfontawesome=&#8221;fa fa-file-pdf&#8221; link=&#8221;url:https%3A%2F%2Fenercon.it%2Fwp-content%2Fuploads%2Fdownload%2Fscheda-tecnica-applicazioni-spaciali.pdf|target:_blank&#8221; title=&#8221;\u00d6zel uygulamalar teknik kart&#8221;][\/common_icon_box][common_icon_box style=&#8221;pix-ibox-title-side&#8221; icon_type=&#8221;font&#8221; [&hellip;]<\/p>\n","protected":false},"author":1,"featured_media":9354,"parent":0,"menu_order":0,"comment_status":"closed","ping_status":"closed","template":"","meta":{"inline_featured_image":false,"footnotes":""},"class_list":["post-9953","page","type-page","status-publish","has-post-thumbnail","hentry"],"yoast_head":"<!-- This site is optimized with the Yoast SEO plugin v23.8 - https:\/\/yoast.com\/wordpress\/plugins\/seo\/ -->\n<title>Veri Sayfalar\u0131 | Enercon<\/title>\n<meta name=\"description\" content=\"Hidrolik, toz emme ve filtreleme ekipmanlar\u0131na ili\u015fkin veri sayfalar\u0131na g\u00f6z at\u0131n. \u015eirket bro\u015f\u00fcr\u00fcn\u00fc okuyun. Daha fazlas\u0131n\u0131 \u00f6\u011frenin.\" \/>\n<meta name=\"robots\" content=\"index, follow, max-snippet:-1, max-image-preview:large, max-video-preview:-1\" \/>\n<link rel=\"canonical\" href=\"https:\/\/enercon.it\/tr\/yukle\/\" \/>\n<meta property=\"og:locale\" content=\"tr_TR\" \/>\n<meta property=\"og:type\" content=\"article\" \/>\n<meta property=\"og:title\" content=\"Veri Sayfalar\u0131 | Enercon\" \/>\n<meta property=\"og:description\" content=\"Hidrolik, toz emme ve filtreleme ekipmanlar\u0131na ili\u015fkin veri sayfalar\u0131na g\u00f6z at\u0131n. \u015eirket bro\u015f\u00fcr\u00fcn\u00fc okuyun. Daha fazlas\u0131n\u0131 \u00f6\u011frenin.\" \/>\n<meta property=\"og:url\" content=\"https:\/\/enercon.it\/tr\/yukle\/\" \/>\n<meta property=\"og:site_name\" content=\"Enercon\" \/>\n<meta property=\"article:modified_time\" content=\"2026-02-20T08:55:53+00:00\" \/>\n<meta property=\"og:image\" content=\"https:\/\/enercon.it\/wp-content\/uploads\/impianto-aspirazione-nebbie-oleose-tecopress-spa-colosio-ita.jpg\" \/>\n\t<meta property=\"og:image:width\" content=\"900\" \/>\n\t<meta property=\"og:image:height\" content=\"600\" \/>\n\t<meta property=\"og:image:type\" content=\"image\/jpeg\" \/>\n<meta name=\"twitter:card\" content=\"summary_large_image\" \/>\n<meta name=\"twitter:label1\" content=\"Tahmini okuma s\u00fcresi\" \/>\n\t<meta name=\"twitter:data1\" content=\"1 dakika\" \/>\n<script type=\"application\/ld+json\" class=\"yoast-schema-graph\">{\"@context\":\"https:\/\/schema.org\",\"@graph\":[{\"@type\":\"WebPage\",\"@id\":\"https:\/\/enercon.it\/tr\/yukle\/\",\"url\":\"https:\/\/enercon.it\/tr\/yukle\/\",\"name\":\"Veri Sayfalar\u0131 | Enercon\",\"isPartOf\":{\"@id\":\"https:\/\/enercon.it\/#website\"},\"primaryImageOfPage\":{\"@id\":\"https:\/\/enercon.it\/tr\/yukle\/#primaryimage\"},\"image\":{\"@id\":\"https:\/\/enercon.it\/tr\/yukle\/#primaryimage\"},\"thumbnailUrl\":\"https:\/\/enercon.it\/wp-content\/uploads\/impianto-aspirazione-nebbie-oleose-tecopress-spa-colosio-ita.jpg\",\"datePublished\":\"2022-05-17T15:41:29+00:00\",\"dateModified\":\"2026-02-20T08:55:53+00:00\",\"description\":\"Hidrolik, toz emme ve filtreleme ekipmanlar\u0131na ili\u015fkin veri sayfalar\u0131na g\u00f6z at\u0131n. \u015eirket bro\u015f\u00fcr\u00fcn\u00fc okuyun. Daha fazlas\u0131n\u0131 \u00f6\u011frenin.\",\"breadcrumb\":{\"@id\":\"https:\/\/enercon.it\/tr\/yukle\/#breadcrumb\"},\"inLanguage\":\"tr\",\"potentialAction\":[{\"@type\":\"ReadAction\",\"target\":[\"https:\/\/enercon.it\/tr\/yukle\/\"]}]},{\"@type\":\"ImageObject\",\"inLanguage\":\"tr\",\"@id\":\"https:\/\/enercon.it\/tr\/yukle\/#primaryimage\",\"url\":\"https:\/\/enercon.it\/wp-content\/uploads\/impianto-aspirazione-nebbie-oleose-tecopress-spa-colosio-ita.jpg\",\"contentUrl\":\"https:\/\/enercon.it\/wp-content\/uploads\/impianto-aspirazione-nebbie-oleose-tecopress-spa-colosio-ita.jpg\",\"width\":900,\"height\":600},{\"@type\":\"BreadcrumbList\",\"@id\":\"https:\/\/enercon.it\/tr\/yukle\/#breadcrumb\",\"itemListElement\":[{\"@type\":\"ListItem\",\"position\":1,\"name\":\"Home\",\"item\":\"https:\/\/enercon.it\/tr\/\"},{\"@type\":\"ListItem\",\"position\":2,\"name\":\"Y\u00fckle\"}]},{\"@type\":\"WebSite\",\"@id\":\"https:\/\/enercon.it\/#website\",\"url\":\"https:\/\/enercon.it\/\",\"name\":\"Enercon\",\"description\":\"Depurazione di inquinanti atmosferici\",\"publisher\":{\"@id\":\"https:\/\/enercon.it\/#organization\"},\"potentialAction\":[{\"@type\":\"SearchAction\",\"target\":{\"@type\":\"EntryPoint\",\"urlTemplate\":\"https:\/\/enercon.it\/?s={search_term_string}\"},\"query-input\":{\"@type\":\"PropertyValueSpecification\",\"valueRequired\":true,\"valueName\":\"search_term_string\"}}],\"inLanguage\":\"tr\"},{\"@type\":\"Organization\",\"@id\":\"https:\/\/enercon.it\/#organization\",\"name\":\"Enercon S.r.l.\",\"url\":\"https:\/\/enercon.it\/\",\"logo\":{\"@type\":\"ImageObject\",\"inLanguage\":\"tr\",\"@id\":\"https:\/\/enercon.it\/#\/schema\/logo\/image\/\",\"url\":\"https:\/\/enercon.it\/wp-content\/uploads\/2022\/05\/logo-enercon.png\",\"contentUrl\":\"https:\/\/enercon.it\/wp-content\/uploads\/2022\/05\/logo-enercon.png\",\"width\":270,\"height\":110,\"caption\":\"Enercon S.r.l.\"},\"image\":{\"@id\":\"https:\/\/enercon.it\/#\/schema\/logo\/image\/\"}}]}<\/script>\n<!-- \/ Yoast SEO plugin. -->","yoast_head_json":{"title":"Veri Sayfalar\u0131 | Enercon","description":"Hidrolik, toz emme ve filtreleme ekipmanlar\u0131na ili\u015fkin veri sayfalar\u0131na g\u00f6z at\u0131n. \u015eirket bro\u015f\u00fcr\u00fcn\u00fc okuyun. Daha fazlas\u0131n\u0131 \u00f6\u011frenin.","robots":{"index":"index","follow":"follow","max-snippet":"max-snippet:-1","max-image-preview":"max-image-preview:large","max-video-preview":"max-video-preview:-1"},"canonical":"https:\/\/enercon.it\/tr\/yukle\/","og_locale":"tr_TR","og_type":"article","og_title":"Veri Sayfalar\u0131 | Enercon","og_description":"Hidrolik, toz emme ve filtreleme ekipmanlar\u0131na ili\u015fkin veri sayfalar\u0131na g\u00f6z at\u0131n. \u015eirket bro\u015f\u00fcr\u00fcn\u00fc okuyun. Daha fazlas\u0131n\u0131 \u00f6\u011frenin.","og_url":"https:\/\/enercon.it\/tr\/yukle\/","og_site_name":"Enercon","article_modified_time":"2026-02-20T08:55:53+00:00","og_image":[{"width":900,"height":600,"url":"https:\/\/enercon.it\/wp-content\/uploads\/impianto-aspirazione-nebbie-oleose-tecopress-spa-colosio-ita.jpg","type":"image\/jpeg"}],"twitter_card":"summary_large_image","twitter_misc":{"Tahmini okuma s\u00fcresi":"1 dakika"},"schema":{"@context":"https:\/\/schema.org","@graph":[{"@type":"WebPage","@id":"https:\/\/enercon.it\/tr\/yukle\/","url":"https:\/\/enercon.it\/tr\/yukle\/","name":"Veri Sayfalar\u0131 | Enercon","isPartOf":{"@id":"https:\/\/enercon.it\/#website"},"primaryImageOfPage":{"@id":"https:\/\/enercon.it\/tr\/yukle\/#primaryimage"},"image":{"@id":"https:\/\/enercon.it\/tr\/yukle\/#primaryimage"},"thumbnailUrl":"https:\/\/enercon.it\/wp-content\/uploads\/impianto-aspirazione-nebbie-oleose-tecopress-spa-colosio-ita.jpg","datePublished":"2022-05-17T15:41:29+00:00","dateModified":"2026-02-20T08:55:53+00:00","description":"Hidrolik, toz emme ve filtreleme ekipmanlar\u0131na ili\u015fkin veri sayfalar\u0131na g\u00f6z at\u0131n. \u015eirket bro\u015f\u00fcr\u00fcn\u00fc okuyun. Daha fazlas\u0131n\u0131 \u00f6\u011frenin.","breadcrumb":{"@id":"https:\/\/enercon.it\/tr\/yukle\/#breadcrumb"},"inLanguage":"tr","potentialAction":[{"@type":"ReadAction","target":["https:\/\/enercon.it\/tr\/yukle\/"]}]},{"@type":"ImageObject","inLanguage":"tr","@id":"https:\/\/enercon.it\/tr\/yukle\/#primaryimage","url":"https:\/\/enercon.it\/wp-content\/uploads\/impianto-aspirazione-nebbie-oleose-tecopress-spa-colosio-ita.jpg","contentUrl":"https:\/\/enercon.it\/wp-content\/uploads\/impianto-aspirazione-nebbie-oleose-tecopress-spa-colosio-ita.jpg","width":900,"height":600},{"@type":"BreadcrumbList","@id":"https:\/\/enercon.it\/tr\/yukle\/#breadcrumb","itemListElement":[{"@type":"ListItem","position":1,"name":"Home","item":"https:\/\/enercon.it\/tr\/"},{"@type":"ListItem","position":2,"name":"Y\u00fckle"}]},{"@type":"WebSite","@id":"https:\/\/enercon.it\/#website","url":"https:\/\/enercon.it\/","name":"Enercon","description":"Depurazione di inquinanti atmosferici","publisher":{"@id":"https:\/\/enercon.it\/#organization"},"potentialAction":[{"@type":"SearchAction","target":{"@type":"EntryPoint","urlTemplate":"https:\/\/enercon.it\/?s={search_term_string}"},"query-input":{"@type":"PropertyValueSpecification","valueRequired":true,"valueName":"search_term_string"}}],"inLanguage":"tr"},{"@type":"Organization","@id":"https:\/\/enercon.it\/#organization","name":"Enercon S.r.l.","url":"https:\/\/enercon.it\/","logo":{"@type":"ImageObject","inLanguage":"tr","@id":"https:\/\/enercon.it\/#\/schema\/logo\/image\/","url":"https:\/\/enercon.it\/wp-content\/uploads\/2022\/05\/logo-enercon.png","contentUrl":"https:\/\/enercon.it\/wp-content\/uploads\/2022\/05\/logo-enercon.png","width":270,"height":110,"caption":"Enercon S.r.l."},"image":{"@id":"https:\/\/enercon.it\/#\/schema\/logo\/image\/"}}]}},"_links":{"self":[{"href":"https:\/\/enercon.it\/tr\/wp-json\/wp\/v2\/pages\/9953"}],"collection":[{"href":"https:\/\/enercon.it\/tr\/wp-json\/wp\/v2\/pages"}],"about":[{"href":"https:\/\/enercon.it\/tr\/wp-json\/wp\/v2\/types\/page"}],"author":[{"embeddable":true,"href":"https:\/\/enercon.it\/tr\/wp-json\/wp\/v2\/users\/1"}],"replies":[{"embeddable":true,"href":"https:\/\/enercon.it\/tr\/wp-json\/wp\/v2\/comments?post=9953"}],"version-history":[{"count":19,"href":"https:\/\/enercon.it\/tr\/wp-json\/wp\/v2\/pages\/9953\/revisions"}],"predecessor-version":[{"id":87887,"href":"https:\/\/enercon.it\/tr\/wp-json\/wp\/v2\/pages\/9953\/revisions\/87887"}],"wp:featuredmedia":[{"embeddable":true,"href":"https:\/\/enercon.it\/tr\/wp-json\/wp\/v2\/media\/9354"}],"wp:attachment":[{"href":"https:\/\/enercon.it\/tr\/wp-json\/wp\/v2\/media?parent=9953"}],"curies":[{"name":"wp","href":"https:\/\/api.w.org\/{rel}","templated":true}]}}