{"id":9947,"date":"2022-07-20T09:15:52","date_gmt":"2022-07-20T09:15:52","guid":{"rendered":"https:\/\/enercon.it\/satis-sonrasi-hizmetler-ve-bakim\/"},"modified":"2022-11-30T15:37:00","modified_gmt":"2022-11-30T15:37:00","slug":"satis-sonrasi-hizmetler-ve-bakim","status":"publish","type":"page","link":"https:\/\/enercon.it\/tr\/satis-sonrasi-hizmetler-ve-bakim\/","title":{"rendered":"Sat\u0131\u015f sonras\u0131 hizmetler ve bak\u0131m"},"content":{"rendered":"<p>[vc_row full_width=&#8221;stretch_row&#8221; pix_padding_top=&#8221;padding No&#8221; pix_padding_bottom=&#8221;padding No&#8221; gradient_colors=&#8221;%5B%7B%7D%5D&#8221; css=&#8221;.vc_custom_1658913718084{padding-top: 150px !important;padding-bottom: 150px !important;background-image: url(https:\/\/enercon.it\/wp-content\/uploads\/servizi-e-manutenzione.jpg?id=6358) !important;background-position: center !important;background-repeat: no-repeat !important;background-size: cover !important;}&#8221;][vc_column][common_title title=&#8221;Sat\u0131\u015f sonras\u0131 hizmetler ve bak\u0131m&#8221; color=&#8221;white-heading&#8221;][\/common_title][\/vc_column][\/vc_row][vc_row pix_padding_top=&#8221;padding No&#8221; pix_padding_bottom=&#8221;padding No&#8221; radius=&#8221;pix-rounded&#8221; overflow=&#8221;on&#8221; top_offset=&#8221;-100px&#8221; gradient_colors=&#8221;%5B%7B%7D%5D&#8221; shadow=&#8221;pix-shadow&#8221; shadow_values=&#8221;%5B%7B%22horizontal%22%3A%220%22%2C%22vertical%22%3A%222%22%2C%22blur%22%3A%2210%22%2C%22spread%22%3A%225px%22%2C%22color%22%3A%22%23000000%22%2C%22opacity%22%3A%2210%22%7D%5D&#8221;][vc_column pix_padding_top=&#8221;padding S&#8221; pix_padding_bottom=&#8221;padding S&#8221; gradient_colors=&#8221;%5B%7B%7D%5D&#8221; css=&#8221;.vc_custom_1652800232515{background-color: #ffffff !important;}&#8221;][vc_row_inner content_placement=&#8221;middle&#8221; gap=&#8221;35&#8243; gradient_colors=&#8221;%5B%7B%7D%5D&#8221; el_class=&#8221;swap-on-mobile&#8221;][vc_column_inner width=&#8221;1\/2&#8243;][vc_single_image image=&#8221;6266&#8243; img_size=&#8221;full&#8221;][\/vc_column_inner][vc_column_inner width=&#8221;1\/2&#8243;][vc_column_text]Her bir m\u00fc\u015fteriye end\u00fcstriyel tesis sekt\u00f6r\u00fcnde m\u00fcmk\u00fcn oldu\u011funda tam ve ki\u015fiselle\u015ftirilmi\u015f teknik servis sunma iste\u011fi ile<strong>,<\/strong>Enercon firmas\u0131 kendi m\u00fc\u015fterisinin hizmetine yeni sistemlerin montaj\u0131, <strong>sat\u0131\u015f sonras\u0131 teknik servisi ve bak\u0131m\u0131<\/strong> i\u00e7in, zaten mevcut olan sistemlerin d\u00fczeltilmesi ve yenilenmesi i\u00e7in veya nitelikli ve uzman personel gerektiren t\u00fcm i\u015flemler i\u00e7in uzman i\u015f\u00e7ilik sunar<\/p>\n<p>Enercon, dinamik, esnek ve \u00e7e\u015fitlendirilmi\u015f deneyimi sayesinde, bireysel ihtiya\u00e7lar\u0131 kar\u015f\u0131layan ve farkl\u0131 tesis sorunlar\u0131n\u0131 \u00e7\u00f6zen eksiksiz tesis servis ve bak\u0131m \u00e7\u00f6z\u00fcmleri sunar. En iyi sorun \u00e7\u00f6zme sonu\u00e7lar\u0131n\u0131 sa\u011flamak i\u00e7in Enercon, hedeflenen bireysel m\u00fcdahalelerin yan\u0131 s\u0131ra end\u00fcstriyel tesisler i\u00e7in y\u0131ll\u0131k servis ve bak\u0131m s\u00f6zle\u015fmeleri (periyodik bak\u0131m, planl\u0131 bak\u0131m, \u00f6nleyici bak\u0131m, kestirimci bak\u0131m, ar\u0131za bak\u0131m\u0131) sunmaktad\u0131r.[\/vc_column_text][\/vc_column_inner][\/vc_row_inner][\/vc_column][\/vc_row][vc_row gap=&#8221;35&#8243; gradient_colors=&#8221;%5B%7B%7D%5D&#8221;][vc_column][common_title title=&#8221;Bak\u0131m hizmetlerimiz&#8221;][\/common_title][vc_row_inner][vc_column_inner width=&#8221;1\/2&#8243;][common_button text=&#8221;Teknik servis kart\u0131&#8221; link=&#8221;url:https%3A%2F%2Fenercon.it%2Fwp-content%2Fuploads%2Fdownload%2Fscheda-tecnica-assistenza.pdf|target:_blank&#8221; size_v=&#8221;pix-v-l&#8221; position=&#8221;pix-text-center&#8221; css=&#8221;.vc_custom_1660118064605{margin-top: 10px !important;margin-bottom: 10px !important;}&#8221;][\/vc_column_inner][vc_column_inner width=&#8221;1\/2&#8243;][common_button text=&#8221;Bak\u0131m Hizmetleri Sayfas\u0131&#8221; link=&#8221;url:https%3A%2F%2Fenercon.it%2Fwp-content%2Fuploads%2Fdownload%2Fen%2Fscheda-tecnica-manutenzione-en.pdf|target:_blank&#8221; size_v=&#8221;pix-v-l&#8221; position=&#8221;pix-text-center&#8221; css=&#8221;.vc_custom_1660118103837{margin-top: 10px !important;margin-bottom: 10px !important;}&#8221;][\/vc_column_inner][\/vc_row_inner][\/vc_column][\/vc_row][vc_row full_width=&#8221;stretch_row&#8221; gap=&#8221;5&#8243; content_placement=&#8221;middle&#8221; pix_padding_bottom=&#8221;padding No&#8221; gradient_colors=&#8221;%5B%7B%7D%5D&#8221;][vc_column gradient_colors=&#8221;%5B%7B%7D%5D&#8221; offset=&#8221;vc_hidden-xs&#8221;][common_title title=&#8221;Galeriye g\u00f6z at\u0131n&#8221;][\/common_title][vc_media_grid style=&#8221;pagination&#8221; items_per_page=&#8221;4&#8243; element_width=&#8221;3&#8243; gap=&#8221;10&#8243; arrows_design=&#8221;vc_arrow-icon-arrow_01_left&#8221; arrows_position=&#8221;outside&#8221; arrows_color=&#8221;black&#8221; loop=&#8221;yes&#8221; grid_id=&#8221;vc_gid:1668676219534-c92b55a1-505b-7&#8243; include=&#8221;6261,6262,6263,6264,6265,6266,6267,6268,6269,6270,6271,6395&#8243;][\/vc_column][\/vc_row][vc_row full_width=&#8221;stretch_row&#8221; gap=&#8221;5&#8243; content_placement=&#8221;middle&#8221; pix_padding_bottom=&#8221;padding No&#8221; gradient_colors=&#8221;%5B%7B%7D%5D&#8221;][vc_column gradient_colors=&#8221;%5B%7B%7D%5D&#8221; offset=&#8221;vc_hidden-lg vc_hidden-md vc_hidden-sm&#8221;][common_title title=&#8221;Galeriye g\u00f6z at\u0131n&#8221;][\/common_title][vc_media_grid style=&#8221;pagination&#8221; items_per_page=&#8221;1&#8243; element_width=&#8221;12&#8243; gap=&#8221;10&#8243; arrows_design=&#8221;vc_arrow-icon-arrow_01_left&#8221; arrows_position=&#8221;outside&#8221; arrows_color=&#8221;black&#8221; loop=&#8221;yes&#8221; grid_id=&#8221;vc_gid:1668676238717-215bbcaf-9ec4-0&#8243; include=&#8221;6261,6262,6263,6264,6265,6266,6267,6268,6269,6270,6271,6395&#8243;][\/vc_column][\/vc_row][vc_row full_width=&#8221;stretch_row&#8221; pix_padding_top=&#8221;padding M&#8221; pix_padding_bottom=&#8221;padding M&#8221; gradient_colors=&#8221;%5B%7B%7D%5D&#8221; pix_padding=&#8221;pix-padding-both&#8221; pix_padding_size=&#8221;pix-padding-xl&#8221; css=&#8221;.vc_custom_1658388978035{background-color: #f7f7f7 !important;}&#8221;][vc_column][common_title title=&#8221;Daha fazla bilgi i\u00e7in bize ula\u015f\u0131n&#8221; padding=&#8221;off&#8221;][\/common_title][common_cform7 form_id=&#8221;1768&#8243; box_gap=&#8221;50&#8243;][\/vc_column][\/vc_row]<\/p>\n","protected":false},"excerpt":{"rendered":"<p>[vc_row full_width=&#8221;stretch_row&#8221; pix_padding_top=&#8221;padding No&#8221; pix_padding_bottom=&#8221;padding No&#8221; gradient_colors=&#8221;%5B%7B%7D%5D&#8221; css=&#8221;.vc_custom_1658913718084{padding-top: 150px !important;padding-bottom: 150px !important;background-image: url(https:\/\/enercon.it\/wp-content\/uploads\/servizi-e-manutenzione.jpg?id=6358) !important;background-position: center !important;background-repeat: no-repeat !important;background-size: cover !important;}&#8221;][vc_column][common_title title=&#8221;Sat\u0131\u015f sonras\u0131 hizmetler ve bak\u0131m&#8221; color=&#8221;white-heading&#8221;][\/common_title][\/vc_column][\/vc_row][vc_row pix_padding_top=&#8221;padding No&#8221; pix_padding_bottom=&#8221;padding No&#8221; radius=&#8221;pix-rounded&#8221; overflow=&#8221;on&#8221; top_offset=&#8221;-100px&#8221; gradient_colors=&#8221;%5B%7B%7D%5D&#8221; shadow=&#8221;pix-shadow&#8221; shadow_values=&#8221;%5B%7B%22horizontal%22%3A%220%22%2C%22vertical%22%3A%222%22%2C%22blur%22%3A%2210%22%2C%22spread%22%3A%225px%22%2C%22color%22%3A%22%23000000%22%2C%22opacity%22%3A%2210%22%7D%5D&#8221;][vc_column pix_padding_top=&#8221;padding S&#8221; pix_padding_bottom=&#8221;padding S&#8221; gradient_colors=&#8221;%5B%7B%7D%5D&#8221; css=&#8221;.vc_custom_1652800232515{background-color: #ffffff !important;}&#8221;][vc_row_inner content_placement=&#8221;middle&#8221; gap=&#8221;35&#8243; gradient_colors=&#8221;%5B%7B%7D%5D&#8221; el_class=&#8221;swap-on-mobile&#8221;][vc_column_inner width=&#8221;1\/2&#8243;][vc_single_image image=&#8221;6266&#8243; img_size=&#8221;full&#8221;][\/vc_column_inner][vc_column_inner width=&#8221;1\/2&#8243;][vc_column_text]Her bir m\u00fc\u015fteriye end\u00fcstriyel [&hellip;]<\/p>\n","protected":false},"author":1,"featured_media":9403,"parent":0,"menu_order":0,"comment_status":"closed","ping_status":"closed","template":"page-home.php","meta":{"inline_featured_image":false,"footnotes":""},"class_list":["post-9947","page","type-page","status-publish","has-post-thumbnail","hentry"],"yoast_head":"<!-- This site is optimized with the Yoast SEO plugin v23.8 - https:\/\/yoast.com\/wordpress\/plugins\/seo\/ -->\n<title>End\u00fcstriyel tesis bak\u0131m ve servisi | Enercon<\/title>\n<meta name=\"description\" content=\"Enercon, end\u00fcstriyel tesis m\u00fchendisli\u011fi alan\u0131nda destek hizmetleri sunmaktad\u0131r. Montaj ve sat\u0131\u015f sonras\u0131 servis i\u00e7in uzman i\u015fg\u00fcc\u00fc. Di\u011ferini okuyun.\" \/>\n<meta name=\"robots\" content=\"index, follow, max-snippet:-1, max-image-preview:large, max-video-preview:-1\" \/>\n<link rel=\"canonical\" href=\"https:\/\/enercon.it\/tr\/satis-sonrasi-hizmetler-ve-bakim\/\" \/>\n<meta property=\"og:locale\" content=\"tr_TR\" \/>\n<meta property=\"og:type\" content=\"article\" \/>\n<meta property=\"og:title\" content=\"End\u00fcstriyel tesis bak\u0131m ve servisi | Enercon\" \/>\n<meta property=\"og:description\" content=\"Enercon, end\u00fcstriyel tesis m\u00fchendisli\u011fi alan\u0131nda destek hizmetleri sunmaktad\u0131r. Montaj ve sat\u0131\u015f sonras\u0131 servis i\u00e7in uzman i\u015fg\u00fcc\u00fc. Di\u011ferini okuyun.\" \/>\n<meta property=\"og:url\" content=\"https:\/\/enercon.it\/tr\/satis-sonrasi-hizmetler-ve-bakim\/\" \/>\n<meta property=\"og:site_name\" content=\"Enercon\" \/>\n<meta property=\"article:modified_time\" content=\"2022-11-30T15:37:00+00:00\" \/>\n<meta property=\"og:image\" content=\"https:\/\/enercon.it\/wp-content\/uploads\/servizi-e-manutenzione-operai-in-loco.jpg\" \/>\n\t<meta property=\"og:image:width\" content=\"1024\" \/>\n\t<meta property=\"og:image:height\" content=\"768\" \/>\n\t<meta property=\"og:image:type\" content=\"image\/jpeg\" \/>\n<meta name=\"twitter:card\" content=\"summary_large_image\" \/>\n<meta name=\"twitter:label1\" content=\"Tahmini okuma s\u00fcresi\" \/>\n\t<meta name=\"twitter:data1\" content=\"3 dakika\" \/>\n<script type=\"application\/ld+json\" class=\"yoast-schema-graph\">{\"@context\":\"https:\/\/schema.org\",\"@graph\":[{\"@type\":\"WebPage\",\"@id\":\"https:\/\/enercon.it\/tr\/satis-sonrasi-hizmetler-ve-bakim\/\",\"url\":\"https:\/\/enercon.it\/tr\/satis-sonrasi-hizmetler-ve-bakim\/\",\"name\":\"End\u00fcstriyel tesis bak\u0131m ve servisi | Enercon\",\"isPartOf\":{\"@id\":\"https:\/\/enercon.it\/#website\"},\"primaryImageOfPage\":{\"@id\":\"https:\/\/enercon.it\/tr\/satis-sonrasi-hizmetler-ve-bakim\/#primaryimage\"},\"image\":{\"@id\":\"https:\/\/enercon.it\/tr\/satis-sonrasi-hizmetler-ve-bakim\/#primaryimage\"},\"thumbnailUrl\":\"https:\/\/enercon.it\/wp-content\/uploads\/servizi-e-manutenzione-operai-in-loco.jpg\",\"datePublished\":\"2022-07-20T09:15:52+00:00\",\"dateModified\":\"2022-11-30T15:37:00+00:00\",\"description\":\"Enercon, end\u00fcstriyel tesis m\u00fchendisli\u011fi alan\u0131nda destek hizmetleri sunmaktad\u0131r. Montaj ve sat\u0131\u015f sonras\u0131 servis i\u00e7in uzman i\u015fg\u00fcc\u00fc. Di\u011ferini okuyun.\",\"breadcrumb\":{\"@id\":\"https:\/\/enercon.it\/tr\/satis-sonrasi-hizmetler-ve-bakim\/#breadcrumb\"},\"inLanguage\":\"tr\",\"potentialAction\":[{\"@type\":\"ReadAction\",\"target\":[\"https:\/\/enercon.it\/tr\/satis-sonrasi-hizmetler-ve-bakim\/\"]}]},{\"@type\":\"ImageObject\",\"inLanguage\":\"tr\",\"@id\":\"https:\/\/enercon.it\/tr\/satis-sonrasi-hizmetler-ve-bakim\/#primaryimage\",\"url\":\"https:\/\/enercon.it\/wp-content\/uploads\/servizi-e-manutenzione-operai-in-loco.jpg\",\"contentUrl\":\"https:\/\/enercon.it\/wp-content\/uploads\/servizi-e-manutenzione-operai-in-loco.jpg\",\"width\":1024,\"height\":768},{\"@type\":\"BreadcrumbList\",\"@id\":\"https:\/\/enercon.it\/tr\/satis-sonrasi-hizmetler-ve-bakim\/#breadcrumb\",\"itemListElement\":[{\"@type\":\"ListItem\",\"position\":1,\"name\":\"Home\",\"item\":\"https:\/\/enercon.it\/tr\/\"},{\"@type\":\"ListItem\",\"position\":2,\"name\":\"Sat\u0131\u015f sonras\u0131 hizmetler ve bak\u0131m\"}]},{\"@type\":\"WebSite\",\"@id\":\"https:\/\/enercon.it\/#website\",\"url\":\"https:\/\/enercon.it\/\",\"name\":\"Enercon\",\"description\":\"Depurazione di inquinanti atmosferici\",\"publisher\":{\"@id\":\"https:\/\/enercon.it\/#organization\"},\"potentialAction\":[{\"@type\":\"SearchAction\",\"target\":{\"@type\":\"EntryPoint\",\"urlTemplate\":\"https:\/\/enercon.it\/?s={search_term_string}\"},\"query-input\":{\"@type\":\"PropertyValueSpecification\",\"valueRequired\":true,\"valueName\":\"search_term_string\"}}],\"inLanguage\":\"tr\"},{\"@type\":\"Organization\",\"@id\":\"https:\/\/enercon.it\/#organization\",\"name\":\"Enercon S.r.l.\",\"url\":\"https:\/\/enercon.it\/\",\"logo\":{\"@type\":\"ImageObject\",\"inLanguage\":\"tr\",\"@id\":\"https:\/\/enercon.it\/#\/schema\/logo\/image\/\",\"url\":\"https:\/\/enercon.it\/wp-content\/uploads\/2022\/05\/logo-enercon.png\",\"contentUrl\":\"https:\/\/enercon.it\/wp-content\/uploads\/2022\/05\/logo-enercon.png\",\"width\":270,\"height\":110,\"caption\":\"Enercon S.r.l.\"},\"image\":{\"@id\":\"https:\/\/enercon.it\/#\/schema\/logo\/image\/\"}}]}<\/script>\n<!-- \/ Yoast SEO plugin. -->","yoast_head_json":{"title":"End\u00fcstriyel tesis bak\u0131m ve servisi | Enercon","description":"Enercon, end\u00fcstriyel tesis m\u00fchendisli\u011fi alan\u0131nda destek hizmetleri sunmaktad\u0131r. Montaj ve sat\u0131\u015f sonras\u0131 servis i\u00e7in uzman i\u015fg\u00fcc\u00fc. Di\u011ferini okuyun.","robots":{"index":"index","follow":"follow","max-snippet":"max-snippet:-1","max-image-preview":"max-image-preview:large","max-video-preview":"max-video-preview:-1"},"canonical":"https:\/\/enercon.it\/tr\/satis-sonrasi-hizmetler-ve-bakim\/","og_locale":"tr_TR","og_type":"article","og_title":"End\u00fcstriyel tesis bak\u0131m ve servisi | Enercon","og_description":"Enercon, end\u00fcstriyel tesis m\u00fchendisli\u011fi alan\u0131nda destek hizmetleri sunmaktad\u0131r. Montaj ve sat\u0131\u015f sonras\u0131 servis i\u00e7in uzman i\u015fg\u00fcc\u00fc. Di\u011ferini okuyun.","og_url":"https:\/\/enercon.it\/tr\/satis-sonrasi-hizmetler-ve-bakim\/","og_site_name":"Enercon","article_modified_time":"2022-11-30T15:37:00+00:00","og_image":[{"width":1024,"height":768,"url":"https:\/\/enercon.it\/wp-content\/uploads\/servizi-e-manutenzione-operai-in-loco.jpg","type":"image\/jpeg"}],"twitter_card":"summary_large_image","twitter_misc":{"Tahmini okuma s\u00fcresi":"3 dakika"},"schema":{"@context":"https:\/\/schema.org","@graph":[{"@type":"WebPage","@id":"https:\/\/enercon.it\/tr\/satis-sonrasi-hizmetler-ve-bakim\/","url":"https:\/\/enercon.it\/tr\/satis-sonrasi-hizmetler-ve-bakim\/","name":"End\u00fcstriyel tesis bak\u0131m ve servisi | Enercon","isPartOf":{"@id":"https:\/\/enercon.it\/#website"},"primaryImageOfPage":{"@id":"https:\/\/enercon.it\/tr\/satis-sonrasi-hizmetler-ve-bakim\/#primaryimage"},"image":{"@id":"https:\/\/enercon.it\/tr\/satis-sonrasi-hizmetler-ve-bakim\/#primaryimage"},"thumbnailUrl":"https:\/\/enercon.it\/wp-content\/uploads\/servizi-e-manutenzione-operai-in-loco.jpg","datePublished":"2022-07-20T09:15:52+00:00","dateModified":"2022-11-30T15:37:00+00:00","description":"Enercon, end\u00fcstriyel tesis m\u00fchendisli\u011fi alan\u0131nda destek hizmetleri sunmaktad\u0131r. Montaj ve sat\u0131\u015f sonras\u0131 servis i\u00e7in uzman i\u015fg\u00fcc\u00fc. Di\u011ferini okuyun.","breadcrumb":{"@id":"https:\/\/enercon.it\/tr\/satis-sonrasi-hizmetler-ve-bakim\/#breadcrumb"},"inLanguage":"tr","potentialAction":[{"@type":"ReadAction","target":["https:\/\/enercon.it\/tr\/satis-sonrasi-hizmetler-ve-bakim\/"]}]},{"@type":"ImageObject","inLanguage":"tr","@id":"https:\/\/enercon.it\/tr\/satis-sonrasi-hizmetler-ve-bakim\/#primaryimage","url":"https:\/\/enercon.it\/wp-content\/uploads\/servizi-e-manutenzione-operai-in-loco.jpg","contentUrl":"https:\/\/enercon.it\/wp-content\/uploads\/servizi-e-manutenzione-operai-in-loco.jpg","width":1024,"height":768},{"@type":"BreadcrumbList","@id":"https:\/\/enercon.it\/tr\/satis-sonrasi-hizmetler-ve-bakim\/#breadcrumb","itemListElement":[{"@type":"ListItem","position":1,"name":"Home","item":"https:\/\/enercon.it\/tr\/"},{"@type":"ListItem","position":2,"name":"Sat\u0131\u015f sonras\u0131 hizmetler ve bak\u0131m"}]},{"@type":"WebSite","@id":"https:\/\/enercon.it\/#website","url":"https:\/\/enercon.it\/","name":"Enercon","description":"Depurazione di inquinanti atmosferici","publisher":{"@id":"https:\/\/enercon.it\/#organization"},"potentialAction":[{"@type":"SearchAction","target":{"@type":"EntryPoint","urlTemplate":"https:\/\/enercon.it\/?s={search_term_string}"},"query-input":{"@type":"PropertyValueSpecification","valueRequired":true,"valueName":"search_term_string"}}],"inLanguage":"tr"},{"@type":"Organization","@id":"https:\/\/enercon.it\/#organization","name":"Enercon S.r.l.","url":"https:\/\/enercon.it\/","logo":{"@type":"ImageObject","inLanguage":"tr","@id":"https:\/\/enercon.it\/#\/schema\/logo\/image\/","url":"https:\/\/enercon.it\/wp-content\/uploads\/2022\/05\/logo-enercon.png","contentUrl":"https:\/\/enercon.it\/wp-content\/uploads\/2022\/05\/logo-enercon.png","width":270,"height":110,"caption":"Enercon S.r.l."},"image":{"@id":"https:\/\/enercon.it\/#\/schema\/logo\/image\/"}}]}},"_links":{"self":[{"href":"https:\/\/enercon.it\/tr\/wp-json\/wp\/v2\/pages\/9947"}],"collection":[{"href":"https:\/\/enercon.it\/tr\/wp-json\/wp\/v2\/pages"}],"about":[{"href":"https:\/\/enercon.it\/tr\/wp-json\/wp\/v2\/types\/page"}],"author":[{"embeddable":true,"href":"https:\/\/enercon.it\/tr\/wp-json\/wp\/v2\/users\/1"}],"replies":[{"embeddable":true,"href":"https:\/\/enercon.it\/tr\/wp-json\/wp\/v2\/comments?post=9947"}],"version-history":[{"count":7,"href":"https:\/\/enercon.it\/tr\/wp-json\/wp\/v2\/pages\/9947\/revisions"}],"predecessor-version":[{"id":10158,"href":"https:\/\/enercon.it\/tr\/wp-json\/wp\/v2\/pages\/9947\/revisions\/10158"}],"wp:featuredmedia":[{"embeddable":true,"href":"https:\/\/enercon.it\/tr\/wp-json\/wp\/v2\/media\/9403"}],"wp:attachment":[{"href":"https:\/\/enercon.it\/tr\/wp-json\/wp\/v2\/media?parent=9947"}],"curies":[{"name":"wp","href":"https:\/\/api.w.org\/{rel}","templated":true}]}}