{"id":9944,"date":"2022-07-20T08:01:09","date_gmt":"2022-07-20T08:01:09","guid":{"rendered":"https:\/\/enercon.it\/endustri-icin-teknik-ekipman-ve-ozel-uygulamalar\/"},"modified":"2022-11-30T15:31:54","modified_gmt":"2022-11-30T15:31:54","slug":"endustri-icin-teknik-ekipman-ve-ozel-uygulamalar","status":"publish","type":"page","link":"https:\/\/enercon.it\/tr\/endustri-icin-teknik-ekipman-ve-ozel-uygulamalar\/","title":{"rendered":"End\u00fcstri i\u00e7in teknik ekipman ve \u00f6zel uygulamalar"},"content":{"rendered":"<p>[vc_row full_width=&#8221;stretch_row&#8221; pix_padding_top=&#8221;padding No&#8221; pix_padding_bottom=&#8221;padding No&#8221; gradient_colors=&#8221;%5B%7B%7D%5D&#8221; css=&#8221;.vc_custom_1658388370060{padding-top: 150px !important;padding-bottom: 150px !important;background-image: url(https:\/\/enercon.it\/wp-content\/uploads\/applicazioni-speciali-background.jpg?id=6239) !important;background-position: center !important;background-repeat: no-repeat !important;background-size: cover !important;}&#8221;][vc_column][common_title title=&#8221;End\u00fcstri i\u00e7in teknik ekipman ve \u00f6zel uygulamalar&#8221; color=&#8221;white-heading&#8221;][\/common_title][\/vc_column][\/vc_row][vc_row pix_padding_top=&#8221;padding No&#8221; pix_padding_bottom=&#8221;padding No&#8221; radius=&#8221;pix-rounded&#8221; overflow=&#8221;on&#8221; top_offset=&#8221;-100px&#8221; gradient_colors=&#8221;%5B%7B%7D%5D&#8221; shadow=&#8221;pix-shadow&#8221; shadow_values=&#8221;%5B%7B%22horizontal%22%3A%220%22%2C%22vertical%22%3A%222%22%2C%22blur%22%3A%2210%22%2C%22spread%22%3A%225px%22%2C%22color%22%3A%22%23000000%22%2C%22opacity%22%3A%2210%22%7D%5D&#8221;][vc_column pix_padding_top=&#8221;padding S&#8221; pix_padding_bottom=&#8221;padding S&#8221; gradient_colors=&#8221;%5B%7B%7D%5D&#8221; css=&#8221;.vc_custom_1652800232515{background-color: #ffffff !important;}&#8221;][vc_row_inner content_placement=&#8221;middle&#8221; gap=&#8221;35&#8243; gradient_colors=&#8221;%5B%7B%7D%5D&#8221; el_class=&#8221;swap-on-mobile&#8221;][vc_column_inner width=&#8221;1\/2&#8243; css=&#8221;.vc_custom_1668675827730{padding-top: 30px !important;}&#8221;][vc_single_image image=&#8221;6248&#8243; img_size=&#8221;full&#8221;][\/vc_column_inner][vc_column_inner width=&#8221;1\/2&#8243;][vc_column_text]Kendi i\u015flemlerinin ve m\u00fcdahale alanlar\u0131n\u0131n farkl\u0131l\u0131\u011f\u0131 nedeniyle Enercon firmas\u0131 m\u00fc\u015fteriye gerekli olabilecek \u00e7ok geni\u015f bir <strong>tesisatlar ve \u00f6zel uygulamalar<\/strong> se\u00e7ene\u011fi \u00f6nerebilir, tasarlayabilir ve ger\u00e7ekle\u015ftirebilir. Spesifik bir sekt\u00f6re dahil edilemeyen ve farkl\u0131 sistem teknolojilerinin kullan\u0131m\u0131n\u0131 gerektiren te\u00e7hizatlar\u0131 ve spesifik sistemleri \u00f6zel uygulamalar olarak tan\u0131ml\u0131yoruz. Enercon, m\u00fc\u015fterinin \u00f6zel tesis ve \u00fcretim gereksinimlerine yan\u0131t veren uzman ve end\u00fcstriyel operat\u00f6rlerden olu\u015fan ekibi sayesinde \u00f6zel, <strong>\u00f6zelle\u015ftirilmi\u015f \u00e7\u00f6z\u00fcmler<\/strong> sunabilmektedir.[\/vc_column_text][\/vc_column_inner][\/vc_row_inner][\/vc_column][\/vc_row][vc_row gap=&#8221;35&#8243; gradient_colors=&#8221;%5B%7B%7D%5D&#8221;][vc_column width=&#8221;1\/2&#8243;][common_title title=&#8221;Teknik ekipman ve \u00f6zel uygulamalar&#8221; position=&#8221;text-left&#8221;][\/common_title][common_icon_box icon_type=&#8221;font&#8221; icon_pixfontawesome=&#8221;fa fa-check&#8221; icon_size=&#8221;pix-icon-s&#8221; title=&#8221;Demir d\u0131\u015f\u0131 malzemeler i\u00e7in potalar&#8221; css=&#8221;.vc_custom_1658305343176{padding-bottom: 10px !important;}&#8221;][\/common_icon_box][common_icon_box icon_type=&#8221;font&#8221; icon_pixfontawesome=&#8221;fa fa-check&#8221; icon_size=&#8221;pix-icon-s&#8221; title=&#8221;Demir d\u0131\u015f\u0131 malzemeler i\u00e7in pota vagonlar\u0131&#8221; css=&#8221;.vc_custom_1658305354610{padding-bottom: 10px !important;}&#8221;][\/common_icon_box][common_icon_box icon_type=&#8221;font&#8221; icon_pixfontawesome=&#8221;fa fa-check&#8221; icon_size=&#8221;pix-icon-s&#8221; title=&#8221;Kum filtreleri&#8221; css=&#8221;.vc_custom_1658305366958{padding-bottom: 10px !important;}&#8221;][\/common_icon_box][common_icon_box icon_type=&#8221;font&#8221; icon_pixfontawesome=&#8221;fa fa-check&#8221; icon_size=&#8221;pix-icon-s&#8221; title=&#8221;Ses yal\u0131t\u0131m sistemleri (fanlar ve baca susturucular\u0131 i\u00e7in ses yal\u0131t\u0131m kabinleri)&#8221; css=&#8221;.vc_custom_1658305420636{padding-bottom: 10px !important;}&#8221;][\/common_icon_box][\/vc_column][vc_column width=&#8221;1\/2&#8243;][common_title title=&#8221;Veri sayfas\u0131n\u0131 indirin&#8221;][\/common_title][common_button text=&#8221;\u00d6zel uygulamalar teknik kart&#8221; link=&#8221;url:https%3A%2F%2Fenercon.it%2Fwp-content%2Fuploads%2Fdownload%2Fscheda-tecnica-applicazioni-spaciali.pdf|target:_blank&#8221; size_v=&#8221;pix-v-l&#8221; position=&#8221;pix-text-center&#8221; css=&#8221;.vc_custom_1658307260676{margin-top: 10px !important;margin-bottom: 10px !important;}&#8221;][\/vc_column][\/vc_row][vc_row full_width=&#8221;stretch_row&#8221; pix_padding_top=&#8221;padding M&#8221; pix_padding_bottom=&#8221;padding M&#8221; gradient_colors=&#8221;%5B%7B%7D%5D&#8221; el_class=&#8221;titolo-bianco negativo&#8221; css=&#8221;.vc_custom_1660119505969{background-color: #00507e !important;}&#8221;][vc_column][common_title title=&#8221;Amiral gemisi \u00fcr\u00fcnlerimiz&#8221; position=&#8221;text-left&#8221;][\/common_title][vc_row_inner gradient_colors=&#8221;%5B%7B%7D%5D&#8221;][vc_column_inner width=&#8221;2\/3&#8243;][vc_column_text]<strong style=\"font-size: 25px;\">\u00c7ekirdek so\u011futma<\/strong>: kal\u0131p i\u00e7i yap\u0131\u015ft\u0131rma ve par\u00e7a mikroporozitesi sorunlar\u0131na nihai \u00e7\u00f6z\u00fcm[\/vc_column_text][\/vc_column_inner][vc_column_inner width=&#8221;1\/3&#8243;][common_button text=&#8221;\u00c7ekirdek so\u011futma teknik kart\u0131&#8221; link=&#8221;url:https%3A%2F%2Fenercon.it%2Fwp-content%2Fuploads%2Fdownload%2Fen%2Fcore-cooling-en.pdf|title:Test|target:_blank&#8221; button_type=&#8221;on&#8221; color=&#8221;pix-light&#8221; position=&#8221;pix-text-center&#8221;][\/vc_column_inner][\/vc_row_inner][vc_row_inner gradient_colors=&#8221;%5B%7B%7D%5D&#8221; css=&#8221;.vc_custom_1668676091779{padding-top: 50px !important;}&#8221;][vc_column_inner width=&#8221;2\/3&#8243;][vc_column_text]<strong style=\"font-size: 25px;\">Tortu kar\u0131\u015f\u0131m\u0131<\/strong>: Sal\u0131m maddesinin haz\u0131rlanmas\u0131 ve kontrol\u00fc i\u00e7in sistem[\/vc_column_text][\/vc_column_inner][vc_column_inner width=&#8221;1\/3&#8243;][common_button text=&#8221;Tortu kar\u0131\u015f\u0131m teknik kart\u0131&#8221; link=&#8221;url:https%3A%2F%2Fenercon.it%2Fwp-content%2Fuploads%2Fdownload%2Fen%2Fdiposit-mix-en.pdf|title:Test|target:_blank&#8221; button_type=&#8221;on&#8221; color=&#8221;pix-light&#8221; position=&#8221;pix-text-center&#8221;][\/vc_column_inner][\/vc_row_inner][\/vc_column][\/vc_row][vc_row full_width=&#8221;stretch_row&#8221; gap=&#8221;5&#8243; content_placement=&#8221;middle&#8221; pix_padding_bottom=&#8221;padding No&#8221; gradient_colors=&#8221;%5B%7B%7D%5D&#8221;][vc_column gradient_colors=&#8221;%5B%7B%7D%5D&#8221; offset=&#8221;vc_hidden-xs&#8221;][common_title title=&#8221;Galeriye g\u00f6z at\u0131n&#8221;][\/common_title][vc_media_grid style=&#8221;pagination&#8221; items_per_page=&#8221;4&#8243; element_width=&#8221;3&#8243; gap=&#8221;10&#8243; arrows_design=&#8221;vc_arrow-icon-arrow_01_left&#8221; arrows_position=&#8221;outside&#8221; arrows_color=&#8221;black&#8221; loop=&#8221;yes&#8221; grid_id=&#8221;vc_gid:1668676028111-eea847bf-8e87-6&#8243; include=&#8221;6240,6241,6242,6243,6244,6245,6246,6247&#8243;][\/vc_column][\/vc_row][vc_row full_width=&#8221;stretch_row&#8221; gap=&#8221;5&#8243; content_placement=&#8221;middle&#8221; pix_padding_bottom=&#8221;padding No&#8221; gradient_colors=&#8221;%5B%7B%7D%5D&#8221;][vc_column gradient_colors=&#8221;%5B%7B%7D%5D&#8221; offset=&#8221;vc_hidden-lg vc_hidden-md vc_hidden-sm&#8221;][common_title title=&#8221;Galeriye g\u00f6z at\u0131n&#8221;][\/common_title][vc_media_grid style=&#8221;pagination&#8221; items_per_page=&#8221;1&#8243; element_width=&#8221;12&#8243; gap=&#8221;10&#8243; arrows_design=&#8221;vc_arrow-icon-arrow_01_left&#8221; arrows_position=&#8221;outside&#8221; arrows_color=&#8221;black&#8221; loop=&#8221;yes&#8221; grid_id=&#8221;vc_gid:1668676028120-21ad5c44-d8f1-4&#8243; include=&#8221;6240,6241,6242,6243,6244,6245,6246,6247&#8243;][\/vc_column][\/vc_row][vc_row full_width=&#8221;stretch_row&#8221; pix_padding_top=&#8221;padding M&#8221; pix_padding_bottom=&#8221;padding M&#8221; gradient_colors=&#8221;%5B%7B%7D%5D&#8221; pix_padding=&#8221;pix-padding-both&#8221; pix_padding_size=&#8221;pix-padding-xl&#8221; css=&#8221;.vc_custom_1658388941146{background-color: #f7f7f7 !important;}&#8221;][vc_column][common_title title=&#8221;Daha fazla bilgi i\u00e7in bize ula\u015f\u0131n&#8221; padding=&#8221;off&#8221;][\/common_title][common_cform7 form_id=&#8221;1768&#8243; box_gap=&#8221;50&#8243;][\/vc_column][\/vc_row]<\/p>\n","protected":false},"excerpt":{"rendered":"<p>[vc_row full_width=&#8221;stretch_row&#8221; pix_padding_top=&#8221;padding No&#8221; pix_padding_bottom=&#8221;padding No&#8221; gradient_colors=&#8221;%5B%7B%7D%5D&#8221; css=&#8221;.vc_custom_1658388370060{padding-top: 150px !important;padding-bottom: 150px !important;background-image: url(https:\/\/enercon.it\/wp-content\/uploads\/applicazioni-speciali-background.jpg?id=6239) !important;background-position: center !important;background-repeat: no-repeat !important;background-size: cover !important;}&#8221;][vc_column][common_title title=&#8221;End\u00fcstri i\u00e7in teknik ekipman ve \u00f6zel uygulamalar&#8221; color=&#8221;white-heading&#8221;][\/common_title][\/vc_column][\/vc_row][vc_row pix_padding_top=&#8221;padding No&#8221; pix_padding_bottom=&#8221;padding No&#8221; radius=&#8221;pix-rounded&#8221; overflow=&#8221;on&#8221; top_offset=&#8221;-100px&#8221; gradient_colors=&#8221;%5B%7B%7D%5D&#8221; shadow=&#8221;pix-shadow&#8221; shadow_values=&#8221;%5B%7B%22horizontal%22%3A%220%22%2C%22vertical%22%3A%222%22%2C%22blur%22%3A%2210%22%2C%22spread%22%3A%225px%22%2C%22color%22%3A%22%23000000%22%2C%22opacity%22%3A%2210%22%7D%5D&#8221;][vc_column pix_padding_top=&#8221;padding S&#8221; pix_padding_bottom=&#8221;padding S&#8221; gradient_colors=&#8221;%5B%7B%7D%5D&#8221; css=&#8221;.vc_custom_1652800232515{background-color: #ffffff !important;}&#8221;][vc_row_inner content_placement=&#8221;middle&#8221; gap=&#8221;35&#8243; gradient_colors=&#8221;%5B%7B%7D%5D&#8221; el_class=&#8221;swap-on-mobile&#8221;][vc_column_inner width=&#8221;1\/2&#8243; css=&#8221;.vc_custom_1668675827730{padding-top: 30px !important;}&#8221;][vc_single_image image=&#8221;6248&#8243; [&hellip;]<\/p>\n","protected":false},"author":1,"featured_media":9397,"parent":0,"menu_order":0,"comment_status":"closed","ping_status":"closed","template":"page-home.php","meta":{"inline_featured_image":false,"footnotes":""},"class_list":["post-9944","page","type-page","status-publish","has-post-thumbnail","hentry"],"yoast_head":"<!-- This site is optimized with the Yoast SEO plugin v23.8 - https:\/\/yoast.com\/wordpress\/plugins\/seo\/ -->\n<title>End\u00fcstri i\u00e7in teknik ekipman | Enercon<\/title>\n<meta name=\"description\" content=\"Enercon, \u00f6zel end\u00fcstriyel ekipman ve sistemler tasarlar ve \u00fcretir. Uzman ekibi sayesinde ki\u015fiye \u00f6zel \u00e7\u00f6z\u00fcmler sunar. Daha fazlas\u0131n\u0131 \u00f6\u011frenin.\" \/>\n<meta name=\"robots\" content=\"index, follow, max-snippet:-1, max-image-preview:large, max-video-preview:-1\" \/>\n<link rel=\"canonical\" href=\"https:\/\/enercon.it\/tr\/endustri-icin-teknik-ekipman-ve-ozel-uygulamalar\/\" \/>\n<meta property=\"og:locale\" content=\"tr_TR\" \/>\n<meta property=\"og:type\" content=\"article\" \/>\n<meta property=\"og:title\" content=\"End\u00fcstri i\u00e7in teknik ekipman | Enercon\" \/>\n<meta property=\"og:description\" content=\"Enercon, \u00f6zel end\u00fcstriyel ekipman ve sistemler tasarlar ve \u00fcretir. Uzman ekibi sayesinde ki\u015fiye \u00f6zel \u00e7\u00f6z\u00fcmler sunar. Daha fazlas\u0131n\u0131 \u00f6\u011frenin.\" \/>\n<meta property=\"og:url\" content=\"https:\/\/enercon.it\/tr\/endustri-icin-teknik-ekipman-ve-ozel-uygulamalar\/\" \/>\n<meta property=\"og:site_name\" content=\"Enercon\" \/>\n<meta property=\"article:modified_time\" content=\"2022-11-30T15:31:54+00:00\" \/>\n<meta property=\"og:image\" content=\"https:\/\/enercon.it\/wp-content\/uploads\/attrezzature-tecniche-applicazioni-speciali-siviera-mobile-automatica-teknia-spagna.jpg\" \/>\n\t<meta property=\"og:image:width\" content=\"900\" \/>\n\t<meta property=\"og:image:height\" content=\"600\" \/>\n\t<meta property=\"og:image:type\" content=\"image\/jpeg\" \/>\n<meta name=\"twitter:card\" content=\"summary_large_image\" \/>\n<meta name=\"twitter:label1\" content=\"Tahmini okuma s\u00fcresi\" \/>\n\t<meta name=\"twitter:data1\" content=\"5 dakika\" \/>\n<script type=\"application\/ld+json\" class=\"yoast-schema-graph\">{\"@context\":\"https:\/\/schema.org\",\"@graph\":[{\"@type\":\"WebPage\",\"@id\":\"https:\/\/enercon.it\/tr\/endustri-icin-teknik-ekipman-ve-ozel-uygulamalar\/\",\"url\":\"https:\/\/enercon.it\/tr\/endustri-icin-teknik-ekipman-ve-ozel-uygulamalar\/\",\"name\":\"End\u00fcstri i\u00e7in teknik ekipman | Enercon\",\"isPartOf\":{\"@id\":\"https:\/\/enercon.it\/#website\"},\"primaryImageOfPage\":{\"@id\":\"https:\/\/enercon.it\/tr\/endustri-icin-teknik-ekipman-ve-ozel-uygulamalar\/#primaryimage\"},\"image\":{\"@id\":\"https:\/\/enercon.it\/tr\/endustri-icin-teknik-ekipman-ve-ozel-uygulamalar\/#primaryimage\"},\"thumbnailUrl\":\"https:\/\/enercon.it\/wp-content\/uploads\/attrezzature-tecniche-applicazioni-speciali-siviera-mobile-automatica-teknia-spagna.jpg\",\"datePublished\":\"2022-07-20T08:01:09+00:00\",\"dateModified\":\"2022-11-30T15:31:54+00:00\",\"description\":\"Enercon, \u00f6zel end\u00fcstriyel ekipman ve sistemler tasarlar ve \u00fcretir. Uzman ekibi sayesinde ki\u015fiye \u00f6zel \u00e7\u00f6z\u00fcmler sunar. Daha fazlas\u0131n\u0131 \u00f6\u011frenin.\",\"breadcrumb\":{\"@id\":\"https:\/\/enercon.it\/tr\/endustri-icin-teknik-ekipman-ve-ozel-uygulamalar\/#breadcrumb\"},\"inLanguage\":\"tr\",\"potentialAction\":[{\"@type\":\"ReadAction\",\"target\":[\"https:\/\/enercon.it\/tr\/endustri-icin-teknik-ekipman-ve-ozel-uygulamalar\/\"]}]},{\"@type\":\"ImageObject\",\"inLanguage\":\"tr\",\"@id\":\"https:\/\/enercon.it\/tr\/endustri-icin-teknik-ekipman-ve-ozel-uygulamalar\/#primaryimage\",\"url\":\"https:\/\/enercon.it\/wp-content\/uploads\/attrezzature-tecniche-applicazioni-speciali-siviera-mobile-automatica-teknia-spagna.jpg\",\"contentUrl\":\"https:\/\/enercon.it\/wp-content\/uploads\/attrezzature-tecniche-applicazioni-speciali-siviera-mobile-automatica-teknia-spagna.jpg\",\"width\":900,\"height\":600},{\"@type\":\"BreadcrumbList\",\"@id\":\"https:\/\/enercon.it\/tr\/endustri-icin-teknik-ekipman-ve-ozel-uygulamalar\/#breadcrumb\",\"itemListElement\":[{\"@type\":\"ListItem\",\"position\":1,\"name\":\"Home\",\"item\":\"https:\/\/enercon.it\/tr\/\"},{\"@type\":\"ListItem\",\"position\":2,\"name\":\"End\u00fcstri i\u00e7in teknik ekipman ve \u00f6zel uygulamalar\"}]},{\"@type\":\"WebSite\",\"@id\":\"https:\/\/enercon.it\/#website\",\"url\":\"https:\/\/enercon.it\/\",\"name\":\"Enercon\",\"description\":\"Depurazione di inquinanti atmosferici\",\"publisher\":{\"@id\":\"https:\/\/enercon.it\/#organization\"},\"potentialAction\":[{\"@type\":\"SearchAction\",\"target\":{\"@type\":\"EntryPoint\",\"urlTemplate\":\"https:\/\/enercon.it\/?s={search_term_string}\"},\"query-input\":{\"@type\":\"PropertyValueSpecification\",\"valueRequired\":true,\"valueName\":\"search_term_string\"}}],\"inLanguage\":\"tr\"},{\"@type\":\"Organization\",\"@id\":\"https:\/\/enercon.it\/#organization\",\"name\":\"Enercon S.r.l.\",\"url\":\"https:\/\/enercon.it\/\",\"logo\":{\"@type\":\"ImageObject\",\"inLanguage\":\"tr\",\"@id\":\"https:\/\/enercon.it\/#\/schema\/logo\/image\/\",\"url\":\"https:\/\/enercon.it\/wp-content\/uploads\/2022\/05\/logo-enercon.png\",\"contentUrl\":\"https:\/\/enercon.it\/wp-content\/uploads\/2022\/05\/logo-enercon.png\",\"width\":270,\"height\":110,\"caption\":\"Enercon S.r.l.\"},\"image\":{\"@id\":\"https:\/\/enercon.it\/#\/schema\/logo\/image\/\"}}]}<\/script>\n<!-- \/ Yoast SEO plugin. -->","yoast_head_json":{"title":"End\u00fcstri i\u00e7in teknik ekipman | Enercon","description":"Enercon, \u00f6zel end\u00fcstriyel ekipman ve sistemler tasarlar ve \u00fcretir. Uzman ekibi sayesinde ki\u015fiye \u00f6zel \u00e7\u00f6z\u00fcmler sunar. Daha fazlas\u0131n\u0131 \u00f6\u011frenin.","robots":{"index":"index","follow":"follow","max-snippet":"max-snippet:-1","max-image-preview":"max-image-preview:large","max-video-preview":"max-video-preview:-1"},"canonical":"https:\/\/enercon.it\/tr\/endustri-icin-teknik-ekipman-ve-ozel-uygulamalar\/","og_locale":"tr_TR","og_type":"article","og_title":"End\u00fcstri i\u00e7in teknik ekipman | Enercon","og_description":"Enercon, \u00f6zel end\u00fcstriyel ekipman ve sistemler tasarlar ve \u00fcretir. Uzman ekibi sayesinde ki\u015fiye \u00f6zel \u00e7\u00f6z\u00fcmler sunar. Daha fazlas\u0131n\u0131 \u00f6\u011frenin.","og_url":"https:\/\/enercon.it\/tr\/endustri-icin-teknik-ekipman-ve-ozel-uygulamalar\/","og_site_name":"Enercon","article_modified_time":"2022-11-30T15:31:54+00:00","og_image":[{"width":900,"height":600,"url":"https:\/\/enercon.it\/wp-content\/uploads\/attrezzature-tecniche-applicazioni-speciali-siviera-mobile-automatica-teknia-spagna.jpg","type":"image\/jpeg"}],"twitter_card":"summary_large_image","twitter_misc":{"Tahmini okuma s\u00fcresi":"5 dakika"},"schema":{"@context":"https:\/\/schema.org","@graph":[{"@type":"WebPage","@id":"https:\/\/enercon.it\/tr\/endustri-icin-teknik-ekipman-ve-ozel-uygulamalar\/","url":"https:\/\/enercon.it\/tr\/endustri-icin-teknik-ekipman-ve-ozel-uygulamalar\/","name":"End\u00fcstri i\u00e7in teknik ekipman | Enercon","isPartOf":{"@id":"https:\/\/enercon.it\/#website"},"primaryImageOfPage":{"@id":"https:\/\/enercon.it\/tr\/endustri-icin-teknik-ekipman-ve-ozel-uygulamalar\/#primaryimage"},"image":{"@id":"https:\/\/enercon.it\/tr\/endustri-icin-teknik-ekipman-ve-ozel-uygulamalar\/#primaryimage"},"thumbnailUrl":"https:\/\/enercon.it\/wp-content\/uploads\/attrezzature-tecniche-applicazioni-speciali-siviera-mobile-automatica-teknia-spagna.jpg","datePublished":"2022-07-20T08:01:09+00:00","dateModified":"2022-11-30T15:31:54+00:00","description":"Enercon, \u00f6zel end\u00fcstriyel ekipman ve sistemler tasarlar ve \u00fcretir. Uzman ekibi sayesinde ki\u015fiye \u00f6zel \u00e7\u00f6z\u00fcmler sunar. Daha fazlas\u0131n\u0131 \u00f6\u011frenin.","breadcrumb":{"@id":"https:\/\/enercon.it\/tr\/endustri-icin-teknik-ekipman-ve-ozel-uygulamalar\/#breadcrumb"},"inLanguage":"tr","potentialAction":[{"@type":"ReadAction","target":["https:\/\/enercon.it\/tr\/endustri-icin-teknik-ekipman-ve-ozel-uygulamalar\/"]}]},{"@type":"ImageObject","inLanguage":"tr","@id":"https:\/\/enercon.it\/tr\/endustri-icin-teknik-ekipman-ve-ozel-uygulamalar\/#primaryimage","url":"https:\/\/enercon.it\/wp-content\/uploads\/attrezzature-tecniche-applicazioni-speciali-siviera-mobile-automatica-teknia-spagna.jpg","contentUrl":"https:\/\/enercon.it\/wp-content\/uploads\/attrezzature-tecniche-applicazioni-speciali-siviera-mobile-automatica-teknia-spagna.jpg","width":900,"height":600},{"@type":"BreadcrumbList","@id":"https:\/\/enercon.it\/tr\/endustri-icin-teknik-ekipman-ve-ozel-uygulamalar\/#breadcrumb","itemListElement":[{"@type":"ListItem","position":1,"name":"Home","item":"https:\/\/enercon.it\/tr\/"},{"@type":"ListItem","position":2,"name":"End\u00fcstri i\u00e7in teknik ekipman ve \u00f6zel uygulamalar"}]},{"@type":"WebSite","@id":"https:\/\/enercon.it\/#website","url":"https:\/\/enercon.it\/","name":"Enercon","description":"Depurazione di inquinanti atmosferici","publisher":{"@id":"https:\/\/enercon.it\/#organization"},"potentialAction":[{"@type":"SearchAction","target":{"@type":"EntryPoint","urlTemplate":"https:\/\/enercon.it\/?s={search_term_string}"},"query-input":{"@type":"PropertyValueSpecification","valueRequired":true,"valueName":"search_term_string"}}],"inLanguage":"tr"},{"@type":"Organization","@id":"https:\/\/enercon.it\/#organization","name":"Enercon S.r.l.","url":"https:\/\/enercon.it\/","logo":{"@type":"ImageObject","inLanguage":"tr","@id":"https:\/\/enercon.it\/#\/schema\/logo\/image\/","url":"https:\/\/enercon.it\/wp-content\/uploads\/2022\/05\/logo-enercon.png","contentUrl":"https:\/\/enercon.it\/wp-content\/uploads\/2022\/05\/logo-enercon.png","width":270,"height":110,"caption":"Enercon S.r.l."},"image":{"@id":"https:\/\/enercon.it\/#\/schema\/logo\/image\/"}}]}},"_links":{"self":[{"href":"https:\/\/enercon.it\/tr\/wp-json\/wp\/v2\/pages\/9944"}],"collection":[{"href":"https:\/\/enercon.it\/tr\/wp-json\/wp\/v2\/pages"}],"about":[{"href":"https:\/\/enercon.it\/tr\/wp-json\/wp\/v2\/types\/page"}],"author":[{"embeddable":true,"href":"https:\/\/enercon.it\/tr\/wp-json\/wp\/v2\/users\/1"}],"replies":[{"embeddable":true,"href":"https:\/\/enercon.it\/tr\/wp-json\/wp\/v2\/comments?post=9944"}],"version-history":[{"count":7,"href":"https:\/\/enercon.it\/tr\/wp-json\/wp\/v2\/pages\/9944\/revisions"}],"predecessor-version":[{"id":10149,"href":"https:\/\/enercon.it\/tr\/wp-json\/wp\/v2\/pages\/9944\/revisions\/10149"}],"wp:featuredmedia":[{"embeddable":true,"href":"https:\/\/enercon.it\/tr\/wp-json\/wp\/v2\/media\/9397"}],"wp:attachment":[{"href":"https:\/\/enercon.it\/tr\/wp-json\/wp\/v2\/media?parent=9944"}],"curies":[{"name":"wp","href":"https:\/\/api.w.org\/{rel}","templated":true}]}}