{"id":9941,"date":"2022-07-19T13:41:03","date_gmt":"2022-07-19T13:41:03","guid":{"rendered":"https:\/\/enercon.it\/enerji-tasarrufu-ve-kazanimi-yakma-firinlari\/"},"modified":"2022-11-30T16:10:34","modified_gmt":"2022-11-30T16:10:34","slug":"enerji-tasarrufu-ve-kazanimi-yakma-firinlari","status":"publish","type":"page","link":"https:\/\/enercon.it\/tr\/enerji-tasarrufu-ve-kazanimi-yakma-firinlari\/","title":{"rendered":"Enerji tasarrufu ve kazan\u0131m\u0131 &#8211; Yakma f\u0131r\u0131nlar\u0131"},"content":{"rendered":"<p>[vc_row full_width=&#8221;stretch_row&#8221; pix_padding_top=&#8221;padding No&#8221; pix_padding_bottom=&#8221;padding No&#8221; gradient_colors=&#8221;%5B%7B%7D%5D&#8221; css=&#8221;.vc_custom_1658388227600{padding-top: 150px !important;padding-bottom: 150px !important;background-image: url(https:\/\/enercon.it\/wp-content\/uploads\/impiant-recupero-energetico-background.jpg?id=6199) !important;background-position: center !important;background-repeat: no-repeat !important;background-size: cover !important;}&#8221;][vc_column][common_title title=&#8221;Enerji tasarrufu ve kazan\u0131m\u0131 &#8211; Yakma f\u0131r\u0131nlar\u0131&#8221; color=&#8221;white-heading&#8221;][\/common_title][\/vc_column][\/vc_row][vc_row pix_padding_top=&#8221;padding No&#8221; pix_padding_bottom=&#8221;padding No&#8221; radius=&#8221;pix-rounded&#8221; overflow=&#8221;on&#8221; top_offset=&#8221;-100px&#8221; gradient_colors=&#8221;%5B%7B%7D%5D&#8221; shadow=&#8221;pix-shadow&#8221; shadow_values=&#8221;%5B%7B%22horizontal%22%3A%220%22%2C%22vertical%22%3A%222%22%2C%22blur%22%3A%2210%22%2C%22spread%22%3A%225px%22%2C%22color%22%3A%22%23000000%22%2C%22opacity%22%3A%2210%22%7D%5D&#8221;][vc_column pix_padding_top=&#8221;padding S&#8221; pix_padding_bottom=&#8221;padding S&#8221; gradient_colors=&#8221;%5B%7B%7D%5D&#8221; css=&#8221;.vc_custom_1652800232515{background-color: #ffffff !important;}&#8221;][vc_row_inner content_placement=&#8221;middle&#8221; gap=&#8221;35&#8243; gradient_colors=&#8221;%5B%7B%7D%5D&#8221; el_class=&#8221;swap-on-mobile&#8221;][vc_column_inner width=&#8221;1\/2&#8243; css=&#8221;.vc_custom_1668672079939{padding-top: 30px !important;}&#8221;][vc_single_image image=&#8221;6192&#8243; img_size=&#8221;full&#8221;][\/vc_column_inner][vc_column_inner width=&#8221;1\/2&#8243;][vc_column_text]Ar\u0131t\u0131lacak gazlar genellikle do\u011fru ekipmanla kullan\u0131labilecek b\u00fcy\u00fck miktarlarda enerji (tipik olarak termal) i\u00e7erir. Enercon, aksi takdirde kaybedilecek enerjiyi geri kazanmak i\u00e7in baca <strong>gaz\u0131-hava ve baca gaz\u0131-su \u0131s\u0131 e\u015fanj\u00f6rleri<\/strong> tasarlam\u0131\u015f ve geli\u015ftirmi\u015ftir. (Yeni veya mevcut) filtrasyon tesislerine bir <strong>\u0131s\u0131 geri kazan\u0131m<\/strong> \u00fcnitesinin kurulmas\u0131 son derece uygun <strong>maliyetli ve s\u00fcrd\u00fcr\u00fclebilir<\/strong> bir \u00e7\u00f6z\u00fcmd\u00fcr.[\/vc_column_text][\/vc_column_inner][\/vc_row_inner][\/vc_column][\/vc_row][vc_row gap=&#8221;35&#8243; gradient_colors=&#8221;%5B%7B%7D%5D&#8221;][vc_column width=&#8221;1\/2&#8243; gradient_colors=&#8221;%5B%7B%7D%5D&#8221; css=&#8221;.vc_custom_1668672388676{padding-top: 30px !important;}&#8221;][common_title title=&#8221;Enerji geri kazan\u0131m\u0131 ve tasarrufu uygulamalar\u0131&#8221; position=&#8221;text-left&#8221;][\/common_title][common_icon_box icon_type=&#8221;font&#8221; icon_pixfontawesome=&#8221;fa fa-check&#8221; icon_size=&#8221;pix-icon-s&#8221; title=&#8221;Baca gaz\u0131 so\u011futucular\u0131&#8221; css=&#8221;.vc_custom_1658241029165{padding-bottom: 10px !important;}&#8221;][\/common_icon_box][common_icon_box icon_type=&#8221;font&#8221; icon_pixfontawesome=&#8221;fa fa-check&#8221; icon_size=&#8221;pix-icon-s&#8221; title=&#8221;Baca gaz\u0131, su ve buhar \u0131s\u0131 rek\u00fcperat\u00f6rleri&#8221; css=&#8221;.vc_custom_1658241040308{padding-bottom: 10px !important;}&#8221;][\/common_icon_box][common_icon_box icon_type=&#8221;font&#8221; icon_pixfontawesome=&#8221;fa fa-check&#8221; icon_size=&#8221;pix-icon-s&#8221; title=&#8221;Yakma f\u0131r\u0131nlar\u0131 500 kg\/h imha kapasitesine sahiptir&#8221; css=&#8221;.vc_custom_1659626936680{padding-bottom: 10px !important;}&#8221;][\/common_icon_box][\/vc_column][vc_column width=&#8221;1\/2&#8243; gradient_colors=&#8221;%5B%7B%7D%5D&#8221; css=&#8221;.vc_custom_1668672394626{padding-top: 30px !important;}&#8221;][common_title title=&#8221;Is\u0131 e\u015fanj\u00f6r\u00fc nas\u0131l \u00e7al\u0131\u015f\u0131r?&#8221; position=&#8221;text-left&#8221;][\/common_title][vc_column_text]Is\u0131 de\u011fi\u015fim sistemleri, normalde bo\u015fa harcanan <strong>\u0131s\u0131y\u0131 geri kazanarak<\/strong> m\u00fc\u015fterinin ihtiya\u00e7lar\u0131na g\u00f6re \u00e7e\u015fitli \u00fcretim departmanlar\u0131na, ofislere veya proseslere su ve\/veya s\u0131cak hava sa\u011flayabilir, b\u00f6ylece <strong>t\u00fcketimin azalt\u0131lmas\u0131na ve yat\u0131r\u0131mlar\u0131n \u00e7ok h\u0131zl\u0131 bir \u015fekilde amorti<\/strong> edilmesine olanak tan\u0131r. Kazan\u0131lacak enerjinin yat\u0131r\u0131mlar\u0131n d\u00f6n\u00fc\u015f\u00fc i\u00e7in belirlenen e\u015fikten y\u00fcksek olmas\u0131 durumunda Enercon firmas\u0131 <strong>elektrik enerjisi \u00fcretimi i\u00e7in tesisatlar<\/strong> kurabilir.[\/vc_column_text][common_button text=&#8221;Veri sayfas\u0131n\u0131 indirin&#8221; link=&#8221;url:https%3A%2F%2Fenercon.it%2Fwp-content%2Fuploads%2Fdownload%2Fscheda-tecnica-recupero-energetico.pdf|target:_blank&#8221; size_v=&#8221;pix-v-l&#8221; css=&#8221;.vc_custom_1658387272626{margin-bottom: 10px !important;padding-top: 70px !important;}&#8221;][\/vc_column][\/vc_row][vc_row full_width=&#8221;stretch_row&#8221; content_placement=&#8221;middle&#8221; pix_padding_top=&#8221;padding S&#8221; pix_padding_bottom=&#8221;padding S&#8221; gradient_colors=&#8221;%5B%7B%7D%5D&#8221; css=&#8221;.vc_custom_1658387232839{background-color: #00507e !important;}&#8221; el_class=&#8221;titolo-bianco negativo&#8221;][vc_column][vc_row_inner content_placement=&#8221;middle&#8221; gradient_colors=&#8221;%5B%7B%7D%5D&#8221;][vc_column_inner width=&#8221;1\/2&#8243;][common_title title=&#8221;Yakma f\u0131r\u0131nlar\u0131n\u0131n in\u015fas\u0131&#8221; position=&#8221;text-left&#8221;][\/common_title][vc_column_text]Enercon 1984 y\u0131l\u0131ndan bu yana \u0130talya, Bel\u00e7ika, Meksika ve Venezuela&#8217;da end\u00fcstriyel ve hastane at\u0131klar\u0131 i\u00e7in k\u00fc\u00e7\u00fck yakma f\u0131r\u0131nlar\u0131 kurmu\u015ftur. 2000 y\u0131l\u0131nda Enercon, sundu\u011fu \u00fcr\u00fcn yelpazesini geni\u015fletmek amac\u0131yla, yakma sistemleri \u00fcretiminde 30 y\u0131l\u0131 a\u015fk\u0131n bir s\u00fcredir pazar lideri olan &#8216;IMEF&#8217;in marka, know-how ve patentlerini devrald\u0131. Bu da Enercon&#8217;un \u00fcretimini ve yakma sistemlerinin in\u015fas\u0131n\u0131 geni\u015fletmesini sa\u011flad\u0131.[\/vc_column_text][common_button text=&#8221;Veri sayfas\u0131n\u0131 indirin&#8221; link=&#8221;url:https%3A%2F%2Fenercon.it%2Fwp-content%2Fuploads%2Fdownload%2Fscheda-forni-enercon-imef.pdf|target:_blank&#8221; size_v=&#8221;pix-v-l&#8221; css=&#8221;.vc_custom_1658387296882{margin-bottom: 10px !important;padding-top: 70px !important;}&#8221;][\/vc_column_inner][vc_column_inner width=&#8221;1\/2&#8243;][vc_single_image image=&#8221;6195&#8243; img_size=&#8221;400&#215;600&#8243; alignment=&#8221;center&#8221;][\/vc_column_inner][\/vc_row_inner][\/vc_column][\/vc_row][vc_row full_width=&#8221;stretch_row&#8221; gap=&#8221;5&#8243; content_placement=&#8221;middle&#8221; pix_padding_bottom=&#8221;padding No&#8221; gradient_colors=&#8221;%5B%7B%7D%5D&#8221;][vc_column gradient_colors=&#8221;%5B%7B%7D%5D&#8221; offset=&#8221;vc_hidden-xs&#8221;][common_title title=&#8221;Galeriye g\u00f6z at\u0131n&#8221;][\/common_title][vc_media_grid style=&#8221;pagination&#8221; items_per_page=&#8221;4&#8243; element_width=&#8221;3&#8243; gap=&#8221;10&#8243; arrows_design=&#8221;vc_arrow-icon-arrow_01_left&#8221; arrows_position=&#8221;outside&#8221; arrows_color=&#8221;black&#8221; loop=&#8221;yes&#8221; grid_id=&#8221;vc_gid:1668672085148-33056456-a5a4-1&#8243; include=&#8221;6192,6193,6194,6195,6196,6197,6349,6350&#8243;][\/vc_column][\/vc_row][vc_row full_width=&#8221;stretch_row&#8221; gap=&#8221;5&#8243; content_placement=&#8221;middle&#8221; pix_padding_bottom=&#8221;padding No&#8221; gradient_colors=&#8221;%5B%7B%7D%5D&#8221;][vc_column gradient_colors=&#8221;%5B%7B%7D%5D&#8221; offset=&#8221;vc_hidden-lg vc_hidden-md vc_hidden-sm&#8221;][common_title title=&#8221;Galeriye g\u00f6z at\u0131n&#8221;][\/common_title][vc_media_grid style=&#8221;pagination&#8221; items_per_page=&#8221;1&#8243; element_width=&#8221;12&#8243; gap=&#8221;10&#8243; arrows_design=&#8221;vc_arrow-icon-arrow_01_left&#8221; arrows_position=&#8221;outside&#8221; arrows_color=&#8221;black&#8221; loop=&#8221;yes&#8221; grid_id=&#8221;vc_gid:1668672085152-bbe42a54-9699-2&#8243; include=&#8221;6192,6193,6194,6195,6196,6197,6349,6350&#8243;][\/vc_column][\/vc_row][vc_row full_width=&#8221;stretch_row&#8221; pix_padding_top=&#8221;padding M&#8221; pix_padding_bottom=&#8221;padding M&#8221; gradient_colors=&#8221;%5B%7B%7D%5D&#8221; pix_padding=&#8221;pix-padding-both&#8221; pix_padding_size=&#8221;pix-padding-xl&#8221; css=&#8221;.vc_custom_1658389041868{background-color: #f7f7f7 !important;}&#8221;][vc_column][common_title title=&#8221;Daha fazla bilgi i\u00e7in bize ula\u015f\u0131n&#8221; padding=&#8221;off&#8221;][\/common_title][common_cform7 form_id=&#8221;1768&#8243; box_gap=&#8221;50&#8243;][\/vc_column][\/vc_row]<\/p>\n","protected":false},"excerpt":{"rendered":"<p>[vc_row full_width=&#8221;stretch_row&#8221; pix_padding_top=&#8221;padding No&#8221; pix_padding_bottom=&#8221;padding No&#8221; gradient_colors=&#8221;%5B%7B%7D%5D&#8221; css=&#8221;.vc_custom_1658388227600{padding-top: 150px !important;padding-bottom: 150px !important;background-image: url(https:\/\/enercon.it\/wp-content\/uploads\/impiant-recupero-energetico-background.jpg?id=6199) !important;background-position: center !important;background-repeat: no-repeat !important;background-size: cover !important;}&#8221;][vc_column][common_title title=&#8221;Enerji tasarrufu ve kazan\u0131m\u0131 &#8211; Yakma f\u0131r\u0131nlar\u0131&#8221; color=&#8221;white-heading&#8221;][\/common_title][\/vc_column][\/vc_row][vc_row pix_padding_top=&#8221;padding No&#8221; pix_padding_bottom=&#8221;padding No&#8221; radius=&#8221;pix-rounded&#8221; overflow=&#8221;on&#8221; top_offset=&#8221;-100px&#8221; gradient_colors=&#8221;%5B%7B%7D%5D&#8221; shadow=&#8221;pix-shadow&#8221; shadow_values=&#8221;%5B%7B%22horizontal%22%3A%220%22%2C%22vertical%22%3A%222%22%2C%22blur%22%3A%2210%22%2C%22spread%22%3A%225px%22%2C%22color%22%3A%22%23000000%22%2C%22opacity%22%3A%2210%22%7D%5D&#8221;][vc_column pix_padding_top=&#8221;padding S&#8221; pix_padding_bottom=&#8221;padding S&#8221; gradient_colors=&#8221;%5B%7B%7D%5D&#8221; css=&#8221;.vc_custom_1652800232515{background-color: #ffffff !important;}&#8221;][vc_row_inner content_placement=&#8221;middle&#8221; gap=&#8221;35&#8243; gradient_colors=&#8221;%5B%7B%7D%5D&#8221; el_class=&#8221;swap-on-mobile&#8221;][vc_column_inner width=&#8221;1\/2&#8243; css=&#8221;.vc_custom_1668672079939{padding-top: 30px !important;}&#8221;][vc_single_image image=&#8221;6192&#8243; [&hellip;]<\/p>\n","protected":false},"author":1,"featured_media":9373,"parent":0,"menu_order":0,"comment_status":"closed","ping_status":"closed","template":"page-home.php","meta":{"inline_featured_image":false,"footnotes":""},"class_list":["post-9941","page","type-page","status-publish","has-post-thumbnail","hentry"],"yoast_head":"<!-- This site is optimized with the Yoast SEO plugin v23.8 - https:\/\/yoast.com\/wordpress\/plugins\/seo\/ -->\n<title>Yakma f\u0131r\u0131nlar\u0131 ve enerji geri kazan\u0131m tesisleri | Enercon<\/title>\n<meta name=\"description\" content=\"Enercon, enerji geri kazan\u0131m\u0131 i\u00e7in \u0131s\u0131 e\u015fanj\u00f6rleri tasarlar. Filtrasyon tesislerine \u0131s\u0131 geri kazan\u0131c\u0131lar\u0131 kurar. Daha fazlas\u0131n\u0131 okuyun.\" \/>\n<meta name=\"robots\" content=\"index, follow, max-snippet:-1, max-image-preview:large, max-video-preview:-1\" \/>\n<link rel=\"canonical\" href=\"https:\/\/enercon.it\/tr\/enerji-tasarrufu-ve-kazanimi-yakma-firinlari\/\" \/>\n<meta property=\"og:locale\" content=\"tr_TR\" \/>\n<meta property=\"og:type\" content=\"article\" \/>\n<meta property=\"og:title\" content=\"Yakma f\u0131r\u0131nlar\u0131 ve enerji geri kazan\u0131m tesisleri | Enercon\" \/>\n<meta property=\"og:description\" content=\"Enercon, enerji geri kazan\u0131m\u0131 i\u00e7in \u0131s\u0131 e\u015fanj\u00f6rleri tasarlar. Filtrasyon tesislerine \u0131s\u0131 geri kazan\u0131c\u0131lar\u0131 kurar. Daha fazlas\u0131n\u0131 okuyun.\" \/>\n<meta property=\"og:url\" content=\"https:\/\/enercon.it\/tr\/enerji-tasarrufu-ve-kazanimi-yakma-firinlari\/\" \/>\n<meta property=\"og:site_name\" content=\"Enercon\" \/>\n<meta property=\"article:modified_time\" content=\"2022-11-30T16:10:34+00:00\" \/>\n<meta property=\"og:image\" content=\"https:\/\/enercon.it\/wp-content\/uploads\/impianti-recupero-energetico-Preriscaldo-aria-ambiente-Industrie-Pasotti-Italia.jpg\" \/>\n\t<meta property=\"og:image:width\" content=\"900\" \/>\n\t<meta property=\"og:image:height\" content=\"600\" \/>\n\t<meta property=\"og:image:type\" content=\"image\/jpeg\" \/>\n<meta name=\"twitter:card\" content=\"summary_large_image\" \/>\n<meta name=\"twitter:label1\" content=\"Tahmini okuma s\u00fcresi\" \/>\n\t<meta name=\"twitter:data1\" content=\"5 dakika\" \/>\n<script type=\"application\/ld+json\" class=\"yoast-schema-graph\">{\"@context\":\"https:\/\/schema.org\",\"@graph\":[{\"@type\":\"WebPage\",\"@id\":\"https:\/\/enercon.it\/tr\/enerji-tasarrufu-ve-kazanimi-yakma-firinlari\/\",\"url\":\"https:\/\/enercon.it\/tr\/enerji-tasarrufu-ve-kazanimi-yakma-firinlari\/\",\"name\":\"Yakma f\u0131r\u0131nlar\u0131 ve enerji geri kazan\u0131m tesisleri | Enercon\",\"isPartOf\":{\"@id\":\"https:\/\/enercon.it\/#website\"},\"primaryImageOfPage\":{\"@id\":\"https:\/\/enercon.it\/tr\/enerji-tasarrufu-ve-kazanimi-yakma-firinlari\/#primaryimage\"},\"image\":{\"@id\":\"https:\/\/enercon.it\/tr\/enerji-tasarrufu-ve-kazanimi-yakma-firinlari\/#primaryimage\"},\"thumbnailUrl\":\"https:\/\/enercon.it\/wp-content\/uploads\/impianti-recupero-energetico-Preriscaldo-aria-ambiente-Industrie-Pasotti-Italia.jpg\",\"datePublished\":\"2022-07-19T13:41:03+00:00\",\"dateModified\":\"2022-11-30T16:10:34+00:00\",\"description\":\"Enercon, enerji geri kazan\u0131m\u0131 i\u00e7in \u0131s\u0131 e\u015fanj\u00f6rleri tasarlar. Filtrasyon tesislerine \u0131s\u0131 geri kazan\u0131c\u0131lar\u0131 kurar. Daha fazlas\u0131n\u0131 okuyun.\",\"breadcrumb\":{\"@id\":\"https:\/\/enercon.it\/tr\/enerji-tasarrufu-ve-kazanimi-yakma-firinlari\/#breadcrumb\"},\"inLanguage\":\"tr\",\"potentialAction\":[{\"@type\":\"ReadAction\",\"target\":[\"https:\/\/enercon.it\/tr\/enerji-tasarrufu-ve-kazanimi-yakma-firinlari\/\"]}]},{\"@type\":\"ImageObject\",\"inLanguage\":\"tr\",\"@id\":\"https:\/\/enercon.it\/tr\/enerji-tasarrufu-ve-kazanimi-yakma-firinlari\/#primaryimage\",\"url\":\"https:\/\/enercon.it\/wp-content\/uploads\/impianti-recupero-energetico-Preriscaldo-aria-ambiente-Industrie-Pasotti-Italia.jpg\",\"contentUrl\":\"https:\/\/enercon.it\/wp-content\/uploads\/impianti-recupero-energetico-Preriscaldo-aria-ambiente-Industrie-Pasotti-Italia.jpg\",\"width\":900,\"height\":600},{\"@type\":\"BreadcrumbList\",\"@id\":\"https:\/\/enercon.it\/tr\/enerji-tasarrufu-ve-kazanimi-yakma-firinlari\/#breadcrumb\",\"itemListElement\":[{\"@type\":\"ListItem\",\"position\":1,\"name\":\"Home\",\"item\":\"https:\/\/enercon.it\/tr\/\"},{\"@type\":\"ListItem\",\"position\":2,\"name\":\"Enerji tasarrufu ve kazan\u0131m\u0131 &#8211; Yakma f\u0131r\u0131nlar\u0131\"}]},{\"@type\":\"WebSite\",\"@id\":\"https:\/\/enercon.it\/#website\",\"url\":\"https:\/\/enercon.it\/\",\"name\":\"Enercon\",\"description\":\"Depurazione di inquinanti atmosferici\",\"publisher\":{\"@id\":\"https:\/\/enercon.it\/#organization\"},\"potentialAction\":[{\"@type\":\"SearchAction\",\"target\":{\"@type\":\"EntryPoint\",\"urlTemplate\":\"https:\/\/enercon.it\/?s={search_term_string}\"},\"query-input\":{\"@type\":\"PropertyValueSpecification\",\"valueRequired\":true,\"valueName\":\"search_term_string\"}}],\"inLanguage\":\"tr\"},{\"@type\":\"Organization\",\"@id\":\"https:\/\/enercon.it\/#organization\",\"name\":\"Enercon S.r.l.\",\"url\":\"https:\/\/enercon.it\/\",\"logo\":{\"@type\":\"ImageObject\",\"inLanguage\":\"tr\",\"@id\":\"https:\/\/enercon.it\/#\/schema\/logo\/image\/\",\"url\":\"https:\/\/enercon.it\/wp-content\/uploads\/2022\/05\/logo-enercon.png\",\"contentUrl\":\"https:\/\/enercon.it\/wp-content\/uploads\/2022\/05\/logo-enercon.png\",\"width\":270,\"height\":110,\"caption\":\"Enercon S.r.l.\"},\"image\":{\"@id\":\"https:\/\/enercon.it\/#\/schema\/logo\/image\/\"}}]}<\/script>\n<!-- \/ Yoast SEO plugin. -->","yoast_head_json":{"title":"Yakma f\u0131r\u0131nlar\u0131 ve enerji geri kazan\u0131m tesisleri | Enercon","description":"Enercon, enerji geri kazan\u0131m\u0131 i\u00e7in \u0131s\u0131 e\u015fanj\u00f6rleri tasarlar. Filtrasyon tesislerine \u0131s\u0131 geri kazan\u0131c\u0131lar\u0131 kurar. Daha fazlas\u0131n\u0131 okuyun.","robots":{"index":"index","follow":"follow","max-snippet":"max-snippet:-1","max-image-preview":"max-image-preview:large","max-video-preview":"max-video-preview:-1"},"canonical":"https:\/\/enercon.it\/tr\/enerji-tasarrufu-ve-kazanimi-yakma-firinlari\/","og_locale":"tr_TR","og_type":"article","og_title":"Yakma f\u0131r\u0131nlar\u0131 ve enerji geri kazan\u0131m tesisleri | Enercon","og_description":"Enercon, enerji geri kazan\u0131m\u0131 i\u00e7in \u0131s\u0131 e\u015fanj\u00f6rleri tasarlar. Filtrasyon tesislerine \u0131s\u0131 geri kazan\u0131c\u0131lar\u0131 kurar. Daha fazlas\u0131n\u0131 okuyun.","og_url":"https:\/\/enercon.it\/tr\/enerji-tasarrufu-ve-kazanimi-yakma-firinlari\/","og_site_name":"Enercon","article_modified_time":"2022-11-30T16:10:34+00:00","og_image":[{"width":900,"height":600,"url":"https:\/\/enercon.it\/wp-content\/uploads\/impianti-recupero-energetico-Preriscaldo-aria-ambiente-Industrie-Pasotti-Italia.jpg","type":"image\/jpeg"}],"twitter_card":"summary_large_image","twitter_misc":{"Tahmini okuma s\u00fcresi":"5 dakika"},"schema":{"@context":"https:\/\/schema.org","@graph":[{"@type":"WebPage","@id":"https:\/\/enercon.it\/tr\/enerji-tasarrufu-ve-kazanimi-yakma-firinlari\/","url":"https:\/\/enercon.it\/tr\/enerji-tasarrufu-ve-kazanimi-yakma-firinlari\/","name":"Yakma f\u0131r\u0131nlar\u0131 ve enerji geri kazan\u0131m tesisleri | Enercon","isPartOf":{"@id":"https:\/\/enercon.it\/#website"},"primaryImageOfPage":{"@id":"https:\/\/enercon.it\/tr\/enerji-tasarrufu-ve-kazanimi-yakma-firinlari\/#primaryimage"},"image":{"@id":"https:\/\/enercon.it\/tr\/enerji-tasarrufu-ve-kazanimi-yakma-firinlari\/#primaryimage"},"thumbnailUrl":"https:\/\/enercon.it\/wp-content\/uploads\/impianti-recupero-energetico-Preriscaldo-aria-ambiente-Industrie-Pasotti-Italia.jpg","datePublished":"2022-07-19T13:41:03+00:00","dateModified":"2022-11-30T16:10:34+00:00","description":"Enercon, enerji geri kazan\u0131m\u0131 i\u00e7in \u0131s\u0131 e\u015fanj\u00f6rleri tasarlar. Filtrasyon tesislerine \u0131s\u0131 geri kazan\u0131c\u0131lar\u0131 kurar. Daha fazlas\u0131n\u0131 okuyun.","breadcrumb":{"@id":"https:\/\/enercon.it\/tr\/enerji-tasarrufu-ve-kazanimi-yakma-firinlari\/#breadcrumb"},"inLanguage":"tr","potentialAction":[{"@type":"ReadAction","target":["https:\/\/enercon.it\/tr\/enerji-tasarrufu-ve-kazanimi-yakma-firinlari\/"]}]},{"@type":"ImageObject","inLanguage":"tr","@id":"https:\/\/enercon.it\/tr\/enerji-tasarrufu-ve-kazanimi-yakma-firinlari\/#primaryimage","url":"https:\/\/enercon.it\/wp-content\/uploads\/impianti-recupero-energetico-Preriscaldo-aria-ambiente-Industrie-Pasotti-Italia.jpg","contentUrl":"https:\/\/enercon.it\/wp-content\/uploads\/impianti-recupero-energetico-Preriscaldo-aria-ambiente-Industrie-Pasotti-Italia.jpg","width":900,"height":600},{"@type":"BreadcrumbList","@id":"https:\/\/enercon.it\/tr\/enerji-tasarrufu-ve-kazanimi-yakma-firinlari\/#breadcrumb","itemListElement":[{"@type":"ListItem","position":1,"name":"Home","item":"https:\/\/enercon.it\/tr\/"},{"@type":"ListItem","position":2,"name":"Enerji tasarrufu ve kazan\u0131m\u0131 &#8211; Yakma f\u0131r\u0131nlar\u0131"}]},{"@type":"WebSite","@id":"https:\/\/enercon.it\/#website","url":"https:\/\/enercon.it\/","name":"Enercon","description":"Depurazione di inquinanti atmosferici","publisher":{"@id":"https:\/\/enercon.it\/#organization"},"potentialAction":[{"@type":"SearchAction","target":{"@type":"EntryPoint","urlTemplate":"https:\/\/enercon.it\/?s={search_term_string}"},"query-input":{"@type":"PropertyValueSpecification","valueRequired":true,"valueName":"search_term_string"}}],"inLanguage":"tr"},{"@type":"Organization","@id":"https:\/\/enercon.it\/#organization","name":"Enercon S.r.l.","url":"https:\/\/enercon.it\/","logo":{"@type":"ImageObject","inLanguage":"tr","@id":"https:\/\/enercon.it\/#\/schema\/logo\/image\/","url":"https:\/\/enercon.it\/wp-content\/uploads\/2022\/05\/logo-enercon.png","contentUrl":"https:\/\/enercon.it\/wp-content\/uploads\/2022\/05\/logo-enercon.png","width":270,"height":110,"caption":"Enercon S.r.l."},"image":{"@id":"https:\/\/enercon.it\/#\/schema\/logo\/image\/"}}]}},"_links":{"self":[{"href":"https:\/\/enercon.it\/tr\/wp-json\/wp\/v2\/pages\/9941"}],"collection":[{"href":"https:\/\/enercon.it\/tr\/wp-json\/wp\/v2\/pages"}],"about":[{"href":"https:\/\/enercon.it\/tr\/wp-json\/wp\/v2\/types\/page"}],"author":[{"embeddable":true,"href":"https:\/\/enercon.it\/tr\/wp-json\/wp\/v2\/users\/1"}],"replies":[{"embeddable":true,"href":"https:\/\/enercon.it\/tr\/wp-json\/wp\/v2\/comments?post=9941"}],"version-history":[{"count":4,"href":"https:\/\/enercon.it\/tr\/wp-json\/wp\/v2\/pages\/9941\/revisions"}],"predecessor-version":[{"id":10184,"href":"https:\/\/enercon.it\/tr\/wp-json\/wp\/v2\/pages\/9941\/revisions\/10184"}],"wp:featuredmedia":[{"embeddable":true,"href":"https:\/\/enercon.it\/tr\/wp-json\/wp\/v2\/media\/9373"}],"wp:attachment":[{"href":"https:\/\/enercon.it\/tr\/wp-json\/wp\/v2\/media?parent=9941"}],"curies":[{"name":"wp","href":"https:\/\/api.w.org\/{rel}","templated":true}]}}