{"id":9938,"date":"2022-07-19T12:31:59","date_gmt":"2022-07-19T12:31:59","guid":{"rendered":"https:\/\/enercon.it\/endustriyel-hidrolik-tesisler\/"},"modified":"2023-01-10T13:45:14","modified_gmt":"2023-01-10T13:45:14","slug":"endustriyel-hidrolik-tesisler","status":"publish","type":"page","link":"https:\/\/enercon.it\/tr\/endustriyel-hidrolik-tesisler\/","title":{"rendered":"End\u00fcstriyel hidrolik tesisler"},"content":{"rendered":"<p>[vc_row full_width=&#8221;stretch_row&#8221; pix_padding_top=&#8221;padding No&#8221; pix_padding_bottom=&#8221;padding No&#8221; gradient_colors=&#8221;%5B%7B%7D%5D&#8221; css=&#8221;.vc_custom_1659946466527{padding-top: 150px !important;padding-bottom: 150px !important;background-image: url(https:\/\/enercon.it\/wp-content\/uploads\/Impianto-sala-pompe-distribuzione-acqu-di-raffreddamento-forno-FL-colata-continua-Gruppo-Feralpi-Romania-copia.jpg?id=6418) !important;background-position: center !important;background-repeat: no-repeat !important;background-size: cover !important;}&#8221;][vc_column][common_title title=&#8221;End\u00fcstriyel hidrolik tesisler&#8221; color=&#8221;white-heading&#8221;][\/common_title][\/vc_column][\/vc_row][vc_row pix_padding_top=&#8221;padding No&#8221; pix_padding_bottom=&#8221;padding No&#8221; radius=&#8221;pix-rounded&#8221; overflow=&#8221;on&#8221; top_offset=&#8221;-100px&#8221; gradient_colors=&#8221;%5B%7B%7D%5D&#8221; shadow=&#8221;pix-shadow&#8221; shadow_values=&#8221;%5B%7B%22horizontal%22%3A%220%22%2C%22vertical%22%3A%222%22%2C%22blur%22%3A%2210%22%2C%22spread%22%3A%225px%22%2C%22color%22%3A%22%23000000%22%2C%22opacity%22%3A%2210%22%7D%5D&#8221;][vc_column pix_padding_top=&#8221;padding S&#8221; pix_padding_bottom=&#8221;padding S&#8221; gradient_colors=&#8221;%5B%7B%7D%5D&#8221; css=&#8221;.vc_custom_1652800232515{background-color: #ffffff !important;}&#8221;][vc_row_inner content_placement=&#8221;middle&#8221; gap=&#8221;35&#8243; gradient_colors=&#8221;%5B%7B%7D%5D&#8221; el_class=&#8221;swap-on-mobile&#8221;][vc_column_inner width=&#8221;1\/2&#8243;][vc_single_image image=&#8221;6182&#8243; img_size=&#8221;full&#8221;][\/vc_column_inner][vc_column_inner width=&#8221;1\/2&#8243;][vc_column_text]M\u00fc\u015fterilere tam bit hizmet sa\u011flamak: bu Enercon firmas\u0131n\u0131n hem yeni sistemlerinin ger\u00e7ekle\u015ftirilmesi i\u00e7in hem de zaten mevcut olan sistemlerin rutin ve rutin olmayan bak\u0131m\u0131 i\u00e7in haz\u0131r bir m\u00fcdahale garanti ederek <strong>end\u00fcstriyel hidrolik sistem<\/strong> m\u00fchendisli\u011fi b\u00f6l\u00fcm\u00fcn\u00fc kurdu\u011fu ruhtur. Enercon bu nedenle <strong>hidrolik, pn\u00f6matik ve ya\u011f-hidrolik sekt\u00f6rlerinde<\/strong> lisansl\u0131 kaynak\u00e7\u0131larla sistemler tasarlamakta ve in\u015fa etmektedir.[\/vc_column_text][\/vc_column_inner][\/vc_row_inner][\/vc_column][\/vc_row][vc_row gap=&#8221;35&#8243; content_placement=&#8221;middle&#8221; gradient_colors=&#8221;%5B%7B%7D%5D&#8221;][vc_column width=&#8221;1\/2&#8243;][common_title title=&#8221;Yapt\u0131\u011f\u0131m\u0131z kurulumlar&#8221; position=&#8221;text-left&#8221;][\/common_title][common_icon_box icon_type=&#8221;font&#8221; icon_pixfontawesome=&#8221;fa fa-angle-right&#8221; icon_size=&#8221;pix-icon-s&#8221; title=&#8221;Birincil ve proses suyu so\u011futma, devridaim ve filtrasyon tesisleri&#8221; css=&#8221;.vc_custom_1658234320337{padding-bottom: 10px !important;}&#8221;][\/common_icon_box][common_icon_box icon_type=&#8221;font&#8221; icon_pixfontawesome=&#8221;fa fa-angle-right&#8221; icon_size=&#8221;pix-icon-s&#8221; title=&#8221;At\u0131k su ar\u0131tma tesisleri&#8221; css=&#8221;.vc_custom_1658234330537{padding-bottom: 10px !important;}&#8221;][\/common_icon_box][common_icon_box icon_type=&#8221;font&#8221; icon_pixfontawesome=&#8221;fa fa-angle-right&#8221; icon_size=&#8221;pix-icon-s&#8221; title=&#8221;Hidrolik sistemler ve ya\u011flama&#8221; css=&#8221;.vc_custom_1658234338608{padding-bottom: 10px !important;}&#8221;][\/common_icon_box][common_icon_box icon_type=&#8221;font&#8221; icon_pixfontawesome=&#8221;fa fa-angle-right&#8221; icon_size=&#8221;pix-icon-s&#8221; title=&#8221;Yerle\u015fik kurulumlar&#8221; css=&#8221;.vc_custom_1658234349867{padding-bottom: 10px !important;}&#8221;][\/common_icon_box][common_icon_box icon_type=&#8221;font&#8221; icon_pixfontawesome=&#8221;fa fa-angle-right&#8221; icon_size=&#8221;pix-icon-s&#8221; title=&#8221;Genel olarak gaz, bas\u0131n\u00e7l\u0131 hava ve teknik gazlar ve s\u0131v\u0131lar i\u00e7in da\u011f\u0131t\u0131m sistemleri&#8221; css=&#8221;.vc_custom_1658234359856{padding-bottom: 10px !important;}&#8221;][\/common_icon_box][common_icon_box icon_type=&#8221;font&#8221; icon_pixfontawesome=&#8221;fa fa-angle-right&#8221; icon_size=&#8221;pix-icon-s&#8221; title=&#8221;Mevcut tesislerin yenilenmesi&#8221; css=&#8221;.vc_custom_1658234371440{padding-bottom: 10px !important;}&#8221;][\/common_icon_box][common_icon_box icon_type=&#8221;font&#8221; icon_pixfontawesome=&#8221;fa fa-angle-right&#8221; icon_size=&#8221;pix-icon-s&#8221; title=&#8221;Borulama ve end\u00fcstriyel boru sistemleri&#8221; css=&#8221;.vc_custom_1658234381047{padding-bottom: 10px !important;}&#8221;][\/common_icon_box][\/vc_column][vc_column width=&#8221;1\/2&#8243; gradient_colors=&#8221;%5B%7B%7D%5D&#8221; css=&#8221;.vc_custom_1668615821268{padding-top: 30px !important;}&#8221;][common_title title=&#8221;Veri sayfas\u0131n\u0131 indirin&#8221;][\/common_title][common_button text=&#8221;End\u00fcstriyel hidrolik tesisler&#8221; link=&#8221;url:https%3A%2F%2Fenercon.it%2Fwp-content%2Fuploads%2Fdownload%2FEnercon_Depliant_Idraulica-%2520ENG.pdf|target:_blank&#8221; size_v=&#8221;pix-v-l&#8221; position=&#8221;pix-text-center&#8221; css=&#8221;.vc_custom_1673358312290{margin-top: 10px !important;margin-bottom: 10px !important;}&#8221;][\/vc_column][\/vc_row][vc_row full_width=&#8221;stretch_row&#8221; gap=&#8221;5&#8243; content_placement=&#8221;middle&#8221; pix_padding_bottom=&#8221;padding No&#8221; gradient_colors=&#8221;%5B%7B%7D%5D&#8221;][vc_column gradient_colors=&#8221;%5B%7B%7D%5D&#8221; offset=&#8221;vc_hidden-xs&#8221;][common_title title=&#8221;Galeriye g\u00f6z at\u0131n&#8221;][\/common_title][vc_media_grid style=&#8221;pagination&#8221; items_per_page=&#8221;4&#8243; element_width=&#8221;3&#8243; gap=&#8221;10&#8243; arrows_design=&#8221;vc_arrow-icon-arrow_01_left&#8221; arrows_position=&#8221;outside&#8221; arrows_color=&#8221;black&#8221; loop=&#8221;yes&#8221; grid_id=&#8221;vc_gid:1673358304545-5287aa4f3333bb02fa8ef3c94d1924d6-10&#8243; include=&#8221;6178,6179,6180,6181,6182,6183,6184,6185,6186,6187,6339,6340&#8243;][\/vc_column][\/vc_row][vc_row full_width=&#8221;stretch_row&#8221; gap=&#8221;5&#8243; content_placement=&#8221;middle&#8221; pix_padding_bottom=&#8221;padding No&#8221; gradient_colors=&#8221;%5B%7B%7D%5D&#8221;][vc_column gradient_colors=&#8221;%5B%7B%7D%5D&#8221; offset=&#8221;vc_hidden-lg vc_hidden-md vc_hidden-sm&#8221;][common_title title=&#8221;Galeriye g\u00f6z at\u0131n&#8221;][\/common_title][vc_media_grid style=&#8221;pagination&#8221; items_per_page=&#8221;1&#8243; element_width=&#8221;12&#8243; gap=&#8221;10&#8243; arrows_design=&#8221;vc_arrow-icon-arrow_01_left&#8221; arrows_position=&#8221;outside&#8221; arrows_color=&#8221;black&#8221; loop=&#8221;yes&#8221; grid_id=&#8221;vc_gid:1673358304595-8fb2cee3085464fef852308065fbdf5a-8&#8243; include=&#8221;6178,6179,6180,6181,6182,6183,6184,6185,6186,6187,6339,6340&#8243;][\/vc_column][\/vc_row][vc_row full_width=&#8221;stretch_row&#8221; pix_padding_top=&#8221;padding M&#8221; pix_padding_bottom=&#8221;padding M&#8221; gradient_colors=&#8221;%5B%7B%7D%5D&#8221; pix_padding=&#8221;pix-padding-both&#8221; pix_padding_size=&#8221;pix-padding-xl&#8221; css=&#8221;.vc_custom_1658389159337{background-color: #f7f7f7 !important;}&#8221;][vc_column][common_title title=&#8221;Daha fazla bilgi i\u00e7in bize ula\u015f\u0131n&#8221; padding=&#8221;off&#8221;][\/common_title][common_cform7 form_id=&#8221;1768&#8243; box_gap=&#8221;50&#8243;][\/vc_column][\/vc_row]<\/p>\n","protected":false},"excerpt":{"rendered":"<p>[vc_row full_width=&#8221;stretch_row&#8221; pix_padding_top=&#8221;padding No&#8221; pix_padding_bottom=&#8221;padding No&#8221; gradient_colors=&#8221;%5B%7B%7D%5D&#8221; css=&#8221;.vc_custom_1659946466527{padding-top: 150px !important;padding-bottom: 150px !important;background-image: url(https:\/\/enercon.it\/wp-content\/uploads\/Impianto-sala-pompe-distribuzione-acqu-di-raffreddamento-forno-FL-colata-continua-Gruppo-Feralpi-Romania-copia.jpg?id=6418) !important;background-position: center !important;background-repeat: no-repeat !important;background-size: cover !important;}&#8221;][vc_column][common_title title=&#8221;End\u00fcstriyel hidrolik tesisler&#8221; color=&#8221;white-heading&#8221;][\/common_title][\/vc_column][\/vc_row][vc_row pix_padding_top=&#8221;padding No&#8221; pix_padding_bottom=&#8221;padding No&#8221; radius=&#8221;pix-rounded&#8221; overflow=&#8221;on&#8221; top_offset=&#8221;-100px&#8221; gradient_colors=&#8221;%5B%7B%7D%5D&#8221; shadow=&#8221;pix-shadow&#8221; shadow_values=&#8221;%5B%7B%22horizontal%22%3A%220%22%2C%22vertical%22%3A%222%22%2C%22blur%22%3A%2210%22%2C%22spread%22%3A%225px%22%2C%22color%22%3A%22%23000000%22%2C%22opacity%22%3A%2210%22%7D%5D&#8221;][vc_column pix_padding_top=&#8221;padding S&#8221; pix_padding_bottom=&#8221;padding S&#8221; gradient_colors=&#8221;%5B%7B%7D%5D&#8221; css=&#8221;.vc_custom_1652800232515{background-color: #ffffff !important;}&#8221;][vc_row_inner content_placement=&#8221;middle&#8221; gap=&#8221;35&#8243; gradient_colors=&#8221;%5B%7B%7D%5D&#8221; el_class=&#8221;swap-on-mobile&#8221;][vc_column_inner width=&#8221;1\/2&#8243;][vc_single_image image=&#8221;6182&#8243; img_size=&#8221;full&#8221;][\/vc_column_inner][vc_column_inner width=&#8221;1\/2&#8243;][vc_column_text]M\u00fc\u015fterilere tam bit hizmet sa\u011flamak: bu [&hellip;]<\/p>\n","protected":false},"author":1,"featured_media":9367,"parent":0,"menu_order":0,"comment_status":"closed","ping_status":"closed","template":"page-home.php","meta":{"inline_featured_image":false,"footnotes":""},"class_list":["post-9938","page","type-page","status-publish","has-post-thumbnail","hentry"],"yoast_head":"<!-- This site is optimized with the Yoast SEO plugin v23.8 - https:\/\/yoast.com\/wordpress\/plugins\/seo\/ -->\n<title>End\u00fcstriyel hidrolik tesisler | Enercon<\/title>\n<meta name=\"description\" content=\"Enercon end\u00fcstriyel s\u0131hhi tesisat hizmetleri sunmaktad\u0131r. Mevcut tesisatlar\u0131n rutin ve ola\u011fan\u00fcst\u00fc bak\u0131m\u0131. Daha fazlas\u0131n\u0131 \u00f6\u011frenin.\" \/>\n<meta name=\"robots\" content=\"index, follow, max-snippet:-1, max-image-preview:large, max-video-preview:-1\" \/>\n<link rel=\"canonical\" href=\"https:\/\/enercon.it\/tr\/endustriyel-hidrolik-tesisler\/\" \/>\n<meta property=\"og:locale\" content=\"tr_TR\" \/>\n<meta property=\"og:type\" content=\"article\" \/>\n<meta property=\"og:title\" content=\"End\u00fcstriyel hidrolik tesisler | Enercon\" \/>\n<meta property=\"og:description\" content=\"Enercon end\u00fcstriyel s\u0131hhi tesisat hizmetleri sunmaktad\u0131r. Mevcut tesisatlar\u0131n rutin ve ola\u011fan\u00fcst\u00fc bak\u0131m\u0131. Daha fazlas\u0131n\u0131 \u00f6\u011frenin.\" \/>\n<meta property=\"og:url\" content=\"https:\/\/enercon.it\/tr\/endustriyel-hidrolik-tesisler\/\" \/>\n<meta property=\"og:site_name\" content=\"Enercon\" \/>\n<meta property=\"article:modified_time\" content=\"2023-01-10T13:45:14+00:00\" \/>\n<meta property=\"og:image\" content=\"https:\/\/enercon.it\/wp-content\/uploads\/impiantistica-oleodinamica-idraulica-Impianto-raffreddamento-colata-alluminio-Rafinaria-Capra-Metalli-Italia.jpg\" \/>\n\t<meta property=\"og:image:width\" content=\"900\" \/>\n\t<meta property=\"og:image:height\" content=\"600\" \/>\n\t<meta property=\"og:image:type\" content=\"image\/jpeg\" \/>\n<meta name=\"twitter:card\" content=\"summary_large_image\" \/>\n<meta name=\"twitter:label1\" content=\"Tahmini okuma s\u00fcresi\" \/>\n\t<meta name=\"twitter:data1\" content=\"4 dakika\" \/>\n<script type=\"application\/ld+json\" class=\"yoast-schema-graph\">{\"@context\":\"https:\/\/schema.org\",\"@graph\":[{\"@type\":\"WebPage\",\"@id\":\"https:\/\/enercon.it\/tr\/endustriyel-hidrolik-tesisler\/\",\"url\":\"https:\/\/enercon.it\/tr\/endustriyel-hidrolik-tesisler\/\",\"name\":\"End\u00fcstriyel hidrolik tesisler | Enercon\",\"isPartOf\":{\"@id\":\"https:\/\/enercon.it\/#website\"},\"primaryImageOfPage\":{\"@id\":\"https:\/\/enercon.it\/tr\/endustriyel-hidrolik-tesisler\/#primaryimage\"},\"image\":{\"@id\":\"https:\/\/enercon.it\/tr\/endustriyel-hidrolik-tesisler\/#primaryimage\"},\"thumbnailUrl\":\"https:\/\/enercon.it\/wp-content\/uploads\/impiantistica-oleodinamica-idraulica-Impianto-raffreddamento-colata-alluminio-Rafinaria-Capra-Metalli-Italia.jpg\",\"datePublished\":\"2022-07-19T12:31:59+00:00\",\"dateModified\":\"2023-01-10T13:45:14+00:00\",\"description\":\"Enercon end\u00fcstriyel s\u0131hhi tesisat hizmetleri sunmaktad\u0131r. Mevcut tesisatlar\u0131n rutin ve ola\u011fan\u00fcst\u00fc bak\u0131m\u0131. Daha fazlas\u0131n\u0131 \u00f6\u011frenin.\",\"breadcrumb\":{\"@id\":\"https:\/\/enercon.it\/tr\/endustriyel-hidrolik-tesisler\/#breadcrumb\"},\"inLanguage\":\"tr\",\"potentialAction\":[{\"@type\":\"ReadAction\",\"target\":[\"https:\/\/enercon.it\/tr\/endustriyel-hidrolik-tesisler\/\"]}]},{\"@type\":\"ImageObject\",\"inLanguage\":\"tr\",\"@id\":\"https:\/\/enercon.it\/tr\/endustriyel-hidrolik-tesisler\/#primaryimage\",\"url\":\"https:\/\/enercon.it\/wp-content\/uploads\/impiantistica-oleodinamica-idraulica-Impianto-raffreddamento-colata-alluminio-Rafinaria-Capra-Metalli-Italia.jpg\",\"contentUrl\":\"https:\/\/enercon.it\/wp-content\/uploads\/impiantistica-oleodinamica-idraulica-Impianto-raffreddamento-colata-alluminio-Rafinaria-Capra-Metalli-Italia.jpg\",\"width\":900,\"height\":600},{\"@type\":\"BreadcrumbList\",\"@id\":\"https:\/\/enercon.it\/tr\/endustriyel-hidrolik-tesisler\/#breadcrumb\",\"itemListElement\":[{\"@type\":\"ListItem\",\"position\":1,\"name\":\"Home\",\"item\":\"https:\/\/enercon.it\/tr\/\"},{\"@type\":\"ListItem\",\"position\":2,\"name\":\"End\u00fcstriyel hidrolik tesisler\"}]},{\"@type\":\"WebSite\",\"@id\":\"https:\/\/enercon.it\/#website\",\"url\":\"https:\/\/enercon.it\/\",\"name\":\"Enercon\",\"description\":\"Depurazione di inquinanti atmosferici\",\"publisher\":{\"@id\":\"https:\/\/enercon.it\/#organization\"},\"potentialAction\":[{\"@type\":\"SearchAction\",\"target\":{\"@type\":\"EntryPoint\",\"urlTemplate\":\"https:\/\/enercon.it\/?s={search_term_string}\"},\"query-input\":{\"@type\":\"PropertyValueSpecification\",\"valueRequired\":true,\"valueName\":\"search_term_string\"}}],\"inLanguage\":\"tr\"},{\"@type\":\"Organization\",\"@id\":\"https:\/\/enercon.it\/#organization\",\"name\":\"Enercon S.r.l.\",\"url\":\"https:\/\/enercon.it\/\",\"logo\":{\"@type\":\"ImageObject\",\"inLanguage\":\"tr\",\"@id\":\"https:\/\/enercon.it\/#\/schema\/logo\/image\/\",\"url\":\"https:\/\/enercon.it\/wp-content\/uploads\/2022\/05\/logo-enercon.png\",\"contentUrl\":\"https:\/\/enercon.it\/wp-content\/uploads\/2022\/05\/logo-enercon.png\",\"width\":270,\"height\":110,\"caption\":\"Enercon S.r.l.\"},\"image\":{\"@id\":\"https:\/\/enercon.it\/#\/schema\/logo\/image\/\"}}]}<\/script>\n<!-- \/ Yoast SEO plugin. -->","yoast_head_json":{"title":"End\u00fcstriyel hidrolik tesisler | Enercon","description":"Enercon end\u00fcstriyel s\u0131hhi tesisat hizmetleri sunmaktad\u0131r. Mevcut tesisatlar\u0131n rutin ve ola\u011fan\u00fcst\u00fc bak\u0131m\u0131. Daha fazlas\u0131n\u0131 \u00f6\u011frenin.","robots":{"index":"index","follow":"follow","max-snippet":"max-snippet:-1","max-image-preview":"max-image-preview:large","max-video-preview":"max-video-preview:-1"},"canonical":"https:\/\/enercon.it\/tr\/endustriyel-hidrolik-tesisler\/","og_locale":"tr_TR","og_type":"article","og_title":"End\u00fcstriyel hidrolik tesisler | Enercon","og_description":"Enercon end\u00fcstriyel s\u0131hhi tesisat hizmetleri sunmaktad\u0131r. Mevcut tesisatlar\u0131n rutin ve ola\u011fan\u00fcst\u00fc bak\u0131m\u0131. Daha fazlas\u0131n\u0131 \u00f6\u011frenin.","og_url":"https:\/\/enercon.it\/tr\/endustriyel-hidrolik-tesisler\/","og_site_name":"Enercon","article_modified_time":"2023-01-10T13:45:14+00:00","og_image":[{"width":900,"height":600,"url":"https:\/\/enercon.it\/wp-content\/uploads\/impiantistica-oleodinamica-idraulica-Impianto-raffreddamento-colata-alluminio-Rafinaria-Capra-Metalli-Italia.jpg","type":"image\/jpeg"}],"twitter_card":"summary_large_image","twitter_misc":{"Tahmini okuma s\u00fcresi":"4 dakika"},"schema":{"@context":"https:\/\/schema.org","@graph":[{"@type":"WebPage","@id":"https:\/\/enercon.it\/tr\/endustriyel-hidrolik-tesisler\/","url":"https:\/\/enercon.it\/tr\/endustriyel-hidrolik-tesisler\/","name":"End\u00fcstriyel hidrolik tesisler | Enercon","isPartOf":{"@id":"https:\/\/enercon.it\/#website"},"primaryImageOfPage":{"@id":"https:\/\/enercon.it\/tr\/endustriyel-hidrolik-tesisler\/#primaryimage"},"image":{"@id":"https:\/\/enercon.it\/tr\/endustriyel-hidrolik-tesisler\/#primaryimage"},"thumbnailUrl":"https:\/\/enercon.it\/wp-content\/uploads\/impiantistica-oleodinamica-idraulica-Impianto-raffreddamento-colata-alluminio-Rafinaria-Capra-Metalli-Italia.jpg","datePublished":"2022-07-19T12:31:59+00:00","dateModified":"2023-01-10T13:45:14+00:00","description":"Enercon end\u00fcstriyel s\u0131hhi tesisat hizmetleri sunmaktad\u0131r. Mevcut tesisatlar\u0131n rutin ve ola\u011fan\u00fcst\u00fc bak\u0131m\u0131. Daha fazlas\u0131n\u0131 \u00f6\u011frenin.","breadcrumb":{"@id":"https:\/\/enercon.it\/tr\/endustriyel-hidrolik-tesisler\/#breadcrumb"},"inLanguage":"tr","potentialAction":[{"@type":"ReadAction","target":["https:\/\/enercon.it\/tr\/endustriyel-hidrolik-tesisler\/"]}]},{"@type":"ImageObject","inLanguage":"tr","@id":"https:\/\/enercon.it\/tr\/endustriyel-hidrolik-tesisler\/#primaryimage","url":"https:\/\/enercon.it\/wp-content\/uploads\/impiantistica-oleodinamica-idraulica-Impianto-raffreddamento-colata-alluminio-Rafinaria-Capra-Metalli-Italia.jpg","contentUrl":"https:\/\/enercon.it\/wp-content\/uploads\/impiantistica-oleodinamica-idraulica-Impianto-raffreddamento-colata-alluminio-Rafinaria-Capra-Metalli-Italia.jpg","width":900,"height":600},{"@type":"BreadcrumbList","@id":"https:\/\/enercon.it\/tr\/endustriyel-hidrolik-tesisler\/#breadcrumb","itemListElement":[{"@type":"ListItem","position":1,"name":"Home","item":"https:\/\/enercon.it\/tr\/"},{"@type":"ListItem","position":2,"name":"End\u00fcstriyel hidrolik tesisler"}]},{"@type":"WebSite","@id":"https:\/\/enercon.it\/#website","url":"https:\/\/enercon.it\/","name":"Enercon","description":"Depurazione di inquinanti atmosferici","publisher":{"@id":"https:\/\/enercon.it\/#organization"},"potentialAction":[{"@type":"SearchAction","target":{"@type":"EntryPoint","urlTemplate":"https:\/\/enercon.it\/?s={search_term_string}"},"query-input":{"@type":"PropertyValueSpecification","valueRequired":true,"valueName":"search_term_string"}}],"inLanguage":"tr"},{"@type":"Organization","@id":"https:\/\/enercon.it\/#organization","name":"Enercon S.r.l.","url":"https:\/\/enercon.it\/","logo":{"@type":"ImageObject","inLanguage":"tr","@id":"https:\/\/enercon.it\/#\/schema\/logo\/image\/","url":"https:\/\/enercon.it\/wp-content\/uploads\/2022\/05\/logo-enercon.png","contentUrl":"https:\/\/enercon.it\/wp-content\/uploads\/2022\/05\/logo-enercon.png","width":270,"height":110,"caption":"Enercon S.r.l."},"image":{"@id":"https:\/\/enercon.it\/#\/schema\/logo\/image\/"}}]}},"_links":{"self":[{"href":"https:\/\/enercon.it\/tr\/wp-json\/wp\/v2\/pages\/9938"}],"collection":[{"href":"https:\/\/enercon.it\/tr\/wp-json\/wp\/v2\/pages"}],"about":[{"href":"https:\/\/enercon.it\/tr\/wp-json\/wp\/v2\/types\/page"}],"author":[{"embeddable":true,"href":"https:\/\/enercon.it\/tr\/wp-json\/wp\/v2\/users\/1"}],"replies":[{"embeddable":true,"href":"https:\/\/enercon.it\/tr\/wp-json\/wp\/v2\/comments?post=9938"}],"version-history":[{"count":5,"href":"https:\/\/enercon.it\/tr\/wp-json\/wp\/v2\/pages\/9938\/revisions"}],"predecessor-version":[{"id":10315,"href":"https:\/\/enercon.it\/tr\/wp-json\/wp\/v2\/pages\/9938\/revisions\/10315"}],"wp:featuredmedia":[{"embeddable":true,"href":"https:\/\/enercon.it\/tr\/wp-json\/wp\/v2\/media\/9367"}],"wp:attachment":[{"href":"https:\/\/enercon.it\/tr\/wp-json\/wp\/v2\/media?parent=9938"}],"curies":[{"name":"wp","href":"https:\/\/api.w.org\/{rel}","templated":true}]}}