{"id":9935,"date":"2022-07-19T09:01:18","date_gmt":"2022-07-19T09:01:18","guid":{"rendered":"https:\/\/enercon.it\/yag-buhari-emme-ve-filtrasyon-sistemleri\/"},"modified":"2022-12-09T12:42:33","modified_gmt":"2022-12-09T12:42:33","slug":"yag-buhari-emme-ve-filtrasyon-sistemleri","status":"publish","type":"page","link":"https:\/\/enercon.it\/tr\/yag-buhari-emme-ve-filtrasyon-sistemleri\/","title":{"rendered":"Ya\u011f buhar\u0131 emme ve filtrasyon sistemleri"},"content":{"rendered":"<p>[vc_row full_width=&#8221;stretch_row&#8221; pix_padding_top=&#8221;padding No&#8221; pix_padding_bottom=&#8221;padding No&#8221; gradient_colors=&#8221;%5B%7B%7D%5D&#8221; css=&#8221;.vc_custom_1658388308107{padding-top: 150px !important;padding-bottom: 150px !important;background-image: url(https:\/\/enercon.it\/wp-content\/uploads\/nebbie-oleose-header-background.jpg?id=6171) !important;background-position: center !important;background-repeat: no-repeat !important;background-size: cover !important;}&#8221;][vc_column][common_title title=&#8221;Ya\u011f buhar\u0131 \u00e7\u0131karma sistemleri&#8221; color=&#8221;white-heading&#8221;][\/common_title][\/vc_column][\/vc_row][vc_row pix_padding_top=&#8221;padding No&#8221; pix_padding_bottom=&#8221;padding No&#8221; radius=&#8221;pix-rounded&#8221; overflow=&#8221;on&#8221; top_offset=&#8221;-100px&#8221; gradient_colors=&#8221;%5B%7B%7D%5D&#8221; shadow=&#8221;pix-shadow&#8221; shadow_values=&#8221;%5B%7B%22horizontal%22%3A%220%22%2C%22vertical%22%3A%222%22%2C%22blur%22%3A%2210%22%2C%22spread%22%3A%225px%22%2C%22color%22%3A%22%23000000%22%2C%22opacity%22%3A%2210%22%7D%5D&#8221;][vc_column pix_padding_top=&#8221;padding S&#8221; pix_padding_bottom=&#8221;padding S&#8221; gradient_colors=&#8221;%5B%7B%7D%5D&#8221; css=&#8221;.vc_custom_1652800232515{background-color: #ffffff !important;}&#8221;][vc_row_inner content_placement=&#8221;middle&#8221; gap=&#8221;35&#8243; gradient_colors=&#8221;%5B%7B%7D%5D&#8221; el_class=&#8221;swap-on-mobile&#8221;][vc_column_inner width=&#8221;1\/2&#8243;][common_video url=&#8221;https:\/\/www.youtube.com\/watch?v=8vIgMeGJd2I&#8221; color=&#8221;rgba(255,255,255,0.01)&#8221; video_opacity=&#8221;40&#8243; image=&#8221;6159&#8243; height=&#8221;400px&#8221;][\/common_video][\/vc_column_inner][vc_column_inner width=&#8221;1\/2&#8243;][vc_column_text css=&#8221;.vc_custom_1668674385510{padding-bottom: 30px !important;}&#8221;]Ya\u011fl\u0131 sisler genellikle yan\u0131c\u0131 ya\u011flar\u0131n veya ya\u011flay\u0131c\u0131lar\u0131n kullan\u0131ld\u0131\u011f\u0131 \u00e7e\u015fitli end\u00fcstriyel i\u015flemler ve mekani\u011fi s\u0131ras\u0131nda olu\u015fur. Hem kullan\u0131c\u0131lar hem de \u00fcretim sistemleri imalat\u00e7\u0131lar\u0131 ile i\u015fbirli\u011fi sayesinde Enercon firmas\u0131 <strong>enerji tasarrufu ve kazan\u0131m\u0131n\u0131<\/strong> g\u00f6z \u00f6n\u00fcnde bulundurarak <strong>ya\u011f buharlar\u0131n\u0131n vakumlanmas\u0131 ve filtrasyonu i\u00e7in \u00e7ok kapsaml\u0131 \u00e7\u00f6z\u00fcmler<\/strong> geli\u015ftirmi\u015ftir. \u00d6zellikle, Enercon taraf\u0131ndan \u00fcretilen, teknisyenlerimiz taraf\u0131ndan monte edilen ve test edilen kendi kendini temizleyen kuma\u015f ve elektrostatik filtreler, hem \u00e7ok y\u00fcksek verimlilik seviyelerine ula\u015f\u0131lmas\u0131n\u0131 sa\u011flar hem de enerji tasarrufu ve <strong>d\u00fc\u015f\u00fck bak\u0131m maliyetleri<\/strong> ile y\u00fcksek derecede g\u00fcvenilirlik ve i\u015fletimsel s\u00fcreklilik sa\u011flar.[\/vc_column_text][\/vc_column_inner][\/vc_row_inner][\/vc_column][\/vc_row][vc_row gap=&#8221;35&#8243; gradient_colors=&#8221;%5B%7B%7D%5D&#8221;][vc_column width=&#8221;1\/2&#8243; gradient_colors=&#8221;%5B%7B%7D%5D&#8221; css=&#8221;.vc_custom_1668672622669{padding-top: 30px !important;}&#8221;][common_title title=&#8221;Kirleticiler ile nemli havan\u0131n ana kaynaklar\u0131&#8221; position=&#8221;text-left&#8221;][\/common_title][common_icon_box icon_type=&#8221;font&#8221; icon_pixfontawesome=&#8221;fa fa-radiation&#8221; icon_size=&#8221;pix-icon-s&#8221; title=&#8221;Metallerin pres d\u00f6k\u00fcm\u00fc (genelde al\u00fcminyum, magnezyum, \u00e7inko, vs.)&#8221; css=&#8221;.vc_custom_1658221921703{padding-bottom: 10px !important;}&#8221;][\/common_icon_box][common_icon_box icon_type=&#8221;font&#8221; icon_pixfontawesome=&#8221;fa fa-radiation&#8221; icon_size=&#8221;pix-icon-s&#8221; title=&#8221;Ay\u0131r\u0131c\u0131 maddelerin p\u00fcsk\u00fcrt\u00fclmesi&#8221; css=&#8221;.vc_custom_1658221934632{padding-bottom: 10px !important;}&#8221;][\/common_icon_box][common_icon_box icon_type=&#8221;font&#8221; icon_pixfontawesome=&#8221;fa fa-radiation&#8221; icon_size=&#8221;pix-icon-s&#8221; title=&#8221;Mekanik i\u015flemler&#8221; css=&#8221;.vc_custom_1658221944480{padding-bottom: 10px !important;}&#8221;][\/common_icon_box][common_icon_box icon_type=&#8221;font&#8221; icon_pixfontawesome=&#8221;fa fa-radiation&#8221; icon_size=&#8221;pix-icon-s&#8221; title=&#8221;So\u011futma suyunun p\u00fcsk\u00fcrt\u00fclmesi&#8221; css=&#8221;.vc_custom_1658221963842{padding-bottom: 10px !important;}&#8221;][\/common_icon_box][common_icon_box icon_type=&#8221;font&#8221; icon_pixfontawesome=&#8221;fa fa-radiation&#8221; icon_size=&#8221;pix-icon-s&#8221; title=&#8221;Ya\u011flama, so\u011futma ve kesim ya\u011flar\u0131n\u0131n p\u00fcsk\u00fcrt\u00fclmesi&#8221; css=&#8221;.vc_custom_1658222066309{padding-bottom: 10px !important;}&#8221;][\/common_icon_box][\/vc_column][vc_column width=&#8221;1\/2&#8243; gradient_colors=&#8221;%5B%7B%7D%5D&#8221; css=&#8221;.vc_custom_1668672627048{padding-top: 30px !important;}&#8221;][common_title title=&#8221;Ya\u011f buhar\u0131 filtrasyon \u00fcr\u00fcnleri&#8221; position=&#8221;text-left&#8221;][\/common_title][common_icon_box icon_type=&#8221;font&#8221; icon_pixfontawesome=&#8221;fa fa-angle-right&#8221; icon_size=&#8221;pix-icon-s&#8221; title=&#8221;A\u011fl\u0131 mekanik filtreler&#8221; css=&#8221;.vc_custom_1658222106885{padding-bottom: 10px !important;}&#8221;][\/common_icon_box][common_icon_box icon_type=&#8221;font&#8221; icon_pixfontawesome=&#8221;fa fa-angle-right&#8221; icon_size=&#8221;pix-icon-s&#8221; title=&#8221;Kartu\u015flu mekanik filtreler&#8221; css=&#8221;.vc_custom_1658222116801{padding-bottom: 10px !important;}&#8221;][\/common_icon_box][common_icon_box icon_type=&#8221;font&#8221; icon_pixfontawesome=&#8221;fa fa-angle-right&#8221; icon_size=&#8221;pix-icon-s&#8221; title=&#8221;Birle\u015ftirici filtreler&#8221; css=&#8221;.vc_custom_1658222165744{padding-bottom: 10px !important;}&#8221;][\/common_icon_box][common_icon_box icon_type=&#8221;font&#8221; icon_pixfontawesome=&#8221;fa fa-angle-right&#8221; icon_size=&#8221;pix-icon-s&#8221; title=&#8221;Programlanabilir otomatik y\u0131kama ile elektrostatik filtreler&#8221; css=&#8221;.vc_custom_1658222127396{padding-bottom: 10px !important;}&#8221;][\/common_icon_box][common_icon_box icon_type=&#8221;font&#8221; icon_pixfontawesome=&#8221;fa fa-angle-right&#8221; icon_size=&#8221;pix-icon-s&#8221; title=&#8221;Oda havas\u0131 sirk\u00fclasyonu i\u00e7in y\u00fcksek verimli filtreler&#8221; css=&#8221;.vc_custom_1665577342341{padding-bottom: 10px !important;}&#8221;][\/common_icon_box][\/vc_column][\/vc_row][vc_row full_width=&#8221;stretch_row&#8221; pix_padding_top=&#8221;padding M&#8221; pix_padding_bottom=&#8221;padding M&#8221; gradient_colors=&#8221;%5B%7B%7D%5D&#8221; css=&#8221;.vc_custom_1658386263269{background-image: url(https:\/\/enercon.it\/wp-content\/uploads\/nebbie-oleose-background.jpg?id=6167) !important;background-position: center !important;background-repeat: no-repeat !important;background-size: cover !important;}&#8221; el_class=&#8221;titolo-bianco&#8221;][vc_column][vc_row_inner][vc_column_inner width=&#8221;1\/2&#8243;][common_title title=&#8221;Tasarlanan filtrasyon tesisleri&#8221; position=&#8221;text-left&#8221;][\/common_title][vc_column_text]<\/p>\n<ul>\n<li style=\"color: #fff; padding-bottom: 20px;\">Deponun i\u00e7inde filtrelenen havan\u0131n \u00e7\u0131kart\u0131lmas\u0131 ile tek makinede \u00e7ekme ve filtrasyon sistemleri (bu \u015fekilde k\u0131\u015f s\u0131ras\u0131nda \u0131s\u0131da enerji tasarrufuna izin vererek). Uygulan\u0131r <a style=\"color: #fff; text-decoration: underline; font-weight: bold;\" href=\"https:\/\/enercon.it\/tr\/hava-dezenfeksiyon-sistemi\/\">Enercon Sanibox<\/a> Hava kalitesini sterilize etmek ve iyile\u015ftirmek i\u00e7in ekstraksiyon ve filtreleme ekipmanlar\u0131nda.<\/li>\n<li style=\"color: #fff; padding-bottom: 20px;\">Deponun d\u0131\u015f\u0131nda filtrelenen havan\u0131n \u00e7\u0131kart\u0131lmas\u0131 ile tek makinede \u00e7ekme ve filtrasyon sistemleri<\/li>\n<li style=\"color: #fff; padding-bottom: 20px;\">Hangar\u0131n d\u0131\u015f\u0131nda filtrelenen havan\u0131n \u00e7\u0131kart\u0131lmas\u0131 ve bir \u00e7ok makine i\u00e7in merkezi filtrasyon ile tek makinede \u00e7ekme sistemleri (teknik olarak yap\u0131labilir ve ekonomik olarak uygun olan yerde olas\u0131 <a style=\"color: #fff; text-decoration: underline; font-weight: bold;\" href=\"https:\/\/enercon.it\/tr\/enerji-tasarrufu-ve-kazanimi-yakma-firinlari\/\">\u0131s\u0131 geri kazan\u0131m\u0131<\/a> ile)<\/li>\n<\/ul>\n<p>[\/vc_column_text][\/vc_column_inner][vc_column_inner width=&#8221;1\/2&#8243;][\/vc_column_inner][\/vc_row_inner][\/vc_column][\/vc_row][vc_row][vc_column][common_title title=&#8221;Veri sayfas\u0131n\u0131 indirin&#8221;][\/common_title][vc_row_inner gap=&#8221;10&#8243; gradient_colors=&#8221;%5B%7B%7D%5D&#8221; el_class=&#8221;bottoni&#8221;][vc_column_inner width=&#8221;1\/3&#8243;][common_button text=&#8221;Ya\u011f buhar\u0131 \u00e7\u0131karma sistemleri&#8221; link=&#8221;url:https%3A%2F%2Fenercon.it%2Fwp-content%2Fuploads%2Fdownload%2Ftr%2Fnebbie-YA%C4%9ELI-%C4%B0S-EMME-VE-F%C4%B0LTRASYON-TES%C4%B0S%C4%B0.pdf|target:_blank&#8221; size_v=&#8221;pix-v-m&#8221; size_h=&#8221;pix-h-m&#8221; position=&#8221;pix-text-center&#8221; css=&#8221;.vc_custom_1665567033966{margin-top: 10px !important;margin-bottom: 10px !important;}&#8221;][\/vc_column_inner][vc_column_inner width=&#8221;1\/3&#8243;][common_button text=&#8221;D\u0131\u015far\u0131 atma i\u00e7in elektrostatik filtre&#8221; link=&#8221;url:https%3A%2F%2Fenercon.it%2Fwp-content%2Fuploads%2Fdownload%2Ffiltro-elettrostatico-per-espulsione-esterna.pdf|target:_blank&#8221; size_v=&#8221;pix-v-m&#8221; size_h=&#8221;pix-h-m&#8221; position=&#8221;pix-text-center&#8221; css=&#8221;.vc_custom_1665566878836{margin-top: 10px !important;margin-bottom: 10px !important;}&#8221;][\/vc_column_inner][vc_column_inner width=&#8221;1\/3&#8243;][common_button text=&#8221;Oda sirk\u00fclasyonu i\u00e7in elektrostatik filtre&#8221; link=&#8221;url:https%3A%2F%2Fenercon.it%2Fwp-content%2Fuploads%2Fdownload%2Ffiltro-elettrostatico-per-ricircolo-in-ambiente.pdf|target:_blank&#8221; size_v=&#8221;pix-v-m&#8221; size_h=&#8221;pix-h-m&#8221; position=&#8221;pix-text-center&#8221; css=&#8221;.vc_custom_1665566936430{margin-top: 10px !important;margin-bottom: 10px !important;}&#8221;][\/vc_column_inner][\/vc_row_inner][\/vc_column][\/vc_row][vc_row full_width=&#8221;stretch_row&#8221; gap=&#8221;5&#8243; content_placement=&#8221;middle&#8221; pix_padding_bottom=&#8221;padding No&#8221; gradient_colors=&#8221;%5B%7B%7D%5D&#8221;][vc_column gradient_colors=&#8221;%5B%7B%7D%5D&#8221; offset=&#8221;vc_hidden-xs&#8221;][common_title title=&#8221;Galeriye g\u00f6z at\u0131n&#8221;][\/common_title][vc_media_grid style=&#8221;pagination&#8221; items_per_page=&#8221;4&#8243; element_width=&#8221;3&#8243; gap=&#8221;10&#8243; arrows_design=&#8221;vc_arrow-icon-arrow_01_left&#8221; arrows_position=&#8221;outside&#8221; arrows_color=&#8221;black&#8221; loop=&#8221;yes&#8221; grid_id=&#8221;vc_gid:1668674377108-5c981177-81e0-0&#8243; include=&#8221;6156,6157,6158,6159,6160,6161,6162,6163,6164,6165,6332,6333&#8243;][\/vc_column][\/vc_row][vc_row full_width=&#8221;stretch_row&#8221; gap=&#8221;5&#8243; content_placement=&#8221;middle&#8221; pix_padding_bottom=&#8221;padding No&#8221; gradient_colors=&#8221;%5B%7B%7D%5D&#8221;][vc_column gradient_colors=&#8221;%5B%7B%7D%5D&#8221; offset=&#8221;vc_hidden-lg vc_hidden-md vc_hidden-sm&#8221;][common_title title=&#8221;Galeriye g\u00f6z at\u0131n&#8221;][\/common_title][vc_media_grid style=&#8221;pagination&#8221; items_per_page=&#8221;1&#8243; element_width=&#8221;12&#8243; gap=&#8221;10&#8243; arrows_design=&#8221;vc_arrow-icon-arrow_01_left&#8221; arrows_position=&#8221;outside&#8221; arrows_color=&#8221;black&#8221; loop=&#8221;yes&#8221; grid_id=&#8221;vc_gid:1668674377115-f24cec65-a040-10&#8243; include=&#8221;6156,6157,6158,6159,6160,6161,6162,6163,6164,6165,6332,6333&#8243;][\/vc_column][\/vc_row][vc_row full_width=&#8221;stretch_row&#8221; pix_padding_top=&#8221;padding M&#8221; pix_padding_bottom=&#8221;padding M&#8221; gradient_colors=&#8221;%5B%7B%7D%5D&#8221; pix_padding=&#8221;pix-padding-both&#8221; pix_padding_size=&#8221;pix-padding-xl&#8221; css=&#8221;.vc_custom_1658389261378{background-color: #f7f7f7 !important;}&#8221;][vc_column][common_title title=&#8221;Daha fazla bilgi i\u00e7in bize ula\u015f\u0131n&#8221; padding=&#8221;off&#8221;][\/common_title][common_cform7 form_id=&#8221;1768&#8243; box_gap=&#8221;50&#8243;][\/vc_column][\/vc_row]<\/p>\n","protected":false},"excerpt":{"rendered":"<p>[vc_row full_width=&#8221;stretch_row&#8221; pix_padding_top=&#8221;padding No&#8221; pix_padding_bottom=&#8221;padding No&#8221; gradient_colors=&#8221;%5B%7B%7D%5D&#8221; css=&#8221;.vc_custom_1658388308107{padding-top: 150px !important;padding-bottom: 150px !important;background-image: url(https:\/\/enercon.it\/wp-content\/uploads\/nebbie-oleose-header-background.jpg?id=6171) !important;background-position: center !important;background-repeat: no-repeat !important;background-size: cover !important;}&#8221;][vc_column][common_title title=&#8221;Ya\u011f buhar\u0131 \u00e7\u0131karma sistemleri&#8221; color=&#8221;white-heading&#8221;][\/common_title][\/vc_column][\/vc_row][vc_row pix_padding_top=&#8221;padding No&#8221; pix_padding_bottom=&#8221;padding No&#8221; radius=&#8221;pix-rounded&#8221; overflow=&#8221;on&#8221; top_offset=&#8221;-100px&#8221; gradient_colors=&#8221;%5B%7B%7D%5D&#8221; shadow=&#8221;pix-shadow&#8221; shadow_values=&#8221;%5B%7B%22horizontal%22%3A%220%22%2C%22vertical%22%3A%222%22%2C%22blur%22%3A%2210%22%2C%22spread%22%3A%225px%22%2C%22color%22%3A%22%23000000%22%2C%22opacity%22%3A%2210%22%7D%5D&#8221;][vc_column pix_padding_top=&#8221;padding S&#8221; pix_padding_bottom=&#8221;padding S&#8221; gradient_colors=&#8221;%5B%7B%7D%5D&#8221; css=&#8221;.vc_custom_1652800232515{background-color: #ffffff !important;}&#8221;][vc_row_inner content_placement=&#8221;middle&#8221; gap=&#8221;35&#8243; gradient_colors=&#8221;%5B%7B%7D%5D&#8221; el_class=&#8221;swap-on-mobile&#8221;][vc_column_inner width=&#8221;1\/2&#8243;][common_video url=&#8221;https:\/\/www.youtube.com\/watch?v=8vIgMeGJd2I&#8221; color=&#8221;rgba(255,255,255,0.01)&#8221; video_opacity=&#8221;40&#8243; image=&#8221;6159&#8243; height=&#8221;400px&#8221;][\/common_video][\/vc_column_inner][vc_column_inner width=&#8221;1\/2&#8243;][vc_column_text css=&#8221;.vc_custom_1668674385510{padding-bottom: [&hellip;]<\/p>\n","protected":false},"author":1,"featured_media":9354,"parent":0,"menu_order":0,"comment_status":"closed","ping_status":"closed","template":"page-home.php","meta":{"inline_featured_image":false,"footnotes":""},"class_list":["post-9935","page","type-page","status-publish","has-post-thumbnail","hentry"],"yoast_head":"<!-- This site is optimized with the Yoast SEO plugin v23.8 - https:\/\/yoast.com\/wordpress\/plugins\/seo\/ -->\n<title>Ya\u011f buhar\u0131 \u00e7\u0131karma sistemleri | Enercon<\/title>\n<meta name=\"description\" content=\"Enercon, end\u00fcstriyel ya\u011f buhar\u0131 \u00e7\u0131karma ve filtreleme sistemleri geli\u015ftirmektedir. Kendi kendini temizleyen, kuma\u015f ve elektrostatik filtreler \u00fcretmektedir. Ke\u015ffet.\" \/>\n<meta name=\"robots\" content=\"index, follow, max-snippet:-1, max-image-preview:large, max-video-preview:-1\" \/>\n<link rel=\"canonical\" href=\"https:\/\/enercon.it\/tr\/yag-buhari-emme-ve-filtrasyon-sistemleri\/\" \/>\n<meta property=\"og:locale\" content=\"tr_TR\" \/>\n<meta property=\"og:type\" content=\"article\" \/>\n<meta property=\"og:title\" content=\"Ya\u011f buhar\u0131 \u00e7\u0131karma sistemleri | Enercon\" \/>\n<meta property=\"og:description\" content=\"Enercon, end\u00fcstriyel ya\u011f buhar\u0131 \u00e7\u0131karma ve filtreleme sistemleri geli\u015ftirmektedir. Kendi kendini temizleyen, kuma\u015f ve elektrostatik filtreler \u00fcretmektedir. Ke\u015ffet.\" \/>\n<meta property=\"og:url\" content=\"https:\/\/enercon.it\/tr\/yag-buhari-emme-ve-filtrasyon-sistemleri\/\" \/>\n<meta property=\"og:site_name\" content=\"Enercon\" \/>\n<meta property=\"article:modified_time\" content=\"2022-12-09T12:42:33+00:00\" \/>\n<meta property=\"og:image\" content=\"https:\/\/enercon.it\/wp-content\/uploads\/impianto-aspirazione-nebbie-oleose-tecopress-spa-colosio-ita.jpg\" \/>\n\t<meta property=\"og:image:width\" content=\"900\" \/>\n\t<meta property=\"og:image:height\" content=\"600\" \/>\n\t<meta property=\"og:image:type\" content=\"image\/jpeg\" \/>\n<meta name=\"twitter:card\" content=\"summary_large_image\" \/>\n<meta name=\"twitter:label1\" content=\"Tahmini okuma s\u00fcresi\" \/>\n\t<meta name=\"twitter:data1\" content=\"7 dakika\" \/>\n<script type=\"application\/ld+json\" class=\"yoast-schema-graph\">{\"@context\":\"https:\/\/schema.org\",\"@graph\":[{\"@type\":\"WebPage\",\"@id\":\"https:\/\/enercon.it\/tr\/yag-buhari-emme-ve-filtrasyon-sistemleri\/\",\"url\":\"https:\/\/enercon.it\/tr\/yag-buhari-emme-ve-filtrasyon-sistemleri\/\",\"name\":\"Ya\u011f buhar\u0131 \u00e7\u0131karma sistemleri | Enercon\",\"isPartOf\":{\"@id\":\"https:\/\/enercon.it\/#website\"},\"primaryImageOfPage\":{\"@id\":\"https:\/\/enercon.it\/tr\/yag-buhari-emme-ve-filtrasyon-sistemleri\/#primaryimage\"},\"image\":{\"@id\":\"https:\/\/enercon.it\/tr\/yag-buhari-emme-ve-filtrasyon-sistemleri\/#primaryimage\"},\"thumbnailUrl\":\"https:\/\/enercon.it\/wp-content\/uploads\/impianto-aspirazione-nebbie-oleose-tecopress-spa-colosio-ita.jpg\",\"datePublished\":\"2022-07-19T09:01:18+00:00\",\"dateModified\":\"2022-12-09T12:42:33+00:00\",\"description\":\"Enercon, end\u00fcstriyel ya\u011f buhar\u0131 \u00e7\u0131karma ve filtreleme sistemleri geli\u015ftirmektedir. Kendi kendini temizleyen, kuma\u015f ve elektrostatik filtreler \u00fcretmektedir. Ke\u015ffet.\",\"breadcrumb\":{\"@id\":\"https:\/\/enercon.it\/tr\/yag-buhari-emme-ve-filtrasyon-sistemleri\/#breadcrumb\"},\"inLanguage\":\"tr\",\"potentialAction\":[{\"@type\":\"ReadAction\",\"target\":[\"https:\/\/enercon.it\/tr\/yag-buhari-emme-ve-filtrasyon-sistemleri\/\"]}]},{\"@type\":\"ImageObject\",\"inLanguage\":\"tr\",\"@id\":\"https:\/\/enercon.it\/tr\/yag-buhari-emme-ve-filtrasyon-sistemleri\/#primaryimage\",\"url\":\"https:\/\/enercon.it\/wp-content\/uploads\/impianto-aspirazione-nebbie-oleose-tecopress-spa-colosio-ita.jpg\",\"contentUrl\":\"https:\/\/enercon.it\/wp-content\/uploads\/impianto-aspirazione-nebbie-oleose-tecopress-spa-colosio-ita.jpg\",\"width\":900,\"height\":600},{\"@type\":\"BreadcrumbList\",\"@id\":\"https:\/\/enercon.it\/tr\/yag-buhari-emme-ve-filtrasyon-sistemleri\/#breadcrumb\",\"itemListElement\":[{\"@type\":\"ListItem\",\"position\":1,\"name\":\"Home\",\"item\":\"https:\/\/enercon.it\/tr\/\"},{\"@type\":\"ListItem\",\"position\":2,\"name\":\"Ya\u011f buhar\u0131 emme ve filtrasyon sistemleri\"}]},{\"@type\":\"WebSite\",\"@id\":\"https:\/\/enercon.it\/#website\",\"url\":\"https:\/\/enercon.it\/\",\"name\":\"Enercon\",\"description\":\"Depurazione di inquinanti atmosferici\",\"publisher\":{\"@id\":\"https:\/\/enercon.it\/#organization\"},\"potentialAction\":[{\"@type\":\"SearchAction\",\"target\":{\"@type\":\"EntryPoint\",\"urlTemplate\":\"https:\/\/enercon.it\/?s={search_term_string}\"},\"query-input\":{\"@type\":\"PropertyValueSpecification\",\"valueRequired\":true,\"valueName\":\"search_term_string\"}}],\"inLanguage\":\"tr\"},{\"@type\":\"Organization\",\"@id\":\"https:\/\/enercon.it\/#organization\",\"name\":\"Enercon S.r.l.\",\"url\":\"https:\/\/enercon.it\/\",\"logo\":{\"@type\":\"ImageObject\",\"inLanguage\":\"tr\",\"@id\":\"https:\/\/enercon.it\/#\/schema\/logo\/image\/\",\"url\":\"https:\/\/enercon.it\/wp-content\/uploads\/2022\/05\/logo-enercon.png\",\"contentUrl\":\"https:\/\/enercon.it\/wp-content\/uploads\/2022\/05\/logo-enercon.png\",\"width\":270,\"height\":110,\"caption\":\"Enercon S.r.l.\"},\"image\":{\"@id\":\"https:\/\/enercon.it\/#\/schema\/logo\/image\/\"}}]}<\/script>\n<!-- \/ Yoast SEO plugin. -->","yoast_head_json":{"title":"Ya\u011f buhar\u0131 \u00e7\u0131karma sistemleri | Enercon","description":"Enercon, end\u00fcstriyel ya\u011f buhar\u0131 \u00e7\u0131karma ve filtreleme sistemleri geli\u015ftirmektedir. Kendi kendini temizleyen, kuma\u015f ve elektrostatik filtreler \u00fcretmektedir. Ke\u015ffet.","robots":{"index":"index","follow":"follow","max-snippet":"max-snippet:-1","max-image-preview":"max-image-preview:large","max-video-preview":"max-video-preview:-1"},"canonical":"https:\/\/enercon.it\/tr\/yag-buhari-emme-ve-filtrasyon-sistemleri\/","og_locale":"tr_TR","og_type":"article","og_title":"Ya\u011f buhar\u0131 \u00e7\u0131karma sistemleri | Enercon","og_description":"Enercon, end\u00fcstriyel ya\u011f buhar\u0131 \u00e7\u0131karma ve filtreleme sistemleri geli\u015ftirmektedir. Kendi kendini temizleyen, kuma\u015f ve elektrostatik filtreler \u00fcretmektedir. Ke\u015ffet.","og_url":"https:\/\/enercon.it\/tr\/yag-buhari-emme-ve-filtrasyon-sistemleri\/","og_site_name":"Enercon","article_modified_time":"2022-12-09T12:42:33+00:00","og_image":[{"width":900,"height":600,"url":"https:\/\/enercon.it\/wp-content\/uploads\/impianto-aspirazione-nebbie-oleose-tecopress-spa-colosio-ita.jpg","type":"image\/jpeg"}],"twitter_card":"summary_large_image","twitter_misc":{"Tahmini okuma s\u00fcresi":"7 dakika"},"schema":{"@context":"https:\/\/schema.org","@graph":[{"@type":"WebPage","@id":"https:\/\/enercon.it\/tr\/yag-buhari-emme-ve-filtrasyon-sistemleri\/","url":"https:\/\/enercon.it\/tr\/yag-buhari-emme-ve-filtrasyon-sistemleri\/","name":"Ya\u011f buhar\u0131 \u00e7\u0131karma sistemleri | Enercon","isPartOf":{"@id":"https:\/\/enercon.it\/#website"},"primaryImageOfPage":{"@id":"https:\/\/enercon.it\/tr\/yag-buhari-emme-ve-filtrasyon-sistemleri\/#primaryimage"},"image":{"@id":"https:\/\/enercon.it\/tr\/yag-buhari-emme-ve-filtrasyon-sistemleri\/#primaryimage"},"thumbnailUrl":"https:\/\/enercon.it\/wp-content\/uploads\/impianto-aspirazione-nebbie-oleose-tecopress-spa-colosio-ita.jpg","datePublished":"2022-07-19T09:01:18+00:00","dateModified":"2022-12-09T12:42:33+00:00","description":"Enercon, end\u00fcstriyel ya\u011f buhar\u0131 \u00e7\u0131karma ve filtreleme sistemleri geli\u015ftirmektedir. Kendi kendini temizleyen, kuma\u015f ve elektrostatik filtreler \u00fcretmektedir. Ke\u015ffet.","breadcrumb":{"@id":"https:\/\/enercon.it\/tr\/yag-buhari-emme-ve-filtrasyon-sistemleri\/#breadcrumb"},"inLanguage":"tr","potentialAction":[{"@type":"ReadAction","target":["https:\/\/enercon.it\/tr\/yag-buhari-emme-ve-filtrasyon-sistemleri\/"]}]},{"@type":"ImageObject","inLanguage":"tr","@id":"https:\/\/enercon.it\/tr\/yag-buhari-emme-ve-filtrasyon-sistemleri\/#primaryimage","url":"https:\/\/enercon.it\/wp-content\/uploads\/impianto-aspirazione-nebbie-oleose-tecopress-spa-colosio-ita.jpg","contentUrl":"https:\/\/enercon.it\/wp-content\/uploads\/impianto-aspirazione-nebbie-oleose-tecopress-spa-colosio-ita.jpg","width":900,"height":600},{"@type":"BreadcrumbList","@id":"https:\/\/enercon.it\/tr\/yag-buhari-emme-ve-filtrasyon-sistemleri\/#breadcrumb","itemListElement":[{"@type":"ListItem","position":1,"name":"Home","item":"https:\/\/enercon.it\/tr\/"},{"@type":"ListItem","position":2,"name":"Ya\u011f buhar\u0131 emme ve filtrasyon sistemleri"}]},{"@type":"WebSite","@id":"https:\/\/enercon.it\/#website","url":"https:\/\/enercon.it\/","name":"Enercon","description":"Depurazione di inquinanti atmosferici","publisher":{"@id":"https:\/\/enercon.it\/#organization"},"potentialAction":[{"@type":"SearchAction","target":{"@type":"EntryPoint","urlTemplate":"https:\/\/enercon.it\/?s={search_term_string}"},"query-input":{"@type":"PropertyValueSpecification","valueRequired":true,"valueName":"search_term_string"}}],"inLanguage":"tr"},{"@type":"Organization","@id":"https:\/\/enercon.it\/#organization","name":"Enercon S.r.l.","url":"https:\/\/enercon.it\/","logo":{"@type":"ImageObject","inLanguage":"tr","@id":"https:\/\/enercon.it\/#\/schema\/logo\/image\/","url":"https:\/\/enercon.it\/wp-content\/uploads\/2022\/05\/logo-enercon.png","contentUrl":"https:\/\/enercon.it\/wp-content\/uploads\/2022\/05\/logo-enercon.png","width":270,"height":110,"caption":"Enercon S.r.l."},"image":{"@id":"https:\/\/enercon.it\/#\/schema\/logo\/image\/"}}]}},"_links":{"self":[{"href":"https:\/\/enercon.it\/tr\/wp-json\/wp\/v2\/pages\/9935"}],"collection":[{"href":"https:\/\/enercon.it\/tr\/wp-json\/wp\/v2\/pages"}],"about":[{"href":"https:\/\/enercon.it\/tr\/wp-json\/wp\/v2\/types\/page"}],"author":[{"embeddable":true,"href":"https:\/\/enercon.it\/tr\/wp-json\/wp\/v2\/users\/1"}],"replies":[{"embeddable":true,"href":"https:\/\/enercon.it\/tr\/wp-json\/wp\/v2\/comments?post=9935"}],"version-history":[{"count":6,"href":"https:\/\/enercon.it\/tr\/wp-json\/wp\/v2\/pages\/9935\/revisions"}],"predecessor-version":[{"id":10264,"href":"https:\/\/enercon.it\/tr\/wp-json\/wp\/v2\/pages\/9935\/revisions\/10264"}],"wp:featuredmedia":[{"embeddable":true,"href":"https:\/\/enercon.it\/tr\/wp-json\/wp\/v2\/media\/9354"}],"wp:attachment":[{"href":"https:\/\/enercon.it\/tr\/wp-json\/wp\/v2\/media?parent=9935"}],"curies":[{"name":"wp","href":"https:\/\/api.w.org\/{rel}","templated":true}]}}