{"id":9932,"date":"2022-06-15T13:51:13","date_gmt":"2022-06-15T13:51:13","guid":{"rendered":"https:\/\/enercon.it\/duman-ve-toz-vakum-ve-filtrasyon-sistemleri\/"},"modified":"2022-12-09T12:39:46","modified_gmt":"2022-12-09T12:39:46","slug":"duman-ve-toz-vakum-ve-filtrasyon-sistemleri","status":"publish","type":"page","link":"https:\/\/enercon.it\/tr\/duman-ve-toz-vakum-ve-filtrasyon-sistemleri\/","title":{"rendered":"Duman ve toz vakum ve filtrasyon sistemleri"},"content":{"rendered":"<p>[vc_row full_width=&#8221;stretch_row&#8221; pix_padding_top=&#8221;padding No&#8221; pix_padding_bottom=&#8221;padding No&#8221; gradient_colors=&#8221;%5B%7B%7D%5D&#8221; css=&#8221;.vc_custom_1668690419881{padding-top: 150px !important;padding-bottom: 150px !important;background-image: url(https:\/\/enercon.it\/wp-content\/uploads\/impianto-aspirazione-fumi-e-polveri2.jpg?id=6335) !important;background-position: center !important;background-repeat: no-repeat !important;background-size: cover !important;}&#8221;][vc_column][common_title title=&#8221;Duman ve toz emme sistemleri&#8221; color=&#8221;white-heading&#8221;][\/common_title][\/vc_column][\/vc_row][vc_row pix_padding_top=&#8221;padding No&#8221; pix_padding_bottom=&#8221;padding No&#8221; radius=&#8221;pix-rounded&#8221; overflow=&#8221;on&#8221; top_offset=&#8221;-100px&#8221; gradient_colors=&#8221;%5B%7B%7D%5D&#8221; shadow=&#8221;pix-shadow&#8221; shadow_values=&#8221;%5B%7B%22horizontal%22%3A%220%22%2C%22vertical%22%3A%222%22%2C%22blur%22%3A%2210%22%2C%22spread%22%3A%225%22%2C%22color%22%3A%22%23000000%22%2C%22opacity%22%3A%2210%22%7D%5D&#8221;][vc_column pix_padding_top=&#8221;padding S&#8221; pix_padding_bottom=&#8221;padding S&#8221; gradient_colors=&#8221;%5B%7B%7D%5D&#8221; css=&#8221;.vc_custom_1668608655516{background-color: #ffffff !important;}&#8221;][vc_row_inner content_placement=&#8221;middle&#8221; gap=&#8221;35&#8243; gradient_colors=&#8221;%5B%7B%7D%5D&#8221; el_class=&#8221;swap-on-mobile&#8221;][vc_column_inner width=&#8221;1\/2&#8243;][common_video url=&#8221;https:\/\/www.youtube.com\/watch?v=ltweZv0Nky0&#8243; color=&#8221;rgba(255,255,255,0.01)&#8221; video_opacity=&#8221;40&#8243; image=&#8221;6127&#8243; height=&#8221;400px&#8221;][\/common_video][\/vc_column_inner][vc_column_inner width=&#8221;1\/2&#8243;][vc_column_text]Sekt\u00f6rde otuz y\u0131ldan fazla deneyimi sayesinde Enercon sadece sistemleri tedarik etmezle kalmaz ayr\u0131ca m\u00fc\u015fterinin ihtiya\u00e7lar\u0131n\u0131 analiz eder, en iyi \u00e7\u00f6z\u00fcmleri \u00f6nerir, ve ekonomik olarak uygun ve teknik olarak m\u00fcmk\u00fcn yerde \u0131s\u0131 geri kazan\u0131m\u0131n\u0131 ile, <strong>toz veya duman tutma, vakum ve filtrasyon sistemlerini uygun \u015fekilde<\/strong>boyutland\u0131r\u0131r.<\/p>\n<p>Y\u0131llar i\u00e7inde elde edilen uzun ve \u00e7e\u015fitli deneyimlerin temel bir fakt\u00f6r oldu\u011fu, tutma cihazlar\u0131n\u0131n (davlumbazlar, meme a\u011f\u0131zlar\u0131, vs..) \u00e7al\u0131\u015f\u0131lmas\u0131na ve tasarlanmas\u0131na \u00e7ok dikkat edilmelidir. Enercon ayr\u0131ca farkl\u0131 \u00fcretim s\u00fcre\u00e7lerini dikkate alarak duman ve toz emme ve filtreleme ekipmanlar\u0131 i\u00e7in \u00f6zelle\u015ftirme hizmeti de sunmaktad\u0131r.[\/vc_column_text][\/vc_column_inner][\/vc_row_inner][\/vc_column][\/vc_row][vc_row gap=&#8221;35&#8243; gradient_colors=&#8221;%5B%7B%7D%5D&#8221;][vc_column width=&#8221;1\/2&#8243; gradient_colors=&#8221;%5B%7B%7D%5D&#8221; css=&#8221;.vc_custom_1668672548531{padding-top: 30px !important;}&#8221;][common_title title=&#8221;Uygulamalar&#8221; position=&#8221;text-left&#8221;][\/common_title][common_icon_box icon_type=&#8221;font&#8221; icon_pixfontawesome=&#8221;fa fa-check&#8221; icon_size=&#8221;pix-icon-s&#8221; title=&#8221;Eritme kule f\u0131r\u0131nlar\u0131&#8221; css=&#8221;.vc_custom_1657293649162{padding-bottom: 10px !important;}&#8221;][\/common_icon_box][common_icon_box icon_type=&#8221;font&#8221; icon_pixfontawesome=&#8221;fa fa-check&#8221; icon_size=&#8221;pix-icon-s&#8221; title=&#8221;Eritme havuz f\u0131r\u0131nlar\u0131&#8221; css=&#8221;.vc_custom_1657293657714{padding-bottom: 10px !important;}&#8221;][\/common_icon_box][common_icon_box icon_type=&#8221;font&#8221; icon_pixfontawesome=&#8221;fa fa-check&#8221; icon_size=&#8221;pix-icon-s&#8221; title=&#8221;Bekletme f\u0131r\u0131nlar\u0131&#8221; css=&#8221;.vc_custom_1657293674209{padding-bottom: 10px !important;}&#8221;][\/common_icon_box][common_icon_box icon_type=&#8221;font&#8221; icon_pixfontawesome=&#8221;fa fa-check&#8221; icon_size=&#8221;pix-icon-s&#8221; title=&#8221;Al\u00fcminyum \u00f6\u011f\u00fctme sistemleri&#8221; css=&#8221;.vc_custom_1657293680992{padding-bottom: 10px !important;}&#8221;][\/common_icon_box][common_icon_box icon_type=&#8221;font&#8221; icon_pixfontawesome=&#8221;fa fa-check&#8221; icon_size=&#8221;pix-icon-s&#8221; title=&#8221;Kokil d\u00f6k\u00fcm&#8221; css=&#8221;.vc_custom_1657293694296{padding-bottom: 10px !important;}&#8221;][\/common_icon_box][common_icon_box icon_type=&#8221;font&#8221; icon_pixfontawesome=&#8221;fa fa-check&#8221; icon_size=&#8221;pix-icon-s&#8221; title=&#8221;Kum d\u00f6k\u00fcm\u00fc&#8221; css=&#8221;.vc_custom_1657293731566{padding-bottom: 10px !important;}&#8221;][\/common_icon_box][common_icon_box icon_type=&#8221;font&#8221; icon_pixfontawesome=&#8221;fa fa-check&#8221; icon_size=&#8221;pix-icon-s&#8221; title=&#8221;Metal i\u015fleme ve ar\u0131tma&#8221; css=&#8221;.vc_custom_1657293705994{padding-bottom: 10px !important;}&#8221;][\/common_icon_box][common_icon_box icon_type=&#8221;font&#8221; icon_pixfontawesome=&#8221;fa fa-check&#8221; icon_size=&#8221;pix-icon-s&#8221; title=&#8221;Pirin\u00e7 kal\u0131plama&#8221; css=&#8221;.vc_custom_1657293713655{padding-bottom: 10px !important;}&#8221;][\/common_icon_box][common_icon_box icon_type=&#8221;font&#8221; icon_pixfontawesome=&#8221;fa fa-check&#8221; icon_size=&#8221;pix-icon-s&#8221; title=&#8221;Metal ve toprak kazan\u0131m\u0131 i\u00e7in i\u015flem tozlar\u0131&#8221; css=&#8221;.vc_custom_1657293717983{padding-bottom: 10px !important;}&#8221;][\/common_icon_box][\/vc_column][vc_column width=&#8221;1\/2&#8243; gradient_colors=&#8221;%5B%7B%7D%5D&#8221; css=&#8221;.vc_custom_1668672570574{padding-top: 30px !important;}&#8221;][common_title title=&#8221;\u00dcr\u00fcnlerimiz&#8221; position=&#8221;text-left&#8221;][\/common_title][common_icon_box icon_type=&#8221;font&#8221; icon_pixfontawesome=&#8221;fa fa-angle-right&#8221; icon_size=&#8221;pix-icon-s&#8221; title=&#8221;Sakinle\u015ftirme odalar\u0131 ve yer\u00e7ekimi so\u011futucular\u0131&#8221; css=&#8221;.vc_custom_1658215022762{padding-bottom: 10px !important;}&#8221;][\/common_icon_box][common_icon_box icon_type=&#8221;font&#8221; icon_pixfontawesome=&#8221;fa fa-angle-right&#8221; icon_size=&#8221;pix-icon-s&#8221; title=&#8221;Siklon toz ay\u0131r\u0131c\u0131lar veya santrif\u00fcjl\u00fc toz toplay\u0131c\u0131lar&#8221; css=&#8221;.vc_custom_1658215046158{padding-bottom: 10px !important;}&#8221;][\/common_icon_box][common_icon_box icon_type=&#8221;font&#8221; icon_pixfontawesome=&#8221;fa fa-angle-right&#8221; icon_size=&#8221;pix-icon-s&#8221; title=&#8221;Torba filtreler, kartu\u015f filtreler, cep filtreleri, aktif karbon filtreleri ve \u0131slak filtreler (y\u0131kay\u0131c\u0131lar)&#8221; css=&#8221;.vc_custom_1658215061856{padding-bottom: 10px !important;}&#8221;][\/common_icon_box][common_icon_box icon_type=&#8221;font&#8221; icon_pixfontawesome=&#8221;fa fa-angle-right&#8221; icon_size=&#8221;pix-icon-s&#8221; title=&#8221;U\u00e7ucu organik maddelerin azalt\u0131lmas\u0131 i\u00e7in rejeneratif son yak\u0131c\u0131lar&#8221; css=&#8221;.vc_custom_1658215075916{padding-bottom: 10px !important;}&#8221;][\/common_icon_box][common_icon_box icon_type=&#8221;font&#8221; icon_pixfontawesome=&#8221;fa fa-angle-right&#8221; icon_size=&#8221;pix-icon-s&#8221; title=&#8221;S\u00f6nd\u00fcrme sistemi veya baca gaz\u0131 so\u011futma kuleleri&#8221; css=&#8221;.vc_custom_1658215091709{padding-bottom: 10px !important;}&#8221;][\/common_icon_box][common_icon_box icon_type=&#8221;font&#8221; icon_pixfontawesome=&#8221;fa fa-angle-right&#8221; icon_size=&#8221;pix-icon-s&#8221; title=&#8221;Asit n\u00f6tralize etmek i\u00e7in kire\u00e7\/bikarbonat ekleme&#8221; css=&#8221;.vc_custom_1658215104348{padding-bottom: 10px !important;}&#8221;][\/common_icon_box][common_icon_box icon_type=&#8221;font&#8221; icon_pixfontawesome=&#8221;fa fa-angle-right&#8221; icon_size=&#8221;pix-icon-s&#8221; title=&#8221;Organik mikro kirleticileri \u00f6ld\u00fcrmek i\u00e7in aktif karbon ekleme&#8221; css=&#8221;.vc_custom_1658215117403{padding-bottom: 10px !important;}&#8221;][\/common_icon_box][common_icon_box icon_type=&#8221;font&#8221; icon_pixfontawesome=&#8221;fa fa-angle-right&#8221; icon_size=&#8221;pix-icon-s&#8221; title=&#8221;Patlama \u00f6nleyici paneller ve yang\u0131n alg\u0131lama sistemleri (inert gaz sistemleri, CO2, vb.)&#8221; css=&#8221;.vc_custom_1658215132275{padding-bottom: 10px !important;}&#8221;][\/common_icon_box][\/vc_column][\/vc_row][vc_row pix_padding_top=&#8221;padding No&#8221; gradient_colors=&#8221;%5B%7B%7D%5D&#8221;][vc_column][common_title title=&#8221;Veri sayfas\u0131n\u0131 indirin&#8221;][\/common_title][vc_row_inner gradient_colors=&#8221;%5B%7B%7D%5D&#8221; el_class=&#8221;bottoni&#8221;][vc_column_inner width=&#8221;1\/2&#8243;][common_button text=&#8221;Duman vakum ve filtrasyon sistemleri&#8221; link=&#8221;url:https%3A%2F%2Fenercon.it%2Fwp-content%2Fuploads%2Fdownload%2Ftr%2Ffumi-DUMAN-EMME-VE-F%C4%B0LTRASYON-TES%C4%B0SLER%C4%B0_tr_yeni.pdf&#8221; size_v=&#8221;pix-v-l&#8221; position=&#8221;pix-text-center&#8221; css=&#8221;.vc_custom_1658303989593{margin-top: 10px !important;margin-bottom: 10px !important;}&#8221;][\/vc_column_inner][vc_column_inner width=&#8221;1\/2&#8243;][common_button text=&#8221;Toz vakum ve filtrasyon sistemleri&#8221; link=&#8221;url:https%3A%2F%2Fenercon.it%2Fwp-content%2Fuploads%2Fdownload%2Ftr%2Fpolveri-TOZ-EMME-VE-F%C4%B0LTRASYON-TES%C4%B0S%C4%B0.pdf&#8221; size_v=&#8221;pix-v-l&#8221; position=&#8221;pix-text-center&#8221; css=&#8221;.vc_custom_1658303999144{margin-top: 10px !important;margin-bottom: 10px !important;}&#8221;][\/vc_column_inner][\/vc_row_inner][\/vc_column][\/vc_row][vc_row full_width=&#8221;stretch_row&#8221; gap=&#8221;5&#8243; content_placement=&#8221;middle&#8221; pix_padding_bottom=&#8221;padding No&#8221; gradient_colors=&#8221;%5B%7B%7D%5D&#8221;][vc_column gradient_colors=&#8221;%5B%7B%7D%5D&#8221; offset=&#8221;vc_hidden-xs&#8221;][common_title title=&#8221;Galeriye g\u00f6z at\u0131n&#8221;][\/common_title][vc_media_grid style=&#8221;pagination&#8221; items_per_page=&#8221;4&#8243; element_width=&#8221;3&#8243; gap=&#8221;10&#8243; arrows_design=&#8221;vc_arrow-icon-arrow_01_left&#8221; arrows_position=&#8221;outside&#8221; arrows_color=&#8221;black&#8221; loop=&#8221;yes&#8221; grid_id=&#8221;vc_gid:1668690014777-da5af303-33f8-0&#8243; include=&#8221;6133,6132,6131,6129,6128,6127,6126,6125,6124,6327,6328,6499&#8243;][\/vc_column][\/vc_row][vc_row full_width=&#8221;stretch_row&#8221; gap=&#8221;5&#8243; content_placement=&#8221;middle&#8221; pix_padding_bottom=&#8221;padding No&#8221; gradient_colors=&#8221;%5B%7B%7D%5D&#8221;][vc_column gradient_colors=&#8221;%5B%7B%7D%5D&#8221; offset=&#8221;vc_hidden-lg vc_hidden-md vc_hidden-sm&#8221;][common_title title=&#8221;Galeriye g\u00f6z at\u0131n&#8221;][\/common_title][vc_media_grid style=&#8221;pagination&#8221; items_per_page=&#8221;1&#8243; element_width=&#8221;12&#8243; gap=&#8221;10&#8243; arrows_design=&#8221;vc_arrow-icon-arrow_01_left&#8221; arrows_position=&#8221;outside&#8221; arrows_color=&#8221;black&#8221; loop=&#8221;yes&#8221; grid_id=&#8221;vc_gid:1668690014784-95d0dbb4-cdff-4&#8243; include=&#8221;6133,6132,6131,6129,6128,6127,6126,6125,6124,6327,6328,6499&#8243;][\/vc_column][\/vc_row][vc_row full_width=&#8221;stretch_row&#8221; pix_padding_top=&#8221;padding M&#8221; pix_padding_bottom=&#8221;padding M&#8221; gradient_colors=&#8221;%5B%7B%7D%5D&#8221; pix_padding=&#8221;pix-padding-both&#8221; pix_padding_size=&#8221;pix-padding-xl&#8221; css=&#8221;.vc_custom_1658389320292{background-color: #f7f7f7 !important;}&#8221;][vc_column][common_title title=&#8221;Daha fazla bilgi i\u00e7in bize ula\u015f\u0131n&#8221; padding=&#8221;off&#8221;][\/common_title][common_cform7 form_id=&#8221;1768&#8243; box_gap=&#8221;50&#8243;][\/vc_column][\/vc_row]<\/p>\n","protected":false},"excerpt":{"rendered":"<p>[vc_row full_width=&#8221;stretch_row&#8221; pix_padding_top=&#8221;padding No&#8221; pix_padding_bottom=&#8221;padding No&#8221; gradient_colors=&#8221;%5B%7B%7D%5D&#8221; css=&#8221;.vc_custom_1668690419881{padding-top: 150px !important;padding-bottom: 150px !important;background-image: url(https:\/\/enercon.it\/wp-content\/uploads\/impianto-aspirazione-fumi-e-polveri2.jpg?id=6335) !important;background-position: center !important;background-repeat: no-repeat !important;background-size: cover !important;}&#8221;][vc_column][common_title title=&#8221;Duman ve toz emme sistemleri&#8221; color=&#8221;white-heading&#8221;][\/common_title][\/vc_column][\/vc_row][vc_row pix_padding_top=&#8221;padding No&#8221; pix_padding_bottom=&#8221;padding No&#8221; radius=&#8221;pix-rounded&#8221; overflow=&#8221;on&#8221; top_offset=&#8221;-100px&#8221; gradient_colors=&#8221;%5B%7B%7D%5D&#8221; shadow=&#8221;pix-shadow&#8221; shadow_values=&#8221;%5B%7B%22horizontal%22%3A%220%22%2C%22vertical%22%3A%222%22%2C%22blur%22%3A%2210%22%2C%22spread%22%3A%225%22%2C%22color%22%3A%22%23000000%22%2C%22opacity%22%3A%2210%22%7D%5D&#8221;][vc_column pix_padding_top=&#8221;padding S&#8221; pix_padding_bottom=&#8221;padding S&#8221; gradient_colors=&#8221;%5B%7B%7D%5D&#8221; css=&#8221;.vc_custom_1668608655516{background-color: #ffffff !important;}&#8221;][vc_row_inner content_placement=&#8221;middle&#8221; gap=&#8221;35&#8243; gradient_colors=&#8221;%5B%7B%7D%5D&#8221; el_class=&#8221;swap-on-mobile&#8221;][vc_column_inner width=&#8221;1\/2&#8243;][common_video url=&#8221;https:\/\/www.youtube.com\/watch?v=ltweZv0Nky0&#8243; color=&#8221;rgba(255,255,255,0.01)&#8221; video_opacity=&#8221;40&#8243; image=&#8221;6127&#8243; height=&#8221;400px&#8221;][\/common_video][\/vc_column_inner][vc_column_inner width=&#8221;1\/2&#8243;][vc_column_text]Sekt\u00f6rde [&hellip;]<\/p>\n","protected":false},"author":1,"featured_media":9346,"parent":0,"menu_order":0,"comment_status":"closed","ping_status":"closed","template":"page-home.php","meta":{"inline_featured_image":false,"footnotes":""},"class_list":["post-9932","page","type-page","status-publish","has-post-thumbnail","hentry"],"yoast_head":"<!-- This site is optimized with the Yoast SEO plugin v23.8 - https:\/\/yoast.com\/wordpress\/plugins\/seo\/ -->\n<title>Duman ve toz emme sistemleri | Enercon<\/title>\n<meta name=\"description\" content=\"Enercon, toz emme ve filtreleme ekipmanlar\u0131 i\u00e7in end\u00fcstriyel \u00f6zelle\u015ftirme hizmetleri sunmaktad\u0131r. Yakalama cihazlar\u0131 tasarlar. Oku.\" \/>\n<meta name=\"robots\" content=\"index, follow, max-snippet:-1, max-image-preview:large, max-video-preview:-1\" \/>\n<link rel=\"canonical\" href=\"https:\/\/enercon.it\/tr\/duman-ve-toz-vakum-ve-filtrasyon-sistemleri\/\" \/>\n<meta property=\"og:locale\" content=\"tr_TR\" \/>\n<meta property=\"og:type\" content=\"article\" \/>\n<meta property=\"og:title\" content=\"Duman ve toz emme sistemleri | Enercon\" \/>\n<meta property=\"og:description\" content=\"Enercon, toz emme ve filtreleme ekipmanlar\u0131 i\u00e7in end\u00fcstriyel \u00f6zelle\u015ftirme hizmetleri sunmaktad\u0131r. Yakalama cihazlar\u0131 tasarlar. Oku.\" \/>\n<meta property=\"og:url\" content=\"https:\/\/enercon.it\/tr\/duman-ve-toz-vakum-ve-filtrasyon-sistemleri\/\" \/>\n<meta property=\"og:site_name\" content=\"Enercon\" \/>\n<meta property=\"article:modified_time\" content=\"2022-12-09T12:39:46+00:00\" \/>\n<meta property=\"og:image\" content=\"https:\/\/enercon.it\/wp-content\/uploads\/impianto-aspirazione-fumi-e-polveri-leroy-somer-fr.jpg\" \/>\n\t<meta property=\"og:image:width\" content=\"1200\" \/>\n\t<meta property=\"og:image:height\" content=\"800\" \/>\n\t<meta property=\"og:image:type\" content=\"image\/jpeg\" \/>\n<meta name=\"twitter:card\" content=\"summary_large_image\" \/>\n<meta name=\"twitter:label1\" content=\"Tahmini okuma s\u00fcresi\" \/>\n\t<meta name=\"twitter:data1\" content=\"6 dakika\" \/>\n<script type=\"application\/ld+json\" class=\"yoast-schema-graph\">{\"@context\":\"https:\/\/schema.org\",\"@graph\":[{\"@type\":\"WebPage\",\"@id\":\"https:\/\/enercon.it\/tr\/duman-ve-toz-vakum-ve-filtrasyon-sistemleri\/\",\"url\":\"https:\/\/enercon.it\/tr\/duman-ve-toz-vakum-ve-filtrasyon-sistemleri\/\",\"name\":\"Duman ve toz emme sistemleri | Enercon\",\"isPartOf\":{\"@id\":\"https:\/\/enercon.it\/#website\"},\"primaryImageOfPage\":{\"@id\":\"https:\/\/enercon.it\/tr\/duman-ve-toz-vakum-ve-filtrasyon-sistemleri\/#primaryimage\"},\"image\":{\"@id\":\"https:\/\/enercon.it\/tr\/duman-ve-toz-vakum-ve-filtrasyon-sistemleri\/#primaryimage\"},\"thumbnailUrl\":\"https:\/\/enercon.it\/wp-content\/uploads\/impianto-aspirazione-fumi-e-polveri-leroy-somer-fr.jpg\",\"datePublished\":\"2022-06-15T13:51:13+00:00\",\"dateModified\":\"2022-12-09T12:39:46+00:00\",\"description\":\"Enercon, toz emme ve filtreleme ekipmanlar\u0131 i\u00e7in end\u00fcstriyel \u00f6zelle\u015ftirme hizmetleri sunmaktad\u0131r. Yakalama cihazlar\u0131 tasarlar. Oku.\",\"breadcrumb\":{\"@id\":\"https:\/\/enercon.it\/tr\/duman-ve-toz-vakum-ve-filtrasyon-sistemleri\/#breadcrumb\"},\"inLanguage\":\"tr\",\"potentialAction\":[{\"@type\":\"ReadAction\",\"target\":[\"https:\/\/enercon.it\/tr\/duman-ve-toz-vakum-ve-filtrasyon-sistemleri\/\"]}]},{\"@type\":\"ImageObject\",\"inLanguage\":\"tr\",\"@id\":\"https:\/\/enercon.it\/tr\/duman-ve-toz-vakum-ve-filtrasyon-sistemleri\/#primaryimage\",\"url\":\"https:\/\/enercon.it\/wp-content\/uploads\/impianto-aspirazione-fumi-e-polveri-leroy-somer-fr.jpg\",\"contentUrl\":\"https:\/\/enercon.it\/wp-content\/uploads\/impianto-aspirazione-fumi-e-polveri-leroy-somer-fr.jpg\",\"width\":1200,\"height\":800},{\"@type\":\"BreadcrumbList\",\"@id\":\"https:\/\/enercon.it\/tr\/duman-ve-toz-vakum-ve-filtrasyon-sistemleri\/#breadcrumb\",\"itemListElement\":[{\"@type\":\"ListItem\",\"position\":1,\"name\":\"Home\",\"item\":\"https:\/\/enercon.it\/tr\/\"},{\"@type\":\"ListItem\",\"position\":2,\"name\":\"Duman ve toz vakum ve filtrasyon sistemleri\"}]},{\"@type\":\"WebSite\",\"@id\":\"https:\/\/enercon.it\/#website\",\"url\":\"https:\/\/enercon.it\/\",\"name\":\"Enercon\",\"description\":\"Depurazione di inquinanti atmosferici\",\"publisher\":{\"@id\":\"https:\/\/enercon.it\/#organization\"},\"potentialAction\":[{\"@type\":\"SearchAction\",\"target\":{\"@type\":\"EntryPoint\",\"urlTemplate\":\"https:\/\/enercon.it\/?s={search_term_string}\"},\"query-input\":{\"@type\":\"PropertyValueSpecification\",\"valueRequired\":true,\"valueName\":\"search_term_string\"}}],\"inLanguage\":\"tr\"},{\"@type\":\"Organization\",\"@id\":\"https:\/\/enercon.it\/#organization\",\"name\":\"Enercon S.r.l.\",\"url\":\"https:\/\/enercon.it\/\",\"logo\":{\"@type\":\"ImageObject\",\"inLanguage\":\"tr\",\"@id\":\"https:\/\/enercon.it\/#\/schema\/logo\/image\/\",\"url\":\"https:\/\/enercon.it\/wp-content\/uploads\/2022\/05\/logo-enercon.png\",\"contentUrl\":\"https:\/\/enercon.it\/wp-content\/uploads\/2022\/05\/logo-enercon.png\",\"width\":270,\"height\":110,\"caption\":\"Enercon S.r.l.\"},\"image\":{\"@id\":\"https:\/\/enercon.it\/#\/schema\/logo\/image\/\"}}]}<\/script>\n<!-- \/ Yoast SEO plugin. -->","yoast_head_json":{"title":"Duman ve toz emme sistemleri | Enercon","description":"Enercon, toz emme ve filtreleme ekipmanlar\u0131 i\u00e7in end\u00fcstriyel \u00f6zelle\u015ftirme hizmetleri sunmaktad\u0131r. Yakalama cihazlar\u0131 tasarlar. Oku.","robots":{"index":"index","follow":"follow","max-snippet":"max-snippet:-1","max-image-preview":"max-image-preview:large","max-video-preview":"max-video-preview:-1"},"canonical":"https:\/\/enercon.it\/tr\/duman-ve-toz-vakum-ve-filtrasyon-sistemleri\/","og_locale":"tr_TR","og_type":"article","og_title":"Duman ve toz emme sistemleri | Enercon","og_description":"Enercon, toz emme ve filtreleme ekipmanlar\u0131 i\u00e7in end\u00fcstriyel \u00f6zelle\u015ftirme hizmetleri sunmaktad\u0131r. Yakalama cihazlar\u0131 tasarlar. Oku.","og_url":"https:\/\/enercon.it\/tr\/duman-ve-toz-vakum-ve-filtrasyon-sistemleri\/","og_site_name":"Enercon","article_modified_time":"2022-12-09T12:39:46+00:00","og_image":[{"width":1200,"height":800,"url":"https:\/\/enercon.it\/wp-content\/uploads\/impianto-aspirazione-fumi-e-polveri-leroy-somer-fr.jpg","type":"image\/jpeg"}],"twitter_card":"summary_large_image","twitter_misc":{"Tahmini okuma s\u00fcresi":"6 dakika"},"schema":{"@context":"https:\/\/schema.org","@graph":[{"@type":"WebPage","@id":"https:\/\/enercon.it\/tr\/duman-ve-toz-vakum-ve-filtrasyon-sistemleri\/","url":"https:\/\/enercon.it\/tr\/duman-ve-toz-vakum-ve-filtrasyon-sistemleri\/","name":"Duman ve toz emme sistemleri | Enercon","isPartOf":{"@id":"https:\/\/enercon.it\/#website"},"primaryImageOfPage":{"@id":"https:\/\/enercon.it\/tr\/duman-ve-toz-vakum-ve-filtrasyon-sistemleri\/#primaryimage"},"image":{"@id":"https:\/\/enercon.it\/tr\/duman-ve-toz-vakum-ve-filtrasyon-sistemleri\/#primaryimage"},"thumbnailUrl":"https:\/\/enercon.it\/wp-content\/uploads\/impianto-aspirazione-fumi-e-polveri-leroy-somer-fr.jpg","datePublished":"2022-06-15T13:51:13+00:00","dateModified":"2022-12-09T12:39:46+00:00","description":"Enercon, toz emme ve filtreleme ekipmanlar\u0131 i\u00e7in end\u00fcstriyel \u00f6zelle\u015ftirme hizmetleri sunmaktad\u0131r. Yakalama cihazlar\u0131 tasarlar. Oku.","breadcrumb":{"@id":"https:\/\/enercon.it\/tr\/duman-ve-toz-vakum-ve-filtrasyon-sistemleri\/#breadcrumb"},"inLanguage":"tr","potentialAction":[{"@type":"ReadAction","target":["https:\/\/enercon.it\/tr\/duman-ve-toz-vakum-ve-filtrasyon-sistemleri\/"]}]},{"@type":"ImageObject","inLanguage":"tr","@id":"https:\/\/enercon.it\/tr\/duman-ve-toz-vakum-ve-filtrasyon-sistemleri\/#primaryimage","url":"https:\/\/enercon.it\/wp-content\/uploads\/impianto-aspirazione-fumi-e-polveri-leroy-somer-fr.jpg","contentUrl":"https:\/\/enercon.it\/wp-content\/uploads\/impianto-aspirazione-fumi-e-polveri-leroy-somer-fr.jpg","width":1200,"height":800},{"@type":"BreadcrumbList","@id":"https:\/\/enercon.it\/tr\/duman-ve-toz-vakum-ve-filtrasyon-sistemleri\/#breadcrumb","itemListElement":[{"@type":"ListItem","position":1,"name":"Home","item":"https:\/\/enercon.it\/tr\/"},{"@type":"ListItem","position":2,"name":"Duman ve toz vakum ve filtrasyon sistemleri"}]},{"@type":"WebSite","@id":"https:\/\/enercon.it\/#website","url":"https:\/\/enercon.it\/","name":"Enercon","description":"Depurazione di inquinanti atmosferici","publisher":{"@id":"https:\/\/enercon.it\/#organization"},"potentialAction":[{"@type":"SearchAction","target":{"@type":"EntryPoint","urlTemplate":"https:\/\/enercon.it\/?s={search_term_string}"},"query-input":{"@type":"PropertyValueSpecification","valueRequired":true,"valueName":"search_term_string"}}],"inLanguage":"tr"},{"@type":"Organization","@id":"https:\/\/enercon.it\/#organization","name":"Enercon S.r.l.","url":"https:\/\/enercon.it\/","logo":{"@type":"ImageObject","inLanguage":"tr","@id":"https:\/\/enercon.it\/#\/schema\/logo\/image\/","url":"https:\/\/enercon.it\/wp-content\/uploads\/2022\/05\/logo-enercon.png","contentUrl":"https:\/\/enercon.it\/wp-content\/uploads\/2022\/05\/logo-enercon.png","width":270,"height":110,"caption":"Enercon S.r.l."},"image":{"@id":"https:\/\/enercon.it\/#\/schema\/logo\/image\/"}}]}},"_links":{"self":[{"href":"https:\/\/enercon.it\/tr\/wp-json\/wp\/v2\/pages\/9932"}],"collection":[{"href":"https:\/\/enercon.it\/tr\/wp-json\/wp\/v2\/pages"}],"about":[{"href":"https:\/\/enercon.it\/tr\/wp-json\/wp\/v2\/types\/page"}],"author":[{"embeddable":true,"href":"https:\/\/enercon.it\/tr\/wp-json\/wp\/v2\/users\/1"}],"replies":[{"embeddable":true,"href":"https:\/\/enercon.it\/tr\/wp-json\/wp\/v2\/comments?post=9932"}],"version-history":[{"count":8,"href":"https:\/\/enercon.it\/tr\/wp-json\/wp\/v2\/pages\/9932\/revisions"}],"predecessor-version":[{"id":10260,"href":"https:\/\/enercon.it\/tr\/wp-json\/wp\/v2\/pages\/9932\/revisions\/10260"}],"wp:featuredmedia":[{"embeddable":true,"href":"https:\/\/enercon.it\/tr\/wp-json\/wp\/v2\/media\/9346"}],"wp:attachment":[{"href":"https:\/\/enercon.it\/tr\/wp-json\/wp\/v2\/media?parent=9932"}],"curies":[{"name":"wp","href":"https:\/\/api.w.org\/{rel}","templated":true}]}}