{"id":9929,"date":"2022-05-17T15:40:15","date_gmt":"2022-05-17T15:40:15","guid":{"rendered":"https:\/\/enercon.it\/ne-yapiyoruz\/"},"modified":"2022-11-30T13:59:53","modified_gmt":"2022-11-30T13:59:53","slug":"ne-yapiyoruz","status":"publish","type":"page","link":"https:\/\/enercon.it\/tr\/ne-yapiyoruz\/","title":{"rendered":"Ne yapiyoruz"},"content":{"rendered":"<p>[vc_row full_width=&#8221;stretch_row&#8221; pix_padding_top=&#8221;padding No&#8221; pix_padding_bottom=&#8221;padding No&#8221; gradient_colors=&#8221;%5B%7B%7D%5D&#8221; css=&#8221;.vc_custom_1668606655842{padding-top: 150px !important;padding-bottom: 150px !important;background-image: url(https:\/\/enercon.it\/wp-content\/uploads\/separatore-impianti-enercon.jpg?id=6013) !important;background-position: center !important;background-repeat: no-repeat !important;background-size: cover !important;}&#8221; el_class=&#8221;titolo&#8221;][vc_column][common_title title=&#8221;Ne yapiyoruz&#8221; color=&#8221;white-heading&#8221;][\/common_title][\/vc_column][\/vc_row][vc_row pix_padding_top=&#8221;padding No&#8221; pix_padding_bottom=&#8221;padding No&#8221; radius=&#8221;pix-rounded&#8221; overflow=&#8221;on&#8221; top_offset=&#8221;-100px&#8221; gradient_colors=&#8221;%5B%7B%7D%5D&#8221; shadow=&#8221;pix-shadow&#8221; shadow_values=&#8221;%5B%7B%22horizontal%22%3A%220%22%2C%22vertical%22%3A%222%22%2C%22blur%22%3A%2210%22%2C%22spread%22%3A%225px%22%2C%22color%22%3A%22%23000000%22%2C%22opacity%22%3A%2210%22%7D%5D&#8221;][vc_column pix_padding_top=&#8221;padding S&#8221; pix_padding_bottom=&#8221;padding S&#8221; gradient_colors=&#8221;%5B%7B%7D%5D&#8221; css=&#8221;.vc_custom_1652800232515{background-color: #ffffff !important;}&#8221;][vc_row_inner content_placement=&#8221;top&#8221; gap=&#8221;35&#8243; gradient_colors=&#8221;%5B%7B%7D%5D&#8221;][vc_column_inner][vc_column_text el_class=&#8221;two-col&#8221;]Enercon firmas\u0131 taraf\u0131ndan tasarlanan ve \u00fcretilen tesisler farkl\u0131 sistemleri \u00f6ng\u00f6r\u00fcrler: kirli hava emisyonunun yak\u0131nlar\u0131na kurulan <strong>tutma sistemleri,<\/strong> ayn\u0131 havan\u0131n <strong>ta\u015f\u0131ma sistemleri<\/strong>, <strong>atmosferde filtrasyon ve \u00e7\u0131karma sistemleri.<\/strong><\/p>\n<p>Tutma sistemleri, \u00fcretim makinelerinin i\u015flem ve bak\u0131m serbestli\u011fini muhafaza etmeye ve makinelerin operat\u00f6rlerinin etraf\u0131nda d\u00f6nd\u00fc\u011f\u00fc ortam\u0131n iyile\u015ftirilmesine \u00f6ncelik verecek \u015fekilde tasarlanm\u0131\u015f ve \u00fcretilmi\u015ftir.<\/p>\n<p>Ta\u015f\u0131ma sistemleri, enerji t\u00fcketiminde israf\u0131 \u00f6nleyerek ve bak\u0131m ve hijyenik y\u00fck\u00fcml\u00fcl\u00fckleri en aza indirerek ak\u0131\u015fkanlar dinami\u011fi ve enerji verimli\u011finin iyile\u015ftirilmesini kolayla\u015ft\u0131rmak i\u00e7in boyutland\u0131r\u0131lm\u0131\u015f ve \u00fcretilmi\u015ftir.<\/p>\n<p>Filtrasyon sistemleri, \u00e7ok \u00e7e\u015fitli olas\u0131 \u00e7\u00f6z\u00fcmler aras\u0131ndan m\u00fc\u015fterinin operasyonel, d\u00fczenleyici ve ekonomik ihtiya\u00e7lar\u0131na en uygun olan\u0131 se\u00e7erek tasarlan\u0131r ve \u00fcretilir. \u00d6zellikle bu sistemler \u00e7e\u015fitli filtrasyon a\u015famalar\u0131ndan olu\u015fabilir: eylemsizlik (durulma odas\u0131, siklonlar, vs.), mekanik (metal filtreler, kartu\u015flu, man\u015fonlu, vs..) veya elektrostatik: bu m\u00fc\u015fteri taraf\u0131ndan istenen veya y\u00fcr\u00fcrl\u00fckte olan yerel d\u00fczenlemeler taraf\u0131ndan \u00f6ng\u00f6r\u00fclen emisyon limitlerine ve i\u015flenecek s\u0131v\u0131lar\u0131n \u00f6zelliklerine ba\u011fl\u0131d\u0131r.<\/p>\n<p>Her bir filtrasyon tipi, filtrasyon verimlili\u011fini y\u00fcksek seviyede tutan, bak\u0131m ihtiyac\u0131n\u0131 azaltan ve m\u00fcdahale maliyetlerini d\u00fc\u015f\u00fcren otomatik temizleme veya y\u0131kama sistemleriyle donat\u0131lm\u0131\u015ft\u0131r.<\/p>\n<p>End\u00fcstriyel tesis m\u00fchendisli\u011fi <strong>,<\/strong>Enercon, \u00e7e\u015fitli end\u00fcstriyel proseslere y\u00f6nelik su i\u00e7in filtrasyon ve so\u011futma tesisleri, ya\u011fmur suyu toplama ve ar\u0131tma tesisleri, y\u00fcksek ve d\u00fc\u015f\u00fck bas\u0131n\u00e7l\u0131 oleodinamik ve gres da\u011f\u0131t\u0131m tesisleri, metan, oksijen ve teknik gazlar i\u00e7in ara\u00e7 \u00fcst\u00fc borulama ve da\u011f\u0131t\u0131m a\u011flar\u0131 geli\u015ftirmekte ve \u00fcretmektedir. T\u00fcm bunlar uzman boru tesisat\u00e7\u0131lar\u0131 ve kaynak\u00e7\u0131lar\u0131n yard\u0131m\u0131yla ger\u00e7ekle\u015ftirilir.[\/vc_column_text][\/vc_column_inner][\/vc_row_inner][\/vc_column][\/vc_row][vc_row pix_padding_top=&#8221;padding No&#8221; pix_padding_bottom=&#8221;padding No&#8221; gradient_colors=&#8221;%5B%7B%7D%5D&#8221;][vc_column][vc_empty_space height=&#8221;100px&#8221;][\/vc_column][\/vc_row][vc_row full_width=&#8221;stretch_row&#8221; pix_padding_bottom=&#8221;padding No&#8221; gradient_colors=&#8221;%5B%7B%7D%5D&#8221; css=&#8221;.vc_custom_1657282229709{padding-bottom: 0px !important;background-color: #f7f7f7 !important;}&#8221;][vc_column][common_title title=&#8221;G\u00f6revimiz nedir?&#8221;][\/common_title][\/vc_column][\/vc_row][vc_row full_width=&#8221;stretch_row&#8221; gap=&#8221;35&#8243; equal_height=&#8221;yes&#8221; pix_padding_top=&#8221;padding No&#8221; pix_padding_bottom=&#8221;padding No&#8221; gradient_colors=&#8221;%5B%7B%7D%5D&#8221; css=&#8221;.vc_custom_1668607299886{padding-top: 0px !important;padding-bottom: 0px !important;background-color: #f7f7f7 !important;}&#8221; el_class=&#8221;prod&#8221;][vc_column width=&#8221;1\/4&#8243;][common_icon_box style=&#8221;pix-ibox-top&#8221; position_with_center=&#8221;pix-text-center&#8221; border=&#8221;on&#8221; link=&#8221;url:https%3A%2F%2Fenercon.it%2Ftr%2Fduman-ve-toz-vakum-ve-filtrasyon-sistemleri%2F&#8221; link_type=&#8221;href&#8221; is_animate=&#8221;on&#8221; css_animation=&#8221;bounceIn&#8221; wow_duration=&#8221;1&#8243; wow_delay=&#8221;0.2&#8243; image=&#8221;6111&#8243; btn_link_txt=&#8221;Duman ve toz vakum ve filtrasyon sistemleri&#8221;][\/common_icon_box][\/vc_column][vc_column width=&#8221;1\/4&#8243;][common_icon_box style=&#8221;pix-ibox-top&#8221; position_with_center=&#8221;pix-text-center&#8221; border=&#8221;on&#8221; link=&#8221;url:https%3A%2F%2Fenercon.it%2Ftr%2Fyag-buhari-emme-ve-filtrasyon-sistemleri%2F&#8221; link_type=&#8221;href&#8221; is_animate=&#8221;on&#8221; css_animation=&#8221;bounceIn&#8221; wow_duration=&#8221;1&#8243; wow_delay=&#8221;0.6&#8243; image=&#8221;6116&#8243; btn_link_txt=&#8221;Ya\u011f buhar\u0131 emme ve filtrasyon sistemleri&#8221;][\/common_icon_box][\/vc_column][vc_column width=&#8221;1\/4&#8243;][common_icon_box style=&#8221;pix-ibox-top&#8221; position_with_center=&#8221;pix-text-center&#8221; border=&#8221;on&#8221; link=&#8221;url:https%3A%2F%2Fenercon.it%2Ftr%2Fendustriyel-hidrolik-tesisler%2F|title:Impiantistica%20industriale&#8221; link_type=&#8221;href&#8221; is_animate=&#8221;on&#8221; css_animation=&#8221;bounceIn&#8221; wow_duration=&#8221;1&#8243; wow_delay=&#8221;1&#8243; image=&#8221;6117&#8243; btn_link_txt=&#8221;End\u00fcstriyel hidrolik tesisler&#8221;][\/common_icon_box][\/vc_column][vc_column width=&#8221;1\/4&#8243;][common_icon_box style=&#8221;pix-ibox-top&#8221; radius=&#8221;pix-rounded&#8221; position_with_center=&#8221;pix-text-center&#8221; border=&#8221;on&#8221; link=&#8221;url:https%3A%2F%2Fenercon.it%2Ftr%2Fenerji-tasarrufu-ve-kazanimi-yakma-firinlari%2F&#8221; link_type=&#8221;href&#8221; is_animate=&#8221;on&#8221; css_animation=&#8221;bounceIn&#8221; wow_duration=&#8221;1&#8243; wow_delay=&#8221;1.4&#8243; image=&#8221;6118&#8243; btn_link_txt=&#8221;Enerji tasarrufu ve kazan\u0131m\u0131 &#8211; Yakma f\u0131r\u0131nlar\u0131&#8221;][\/common_icon_box][\/vc_column][\/vc_row][vc_row full_width=&#8221;stretch_row&#8221; gap=&#8221;35&#8243; equal_height=&#8221;yes&#8221; content_placement=&#8221;middle&#8221; pix_padding_top=&#8221;padding No&#8221; gradient_colors=&#8221;%5B%7B%7D%5D&#8221; css=&#8221;.vc_custom_1668607308675{background-color: #f7f7f7 !important;}&#8221; el_class=&#8221;colonna-centrata prod&#8221;][vc_column width=&#8221;1\/4&#8243;][common_icon_box style=&#8221;pix-ibox-top&#8221; position_with_center=&#8221;pix-text-center&#8221; border=&#8221;on&#8221; link=&#8221;url:https%3A%2F%2Fenercon.it%2Ftr%2Fhava-dezenfeksiyon-sistemi%2F|title:Sistemi%20di%20sanificazione%20aria&#8221; link_type=&#8221;href&#8221; is_animate=&#8221;on&#8221; css_animation=&#8221;bounceIn&#8221; wow_duration=&#8221;1&#8243; wow_delay=&#8221;1.8&#8243; btn_link_txt=&#8221;Hava dezenfeksiyon sistemi&#8221; image=&#8221;6119&#8243;][\/common_icon_box][\/vc_column][vc_column width=&#8221;1\/4&#8243;][common_icon_box style=&#8221;pix-ibox-top&#8221; position_with_center=&#8221;pix-text-center&#8221; border=&#8221;on&#8221; link=&#8221;url:https%3A%2F%2Fenercon.it%2Ftr%2Fendustri-icin-teknik-ekipman-ve-ozel-uygulamalar%2F&#8221; link_type=&#8221;href&#8221; is_animate=&#8221;on&#8221; css_animation=&#8221;bounceIn&#8221; wow_duration=&#8221;1&#8243; wow_delay=&#8221;2.2&#8243; image=&#8221;6114&#8243; btn_link_txt=&#8221;End\u00fcstri i\u00e7in teknik ekipman ve \u00f6zel uygulamalar&#8221;][\/common_icon_box][\/vc_column][vc_column width=&#8221;1\/4&#8243;][common_icon_box style=&#8221;pix-ibox-top&#8221; position_with_center=&#8221;pix-text-center&#8221; border=&#8221;on&#8221; link=&#8221;url:https%3A%2F%2Fenercon.it%2Ftr%2Fsatis-sonrasi-hizmetler-ve-bakim%2F&#8221; link_type=&#8221;href&#8221; is_animate=&#8221;on&#8221; css_animation=&#8221;bounceIn&#8221; wow_duration=&#8221;1&#8243; wow_delay=&#8221;2.6&#8243; image=&#8221;6110&#8243; btn_link_txt=&#8221;Sat\u0131\u015f sonras\u0131 hizmetler ve bak\u0131m&#8221;][\/common_icon_box][\/vc_column][\/vc_row][vc_row full_width=&#8221;stretch_row&#8221; pix_padding_top=&#8221;padding XL&#8221; pix_padding_bottom=&#8221;padding XL&#8221; gradient_colors=&#8221;%5B%7B%7D%5D&#8221; css=&#8221;.vc_custom_1658917546780{background-image: url(https:\/\/enercon.it\/wp-content\/uploads\/cosa-facciamo.jpg?id=6367) !important;background-position: center !important;background-repeat: no-repeat !important;background-size: cover !important;}&#8221;][vc_column gradient_colors=&#8221;%5B%7B%7D%5D&#8221; offset=&#8221;vc_hidden-md vc_hidden-sm vc_hidden-xs&#8221;][vc_empty_space height=&#8221;200px&#8221;][\/vc_column][\/vc_row]<\/p>\n","protected":false},"excerpt":{"rendered":"<p>[vc_row full_width=&#8221;stretch_row&#8221; pix_padding_top=&#8221;padding No&#8221; pix_padding_bottom=&#8221;padding No&#8221; gradient_colors=&#8221;%5B%7B%7D%5D&#8221; css=&#8221;.vc_custom_1668606655842{padding-top: 150px !important;padding-bottom: 150px !important;background-image: url(https:\/\/enercon.it\/wp-content\/uploads\/separatore-impianti-enercon.jpg?id=6013) !important;background-position: center !important;background-repeat: no-repeat !important;background-size: cover !important;}&#8221; el_class=&#8221;titolo&#8221;][vc_column][common_title title=&#8221;Ne yapiyoruz&#8221; color=&#8221;white-heading&#8221;][\/common_title][\/vc_column][\/vc_row][vc_row pix_padding_top=&#8221;padding No&#8221; pix_padding_bottom=&#8221;padding No&#8221; radius=&#8221;pix-rounded&#8221; overflow=&#8221;on&#8221; top_offset=&#8221;-100px&#8221; gradient_colors=&#8221;%5B%7B%7D%5D&#8221; shadow=&#8221;pix-shadow&#8221; shadow_values=&#8221;%5B%7B%22horizontal%22%3A%220%22%2C%22vertical%22%3A%222%22%2C%22blur%22%3A%2210%22%2C%22spread%22%3A%225px%22%2C%22color%22%3A%22%23000000%22%2C%22opacity%22%3A%2210%22%7D%5D&#8221;][vc_column pix_padding_top=&#8221;padding S&#8221; pix_padding_bottom=&#8221;padding S&#8221; gradient_colors=&#8221;%5B%7B%7D%5D&#8221; css=&#8221;.vc_custom_1652800232515{background-color: #ffffff !important;}&#8221;][vc_row_inner content_placement=&#8221;top&#8221; gap=&#8221;35&#8243; gradient_colors=&#8221;%5B%7B%7D%5D&#8221;][vc_column_inner][vc_column_text el_class=&#8221;two-col&#8221;]Enercon firmas\u0131 taraf\u0131ndan tasarlanan ve \u00fcretilen tesisler farkl\u0131 sistemleri \u00f6ng\u00f6r\u00fcrler: [&hellip;]<\/p>\n","protected":false},"author":1,"featured_media":9360,"parent":0,"menu_order":0,"comment_status":"closed","ping_status":"closed","template":"page-home.php","meta":{"inline_featured_image":false,"footnotes":""},"class_list":["post-9929","page","type-page","status-publish","has-post-thumbnail","hentry"],"yoast_head":"<!-- This site is optimized with the Yoast SEO plugin v23.8 - https:\/\/yoast.com\/wordpress\/plugins\/seo\/ -->\n<title>Tesis kurulumu ve end\u00fcstriyel uygulamalar | Enercon<\/title>\n<meta name=\"description\" content=\"Enercon filtreleme, ta\u015f\u0131ma ve ekstraksiyon i\u00e7in end\u00fcstriyel tesisler tasarlar ve in\u015fa eder. Enerji geri kazan\u0131m\u0131na y\u00f6nelik t\u00fcm \u00e7\u00f6z\u00fcmleri de ke\u015ffedin.\" \/>\n<meta name=\"robots\" content=\"index, follow, max-snippet:-1, max-image-preview:large, max-video-preview:-1\" \/>\n<link rel=\"canonical\" href=\"https:\/\/enercon.it\/tr\/ne-yapiyoruz\/\" \/>\n<meta property=\"og:locale\" content=\"tr_TR\" \/>\n<meta property=\"og:type\" content=\"article\" \/>\n<meta property=\"og:title\" content=\"Tesis kurulumu ve end\u00fcstriyel uygulamalar | Enercon\" \/>\n<meta property=\"og:description\" content=\"Enercon filtreleme, ta\u015f\u0131ma ve ekstraksiyon i\u00e7in end\u00fcstriyel tesisler tasarlar ve in\u015fa eder. Enerji geri kazan\u0131m\u0131na y\u00f6nelik t\u00fcm \u00e7\u00f6z\u00fcmleri de ke\u015ffedin.\" \/>\n<meta property=\"og:url\" content=\"https:\/\/enercon.it\/tr\/ne-yapiyoruz\/\" \/>\n<meta property=\"og:site_name\" content=\"Enercon\" \/>\n<meta property=\"article:modified_time\" content=\"2022-11-30T13:59:53+00:00\" \/>\n<meta property=\"og:image\" content=\"https:\/\/enercon.it\/wp-content\/uploads\/impianto-aspirazione-nebbie-oleose-brixiapress-slovacchia.jpg\" \/>\n\t<meta property=\"og:image:width\" content=\"1200\" \/>\n\t<meta property=\"og:image:height\" content=\"800\" \/>\n\t<meta property=\"og:image:type\" content=\"image\/jpeg\" \/>\n<meta name=\"twitter:card\" content=\"summary_large_image\" \/>\n<meta name=\"twitter:label1\" content=\"Tahmini okuma s\u00fcresi\" \/>\n\t<meta name=\"twitter:data1\" content=\"5 dakika\" \/>\n<script type=\"application\/ld+json\" class=\"yoast-schema-graph\">{\"@context\":\"https:\/\/schema.org\",\"@graph\":[{\"@type\":\"WebPage\",\"@id\":\"https:\/\/enercon.it\/tr\/ne-yapiyoruz\/\",\"url\":\"https:\/\/enercon.it\/tr\/ne-yapiyoruz\/\",\"name\":\"Tesis kurulumu ve end\u00fcstriyel uygulamalar | Enercon\",\"isPartOf\":{\"@id\":\"https:\/\/enercon.it\/#website\"},\"primaryImageOfPage\":{\"@id\":\"https:\/\/enercon.it\/tr\/ne-yapiyoruz\/#primaryimage\"},\"image\":{\"@id\":\"https:\/\/enercon.it\/tr\/ne-yapiyoruz\/#primaryimage\"},\"thumbnailUrl\":\"https:\/\/enercon.it\/wp-content\/uploads\/impianto-aspirazione-nebbie-oleose-brixiapress-slovacchia.jpg\",\"datePublished\":\"2022-05-17T15:40:15+00:00\",\"dateModified\":\"2022-11-30T13:59:53+00:00\",\"description\":\"Enercon filtreleme, ta\u015f\u0131ma ve ekstraksiyon i\u00e7in end\u00fcstriyel tesisler tasarlar ve in\u015fa eder. Enerji geri kazan\u0131m\u0131na y\u00f6nelik t\u00fcm \u00e7\u00f6z\u00fcmleri de ke\u015ffedin.\",\"breadcrumb\":{\"@id\":\"https:\/\/enercon.it\/tr\/ne-yapiyoruz\/#breadcrumb\"},\"inLanguage\":\"tr\",\"potentialAction\":[{\"@type\":\"ReadAction\",\"target\":[\"https:\/\/enercon.it\/tr\/ne-yapiyoruz\/\"]}]},{\"@type\":\"ImageObject\",\"inLanguage\":\"tr\",\"@id\":\"https:\/\/enercon.it\/tr\/ne-yapiyoruz\/#primaryimage\",\"url\":\"https:\/\/enercon.it\/wp-content\/uploads\/impianto-aspirazione-nebbie-oleose-brixiapress-slovacchia.jpg\",\"contentUrl\":\"https:\/\/enercon.it\/wp-content\/uploads\/impianto-aspirazione-nebbie-oleose-brixiapress-slovacchia.jpg\",\"width\":1200,\"height\":800},{\"@type\":\"BreadcrumbList\",\"@id\":\"https:\/\/enercon.it\/tr\/ne-yapiyoruz\/#breadcrumb\",\"itemListElement\":[{\"@type\":\"ListItem\",\"position\":1,\"name\":\"Home\",\"item\":\"https:\/\/enercon.it\/tr\/\"},{\"@type\":\"ListItem\",\"position\":2,\"name\":\"Ne yapiyoruz\"}]},{\"@type\":\"WebSite\",\"@id\":\"https:\/\/enercon.it\/#website\",\"url\":\"https:\/\/enercon.it\/\",\"name\":\"Enercon\",\"description\":\"Depurazione di inquinanti atmosferici\",\"publisher\":{\"@id\":\"https:\/\/enercon.it\/#organization\"},\"potentialAction\":[{\"@type\":\"SearchAction\",\"target\":{\"@type\":\"EntryPoint\",\"urlTemplate\":\"https:\/\/enercon.it\/?s={search_term_string}\"},\"query-input\":{\"@type\":\"PropertyValueSpecification\",\"valueRequired\":true,\"valueName\":\"search_term_string\"}}],\"inLanguage\":\"tr\"},{\"@type\":\"Organization\",\"@id\":\"https:\/\/enercon.it\/#organization\",\"name\":\"Enercon S.r.l.\",\"url\":\"https:\/\/enercon.it\/\",\"logo\":{\"@type\":\"ImageObject\",\"inLanguage\":\"tr\",\"@id\":\"https:\/\/enercon.it\/#\/schema\/logo\/image\/\",\"url\":\"https:\/\/enercon.it\/wp-content\/uploads\/2022\/05\/logo-enercon.png\",\"contentUrl\":\"https:\/\/enercon.it\/wp-content\/uploads\/2022\/05\/logo-enercon.png\",\"width\":270,\"height\":110,\"caption\":\"Enercon S.r.l.\"},\"image\":{\"@id\":\"https:\/\/enercon.it\/#\/schema\/logo\/image\/\"}}]}<\/script>\n<!-- \/ Yoast SEO plugin. -->","yoast_head_json":{"title":"Tesis kurulumu ve end\u00fcstriyel uygulamalar | Enercon","description":"Enercon filtreleme, ta\u015f\u0131ma ve ekstraksiyon i\u00e7in end\u00fcstriyel tesisler tasarlar ve in\u015fa eder. Enerji geri kazan\u0131m\u0131na y\u00f6nelik t\u00fcm \u00e7\u00f6z\u00fcmleri de ke\u015ffedin.","robots":{"index":"index","follow":"follow","max-snippet":"max-snippet:-1","max-image-preview":"max-image-preview:large","max-video-preview":"max-video-preview:-1"},"canonical":"https:\/\/enercon.it\/tr\/ne-yapiyoruz\/","og_locale":"tr_TR","og_type":"article","og_title":"Tesis kurulumu ve end\u00fcstriyel uygulamalar | Enercon","og_description":"Enercon filtreleme, ta\u015f\u0131ma ve ekstraksiyon i\u00e7in end\u00fcstriyel tesisler tasarlar ve in\u015fa eder. Enerji geri kazan\u0131m\u0131na y\u00f6nelik t\u00fcm \u00e7\u00f6z\u00fcmleri de ke\u015ffedin.","og_url":"https:\/\/enercon.it\/tr\/ne-yapiyoruz\/","og_site_name":"Enercon","article_modified_time":"2022-11-30T13:59:53+00:00","og_image":[{"width":1200,"height":800,"url":"https:\/\/enercon.it\/wp-content\/uploads\/impianto-aspirazione-nebbie-oleose-brixiapress-slovacchia.jpg","type":"image\/jpeg"}],"twitter_card":"summary_large_image","twitter_misc":{"Tahmini okuma s\u00fcresi":"5 dakika"},"schema":{"@context":"https:\/\/schema.org","@graph":[{"@type":"WebPage","@id":"https:\/\/enercon.it\/tr\/ne-yapiyoruz\/","url":"https:\/\/enercon.it\/tr\/ne-yapiyoruz\/","name":"Tesis kurulumu ve end\u00fcstriyel uygulamalar | Enercon","isPartOf":{"@id":"https:\/\/enercon.it\/#website"},"primaryImageOfPage":{"@id":"https:\/\/enercon.it\/tr\/ne-yapiyoruz\/#primaryimage"},"image":{"@id":"https:\/\/enercon.it\/tr\/ne-yapiyoruz\/#primaryimage"},"thumbnailUrl":"https:\/\/enercon.it\/wp-content\/uploads\/impianto-aspirazione-nebbie-oleose-brixiapress-slovacchia.jpg","datePublished":"2022-05-17T15:40:15+00:00","dateModified":"2022-11-30T13:59:53+00:00","description":"Enercon filtreleme, ta\u015f\u0131ma ve ekstraksiyon i\u00e7in end\u00fcstriyel tesisler tasarlar ve in\u015fa eder. Enerji geri kazan\u0131m\u0131na y\u00f6nelik t\u00fcm \u00e7\u00f6z\u00fcmleri de ke\u015ffedin.","breadcrumb":{"@id":"https:\/\/enercon.it\/tr\/ne-yapiyoruz\/#breadcrumb"},"inLanguage":"tr","potentialAction":[{"@type":"ReadAction","target":["https:\/\/enercon.it\/tr\/ne-yapiyoruz\/"]}]},{"@type":"ImageObject","inLanguage":"tr","@id":"https:\/\/enercon.it\/tr\/ne-yapiyoruz\/#primaryimage","url":"https:\/\/enercon.it\/wp-content\/uploads\/impianto-aspirazione-nebbie-oleose-brixiapress-slovacchia.jpg","contentUrl":"https:\/\/enercon.it\/wp-content\/uploads\/impianto-aspirazione-nebbie-oleose-brixiapress-slovacchia.jpg","width":1200,"height":800},{"@type":"BreadcrumbList","@id":"https:\/\/enercon.it\/tr\/ne-yapiyoruz\/#breadcrumb","itemListElement":[{"@type":"ListItem","position":1,"name":"Home","item":"https:\/\/enercon.it\/tr\/"},{"@type":"ListItem","position":2,"name":"Ne yapiyoruz"}]},{"@type":"WebSite","@id":"https:\/\/enercon.it\/#website","url":"https:\/\/enercon.it\/","name":"Enercon","description":"Depurazione di inquinanti atmosferici","publisher":{"@id":"https:\/\/enercon.it\/#organization"},"potentialAction":[{"@type":"SearchAction","target":{"@type":"EntryPoint","urlTemplate":"https:\/\/enercon.it\/?s={search_term_string}"},"query-input":{"@type":"PropertyValueSpecification","valueRequired":true,"valueName":"search_term_string"}}],"inLanguage":"tr"},{"@type":"Organization","@id":"https:\/\/enercon.it\/#organization","name":"Enercon S.r.l.","url":"https:\/\/enercon.it\/","logo":{"@type":"ImageObject","inLanguage":"tr","@id":"https:\/\/enercon.it\/#\/schema\/logo\/image\/","url":"https:\/\/enercon.it\/wp-content\/uploads\/2022\/05\/logo-enercon.png","contentUrl":"https:\/\/enercon.it\/wp-content\/uploads\/2022\/05\/logo-enercon.png","width":270,"height":110,"caption":"Enercon S.r.l."},"image":{"@id":"https:\/\/enercon.it\/#\/schema\/logo\/image\/"}}]}},"_links":{"self":[{"href":"https:\/\/enercon.it\/tr\/wp-json\/wp\/v2\/pages\/9929"}],"collection":[{"href":"https:\/\/enercon.it\/tr\/wp-json\/wp\/v2\/pages"}],"about":[{"href":"https:\/\/enercon.it\/tr\/wp-json\/wp\/v2\/types\/page"}],"author":[{"embeddable":true,"href":"https:\/\/enercon.it\/tr\/wp-json\/wp\/v2\/users\/1"}],"replies":[{"embeddable":true,"href":"https:\/\/enercon.it\/tr\/wp-json\/wp\/v2\/comments?post=9929"}],"version-history":[{"count":4,"href":"https:\/\/enercon.it\/tr\/wp-json\/wp\/v2\/pages\/9929\/revisions"}],"predecessor-version":[{"id":10064,"href":"https:\/\/enercon.it\/tr\/wp-json\/wp\/v2\/pages\/9929\/revisions\/10064"}],"wp:featuredmedia":[{"embeddable":true,"href":"https:\/\/enercon.it\/tr\/wp-json\/wp\/v2\/media\/9360"}],"wp:attachment":[{"href":"https:\/\/enercon.it\/tr\/wp-json\/wp\/v2\/media?parent=9929"}],"curies":[{"name":"wp","href":"https:\/\/api.w.org\/{rel}","templated":true}]}}