{"id":9926,"date":"2022-05-17T07:48:06","date_gmt":"2022-05-17T07:48:06","guid":{"rendered":"https:\/\/enercon.it\/hakkimizda\/"},"modified":"2023-01-26T13:58:17","modified_gmt":"2023-01-26T13:58:17","slug":"hakkimizda","status":"publish","type":"page","link":"https:\/\/enercon.it\/tr\/hakkimizda\/","title":{"rendered":"Hakk\u0131m\u0131zda"},"content":{"rendered":"<p>[vc_row pix_padding_top=&#8221;padding No&#8221; pix_padding_bottom=&#8221;padding XL&#8221; gradient_colors=&#8221;%5B%7B%7D%5D&#8221; pix_padding=&#8221;pix-padding-both&#8221; css=&#8221;.vc_custom_1668605138356{background-color: #ffffff !important;}&#8221; el_class=&#8221;chi-siamo&#8221;][vc_column width=&#8221;1\/4&#8243; gradient_colors=&#8221;%5B%7B%7D%5D&#8221; css=&#8221;.vc_custom_1563044511886{padding-right: 38px !important;}&#8221;][common_title title=&#8221;1980&#8217;den beri end\u00fcstriyel tesisatlar\u0131n \u00fcreticisi&#8221; padding=&#8221;off&#8221; position=&#8221;text-left&#8221; subtitle=&#8221;B\u0130Z K\u0130M\u0130Z&#8221;][\/common_title][\/vc_column][vc_column width=&#8221;3\/4&#8243; gradient_colors=&#8221;%5B%7B%7D%5D&#8221; css=&#8221;.vc_custom_1563044519551{padding-left: 12px !important;}&#8221;][vc_column_text]<span style=\"font-weight: 400;\">Enercon, \u0130talya&#8217;da ve d\u00fcnya \u00e7ap\u0131nda <strong>ekstraksiyon<\/strong> <strong>ve filtrasyon sistemleri alan\u0131nda<\/strong> lider bir \u015firkettir (Hava filtrasyon sistemi b\u00f6l\u00fcm\u00fc). \u015eirketin 40 y\u0131l\u0131 a\u015fk\u0131n deneyiminden kaynaklanan sorunlara ili\u015fkin derinlemesine bilgi birikimi, \u00f6zel m\u00fc\u015fteri gereksinimlerine uygun ve esnek \u00e7\u00f6z\u00fcmler \u00f6nermesine olanak tan\u0131yarak, daha \u015fimdiden yayg\u0131n ve oybirli\u011fiyle onaylanm\u0131\u015f bir se\u00e7im olan anahtar teslim tesis tedarik form\u00fcl\u00fcyle nitelikli bir m\u00fc\u015fteri kitlesi i\u00e7in referans noktas\u0131 olarak hareket etmektedir.<\/span><\/p>\n<p><span style=\"font-weight: 400;\">Uygulamalar, \u00f6zellikle pres d\u00f6k\u00fcm, kal\u0131plama, demir olmayan metallerin (al\u00fcminyum, magnezyum, bronz, pirin\u00e7, \u00e7inko) mekanik i\u015flem sekt\u00f6rlerine dikkat ederek \u00e7ok say\u0131da end\u00fcstriyel sekt\u00f6r ve farkl\u0131 malzemeleri i\u00e7ermektedir. Kendi gelene\u011finin tipik tesislerinin geli\u015ftirilmesine ek olarak Enercon m\u00fc\u015fterilerine spesifik problemler i\u00e7in <strong>ki\u015fiselle\u015ftirilmi\u015f \u00e7\u00f6z\u00fcmler<\/strong> sunmak i\u00e7in <a href=\"https:\/\/enercon.it\/tr\/endustri-icin-teknik-ekipman-ve-ozel-uygulamalar\/\"><strong>\u00f6zel uygulamalar<\/strong><\/a> ve Hydraulic Systems ile <a href=\"https:\/\/enercon.it\/tr\/endustriyel-hidrolik-tesisler\/\"><strong>hidrolik ve end\u00fcstriyel tesisler sekt\u00f6r\u00fcne<\/strong><\/a> adam\u0131\u015ft\u0131r.<\/span>[\/vc_column_text][vc_row_inner][vc_column_inner][common_button text=&#8221;Firma Kart\u0131&#8221; link=&#8221;url:https%3A%2F%2Fenercon.it%2Fwp-content%2Fuploads%2Fdownload%2Ftr%2Fscheda-aziendale-ENERCON-\u015e\u0130RKET-PROF\u0130L\u0130_tr_yeni.pdf|target:_blank&#8221; radius=&#8221;pix-rounded&#8221; size_v=&#8221;pix-v-l&#8221; size_h=&#8221;pix-h-m&#8221; color=&#8221;pix-dark&#8221;][\/vc_column_inner][\/vc_row_inner][\/vc_column][\/vc_row][vc_row full_width=&#8221;stretch_row&#8221; pix_padding_top=&#8221;padding XL&#8221; pix_padding_bottom=&#8221;padding No&#8221; gradient_colors=&#8221;%5B%7B%7D%5D&#8221; pix_padding=&#8221;pix-padding-both&#8221; css=&#8221;.vc_custom_1668605549155{background-color: #f6f6f7 !important;}&#8221; el_class=&#8221;vantaggi&#8221;][vc_column width=&#8221;1\/4&#8243; gradient_colors=&#8221;%5B%7B%7D%5D&#8221; css=&#8221;.vc_custom_1563044527079{padding-right: 38px !important;}&#8221;][common_title title=&#8221;Neden bizi se\u00e7melisiniz&#8221; padding=&#8221;off&#8221; position=&#8221;text-left&#8221; subtitle=&#8221;AVANTAJLAR&#8221;][\/common_title][\/vc_column][vc_column width=&#8221;1\/4&#8243; gradient_colors=&#8221;%5B%7B%7D%5D&#8221; css=&#8221;.vc_custom_1563044667137{padding-right: 25px !important;padding-left: 12px !important;}&#8221;][common_icon_box image=&#8221;6095&#8243; title=&#8221;Kalite&#8221;]T\u00fcm yasal kalite gerekliliklerine ve sertifikalar\u0131na sahibiz[\/common_icon_box][\/vc_column][vc_column width=&#8221;1\/4&#8243; gradient_colors=&#8221;%5B%7B%7D%5D&#8221; css=&#8221;.vc_custom_1563045186756{padding-right: 13px !important;padding-left: 25px !important;}&#8221;][common_icon_box image=&#8221;6097&#8243; title=&#8221;G\u00fcvenlik&#8221;]\u00c7al\u0131\u015fanlar\u0131n g\u00fcvenli\u011fi i\u00e7in kurallara ve \u015fartnamelere uyulmas\u0131n\u0131 sa\u011fl\u0131yoruz[\/common_icon_box][\/vc_column][vc_column width=&#8221;1\/4&#8243; gradient_colors=&#8221;%5B%7B%7D%5D&#8221; css=&#8221;.vc_custom_1563045194209{padding-left: 37px !important;}&#8221;][common_icon_box title=&#8221;Deneyim&#8221; image=&#8221;6093&#8243;]Sekt\u00f6rde ge\u00e7irdi\u011fimiz y\u0131llardan kaynaklanan geni\u015f bir ge\u00e7mi\u015fe sahibiz[\/common_icon_box][\/vc_column][\/vc_row][vc_row full_width=&#8221;stretch_row&#8221; pix_padding_top=&#8221;padding S&#8221; pix_padding_bottom=&#8221;padding XL&#8221; gradient_colors=&#8221;%5B%7B%7D%5D&#8221; pix_padding=&#8221;pix-padding-both&#8221; css=&#8221;.vc_custom_1668605555409{background-color: #f6f6f7 !important;}&#8221; el_class=&#8221;vantaggi&#8221;][vc_column width=&#8221;1\/4&#8243; gradient_colors=&#8221;%5B%7B%7D%5D&#8221; css=&#8221;.vc_custom_1563044527079{padding-right: 38px !important;}&#8221;][\/vc_column][vc_column width=&#8221;1\/4&#8243; gradient_colors=&#8221;%5B%7B%7D%5D&#8221; css=&#8221;.vc_custom_1563044667137{padding-right: 25px !important;padding-left: 12px !important;}&#8221;][common_icon_box image=&#8221;6096&#8243; title=&#8221;\u00d6zelle\u015ftirme&#8221;]\u00d6zel m\u00fc\u015fteri gereksinimlerine g\u00f6re kurulumlar ger\u00e7ekle\u015ftiriyoruz[\/common_icon_box][\/vc_column][vc_column width=&#8221;1\/4&#8243; gradient_colors=&#8221;%5B%7B%7D%5D&#8221; css=&#8221;.vc_custom_1563045186756{padding-right: 13px !important;padding-left: 25px !important;}&#8221;][common_icon_box image=&#8221;6100&#8243; title=&#8221;Yard\u0131m&#8221;]Profesyonel ve nitelikli servis ve bak\u0131m hizmeti sunuyoruz[\/common_icon_box][\/vc_column][vc_column width=&#8221;1\/4&#8243; gradient_colors=&#8221;%5B%7B%7D%5D&#8221; css=&#8221;.vc_custom_1563045194209{padding-left: 37px !important;}&#8221;][common_icon_box image=&#8221;6098&#8243; title=&#8221;Anahtar Teslim&#8221;]Anahtar teslim form\u00fcl\u00fcm\u00fcz s\u00fcre\u00e7lerin karma\u015f\u0131kl\u0131\u011f\u0131n\u0131 basitle\u015ftirir[\/common_icon_box][\/vc_column][\/vc_row][vc_row full_width=&#8221;stretch_row&#8221; equal_height=&#8221;yes&#8221; pix_padding_top=&#8221;padding XL&#8221; pix_padding_bottom=&#8221;padding XL&#8221; gradient_colors=&#8221;%5B%7B%7D%5D&#8221; pix_padding=&#8221;pix-padding-both&#8221; css=&#8221;.vc_custom_1656333826176{background-color: #ffffff !important;}&#8221;][vc_column width=&#8221;1\/4&#8243; gradient_colors=&#8221;%5B%7B%7D%5D&#8221; css=&#8221;.vc_custom_1563044567723{padding-right: 38px !important;}&#8221;][common_title title=&#8221;Bizim hikayemiz&#8221; padding=&#8221;off&#8221; position=&#8221;text-left&#8221; subtitle=&#8221;ENERCON&#8221;][\/common_title][\/vc_column][vc_column width=&#8221;3\/4&#8243; gradient_colors=&#8221;%5B%7B%7D%5D&#8221; css=&#8221;.vc_custom_1563044589461{padding-left: 12px !important;}&#8221;][common_tab_acc tabs=&#8221;%5B%7B%22label%22%3A%221980%22%2C%22content_t%22%3A%22Enercon%201980%20y%C4%B1l%C4%B1nda%2C%20at%C4%B1k%20ar%C4%B1tma%20ve%20bertaraf%C4%B1%20sekt%C3%B6r%C3%BCnde%20%C3%A7al%C4%B1%C5%9Fan%20bir%20grubun%20%C3%B6zel%20tesis%20ihtiya%C3%A7lar%C4%B1n%C4%B1%20kar%C5%9F%C4%B1lamak%20i%C3%A7in%20do%C4%9Fmu%C5%9Ftur.%20Yurti%C3%A7inde%20ve%20ayn%C4%B1%20zamanda%20yurtd%C4%B1%C5%9F%C4%B1nda%20%C3%A7al%C4%B1%C5%9Fmakta%2C%20esas%20olarak%20sipari%C5%9Flerin%20al%C4%B1nmas%C4%B1%20ve%20end%C3%BCstriyel%20tesislerin%20d%C4%B1%C5%9Far%C4%B1da%20in%C5%9Fa%20ettirilerek%20tasarlanmas%C4%B1yla%20ilgilenmektedir.%22%2C%22link%22%3A%22url%3Ahttp%253A%252F%252Fideademo.it%252Fenercon%252Ftr%252Fne-yapiyoruz%252F%7Ctitle%3ACosa%2520facciamo%22%2C%22tab_id%22%3A%221665653503%22%7D%2C%7B%22label%22%3A%221986%22%2C%22content_t%22%3A%22Enercon%201986&#8217;dan%20beri%20b%C3%BCy%C3%BCmekte%20ve%20kendi%20%C3%BCretim%20birimini%20kurmakta%2C%20ekipmanlar%C4%B1n%C4%B1%20d%C4%B1%C5%9Far%C4%B1daki%20at%C3%B6lyeleri%20kullanmadan%20kendi%20b%C3%BCnyesinde%20in%C5%9Fa%20etmekte%20ve%20m%C3%BC%C5%9Fterilerine%20eksiksiz%20bir%20bak%C4%B1m%20ve%20servis%20hizmeti%20sunmak%20i%C3%A7in%20b%C3%BCy%C3%BCk%20bir%20yedek%20par%C3%A7a%20deposu%20sat%C4%B1n%20alm%C4%B1%C5%9Ft%C4%B1r.%22%2C%22link%22%3A%22url%3Ahttp%253A%252F%252Fideademo.it%252Fenercon%252Ftr%252Fne-yapiyoruz%252F%7Ctitle%3ACosa%2520facciamo%22%2C%22tab_id%22%3A%22352706552%22%7D%2C%7B%22label%22%3A%222000%22%2C%22content_t%22%3A%222000%20y%C4%B1l%C4%B1nda%20Enercon%2C%20sundu%C4%9Fu%20%C3%BCr%C3%BCn%20yelpazesini%20geni%C5%9Fletmek%20amac%C4%B1yla%2C%20yakma%20sistemleri%20%C3%BCretiminde%2030%20y%C4%B1l%C4%B1%20a%C5%9Fk%C4%B1n%20bir%20s%C3%BCredir%20pazar%20lideri%20olan%20&#8217;IMEF&#8217;%20%C5%9Firketinin%20marka%2C%20know-how%20ve%20patentlerini%20devrald%C4%B1.%22%2C%22link%22%3A%22url%3Ahttp%253A%252F%252Fideademo.it%252Fenercon%252Ftr%252Fne-yapiyoruz%252F%7Ctitle%3ACosa%2520facciamo%22%2C%22tab_id%22%3A%221665653503%22%7D%2C%7B%22label%22%3A%222019%22%2C%22content_t%22%3A%222019%20y%C4%B1l%C4%B1nda%20Sanibox&#8217;%C4%B1n%20%C3%A7ekirde%C4%9Fi%20olan%20Bioxigen%C2%AE%20teknolojisine%20yat%C4%B1r%C4%B1m%20yapt%C4%B1.%20T%C3%9CV%20Profi-Cert%20sertifikal%C4%B1%20olmas%C4%B1n%C4%B1n%20yan%C4%B1%20s%C4%B1ra%20sistem%2C%20uzman%20bir%20laboratuvarda%20EN16777-2019&#8217;a%20g%C3%B6re%20COVID-19&#8217;a%20kar%C5%9F%C4%B1%20da%20test%20edilmi%C5%9F%20ve%20sonu%C3%A7lar%20sistemin%20Koronavir%C3%BCs%20SARS-Cov-2%20dahil%20t%C3%BCm%20vir%C3%BCslere%20kar%C5%9F%C4%B1%20etkili%20oldu%C4%9Funu%20g%C3%B6stermi%C5%9Ftir.%22%2C%22link%22%3A%22url%3Ahttp%253A%252F%252Fideademo.it%252Fenercon%252Ftr%252Fne-yapiyoruz%252F%7Ctitle%3ACosa%2520facciamo%22%2C%22tab_id%22%3A%221618635055%22%7D%2C%7B%22label%22%3A%222020%22%2C%22content_t%22%3A%22Gelene%C4%9Fine%20%C3%B6zg%C3%BC%20tesislerin%20geli%C5%9Ftirilmesine%20ek%20olarak%20Enercon%2C%202020%20y%C4%B1l%C4%B1nda%20Enercon%20Marine%20B%C3%B6l%C3%BCm%C3%BC&#8217;n%C3%BC%20a%C3%A7arak%20al%C3%BCminyum%20prototiplerin%20in%C5%9Fas%C4%B1%20i%C3%A7in%20kendisini%20denizcilik%20ve%20gemi%20in%C5%9Fa%20sekt%C3%B6r%C3%BCne%20adam%C4%B1%C5%9Ft%C4%B1r.%22%2C%22link%22%3A%22url%3Ahttp%253A%252F%252Fideademo.it%252Fenercon%252Ftr%252Fne-yapiyoruz%252F%7Ctitle%3ACosa%2520facciamo%22%2C%22tab_id%22%3A%221618635055%22%7D%5D&#8221;][common_button text=&#8221;Hizmetlerimiz&#8221; link=&#8221;url:https%3A%2F%2Fenercon.it%2Ftr%2Fne-yapiyoruz%2F|target:_blank&#8221; radius=&#8221;pix-rounded&#8221; size_v=&#8221;pix-v-l&#8221; size_h=&#8221;pix-h-m&#8221; color=&#8221;pix-dark&#8221;][\/vc_column][\/vc_row][vc_row full_width=&#8221;stretch_row&#8221; equal_height=&#8221;yes&#8221; pix_padding_top=&#8221;padding XL&#8221; pix_padding_bottom=&#8221;padding XL&#8221; ptextcolor=&#8221;Black&#8221; gradient_colors=&#8221;%5B%7B%7D%5D&#8221; pix_padding=&#8221;pix-padding-both&#8221; css=&#8221;.vc_custom_1656334152884{background-color: #f6f6f7 !important;}&#8221;][vc_column width=&#8221;1\/4&#8243; gradient_colors=&#8221;%5B%7B%7D%5D&#8221; css=&#8221;.vc_custom_1563044559417{padding-right: 38px !important;}&#8221;][common_title title=&#8221;Kalite politikam\u0131z&#8221; padding=&#8221;off&#8221; position=&#8221;text-left&#8221; subtitle=&#8221;SERT\u0130F\u0130KALAR&#8221;][\/common_title][\/vc_column][vc_column width=&#8221;3\/4&#8243; gradient_colors=&#8221;%5B%7B%7D%5D&#8221; css=&#8221;.vc_custom_1563044595682{padding-left: 12px !important;}&#8221;][vc_column_text]Enercon firmas\u0131 ayr\u0131ca, karma\u015f\u0131k olmalar\u0131 nedeniyle end\u00fcstriyel-\u00fcretim sekt\u00f6r\u00fcn\u00fcn \u00e7o\u011fu i\u015flemlerini ve \u00fcretimlerini zorlu hale getiren derin bir standart, d\u00fczenleme ve yasa bilgisine sahiptir. Enercon teknik ofisi karl\u0131 bir i\u015fbirli\u011fi ve daha fazla bilgi i\u00e7in her zaman sizin hizmetinizdedir. T\u00fcm Enercon personeli Kalite politikas\u0131na dahildir ve her \u015firket s\u00fcreci s\u00fcrekli kontrol alt\u0131nda tutulur.[\/vc_column_text][common_icon_box icon_type=&#8221;font&#8221; icon_pixfontawesome=&#8221;fa fa-check&#8221; icon_size=&#8221;pix-icon-s&#8221; link=&#8221;url:https%3A%2F%2Fenercon.it%2Fwp-content%2Fuploads%2Fdownload%2Fen%2FCertficato_ISO-9001-scad._3.10.2023_ en.pdf&#8221; title=&#8221;ISO 9001:2015 Sertifikas\u0131&#8221;][\/common_icon_box][common_icon_box icon_type=&#8221;font&#8221; icon_pixfontawesome=&#8221;fa fa-check&#8221; icon_size=&#8221;pix-icon-s&#8221; link=&#8221;url:https%3A%2F%2Fenercon.it%2Fwp-content%2Fuploads%2Fdownload%2Fen%2FCERTIFICATE-N-3900372-EN1090-en.pdf&#8221; title=&#8221;Sertifikal\u0131 EN1090 1:2009 + A1:2011&#8243;][\/common_icon_box][common_icon_box icon_type=&#8221;font&#8221; icon_pixfontawesome=&#8221;fa fa-check&#8221; icon_size=&#8221;pix-icon-s&#8221; link=&#8221;url:https%3A%2F%2Fenercon.it%2Fwp-content%2Fuploads%2FCertificate_A47E53D7-292_en.pdf&#8221; title=&#8221;EN-ISO-3834 sertifikal\u0131&#8221;][\/common_icon_box][\/vc_column][\/vc_row]<\/p>\n","protected":false},"excerpt":{"rendered":"<p>[vc_row pix_padding_top=&#8221;padding No&#8221; pix_padding_bottom=&#8221;padding XL&#8221; gradient_colors=&#8221;%5B%7B%7D%5D&#8221; pix_padding=&#8221;pix-padding-both&#8221; css=&#8221;.vc_custom_1668605138356{background-color: #ffffff !important;}&#8221; el_class=&#8221;chi-siamo&#8221;][vc_column width=&#8221;1\/4&#8243; gradient_colors=&#8221;%5B%7B%7D%5D&#8221; css=&#8221;.vc_custom_1563044511886{padding-right: 38px !important;}&#8221;][common_title title=&#8221;1980&#8217;den beri end\u00fcstriyel tesisatlar\u0131n \u00fcreticisi&#8221; padding=&#8221;off&#8221; position=&#8221;text-left&#8221; subtitle=&#8221;B\u0130Z K\u0130M\u0130Z&#8221;][\/common_title][\/vc_column][vc_column width=&#8221;3\/4&#8243; gradient_colors=&#8221;%5B%7B%7D%5D&#8221; css=&#8221;.vc_custom_1563044519551{padding-left: 12px !important;}&#8221;][vc_column_text]Enercon, \u0130talya&#8217;da ve d\u00fcnya \u00e7ap\u0131nda ekstraksiyon ve filtrasyon sistemleri alan\u0131nda lider bir \u015firkettir (Hava filtrasyon sistemi b\u00f6l\u00fcm\u00fc). \u015eirketin 40 y\u0131l\u0131 a\u015fk\u0131n deneyiminden kaynaklanan sorunlara ili\u015fkin derinlemesine [&hellip;]<\/p>\n","protected":false},"author":1,"featured_media":9354,"parent":0,"menu_order":0,"comment_status":"closed","ping_status":"closed","template":"","meta":{"inline_featured_image":false,"footnotes":""},"class_list":["post-9926","page","type-page","status-publish","has-post-thumbnail","hentry"],"yoast_head":"<!-- This site is optimized with the Yoast SEO plugin v23.8 - https:\/\/yoast.com\/wordpress\/plugins\/seo\/ -->\n<title>End\u00fcstriyel tesisatlar\u0131n \u00fcreticisi | Enercon<\/title>\n<meta name=\"description\" content=\"Enercon, ekstraksiyon ve filtrasyon ekipmanlar\u0131 alan\u0131nda liderdir. End\u00fcstriyel sekt\u00f6rlerde uygulanabilir anahtar teslim sistemler sunmaktad\u0131r. Di\u011ferini okuyun.\" \/>\n<meta name=\"robots\" content=\"index, follow, max-snippet:-1, max-image-preview:large, max-video-preview:-1\" \/>\n<link rel=\"canonical\" href=\"https:\/\/enercon.it\/tr\/hakkimizda\/\" \/>\n<meta property=\"og:locale\" content=\"tr_TR\" \/>\n<meta property=\"og:type\" content=\"article\" \/>\n<meta property=\"og:title\" content=\"End\u00fcstriyel tesisatlar\u0131n \u00fcreticisi | Enercon\" \/>\n<meta property=\"og:description\" content=\"Enercon, ekstraksiyon ve filtrasyon ekipmanlar\u0131 alan\u0131nda liderdir. End\u00fcstriyel sekt\u00f6rlerde uygulanabilir anahtar teslim sistemler sunmaktad\u0131r. Di\u011ferini okuyun.\" \/>\n<meta property=\"og:url\" content=\"https:\/\/enercon.it\/tr\/hakkimizda\/\" \/>\n<meta property=\"og:site_name\" content=\"Enercon\" \/>\n<meta property=\"article:modified_time\" content=\"2023-01-26T13:58:17+00:00\" \/>\n<meta property=\"og:image\" content=\"https:\/\/enercon.it\/wp-content\/uploads\/impianto-aspirazione-nebbie-oleose-tecopress-spa-colosio-ita.jpg\" \/>\n\t<meta property=\"og:image:width\" content=\"900\" \/>\n\t<meta property=\"og:image:height\" content=\"600\" \/>\n\t<meta property=\"og:image:type\" content=\"image\/jpeg\" \/>\n<meta name=\"twitter:card\" content=\"summary_large_image\" \/>\n<meta name=\"twitter:label1\" content=\"Tahmini okuma s\u00fcresi\" \/>\n\t<meta name=\"twitter:data1\" content=\"8 dakika\" \/>\n<script type=\"application\/ld+json\" class=\"yoast-schema-graph\">{\"@context\":\"https:\/\/schema.org\",\"@graph\":[{\"@type\":\"WebPage\",\"@id\":\"https:\/\/enercon.it\/tr\/hakkimizda\/\",\"url\":\"https:\/\/enercon.it\/tr\/hakkimizda\/\",\"name\":\"End\u00fcstriyel tesisatlar\u0131n \u00fcreticisi | Enercon\",\"isPartOf\":{\"@id\":\"https:\/\/enercon.it\/#website\"},\"primaryImageOfPage\":{\"@id\":\"https:\/\/enercon.it\/tr\/hakkimizda\/#primaryimage\"},\"image\":{\"@id\":\"https:\/\/enercon.it\/tr\/hakkimizda\/#primaryimage\"},\"thumbnailUrl\":\"https:\/\/enercon.it\/wp-content\/uploads\/impianto-aspirazione-nebbie-oleose-tecopress-spa-colosio-ita.jpg\",\"datePublished\":\"2022-05-17T07:48:06+00:00\",\"dateModified\":\"2023-01-26T13:58:17+00:00\",\"description\":\"Enercon, ekstraksiyon ve filtrasyon ekipmanlar\u0131 alan\u0131nda liderdir. End\u00fcstriyel sekt\u00f6rlerde uygulanabilir anahtar teslim sistemler sunmaktad\u0131r. Di\u011ferini okuyun.\",\"breadcrumb\":{\"@id\":\"https:\/\/enercon.it\/tr\/hakkimizda\/#breadcrumb\"},\"inLanguage\":\"tr\",\"potentialAction\":[{\"@type\":\"ReadAction\",\"target\":[\"https:\/\/enercon.it\/tr\/hakkimizda\/\"]}]},{\"@type\":\"ImageObject\",\"inLanguage\":\"tr\",\"@id\":\"https:\/\/enercon.it\/tr\/hakkimizda\/#primaryimage\",\"url\":\"https:\/\/enercon.it\/wp-content\/uploads\/impianto-aspirazione-nebbie-oleose-tecopress-spa-colosio-ita.jpg\",\"contentUrl\":\"https:\/\/enercon.it\/wp-content\/uploads\/impianto-aspirazione-nebbie-oleose-tecopress-spa-colosio-ita.jpg\",\"width\":900,\"height\":600},{\"@type\":\"BreadcrumbList\",\"@id\":\"https:\/\/enercon.it\/tr\/hakkimizda\/#breadcrumb\",\"itemListElement\":[{\"@type\":\"ListItem\",\"position\":1,\"name\":\"Home\",\"item\":\"https:\/\/enercon.it\/tr\/\"},{\"@type\":\"ListItem\",\"position\":2,\"name\":\"Hakk\u0131m\u0131zda\"}]},{\"@type\":\"WebSite\",\"@id\":\"https:\/\/enercon.it\/#website\",\"url\":\"https:\/\/enercon.it\/\",\"name\":\"Enercon\",\"description\":\"Depurazione di inquinanti atmosferici\",\"publisher\":{\"@id\":\"https:\/\/enercon.it\/#organization\"},\"potentialAction\":[{\"@type\":\"SearchAction\",\"target\":{\"@type\":\"EntryPoint\",\"urlTemplate\":\"https:\/\/enercon.it\/?s={search_term_string}\"},\"query-input\":{\"@type\":\"PropertyValueSpecification\",\"valueRequired\":true,\"valueName\":\"search_term_string\"}}],\"inLanguage\":\"tr\"},{\"@type\":\"Organization\",\"@id\":\"https:\/\/enercon.it\/#organization\",\"name\":\"Enercon S.r.l.\",\"url\":\"https:\/\/enercon.it\/\",\"logo\":{\"@type\":\"ImageObject\",\"inLanguage\":\"tr\",\"@id\":\"https:\/\/enercon.it\/#\/schema\/logo\/image\/\",\"url\":\"https:\/\/enercon.it\/wp-content\/uploads\/2022\/05\/logo-enercon.png\",\"contentUrl\":\"https:\/\/enercon.it\/wp-content\/uploads\/2022\/05\/logo-enercon.png\",\"width\":270,\"height\":110,\"caption\":\"Enercon S.r.l.\"},\"image\":{\"@id\":\"https:\/\/enercon.it\/#\/schema\/logo\/image\/\"}}]}<\/script>\n<!-- \/ Yoast SEO plugin. -->","yoast_head_json":{"title":"End\u00fcstriyel tesisatlar\u0131n \u00fcreticisi | Enercon","description":"Enercon, ekstraksiyon ve filtrasyon ekipmanlar\u0131 alan\u0131nda liderdir. End\u00fcstriyel sekt\u00f6rlerde uygulanabilir anahtar teslim sistemler sunmaktad\u0131r. Di\u011ferini okuyun.","robots":{"index":"index","follow":"follow","max-snippet":"max-snippet:-1","max-image-preview":"max-image-preview:large","max-video-preview":"max-video-preview:-1"},"canonical":"https:\/\/enercon.it\/tr\/hakkimizda\/","og_locale":"tr_TR","og_type":"article","og_title":"End\u00fcstriyel tesisatlar\u0131n \u00fcreticisi | Enercon","og_description":"Enercon, ekstraksiyon ve filtrasyon ekipmanlar\u0131 alan\u0131nda liderdir. End\u00fcstriyel sekt\u00f6rlerde uygulanabilir anahtar teslim sistemler sunmaktad\u0131r. Di\u011ferini okuyun.","og_url":"https:\/\/enercon.it\/tr\/hakkimizda\/","og_site_name":"Enercon","article_modified_time":"2023-01-26T13:58:17+00:00","og_image":[{"width":900,"height":600,"url":"https:\/\/enercon.it\/wp-content\/uploads\/impianto-aspirazione-nebbie-oleose-tecopress-spa-colosio-ita.jpg","type":"image\/jpeg"}],"twitter_card":"summary_large_image","twitter_misc":{"Tahmini okuma s\u00fcresi":"8 dakika"},"schema":{"@context":"https:\/\/schema.org","@graph":[{"@type":"WebPage","@id":"https:\/\/enercon.it\/tr\/hakkimizda\/","url":"https:\/\/enercon.it\/tr\/hakkimizda\/","name":"End\u00fcstriyel tesisatlar\u0131n \u00fcreticisi | Enercon","isPartOf":{"@id":"https:\/\/enercon.it\/#website"},"primaryImageOfPage":{"@id":"https:\/\/enercon.it\/tr\/hakkimizda\/#primaryimage"},"image":{"@id":"https:\/\/enercon.it\/tr\/hakkimizda\/#primaryimage"},"thumbnailUrl":"https:\/\/enercon.it\/wp-content\/uploads\/impianto-aspirazione-nebbie-oleose-tecopress-spa-colosio-ita.jpg","datePublished":"2022-05-17T07:48:06+00:00","dateModified":"2023-01-26T13:58:17+00:00","description":"Enercon, ekstraksiyon ve filtrasyon ekipmanlar\u0131 alan\u0131nda liderdir. End\u00fcstriyel sekt\u00f6rlerde uygulanabilir anahtar teslim sistemler sunmaktad\u0131r. Di\u011ferini okuyun.","breadcrumb":{"@id":"https:\/\/enercon.it\/tr\/hakkimizda\/#breadcrumb"},"inLanguage":"tr","potentialAction":[{"@type":"ReadAction","target":["https:\/\/enercon.it\/tr\/hakkimizda\/"]}]},{"@type":"ImageObject","inLanguage":"tr","@id":"https:\/\/enercon.it\/tr\/hakkimizda\/#primaryimage","url":"https:\/\/enercon.it\/wp-content\/uploads\/impianto-aspirazione-nebbie-oleose-tecopress-spa-colosio-ita.jpg","contentUrl":"https:\/\/enercon.it\/wp-content\/uploads\/impianto-aspirazione-nebbie-oleose-tecopress-spa-colosio-ita.jpg","width":900,"height":600},{"@type":"BreadcrumbList","@id":"https:\/\/enercon.it\/tr\/hakkimizda\/#breadcrumb","itemListElement":[{"@type":"ListItem","position":1,"name":"Home","item":"https:\/\/enercon.it\/tr\/"},{"@type":"ListItem","position":2,"name":"Hakk\u0131m\u0131zda"}]},{"@type":"WebSite","@id":"https:\/\/enercon.it\/#website","url":"https:\/\/enercon.it\/","name":"Enercon","description":"Depurazione di inquinanti atmosferici","publisher":{"@id":"https:\/\/enercon.it\/#organization"},"potentialAction":[{"@type":"SearchAction","target":{"@type":"EntryPoint","urlTemplate":"https:\/\/enercon.it\/?s={search_term_string}"},"query-input":{"@type":"PropertyValueSpecification","valueRequired":true,"valueName":"search_term_string"}}],"inLanguage":"tr"},{"@type":"Organization","@id":"https:\/\/enercon.it\/#organization","name":"Enercon S.r.l.","url":"https:\/\/enercon.it\/","logo":{"@type":"ImageObject","inLanguage":"tr","@id":"https:\/\/enercon.it\/#\/schema\/logo\/image\/","url":"https:\/\/enercon.it\/wp-content\/uploads\/2022\/05\/logo-enercon.png","contentUrl":"https:\/\/enercon.it\/wp-content\/uploads\/2022\/05\/logo-enercon.png","width":270,"height":110,"caption":"Enercon S.r.l."},"image":{"@id":"https:\/\/enercon.it\/#\/schema\/logo\/image\/"}}]}},"_links":{"self":[{"href":"https:\/\/enercon.it\/tr\/wp-json\/wp\/v2\/pages\/9926"}],"collection":[{"href":"https:\/\/enercon.it\/tr\/wp-json\/wp\/v2\/pages"}],"about":[{"href":"https:\/\/enercon.it\/tr\/wp-json\/wp\/v2\/types\/page"}],"author":[{"embeddable":true,"href":"https:\/\/enercon.it\/tr\/wp-json\/wp\/v2\/users\/1"}],"replies":[{"embeddable":true,"href":"https:\/\/enercon.it\/tr\/wp-json\/wp\/v2\/comments?post=9926"}],"version-history":[{"count":11,"href":"https:\/\/enercon.it\/tr\/wp-json\/wp\/v2\/pages\/9926\/revisions"}],"predecessor-version":[{"id":10484,"href":"https:\/\/enercon.it\/tr\/wp-json\/wp\/v2\/pages\/9926\/revisions\/10484"}],"wp:featuredmedia":[{"embeddable":true,"href":"https:\/\/enercon.it\/tr\/wp-json\/wp\/v2\/media\/9354"}],"wp:attachment":[{"href":"https:\/\/enercon.it\/tr\/wp-json\/wp\/v2\/media?parent=9926"}],"curies":[{"name":"wp","href":"https:\/\/api.w.org\/{rel}","templated":true}]}}