{"id":9836,"date":"2022-05-17T08:38:15","date_gmt":"2022-05-17T08:38:15","guid":{"rendered":"https:\/\/enercon.it\/nous-contacter\/"},"modified":"2022-11-29T09:15:27","modified_gmt":"2022-11-29T09:15:27","slug":"nous-contacter","status":"publish","type":"page","link":"https:\/\/enercon.it\/fr\/nous-contacter\/","title":{"rendered":"Nous contacter"},"content":{"rendered":"<p>[vc_row pix_padding_top=\u00a0\u00bbpadding No\u00a0\u00bb pix_padding_bottom=\u00a0\u00bbpadding No\u00a0\u00bb gradient_colors=\u00a0\u00bb%5B%7B%7D%5D\u00a0\u00bb css=\u00a0\u00bb.vc_custom_1658926433463{background-color: #f7f7f7 !important;}\u00a0\u00bb][vc_column width=\u00a0\u00bb1\/2&Prime; gradient_colors=\u00a0\u00bb%5B%7B%7D%5D\u00a0\u00bb css=\u00a0\u00bb.vc_custom_1564856188150{padding-right: 33px !important;}\u00a0\u00bb][common_icon_box style=\u00a0\u00bbpix-ibox-top\u00a0\u00bb radius=\u00a0\u00bbpix-square\u00a0\u00bb position_with_center=\u00a0\u00bbpix-text-center\u00a0\u00bb icon_type=\u00a0\u00bbfont\u00a0\u00bb icon_pixfontawesome=\u00a0\u00bbfa fa-map-marker-alt\u00a0\u00bb link=\u00a0\u00bb|title:Prices||\u00a0\u00bb title=\u00a0\u00bbSi\u00e8ge social \/ de Production\u00a0\u00bb css=\u00a0\u00bb.vc_custom_1658926485377{background-color: #f7f7f7 !important;}\u00a0\u00bb]<\/p>\n<p style=\"text-align: center;\">Enercon S.r.l.<br \/>\nVia Fornasina, 60<br \/>\n25080 Muscoline (BS)<br \/>\nItalie[\/common_icon_box][\/vc_column][vc_column width=\u00a0\u00bb1\/2&Prime; gradient_colors=\u00a0\u00bb%5B%7B%7D%5D\u00a0\u00bb css=\u00a0\u00bb.vc_custom_1564856231536{padding-right: 18px !important;padding-left: 17px !important;}\u00a0\u00bb][common_icon_box style=\u00a0\u00bbpix-ibox-top\u00a0\u00bb radius=\u00a0\u00bbpix-square\u00a0\u00bb position_with_center=\u00a0\u00bbpix-text-center\u00a0\u00bb icon_type=\u00a0\u00bbfont\u00a0\u00bb icon_pixfontawesome=\u00a0\u00bbfa fa-address-book\u00a0\u00bb link=\u00a0\u00bb|title:Prices||\u00a0\u00bb title=\u00a0\u00bbContacts\u00a0\u00bb css=\u00a0\u00bb.vc_custom_1658914891831{background-color: #f7f7f7 !important;}\u00a0\u00bb]<\/p>\n<p style=\"text-align: center;\">T\u00e9l. : <a href=\"tel:+390365373193\">+39 0365 373193<\/a><br \/>\nFax: +39 0365 373186<br \/>\n<a href=\"mailto:info@enercon.it\">info@enercon.it<\/a>[\/common_icon_box][common_wrapper tab_id=\u00a0\u00bb1658926192308-3&Prime;][vc_icon icon_fontawesome=\u00a0\u00bbfab fa-facebook-f\u00a0\u00bb color=\u00a0\u00bbblack\u00a0\u00bb size=\u00a0\u00bbsm\u00a0\u00bb link=\u00a0\u00bburl:https%3A%2F%2Fwww.facebook.com%2Fenerconimpianti%2F\u00a0\u00bb][vc_icon icon_fontawesome=\u00a0\u00bbfab fa-instagram\u00a0\u00bb color=\u00a0\u00bbblack\u00a0\u00bb size=\u00a0\u00bbsm\u00a0\u00bb link=\u00a0\u00bburl:https%3A%2F%2Fwww.instagram.com%2Fenerconsrl%2F\u00a0\u00bb][vc_icon icon_fontawesome=\u00a0\u00bbfab fa-youtube\u00a0\u00bb color=\u00a0\u00bbblack\u00a0\u00bb size=\u00a0\u00bbsm\u00a0\u00bb link=\u00a0\u00bburl:https%3A%2F%2Fwww.youtube.com%2Fchannel%2FUCZmZhfC2pcV_0QAHRC5qsOQ\u00a0\u00bb][vc_icon icon_fontawesome=\u00a0\u00bbfab fa-linkedin\u00a0\u00bb color=\u00a0\u00bbblack\u00a0\u00bb size=\u00a0\u00bbsm\u00a0\u00bb link=\u00a0\u00bburl:https%3A%2F%2Fwww.linkedin.com%2Fcompany%2Fenercon-srl%2F\u00a0\u00bb][\/common_wrapper][\/vc_column][\/vc_row][vc_row pix_padding_bottom=\u00a0\u00bbpadding No\u00a0\u00bb gradient_colors=\u00a0\u00bb%5B%7B%7D%5D\u00a0\u00bb][vc_column][common_title title=\u00a0\u00bbNous contacter\u00a0\u00bb position=\u00a0\u00bbtext-left\u00a0\u00bb]Enercon est une entreprise de conception de <strong>syst\u00e8mes de filtration et d\u2019installations hydrauliques industrielles<\/strong>. Contactez-nous pour obtenir des informations plus d\u00e9taill\u00e9es sur nos produits et services, ou pour obtenir un devis personnalis\u00e9.[\/common_title][\/vc_column][\/vc_row][vc_row pix_padding_top=\u00a0\u00bbpadding No\u00a0\u00bb pix_padding_bottom=\u00a0\u00bbpadding No\u00a0\u00bb gradient_colors=\u00a0\u00bb%5B%7B%7D%5D\u00a0\u00bb][vc_column gradient_colors=\u00a0\u00bb%5B%7B%7D%5D\u00a0\u00bb][common_cform7 form_id=\u00a0\u00bb1768&Prime; box_gap=\u00a0\u00bb50&Prime;][\/vc_column][\/vc_row][vc_row full_width=\u00a0\u00bbstretch_row\u00a0\u00bb pix_padding_bottom=\u00a0\u00bbpadding No\u00a0\u00bb gradient_colors=\u00a0\u00bb%5B%7B%7D%5D\u00a0\u00bb ppadding=\u00a0\u00bbpix-vc_row-no-padding\u00a0\u00bb][vc_column][vc_gmaps link=\u00a0\u00bb#E-8_JTNDaWZyYW1lJTIwc3JjJTNEJTIyaHR0cHMlM0ElMkYlMkZ3d3cuZ29vZ2xlLmNvbSUyRm1hcHMlMkZlbWJlZCUzRnBiJTNEJTIxMW0xOCUyMTFtMTIlMjExbTMlMjExZDU1ODYuOTg2MDcyMzc2Nzg4JTIxMmQxMC40Njc0NjQwMDAwMDAwMDklMjEzZDQ1LjU2MDUyMjk5OTk5OTk5NiUyMTJtMyUyMTFmMCUyMTJmMCUyMTNmMCUyMTNtMiUyMTFpMTAyNCUyMTJpNzY4JTIxNGYxMy4xJTIxM20zJTIxMW0yJTIxMXMweDAlMjUzQTB4NTAzYzUyZGQ5NGVmOWMzYyUyMTJzRW5lcmNvbiUyNTIwU3JsJTIxNWUwJTIxM20yJTIxMXNpdCUyMTJzaXQlMjE0djE2NTgzMTIzMzA1OTElMjE1bTIlMjExc2l0JTIxMnNpdCUyMiUyMHdpZHRoJTNEJTIyMTAwJTI1JTIyJTIwaGVpZ2h0JTNEJTIyNTAwJTIyJTIwc3R5bGUlM0QlMjJib3JkZXIlM0EwJTNCJTIyJTIwYWxsb3dmdWxsc2NyZWVuJTNEJTIyJTIyJTIwbG9hZGluZyUzRCUyMmxhenklMjIlMjByZWZlcnJlcnBvbGljeSUzRCUyMm5vLXJlZmVycmVyLXdoZW4tZG93bmdyYWRlJTIyJTNFJTNDJTJGaWZyYW1lJTNF\u00a0\u00bb][\/vc_column][\/vc_row]<\/p>\n","protected":false},"excerpt":{"rendered":"<p>[vc_row pix_padding_top=\u00a0\u00bbpadding No\u00a0\u00bb pix_padding_bottom=\u00a0\u00bbpadding No\u00a0\u00bb gradient_colors=\u00a0\u00bb%5B%7B%7D%5D\u00a0\u00bb css=\u00a0\u00bb.vc_custom_1658926433463{background-color: #f7f7f7 !important;}\u00a0\u00bb][vc_column width=\u00a0\u00bb1\/2&Prime; gradient_colors=\u00a0\u00bb%5B%7B%7D%5D\u00a0\u00bb css=\u00a0\u00bb.vc_custom_1564856188150{padding-right: 33px !important;}\u00a0\u00bb][common_icon_box style=\u00a0\u00bbpix-ibox-top\u00a0\u00bb radius=\u00a0\u00bbpix-square\u00a0\u00bb position_with_center=\u00a0\u00bbpix-text-center\u00a0\u00bb icon_type=\u00a0\u00bbfont\u00a0\u00bb icon_pixfontawesome=\u00a0\u00bbfa fa-map-marker-alt\u00a0\u00bb link=\u00a0\u00bb|title:Prices||\u00a0\u00bb title=\u00a0\u00bbSi\u00e8ge social \/ de Production\u00a0\u00bb css=\u00a0\u00bb.vc_custom_1658926485377{background-color: #f7f7f7 !important;}\u00a0\u00bb] Enercon S.r.l. Via Fornasina, 60 25080 Muscoline (BS) Italie[\/common_icon_box][\/vc_column][vc_column width=\u00a0\u00bb1\/2&Prime; gradient_colors=\u00a0\u00bb%5B%7B%7D%5D\u00a0\u00bb css=\u00a0\u00bb.vc_custom_1564856231536{padding-right: 18px !important;padding-left: 17px !important;}\u00a0\u00bb][common_icon_box style=\u00a0\u00bbpix-ibox-top\u00a0\u00bb radius=\u00a0\u00bbpix-square\u00a0\u00bb position_with_center=\u00a0\u00bbpix-text-center\u00a0\u00bb icon_type=\u00a0\u00bbfont\u00a0\u00bb icon_pixfontawesome=\u00a0\u00bbfa fa-address-book\u00a0\u00bb link=\u00a0\u00bb|title:Prices||\u00a0\u00bb title=\u00a0\u00bbContacts\u00a0\u00bb css=\u00a0\u00bb.vc_custom_1658914891831{background-color: #f7f7f7 [&hellip;]<\/p>\n","protected":false},"author":1,"featured_media":0,"parent":0,"menu_order":0,"comment_status":"closed","ping_status":"closed","template":"","meta":{"inline_featured_image":false,"footnotes":""},"class_list":["post-9836","page","type-page","status-publish","hentry"],"yoast_head":"<!-- This site is optimized with the Yoast SEO plugin v23.8 - https:\/\/yoast.com\/wordpress\/plugins\/seo\/ -->\n<title>Contactez-nous | Enercon<\/title>\n<meta name=\"description\" content=\"Contactez-nous et recevez des informations sur nos services pour aspiration et hydraulique industrielle. Nous travaillons \u00e9galement \u00e0 l&#039;\u00e9tranger. Demandez-nous un devis sans engagement.\" \/>\n<meta name=\"robots\" content=\"index, follow, max-snippet:-1, max-image-preview:large, max-video-preview:-1\" \/>\n<link rel=\"canonical\" href=\"https:\/\/enercon.it\/fr\/nous-contacter\/\" \/>\n<meta property=\"og:locale\" content=\"fr_FR\" \/>\n<meta property=\"og:type\" content=\"article\" \/>\n<meta property=\"og:title\" content=\"Contactez-nous | Enercon\" \/>\n<meta property=\"og:description\" content=\"Contactez-nous et recevez des informations sur nos services pour aspiration et hydraulique industrielle. Nous travaillons \u00e9galement \u00e0 l&#039;\u00e9tranger. Demandez-nous un devis sans engagement.\" \/>\n<meta property=\"og:url\" content=\"https:\/\/enercon.it\/fr\/nous-contacter\/\" \/>\n<meta property=\"og:site_name\" content=\"Enercon\" \/>\n<meta property=\"article:modified_time\" content=\"2022-11-29T09:15:27+00:00\" \/>\n<meta name=\"twitter:card\" content=\"summary_large_image\" \/>\n<meta name=\"twitter:label1\" content=\"Dur\u00e9e de lecture estim\u00e9e\" \/>\n\t<meta name=\"twitter:data1\" content=\"2 minutes\" \/>\n<script type=\"application\/ld+json\" class=\"yoast-schema-graph\">{\"@context\":\"https:\/\/schema.org\",\"@graph\":[{\"@type\":\"WebPage\",\"@id\":\"https:\/\/enercon.it\/fr\/nous-contacter\/\",\"url\":\"https:\/\/enercon.it\/fr\/nous-contacter\/\",\"name\":\"Contactez-nous | Enercon\",\"isPartOf\":{\"@id\":\"https:\/\/enercon.it\/#website\"},\"datePublished\":\"2022-05-17T08:38:15+00:00\",\"dateModified\":\"2022-11-29T09:15:27+00:00\",\"description\":\"Contactez-nous et recevez des informations sur nos services pour aspiration et hydraulique industrielle. Nous travaillons \u00e9galement \u00e0 l'\u00e9tranger. Demandez-nous un devis sans engagement.\",\"breadcrumb\":{\"@id\":\"https:\/\/enercon.it\/fr\/nous-contacter\/#breadcrumb\"},\"inLanguage\":\"fr-FR\",\"potentialAction\":[{\"@type\":\"ReadAction\",\"target\":[\"https:\/\/enercon.it\/fr\/nous-contacter\/\"]}]},{\"@type\":\"BreadcrumbList\",\"@id\":\"https:\/\/enercon.it\/fr\/nous-contacter\/#breadcrumb\",\"itemListElement\":[{\"@type\":\"ListItem\",\"position\":1,\"name\":\"Home\",\"item\":\"https:\/\/enercon.it\/fr\/\"},{\"@type\":\"ListItem\",\"position\":2,\"name\":\"Nous contacter\"}]},{\"@type\":\"WebSite\",\"@id\":\"https:\/\/enercon.it\/#website\",\"url\":\"https:\/\/enercon.it\/\",\"name\":\"Enercon\",\"description\":\"Depurazione di inquinanti atmosferici\",\"publisher\":{\"@id\":\"https:\/\/enercon.it\/#organization\"},\"potentialAction\":[{\"@type\":\"SearchAction\",\"target\":{\"@type\":\"EntryPoint\",\"urlTemplate\":\"https:\/\/enercon.it\/?s={search_term_string}\"},\"query-input\":{\"@type\":\"PropertyValueSpecification\",\"valueRequired\":true,\"valueName\":\"search_term_string\"}}],\"inLanguage\":\"fr-FR\"},{\"@type\":\"Organization\",\"@id\":\"https:\/\/enercon.it\/#organization\",\"name\":\"Enercon S.r.l.\",\"url\":\"https:\/\/enercon.it\/\",\"logo\":{\"@type\":\"ImageObject\",\"inLanguage\":\"fr-FR\",\"@id\":\"https:\/\/enercon.it\/#\/schema\/logo\/image\/\",\"url\":\"https:\/\/enercon.it\/wp-content\/uploads\/2022\/05\/logo-enercon.png\",\"contentUrl\":\"https:\/\/enercon.it\/wp-content\/uploads\/2022\/05\/logo-enercon.png\",\"width\":270,\"height\":110,\"caption\":\"Enercon S.r.l.\"},\"image\":{\"@id\":\"https:\/\/enercon.it\/#\/schema\/logo\/image\/\"}}]}<\/script>\n<!-- \/ Yoast SEO plugin. -->","yoast_head_json":{"title":"Contactez-nous | Enercon","description":"Contactez-nous et recevez des informations sur nos services pour aspiration et hydraulique industrielle. Nous travaillons \u00e9galement \u00e0 l'\u00e9tranger. Demandez-nous un devis sans engagement.","robots":{"index":"index","follow":"follow","max-snippet":"max-snippet:-1","max-image-preview":"max-image-preview:large","max-video-preview":"max-video-preview:-1"},"canonical":"https:\/\/enercon.it\/fr\/nous-contacter\/","og_locale":"fr_FR","og_type":"article","og_title":"Contactez-nous | Enercon","og_description":"Contactez-nous et recevez des informations sur nos services pour aspiration et hydraulique industrielle. Nous travaillons \u00e9galement \u00e0 l'\u00e9tranger. Demandez-nous un devis sans engagement.","og_url":"https:\/\/enercon.it\/fr\/nous-contacter\/","og_site_name":"Enercon","article_modified_time":"2022-11-29T09:15:27+00:00","twitter_card":"summary_large_image","twitter_misc":{"Dur\u00e9e de lecture estim\u00e9e":"2 minutes"},"schema":{"@context":"https:\/\/schema.org","@graph":[{"@type":"WebPage","@id":"https:\/\/enercon.it\/fr\/nous-contacter\/","url":"https:\/\/enercon.it\/fr\/nous-contacter\/","name":"Contactez-nous | Enercon","isPartOf":{"@id":"https:\/\/enercon.it\/#website"},"datePublished":"2022-05-17T08:38:15+00:00","dateModified":"2022-11-29T09:15:27+00:00","description":"Contactez-nous et recevez des informations sur nos services pour aspiration et hydraulique industrielle. Nous travaillons \u00e9galement \u00e0 l'\u00e9tranger. Demandez-nous un devis sans engagement.","breadcrumb":{"@id":"https:\/\/enercon.it\/fr\/nous-contacter\/#breadcrumb"},"inLanguage":"fr-FR","potentialAction":[{"@type":"ReadAction","target":["https:\/\/enercon.it\/fr\/nous-contacter\/"]}]},{"@type":"BreadcrumbList","@id":"https:\/\/enercon.it\/fr\/nous-contacter\/#breadcrumb","itemListElement":[{"@type":"ListItem","position":1,"name":"Home","item":"https:\/\/enercon.it\/fr\/"},{"@type":"ListItem","position":2,"name":"Nous contacter"}]},{"@type":"WebSite","@id":"https:\/\/enercon.it\/#website","url":"https:\/\/enercon.it\/","name":"Enercon","description":"Depurazione di inquinanti atmosferici","publisher":{"@id":"https:\/\/enercon.it\/#organization"},"potentialAction":[{"@type":"SearchAction","target":{"@type":"EntryPoint","urlTemplate":"https:\/\/enercon.it\/?s={search_term_string}"},"query-input":{"@type":"PropertyValueSpecification","valueRequired":true,"valueName":"search_term_string"}}],"inLanguage":"fr-FR"},{"@type":"Organization","@id":"https:\/\/enercon.it\/#organization","name":"Enercon S.r.l.","url":"https:\/\/enercon.it\/","logo":{"@type":"ImageObject","inLanguage":"fr-FR","@id":"https:\/\/enercon.it\/#\/schema\/logo\/image\/","url":"https:\/\/enercon.it\/wp-content\/uploads\/2022\/05\/logo-enercon.png","contentUrl":"https:\/\/enercon.it\/wp-content\/uploads\/2022\/05\/logo-enercon.png","width":270,"height":110,"caption":"Enercon S.r.l."},"image":{"@id":"https:\/\/enercon.it\/#\/schema\/logo\/image\/"}}]}},"_links":{"self":[{"href":"https:\/\/enercon.it\/fr\/wp-json\/wp\/v2\/pages\/9836"}],"collection":[{"href":"https:\/\/enercon.it\/fr\/wp-json\/wp\/v2\/pages"}],"about":[{"href":"https:\/\/enercon.it\/fr\/wp-json\/wp\/v2\/types\/page"}],"author":[{"embeddable":true,"href":"https:\/\/enercon.it\/fr\/wp-json\/wp\/v2\/users\/1"}],"replies":[{"embeddable":true,"href":"https:\/\/enercon.it\/fr\/wp-json\/wp\/v2\/comments?post=9836"}],"version-history":[{"count":2,"href":"https:\/\/enercon.it\/fr\/wp-json\/wp\/v2\/pages\/9836\/revisions"}],"predecessor-version":[{"id":9838,"href":"https:\/\/enercon.it\/fr\/wp-json\/wp\/v2\/pages\/9836\/revisions\/9838"}],"wp:attachment":[{"href":"https:\/\/enercon.it\/fr\/wp-json\/wp\/v2\/media?parent=9836"}],"curies":[{"name":"wp","href":"https:\/\/api.w.org\/{rel}","templated":true}]}}