{"id":9827,"date":"2022-07-20T09:15:52","date_gmt":"2022-07-20T09:15:52","guid":{"rendered":"https:\/\/enercon.it\/maintenance-et-services-apres-vente\/"},"modified":"2022-11-30T15:39:10","modified_gmt":"2022-11-30T15:39:10","slug":"maintenance-et-services-apres-vente","status":"publish","type":"page","link":"https:\/\/enercon.it\/fr\/maintenance-et-services-apres-vente\/","title":{"rendered":"Maintenance et services apr\u00e8s-vente"},"content":{"rendered":"<p>[vc_row full_width=\u00a0\u00bbstretch_row\u00a0\u00bb pix_padding_top=\u00a0\u00bbpadding No\u00a0\u00bb pix_padding_bottom=\u00a0\u00bbpadding No\u00a0\u00bb gradient_colors=\u00a0\u00bb%5B%7B%7D%5D\u00a0\u00bb css=\u00a0\u00bb.vc_custom_1658913718084{padding-top: 150px !important;padding-bottom: 150px !important;background-image: url(https:\/\/enercon.it\/wp-content\/uploads\/servizi-e-manutenzione.jpg?id=6358) !important;background-position: center !important;background-repeat: no-repeat !important;background-size: cover !important;}\u00a0\u00bb][vc_column][common_title title=\u00a0\u00bbMaintenance et services apr\u00e8s-vente\u00a0\u00bb color=\u00a0\u00bbwhite-heading\u00a0\u00bb][\/common_title][\/vc_column][\/vc_row][vc_row pix_padding_top=\u00a0\u00bbpadding No\u00a0\u00bb pix_padding_bottom=\u00a0\u00bbpadding No\u00a0\u00bb radius=\u00a0\u00bbpix-rounded\u00a0\u00bb overflow=\u00a0\u00bbon\u00a0\u00bb top_offset=\u00a0\u00bb-100px\u00a0\u00bb gradient_colors=\u00a0\u00bb%5B%7B%7D%5D\u00a0\u00bb shadow=\u00a0\u00bbpix-shadow\u00a0\u00bb shadow_values=\u00a0\u00bb%5B%7B%22horizontal%22%3A%220%22%2C%22vertical%22%3A%222%22%2C%22blur%22%3A%2210%22%2C%22spread%22%3A%225px%22%2C%22color%22%3A%22%23000000%22%2C%22opacity%22%3A%2210%22%7D%5D\u00a0\u00bb][vc_column pix_padding_top=\u00a0\u00bbpadding S\u00a0\u00bb pix_padding_bottom=\u00a0\u00bbpadding S\u00a0\u00bb gradient_colors=\u00a0\u00bb%5B%7B%7D%5D\u00a0\u00bb css=\u00a0\u00bb.vc_custom_1652800232515{background-color: #ffffff !important;}\u00a0\u00bb][vc_row_inner content_placement=\u00a0\u00bbmiddle\u00a0\u00bb gap=\u00a0\u00bb35&Prime; gradient_colors=\u00a0\u00bb%5B%7B%7D%5D\u00a0\u00bb el_class=\u00a0\u00bbswap-on-mobile\u00a0\u00bb][vc_column_inner width=\u00a0\u00bb1\/2&Prime;][vc_single_image image=\u00a0\u00bb6266&Prime; img_size=\u00a0\u00bbfull\u00a0\u00bb][\/vc_column_inner][vc_column_inner width=\u00a0\u00bb1\/2&Prime;][vc_column_text]Soucieuse d&rsquo;offrir \u00e0 ses clients individuels les services d&rsquo;assistance les plus complets et personnalis\u00e9s possibles dans le domaine de<strong>l&rsquo;ing\u00e9nierie des installations industrielles<\/strong>, Enercon met \u00e0 la disposition de ses clients une main-d&rsquo;\u0153uvre sp\u00e9cialis\u00e9e pour l&rsquo;installation, <strong>le service apr\u00e8s-vente et la maintenance<\/strong> des nouvelles installations, pour la r\u00e9novation et la restauration des installations existantes, et pour toutes les op\u00e9rations n\u00e9cessitant l&rsquo;intervention d&rsquo;un personnel qualifi\u00e9 et sp\u00e9cialis\u00e9.<\/p>\n<p>Enercon offre des solutions compl\u00e8tes d&rsquo;assistance et de maintenance des syst\u00e8mes gr\u00e2ce \u00e0 ses caract\u00e9ristiques de dynamisme, de flexibilit\u00e9 et d&rsquo;exp\u00e9riences diversifi\u00e9es, r\u00e9pondant aux besoins individuels et r\u00e9solvant diff\u00e9rents probl\u00e8mes de syst\u00e8me. Pour garantir des r\u00e9sultats optimaux en mati\u00e8re de r\u00e9solution de probl\u00e8mes, Enercon propose des interventions individuelles cibl\u00e9es, ainsi que des contrats annuels de service et de maintenance pour les installations industrielles (maintenance p\u00e9riodique, maintenance programm\u00e9e, maintenance pr\u00e9ventive, maintenance pr\u00e9dictive, maintenance de d\u00e9pannage).[\/vc_column_text][\/vc_column_inner][\/vc_row_inner][\/vc_column][\/vc_row][vc_row gap=\u00a0\u00bb35&Prime; gradient_colors=\u00a0\u00bb%5B%7B%7D%5D\u00a0\u00bb][vc_column][common_title title=\u00a0\u00bbNos services de maintenance\u00a0\u00bb][\/common_title][vc_row_inner][vc_column_inner width=\u00a0\u00bb1\/2&Prime;][common_button text=\u00a0\u00bbFiche des services d\u2019assistance\u00a0\u00bb link=\u00a0\u00bburl:https%3A%2F%2Fenercon.it%2Fwp-content%2Fuploads%2Fdownload%2Ffr%2Fscheda-tecnica-assistenza-fr.pdf|target:_blank\u00a0\u00bb size_v=\u00a0\u00bbpix-v-l\u00a0\u00bb position=\u00a0\u00bbpix-text-center\u00a0\u00bb css=\u00a0\u00bb.vc_custom_1660118064605{margin-top: 10px !important;margin-bottom: 10px !important;}\u00a0\u00bb][\/vc_column_inner][vc_column_inner width=\u00a0\u00bb1\/2&Prime;][common_button text=\u00a0\u00bbFiche de services de maintenance\u00a0\u00bb link=\u00a0\u00bburl:https%3A%2F%2Fenercon.it%2Fwp-content%2Fuploads%2Fdownload%2Ffr%2Fscheda-tecnica-manutenzione-fr.pdf|target:_blank\u00a0\u00bb size_v=\u00a0\u00bbpix-v-l\u00a0\u00bb position=\u00a0\u00bbpix-text-center\u00a0\u00bb css=\u00a0\u00bb.vc_custom_1660118103837{margin-top: 10px !important;margin-bottom: 10px !important;}\u00a0\u00bb][\/vc_column_inner][\/vc_row_inner][\/vc_column][\/vc_row][vc_row full_width=\u00a0\u00bbstretch_row\u00a0\u00bb gap=\u00a0\u00bb5&Prime; content_placement=\u00a0\u00bbmiddle\u00a0\u00bb pix_padding_bottom=\u00a0\u00bbpadding No\u00a0\u00bb gradient_colors=\u00a0\u00bb%5B%7B%7D%5D\u00a0\u00bb][vc_column gradient_colors=\u00a0\u00bb%5B%7B%7D%5D\u00a0\u00bb offset=\u00a0\u00bbvc_hidden-xs\u00a0\u00bb][common_title title=\u00a0\u00bbParcourir la galerie\u00a0\u00bb][\/common_title][vc_media_grid style=\u00a0\u00bbpagination\u00a0\u00bb items_per_page=\u00a0\u00bb4&Prime; element_width=\u00a0\u00bb3&Prime; gap=\u00a0\u00bb10&Prime; arrows_design=\u00a0\u00bbvc_arrow-icon-arrow_01_left\u00a0\u00bb arrows_position=\u00a0\u00bboutside\u00a0\u00bb arrows_color=\u00a0\u00bbblack\u00a0\u00bb loop=\u00a0\u00bbyes\u00a0\u00bb grid_id=\u00a0\u00bbvc_gid:1668676219534-c92b55a1-505b-7&Prime; include=\u00a0\u00bb6261,6262,6263,6264,6265,6266,6267,6268,6269,6270,6271,6395&Prime;][\/vc_column][\/vc_row][vc_row full_width=\u00a0\u00bbstretch_row\u00a0\u00bb gap=\u00a0\u00bb5&Prime; content_placement=\u00a0\u00bbmiddle\u00a0\u00bb pix_padding_bottom=\u00a0\u00bbpadding No\u00a0\u00bb gradient_colors=\u00a0\u00bb%5B%7B%7D%5D\u00a0\u00bb][vc_column gradient_colors=\u00a0\u00bb%5B%7B%7D%5D\u00a0\u00bb offset=\u00a0\u00bbvc_hidden-lg vc_hidden-md vc_hidden-sm\u00a0\u00bb][common_title title=\u00a0\u00bbParcourir la galerie\u00a0\u00bb][\/common_title][vc_media_grid style=\u00a0\u00bbpagination\u00a0\u00bb items_per_page=\u00a0\u00bb1&Prime; element_width=\u00a0\u00bb12&Prime; gap=\u00a0\u00bb10&Prime; arrows_design=\u00a0\u00bbvc_arrow-icon-arrow_01_left\u00a0\u00bb arrows_position=\u00a0\u00bboutside\u00a0\u00bb arrows_color=\u00a0\u00bbblack\u00a0\u00bb loop=\u00a0\u00bbyes\u00a0\u00bb grid_id=\u00a0\u00bbvc_gid:1668676238717-215bbcaf-9ec4-0&Prime; include=\u00a0\u00bb6261,6262,6263,6264,6265,6266,6267,6268,6269,6270,6271,6395&Prime;][\/vc_column][\/vc_row][vc_row full_width=\u00a0\u00bbstretch_row\u00a0\u00bb pix_padding_top=\u00a0\u00bbpadding M\u00a0\u00bb pix_padding_bottom=\u00a0\u00bbpadding M\u00a0\u00bb gradient_colors=\u00a0\u00bb%5B%7B%7D%5D\u00a0\u00bb pix_padding=\u00a0\u00bbpix-padding-both\u00a0\u00bb pix_padding_size=\u00a0\u00bbpix-padding-xl\u00a0\u00bb css=\u00a0\u00bb.vc_custom_1658388978035{background-color: #f7f7f7 !important;}\u00a0\u00bb][vc_column][common_title title=\u00a0\u00bbContactez-nous pour plus d&rsquo;informations\u00a0\u00bb padding=\u00a0\u00bboff\u00a0\u00bb][\/common_title][common_cform7 form_id=\u00a0\u00bb1768&Prime; box_gap=\u00a0\u00bb50&Prime;][\/vc_column][\/vc_row]<\/p>\n","protected":false},"excerpt":{"rendered":"<p>[vc_row full_width=\u00a0\u00bbstretch_row\u00a0\u00bb pix_padding_top=\u00a0\u00bbpadding No\u00a0\u00bb pix_padding_bottom=\u00a0\u00bbpadding No\u00a0\u00bb gradient_colors=\u00a0\u00bb%5B%7B%7D%5D\u00a0\u00bb css=\u00a0\u00bb.vc_custom_1658913718084{padding-top: 150px !important;padding-bottom: 150px !important;background-image: url(https:\/\/enercon.it\/wp-content\/uploads\/servizi-e-manutenzione.jpg?id=6358) !important;background-position: center !important;background-repeat: no-repeat !important;background-size: cover !important;}\u00a0\u00bb][vc_column][common_title title=\u00a0\u00bbMaintenance et services apr\u00e8s-vente\u00a0\u00bb color=\u00a0\u00bbwhite-heading\u00a0\u00bb][\/common_title][\/vc_column][\/vc_row][vc_row pix_padding_top=\u00a0\u00bbpadding No\u00a0\u00bb pix_padding_bottom=\u00a0\u00bbpadding No\u00a0\u00bb radius=\u00a0\u00bbpix-rounded\u00a0\u00bb overflow=\u00a0\u00bbon\u00a0\u00bb top_offset=\u00a0\u00bb-100px\u00a0\u00bb gradient_colors=\u00a0\u00bb%5B%7B%7D%5D\u00a0\u00bb shadow=\u00a0\u00bbpix-shadow\u00a0\u00bb shadow_values=\u00a0\u00bb%5B%7B%22horizontal%22%3A%220%22%2C%22vertical%22%3A%222%22%2C%22blur%22%3A%2210%22%2C%22spread%22%3A%225px%22%2C%22color%22%3A%22%23000000%22%2C%22opacity%22%3A%2210%22%7D%5D\u00a0\u00bb][vc_column pix_padding_top=\u00a0\u00bbpadding S\u00a0\u00bb pix_padding_bottom=\u00a0\u00bbpadding S\u00a0\u00bb gradient_colors=\u00a0\u00bb%5B%7B%7D%5D\u00a0\u00bb css=\u00a0\u00bb.vc_custom_1652800232515{background-color: #ffffff !important;}\u00a0\u00bb][vc_row_inner content_placement=\u00a0\u00bbmiddle\u00a0\u00bb gap=\u00a0\u00bb35&Prime; gradient_colors=\u00a0\u00bb%5B%7B%7D%5D\u00a0\u00bb el_class=\u00a0\u00bbswap-on-mobile\u00a0\u00bb][vc_column_inner width=\u00a0\u00bb1\/2&Prime;][vc_single_image image=\u00a0\u00bb6266&Prime; img_size=\u00a0\u00bbfull\u00a0\u00bb][\/vc_column_inner][vc_column_inner width=\u00a0\u00bb1\/2&Prime;][vc_column_text]Soucieuse d&rsquo;offrir \u00e0 ses clients [&hellip;]<\/p>\n","protected":false},"author":1,"featured_media":8744,"parent":0,"menu_order":0,"comment_status":"closed","ping_status":"closed","template":"page-home.php","meta":{"inline_featured_image":false,"footnotes":""},"class_list":["post-9827","page","type-page","status-publish","has-post-thumbnail","hentry"],"yoast_head":"<!-- This site is optimized with the Yoast SEO plugin v23.8 - https:\/\/yoast.com\/wordpress\/plugins\/seo\/ -->\n<title>Maintenance d&#039;installations industrielles et assistance technique | Enercon<\/title>\n<meta name=\"description\" content=\"Enercon offre des services d&#039;assistance dans l\u2019installation industrielle. Main d&#039;\u0153uvre sp\u00e9cialis\u00e9e pour le montage et le service apr\u00e8s-vente. Lire la suite.\" \/>\n<meta name=\"robots\" content=\"index, follow, max-snippet:-1, max-image-preview:large, max-video-preview:-1\" \/>\n<link rel=\"canonical\" href=\"https:\/\/enercon.it\/fr\/maintenance-et-services-apres-vente\/\" \/>\n<meta property=\"og:locale\" content=\"fr_FR\" \/>\n<meta property=\"og:type\" content=\"article\" \/>\n<meta property=\"og:title\" content=\"Maintenance d&#039;installations industrielles et assistance technique | Enercon\" \/>\n<meta property=\"og:description\" content=\"Enercon offre des services d&#039;assistance dans l\u2019installation industrielle. Main d&#039;\u0153uvre sp\u00e9cialis\u00e9e pour le montage et le service apr\u00e8s-vente. Lire la suite.\" \/>\n<meta property=\"og:url\" content=\"https:\/\/enercon.it\/fr\/maintenance-et-services-apres-vente\/\" \/>\n<meta property=\"og:site_name\" content=\"Enercon\" \/>\n<meta property=\"article:modified_time\" content=\"2022-11-30T15:39:10+00:00\" \/>\n<meta property=\"og:image\" content=\"https:\/\/enercon.it\/wp-content\/uploads\/servizi-e-manutenzione-operai-in-loco.jpg\" \/>\n\t<meta property=\"og:image:width\" content=\"1024\" \/>\n\t<meta property=\"og:image:height\" content=\"768\" \/>\n\t<meta property=\"og:image:type\" content=\"image\/jpeg\" \/>\n<meta name=\"twitter:card\" content=\"summary_large_image\" \/>\n<meta name=\"twitter:label1\" content=\"Dur\u00e9e de lecture estim\u00e9e\" \/>\n\t<meta name=\"twitter:data1\" content=\"3 minutes\" \/>\n<script type=\"application\/ld+json\" class=\"yoast-schema-graph\">{\"@context\":\"https:\/\/schema.org\",\"@graph\":[{\"@type\":\"WebPage\",\"@id\":\"https:\/\/enercon.it\/fr\/maintenance-et-services-apres-vente\/\",\"url\":\"https:\/\/enercon.it\/fr\/maintenance-et-services-apres-vente\/\",\"name\":\"Maintenance d'installations industrielles et assistance technique | Enercon\",\"isPartOf\":{\"@id\":\"https:\/\/enercon.it\/#website\"},\"primaryImageOfPage\":{\"@id\":\"https:\/\/enercon.it\/fr\/maintenance-et-services-apres-vente\/#primaryimage\"},\"image\":{\"@id\":\"https:\/\/enercon.it\/fr\/maintenance-et-services-apres-vente\/#primaryimage\"},\"thumbnailUrl\":\"https:\/\/enercon.it\/wp-content\/uploads\/servizi-e-manutenzione-operai-in-loco.jpg\",\"datePublished\":\"2022-07-20T09:15:52+00:00\",\"dateModified\":\"2022-11-30T15:39:10+00:00\",\"description\":\"Enercon offre des services d'assistance dans l\u2019installation industrielle. Main d'\u0153uvre sp\u00e9cialis\u00e9e pour le montage et le service apr\u00e8s-vente. Lire la suite.\",\"breadcrumb\":{\"@id\":\"https:\/\/enercon.it\/fr\/maintenance-et-services-apres-vente\/#breadcrumb\"},\"inLanguage\":\"fr-FR\",\"potentialAction\":[{\"@type\":\"ReadAction\",\"target\":[\"https:\/\/enercon.it\/fr\/maintenance-et-services-apres-vente\/\"]}]},{\"@type\":\"ImageObject\",\"inLanguage\":\"fr-FR\",\"@id\":\"https:\/\/enercon.it\/fr\/maintenance-et-services-apres-vente\/#primaryimage\",\"url\":\"https:\/\/enercon.it\/wp-content\/uploads\/servizi-e-manutenzione-operai-in-loco.jpg\",\"contentUrl\":\"https:\/\/enercon.it\/wp-content\/uploads\/servizi-e-manutenzione-operai-in-loco.jpg\",\"width\":1024,\"height\":768},{\"@type\":\"BreadcrumbList\",\"@id\":\"https:\/\/enercon.it\/fr\/maintenance-et-services-apres-vente\/#breadcrumb\",\"itemListElement\":[{\"@type\":\"ListItem\",\"position\":1,\"name\":\"Home\",\"item\":\"https:\/\/enercon.it\/fr\/\"},{\"@type\":\"ListItem\",\"position\":2,\"name\":\"Maintenance et services apr\u00e8s-vente\"}]},{\"@type\":\"WebSite\",\"@id\":\"https:\/\/enercon.it\/#website\",\"url\":\"https:\/\/enercon.it\/\",\"name\":\"Enercon\",\"description\":\"Depurazione di inquinanti atmosferici\",\"publisher\":{\"@id\":\"https:\/\/enercon.it\/#organization\"},\"potentialAction\":[{\"@type\":\"SearchAction\",\"target\":{\"@type\":\"EntryPoint\",\"urlTemplate\":\"https:\/\/enercon.it\/?s={search_term_string}\"},\"query-input\":{\"@type\":\"PropertyValueSpecification\",\"valueRequired\":true,\"valueName\":\"search_term_string\"}}],\"inLanguage\":\"fr-FR\"},{\"@type\":\"Organization\",\"@id\":\"https:\/\/enercon.it\/#organization\",\"name\":\"Enercon S.r.l.\",\"url\":\"https:\/\/enercon.it\/\",\"logo\":{\"@type\":\"ImageObject\",\"inLanguage\":\"fr-FR\",\"@id\":\"https:\/\/enercon.it\/#\/schema\/logo\/image\/\",\"url\":\"https:\/\/enercon.it\/wp-content\/uploads\/2022\/05\/logo-enercon.png\",\"contentUrl\":\"https:\/\/enercon.it\/wp-content\/uploads\/2022\/05\/logo-enercon.png\",\"width\":270,\"height\":110,\"caption\":\"Enercon S.r.l.\"},\"image\":{\"@id\":\"https:\/\/enercon.it\/#\/schema\/logo\/image\/\"}}]}<\/script>\n<!-- \/ Yoast SEO plugin. -->","yoast_head_json":{"title":"Maintenance d'installations industrielles et assistance technique | Enercon","description":"Enercon offre des services d'assistance dans l\u2019installation industrielle. Main d'\u0153uvre sp\u00e9cialis\u00e9e pour le montage et le service apr\u00e8s-vente. Lire la suite.","robots":{"index":"index","follow":"follow","max-snippet":"max-snippet:-1","max-image-preview":"max-image-preview:large","max-video-preview":"max-video-preview:-1"},"canonical":"https:\/\/enercon.it\/fr\/maintenance-et-services-apres-vente\/","og_locale":"fr_FR","og_type":"article","og_title":"Maintenance d'installations industrielles et assistance technique | Enercon","og_description":"Enercon offre des services d'assistance dans l\u2019installation industrielle. Main d'\u0153uvre sp\u00e9cialis\u00e9e pour le montage et le service apr\u00e8s-vente. Lire la suite.","og_url":"https:\/\/enercon.it\/fr\/maintenance-et-services-apres-vente\/","og_site_name":"Enercon","article_modified_time":"2022-11-30T15:39:10+00:00","og_image":[{"width":1024,"height":768,"url":"https:\/\/enercon.it\/wp-content\/uploads\/servizi-e-manutenzione-operai-in-loco.jpg","type":"image\/jpeg"}],"twitter_card":"summary_large_image","twitter_misc":{"Dur\u00e9e de lecture estim\u00e9e":"3 minutes"},"schema":{"@context":"https:\/\/schema.org","@graph":[{"@type":"WebPage","@id":"https:\/\/enercon.it\/fr\/maintenance-et-services-apres-vente\/","url":"https:\/\/enercon.it\/fr\/maintenance-et-services-apres-vente\/","name":"Maintenance d'installations industrielles et assistance technique | Enercon","isPartOf":{"@id":"https:\/\/enercon.it\/#website"},"primaryImageOfPage":{"@id":"https:\/\/enercon.it\/fr\/maintenance-et-services-apres-vente\/#primaryimage"},"image":{"@id":"https:\/\/enercon.it\/fr\/maintenance-et-services-apres-vente\/#primaryimage"},"thumbnailUrl":"https:\/\/enercon.it\/wp-content\/uploads\/servizi-e-manutenzione-operai-in-loco.jpg","datePublished":"2022-07-20T09:15:52+00:00","dateModified":"2022-11-30T15:39:10+00:00","description":"Enercon offre des services d'assistance dans l\u2019installation industrielle. Main d'\u0153uvre sp\u00e9cialis\u00e9e pour le montage et le service apr\u00e8s-vente. Lire la suite.","breadcrumb":{"@id":"https:\/\/enercon.it\/fr\/maintenance-et-services-apres-vente\/#breadcrumb"},"inLanguage":"fr-FR","potentialAction":[{"@type":"ReadAction","target":["https:\/\/enercon.it\/fr\/maintenance-et-services-apres-vente\/"]}]},{"@type":"ImageObject","inLanguage":"fr-FR","@id":"https:\/\/enercon.it\/fr\/maintenance-et-services-apres-vente\/#primaryimage","url":"https:\/\/enercon.it\/wp-content\/uploads\/servizi-e-manutenzione-operai-in-loco.jpg","contentUrl":"https:\/\/enercon.it\/wp-content\/uploads\/servizi-e-manutenzione-operai-in-loco.jpg","width":1024,"height":768},{"@type":"BreadcrumbList","@id":"https:\/\/enercon.it\/fr\/maintenance-et-services-apres-vente\/#breadcrumb","itemListElement":[{"@type":"ListItem","position":1,"name":"Home","item":"https:\/\/enercon.it\/fr\/"},{"@type":"ListItem","position":2,"name":"Maintenance et services apr\u00e8s-vente"}]},{"@type":"WebSite","@id":"https:\/\/enercon.it\/#website","url":"https:\/\/enercon.it\/","name":"Enercon","description":"Depurazione di inquinanti atmosferici","publisher":{"@id":"https:\/\/enercon.it\/#organization"},"potentialAction":[{"@type":"SearchAction","target":{"@type":"EntryPoint","urlTemplate":"https:\/\/enercon.it\/?s={search_term_string}"},"query-input":{"@type":"PropertyValueSpecification","valueRequired":true,"valueName":"search_term_string"}}],"inLanguage":"fr-FR"},{"@type":"Organization","@id":"https:\/\/enercon.it\/#organization","name":"Enercon S.r.l.","url":"https:\/\/enercon.it\/","logo":{"@type":"ImageObject","inLanguage":"fr-FR","@id":"https:\/\/enercon.it\/#\/schema\/logo\/image\/","url":"https:\/\/enercon.it\/wp-content\/uploads\/2022\/05\/logo-enercon.png","contentUrl":"https:\/\/enercon.it\/wp-content\/uploads\/2022\/05\/logo-enercon.png","width":270,"height":110,"caption":"Enercon S.r.l."},"image":{"@id":"https:\/\/enercon.it\/#\/schema\/logo\/image\/"}}]}},"_links":{"self":[{"href":"https:\/\/enercon.it\/fr\/wp-json\/wp\/v2\/pages\/9827"}],"collection":[{"href":"https:\/\/enercon.it\/fr\/wp-json\/wp\/v2\/pages"}],"about":[{"href":"https:\/\/enercon.it\/fr\/wp-json\/wp\/v2\/types\/page"}],"author":[{"embeddable":true,"href":"https:\/\/enercon.it\/fr\/wp-json\/wp\/v2\/users\/1"}],"replies":[{"embeddable":true,"href":"https:\/\/enercon.it\/fr\/wp-json\/wp\/v2\/comments?post=9827"}],"version-history":[{"count":4,"href":"https:\/\/enercon.it\/fr\/wp-json\/wp\/v2\/pages\/9827\/revisions"}],"predecessor-version":[{"id":10160,"href":"https:\/\/enercon.it\/fr\/wp-json\/wp\/v2\/pages\/9827\/revisions\/10160"}],"wp:featuredmedia":[{"embeddable":true,"href":"https:\/\/enercon.it\/fr\/wp-json\/wp\/v2\/media\/8744"}],"wp:attachment":[{"href":"https:\/\/enercon.it\/fr\/wp-json\/wp\/v2\/media?parent=9827"}],"curies":[{"name":"wp","href":"https:\/\/api.w.org\/{rel}","templated":true}]}}