{"id":9824,"date":"2022-07-20T08:01:09","date_gmt":"2022-07-20T08:01:09","guid":{"rendered":"https:\/\/enercon.it\/equipements-techniques-et-applications-speciales-pour-lindustrie\/"},"modified":"2023-01-10T14:19:48","modified_gmt":"2023-01-10T14:19:48","slug":"equipements-techniques-et-applications-speciales-pour-lindustrie","status":"publish","type":"page","link":"https:\/\/enercon.it\/fr\/equipements-techniques-et-applications-speciales-pour-lindustrie\/","title":{"rendered":"\u00c9quipements techniques et applications sp\u00e9ciales pour l&rsquo;industrie"},"content":{"rendered":"<p>[vc_row full_width=\u00a0\u00bbstretch_row\u00a0\u00bb pix_padding_top=\u00a0\u00bbpadding No\u00a0\u00bb pix_padding_bottom=\u00a0\u00bbpadding No\u00a0\u00bb gradient_colors=\u00a0\u00bb%5B%7B%7D%5D\u00a0\u00bb css=\u00a0\u00bb.vc_custom_1658388370060{padding-top: 150px !important;padding-bottom: 150px !important;background-image: url(https:\/\/enercon.it\/wp-content\/uploads\/applicazioni-speciali-background.jpg?id=6239) !important;background-position: center !important;background-repeat: no-repeat !important;background-size: cover !important;}\u00a0\u00bb][vc_column][common_title title=\u00a0\u00bb\u00c9quipements techniques et applications sp\u00e9ciales pour l&rsquo;industrie\u00a0\u00bb color=\u00a0\u00bbwhite-heading\u00a0\u00bb][\/common_title][\/vc_column][\/vc_row][vc_row pix_padding_top=\u00a0\u00bbpadding No\u00a0\u00bb pix_padding_bottom=\u00a0\u00bbpadding No\u00a0\u00bb radius=\u00a0\u00bbpix-rounded\u00a0\u00bb overflow=\u00a0\u00bbon\u00a0\u00bb top_offset=\u00a0\u00bb-100px\u00a0\u00bb gradient_colors=\u00a0\u00bb%5B%7B%7D%5D\u00a0\u00bb shadow=\u00a0\u00bbpix-shadow\u00a0\u00bb shadow_values=\u00a0\u00bb%5B%7B%22horizontal%22%3A%220%22%2C%22vertical%22%3A%222%22%2C%22blur%22%3A%2210%22%2C%22spread%22%3A%225px%22%2C%22color%22%3A%22%23000000%22%2C%22opacity%22%3A%2210%22%7D%5D\u00a0\u00bb][vc_column pix_padding_top=\u00a0\u00bbpadding S\u00a0\u00bb pix_padding_bottom=\u00a0\u00bbpadding S\u00a0\u00bb gradient_colors=\u00a0\u00bb%5B%7B%7D%5D\u00a0\u00bb css=\u00a0\u00bb.vc_custom_1652800232515{background-color: #ffffff !important;}\u00a0\u00bb][vc_row_inner content_placement=\u00a0\u00bbmiddle\u00a0\u00bb gap=\u00a0\u00bb35&Prime; gradient_colors=\u00a0\u00bb%5B%7B%7D%5D\u00a0\u00bb el_class=\u00a0\u00bbswap-on-mobile\u00a0\u00bb][vc_column_inner width=\u00a0\u00bb1\/2&Prime; css=\u00a0\u00bb.vc_custom_1668675827730{padding-top: 30px !important;}\u00a0\u00bb][vc_single_image image=\u00a0\u00bb6248&Prime; img_size=\u00a0\u00bbfull\u00a0\u00bb][\/vc_column_inner][vc_column_inner width=\u00a0\u00bb1\/2&Prime;][vc_column_text]Gr\u00e2ce \u00e0 la diversification de ses activit\u00e9s et des domaines d\u2019intervention, Enercon est en mesure de conseiller, de concevoir et de r\u00e9aliser une tr\u00e8s large gamme d\u2019<strong>installations et d\u2019applications sp\u00e9ciales<\/strong> dont le Client peut avoir besoin. Nous appelons applications sp\u00e9ciales les \u00e9quipements et les syst\u00e8mes sp\u00e9cifiques qui impliquent l\u2019utilisation de technologies d\u2019installation diff\u00e9rentes et qui ne peuvent pas \u00eatre class\u00e9es dans un secteur sp\u00e9cifique. Enercon est en mesure d&rsquo;offrir des <strong>solutions sp\u00e9cifiques et personnalis\u00e9es<\/strong> gr\u00e2ce \u00e0 son \u00e9quipe d&rsquo;experts et d&rsquo;op\u00e9rateurs industriels r\u00e9pondant aux exigences particuli\u00e8res des installations et de la production du client.[\/vc_column_text][\/vc_column_inner][\/vc_row_inner][\/vc_column][\/vc_row][vc_row gap=\u00a0\u00bb35&Prime; gradient_colors=\u00a0\u00bb%5B%7B%7D%5D\u00a0\u00bb][vc_column width=\u00a0\u00bb1\/2&Prime;][common_title title=\u00a0\u00bbLes \u00e9quipements techniques et applications sp\u00e9ciales\u00a0\u00bb position=\u00a0\u00bbtext-left\u00a0\u00bb][\/common_title][common_icon_box icon_type=\u00a0\u00bbfont\u00a0\u00bb icon_pixfontawesome=\u00a0\u00bbfa fa-check\u00a0\u00bb icon_size=\u00a0\u00bbpix-icon-s\u00a0\u00bb title=\u00a0\u00bbPoches de coul\u00e9e pour mat\u00e9riaux non ferreux\u00a0\u00bb css=\u00a0\u00bb.vc_custom_1658305343176{padding-bottom: 10px !important;}\u00a0\u00bb][\/common_icon_box][common_icon_box icon_type=\u00a0\u00bbfont\u00a0\u00bb icon_pixfontawesome=\u00a0\u00bbfa fa-check\u00a0\u00bb icon_size=\u00a0\u00bbpix-icon-s\u00a0\u00bb title=\u00a0\u00bbWagons poches pour mat\u00e9riaux non ferreux\u00a0\u00bb css=\u00a0\u00bb.vc_custom_1658305354610{padding-bottom: 10px !important;}\u00a0\u00bb][\/common_icon_box][common_icon_box icon_type=\u00a0\u00bbfont\u00a0\u00bb icon_pixfontawesome=\u00a0\u00bbfa fa-check\u00a0\u00bb icon_size=\u00a0\u00bbpix-icon-s\u00a0\u00bb title=\u00a0\u00bbFiltres \u00e0 sable\u00a0\u00bb css=\u00a0\u00bb.vc_custom_1658305366958{padding-bottom: 10px !important;}\u00a0\u00bb][\/common_icon_box][common_icon_box icon_type=\u00a0\u00bbfont\u00a0\u00bb icon_pixfontawesome=\u00a0\u00bbfa fa-check\u00a0\u00bb icon_size=\u00a0\u00bbpix-icon-s\u00a0\u00bb title=\u00a0\u00bbSyst\u00e8mes d&rsquo;insonorisation (cabines d&rsquo;insonorisation pour ventilateurs et silencieux de chemin\u00e9e)\u00a0\u00bb css=\u00a0\u00bb.vc_custom_1658305420636{padding-bottom: 10px !important;}\u00a0\u00bb][\/common_icon_box][\/vc_column][vc_column width=\u00a0\u00bb1\/2&Prime;][common_title title=\u00a0\u00bbT\u00e9l\u00e9charger la fiche technique\u00a0\u00bb][\/common_title][common_button text=\u00a0\u00bbFiche technique des applications sp\u00e9ciales\u00a0\u00bb link=\u00a0\u00bburl:https%3A%2F%2Fenercon.it%2Fwp-content%2Fuploads%2Fdownload%2F%2Ffr%2Fscheda-tecnica-applicazioni-fr.pdf|target:_blank\u00a0\u00bb size_v=\u00a0\u00bbpix-v-l\u00a0\u00bb position=\u00a0\u00bbpix-text-center\u00a0\u00bb css=\u00a0\u00bb.vc_custom_1658307260676{margin-top: 10px !important;margin-bottom: 10px !important;}\u00a0\u00bb][\/vc_column][\/vc_row][vc_row full_width=\u00a0\u00bbstretch_row\u00a0\u00bb pix_padding_top=\u00a0\u00bbpadding M\u00a0\u00bb pix_padding_bottom=\u00a0\u00bbpadding M\u00a0\u00bb gradient_colors=\u00a0\u00bb%5B%7B%7D%5D\u00a0\u00bb el_class=\u00a0\u00bbtitolo-bianco negativo\u00a0\u00bb css=\u00a0\u00bb.vc_custom_1660119505969{background-color: #00507e !important;}\u00a0\u00bb][vc_column][common_title title=\u00a0\u00bbNos produits phares\u00a0\u00bb position=\u00a0\u00bbtext-left\u00a0\u00bb][\/common_title][vc_row_inner gradient_colors=\u00a0\u00bb%5B%7B%7D%5D\u00a0\u00bb][vc_column_inner width=\u00a0\u00bb2\/3&Prime;][vc_column_text]<strong style=\"font-size: 25px;\">Refroidissement du noyau<\/strong> : la solution d\u00e9finitive aux probl\u00e8mes de collage dans le moule et de micro-porosit\u00e9 de la pi\u00e8ce[\/vc_column_text][\/vc_column_inner][vc_column_inner width=\u00a0\u00bb1\/3&Prime;][common_button text=\u00a0\u00bbFiche technique sur le Refroidissement du noyau\u00a0\u00bb link=\u00a0\u00bburl:https%3A%2F%2Fenercon.it%2Fwp-content%2Fuploads%2Fdownload%2Ffr%2Fcore-cooling-fr.pdf|title:Test|target:_blank\u00a0\u00bb button_type=\u00a0\u00bbon\u00a0\u00bb color=\u00a0\u00bbpix-light\u00a0\u00bb position=\u00a0\u00bbpix-text-center\u00a0\u00bb][\/vc_column_inner][\/vc_row_inner][vc_row_inner gradient_colors=\u00a0\u00bb%5B%7B%7D%5D\u00a0\u00bb css=\u00a0\u00bb.vc_custom_1668676091779{padding-top: 50px !important;}\u00a0\u00bb][vc_column_inner width=\u00a0\u00bb2\/3&Prime;][vc_column_text]<strong style=\"font-size: 25px;\">M\u00e9lange de d\u00e9p\u00f4ts<\/strong> : Syst\u00e8me de pr\u00e9paration et de contr\u00f4le de l&rsquo;agent de d\u00e9moulage[\/vc_column_text][\/vc_column_inner][vc_column_inner width=\u00a0\u00bb1\/3&Prime;][common_button text=\u00a0\u00bbFiche technique sur le m\u00e9lange de d\u00e9p\u00f4ts\u00a0\u00bb link=\u00a0\u00bburl:https%3A%2F%2Fenercon.it%2Fwp-content%2Fuploads%2Fdownload%2Ffr%2Fdiposit-mix-fr.pdf|title:Test|target:_blank\u00a0\u00bb button_type=\u00a0\u00bbon\u00a0\u00bb color=\u00a0\u00bbpix-light\u00a0\u00bb position=\u00a0\u00bbpix-text-center\u00a0\u00bb][\/vc_column_inner][\/vc_row_inner][\/vc_column][\/vc_row][vc_row full_width=\u00a0\u00bbstretch_row\u00a0\u00bb gap=\u00a0\u00bb5&Prime; content_placement=\u00a0\u00bbmiddle\u00a0\u00bb pix_padding_bottom=\u00a0\u00bbpadding No\u00a0\u00bb gradient_colors=\u00a0\u00bb%5B%7B%7D%5D\u00a0\u00bb][vc_column gradient_colors=\u00a0\u00bb%5B%7B%7D%5D\u00a0\u00bb offset=\u00a0\u00bbvc_hidden-xs\u00a0\u00bb][common_title title=\u00a0\u00bbParcourir la galerie\u00a0\u00bb][\/common_title][vc_media_grid style=\u00a0\u00bbpagination\u00a0\u00bb items_per_page=\u00a0\u00bb4&Prime; element_width=\u00a0\u00bb3&Prime; gap=\u00a0\u00bb10&Prime; arrows_design=\u00a0\u00bbvc_arrow-icon-arrow_01_left\u00a0\u00bb arrows_position=\u00a0\u00bboutside\u00a0\u00bb arrows_color=\u00a0\u00bbblack\u00a0\u00bb loop=\u00a0\u00bbyes\u00a0\u00bb grid_id=\u00a0\u00bbvc_gid:1673360345687-3cd38c84aea0c9ca5b6a9bdfc64367b0-0&Prime; include=\u00a0\u00bb6240,6241,6242,6243,6244,6245,6246,6247&Prime;][\/vc_column][\/vc_row][vc_row full_width=\u00a0\u00bbstretch_row\u00a0\u00bb gap=\u00a0\u00bb5&Prime; content_placement=\u00a0\u00bbmiddle\u00a0\u00bb pix_padding_bottom=\u00a0\u00bbpadding No\u00a0\u00bb gradient_colors=\u00a0\u00bb%5B%7B%7D%5D\u00a0\u00bb][vc_column gradient_colors=\u00a0\u00bb%5B%7B%7D%5D\u00a0\u00bb offset=\u00a0\u00bbvc_hidden-lg vc_hidden-md vc_hidden-sm\u00a0\u00bb][common_title title=\u00a0\u00bbParcourir la galerie\u00a0\u00bb][\/common_title][vc_media_grid style=\u00a0\u00bbpagination\u00a0\u00bb items_per_page=\u00a0\u00bb1&Prime; element_width=\u00a0\u00bb12&Prime; gap=\u00a0\u00bb10&Prime; arrows_design=\u00a0\u00bbvc_arrow-icon-arrow_01_left\u00a0\u00bb arrows_position=\u00a0\u00bboutside\u00a0\u00bb arrows_color=\u00a0\u00bbblack\u00a0\u00bb loop=\u00a0\u00bbyes\u00a0\u00bb grid_id=\u00a0\u00bbvc_gid:1673360345753-0365410b819a144f374048ce395f7af9-7&Prime; include=\u00a0\u00bb6240,6241,6242,6243,6244,6245,6246,6247&Prime;][\/vc_column][\/vc_row][vc_row full_width=\u00a0\u00bbstretch_row\u00a0\u00bb pix_padding_top=\u00a0\u00bbpadding M\u00a0\u00bb pix_padding_bottom=\u00a0\u00bbpadding M\u00a0\u00bb gradient_colors=\u00a0\u00bb%5B%7B%7D%5D\u00a0\u00bb pix_padding=\u00a0\u00bbpix-padding-both\u00a0\u00bb pix_padding_size=\u00a0\u00bbpix-padding-xl\u00a0\u00bb css=\u00a0\u00bb.vc_custom_1658388941146{background-color: #f7f7f7 !important;}\u00a0\u00bb][vc_column][common_title title=\u00a0\u00bbContactez-nous pour plus d&rsquo;informations\u00a0\u00bb padding=\u00a0\u00bboff\u00a0\u00bb][\/common_title][common_cform7 form_id=\u00a0\u00bb1768&Prime; box_gap=\u00a0\u00bb50&Prime;][\/vc_column][\/vc_row]<\/p>\n","protected":false},"excerpt":{"rendered":"<p>[vc_row full_width=\u00a0\u00bbstretch_row\u00a0\u00bb pix_padding_top=\u00a0\u00bbpadding No\u00a0\u00bb pix_padding_bottom=\u00a0\u00bbpadding No\u00a0\u00bb gradient_colors=\u00a0\u00bb%5B%7B%7D%5D\u00a0\u00bb css=\u00a0\u00bb.vc_custom_1658388370060{padding-top: 150px !important;padding-bottom: 150px !important;background-image: url(https:\/\/enercon.it\/wp-content\/uploads\/applicazioni-speciali-background.jpg?id=6239) !important;background-position: center !important;background-repeat: no-repeat !important;background-size: cover !important;}\u00a0\u00bb][vc_column][common_title title=\u00a0\u00bb\u00c9quipements techniques et applications sp\u00e9ciales pour l&rsquo;industrie\u00a0\u00bb color=\u00a0\u00bbwhite-heading\u00a0\u00bb][\/common_title][\/vc_column][\/vc_row][vc_row pix_padding_top=\u00a0\u00bbpadding No\u00a0\u00bb pix_padding_bottom=\u00a0\u00bbpadding No\u00a0\u00bb radius=\u00a0\u00bbpix-rounded\u00a0\u00bb overflow=\u00a0\u00bbon\u00a0\u00bb top_offset=\u00a0\u00bb-100px\u00a0\u00bb gradient_colors=\u00a0\u00bb%5B%7B%7D%5D\u00a0\u00bb shadow=\u00a0\u00bbpix-shadow\u00a0\u00bb shadow_values=\u00a0\u00bb%5B%7B%22horizontal%22%3A%220%22%2C%22vertical%22%3A%222%22%2C%22blur%22%3A%2210%22%2C%22spread%22%3A%225px%22%2C%22color%22%3A%22%23000000%22%2C%22opacity%22%3A%2210%22%7D%5D\u00a0\u00bb][vc_column pix_padding_top=\u00a0\u00bbpadding S\u00a0\u00bb pix_padding_bottom=\u00a0\u00bbpadding S\u00a0\u00bb gradient_colors=\u00a0\u00bb%5B%7B%7D%5D\u00a0\u00bb css=\u00a0\u00bb.vc_custom_1652800232515{background-color: #ffffff !important;}\u00a0\u00bb][vc_row_inner content_placement=\u00a0\u00bbmiddle\u00a0\u00bb gap=\u00a0\u00bb35&Prime; gradient_colors=\u00a0\u00bb%5B%7B%7D%5D\u00a0\u00bb el_class=\u00a0\u00bbswap-on-mobile\u00a0\u00bb][vc_column_inner width=\u00a0\u00bb1\/2&Prime; css=\u00a0\u00bb.vc_custom_1668675827730{padding-top: 30px !important;}\u00a0\u00bb][vc_single_image image=\u00a0\u00bb6248&Prime; [&hellip;]<\/p>\n","protected":false},"author":1,"featured_media":8714,"parent":0,"menu_order":0,"comment_status":"closed","ping_status":"closed","template":"page-home.php","meta":{"inline_featured_image":false,"footnotes":""},"class_list":["post-9824","page","type-page","status-publish","has-post-thumbnail","hentry"],"yoast_head":"<!-- This site is optimized with the Yoast SEO plugin v23.8 - https:\/\/yoast.com\/wordpress\/plugins\/seo\/ -->\n<title>\u00c9quipements techniques pour l&#039;industrie | Enercon<\/title>\n<meta name=\"description\" content=\"Enercon con\u00e7oit et fabrique des \u00e9quipements et des syst\u00e8mes industriels sp\u00e9cifiques. Elle propose des solutions personnalis\u00e9es gr\u00e2ce \u00e0 son \u00e9quipe d&#039;experts. Pour en savoir plus.\" \/>\n<meta name=\"robots\" content=\"index, follow, max-snippet:-1, max-image-preview:large, max-video-preview:-1\" \/>\n<link rel=\"canonical\" href=\"https:\/\/enercon.it\/fr\/equipements-techniques-et-applications-speciales-pour-lindustrie\/\" \/>\n<meta property=\"og:locale\" content=\"fr_FR\" \/>\n<meta property=\"og:type\" content=\"article\" \/>\n<meta property=\"og:title\" content=\"\u00c9quipements techniques pour l&#039;industrie | Enercon\" \/>\n<meta property=\"og:description\" content=\"Enercon con\u00e7oit et fabrique des \u00e9quipements et des syst\u00e8mes industriels sp\u00e9cifiques. Elle propose des solutions personnalis\u00e9es gr\u00e2ce \u00e0 son \u00e9quipe d&#039;experts. Pour en savoir plus.\" \/>\n<meta property=\"og:url\" content=\"https:\/\/enercon.it\/fr\/equipements-techniques-et-applications-speciales-pour-lindustrie\/\" \/>\n<meta property=\"og:site_name\" content=\"Enercon\" \/>\n<meta property=\"article:modified_time\" content=\"2023-01-10T14:19:48+00:00\" \/>\n<meta property=\"og:image\" content=\"https:\/\/enercon.it\/wp-content\/uploads\/attrezzature-tecniche-applicazioni-speciali-siviera-mobile-automatica-teknia-spagna.jpg\" \/>\n\t<meta property=\"og:image:width\" content=\"900\" \/>\n\t<meta property=\"og:image:height\" content=\"600\" \/>\n\t<meta property=\"og:image:type\" content=\"image\/jpeg\" \/>\n<meta name=\"twitter:card\" content=\"summary_large_image\" \/>\n<meta name=\"twitter:label1\" content=\"Dur\u00e9e de lecture estim\u00e9e\" \/>\n\t<meta name=\"twitter:data1\" content=\"5 minutes\" \/>\n<script type=\"application\/ld+json\" class=\"yoast-schema-graph\">{\"@context\":\"https:\/\/schema.org\",\"@graph\":[{\"@type\":\"WebPage\",\"@id\":\"https:\/\/enercon.it\/fr\/equipements-techniques-et-applications-speciales-pour-lindustrie\/\",\"url\":\"https:\/\/enercon.it\/fr\/equipements-techniques-et-applications-speciales-pour-lindustrie\/\",\"name\":\"\u00c9quipements techniques pour l'industrie | Enercon\",\"isPartOf\":{\"@id\":\"https:\/\/enercon.it\/#website\"},\"primaryImageOfPage\":{\"@id\":\"https:\/\/enercon.it\/fr\/equipements-techniques-et-applications-speciales-pour-lindustrie\/#primaryimage\"},\"image\":{\"@id\":\"https:\/\/enercon.it\/fr\/equipements-techniques-et-applications-speciales-pour-lindustrie\/#primaryimage\"},\"thumbnailUrl\":\"https:\/\/enercon.it\/wp-content\/uploads\/attrezzature-tecniche-applicazioni-speciali-siviera-mobile-automatica-teknia-spagna.jpg\",\"datePublished\":\"2022-07-20T08:01:09+00:00\",\"dateModified\":\"2023-01-10T14:19:48+00:00\",\"description\":\"Enercon con\u00e7oit et fabrique des \u00e9quipements et des syst\u00e8mes industriels sp\u00e9cifiques. Elle propose des solutions personnalis\u00e9es gr\u00e2ce \u00e0 son \u00e9quipe d'experts. Pour en savoir plus.\",\"breadcrumb\":{\"@id\":\"https:\/\/enercon.it\/fr\/equipements-techniques-et-applications-speciales-pour-lindustrie\/#breadcrumb\"},\"inLanguage\":\"fr-FR\",\"potentialAction\":[{\"@type\":\"ReadAction\",\"target\":[\"https:\/\/enercon.it\/fr\/equipements-techniques-et-applications-speciales-pour-lindustrie\/\"]}]},{\"@type\":\"ImageObject\",\"inLanguage\":\"fr-FR\",\"@id\":\"https:\/\/enercon.it\/fr\/equipements-techniques-et-applications-speciales-pour-lindustrie\/#primaryimage\",\"url\":\"https:\/\/enercon.it\/wp-content\/uploads\/attrezzature-tecniche-applicazioni-speciali-siviera-mobile-automatica-teknia-spagna.jpg\",\"contentUrl\":\"https:\/\/enercon.it\/wp-content\/uploads\/attrezzature-tecniche-applicazioni-speciali-siviera-mobile-automatica-teknia-spagna.jpg\",\"width\":900,\"height\":600},{\"@type\":\"BreadcrumbList\",\"@id\":\"https:\/\/enercon.it\/fr\/equipements-techniques-et-applications-speciales-pour-lindustrie\/#breadcrumb\",\"itemListElement\":[{\"@type\":\"ListItem\",\"position\":1,\"name\":\"Home\",\"item\":\"https:\/\/enercon.it\/fr\/\"},{\"@type\":\"ListItem\",\"position\":2,\"name\":\"\u00c9quipements techniques et applications sp\u00e9ciales pour l&rsquo;industrie\"}]},{\"@type\":\"WebSite\",\"@id\":\"https:\/\/enercon.it\/#website\",\"url\":\"https:\/\/enercon.it\/\",\"name\":\"Enercon\",\"description\":\"Depurazione di inquinanti atmosferici\",\"publisher\":{\"@id\":\"https:\/\/enercon.it\/#organization\"},\"potentialAction\":[{\"@type\":\"SearchAction\",\"target\":{\"@type\":\"EntryPoint\",\"urlTemplate\":\"https:\/\/enercon.it\/?s={search_term_string}\"},\"query-input\":{\"@type\":\"PropertyValueSpecification\",\"valueRequired\":true,\"valueName\":\"search_term_string\"}}],\"inLanguage\":\"fr-FR\"},{\"@type\":\"Organization\",\"@id\":\"https:\/\/enercon.it\/#organization\",\"name\":\"Enercon S.r.l.\",\"url\":\"https:\/\/enercon.it\/\",\"logo\":{\"@type\":\"ImageObject\",\"inLanguage\":\"fr-FR\",\"@id\":\"https:\/\/enercon.it\/#\/schema\/logo\/image\/\",\"url\":\"https:\/\/enercon.it\/wp-content\/uploads\/2022\/05\/logo-enercon.png\",\"contentUrl\":\"https:\/\/enercon.it\/wp-content\/uploads\/2022\/05\/logo-enercon.png\",\"width\":270,\"height\":110,\"caption\":\"Enercon S.r.l.\"},\"image\":{\"@id\":\"https:\/\/enercon.it\/#\/schema\/logo\/image\/\"}}]}<\/script>\n<!-- \/ Yoast SEO plugin. -->","yoast_head_json":{"title":"\u00c9quipements techniques pour l'industrie | Enercon","description":"Enercon con\u00e7oit et fabrique des \u00e9quipements et des syst\u00e8mes industriels sp\u00e9cifiques. Elle propose des solutions personnalis\u00e9es gr\u00e2ce \u00e0 son \u00e9quipe d'experts. Pour en savoir plus.","robots":{"index":"index","follow":"follow","max-snippet":"max-snippet:-1","max-image-preview":"max-image-preview:large","max-video-preview":"max-video-preview:-1"},"canonical":"https:\/\/enercon.it\/fr\/equipements-techniques-et-applications-speciales-pour-lindustrie\/","og_locale":"fr_FR","og_type":"article","og_title":"\u00c9quipements techniques pour l'industrie | Enercon","og_description":"Enercon con\u00e7oit et fabrique des \u00e9quipements et des syst\u00e8mes industriels sp\u00e9cifiques. Elle propose des solutions personnalis\u00e9es gr\u00e2ce \u00e0 son \u00e9quipe d'experts. Pour en savoir plus.","og_url":"https:\/\/enercon.it\/fr\/equipements-techniques-et-applications-speciales-pour-lindustrie\/","og_site_name":"Enercon","article_modified_time":"2023-01-10T14:19:48+00:00","og_image":[{"width":900,"height":600,"url":"https:\/\/enercon.it\/wp-content\/uploads\/attrezzature-tecniche-applicazioni-speciali-siviera-mobile-automatica-teknia-spagna.jpg","type":"image\/jpeg"}],"twitter_card":"summary_large_image","twitter_misc":{"Dur\u00e9e de lecture estim\u00e9e":"5 minutes"},"schema":{"@context":"https:\/\/schema.org","@graph":[{"@type":"WebPage","@id":"https:\/\/enercon.it\/fr\/equipements-techniques-et-applications-speciales-pour-lindustrie\/","url":"https:\/\/enercon.it\/fr\/equipements-techniques-et-applications-speciales-pour-lindustrie\/","name":"\u00c9quipements techniques pour l'industrie | Enercon","isPartOf":{"@id":"https:\/\/enercon.it\/#website"},"primaryImageOfPage":{"@id":"https:\/\/enercon.it\/fr\/equipements-techniques-et-applications-speciales-pour-lindustrie\/#primaryimage"},"image":{"@id":"https:\/\/enercon.it\/fr\/equipements-techniques-et-applications-speciales-pour-lindustrie\/#primaryimage"},"thumbnailUrl":"https:\/\/enercon.it\/wp-content\/uploads\/attrezzature-tecniche-applicazioni-speciali-siviera-mobile-automatica-teknia-spagna.jpg","datePublished":"2022-07-20T08:01:09+00:00","dateModified":"2023-01-10T14:19:48+00:00","description":"Enercon con\u00e7oit et fabrique des \u00e9quipements et des syst\u00e8mes industriels sp\u00e9cifiques. Elle propose des solutions personnalis\u00e9es gr\u00e2ce \u00e0 son \u00e9quipe d'experts. Pour en savoir plus.","breadcrumb":{"@id":"https:\/\/enercon.it\/fr\/equipements-techniques-et-applications-speciales-pour-lindustrie\/#breadcrumb"},"inLanguage":"fr-FR","potentialAction":[{"@type":"ReadAction","target":["https:\/\/enercon.it\/fr\/equipements-techniques-et-applications-speciales-pour-lindustrie\/"]}]},{"@type":"ImageObject","inLanguage":"fr-FR","@id":"https:\/\/enercon.it\/fr\/equipements-techniques-et-applications-speciales-pour-lindustrie\/#primaryimage","url":"https:\/\/enercon.it\/wp-content\/uploads\/attrezzature-tecniche-applicazioni-speciali-siviera-mobile-automatica-teknia-spagna.jpg","contentUrl":"https:\/\/enercon.it\/wp-content\/uploads\/attrezzature-tecniche-applicazioni-speciali-siviera-mobile-automatica-teknia-spagna.jpg","width":900,"height":600},{"@type":"BreadcrumbList","@id":"https:\/\/enercon.it\/fr\/equipements-techniques-et-applications-speciales-pour-lindustrie\/#breadcrumb","itemListElement":[{"@type":"ListItem","position":1,"name":"Home","item":"https:\/\/enercon.it\/fr\/"},{"@type":"ListItem","position":2,"name":"\u00c9quipements techniques et applications sp\u00e9ciales pour l&rsquo;industrie"}]},{"@type":"WebSite","@id":"https:\/\/enercon.it\/#website","url":"https:\/\/enercon.it\/","name":"Enercon","description":"Depurazione di inquinanti atmosferici","publisher":{"@id":"https:\/\/enercon.it\/#organization"},"potentialAction":[{"@type":"SearchAction","target":{"@type":"EntryPoint","urlTemplate":"https:\/\/enercon.it\/?s={search_term_string}"},"query-input":{"@type":"PropertyValueSpecification","valueRequired":true,"valueName":"search_term_string"}}],"inLanguage":"fr-FR"},{"@type":"Organization","@id":"https:\/\/enercon.it\/#organization","name":"Enercon S.r.l.","url":"https:\/\/enercon.it\/","logo":{"@type":"ImageObject","inLanguage":"fr-FR","@id":"https:\/\/enercon.it\/#\/schema\/logo\/image\/","url":"https:\/\/enercon.it\/wp-content\/uploads\/2022\/05\/logo-enercon.png","contentUrl":"https:\/\/enercon.it\/wp-content\/uploads\/2022\/05\/logo-enercon.png","width":270,"height":110,"caption":"Enercon S.r.l."},"image":{"@id":"https:\/\/enercon.it\/#\/schema\/logo\/image\/"}}]}},"_links":{"self":[{"href":"https:\/\/enercon.it\/fr\/wp-json\/wp\/v2\/pages\/9824"}],"collection":[{"href":"https:\/\/enercon.it\/fr\/wp-json\/wp\/v2\/pages"}],"about":[{"href":"https:\/\/enercon.it\/fr\/wp-json\/wp\/v2\/types\/page"}],"author":[{"embeddable":true,"href":"https:\/\/enercon.it\/fr\/wp-json\/wp\/v2\/users\/1"}],"replies":[{"embeddable":true,"href":"https:\/\/enercon.it\/fr\/wp-json\/wp\/v2\/comments?post=9824"}],"version-history":[{"count":5,"href":"https:\/\/enercon.it\/fr\/wp-json\/wp\/v2\/pages\/9824\/revisions"}],"predecessor-version":[{"id":10344,"href":"https:\/\/enercon.it\/fr\/wp-json\/wp\/v2\/pages\/9824\/revisions\/10344"}],"wp:featuredmedia":[{"embeddable":true,"href":"https:\/\/enercon.it\/fr\/wp-json\/wp\/v2\/media\/8714"}],"wp:attachment":[{"href":"https:\/\/enercon.it\/fr\/wp-json\/wp\/v2\/media?parent=9824"}],"curies":[{"name":"wp","href":"https:\/\/api.w.org\/{rel}","templated":true}]}}