{"id":9821,"date":"2022-07-19T14:56:54","date_gmt":"2022-07-19T14:56:54","guid":{"rendered":"https:\/\/enercon.it\/systeme-dassainissement-de-lair\/"},"modified":"2022-12-22T10:22:40","modified_gmt":"2022-12-22T10:22:40","slug":"systeme-dassainissement-de-lair","status":"publish","type":"page","link":"https:\/\/enercon.it\/fr\/systeme-dassainissement-de-lair\/","title":{"rendered":"Syst\u00e8me d&rsquo;assainissement de l&rsquo;air"},"content":{"rendered":"<p>[vc_row full_width=\u00a0\u00bbstretch_row\u00a0\u00bb pix_padding_top=\u00a0\u00bbpadding No\u00a0\u00bb pix_padding_bottom=\u00a0\u00bbpadding No\u00a0\u00bb gradient_colors=\u00a0\u00bb%5B%7B%7D%5D\u00a0\u00bb css=\u00a0\u00bb.vc_custom_1658913073932{padding-top: 150px !important;padding-bottom: 150px !important;background-image: url(https:\/\/enercon.it\/wp-content\/uploads\/impianti-e-sistemi-sanificazione-aria-copia.jpg?id=6354) !important;background-position: center !important;background-repeat: no-repeat !important;background-size: cover !important;}\u00a0\u00bb][vc_column][common_title title=\u00a0\u00bbSyst\u00e8me d&rsquo;assainissement de l&rsquo;air\u00a0\u00bb color=\u00a0\u00bbwhite-heading\u00a0\u00bb][\/common_title][\/vc_column][\/vc_row][vc_row pix_padding_top=\u00a0\u00bbpadding No\u00a0\u00bb pix_padding_bottom=\u00a0\u00bbpadding No\u00a0\u00bb radius=\u00a0\u00bbpix-rounded\u00a0\u00bb overflow=\u00a0\u00bbon\u00a0\u00bb top_offset=\u00a0\u00bb-100px\u00a0\u00bb gradient_colors=\u00a0\u00bb%5B%7B%7D%5D\u00a0\u00bb shadow=\u00a0\u00bbpix-shadow\u00a0\u00bb shadow_values=\u00a0\u00bb%5B%7B%22horizontal%22%3A%220%22%2C%22vertical%22%3A%222%22%2C%22blur%22%3A%2210%22%2C%22spread%22%3A%225px%22%2C%22color%22%3A%22%23000000%22%2C%22opacity%22%3A%2210%22%7D%5D\u00a0\u00bb][vc_column pix_padding_top=\u00a0\u00bbpadding S\u00a0\u00bb pix_padding_bottom=\u00a0\u00bbpadding S\u00a0\u00bb gradient_colors=\u00a0\u00bb%5B%7B%7D%5D\u00a0\u00bb css=\u00a0\u00bb.vc_custom_1652800232515{background-color: #ffffff !important;}\u00a0\u00bb][vc_row_inner content_placement=\u00a0\u00bbmiddle\u00a0\u00bb gap=\u00a0\u00bb35&Prime; gradient_colors=\u00a0\u00bb%5B%7B%7D%5D\u00a0\u00bb el_class=\u00a0\u00bbswap-on-mobile\u00a0\u00bb][vc_column_inner width=\u00a0\u00bb1\/2&Prime;][common_video url=\u00a0\u00bbhttps:\/\/www.youtube.com\/watch?v=0enhz2axRhs\u00a0\u00bb color=\u00a0\u00bbrgba(255,255,255,0.01)\u00a0\u00bb video_opacity=\u00a0\u00bb40&Prime; image=\u00a0\u00bb6220&Prime; height=\u00a0\u00bb400px\u00a0\u00bb][\/common_video][\/vc_column_inner][vc_column_inner width=\u00a0\u00bb1\/2&Prime;][vc_column_text]<span style=\"font-weight: 400;\">Enercon est heureuse de prendre soin de l&rsquo;environnement de travail de ses clients, qui abrite le personnel et les processus de production importants. Le Coronavirus SARS-Cov-2 a fait prendre conscience \u00e0 tous que la sant\u00e9 vient de ce que nous respirons : la pr\u00e9vention offerte par <strong>Enercon Sanibox<\/strong> est importante et essentielle pour notre <strong>s\u00e9curit\u00e9<\/strong> <strong>dans les usines, les bureaux<\/strong> et les environnements tr\u00e8s fr\u00e9quent\u00e9s en g\u00e9n\u00e9ral.<\/span><\/p>\n<p><span style=\"font-weight: 400;\">Enercon Sanibox est un dispositif qui produit des esp\u00e8ces oxydantes, donc assainissantes et naturelles, \u00e0 travers des g\u00e9n\u00e9rateurs constitu\u00e9s de tubes cylindriques avec des t\u00f4les m\u00e9talliques s\u00e9par\u00e9es par un mat\u00e9riau di\u00e9lectrique. Il est bas\u00e9 sur le processus d&rsquo;ionisation par impact ou collision entre des particules rapides excit\u00e9es par un champ \u00e9lectrique oscillant. Le ph\u00e9nom\u00e8ne qui en r\u00e9sulte d\u00e9clenche des r\u00e9actions d&rsquo;oxydor\u00e9duction sur les compos\u00e9s organiques volatils, <strong>r\u00e9duisant ainsi les polluants dans l&rsquo;environnement<\/strong>, de mani\u00e8re calibr\u00e9e, importante et avec des effets mesurables. <\/span>[\/vc_column_text][\/vc_column_inner][\/vc_row_inner][\/vc_column][\/vc_row][vc_row][vc_column][common_title title=\u00a0\u00bbFAQ sur Enercon Sanibox\u00a0\u00bb position=\u00a0\u00bbtext-left\u00a0\u00bb][\/common_title][vc_row_inner][vc_column_inner width=\u00a0\u00bb1\/2&Prime;][common_tab_acc toggle_type=\u00a0\u00bbaccordion\u00a0\u00bb collapse=\u00a0\u00bbon\u00a0\u00bb accordion=\u00a0\u00bb%5B%7B%22label_a%22%3A%22Qu%27est-ce+que+le+Enercon+Sanibox+%3F%22%2C%22content_a%22%3A%22Enercon+Sanibox+est+un+appareil+qui+%5Cu00e9limine+les+virus%2C+les+bact%5Cu00e9ries%2C+les+moisissures%2C+les+levures%2C+les+polluants+chimiques%2C+les+endotoxines+bact%5Cu00e9riennes%2C+les+COV+et+les+odeurs+avec+une+s%5Cu00e9curit%5Cu00e9+maximale+pour+le+personnel+%3B+en+effet%2C+cet+appareil+peut+%5Cu00eatre+utilis%5Cu00e9+en+continu+et+en+pr%5Cu00e9sence+du+personnel.%22%2C%22tab_id_a%22%3A%221884597823%22%7D%2C%7B%22label_a%22%3A%22Quelles+sont+les+certifications+du+Sanibox+%3F%22%2C%22content_a%22%3A%22La+technologie+Bioxigen%5Cu00ae%2C+ainsi+que+le+c%5Cu0153ur+du+Sanibox%2C+ont+non+seulement+%5Cu00e9t%5Cu00e9+certifi%5Cu00e9s+T%5Cu00dcV+Profi-Cert%2C+mais+ont+%5Cu00e9galement+%5Cu00e9t%5Cu00e9+test%5Cu00e9s+contre+le+COVID-19+%28selon+la+norme+EN16777-2019+dans+un+laboratoire+sp%5Cu00e9cialis%5Cu00e9%29.+Les+r%5Cu00e9sultats+ont+montr%5Cu00e9+que+le+syst%5Cu00e8me+%5Cu00e9tait+efficace+contre+tous+les+virus%2C+y+compris+le+coronavirus+SARS-Cov-2.%22%2C%22tab_id_a%22%3A%221713035642%22%7D%2C%7B%22label_a%22%3A%22Quels+sont+les+avantages+d%5Cu2019un+Sanibox+%3F%22%2C%22content_a%22%3A%22Enercon+Sanibox+avec+la+technologie+Bioxigen%5Cu00ae+pr%5Cu00e9serve+la+sant%5Cu00e9+du+personnel+de+l%27entreprise%2C+car+il+offre+une+action+assainissante+et+antibact%5Cu00e9rienne+qui+am%5Cu00e9liore+la+qualit%5Cu00e9+de+l%27air+et+d%5Cu00e9contamine+aussi+bien+les+surfaces+internes+des+tuyaux%2C+filtres%2C+CTA%2C+etc.+o%5Cu00f9+il+est+install%5Cu00e9+que+l%27air+en+transit.+%22%2C%22tab_id_a%22%3A%22682159177%22%7D%5D\u00a0\u00bb][\/vc_column_inner][vc_column_inner width=\u00a0\u00bb1\/2&Prime;][common_tab_acc toggle_type=\u00a0\u00bbaccordion\u00a0\u00bb collapse=\u00a0\u00bbon\u00a0\u00bb accordion=\u00a0\u00bb%5B%7B%22label_a%22%3A%22O%5Cu00f9+installer+un+Enercon+Sanibox+%3F%22%2C%22content_a%22%3A%22%3Cp%3EDans+votre+d%5Cu00e9partement+de+production+%28moulage+sous+pression%2C+usinage%2C+entrep%5Cu00f4t%29%2C+Enercon+Sanibox+avec+la+technologie+Bioxigen%5Cu00ae+peut+%5Cu00eatre+facilement+install%5Cu00e9+sur+tous+vos+syst%5Cu00e8mes+d%27aspiration+et+de+filtration+avec+recirculation+d%27air+interne+%28tant+les+n%5Cu00f4tres+que+ceux+de+tiers%29%2C+sur+vos+machines-outils%2C+sur+vos+syst%5Cu00e8mes+de+climatisation%2C+gaines+de+distribution%2C+CTA+et+ventilo-convecteurs+dans+les+bureaux%2C+ateliers%2C+usines.%3C%5C%2Fp%3E%5Cn%5Cn%3Cp%3ELe+syst%5Cu00e8me+mobile+sur+roues+peut+%5Cu00eatre+d%5Cu00e9plac%5Cu00e9+selon+vos+besoins+dans+vos+restaurants+d%5Cu2019entreprise%2C+salles+de+conf%5Cu00e9rence%2C+salles+de+r%5Cu00e9union+pour+des+capacit%5Cu00e9s+de+1.000+m%5Cu00b3%5C%2Fh+%5Cu00e0+10.000+m%5Cu00b3%5C%2Fh+modulables.%3C%5C%2Fp%3E%5Cn%22%2C%22tab_id_a%22%3A%221895725041%22%7D%2C%7B%22label_a%22%3A%22Quels+sont+les+r%5Cu00e9sultats+%3F%22%2C%22content_a%22%3A%22Les+retours+positifs+sont+nombreux%2C+l%27un+des+plus+significatifs+%5Cu00e9tant+l%27effet+b%5Cu00e9n%5Cu00e9fique+sur+la+sant%5Cu00e9+du+personnel+dans+l%27environnement+de+travail%2C+ce+qui+a+un+effet+positif+sur+la+productivit%5Cu00e9+de+l%27entreprise.+Il+r%5Cu00e9tablit+%5Cu00e9galement+le+bon+%5Cu00e9quilibre+ionique+de+l%27air%2C+ce+qui+permet+d%27am%5Cu00e9liorer+l%27%5Cu00e9tat+de+sant%5Cu00e9+g%5Cu00e9n%5Cu00e9ral+des+personnes%2C+notamment+la+fonction+respiratoire%2C+la+qualit%5Cu00e9+du+sommeil+et+la+r%5Cu00e9duction+des+maux+de+t%5Cu00eate.%22%2C%22tab_id_a%22%3A%22416424358%22%7D%5D\u00a0\u00bb][\/vc_column_inner][\/vc_row_inner][\/vc_column][\/vc_row][vc_row pix_padding_top=\u00a0\u00bbpadding No\u00a0\u00bb gradient_colors=\u00a0\u00bb%5B%7B%7D%5D\u00a0\u00bb][vc_column][common_title title=\u00a0\u00bbT\u00e9l\u00e9charger la fiche technique\u00a0\u00bb][\/common_title][common_button text=\u00a0\u00bbFiche technique du Sanibox\u00a0\u00bb link=\u00a0\u00bburl:https%3A%2F%2Fenercon.it%2Fwp-content%2Fuploads%2Fdownload%2Fen%2FEnercon_sanibox_en.pdf|target:_blank\u00a0\u00bb size_v=\u00a0\u00bbpix-v-l\u00a0\u00bb position=\u00a0\u00bbpix-text-center\u00a0\u00bb css=\u00a0\u00bb.vc_custom_1671704550810{margin-top: 10px !important;margin-bottom: 10px !important;}\u00a0\u00bb][\/vc_column][\/vc_row][vc_row full_width=\u00a0\u00bbstretch_row\u00a0\u00bb gap=\u00a0\u00bb5&Prime; content_placement=\u00a0\u00bbmiddle\u00a0\u00bb pix_padding_bottom=\u00a0\u00bbpadding No\u00a0\u00bb gradient_colors=\u00a0\u00bb%5B%7B%7D%5D\u00a0\u00bb][vc_column gradient_colors=\u00a0\u00bb%5B%7B%7D%5D\u00a0\u00bb offset=\u00a0\u00bbvc_hidden-xs\u00a0\u00bb][common_title title=\u00a0\u00bbParcourir la galerie\u00a0\u00bb][\/common_title][vc_media_grid style=\u00a0\u00bbpagination\u00a0\u00bb items_per_page=\u00a0\u00bb4&Prime; element_width=\u00a0\u00bb3&Prime; gap=\u00a0\u00bb10&Prime; arrows_design=\u00a0\u00bbvc_arrow-icon-arrow_01_left\u00a0\u00bb arrows_position=\u00a0\u00bboutside\u00a0\u00bb arrows_color=\u00a0\u00bbblack\u00a0\u00bb loop=\u00a0\u00bbyes\u00a0\u00bb grid_id=\u00a0\u00bbvc_gid:1671704537373-b85eb6e1d7191725f1739381a5bd24dc-3&Prime; include=\u00a0\u00bb6221,6223,6225,6226&Prime;][\/vc_column][\/vc_row][vc_row full_width=\u00a0\u00bbstretch_row\u00a0\u00bb gap=\u00a0\u00bb5&Prime; content_placement=\u00a0\u00bbmiddle\u00a0\u00bb pix_padding_bottom=\u00a0\u00bbpadding No\u00a0\u00bb gradient_colors=\u00a0\u00bb%5B%7B%7D%5D\u00a0\u00bb][vc_column gradient_colors=\u00a0\u00bb%5B%7B%7D%5D\u00a0\u00bb offset=\u00a0\u00bbvc_hidden-lg vc_hidden-md vc_hidden-sm\u00a0\u00bb][common_title title=\u00a0\u00bbParcourir la galerie\u00a0\u00bb][\/common_title][vc_media_grid style=\u00a0\u00bbpagination\u00a0\u00bb items_per_page=\u00a0\u00bb1&Prime; element_width=\u00a0\u00bb12&Prime; gap=\u00a0\u00bb10&Prime; arrows_design=\u00a0\u00bbvc_arrow-icon-arrow_01_left\u00a0\u00bb arrows_position=\u00a0\u00bboutside\u00a0\u00bb arrows_color=\u00a0\u00bbblack\u00a0\u00bb loop=\u00a0\u00bbyes\u00a0\u00bb grid_id=\u00a0\u00bbvc_gid:1671704537429-ebf979729b6438ee6831d958e674279c-10&Prime; include=\u00a0\u00bb6221,6223,6225,6226&Prime;][\/vc_column][\/vc_row][vc_row full_width=\u00a0\u00bbstretch_row\u00a0\u00bb pix_padding_top=\u00a0\u00bbpadding M\u00a0\u00bb pix_padding_bottom=\u00a0\u00bbpadding M\u00a0\u00bb gradient_colors=\u00a0\u00bb%5B%7B%7D%5D\u00a0\u00bb pix_padding=\u00a0\u00bbpix-padding-both\u00a0\u00bb pix_padding_size=\u00a0\u00bbpix-padding-xl\u00a0\u00bb css=\u00a0\u00bb.vc_custom_1658389011442{background-color: #f7f7f7 !important;}\u00a0\u00bb][vc_column][common_title title=\u00a0\u00bbContactez-nous pour plus d&rsquo;informations\u00a0\u00bb padding=\u00a0\u00bboff\u00a0\u00bb][\/common_title][common_cform7 form_id=\u00a0\u00bb1768&Prime; box_gap=\u00a0\u00bb50&Prime;][\/vc_column][\/vc_row]<\/p>\n","protected":false},"excerpt":{"rendered":"<p>[vc_row full_width=\u00a0\u00bbstretch_row\u00a0\u00bb pix_padding_top=\u00a0\u00bbpadding No\u00a0\u00bb pix_padding_bottom=\u00a0\u00bbpadding No\u00a0\u00bb gradient_colors=\u00a0\u00bb%5B%7B%7D%5D\u00a0\u00bb css=\u00a0\u00bb.vc_custom_1658913073932{padding-top: 150px !important;padding-bottom: 150px !important;background-image: url(https:\/\/enercon.it\/wp-content\/uploads\/impianti-e-sistemi-sanificazione-aria-copia.jpg?id=6354) !important;background-position: center !important;background-repeat: no-repeat !important;background-size: cover !important;}\u00a0\u00bb][vc_column][common_title title=\u00a0\u00bbSyst\u00e8me d&rsquo;assainissement de l&rsquo;air\u00a0\u00bb color=\u00a0\u00bbwhite-heading\u00a0\u00bb][\/common_title][\/vc_column][\/vc_row][vc_row pix_padding_top=\u00a0\u00bbpadding No\u00a0\u00bb pix_padding_bottom=\u00a0\u00bbpadding No\u00a0\u00bb radius=\u00a0\u00bbpix-rounded\u00a0\u00bb overflow=\u00a0\u00bbon\u00a0\u00bb top_offset=\u00a0\u00bb-100px\u00a0\u00bb gradient_colors=\u00a0\u00bb%5B%7B%7D%5D\u00a0\u00bb shadow=\u00a0\u00bbpix-shadow\u00a0\u00bb shadow_values=\u00a0\u00bb%5B%7B%22horizontal%22%3A%220%22%2C%22vertical%22%3A%222%22%2C%22blur%22%3A%2210%22%2C%22spread%22%3A%225px%22%2C%22color%22%3A%22%23000000%22%2C%22opacity%22%3A%2210%22%7D%5D\u00a0\u00bb][vc_column pix_padding_top=\u00a0\u00bbpadding S\u00a0\u00bb pix_padding_bottom=\u00a0\u00bbpadding S\u00a0\u00bb gradient_colors=\u00a0\u00bb%5B%7B%7D%5D\u00a0\u00bb css=\u00a0\u00bb.vc_custom_1652800232515{background-color: #ffffff !important;}\u00a0\u00bb][vc_row_inner content_placement=\u00a0\u00bbmiddle\u00a0\u00bb gap=\u00a0\u00bb35&Prime; gradient_colors=\u00a0\u00bb%5B%7B%7D%5D\u00a0\u00bb el_class=\u00a0\u00bbswap-on-mobile\u00a0\u00bb][vc_column_inner width=\u00a0\u00bb1\/2&Prime;][common_video url=\u00a0\u00bbhttps:\/\/www.youtube.com\/watch?v=0enhz2axRhs\u00a0\u00bb color=\u00a0\u00bbrgba(255,255,255,0.01)\u00a0\u00bb video_opacity=\u00a0\u00bb40&Prime; image=\u00a0\u00bb6220&Prime; height=\u00a0\u00bb400px\u00a0\u00bb][\/common_video][\/vc_column_inner][vc_column_inner width=\u00a0\u00bb1\/2&Prime;][vc_column_text]Enercon est [&hellip;]<\/p>\n","protected":false},"author":1,"featured_media":8659,"parent":0,"menu_order":0,"comment_status":"closed","ping_status":"closed","template":"page-home.php","meta":{"inline_featured_image":false,"footnotes":""},"class_list":["post-9821","page","type-page","status-publish","has-post-thumbnail","hentry"],"yoast_head":"<!-- This site is optimized with the Yoast SEO plugin v23.8 - https:\/\/yoast.com\/wordpress\/plugins\/seo\/ -->\n<title>Syst\u00e8me d&#039;assainissement de l&#039;air | Enercon<\/title>\n<meta name=\"description\" content=\"Enercon fabrique des dispositifs d&#039;assainissement industriels. Elle g\u00e9n\u00e8re des r\u00e9actions d&#039;oxydation en r\u00e9duisant les polluants pr\u00e9sents dans l&#039;environnement. Cliquez ici.\" \/>\n<meta name=\"robots\" content=\"index, follow, max-snippet:-1, max-image-preview:large, max-video-preview:-1\" \/>\n<link rel=\"canonical\" href=\"https:\/\/enercon.it\/fr\/systeme-dassainissement-de-lair\/\" \/>\n<meta property=\"og:locale\" content=\"fr_FR\" \/>\n<meta property=\"og:type\" content=\"article\" \/>\n<meta property=\"og:title\" content=\"Syst\u00e8me d&#039;assainissement de l&#039;air | Enercon\" \/>\n<meta property=\"og:description\" content=\"Enercon fabrique des dispositifs d&#039;assainissement industriels. Elle g\u00e9n\u00e8re des r\u00e9actions d&#039;oxydation en r\u00e9duisant les polluants pr\u00e9sents dans l&#039;environnement. Cliquez ici.\" \/>\n<meta property=\"og:url\" content=\"https:\/\/enercon.it\/fr\/systeme-dassainissement-de-lair\/\" \/>\n<meta property=\"og:site_name\" content=\"Enercon\" \/>\n<meta property=\"article:modified_time\" content=\"2022-12-22T10:22:40+00:00\" \/>\n<meta property=\"og:image\" content=\"https:\/\/enercon.it\/wp-content\/uploads\/sanibox-installato-2.jpg\" \/>\n\t<meta property=\"og:image:width\" content=\"900\" \/>\n\t<meta property=\"og:image:height\" content=\"600\" \/>\n\t<meta property=\"og:image:type\" content=\"image\/jpeg\" \/>\n<meta name=\"twitter:card\" content=\"summary_large_image\" \/>\n<meta name=\"twitter:label1\" content=\"Dur\u00e9e de lecture estim\u00e9e\" \/>\n\t<meta name=\"twitter:data1\" content=\"7 minutes\" \/>\n<script type=\"application\/ld+json\" class=\"yoast-schema-graph\">{\"@context\":\"https:\/\/schema.org\",\"@graph\":[{\"@type\":\"WebPage\",\"@id\":\"https:\/\/enercon.it\/fr\/systeme-dassainissement-de-lair\/\",\"url\":\"https:\/\/enercon.it\/fr\/systeme-dassainissement-de-lair\/\",\"name\":\"Syst\u00e8me d'assainissement de l'air | Enercon\",\"isPartOf\":{\"@id\":\"https:\/\/enercon.it\/#website\"},\"primaryImageOfPage\":{\"@id\":\"https:\/\/enercon.it\/fr\/systeme-dassainissement-de-lair\/#primaryimage\"},\"image\":{\"@id\":\"https:\/\/enercon.it\/fr\/systeme-dassainissement-de-lair\/#primaryimage\"},\"thumbnailUrl\":\"https:\/\/enercon.it\/wp-content\/uploads\/sanibox-installato-2.jpg\",\"datePublished\":\"2022-07-19T14:56:54+00:00\",\"dateModified\":\"2022-12-22T10:22:40+00:00\",\"description\":\"Enercon fabrique des dispositifs d'assainissement industriels. Elle g\u00e9n\u00e8re des r\u00e9actions d'oxydation en r\u00e9duisant les polluants pr\u00e9sents dans l'environnement. Cliquez ici.\",\"breadcrumb\":{\"@id\":\"https:\/\/enercon.it\/fr\/systeme-dassainissement-de-lair\/#breadcrumb\"},\"inLanguage\":\"fr-FR\",\"potentialAction\":[{\"@type\":\"ReadAction\",\"target\":[\"https:\/\/enercon.it\/fr\/systeme-dassainissement-de-lair\/\"]}]},{\"@type\":\"ImageObject\",\"inLanguage\":\"fr-FR\",\"@id\":\"https:\/\/enercon.it\/fr\/systeme-dassainissement-de-lair\/#primaryimage\",\"url\":\"https:\/\/enercon.it\/wp-content\/uploads\/sanibox-installato-2.jpg\",\"contentUrl\":\"https:\/\/enercon.it\/wp-content\/uploads\/sanibox-installato-2.jpg\",\"width\":900,\"height\":600},{\"@type\":\"BreadcrumbList\",\"@id\":\"https:\/\/enercon.it\/fr\/systeme-dassainissement-de-lair\/#breadcrumb\",\"itemListElement\":[{\"@type\":\"ListItem\",\"position\":1,\"name\":\"Home\",\"item\":\"https:\/\/enercon.it\/fr\/\"},{\"@type\":\"ListItem\",\"position\":2,\"name\":\"Syst\u00e8me d&rsquo;assainissement de l&rsquo;air\"}]},{\"@type\":\"WebSite\",\"@id\":\"https:\/\/enercon.it\/#website\",\"url\":\"https:\/\/enercon.it\/\",\"name\":\"Enercon\",\"description\":\"Depurazione di inquinanti atmosferici\",\"publisher\":{\"@id\":\"https:\/\/enercon.it\/#organization\"},\"potentialAction\":[{\"@type\":\"SearchAction\",\"target\":{\"@type\":\"EntryPoint\",\"urlTemplate\":\"https:\/\/enercon.it\/?s={search_term_string}\"},\"query-input\":{\"@type\":\"PropertyValueSpecification\",\"valueRequired\":true,\"valueName\":\"search_term_string\"}}],\"inLanguage\":\"fr-FR\"},{\"@type\":\"Organization\",\"@id\":\"https:\/\/enercon.it\/#organization\",\"name\":\"Enercon S.r.l.\",\"url\":\"https:\/\/enercon.it\/\",\"logo\":{\"@type\":\"ImageObject\",\"inLanguage\":\"fr-FR\",\"@id\":\"https:\/\/enercon.it\/#\/schema\/logo\/image\/\",\"url\":\"https:\/\/enercon.it\/wp-content\/uploads\/2022\/05\/logo-enercon.png\",\"contentUrl\":\"https:\/\/enercon.it\/wp-content\/uploads\/2022\/05\/logo-enercon.png\",\"width\":270,\"height\":110,\"caption\":\"Enercon S.r.l.\"},\"image\":{\"@id\":\"https:\/\/enercon.it\/#\/schema\/logo\/image\/\"}}]}<\/script>\n<!-- \/ Yoast SEO plugin. -->","yoast_head_json":{"title":"Syst\u00e8me d'assainissement de l'air | Enercon","description":"Enercon fabrique des dispositifs d'assainissement industriels. Elle g\u00e9n\u00e8re des r\u00e9actions d'oxydation en r\u00e9duisant les polluants pr\u00e9sents dans l'environnement. Cliquez ici.","robots":{"index":"index","follow":"follow","max-snippet":"max-snippet:-1","max-image-preview":"max-image-preview:large","max-video-preview":"max-video-preview:-1"},"canonical":"https:\/\/enercon.it\/fr\/systeme-dassainissement-de-lair\/","og_locale":"fr_FR","og_type":"article","og_title":"Syst\u00e8me d'assainissement de l'air | Enercon","og_description":"Enercon fabrique des dispositifs d'assainissement industriels. Elle g\u00e9n\u00e8re des r\u00e9actions d'oxydation en r\u00e9duisant les polluants pr\u00e9sents dans l'environnement. Cliquez ici.","og_url":"https:\/\/enercon.it\/fr\/systeme-dassainissement-de-lair\/","og_site_name":"Enercon","article_modified_time":"2022-12-22T10:22:40+00:00","og_image":[{"width":900,"height":600,"url":"https:\/\/enercon.it\/wp-content\/uploads\/sanibox-installato-2.jpg","type":"image\/jpeg"}],"twitter_card":"summary_large_image","twitter_misc":{"Dur\u00e9e de lecture estim\u00e9e":"7 minutes"},"schema":{"@context":"https:\/\/schema.org","@graph":[{"@type":"WebPage","@id":"https:\/\/enercon.it\/fr\/systeme-dassainissement-de-lair\/","url":"https:\/\/enercon.it\/fr\/systeme-dassainissement-de-lair\/","name":"Syst\u00e8me d'assainissement de l'air | Enercon","isPartOf":{"@id":"https:\/\/enercon.it\/#website"},"primaryImageOfPage":{"@id":"https:\/\/enercon.it\/fr\/systeme-dassainissement-de-lair\/#primaryimage"},"image":{"@id":"https:\/\/enercon.it\/fr\/systeme-dassainissement-de-lair\/#primaryimage"},"thumbnailUrl":"https:\/\/enercon.it\/wp-content\/uploads\/sanibox-installato-2.jpg","datePublished":"2022-07-19T14:56:54+00:00","dateModified":"2022-12-22T10:22:40+00:00","description":"Enercon fabrique des dispositifs d'assainissement industriels. Elle g\u00e9n\u00e8re des r\u00e9actions d'oxydation en r\u00e9duisant les polluants pr\u00e9sents dans l'environnement. Cliquez ici.","breadcrumb":{"@id":"https:\/\/enercon.it\/fr\/systeme-dassainissement-de-lair\/#breadcrumb"},"inLanguage":"fr-FR","potentialAction":[{"@type":"ReadAction","target":["https:\/\/enercon.it\/fr\/systeme-dassainissement-de-lair\/"]}]},{"@type":"ImageObject","inLanguage":"fr-FR","@id":"https:\/\/enercon.it\/fr\/systeme-dassainissement-de-lair\/#primaryimage","url":"https:\/\/enercon.it\/wp-content\/uploads\/sanibox-installato-2.jpg","contentUrl":"https:\/\/enercon.it\/wp-content\/uploads\/sanibox-installato-2.jpg","width":900,"height":600},{"@type":"BreadcrumbList","@id":"https:\/\/enercon.it\/fr\/systeme-dassainissement-de-lair\/#breadcrumb","itemListElement":[{"@type":"ListItem","position":1,"name":"Home","item":"https:\/\/enercon.it\/fr\/"},{"@type":"ListItem","position":2,"name":"Syst\u00e8me d&rsquo;assainissement de l&rsquo;air"}]},{"@type":"WebSite","@id":"https:\/\/enercon.it\/#website","url":"https:\/\/enercon.it\/","name":"Enercon","description":"Depurazione di inquinanti atmosferici","publisher":{"@id":"https:\/\/enercon.it\/#organization"},"potentialAction":[{"@type":"SearchAction","target":{"@type":"EntryPoint","urlTemplate":"https:\/\/enercon.it\/?s={search_term_string}"},"query-input":{"@type":"PropertyValueSpecification","valueRequired":true,"valueName":"search_term_string"}}],"inLanguage":"fr-FR"},{"@type":"Organization","@id":"https:\/\/enercon.it\/#organization","name":"Enercon S.r.l.","url":"https:\/\/enercon.it\/","logo":{"@type":"ImageObject","inLanguage":"fr-FR","@id":"https:\/\/enercon.it\/#\/schema\/logo\/image\/","url":"https:\/\/enercon.it\/wp-content\/uploads\/2022\/05\/logo-enercon.png","contentUrl":"https:\/\/enercon.it\/wp-content\/uploads\/2022\/05\/logo-enercon.png","width":270,"height":110,"caption":"Enercon S.r.l."},"image":{"@id":"https:\/\/enercon.it\/#\/schema\/logo\/image\/"}}]}},"_links":{"self":[{"href":"https:\/\/enercon.it\/fr\/wp-json\/wp\/v2\/pages\/9821"}],"collection":[{"href":"https:\/\/enercon.it\/fr\/wp-json\/wp\/v2\/pages"}],"about":[{"href":"https:\/\/enercon.it\/fr\/wp-json\/wp\/v2\/types\/page"}],"author":[{"embeddable":true,"href":"https:\/\/enercon.it\/fr\/wp-json\/wp\/v2\/users\/1"}],"replies":[{"embeddable":true,"href":"https:\/\/enercon.it\/fr\/wp-json\/wp\/v2\/comments?post=9821"}],"version-history":[{"count":7,"href":"https:\/\/enercon.it\/fr\/wp-json\/wp\/v2\/pages\/9821\/revisions"}],"predecessor-version":[{"id":10282,"href":"https:\/\/enercon.it\/fr\/wp-json\/wp\/v2\/pages\/9821\/revisions\/10282"}],"wp:featuredmedia":[{"embeddable":true,"href":"https:\/\/enercon.it\/fr\/wp-json\/wp\/v2\/media\/8659"}],"wp:attachment":[{"href":"https:\/\/enercon.it\/fr\/wp-json\/wp\/v2\/media?parent=9821"}],"curies":[{"name":"wp","href":"https:\/\/api.w.org\/{rel}","templated":true}]}}