{"id":9818,"date":"2022-07-19T13:41:03","date_gmt":"2022-07-19T13:41:03","guid":{"rendered":"https:\/\/enercon.it\/recuperation-et-economie-denergie-incinerateurs\/"},"modified":"2022-11-30T14:49:15","modified_gmt":"2022-11-30T14:49:15","slug":"recuperation-et-economie-denergie-incinerateurs","status":"publish","type":"page","link":"https:\/\/enercon.it\/fr\/recuperation-et-economie-denergie-incinerateurs\/","title":{"rendered":"R\u00e9cup\u00e9ration et \u00e9conomie d&rsquo;\u00e9nergie &#8211; Incin\u00e9rateurs"},"content":{"rendered":"<p>[vc_row full_width=\u00a0\u00bbstretch_row\u00a0\u00bb pix_padding_top=\u00a0\u00bbpadding No\u00a0\u00bb pix_padding_bottom=\u00a0\u00bbpadding No\u00a0\u00bb gradient_colors=\u00a0\u00bb%5B%7B%7D%5D\u00a0\u00bb css=\u00a0\u00bb.vc_custom_1658388227600{padding-top: 150px !important;padding-bottom: 150px !important;background-image: url(https:\/\/enercon.it\/wp-content\/uploads\/impiant-recupero-energetico-background.jpg?id=6199) !important;background-position: center !important;background-repeat: no-repeat !important;background-size: cover !important;}\u00a0\u00bb][vc_column][common_title title=\u00a0\u00bbR\u00e9cup\u00e9ration et \u00e9conomie d&rsquo;\u00e9nergie &#8211; Incin\u00e9rateurs\u00a0\u00bb color=\u00a0\u00bbwhite-heading\u00a0\u00bb][\/common_title][\/vc_column][\/vc_row][vc_row pix_padding_top=\u00a0\u00bbpadding No\u00a0\u00bb pix_padding_bottom=\u00a0\u00bbpadding No\u00a0\u00bb radius=\u00a0\u00bbpix-rounded\u00a0\u00bb overflow=\u00a0\u00bbon\u00a0\u00bb top_offset=\u00a0\u00bb-100px\u00a0\u00bb gradient_colors=\u00a0\u00bb%5B%7B%7D%5D\u00a0\u00bb shadow=\u00a0\u00bbpix-shadow\u00a0\u00bb shadow_values=\u00a0\u00bb%5B%7B%22horizontal%22%3A%220%22%2C%22vertical%22%3A%222%22%2C%22blur%22%3A%2210%22%2C%22spread%22%3A%225px%22%2C%22color%22%3A%22%23000000%22%2C%22opacity%22%3A%2210%22%7D%5D\u00a0\u00bb][vc_column pix_padding_top=\u00a0\u00bbpadding S\u00a0\u00bb pix_padding_bottom=\u00a0\u00bbpadding S\u00a0\u00bb gradient_colors=\u00a0\u00bb%5B%7B%7D%5D\u00a0\u00bb css=\u00a0\u00bb.vc_custom_1652800232515{background-color: #ffffff !important;}\u00a0\u00bb][vc_row_inner content_placement=\u00a0\u00bbmiddle\u00a0\u00bb gap=\u00a0\u00bb35&Prime; gradient_colors=\u00a0\u00bb%5B%7B%7D%5D\u00a0\u00bb el_class=\u00a0\u00bbswap-on-mobile\u00a0\u00bb][vc_column_inner width=\u00a0\u00bb1\/2&Prime; css=\u00a0\u00bb.vc_custom_1668672079939{padding-top: 30px !important;}\u00a0\u00bb][vc_single_image image=\u00a0\u00bb6192&Prime; img_size=\u00a0\u00bbfull\u00a0\u00bb][\/vc_column_inner][vc_column_inner width=\u00a0\u00bb1\/2&Prime;][vc_column_text]Les gaz \u00e0 purifier contiennent souvent de grosses quantit\u00e9s d&rsquo;\u00e9nergie (g\u00e9n\u00e9ralement thermique) qui peuvent \u00eatre exploit\u00e9es avec des installations ad\u00e9quates. Enercon a con\u00e7u et d\u00e9velopp\u00e9 des <strong>\u00e9changeurs de chaleur fum\u00e9e-air et fum\u00e9e-eau<\/strong> pour r\u00e9cup\u00e9rer l&rsquo;\u00e9nergie qui serait sinon perdue. L\u2019installation d&rsquo;un <strong>r\u00e9cup\u00e9rateur de chaleur<\/strong> dans les syst\u00e8mes de filtration (neufs ou existants) est une solution extr\u00eamement <strong>rentable et durable.<\/strong>[\/vc_column_text][\/vc_column_inner][\/vc_row_inner][\/vc_column][\/vc_row][vc_row gap=\u00a0\u00bb35&Prime; gradient_colors=\u00a0\u00bb%5B%7B%7D%5D\u00a0\u00bb][vc_column width=\u00a0\u00bb1\/2&Prime; gradient_colors=\u00a0\u00bb%5B%7B%7D%5D\u00a0\u00bb css=\u00a0\u00bb.vc_custom_1668672388676{padding-top: 30px !important;}\u00a0\u00bb][common_title title=\u00a0\u00bbLes applications de r\u00e9cup\u00e9ration et d&rsquo;\u00e9conomie d&rsquo;\u00e9nergie\u00a0\u00bb position=\u00a0\u00bbtext-left\u00a0\u00bb][\/common_title][common_icon_box icon_type=\u00a0\u00bbfont\u00a0\u00bb icon_pixfontawesome=\u00a0\u00bbfa fa-check\u00a0\u00bb icon_size=\u00a0\u00bbpix-icon-s\u00a0\u00bb title=\u00a0\u00bbRefroidisseurs de fum\u00e9es\u00a0\u00bb css=\u00a0\u00bb.vc_custom_1658241029165{padding-bottom: 10px !important;}\u00a0\u00bb][\/common_icon_box][common_icon_box icon_type=\u00a0\u00bbfont\u00a0\u00bb icon_pixfontawesome=\u00a0\u00bbfa fa-check\u00a0\u00bb icon_size=\u00a0\u00bbpix-icon-s\u00a0\u00bb title=\u00a0\u00bbR\u00e9cup\u00e9rateurs de chaleur des fum\u00e9es, de l\u2019eau et de la vapeur\u00a0\u00bb css=\u00a0\u00bb.vc_custom_1658241040308{padding-bottom: 10px !important;}\u00a0\u00bb][\/common_icon_box][common_icon_box icon_type=\u00a0\u00bbfont\u00a0\u00bb icon_pixfontawesome=\u00a0\u00bbfa fa-check\u00a0\u00bb icon_size=\u00a0\u00bbpix-icon-s\u00a0\u00bb title=\u00a0\u00bbIncin\u00e9rateurs avec une capacit\u00e9 de destruction allant jusqu&rsquo;\u00e0 500 kg\/h\u00a0\u00bb css=\u00a0\u00bb.vc_custom_1659626936680{padding-bottom: 10px !important;}\u00a0\u00bb][\/common_icon_box][\/vc_column][vc_column width=\u00a0\u00bb1\/2&Prime; gradient_colors=\u00a0\u00bb%5B%7B%7D%5D\u00a0\u00bb css=\u00a0\u00bb.vc_custom_1668672394626{padding-top: 30px !important;}\u00a0\u00bb][common_title title=\u00a0\u00bbComment fonctionne un \u00e9changeur de chaleur ?\u00a0\u00bb position=\u00a0\u00bbtext-left\u00a0\u00bb][\/common_title][vc_column_text]Les syst\u00e8mes d&rsquo;\u00e9change de chaleur sont capables de <strong>r\u00e9cup\u00e9rer la chaleur,<\/strong> sinon gaspill\u00e9e, pour fournir de l&rsquo;eau et\/ou de l&rsquo;air chaud aux diff\u00e9rents d\u00e9partements de production, bureaux ou processus selon les besoins du client, ce qui permet de <strong>r\u00e9duire la consommation et d&rsquo;amortir les investissements<\/strong> tr\u00e8s rapidement. Si l\u2019\u00e9nergie \u00e0 r\u00e9cup\u00e9rer devait \u00eatre sup\u00e9rieure \u00e0 des seuils d\u00e9termin\u00e9s pour couvrir les investissements, Enercon est \u00e9galement en mesure d\u2019installer une <strong>unit\u00e9 pour la production de l\u2019\u00e9nergie \u00e9lectrique<\/strong>.[\/vc_column_text][common_button text=\u00a0\u00bbT\u00e9l\u00e9charger la fiche technique\u00a0\u00bb link=\u00a0\u00bburl:https%3A%2F%2Fenercon.it%2Fwp-content%2Fuploads%2Fdownload%2Ffr%2Fscheda-recupero-energetico-fr.pdf|target:_blank\u00a0\u00bb size_v=\u00a0\u00bbpix-v-l\u00a0\u00bb css=\u00a0\u00bb.vc_custom_1658387272626{margin-bottom: 10px !important;padding-top: 70px !important;}\u00a0\u00bb][\/vc_column][\/vc_row][vc_row full_width=\u00a0\u00bbstretch_row\u00a0\u00bb content_placement=\u00a0\u00bbmiddle\u00a0\u00bb pix_padding_top=\u00a0\u00bbpadding S\u00a0\u00bb pix_padding_bottom=\u00a0\u00bbpadding S\u00a0\u00bb gradient_colors=\u00a0\u00bb%5B%7B%7D%5D\u00a0\u00bb css=\u00a0\u00bb.vc_custom_1658387232839{background-color: #00507e !important;}\u00a0\u00bb el_class=\u00a0\u00bbtitolo-bianco negativo\u00a0\u00bb][vc_column][vc_row_inner content_placement=\u00a0\u00bbmiddle\u00a0\u00bb gradient_colors=\u00a0\u00bb%5B%7B%7D%5D\u00a0\u00bb][vc_column_inner width=\u00a0\u00bb1\/2&Prime;][common_title title=\u00a0\u00bbConstruction d&rsquo;incin\u00e9rateurs\u00a0\u00bb position=\u00a0\u00bbtext-left\u00a0\u00bb][\/common_title][vc_column_text]Depuis 1984, Enercon a install\u00e9 de petits incin\u00e9rateurs pour les d\u00e9chets industriels et hospitaliers en Italie, en Belgique, au Mexique et au Venezuela. Depuis l\u2019ann\u00e9e 2000, afin d&rsquo;\u00e9largir la gamme des produits \u00e0 offrir sur le march\u00e9, Enercon a rachet\u00e9 la marque et le savoir-faire ainsi que des brevets de la soci\u00e9t\u00e9 \u00ab IMEF \u00bb, l\u2019une des Soci\u00e9t\u00e9s leaders sur le march\u00e9, depuis plus de 30 ans, dans la fabrication de syst\u00e8mes d&rsquo;incin\u00e9ration. Cela a permis \u00e0 Enercon de d\u00e9velopper sa production et sa construction de syst\u00e8mes d&rsquo;incin\u00e9ration.[\/vc_column_text][common_button text=\u00a0\u00bbT\u00e9l\u00e9charger la fiche technique\u00a0\u00bb link=\u00a0\u00bburl:https%3A%2F%2Fenercon.it%2Fwp-content%2Fuploads%2Fdownload%2Ffr%2Fscheda-enercon-imef-inceneritori-fr.pdf|target:_blank\u00a0\u00bb size_v=\u00a0\u00bbpix-v-l\u00a0\u00bb css=\u00a0\u00bb.vc_custom_1658387296882{margin-bottom: 10px !important;padding-top: 70px !important;}\u00a0\u00bb][\/vc_column_inner][vc_column_inner width=\u00a0\u00bb1\/2&Prime;][vc_single_image image=\u00a0\u00bb6195&Prime; img_size=\u00a0\u00bb400&#215;600&Prime; alignment=\u00a0\u00bbcenter\u00a0\u00bb][\/vc_column_inner][\/vc_row_inner][\/vc_column][\/vc_row][vc_row full_width=\u00a0\u00bbstretch_row\u00a0\u00bb gap=\u00a0\u00bb5&Prime; content_placement=\u00a0\u00bbmiddle\u00a0\u00bb pix_padding_bottom=\u00a0\u00bbpadding No\u00a0\u00bb gradient_colors=\u00a0\u00bb%5B%7B%7D%5D\u00a0\u00bb][vc_column gradient_colors=\u00a0\u00bb%5B%7B%7D%5D\u00a0\u00bb offset=\u00a0\u00bbvc_hidden-xs\u00a0\u00bb][common_title title=\u00a0\u00bbParcourir la galerie\u00a0\u00bb][\/common_title][vc_media_grid style=\u00a0\u00bbpagination\u00a0\u00bb items_per_page=\u00a0\u00bb4&Prime; element_width=\u00a0\u00bb3&Prime; gap=\u00a0\u00bb10&Prime; arrows_design=\u00a0\u00bbvc_arrow-icon-arrow_01_left\u00a0\u00bb arrows_position=\u00a0\u00bboutside\u00a0\u00bb arrows_color=\u00a0\u00bbblack\u00a0\u00bb loop=\u00a0\u00bbyes\u00a0\u00bb grid_id=\u00a0\u00bbvc_gid:1668672085148-33056456-a5a4-1&Prime; include=\u00a0\u00bb6192,6193,6194,6195,6196,6197,6349,6350&Prime;][\/vc_column][\/vc_row][vc_row full_width=\u00a0\u00bbstretch_row\u00a0\u00bb gap=\u00a0\u00bb5&Prime; content_placement=\u00a0\u00bbmiddle\u00a0\u00bb pix_padding_bottom=\u00a0\u00bbpadding No\u00a0\u00bb gradient_colors=\u00a0\u00bb%5B%7B%7D%5D\u00a0\u00bb][vc_column gradient_colors=\u00a0\u00bb%5B%7B%7D%5D\u00a0\u00bb offset=\u00a0\u00bbvc_hidden-lg vc_hidden-md vc_hidden-sm\u00a0\u00bb][common_title title=\u00a0\u00bbParcourir la galerie\u00a0\u00bb][\/common_title][vc_media_grid style=\u00a0\u00bbpagination\u00a0\u00bb items_per_page=\u00a0\u00bb1&Prime; element_width=\u00a0\u00bb12&Prime; gap=\u00a0\u00bb10&Prime; arrows_design=\u00a0\u00bbvc_arrow-icon-arrow_01_left\u00a0\u00bb arrows_position=\u00a0\u00bboutside\u00a0\u00bb arrows_color=\u00a0\u00bbblack\u00a0\u00bb loop=\u00a0\u00bbyes\u00a0\u00bb grid_id=\u00a0\u00bbvc_gid:1668672085152-bbe42a54-9699-2&Prime; include=\u00a0\u00bb6192,6193,6194,6195,6196,6197,6349,6350&Prime;][\/vc_column][\/vc_row][vc_row full_width=\u00a0\u00bbstretch_row\u00a0\u00bb pix_padding_top=\u00a0\u00bbpadding M\u00a0\u00bb pix_padding_bottom=\u00a0\u00bbpadding M\u00a0\u00bb gradient_colors=\u00a0\u00bb%5B%7B%7D%5D\u00a0\u00bb pix_padding=\u00a0\u00bbpix-padding-both\u00a0\u00bb pix_padding_size=\u00a0\u00bbpix-padding-xl\u00a0\u00bb css=\u00a0\u00bb.vc_custom_1658389041868{background-color: #f7f7f7 !important;}\u00a0\u00bb][vc_column][common_title title=\u00a0\u00bbContactez-nous pour plus d&rsquo;informations\u00a0\u00bb padding=\u00a0\u00bboff\u00a0\u00bb][\/common_title][common_cform7 form_id=\u00a0\u00bb1768&Prime; box_gap=\u00a0\u00bb50&Prime;][\/vc_column][\/vc_row]<\/p>\n","protected":false},"excerpt":{"rendered":"<p>[vc_row full_width=\u00a0\u00bbstretch_row\u00a0\u00bb pix_padding_top=\u00a0\u00bbpadding No\u00a0\u00bb pix_padding_bottom=\u00a0\u00bbpadding No\u00a0\u00bb gradient_colors=\u00a0\u00bb%5B%7B%7D%5D\u00a0\u00bb css=\u00a0\u00bb.vc_custom_1658388227600{padding-top: 150px !important;padding-bottom: 150px !important;background-image: url(https:\/\/enercon.it\/wp-content\/uploads\/impiant-recupero-energetico-background.jpg?id=6199) !important;background-position: center !important;background-repeat: no-repeat !important;background-size: cover !important;}\u00a0\u00bb][vc_column][common_title title=\u00a0\u00bbR\u00e9cup\u00e9ration et \u00e9conomie d&rsquo;\u00e9nergie &#8211; Incin\u00e9rateurs\u00a0\u00bb color=\u00a0\u00bbwhite-heading\u00a0\u00bb][\/common_title][\/vc_column][\/vc_row][vc_row pix_padding_top=\u00a0\u00bbpadding No\u00a0\u00bb pix_padding_bottom=\u00a0\u00bbpadding No\u00a0\u00bb radius=\u00a0\u00bbpix-rounded\u00a0\u00bb overflow=\u00a0\u00bbon\u00a0\u00bb top_offset=\u00a0\u00bb-100px\u00a0\u00bb gradient_colors=\u00a0\u00bb%5B%7B%7D%5D\u00a0\u00bb shadow=\u00a0\u00bbpix-shadow\u00a0\u00bb shadow_values=\u00a0\u00bb%5B%7B%22horizontal%22%3A%220%22%2C%22vertical%22%3A%222%22%2C%22blur%22%3A%2210%22%2C%22spread%22%3A%225px%22%2C%22color%22%3A%22%23000000%22%2C%22opacity%22%3A%2210%22%7D%5D\u00a0\u00bb][vc_column pix_padding_top=\u00a0\u00bbpadding S\u00a0\u00bb pix_padding_bottom=\u00a0\u00bbpadding S\u00a0\u00bb gradient_colors=\u00a0\u00bb%5B%7B%7D%5D\u00a0\u00bb css=\u00a0\u00bb.vc_custom_1652800232515{background-color: #ffffff !important;}\u00a0\u00bb][vc_row_inner content_placement=\u00a0\u00bbmiddle\u00a0\u00bb gap=\u00a0\u00bb35&Prime; gradient_colors=\u00a0\u00bb%5B%7B%7D%5D\u00a0\u00bb el_class=\u00a0\u00bbswap-on-mobile\u00a0\u00bb][vc_column_inner width=\u00a0\u00bb1\/2&Prime; css=\u00a0\u00bb.vc_custom_1668672079939{padding-top: 30px !important;}\u00a0\u00bb][vc_single_image image=\u00a0\u00bb6192&Prime; img_size=\u00a0\u00bbfull\u00a0\u00bb][\/vc_column_inner][vc_column_inner [&hellip;]<\/p>\n","protected":false},"author":1,"featured_media":8594,"parent":0,"menu_order":0,"comment_status":"closed","ping_status":"closed","template":"page-home.php","meta":{"inline_featured_image":false,"footnotes":""},"class_list":["post-9818","page","type-page","status-publish","has-post-thumbnail","hentry"],"yoast_head":"<!-- This site is optimized with the Yoast SEO plugin v23.8 - https:\/\/yoast.com\/wordpress\/plugins\/seo\/ -->\n<title>Incin\u00e9rateurs et installations de r\u00e9cup\u00e9ration d&#039;\u00e9nergie | Enercon<\/title>\n<meta name=\"description\" content=\"Enercon con\u00e7oit des \u00e9changeurs de chaleur pour la r\u00e9cup\u00e9ration d&#039;\u00e9nergie. Elle installe des r\u00e9cup\u00e9rateurs de chaleur dans les usines de filtration. Pour plus d\u2019informations.\" \/>\n<meta name=\"robots\" content=\"index, follow, max-snippet:-1, max-image-preview:large, max-video-preview:-1\" \/>\n<link rel=\"canonical\" href=\"https:\/\/enercon.it\/fr\/recuperation-et-economie-denergie-incinerateurs\/\" \/>\n<meta property=\"og:locale\" content=\"fr_FR\" \/>\n<meta property=\"og:type\" content=\"article\" \/>\n<meta property=\"og:title\" content=\"Incin\u00e9rateurs et installations de r\u00e9cup\u00e9ration d&#039;\u00e9nergie | Enercon\" \/>\n<meta property=\"og:description\" content=\"Enercon con\u00e7oit des \u00e9changeurs de chaleur pour la r\u00e9cup\u00e9ration d&#039;\u00e9nergie. Elle installe des r\u00e9cup\u00e9rateurs de chaleur dans les usines de filtration. Pour plus d\u2019informations.\" \/>\n<meta property=\"og:url\" content=\"https:\/\/enercon.it\/fr\/recuperation-et-economie-denergie-incinerateurs\/\" \/>\n<meta property=\"og:site_name\" content=\"Enercon\" \/>\n<meta property=\"article:modified_time\" content=\"2022-11-30T14:49:15+00:00\" \/>\n<meta property=\"og:image\" content=\"https:\/\/enercon.it\/wp-content\/uploads\/impianti-recupero-energetico-Preriscaldo-aria-ambiente-Industrie-Pasotti-Italia.jpg\" \/>\n\t<meta property=\"og:image:width\" content=\"900\" \/>\n\t<meta property=\"og:image:height\" content=\"600\" \/>\n\t<meta property=\"og:image:type\" content=\"image\/jpeg\" \/>\n<meta name=\"twitter:card\" content=\"summary_large_image\" \/>\n<meta name=\"twitter:label1\" content=\"Dur\u00e9e de lecture estim\u00e9e\" \/>\n\t<meta name=\"twitter:data1\" content=\"5 minutes\" \/>\n<script type=\"application\/ld+json\" class=\"yoast-schema-graph\">{\"@context\":\"https:\/\/schema.org\",\"@graph\":[{\"@type\":\"WebPage\",\"@id\":\"https:\/\/enercon.it\/fr\/recuperation-et-economie-denergie-incinerateurs\/\",\"url\":\"https:\/\/enercon.it\/fr\/recuperation-et-economie-denergie-incinerateurs\/\",\"name\":\"Incin\u00e9rateurs et installations de r\u00e9cup\u00e9ration d'\u00e9nergie | Enercon\",\"isPartOf\":{\"@id\":\"https:\/\/enercon.it\/#website\"},\"primaryImageOfPage\":{\"@id\":\"https:\/\/enercon.it\/fr\/recuperation-et-economie-denergie-incinerateurs\/#primaryimage\"},\"image\":{\"@id\":\"https:\/\/enercon.it\/fr\/recuperation-et-economie-denergie-incinerateurs\/#primaryimage\"},\"thumbnailUrl\":\"https:\/\/enercon.it\/wp-content\/uploads\/impianti-recupero-energetico-Preriscaldo-aria-ambiente-Industrie-Pasotti-Italia.jpg\",\"datePublished\":\"2022-07-19T13:41:03+00:00\",\"dateModified\":\"2022-11-30T14:49:15+00:00\",\"description\":\"Enercon con\u00e7oit des \u00e9changeurs de chaleur pour la r\u00e9cup\u00e9ration d'\u00e9nergie. Elle installe des r\u00e9cup\u00e9rateurs de chaleur dans les usines de filtration. Pour plus d\u2019informations.\",\"breadcrumb\":{\"@id\":\"https:\/\/enercon.it\/fr\/recuperation-et-economie-denergie-incinerateurs\/#breadcrumb\"},\"inLanguage\":\"fr-FR\",\"potentialAction\":[{\"@type\":\"ReadAction\",\"target\":[\"https:\/\/enercon.it\/fr\/recuperation-et-economie-denergie-incinerateurs\/\"]}]},{\"@type\":\"ImageObject\",\"inLanguage\":\"fr-FR\",\"@id\":\"https:\/\/enercon.it\/fr\/recuperation-et-economie-denergie-incinerateurs\/#primaryimage\",\"url\":\"https:\/\/enercon.it\/wp-content\/uploads\/impianti-recupero-energetico-Preriscaldo-aria-ambiente-Industrie-Pasotti-Italia.jpg\",\"contentUrl\":\"https:\/\/enercon.it\/wp-content\/uploads\/impianti-recupero-energetico-Preriscaldo-aria-ambiente-Industrie-Pasotti-Italia.jpg\",\"width\":900,\"height\":600},{\"@type\":\"BreadcrumbList\",\"@id\":\"https:\/\/enercon.it\/fr\/recuperation-et-economie-denergie-incinerateurs\/#breadcrumb\",\"itemListElement\":[{\"@type\":\"ListItem\",\"position\":1,\"name\":\"Home\",\"item\":\"https:\/\/enercon.it\/fr\/\"},{\"@type\":\"ListItem\",\"position\":2,\"name\":\"R\u00e9cup\u00e9ration et \u00e9conomie d&rsquo;\u00e9nergie &#8211; Incin\u00e9rateurs\"}]},{\"@type\":\"WebSite\",\"@id\":\"https:\/\/enercon.it\/#website\",\"url\":\"https:\/\/enercon.it\/\",\"name\":\"Enercon\",\"description\":\"Depurazione di inquinanti atmosferici\",\"publisher\":{\"@id\":\"https:\/\/enercon.it\/#organization\"},\"potentialAction\":[{\"@type\":\"SearchAction\",\"target\":{\"@type\":\"EntryPoint\",\"urlTemplate\":\"https:\/\/enercon.it\/?s={search_term_string}\"},\"query-input\":{\"@type\":\"PropertyValueSpecification\",\"valueRequired\":true,\"valueName\":\"search_term_string\"}}],\"inLanguage\":\"fr-FR\"},{\"@type\":\"Organization\",\"@id\":\"https:\/\/enercon.it\/#organization\",\"name\":\"Enercon S.r.l.\",\"url\":\"https:\/\/enercon.it\/\",\"logo\":{\"@type\":\"ImageObject\",\"inLanguage\":\"fr-FR\",\"@id\":\"https:\/\/enercon.it\/#\/schema\/logo\/image\/\",\"url\":\"https:\/\/enercon.it\/wp-content\/uploads\/2022\/05\/logo-enercon.png\",\"contentUrl\":\"https:\/\/enercon.it\/wp-content\/uploads\/2022\/05\/logo-enercon.png\",\"width\":270,\"height\":110,\"caption\":\"Enercon S.r.l.\"},\"image\":{\"@id\":\"https:\/\/enercon.it\/#\/schema\/logo\/image\/\"}}]}<\/script>\n<!-- \/ Yoast SEO plugin. -->","yoast_head_json":{"title":"Incin\u00e9rateurs et installations de r\u00e9cup\u00e9ration d'\u00e9nergie | Enercon","description":"Enercon con\u00e7oit des \u00e9changeurs de chaleur pour la r\u00e9cup\u00e9ration d'\u00e9nergie. Elle installe des r\u00e9cup\u00e9rateurs de chaleur dans les usines de filtration. Pour plus d\u2019informations.","robots":{"index":"index","follow":"follow","max-snippet":"max-snippet:-1","max-image-preview":"max-image-preview:large","max-video-preview":"max-video-preview:-1"},"canonical":"https:\/\/enercon.it\/fr\/recuperation-et-economie-denergie-incinerateurs\/","og_locale":"fr_FR","og_type":"article","og_title":"Incin\u00e9rateurs et installations de r\u00e9cup\u00e9ration d'\u00e9nergie | Enercon","og_description":"Enercon con\u00e7oit des \u00e9changeurs de chaleur pour la r\u00e9cup\u00e9ration d'\u00e9nergie. Elle installe des r\u00e9cup\u00e9rateurs de chaleur dans les usines de filtration. Pour plus d\u2019informations.","og_url":"https:\/\/enercon.it\/fr\/recuperation-et-economie-denergie-incinerateurs\/","og_site_name":"Enercon","article_modified_time":"2022-11-30T14:49:15+00:00","og_image":[{"width":900,"height":600,"url":"https:\/\/enercon.it\/wp-content\/uploads\/impianti-recupero-energetico-Preriscaldo-aria-ambiente-Industrie-Pasotti-Italia.jpg","type":"image\/jpeg"}],"twitter_card":"summary_large_image","twitter_misc":{"Dur\u00e9e de lecture estim\u00e9e":"5 minutes"},"schema":{"@context":"https:\/\/schema.org","@graph":[{"@type":"WebPage","@id":"https:\/\/enercon.it\/fr\/recuperation-et-economie-denergie-incinerateurs\/","url":"https:\/\/enercon.it\/fr\/recuperation-et-economie-denergie-incinerateurs\/","name":"Incin\u00e9rateurs et installations de r\u00e9cup\u00e9ration d'\u00e9nergie | Enercon","isPartOf":{"@id":"https:\/\/enercon.it\/#website"},"primaryImageOfPage":{"@id":"https:\/\/enercon.it\/fr\/recuperation-et-economie-denergie-incinerateurs\/#primaryimage"},"image":{"@id":"https:\/\/enercon.it\/fr\/recuperation-et-economie-denergie-incinerateurs\/#primaryimage"},"thumbnailUrl":"https:\/\/enercon.it\/wp-content\/uploads\/impianti-recupero-energetico-Preriscaldo-aria-ambiente-Industrie-Pasotti-Italia.jpg","datePublished":"2022-07-19T13:41:03+00:00","dateModified":"2022-11-30T14:49:15+00:00","description":"Enercon con\u00e7oit des \u00e9changeurs de chaleur pour la r\u00e9cup\u00e9ration d'\u00e9nergie. Elle installe des r\u00e9cup\u00e9rateurs de chaleur dans les usines de filtration. Pour plus d\u2019informations.","breadcrumb":{"@id":"https:\/\/enercon.it\/fr\/recuperation-et-economie-denergie-incinerateurs\/#breadcrumb"},"inLanguage":"fr-FR","potentialAction":[{"@type":"ReadAction","target":["https:\/\/enercon.it\/fr\/recuperation-et-economie-denergie-incinerateurs\/"]}]},{"@type":"ImageObject","inLanguage":"fr-FR","@id":"https:\/\/enercon.it\/fr\/recuperation-et-economie-denergie-incinerateurs\/#primaryimage","url":"https:\/\/enercon.it\/wp-content\/uploads\/impianti-recupero-energetico-Preriscaldo-aria-ambiente-Industrie-Pasotti-Italia.jpg","contentUrl":"https:\/\/enercon.it\/wp-content\/uploads\/impianti-recupero-energetico-Preriscaldo-aria-ambiente-Industrie-Pasotti-Italia.jpg","width":900,"height":600},{"@type":"BreadcrumbList","@id":"https:\/\/enercon.it\/fr\/recuperation-et-economie-denergie-incinerateurs\/#breadcrumb","itemListElement":[{"@type":"ListItem","position":1,"name":"Home","item":"https:\/\/enercon.it\/fr\/"},{"@type":"ListItem","position":2,"name":"R\u00e9cup\u00e9ration et \u00e9conomie d&rsquo;\u00e9nergie &#8211; Incin\u00e9rateurs"}]},{"@type":"WebSite","@id":"https:\/\/enercon.it\/#website","url":"https:\/\/enercon.it\/","name":"Enercon","description":"Depurazione di inquinanti atmosferici","publisher":{"@id":"https:\/\/enercon.it\/#organization"},"potentialAction":[{"@type":"SearchAction","target":{"@type":"EntryPoint","urlTemplate":"https:\/\/enercon.it\/?s={search_term_string}"},"query-input":{"@type":"PropertyValueSpecification","valueRequired":true,"valueName":"search_term_string"}}],"inLanguage":"fr-FR"},{"@type":"Organization","@id":"https:\/\/enercon.it\/#organization","name":"Enercon S.r.l.","url":"https:\/\/enercon.it\/","logo":{"@type":"ImageObject","inLanguage":"fr-FR","@id":"https:\/\/enercon.it\/#\/schema\/logo\/image\/","url":"https:\/\/enercon.it\/wp-content\/uploads\/2022\/05\/logo-enercon.png","contentUrl":"https:\/\/enercon.it\/wp-content\/uploads\/2022\/05\/logo-enercon.png","width":270,"height":110,"caption":"Enercon S.r.l."},"image":{"@id":"https:\/\/enercon.it\/#\/schema\/logo\/image\/"}}]}},"_links":{"self":[{"href":"https:\/\/enercon.it\/fr\/wp-json\/wp\/v2\/pages\/9818"}],"collection":[{"href":"https:\/\/enercon.it\/fr\/wp-json\/wp\/v2\/pages"}],"about":[{"href":"https:\/\/enercon.it\/fr\/wp-json\/wp\/v2\/types\/page"}],"author":[{"embeddable":true,"href":"https:\/\/enercon.it\/fr\/wp-json\/wp\/v2\/users\/1"}],"replies":[{"embeddable":true,"href":"https:\/\/enercon.it\/fr\/wp-json\/wp\/v2\/comments?post=9818"}],"version-history":[{"count":4,"href":"https:\/\/enercon.it\/fr\/wp-json\/wp\/v2\/pages\/9818\/revisions"}],"predecessor-version":[{"id":10114,"href":"https:\/\/enercon.it\/fr\/wp-json\/wp\/v2\/pages\/9818\/revisions\/10114"}],"wp:featuredmedia":[{"embeddable":true,"href":"https:\/\/enercon.it\/fr\/wp-json\/wp\/v2\/media\/8594"}],"wp:attachment":[{"href":"https:\/\/enercon.it\/fr\/wp-json\/wp\/v2\/media?parent=9818"}],"curies":[{"name":"wp","href":"https:\/\/api.w.org\/{rel}","templated":true}]}}