{"id":9815,"date":"2022-07-19T12:31:59","date_gmt":"2022-07-19T12:31:59","guid":{"rendered":"https:\/\/enercon.it\/installations-hydrauliques-industrielles\/"},"modified":"2023-01-10T13:44:15","modified_gmt":"2023-01-10T13:44:15","slug":"installations-hydrauliques-industrielles","status":"publish","type":"page","link":"https:\/\/enercon.it\/fr\/installations-hydrauliques-industrielles\/","title":{"rendered":"Installations hydrauliques industrielles"},"content":{"rendered":"<p>[vc_row full_width=\u00a0\u00bbstretch_row\u00a0\u00bb pix_padding_top=\u00a0\u00bbpadding No\u00a0\u00bb pix_padding_bottom=\u00a0\u00bbpadding No\u00a0\u00bb gradient_colors=\u00a0\u00bb%5B%7B%7D%5D\u00a0\u00bb css=\u00a0\u00bb.vc_custom_1659946466527{padding-top: 150px !important;padding-bottom: 150px !important;background-image: url(https:\/\/enercon.it\/wp-content\/uploads\/Impianto-sala-pompe-distribuzione-acqu-di-raffreddamento-forno-FL-colata-continua-Gruppo-Feralpi-Romania-copia.jpg?id=6418) !important;background-position: center !important;background-repeat: no-repeat !important;background-size: cover !important;}\u00a0\u00bb][vc_column][common_title title=\u00a0\u00bbInstallations hydrauliques industrielles\u00a0\u00bb color=\u00a0\u00bbwhite-heading\u00a0\u00bb][\/common_title][\/vc_column][\/vc_row][vc_row pix_padding_top=\u00a0\u00bbpadding No\u00a0\u00bb pix_padding_bottom=\u00a0\u00bbpadding No\u00a0\u00bb radius=\u00a0\u00bbpix-rounded\u00a0\u00bb overflow=\u00a0\u00bbon\u00a0\u00bb top_offset=\u00a0\u00bb-100px\u00a0\u00bb gradient_colors=\u00a0\u00bb%5B%7B%7D%5D\u00a0\u00bb shadow=\u00a0\u00bbpix-shadow\u00a0\u00bb shadow_values=\u00a0\u00bb%5B%7B%22horizontal%22%3A%220%22%2C%22vertical%22%3A%222%22%2C%22blur%22%3A%2210%22%2C%22spread%22%3A%225px%22%2C%22color%22%3A%22%23000000%22%2C%22opacity%22%3A%2210%22%7D%5D\u00a0\u00bb][vc_column pix_padding_top=\u00a0\u00bbpadding S\u00a0\u00bb pix_padding_bottom=\u00a0\u00bbpadding S\u00a0\u00bb gradient_colors=\u00a0\u00bb%5B%7B%7D%5D\u00a0\u00bb css=\u00a0\u00bb.vc_custom_1652800232515{background-color: #ffffff !important;}\u00a0\u00bb][vc_row_inner content_placement=\u00a0\u00bbmiddle\u00a0\u00bb gap=\u00a0\u00bb35&Prime; gradient_colors=\u00a0\u00bb%5B%7B%7D%5D\u00a0\u00bb el_class=\u00a0\u00bbswap-on-mobile\u00a0\u00bb][vc_column_inner width=\u00a0\u00bb1\/2&Prime;][vc_single_image image=\u00a0\u00bb6182&Prime; img_size=\u00a0\u00bbfull\u00a0\u00bb][\/vc_column_inner][vc_column_inner width=\u00a0\u00bb1\/2&Prime;][vc_column_text]Garantir un service complet \u00e0 ses clients : tel est l\u2019esprit avec lequel Enercon a mis en place le service d\u2019<strong>installations hydrauliques industrielles<\/strong>, en garantissant l\u2019intervention rapide aussi bien pour r\u00e9aliser de nouvelles installations que pour la maintenance ordinaire et extraordinaire des installations existantes. Enercon con\u00e7oit et construit donc des installations dans les <strong>secteurs hydraulique, pneumatique et ol\u00e9ohydraulique<\/strong> avec des soudeurs agr\u00e9\u00e9s.[\/vc_column_text][\/vc_column_inner][\/vc_row_inner][\/vc_column][\/vc_row][vc_row gap=\u00a0\u00bb35&Prime; content_placement=\u00a0\u00bbmiddle\u00a0\u00bb gradient_colors=\u00a0\u00bb%5B%7B%7D%5D\u00a0\u00bb][vc_column width=\u00a0\u00bb1\/2&Prime;][common_title title=\u00a0\u00bbLes installations que nous r\u00e9alisons\u00a0\u00bb position=\u00a0\u00bbtext-left\u00a0\u00bb][\/common_title][common_icon_box icon_type=\u00a0\u00bbfont\u00a0\u00bb icon_pixfontawesome=\u00a0\u00bbfa fa-angle-right\u00a0\u00bb icon_size=\u00a0\u00bbpix-icon-s\u00a0\u00bb title=\u00a0\u00bbInstallations de refroidissement, de recirculation et de filtration de l&rsquo;eau primaire et de l&rsquo;eau de traitement\u00a0\u00bb css=\u00a0\u00bb.vc_custom_1658234320337{padding-bottom: 10px !important;}\u00a0\u00bb][\/common_icon_box][common_icon_box icon_type=\u00a0\u00bbfont\u00a0\u00bb icon_pixfontawesome=\u00a0\u00bbfa fa-angle-right\u00a0\u00bb icon_size=\u00a0\u00bbpix-icon-s\u00a0\u00bb title=\u00a0\u00bbSyst\u00e8mes d&rsquo;\u00e9puration des eaux us\u00e9es\u00a0\u00bb css=\u00a0\u00bb.vc_custom_1658234330537{padding-bottom: 10px !important;}\u00a0\u00bb][\/common_icon_box][common_icon_box icon_type=\u00a0\u00bbfont\u00a0\u00bb icon_pixfontawesome=\u00a0\u00bbfa fa-angle-right\u00a0\u00bb icon_size=\u00a0\u00bbpix-icon-s\u00a0\u00bb title=\u00a0\u00bbInstallations ol\u00e9ohydrauliques et de lubrification\u00a0\u00bb css=\u00a0\u00bb.vc_custom_1658234338608{padding-bottom: 10px !important;}\u00a0\u00bb][\/common_icon_box][common_icon_box icon_type=\u00a0\u00bbfont\u00a0\u00bb icon_pixfontawesome=\u00a0\u00bbfa fa-angle-right\u00a0\u00bb icon_size=\u00a0\u00bbpix-icon-s\u00a0\u00bb title=\u00a0\u00bbInstallations embarqu\u00e9es\u00a0\u00bb css=\u00a0\u00bb.vc_custom_1658234349867{padding-bottom: 10px !important;}\u00a0\u00bb][\/common_icon_box][common_icon_box icon_type=\u00a0\u00bbfont\u00a0\u00bb icon_pixfontawesome=\u00a0\u00bbfa fa-angle-right\u00a0\u00bb icon_size=\u00a0\u00bbpix-icon-s\u00a0\u00bb title=\u00a0\u00bbSyst\u00e8mes de distribution de gaz, d&rsquo;air comprim\u00e9 et de gaz et fluides techniques en g\u00e9n\u00e9ral\u00a0\u00bb css=\u00a0\u00bb.vc_custom_1658234359856{padding-bottom: 10px !important;}\u00a0\u00bb][\/common_icon_box][common_icon_box icon_type=\u00a0\u00bbfont\u00a0\u00bb icon_pixfontawesome=\u00a0\u00bbfa fa-angle-right\u00a0\u00bb icon_size=\u00a0\u00bbpix-icon-s\u00a0\u00bb title=\u00a0\u00bbR\u00e9novation d&rsquo;installations existantes\u00a0\u00bb css=\u00a0\u00bb.vc_custom_1658234371440{padding-bottom: 10px !important;}\u00a0\u00bb][\/common_icon_box][common_icon_box icon_type=\u00a0\u00bbfont\u00a0\u00bb icon_pixfontawesome=\u00a0\u00bbfa fa-angle-right\u00a0\u00bb icon_size=\u00a0\u00bbpix-icon-s\u00a0\u00bb title=\u00a0\u00bbTuyauterie et syst\u00e8mes de tuyauterie industrielle\u00a0\u00bb css=\u00a0\u00bb.vc_custom_1658234381047{padding-bottom: 10px !important;}\u00a0\u00bb][\/common_icon_box][\/vc_column][vc_column width=\u00a0\u00bb1\/2&Prime; gradient_colors=\u00a0\u00bb%5B%7B%7D%5D\u00a0\u00bb css=\u00a0\u00bb.vc_custom_1668615821268{padding-top: 30px !important;}\u00a0\u00bb][common_title title=\u00a0\u00bbT\u00e9l\u00e9charger la fiche technique\u00a0\u00bb][\/common_title][common_button text=\u00a0\u00bbInstallations hydrauliques industrielles\u00a0\u00bb link=\u00a0\u00bburl:https%3A%2F%2Fenercon.it%2Fwp-content%2Fuploads%2Fdownload%2FEnercon_Depliant_Idraulica-%2520ENG.pdf|target:_blank\u00a0\u00bb size_v=\u00a0\u00bbpix-v-l\u00a0\u00bb position=\u00a0\u00bbpix-text-center\u00a0\u00bb css=\u00a0\u00bb.vc_custom_1673358251738{margin-top: 10px !important;margin-bottom: 10px !important;}\u00a0\u00bb][\/vc_column][\/vc_row][vc_row full_width=\u00a0\u00bbstretch_row\u00a0\u00bb gap=\u00a0\u00bb5&Prime; content_placement=\u00a0\u00bbmiddle\u00a0\u00bb pix_padding_bottom=\u00a0\u00bbpadding No\u00a0\u00bb gradient_colors=\u00a0\u00bb%5B%7B%7D%5D\u00a0\u00bb][vc_column gradient_colors=\u00a0\u00bb%5B%7B%7D%5D\u00a0\u00bb offset=\u00a0\u00bbvc_hidden-xs\u00a0\u00bb][common_title title=\u00a0\u00bbParcourir la galerie\u00a0\u00bb][\/common_title][vc_media_grid style=\u00a0\u00bbpagination\u00a0\u00bb items_per_page=\u00a0\u00bb4&Prime; element_width=\u00a0\u00bb3&Prime; gap=\u00a0\u00bb10&Prime; arrows_design=\u00a0\u00bbvc_arrow-icon-arrow_01_left\u00a0\u00bb arrows_position=\u00a0\u00bboutside\u00a0\u00bb arrows_color=\u00a0\u00bbblack\u00a0\u00bb loop=\u00a0\u00bbyes\u00a0\u00bb grid_id=\u00a0\u00bbvc_gid:1673358244536-b178a264b9142839ab406091b0939170-8&Prime; include=\u00a0\u00bb6178,6179,6180,6181,6182,6183,6184,6185,6186,6187,6339,6340&Prime;][\/vc_column][\/vc_row][vc_row full_width=\u00a0\u00bbstretch_row\u00a0\u00bb gap=\u00a0\u00bb5&Prime; content_placement=\u00a0\u00bbmiddle\u00a0\u00bb pix_padding_bottom=\u00a0\u00bbpadding No\u00a0\u00bb gradient_colors=\u00a0\u00bb%5B%7B%7D%5D\u00a0\u00bb][vc_column gradient_colors=\u00a0\u00bb%5B%7B%7D%5D\u00a0\u00bb offset=\u00a0\u00bbvc_hidden-lg vc_hidden-md vc_hidden-sm\u00a0\u00bb][common_title title=\u00a0\u00bbParcourir la galerie\u00a0\u00bb][\/common_title][vc_media_grid style=\u00a0\u00bbpagination\u00a0\u00bb items_per_page=\u00a0\u00bb1&Prime; element_width=\u00a0\u00bb12&Prime; gap=\u00a0\u00bb10&Prime; arrows_design=\u00a0\u00bbvc_arrow-icon-arrow_01_left\u00a0\u00bb arrows_position=\u00a0\u00bboutside\u00a0\u00bb arrows_color=\u00a0\u00bbblack\u00a0\u00bb loop=\u00a0\u00bbyes\u00a0\u00bb grid_id=\u00a0\u00bbvc_gid:1673358244587-e4d2e310511e84596c0af45b9d0a1be5-3&Prime; include=\u00a0\u00bb6178,6179,6180,6181,6182,6183,6184,6185,6186,6187,6339,6340&Prime;][\/vc_column][\/vc_row][vc_row full_width=\u00a0\u00bbstretch_row\u00a0\u00bb pix_padding_top=\u00a0\u00bbpadding M\u00a0\u00bb pix_padding_bottom=\u00a0\u00bbpadding M\u00a0\u00bb gradient_colors=\u00a0\u00bb%5B%7B%7D%5D\u00a0\u00bb pix_padding=\u00a0\u00bbpix-padding-both\u00a0\u00bb pix_padding_size=\u00a0\u00bbpix-padding-xl\u00a0\u00bb css=\u00a0\u00bb.vc_custom_1658389159337{background-color: #f7f7f7 !important;}\u00a0\u00bb][vc_column][common_title title=\u00a0\u00bbContactez-nous pour plus d&rsquo;informations\u00a0\u00bb padding=\u00a0\u00bboff\u00a0\u00bb][\/common_title][common_cform7 form_id=\u00a0\u00bb1768&Prime; box_gap=\u00a0\u00bb50&Prime;][\/vc_column][\/vc_row]<\/p>\n","protected":false},"excerpt":{"rendered":"<p>[vc_row full_width=\u00a0\u00bbstretch_row\u00a0\u00bb pix_padding_top=\u00a0\u00bbpadding No\u00a0\u00bb pix_padding_bottom=\u00a0\u00bbpadding No\u00a0\u00bb gradient_colors=\u00a0\u00bb%5B%7B%7D%5D\u00a0\u00bb css=\u00a0\u00bb.vc_custom_1659946466527{padding-top: 150px !important;padding-bottom: 150px !important;background-image: url(https:\/\/enercon.it\/wp-content\/uploads\/Impianto-sala-pompe-distribuzione-acqu-di-raffreddamento-forno-FL-colata-continua-Gruppo-Feralpi-Romania-copia.jpg?id=6418) !important;background-position: center !important;background-repeat: no-repeat !important;background-size: cover !important;}\u00a0\u00bb][vc_column][common_title title=\u00a0\u00bbInstallations hydrauliques industrielles\u00a0\u00bb color=\u00a0\u00bbwhite-heading\u00a0\u00bb][\/common_title][\/vc_column][\/vc_row][vc_row pix_padding_top=\u00a0\u00bbpadding No\u00a0\u00bb pix_padding_bottom=\u00a0\u00bbpadding No\u00a0\u00bb radius=\u00a0\u00bbpix-rounded\u00a0\u00bb overflow=\u00a0\u00bbon\u00a0\u00bb top_offset=\u00a0\u00bb-100px\u00a0\u00bb gradient_colors=\u00a0\u00bb%5B%7B%7D%5D\u00a0\u00bb shadow=\u00a0\u00bbpix-shadow\u00a0\u00bb shadow_values=\u00a0\u00bb%5B%7B%22horizontal%22%3A%220%22%2C%22vertical%22%3A%222%22%2C%22blur%22%3A%2210%22%2C%22spread%22%3A%225px%22%2C%22color%22%3A%22%23000000%22%2C%22opacity%22%3A%2210%22%7D%5D\u00a0\u00bb][vc_column pix_padding_top=\u00a0\u00bbpadding S\u00a0\u00bb pix_padding_bottom=\u00a0\u00bbpadding S\u00a0\u00bb gradient_colors=\u00a0\u00bb%5B%7B%7D%5D\u00a0\u00bb css=\u00a0\u00bb.vc_custom_1652800232515{background-color: #ffffff !important;}\u00a0\u00bb][vc_row_inner content_placement=\u00a0\u00bbmiddle\u00a0\u00bb gap=\u00a0\u00bb35&Prime; gradient_colors=\u00a0\u00bb%5B%7B%7D%5D\u00a0\u00bb el_class=\u00a0\u00bbswap-on-mobile\u00a0\u00bb][vc_column_inner width=\u00a0\u00bb1\/2&Prime;][vc_single_image image=\u00a0\u00bb6182&Prime; img_size=\u00a0\u00bbfull\u00a0\u00bb][\/vc_column_inner][vc_column_inner width=\u00a0\u00bb1\/2&Prime;][vc_column_text]Garantir un service complet \u00e0 ses [&hellip;]<\/p>\n","protected":false},"author":1,"featured_media":8564,"parent":0,"menu_order":0,"comment_status":"closed","ping_status":"closed","template":"page-home.php","meta":{"inline_featured_image":false,"footnotes":""},"class_list":["post-9815","page","type-page","status-publish","has-post-thumbnail","hentry"],"yoast_head":"<!-- This site is optimized with the Yoast SEO plugin v23.8 - https:\/\/yoast.com\/wordpress\/plugins\/seo\/ -->\n<title>Installations hydrauliques industrielles | Enercon<\/title>\n<meta name=\"description\" content=\"Enercon offre des services d\u2019installation hydraulique industrielle. Maintenance ordinaire et extraordinaire des installations existantes. Pour en savoir plus.\" \/>\n<meta name=\"robots\" content=\"index, follow, max-snippet:-1, max-image-preview:large, max-video-preview:-1\" \/>\n<link rel=\"canonical\" href=\"https:\/\/enercon.it\/fr\/installations-hydrauliques-industrielles\/\" \/>\n<meta property=\"og:locale\" content=\"fr_FR\" \/>\n<meta property=\"og:type\" content=\"article\" \/>\n<meta property=\"og:title\" content=\"Installations hydrauliques industrielles | Enercon\" \/>\n<meta property=\"og:description\" content=\"Enercon offre des services d\u2019installation hydraulique industrielle. Maintenance ordinaire et extraordinaire des installations existantes. Pour en savoir plus.\" \/>\n<meta property=\"og:url\" content=\"https:\/\/enercon.it\/fr\/installations-hydrauliques-industrielles\/\" \/>\n<meta property=\"og:site_name\" content=\"Enercon\" \/>\n<meta property=\"article:modified_time\" content=\"2023-01-10T13:44:15+00:00\" \/>\n<meta property=\"og:image\" content=\"https:\/\/enercon.it\/wp-content\/uploads\/impiantistica-oleodinamica-idraulica-Impianto-raffreddamento-colata-alluminio-Rafinaria-Capra-Metalli-Italia.jpg\" \/>\n\t<meta property=\"og:image:width\" content=\"900\" \/>\n\t<meta property=\"og:image:height\" content=\"600\" \/>\n\t<meta property=\"og:image:type\" content=\"image\/jpeg\" \/>\n<meta name=\"twitter:card\" content=\"summary_large_image\" \/>\n<meta name=\"twitter:label1\" content=\"Dur\u00e9e de lecture estim\u00e9e\" \/>\n\t<meta name=\"twitter:data1\" content=\"4 minutes\" \/>\n<script type=\"application\/ld+json\" class=\"yoast-schema-graph\">{\"@context\":\"https:\/\/schema.org\",\"@graph\":[{\"@type\":\"WebPage\",\"@id\":\"https:\/\/enercon.it\/fr\/installations-hydrauliques-industrielles\/\",\"url\":\"https:\/\/enercon.it\/fr\/installations-hydrauliques-industrielles\/\",\"name\":\"Installations hydrauliques industrielles | Enercon\",\"isPartOf\":{\"@id\":\"https:\/\/enercon.it\/#website\"},\"primaryImageOfPage\":{\"@id\":\"https:\/\/enercon.it\/fr\/installations-hydrauliques-industrielles\/#primaryimage\"},\"image\":{\"@id\":\"https:\/\/enercon.it\/fr\/installations-hydrauliques-industrielles\/#primaryimage\"},\"thumbnailUrl\":\"https:\/\/enercon.it\/wp-content\/uploads\/impiantistica-oleodinamica-idraulica-Impianto-raffreddamento-colata-alluminio-Rafinaria-Capra-Metalli-Italia.jpg\",\"datePublished\":\"2022-07-19T12:31:59+00:00\",\"dateModified\":\"2023-01-10T13:44:15+00:00\",\"description\":\"Enercon offre des services d\u2019installation hydraulique industrielle. Maintenance ordinaire et extraordinaire des installations existantes. Pour en savoir plus.\",\"breadcrumb\":{\"@id\":\"https:\/\/enercon.it\/fr\/installations-hydrauliques-industrielles\/#breadcrumb\"},\"inLanguage\":\"fr-FR\",\"potentialAction\":[{\"@type\":\"ReadAction\",\"target\":[\"https:\/\/enercon.it\/fr\/installations-hydrauliques-industrielles\/\"]}]},{\"@type\":\"ImageObject\",\"inLanguage\":\"fr-FR\",\"@id\":\"https:\/\/enercon.it\/fr\/installations-hydrauliques-industrielles\/#primaryimage\",\"url\":\"https:\/\/enercon.it\/wp-content\/uploads\/impiantistica-oleodinamica-idraulica-Impianto-raffreddamento-colata-alluminio-Rafinaria-Capra-Metalli-Italia.jpg\",\"contentUrl\":\"https:\/\/enercon.it\/wp-content\/uploads\/impiantistica-oleodinamica-idraulica-Impianto-raffreddamento-colata-alluminio-Rafinaria-Capra-Metalli-Italia.jpg\",\"width\":900,\"height\":600},{\"@type\":\"BreadcrumbList\",\"@id\":\"https:\/\/enercon.it\/fr\/installations-hydrauliques-industrielles\/#breadcrumb\",\"itemListElement\":[{\"@type\":\"ListItem\",\"position\":1,\"name\":\"Home\",\"item\":\"https:\/\/enercon.it\/fr\/\"},{\"@type\":\"ListItem\",\"position\":2,\"name\":\"Installations hydrauliques industrielles\"}]},{\"@type\":\"WebSite\",\"@id\":\"https:\/\/enercon.it\/#website\",\"url\":\"https:\/\/enercon.it\/\",\"name\":\"Enercon\",\"description\":\"Depurazione di inquinanti atmosferici\",\"publisher\":{\"@id\":\"https:\/\/enercon.it\/#organization\"},\"potentialAction\":[{\"@type\":\"SearchAction\",\"target\":{\"@type\":\"EntryPoint\",\"urlTemplate\":\"https:\/\/enercon.it\/?s={search_term_string}\"},\"query-input\":{\"@type\":\"PropertyValueSpecification\",\"valueRequired\":true,\"valueName\":\"search_term_string\"}}],\"inLanguage\":\"fr-FR\"},{\"@type\":\"Organization\",\"@id\":\"https:\/\/enercon.it\/#organization\",\"name\":\"Enercon S.r.l.\",\"url\":\"https:\/\/enercon.it\/\",\"logo\":{\"@type\":\"ImageObject\",\"inLanguage\":\"fr-FR\",\"@id\":\"https:\/\/enercon.it\/#\/schema\/logo\/image\/\",\"url\":\"https:\/\/enercon.it\/wp-content\/uploads\/2022\/05\/logo-enercon.png\",\"contentUrl\":\"https:\/\/enercon.it\/wp-content\/uploads\/2022\/05\/logo-enercon.png\",\"width\":270,\"height\":110,\"caption\":\"Enercon S.r.l.\"},\"image\":{\"@id\":\"https:\/\/enercon.it\/#\/schema\/logo\/image\/\"}}]}<\/script>\n<!-- \/ Yoast SEO plugin. -->","yoast_head_json":{"title":"Installations hydrauliques industrielles | Enercon","description":"Enercon offre des services d\u2019installation hydraulique industrielle. Maintenance ordinaire et extraordinaire des installations existantes. Pour en savoir plus.","robots":{"index":"index","follow":"follow","max-snippet":"max-snippet:-1","max-image-preview":"max-image-preview:large","max-video-preview":"max-video-preview:-1"},"canonical":"https:\/\/enercon.it\/fr\/installations-hydrauliques-industrielles\/","og_locale":"fr_FR","og_type":"article","og_title":"Installations hydrauliques industrielles | Enercon","og_description":"Enercon offre des services d\u2019installation hydraulique industrielle. Maintenance ordinaire et extraordinaire des installations existantes. Pour en savoir plus.","og_url":"https:\/\/enercon.it\/fr\/installations-hydrauliques-industrielles\/","og_site_name":"Enercon","article_modified_time":"2023-01-10T13:44:15+00:00","og_image":[{"width":900,"height":600,"url":"https:\/\/enercon.it\/wp-content\/uploads\/impiantistica-oleodinamica-idraulica-Impianto-raffreddamento-colata-alluminio-Rafinaria-Capra-Metalli-Italia.jpg","type":"image\/jpeg"}],"twitter_card":"summary_large_image","twitter_misc":{"Dur\u00e9e de lecture estim\u00e9e":"4 minutes"},"schema":{"@context":"https:\/\/schema.org","@graph":[{"@type":"WebPage","@id":"https:\/\/enercon.it\/fr\/installations-hydrauliques-industrielles\/","url":"https:\/\/enercon.it\/fr\/installations-hydrauliques-industrielles\/","name":"Installations hydrauliques industrielles | Enercon","isPartOf":{"@id":"https:\/\/enercon.it\/#website"},"primaryImageOfPage":{"@id":"https:\/\/enercon.it\/fr\/installations-hydrauliques-industrielles\/#primaryimage"},"image":{"@id":"https:\/\/enercon.it\/fr\/installations-hydrauliques-industrielles\/#primaryimage"},"thumbnailUrl":"https:\/\/enercon.it\/wp-content\/uploads\/impiantistica-oleodinamica-idraulica-Impianto-raffreddamento-colata-alluminio-Rafinaria-Capra-Metalli-Italia.jpg","datePublished":"2022-07-19T12:31:59+00:00","dateModified":"2023-01-10T13:44:15+00:00","description":"Enercon offre des services d\u2019installation hydraulique industrielle. Maintenance ordinaire et extraordinaire des installations existantes. Pour en savoir plus.","breadcrumb":{"@id":"https:\/\/enercon.it\/fr\/installations-hydrauliques-industrielles\/#breadcrumb"},"inLanguage":"fr-FR","potentialAction":[{"@type":"ReadAction","target":["https:\/\/enercon.it\/fr\/installations-hydrauliques-industrielles\/"]}]},{"@type":"ImageObject","inLanguage":"fr-FR","@id":"https:\/\/enercon.it\/fr\/installations-hydrauliques-industrielles\/#primaryimage","url":"https:\/\/enercon.it\/wp-content\/uploads\/impiantistica-oleodinamica-idraulica-Impianto-raffreddamento-colata-alluminio-Rafinaria-Capra-Metalli-Italia.jpg","contentUrl":"https:\/\/enercon.it\/wp-content\/uploads\/impiantistica-oleodinamica-idraulica-Impianto-raffreddamento-colata-alluminio-Rafinaria-Capra-Metalli-Italia.jpg","width":900,"height":600},{"@type":"BreadcrumbList","@id":"https:\/\/enercon.it\/fr\/installations-hydrauliques-industrielles\/#breadcrumb","itemListElement":[{"@type":"ListItem","position":1,"name":"Home","item":"https:\/\/enercon.it\/fr\/"},{"@type":"ListItem","position":2,"name":"Installations hydrauliques industrielles"}]},{"@type":"WebSite","@id":"https:\/\/enercon.it\/#website","url":"https:\/\/enercon.it\/","name":"Enercon","description":"Depurazione di inquinanti atmosferici","publisher":{"@id":"https:\/\/enercon.it\/#organization"},"potentialAction":[{"@type":"SearchAction","target":{"@type":"EntryPoint","urlTemplate":"https:\/\/enercon.it\/?s={search_term_string}"},"query-input":{"@type":"PropertyValueSpecification","valueRequired":true,"valueName":"search_term_string"}}],"inLanguage":"fr-FR"},{"@type":"Organization","@id":"https:\/\/enercon.it\/#organization","name":"Enercon S.r.l.","url":"https:\/\/enercon.it\/","logo":{"@type":"ImageObject","inLanguage":"fr-FR","@id":"https:\/\/enercon.it\/#\/schema\/logo\/image\/","url":"https:\/\/enercon.it\/wp-content\/uploads\/2022\/05\/logo-enercon.png","contentUrl":"https:\/\/enercon.it\/wp-content\/uploads\/2022\/05\/logo-enercon.png","width":270,"height":110,"caption":"Enercon S.r.l."},"image":{"@id":"https:\/\/enercon.it\/#\/schema\/logo\/image\/"}}]}},"_links":{"self":[{"href":"https:\/\/enercon.it\/fr\/wp-json\/wp\/v2\/pages\/9815"}],"collection":[{"href":"https:\/\/enercon.it\/fr\/wp-json\/wp\/v2\/pages"}],"about":[{"href":"https:\/\/enercon.it\/fr\/wp-json\/wp\/v2\/types\/page"}],"author":[{"embeddable":true,"href":"https:\/\/enercon.it\/fr\/wp-json\/wp\/v2\/users\/1"}],"replies":[{"embeddable":true,"href":"https:\/\/enercon.it\/fr\/wp-json\/wp\/v2\/comments?post=9815"}],"version-history":[{"count":5,"href":"https:\/\/enercon.it\/fr\/wp-json\/wp\/v2\/pages\/9815\/revisions"}],"predecessor-version":[{"id":10313,"href":"https:\/\/enercon.it\/fr\/wp-json\/wp\/v2\/pages\/9815\/revisions\/10313"}],"wp:featuredmedia":[{"embeddable":true,"href":"https:\/\/enercon.it\/fr\/wp-json\/wp\/v2\/media\/8564"}],"wp:attachment":[{"href":"https:\/\/enercon.it\/fr\/wp-json\/wp\/v2\/media?parent=9815"}],"curies":[{"name":"wp","href":"https:\/\/api.w.org\/{rel}","templated":true}]}}