{"id":9720,"date":"2022-05-17T15:40:15","date_gmt":"2022-05-17T15:40:15","guid":{"rendered":"https:\/\/enercon.it\/nos-acrivites\/"},"modified":"2022-11-30T13:49:33","modified_gmt":"2022-11-30T13:49:33","slug":"nos-acrivites","status":"publish","type":"page","link":"https:\/\/enercon.it\/fr\/nos-acrivites\/","title":{"rendered":"Nos activit\u00e9s"},"content":{"rendered":"<p>[vc_row full_width=\u00a0\u00bbstretch_row\u00a0\u00bb pix_padding_top=\u00a0\u00bbpadding No\u00a0\u00bb pix_padding_bottom=\u00a0\u00bbpadding No\u00a0\u00bb gradient_colors=\u00a0\u00bb%5B%7B%7D%5D\u00a0\u00bb css=\u00a0\u00bb.vc_custom_1668606655842{padding-top: 150px !important;padding-bottom: 150px !important;background-image: url(https:\/\/enercon.it\/wp-content\/uploads\/separatore-impianti-enercon.jpg?id=6013) !important;background-position: center !important;background-repeat: no-repeat !important;background-size: cover !important;}\u00a0\u00bb el_class=\u00a0\u00bbtitolo\u00a0\u00bb][vc_column][common_title title=\u00a0\u00bbNos activit\u00e9s\u00a0\u00bb color=\u00a0\u00bbwhite-heading\u00a0\u00bb][\/common_title][\/vc_column][\/vc_row][vc_row pix_padding_top=\u00a0\u00bbpadding No\u00a0\u00bb pix_padding_bottom=\u00a0\u00bbpadding No\u00a0\u00bb radius=\u00a0\u00bbpix-rounded\u00a0\u00bb overflow=\u00a0\u00bbon\u00a0\u00bb top_offset=\u00a0\u00bb-100px\u00a0\u00bb gradient_colors=\u00a0\u00bb%5B%7B%7D%5D\u00a0\u00bb shadow=\u00a0\u00bbpix-shadow\u00a0\u00bb shadow_values=\u00a0\u00bb%5B%7B%22horizontal%22%3A%220%22%2C%22vertical%22%3A%222%22%2C%22blur%22%3A%2210%22%2C%22spread%22%3A%225px%22%2C%22color%22%3A%22%23000000%22%2C%22opacity%22%3A%2210%22%7D%5D\u00a0\u00bb][vc_column pix_padding_top=\u00a0\u00bbpadding S\u00a0\u00bb pix_padding_bottom=\u00a0\u00bbpadding S\u00a0\u00bb gradient_colors=\u00a0\u00bb%5B%7B%7D%5D\u00a0\u00bb css=\u00a0\u00bb.vc_custom_1652800232515{background-color: #ffffff !important;}\u00a0\u00bb][vc_row_inner content_placement=\u00a0\u00bbtop\u00a0\u00bb gap=\u00a0\u00bb35&Prime; gradient_colors=\u00a0\u00bb%5B%7B%7D%5D\u00a0\u00bb][vc_column_inner][vc_column_text el_class=\u00a0\u00bbtwo-col\u00a0\u00bb]Les installations, con\u00e7ues et r\u00e9alis\u00e9es par Enercon, pr\u00e9voient des <strong>syst\u00e8mes de captage<\/strong>, install\u00e9s \u00e0 proximit\u00e9 de l\u2019\u00e9mission d\u2019air contamin\u00e9, des <strong>syst\u00e8mes de transport et d\u2019aspiration<\/strong> de cet air, des <strong>syst\u00e8mes de filtration et d\u2019expulsion dans l\u2019atmosph\u00e8re<\/strong>.<\/p>\n<p>Les syst\u00e8mes de captage sont con\u00e7us et r\u00e9alis\u00e9s de mani\u00e8re \u00e0 favoriser le maintien de la libert\u00e9 op\u00e9rationnelle et de maintenance des machines de production et \u00e0 l\u2019am\u00e9lioration de l\u2019environnement dans lequel travaillent les op\u00e9rateurs des machines.<\/p>\n<p>Les syst\u00e8mes de transport sont dimensionn\u00e9s et produits afin de favoriser l\u2019optimisation de l\u2019efficacit\u00e9 des fluides et de l\u2019\u00e9nergie, en \u00e9vitant le gaspillage de consommation \u00e9nerg\u00e9tique et en minimisant les frais d\u2019entretien et d\u2019assainissement.<\/p>\n<p>Les syst\u00e8mes de filtration sont con\u00e7us et fabriqu\u00e9s en choisissant, parmi un large \u00e9ventail de solutions possibles, celle qui r\u00e9pond le mieux aux besoins op\u00e9rationnels, r\u00e9glementaires et \u00e9conomiques du client. Notamment, ces syst\u00e8mes peuvent \u00eatre constitu\u00e9s de plusieurs \u00e9tapes de filtration : par inertie (chambres de s\u00e9dimentation, cyclones, etc.), m\u00e9canique (filtres m\u00e9caniques, \u00e0 cartouches, \u00e0 manches, etc..) ou \u00e9lectrostatique : en fonction des caract\u00e9ristiques des fluides \u00e0 traiter et aux limites d\u2019\u00e9mission souhait\u00e9es par le client ou prescrites par les normes locales en vigueur.<\/p>\n<p>Chaque type de filtration est \u00e9quip\u00e9 de syst\u00e8mes de nettoyage ou de lavage automatis\u00e9s, qui maintiennent l&rsquo;efficacit\u00e9 de la filtration \u00e0 un niveau \u00e9lev\u00e9, r\u00e9duisant ainsi le besoin de maintenance et les co\u00fbts d&rsquo;intervention.<\/p>\n<p>Op\u00e9rant dans le secteur de <strong>l&rsquo;ing\u00e9nierie des installations industrielles<\/strong>, Enercon d\u00e9veloppe et fabrique des installations de filtration et de refroidissement des eaux destin\u00e9es \u00e0 divers processus industriels, des installations de r\u00e9cup\u00e9ration et de traitement des premi\u00e8res pluies, des installations hydrauliques haute et basse pression et de distribution des graisses, des tuyauteries embarqu\u00e9es et des r\u00e9seaux de distribution de m\u00e9thane, d&rsquo;oxyg\u00e8ne et de gaz techniques. Tout cela avec l&rsquo;aide de tuyauteurs et de soudeurs sp\u00e9cialis\u00e9s.[\/vc_column_text][\/vc_column_inner][\/vc_row_inner][\/vc_column][\/vc_row][vc_row pix_padding_top=\u00a0\u00bbpadding No\u00a0\u00bb pix_padding_bottom=\u00a0\u00bbpadding No\u00a0\u00bb gradient_colors=\u00a0\u00bb%5B%7B%7D%5D\u00a0\u00bb][vc_column][vc_empty_space height=\u00a0\u00bb100px\u00a0\u00bb][\/vc_column][\/vc_row][vc_row full_width=\u00a0\u00bbstretch_row\u00a0\u00bb pix_padding_bottom=\u00a0\u00bbpadding No\u00a0\u00bb gradient_colors=\u00a0\u00bb%5B%7B%7D%5D\u00a0\u00bb css=\u00a0\u00bb.vc_custom_1657282229709{padding-bottom: 0px !important;background-color: #f7f7f7 !important;}\u00a0\u00bb][vc_column][common_title title=\u00a0\u00bbDe quoi nous occupons-nous\u00a0\u00bb][\/common_title][\/vc_column][\/vc_row][vc_row full_width=\u00a0\u00bbstretch_row\u00a0\u00bb gap=\u00a0\u00bb35&Prime; equal_height=\u00a0\u00bbyes\u00a0\u00bb pix_padding_top=\u00a0\u00bbpadding No\u00a0\u00bb pix_padding_bottom=\u00a0\u00bbpadding No\u00a0\u00bb gradient_colors=\u00a0\u00bb%5B%7B%7D%5D\u00a0\u00bb css=\u00a0\u00bb.vc_custom_1668607299886{padding-top: 0px !important;padding-bottom: 0px !important;background-color: #f7f7f7 !important;}\u00a0\u00bb el_class=\u00a0\u00bbprod\u00a0\u00bb][vc_column width=\u00a0\u00bb1\/4&Prime;][common_icon_box style=\u00a0\u00bbpix-ibox-top\u00a0\u00bb position_with_center=\u00a0\u00bbpix-text-center\u00a0\u00bb border=\u00a0\u00bbon\u00a0\u00bb link=\u00a0\u00bburl:https%3A%2F%2Fenercon.it%2Ffr%2Finstallations-daspiration-et-de-filtration-des-fumees-et-des-poussieres%2F\u00a0\u00bb link_type=\u00a0\u00bbhref\u00a0\u00bb is_animate=\u00a0\u00bbon\u00a0\u00bb css_animation=\u00a0\u00bbbounceIn\u00a0\u00bb wow_duration=\u00a0\u00bb1&Prime; wow_delay=\u00a0\u00bb0.2&Prime; image=\u00a0\u00bb6111&Prime; btn_link_txt=\u00a0\u00bbInstallations d\u2019aspiration et de filtration des fum\u00e9es et des poussi\u00e8res\u00a0\u00bb][\/common_icon_box][\/vc_column][vc_column width=\u00a0\u00bb1\/4&Prime;][common_icon_box style=\u00a0\u00bbpix-ibox-top\u00a0\u00bb position_with_center=\u00a0\u00bbpix-text-center\u00a0\u00bb border=\u00a0\u00bbon\u00a0\u00bb link=\u00a0\u00bburl:https%3A%2F%2Fenercon.it%2Ffr%2Finstallations-daspiration-et-de-filtration-des-brouillards-dhuile%2F\u00a0\u00bb link_type=\u00a0\u00bbhref\u00a0\u00bb is_animate=\u00a0\u00bbon\u00a0\u00bb css_animation=\u00a0\u00bbbounceIn\u00a0\u00bb wow_duration=\u00a0\u00bb1&Prime; wow_delay=\u00a0\u00bb0.6&Prime; image=\u00a0\u00bb6116&Prime; btn_link_txt=\u00a0\u00bbInstallations d\u2019aspiration et de filtration des brouillards d\u2019huile\u00a0\u00bb][\/common_icon_box][\/vc_column][vc_column width=\u00a0\u00bb1\/4&Prime;][common_icon_box style=\u00a0\u00bbpix-ibox-top\u00a0\u00bb position_with_center=\u00a0\u00bbpix-text-center\u00a0\u00bb border=\u00a0\u00bbon\u00a0\u00bb link=\u00a0\u00bburl:https%3A%2F%2Fenercon.it%2Ffr%2Finstallations-hydrauliques-industrielles%2F\u00a0\u00bb link_type=\u00a0\u00bbhref\u00a0\u00bb is_animate=\u00a0\u00bbon\u00a0\u00bb css_animation=\u00a0\u00bbbounceIn\u00a0\u00bb wow_duration=\u00a0\u00bb1&Prime; wow_delay=\u00a0\u00bb1&Prime; image=\u00a0\u00bb6117&Prime; btn_link_txt=\u00a0\u00bbInstallations hydrauliques industrielles\u00a0\u00bb][\/common_icon_box][\/vc_column][vc_column width=\u00a0\u00bb1\/4&Prime;][common_icon_box style=\u00a0\u00bbpix-ibox-top\u00a0\u00bb radius=\u00a0\u00bbpix-rounded\u00a0\u00bb position_with_center=\u00a0\u00bbpix-text-center\u00a0\u00bb border=\u00a0\u00bbon\u00a0\u00bb link=\u00a0\u00bburl:https%3A%2F%2Fenercon.it%2Ffr%2Frecuperation-et-economie-denergie-incinerateurs%2F\u00a0\u00bb link_type=\u00a0\u00bbhref\u00a0\u00bb is_animate=\u00a0\u00bbon\u00a0\u00bb css_animation=\u00a0\u00bbbounceIn\u00a0\u00bb wow_duration=\u00a0\u00bb1&Prime; wow_delay=\u00a0\u00bb1.4&Prime; image=\u00a0\u00bb6118&Prime; btn_link_txt=\u00a0\u00bbR\u00e9cup\u00e9ration et \u00e9conomie d&rsquo;\u00e9nergie &#8211; Incin\u00e9rateurs\u00a0\u00bb][\/common_icon_box][\/vc_column][\/vc_row][vc_row full_width=\u00a0\u00bbstretch_row\u00a0\u00bb gap=\u00a0\u00bb35&Prime; equal_height=\u00a0\u00bbyes\u00a0\u00bb content_placement=\u00a0\u00bbmiddle\u00a0\u00bb pix_padding_top=\u00a0\u00bbpadding No\u00a0\u00bb gradient_colors=\u00a0\u00bb%5B%7B%7D%5D\u00a0\u00bb css=\u00a0\u00bb.vc_custom_1668607308675{background-color: #f7f7f7 !important;}\u00a0\u00bb el_class=\u00a0\u00bbcolonna-centrata prod\u00a0\u00bb][vc_column width=\u00a0\u00bb1\/4&Prime;][common_icon_box style=\u00a0\u00bbpix-ibox-top\u00a0\u00bb position_with_center=\u00a0\u00bbpix-text-center\u00a0\u00bb border=\u00a0\u00bbon\u00a0\u00bb link=\u00a0\u00bburl:https%3A%2F%2Fenercon.it%2Ffr%2Fsysteme-dassainissement-de-lair%2F|title:Sistemi%20di%20sanificazione%20aria\u00a0\u00bb link_type=\u00a0\u00bbhref\u00a0\u00bb is_animate=\u00a0\u00bbon\u00a0\u00bb css_animation=\u00a0\u00bbbounceIn\u00a0\u00bb wow_duration=\u00a0\u00bb1&Prime; wow_delay=\u00a0\u00bb1.8&Prime; btn_link_txt=\u00a0\u00bbSyst\u00e8me d&rsquo;assainissement de l&rsquo;air\u00a0\u00bb image=\u00a0\u00bb6119&Prime;][\/common_icon_box][\/vc_column][vc_column width=\u00a0\u00bb1\/4&Prime;][common_icon_box style=\u00a0\u00bbpix-ibox-top\u00a0\u00bb position_with_center=\u00a0\u00bbpix-text-center\u00a0\u00bb border=\u00a0\u00bbon\u00a0\u00bb link=\u00a0\u00bburl:https%3A%2F%2Fenercon.it%2Ffr%2Fequipements-techniques-et-applications-speciales-pour-lindustrie%2F\u00a0\u00bb link_type=\u00a0\u00bbhref\u00a0\u00bb is_animate=\u00a0\u00bbon\u00a0\u00bb css_animation=\u00a0\u00bbbounceIn\u00a0\u00bb wow_duration=\u00a0\u00bb1&Prime; wow_delay=\u00a0\u00bb2.2&Prime; image=\u00a0\u00bb6114&Prime; btn_link_txt=\u00a0\u00bb\u00c9quipements techniques et applications sp\u00e9ciales pour l&rsquo;industrie\u00a0\u00bb][\/common_icon_box][\/vc_column][vc_column width=\u00a0\u00bb1\/4&Prime;][common_icon_box style=\u00a0\u00bbpix-ibox-top\u00a0\u00bb position_with_center=\u00a0\u00bbpix-text-center\u00a0\u00bb border=\u00a0\u00bbon\u00a0\u00bb link=\u00a0\u00bburl:https%3A%2F%2Fenercon.it%2Ffr%2Fmaintenance-et-services-apres-vente%2F\u00a0\u00bb link_type=\u00a0\u00bbhref\u00a0\u00bb is_animate=\u00a0\u00bbon\u00a0\u00bb css_animation=\u00a0\u00bbbounceIn\u00a0\u00bb wow_duration=\u00a0\u00bb1&Prime; wow_delay=\u00a0\u00bb2.6&Prime; image=\u00a0\u00bb6110&Prime; btn_link_txt=\u00a0\u00bbMaintenance et services apr\u00e8s-vente\u00a0\u00bb][\/common_icon_box][\/vc_column][\/vc_row][vc_row full_width=\u00a0\u00bbstretch_row\u00a0\u00bb pix_padding_top=\u00a0\u00bbpadding XL\u00a0\u00bb pix_padding_bottom=\u00a0\u00bbpadding XL\u00a0\u00bb gradient_colors=\u00a0\u00bb%5B%7B%7D%5D\u00a0\u00bb css=\u00a0\u00bb.vc_custom_1658917546780{background-image: url(https:\/\/enercon.it\/wp-content\/uploads\/cosa-facciamo.jpg?id=6367) !important;background-position: center !important;background-repeat: no-repeat !important;background-size: cover !important;}\u00a0\u00bb][vc_column gradient_colors=\u00a0\u00bb%5B%7B%7D%5D\u00a0\u00bb offset=\u00a0\u00bbvc_hidden-md vc_hidden-sm vc_hidden-xs\u00a0\u00bb][vc_empty_space height=\u00a0\u00bb200px\u00a0\u00bb][\/vc_column][\/vc_row]<\/p>\n","protected":false},"excerpt":{"rendered":"<p>[vc_row full_width=\u00a0\u00bbstretch_row\u00a0\u00bb pix_padding_top=\u00a0\u00bbpadding No\u00a0\u00bb pix_padding_bottom=\u00a0\u00bbpadding No\u00a0\u00bb gradient_colors=\u00a0\u00bb%5B%7B%7D%5D\u00a0\u00bb css=\u00a0\u00bb.vc_custom_1668606655842{padding-top: 150px !important;padding-bottom: 150px !important;background-image: url(https:\/\/enercon.it\/wp-content\/uploads\/separatore-impianti-enercon.jpg?id=6013) !important;background-position: center !important;background-repeat: no-repeat !important;background-size: cover !important;}\u00a0\u00bb el_class=\u00a0\u00bbtitolo\u00a0\u00bb][vc_column][common_title title=\u00a0\u00bbNos activit\u00e9s\u00a0\u00bb color=\u00a0\u00bbwhite-heading\u00a0\u00bb][\/common_title][\/vc_column][\/vc_row][vc_row pix_padding_top=\u00a0\u00bbpadding No\u00a0\u00bb pix_padding_bottom=\u00a0\u00bbpadding No\u00a0\u00bb radius=\u00a0\u00bbpix-rounded\u00a0\u00bb overflow=\u00a0\u00bbon\u00a0\u00bb top_offset=\u00a0\u00bb-100px\u00a0\u00bb gradient_colors=\u00a0\u00bb%5B%7B%7D%5D\u00a0\u00bb shadow=\u00a0\u00bbpix-shadow\u00a0\u00bb shadow_values=\u00a0\u00bb%5B%7B%22horizontal%22%3A%220%22%2C%22vertical%22%3A%222%22%2C%22blur%22%3A%2210%22%2C%22spread%22%3A%225px%22%2C%22color%22%3A%22%23000000%22%2C%22opacity%22%3A%2210%22%7D%5D\u00a0\u00bb][vc_column pix_padding_top=\u00a0\u00bbpadding S\u00a0\u00bb pix_padding_bottom=\u00a0\u00bbpadding S\u00a0\u00bb gradient_colors=\u00a0\u00bb%5B%7B%7D%5D\u00a0\u00bb css=\u00a0\u00bb.vc_custom_1652800232515{background-color: #ffffff !important;}\u00a0\u00bb][vc_row_inner content_placement=\u00a0\u00bbtop\u00a0\u00bb gap=\u00a0\u00bb35&Prime; gradient_colors=\u00a0\u00bb%5B%7B%7D%5D\u00a0\u00bb][vc_column_inner][vc_column_text el_class=\u00a0\u00bbtwo-col\u00a0\u00bb]Les installations, con\u00e7ues et r\u00e9alis\u00e9es par Enercon, pr\u00e9voient des syst\u00e8mes [&hellip;]<\/p>\n","protected":false},"author":1,"featured_media":8529,"parent":0,"menu_order":0,"comment_status":"closed","ping_status":"closed","template":"page-home.php","meta":{"inline_featured_image":false,"footnotes":""},"class_list":["post-9720","page","type-page","status-publish","has-post-thumbnail","hentry"],"yoast_head":"<!-- This site is optimized with the Yoast SEO plugin v23.8 - https:\/\/yoast.com\/wordpress\/plugins\/seo\/ -->\n<title>Installation d&#039;usines et applications industrielles | Enercon<\/title>\n<meta name=\"description\" content=\"Enercon con\u00e7oit et construit des installations industrielles pour la filtration, le transport et l&#039;aspiration. D\u00e9couvrez \u00e9galement toutes les solutions de r\u00e9cup\u00e9ration d&#039;\u00e9nergie.\" \/>\n<meta name=\"robots\" content=\"index, follow, max-snippet:-1, max-image-preview:large, max-video-preview:-1\" \/>\n<link rel=\"canonical\" href=\"https:\/\/enercon.it\/fr\/nos-acrivites\/\" \/>\n<meta property=\"og:locale\" content=\"fr_FR\" \/>\n<meta property=\"og:type\" content=\"article\" \/>\n<meta property=\"og:title\" content=\"Installation d&#039;usines et applications industrielles | Enercon\" \/>\n<meta property=\"og:description\" content=\"Enercon con\u00e7oit et construit des installations industrielles pour la filtration, le transport et l&#039;aspiration. D\u00e9couvrez \u00e9galement toutes les solutions de r\u00e9cup\u00e9ration d&#039;\u00e9nergie.\" \/>\n<meta property=\"og:url\" content=\"https:\/\/enercon.it\/fr\/nos-acrivites\/\" \/>\n<meta property=\"og:site_name\" content=\"Enercon\" \/>\n<meta property=\"article:modified_time\" content=\"2022-11-30T13:49:33+00:00\" \/>\n<meta property=\"og:image\" content=\"https:\/\/enercon.it\/wp-content\/uploads\/impianto-aspirazione-nebbie-oleose-brixiapress-slovacchia.jpg\" \/>\n\t<meta property=\"og:image:width\" content=\"1200\" \/>\n\t<meta property=\"og:image:height\" content=\"800\" \/>\n\t<meta property=\"og:image:type\" content=\"image\/jpeg\" \/>\n<meta name=\"twitter:card\" content=\"summary_large_image\" \/>\n<meta name=\"twitter:label1\" content=\"Dur\u00e9e de lecture estim\u00e9e\" \/>\n\t<meta name=\"twitter:data1\" content=\"6 minutes\" \/>\n<script type=\"application\/ld+json\" class=\"yoast-schema-graph\">{\"@context\":\"https:\/\/schema.org\",\"@graph\":[{\"@type\":\"WebPage\",\"@id\":\"https:\/\/enercon.it\/fr\/nos-acrivites\/\",\"url\":\"https:\/\/enercon.it\/fr\/nos-acrivites\/\",\"name\":\"Installation d'usines et applications industrielles | Enercon\",\"isPartOf\":{\"@id\":\"https:\/\/enercon.it\/#website\"},\"primaryImageOfPage\":{\"@id\":\"https:\/\/enercon.it\/fr\/nos-acrivites\/#primaryimage\"},\"image\":{\"@id\":\"https:\/\/enercon.it\/fr\/nos-acrivites\/#primaryimage\"},\"thumbnailUrl\":\"https:\/\/enercon.it\/wp-content\/uploads\/impianto-aspirazione-nebbie-oleose-brixiapress-slovacchia.jpg\",\"datePublished\":\"2022-05-17T15:40:15+00:00\",\"dateModified\":\"2022-11-30T13:49:33+00:00\",\"description\":\"Enercon con\u00e7oit et construit des installations industrielles pour la filtration, le transport et l'aspiration. D\u00e9couvrez \u00e9galement toutes les solutions de r\u00e9cup\u00e9ration d'\u00e9nergie.\",\"breadcrumb\":{\"@id\":\"https:\/\/enercon.it\/fr\/nos-acrivites\/#breadcrumb\"},\"inLanguage\":\"fr-FR\",\"potentialAction\":[{\"@type\":\"ReadAction\",\"target\":[\"https:\/\/enercon.it\/fr\/nos-acrivites\/\"]}]},{\"@type\":\"ImageObject\",\"inLanguage\":\"fr-FR\",\"@id\":\"https:\/\/enercon.it\/fr\/nos-acrivites\/#primaryimage\",\"url\":\"https:\/\/enercon.it\/wp-content\/uploads\/impianto-aspirazione-nebbie-oleose-brixiapress-slovacchia.jpg\",\"contentUrl\":\"https:\/\/enercon.it\/wp-content\/uploads\/impianto-aspirazione-nebbie-oleose-brixiapress-slovacchia.jpg\",\"width\":1200,\"height\":800},{\"@type\":\"BreadcrumbList\",\"@id\":\"https:\/\/enercon.it\/fr\/nos-acrivites\/#breadcrumb\",\"itemListElement\":[{\"@type\":\"ListItem\",\"position\":1,\"name\":\"Home\",\"item\":\"https:\/\/enercon.it\/fr\/\"},{\"@type\":\"ListItem\",\"position\":2,\"name\":\"Nos activit\u00e9s\"}]},{\"@type\":\"WebSite\",\"@id\":\"https:\/\/enercon.it\/#website\",\"url\":\"https:\/\/enercon.it\/\",\"name\":\"Enercon\",\"description\":\"Depurazione di inquinanti atmosferici\",\"publisher\":{\"@id\":\"https:\/\/enercon.it\/#organization\"},\"potentialAction\":[{\"@type\":\"SearchAction\",\"target\":{\"@type\":\"EntryPoint\",\"urlTemplate\":\"https:\/\/enercon.it\/?s={search_term_string}\"},\"query-input\":{\"@type\":\"PropertyValueSpecification\",\"valueRequired\":true,\"valueName\":\"search_term_string\"}}],\"inLanguage\":\"fr-FR\"},{\"@type\":\"Organization\",\"@id\":\"https:\/\/enercon.it\/#organization\",\"name\":\"Enercon S.r.l.\",\"url\":\"https:\/\/enercon.it\/\",\"logo\":{\"@type\":\"ImageObject\",\"inLanguage\":\"fr-FR\",\"@id\":\"https:\/\/enercon.it\/#\/schema\/logo\/image\/\",\"url\":\"https:\/\/enercon.it\/wp-content\/uploads\/2022\/05\/logo-enercon.png\",\"contentUrl\":\"https:\/\/enercon.it\/wp-content\/uploads\/2022\/05\/logo-enercon.png\",\"width\":270,\"height\":110,\"caption\":\"Enercon S.r.l.\"},\"image\":{\"@id\":\"https:\/\/enercon.it\/#\/schema\/logo\/image\/\"}}]}<\/script>\n<!-- \/ Yoast SEO plugin. -->","yoast_head_json":{"title":"Installation d'usines et applications industrielles | Enercon","description":"Enercon con\u00e7oit et construit des installations industrielles pour la filtration, le transport et l'aspiration. D\u00e9couvrez \u00e9galement toutes les solutions de r\u00e9cup\u00e9ration d'\u00e9nergie.","robots":{"index":"index","follow":"follow","max-snippet":"max-snippet:-1","max-image-preview":"max-image-preview:large","max-video-preview":"max-video-preview:-1"},"canonical":"https:\/\/enercon.it\/fr\/nos-acrivites\/","og_locale":"fr_FR","og_type":"article","og_title":"Installation d'usines et applications industrielles | Enercon","og_description":"Enercon con\u00e7oit et construit des installations industrielles pour la filtration, le transport et l'aspiration. D\u00e9couvrez \u00e9galement toutes les solutions de r\u00e9cup\u00e9ration d'\u00e9nergie.","og_url":"https:\/\/enercon.it\/fr\/nos-acrivites\/","og_site_name":"Enercon","article_modified_time":"2022-11-30T13:49:33+00:00","og_image":[{"width":1200,"height":800,"url":"https:\/\/enercon.it\/wp-content\/uploads\/impianto-aspirazione-nebbie-oleose-brixiapress-slovacchia.jpg","type":"image\/jpeg"}],"twitter_card":"summary_large_image","twitter_misc":{"Dur\u00e9e de lecture estim\u00e9e":"6 minutes"},"schema":{"@context":"https:\/\/schema.org","@graph":[{"@type":"WebPage","@id":"https:\/\/enercon.it\/fr\/nos-acrivites\/","url":"https:\/\/enercon.it\/fr\/nos-acrivites\/","name":"Installation d'usines et applications industrielles | Enercon","isPartOf":{"@id":"https:\/\/enercon.it\/#website"},"primaryImageOfPage":{"@id":"https:\/\/enercon.it\/fr\/nos-acrivites\/#primaryimage"},"image":{"@id":"https:\/\/enercon.it\/fr\/nos-acrivites\/#primaryimage"},"thumbnailUrl":"https:\/\/enercon.it\/wp-content\/uploads\/impianto-aspirazione-nebbie-oleose-brixiapress-slovacchia.jpg","datePublished":"2022-05-17T15:40:15+00:00","dateModified":"2022-11-30T13:49:33+00:00","description":"Enercon con\u00e7oit et construit des installations industrielles pour la filtration, le transport et l'aspiration. D\u00e9couvrez \u00e9galement toutes les solutions de r\u00e9cup\u00e9ration d'\u00e9nergie.","breadcrumb":{"@id":"https:\/\/enercon.it\/fr\/nos-acrivites\/#breadcrumb"},"inLanguage":"fr-FR","potentialAction":[{"@type":"ReadAction","target":["https:\/\/enercon.it\/fr\/nos-acrivites\/"]}]},{"@type":"ImageObject","inLanguage":"fr-FR","@id":"https:\/\/enercon.it\/fr\/nos-acrivites\/#primaryimage","url":"https:\/\/enercon.it\/wp-content\/uploads\/impianto-aspirazione-nebbie-oleose-brixiapress-slovacchia.jpg","contentUrl":"https:\/\/enercon.it\/wp-content\/uploads\/impianto-aspirazione-nebbie-oleose-brixiapress-slovacchia.jpg","width":1200,"height":800},{"@type":"BreadcrumbList","@id":"https:\/\/enercon.it\/fr\/nos-acrivites\/#breadcrumb","itemListElement":[{"@type":"ListItem","position":1,"name":"Home","item":"https:\/\/enercon.it\/fr\/"},{"@type":"ListItem","position":2,"name":"Nos activit\u00e9s"}]},{"@type":"WebSite","@id":"https:\/\/enercon.it\/#website","url":"https:\/\/enercon.it\/","name":"Enercon","description":"Depurazione di inquinanti atmosferici","publisher":{"@id":"https:\/\/enercon.it\/#organization"},"potentialAction":[{"@type":"SearchAction","target":{"@type":"EntryPoint","urlTemplate":"https:\/\/enercon.it\/?s={search_term_string}"},"query-input":{"@type":"PropertyValueSpecification","valueRequired":true,"valueName":"search_term_string"}}],"inLanguage":"fr-FR"},{"@type":"Organization","@id":"https:\/\/enercon.it\/#organization","name":"Enercon S.r.l.","url":"https:\/\/enercon.it\/","logo":{"@type":"ImageObject","inLanguage":"fr-FR","@id":"https:\/\/enercon.it\/#\/schema\/logo\/image\/","url":"https:\/\/enercon.it\/wp-content\/uploads\/2022\/05\/logo-enercon.png","contentUrl":"https:\/\/enercon.it\/wp-content\/uploads\/2022\/05\/logo-enercon.png","width":270,"height":110,"caption":"Enercon S.r.l."},"image":{"@id":"https:\/\/enercon.it\/#\/schema\/logo\/image\/"}}]}},"_links":{"self":[{"href":"https:\/\/enercon.it\/fr\/wp-json\/wp\/v2\/pages\/9720"}],"collection":[{"href":"https:\/\/enercon.it\/fr\/wp-json\/wp\/v2\/pages"}],"about":[{"href":"https:\/\/enercon.it\/fr\/wp-json\/wp\/v2\/types\/page"}],"author":[{"embeddable":true,"href":"https:\/\/enercon.it\/fr\/wp-json\/wp\/v2\/users\/1"}],"replies":[{"embeddable":true,"href":"https:\/\/enercon.it\/fr\/wp-json\/wp\/v2\/comments?post=9720"}],"version-history":[{"count":10,"href":"https:\/\/enercon.it\/fr\/wp-json\/wp\/v2\/pages\/9720\/revisions"}],"predecessor-version":[{"id":10058,"href":"https:\/\/enercon.it\/fr\/wp-json\/wp\/v2\/pages\/9720\/revisions\/10058"}],"wp:featuredmedia":[{"embeddable":true,"href":"https:\/\/enercon.it\/fr\/wp-json\/wp\/v2\/media\/8529"}],"wp:attachment":[{"href":"https:\/\/enercon.it\/fr\/wp-json\/wp\/v2\/media?parent=9720"}],"curies":[{"name":"wp","href":"https:\/\/api.w.org\/{rel}","templated":true}]}}