{"id":9717,"date":"2022-05-17T07:48:06","date_gmt":"2022-05-17T07:48:06","guid":{"rendered":"https:\/\/enercon.it\/qui-sommes-nous\/"},"modified":"2023-01-17T09:36:57","modified_gmt":"2023-01-17T09:36:57","slug":"qui-sommes-nous","status":"publish","type":"page","link":"https:\/\/enercon.it\/fr\/qui-sommes-nous\/","title":{"rendered":"Qui sommes-nous"},"content":{"rendered":"<p>[vc_row pix_padding_top=\u00a0\u00bbpadding No\u00a0\u00bb pix_padding_bottom=\u00a0\u00bbpadding XL\u00a0\u00bb gradient_colors=\u00a0\u00bb%5B%7B%7D%5D\u00a0\u00bb pix_padding=\u00a0\u00bbpix-padding-both\u00a0\u00bb css=\u00a0\u00bb.vc_custom_1668605138356{background-color: #ffffff !important;}\u00a0\u00bb el_class=\u00a0\u00bbchi-siamo\u00a0\u00bb][vc_column width=\u00a0\u00bb1\/4&Prime; gradient_colors=\u00a0\u00bb%5B%7B%7D%5D\u00a0\u00bb css=\u00a0\u00bb.vc_custom_1563044511886{padding-right: 38px !important;}\u00a0\u00bb][common_title title=\u00a0\u00bbFabricant d&rsquo;installations industrielles depuis 1980&Prime; padding=\u00a0\u00bboff\u00a0\u00bb position=\u00a0\u00bbtext-left\u00a0\u00bb subtitle=\u00a0\u00bbQUI NOUS-SOMMES\u00a0\u00bb][\/common_title][\/vc_column][vc_column width=\u00a0\u00bb3\/4&Prime; gradient_colors=\u00a0\u00bb%5B%7B%7D%5D\u00a0\u00bb css=\u00a0\u00bb.vc_custom_1563044519551{padding-left: 12px !important;}\u00a0\u00bb][vc_column_text]<span style=\"font-weight: 400;\">Enercon est une Soci\u00e9t\u00e9 leader <strong>dans le domaine<\/strong> des <strong>syst\u00e8mes d&rsquo;extraction et de filtration<\/strong> en Italie et dans le monde (Division Air filtration system). La connaissance pr\u00e9cise des probl\u00e8mes, r\u00e9sultant de plus de 40 ans d&rsquo;exp\u00e9rience, permet \u00e0 l&rsquo;entreprise de proposer des solutions ad\u00e9quates et flexibles aux exigences sp\u00e9cifiques des clients, en servant de point de r\u00e9f\u00e9rence pour une client\u00e8le qualifi\u00e9e, avec sa formule de fourniture d&rsquo;installations cl\u00e9s en main, un choix qui a d\u00e9j\u00e0 fait l&rsquo;unanimit\u00e9.<\/span><\/p>\n<p><span style=\"font-weight: 400;\">Les applications couvraient une vari\u00e9t\u00e9 d&rsquo;industries et de mat\u00e9riaux diff\u00e9rents, avec un accent sur le moulage sous pression, l&#8217;emboutissage et l&rsquo;usinage de m\u00e9taux non ferreux (aluminium, magn\u00e9sium, bronze, laiton, zinc). En plus du d\u00e9veloppement d\u2019installations typiques de sa propre tradition, Enercon s\u2019est consacr\u00e9e \u00e9galement au <a href=\"https:\/\/enercon.it\/fr\/equipements-techniques-et-applications-speciales-pour-lindustrie\/\"><strong>secteur des applications sp\u00e9ciales<\/strong><\/a>, afin d\u2019offrir \u00e0 ses clients des <strong>solutions personnalis\u00e9es<\/strong> pour des besoins sp\u00e9cifiques, et au <a href=\"https:\/\/enercon.it\/fr\/installations-hydrauliques-industrielles\/\"><strong>secteur de l&rsquo;ing\u00e9nierie des installations hydrauliques<\/strong><\/a> et industrielles avec la Division Installations Hydrauliques.<\/span>[\/vc_column_text][vc_row_inner][vc_column_inner][common_button text=\u00a0\u00bbFiche de la Soci\u00e9t\u00e9\u00a0\u00bb link=\u00a0\u00bburl:https%3A%2F%2Fenercon.it%2Fwp-content%2Fuploads%2Fscheda-tecnica-aziendale-FRANCESCE.pdf|target:_blank\u00a0\u00bb radius=\u00a0\u00bbpix-rounded\u00a0\u00bb size_v=\u00a0\u00bbpix-v-l\u00a0\u00bb size_h=\u00a0\u00bbpix-h-m\u00a0\u00bb color=\u00a0\u00bbpix-dark\u00a0\u00bb][\/vc_column_inner][\/vc_row_inner][\/vc_column][\/vc_row][vc_row full_width=\u00a0\u00bbstretch_row\u00a0\u00bb pix_padding_top=\u00a0\u00bbpadding XL\u00a0\u00bb pix_padding_bottom=\u00a0\u00bbpadding No\u00a0\u00bb gradient_colors=\u00a0\u00bb%5B%7B%7D%5D\u00a0\u00bb pix_padding=\u00a0\u00bbpix-padding-both\u00a0\u00bb css=\u00a0\u00bb.vc_custom_1668605549155{background-color: #f6f6f7 !important;}\u00a0\u00bb el_class=\u00a0\u00bbvantaggi\u00a0\u00bb][vc_column width=\u00a0\u00bb1\/4&Prime; gradient_colors=\u00a0\u00bb%5B%7B%7D%5D\u00a0\u00bb css=\u00a0\u00bb.vc_custom_1563044527079{padding-right: 38px !important;}\u00a0\u00bb][common_title title=\u00a0\u00bbPourquoi nous choisir\u00a0\u00bb padding=\u00a0\u00bboff\u00a0\u00bb position=\u00a0\u00bbtext-left\u00a0\u00bb subtitle=\u00a0\u00bbAVANTAGES\u00a0\u00bb][\/common_title][\/vc_column][vc_column width=\u00a0\u00bb1\/4&Prime; gradient_colors=\u00a0\u00bb%5B%7B%7D%5D\u00a0\u00bb css=\u00a0\u00bb.vc_custom_1563044667137{padding-right: 25px !important;padding-left: 12px !important;}\u00a0\u00bb][common_icon_box image=\u00a0\u00bb6095&Prime; title=\u00a0\u00bbQualit\u00e9\u00a0\u00bb]Nous d\u00e9tenons toutes les exigences de qualit\u00e9 et les certifications requises par la loi[\/common_icon_box][\/vc_column][vc_column width=\u00a0\u00bb1\/4&Prime; gradient_colors=\u00a0\u00bb%5B%7B%7D%5D\u00a0\u00bb css=\u00a0\u00bb.vc_custom_1563045186756{padding-right: 13px !important;padding-left: 25px !important;}\u00a0\u00bb][common_icon_box image=\u00a0\u00bb6097&Prime; title=\u00a0\u00bbS\u00e9curit\u00e9\u00a0\u00bb]Nous veillons au respect des r\u00e8gles et des sp\u00e9cifications pour la s\u00e9curit\u00e9 des travailleurs[\/common_icon_box][\/vc_column][vc_column width=\u00a0\u00bb1\/4&Prime; gradient_colors=\u00a0\u00bb%5B%7B%7D%5D\u00a0\u00bb css=\u00a0\u00bb.vc_custom_1563045194209{padding-left: 37px !important;}\u00a0\u00bb][common_icon_box title=\u00a0\u00bbExp\u00e9rience\u00a0\u00bb image=\u00a0\u00bb6093&Prime;]Nous disposons d&rsquo;un large \u00e9ventail de connaissances acquises au fil des ann\u00e9es dans le secteur[\/common_icon_box][\/vc_column][\/vc_row][vc_row full_width=\u00a0\u00bbstretch_row\u00a0\u00bb pix_padding_top=\u00a0\u00bbpadding S\u00a0\u00bb pix_padding_bottom=\u00a0\u00bbpadding XL\u00a0\u00bb gradient_colors=\u00a0\u00bb%5B%7B%7D%5D\u00a0\u00bb pix_padding=\u00a0\u00bbpix-padding-both\u00a0\u00bb css=\u00a0\u00bb.vc_custom_1668605555409{background-color: #f6f6f7 !important;}\u00a0\u00bb el_class=\u00a0\u00bbvantaggi\u00a0\u00bb][vc_column width=\u00a0\u00bb1\/4&Prime; gradient_colors=\u00a0\u00bb%5B%7B%7D%5D\u00a0\u00bb css=\u00a0\u00bb.vc_custom_1563044527079{padding-right: 38px !important;}\u00a0\u00bb][\/vc_column][vc_column width=\u00a0\u00bb1\/4&Prime; gradient_colors=\u00a0\u00bb%5B%7B%7D%5D\u00a0\u00bb css=\u00a0\u00bb.vc_custom_1563044667137{padding-right: 25px !important;padding-left: 12px !important;}\u00a0\u00bb][common_icon_box image=\u00a0\u00bb6096&Prime; title=\u00a0\u00bbPersonnalisation\u00a0\u00bb]Nous r\u00e9alisons des installations sur la base des besoins sp\u00e9cifiques du client[\/common_icon_box][\/vc_column][vc_column width=\u00a0\u00bb1\/4&Prime; gradient_colors=\u00a0\u00bb%5B%7B%7D%5D\u00a0\u00bb css=\u00a0\u00bb.vc_custom_1563045186756{padding-right: 13px !important;padding-left: 25px !important;}\u00a0\u00bb][common_icon_box image=\u00a0\u00bb6100&Prime; title=\u00a0\u00bbAssistance\u00a0\u00bb]Nous offrons un service d&rsquo;assistance et de maintenance professionnel et qualifi\u00e9[\/common_icon_box][\/vc_column][vc_column width=\u00a0\u00bb1\/4&Prime; gradient_colors=\u00a0\u00bb%5B%7B%7D%5D\u00a0\u00bb css=\u00a0\u00bb.vc_custom_1563045194209{padding-left: 37px !important;}\u00a0\u00bb][common_icon_box image=\u00a0\u00bb6098&Prime; title=\u00a0\u00bbCl\u00e9s en main\u00a0\u00bb]Notre formule cl\u00e9s en main simplifie la complexit\u00e9 des processus[\/common_icon_box][\/vc_column][\/vc_row][vc_row full_width=\u00a0\u00bbstretch_row\u00a0\u00bb equal_height=\u00a0\u00bbyes\u00a0\u00bb pix_padding_top=\u00a0\u00bbpadding XL\u00a0\u00bb pix_padding_bottom=\u00a0\u00bbpadding XL\u00a0\u00bb gradient_colors=\u00a0\u00bb%5B%7B%7D%5D\u00a0\u00bb pix_padding=\u00a0\u00bbpix-padding-both\u00a0\u00bb css=\u00a0\u00bb.vc_custom_1656333826176{background-color: #ffffff !important;}\u00a0\u00bb][vc_column width=\u00a0\u00bb1\/4&Prime; gradient_colors=\u00a0\u00bb%5B%7B%7D%5D\u00a0\u00bb css=\u00a0\u00bb.vc_custom_1563044567723{padding-right: 38px !important;}\u00a0\u00bb][common_title title=\u00a0\u00bbNotre histoire\u00a0\u00bb padding=\u00a0\u00bboff\u00a0\u00bb position=\u00a0\u00bbtext-left\u00a0\u00bb subtitle=\u00a0\u00bbENERCON\u00a0\u00bb][\/common_title][\/vc_column][vc_column width=\u00a0\u00bb3\/4&Prime; gradient_colors=\u00a0\u00bb%5B%7B%7D%5D\u00a0\u00bb css=\u00a0\u00bb.vc_custom_1563044589461{padding-left: 12px !important;}\u00a0\u00bb][common_tab_acc tabs=\u00a0\u00bb%5B%7B%22label%22%3A%221980%22%2C%22content_t%22%3A%22Enercon%20est%20n%C3%A9e%20%C3%A0%20Brescia%20en%201980%20pour%20satisfaire%20les%20exigences%20particuli%C3%A8res%20d%E2%80%99installation%20d%E2%80%99un%20groupe%20op%C3%A9rant%20dans%20le%20secteur%20de%20l%E2%80%99%C3%A9puration%20et%20de%20l%E2%80%99%C3%A9limination%20de%20d%C3%A9chets.%20Elle%20travaille%20au%20niveau%20national%2C%20mais%20aussi%20%C3%A0%20l&rsquo;%C3%A9tranger%2C%20s&rsquo;occupant%20principalement%20de%20l&rsquo;acquisition%20de%20commandes%20et%20de%20la%20conception%20d&rsquo;installations%20industrielles%20en%20les%20externalisant.%22%2C%22link%22%3A%22url%3Ahttp%253A%252F%252Fideademo.it%252Fenercon%252Fprodotti%252F%7Ctitle%3ACosa%2520facciamo%22%2C%22tab_id%22%3A%221665653503%22%7D%2C%7B%22label%22%3A%221986%22%2C%22content_t%22%3A%22Depuis%201986%2C%20Enercon%20s&rsquo;est%20d%C3%A9velopp%C3%A9e%20et%20a%20mis%20en%20place%20sa%20propre%20unit%C3%A9%20de%20production%2C%20construisant%20ses%20%C3%A9quipements%20en%20interne%20sans%20faire%20appel%20%C3%A0%20des%20ateliers%20ext%C3%A9rieurs%2C%20et%2C%20afin%20d&rsquo;offrir%20%C3%A0%20ses%20clients%20un%20service%20complet%20d%E2%80%99assistance%20et%20de%20maintenance%2C%20elle%20a%20acquis%20un%20grand%20magasin%20de%20pi%C3%A8ces%20d%C3%A9tach%C3%A9es.%22%2C%22link%22%3A%22url%3Ahttp%253A%252F%252Fideademo.it%252Fenercon%252Fprodotti%252F%7Ctitle%3ACosa%2520facciamo%22%2C%22tab_id%22%3A%22352706552%22%7D%2C%7B%22label%22%3A%222000%22%2C%22content_t%22%3A%22En%202000%2C%20afin%20d&rsquo;%C3%A9largir%20la%20gamme%20des%20produits%20%C3%A0%20offrir%20sur%20le%20march%C3%A9%2C%20Enercon%20a%20rachet%C3%A9%20la%20marque%20et%20le%20savoir-faire%20ainsi%20que%20des%20brevets%20de%20la%20soci%C3%A9t%C3%A9%20%C2%AB%20IMEF%20%C2%BB%2C%20l%E2%80%99une%20des%20Soci%C3%A9t%C3%A9s%20leader%20sur%20le%20march%C3%A9%2C%20depuis%20plus%20de%2030%20ans%2C%20dans%20la%20fabrication%20des%20syst%C3%A8mes%20d&rsquo;incin%C3%A9ration.%22%2C%22link%22%3A%22url%3Ahttp%253A%252F%252Fideademo.it%252Fenercon%252Fprodotti%252F%7Ctitle%3ACosa%2520facciamo%22%2C%22tab_id%22%3A%221665653503%22%7D%2C%7B%22label%22%3A%222019%22%2C%22content_t%22%3A%22En%202019%2C%20nous%20avons%20investi%20dans%20la%20technologie%20Bioxigen%C2%AE%2C%20qui%20constitue%20le%20c%C5%93ur%20de%20Sanibox.%20En%20plus%20d&rsquo;%C3%AAtre%20certifi%C3%A9e%20T%C3%9CV%20Profi-Cert%2C%20cette%20technologie%20a%20%C3%A9galement%20%C3%A9t%C3%A9%20test%C3%A9e%20contre%20le%20COVID-19%20selon%20la%20norme%20EN16777-2019%20dans%20un%20laboratoire%20sp%C3%A9cialis%C3%A9%2C%20et%20les%20r%C3%A9sultats%20ont%20montr%C3%A9%20que%20le%20syst%C3%A8me%20%C3%A9tait%20efficace%20contre%20tous%20les%20virus%2C%20y%20compris%20le%20Coronavirus%20SARS-Cov-2.%22%2C%22link%22%3A%22url%3Ahttp%253A%252F%252Fideademo.it%252Fenercon%252Fprodotti%252F%7Ctitle%3ACosa%2520facciamo%22%2C%22tab_id%22%3A%221618635055%22%7D%2C%7B%22label%22%3A%222020%22%2C%22content_t%22%3A%22Outre%20le%20d%C3%A9veloppement%20de%20syst%C3%A8mes%20typiques%20de%20sa%20tradition%2C%20Enercon%20s&rsquo;est%20consacr%C3%A9e%20au%20secteur%20de%20la%20marine%20et%20de%20la%20construction%20navale%20pour%20la%20r%C3%A9alisation%20de%20prototypes%20en%20aluminium%2C%20en%20ouvrant%20la%20Division%20Enercon%20Marine%20en%202020.%22%2C%22link%22%3A%22url%3Ahttp%253A%252F%252Fideademo.it%252Fenercon%252Fprodotti%252F%7Ctitle%3ACosa%2520facciamo%22%2C%22tab_id%22%3A%221618635055%22%7D%5D\u00a0\u00bb][common_button text=\u00a0\u00bbNos Services\u00a0\u00bb link=\u00a0\u00bburl:https%3A%2F%2Fenercon.it%2Ffr%2Fnos-acrivites%2F|target:_blank\u00a0\u00bb radius=\u00a0\u00bbpix-rounded\u00a0\u00bb size_v=\u00a0\u00bbpix-v-l\u00a0\u00bb size_h=\u00a0\u00bbpix-h-m\u00a0\u00bb color=\u00a0\u00bbpix-dark\u00a0\u00bb][\/vc_column][\/vc_row][vc_row full_width=\u00a0\u00bbstretch_row\u00a0\u00bb equal_height=\u00a0\u00bbyes\u00a0\u00bb pix_padding_top=\u00a0\u00bbpadding XL\u00a0\u00bb pix_padding_bottom=\u00a0\u00bbpadding XL\u00a0\u00bb ptextcolor=\u00a0\u00bbBlack\u00a0\u00bb gradient_colors=\u00a0\u00bb%5B%7B%7D%5D\u00a0\u00bb pix_padding=\u00a0\u00bbpix-padding-both\u00a0\u00bb css=\u00a0\u00bb.vc_custom_1656334152884{background-color: #f6f6f7 !important;}\u00a0\u00bb][vc_column width=\u00a0\u00bb1\/4&Prime; gradient_colors=\u00a0\u00bb%5B%7B%7D%5D\u00a0\u00bb css=\u00a0\u00bb.vc_custom_1563044559417{padding-right: 38px !important;}\u00a0\u00bb][common_title title=\u00a0\u00bbNotre politique de qualit\u00e9\u00a0\u00bb padding=\u00a0\u00bboff\u00a0\u00bb position=\u00a0\u00bbtext-left\u00a0\u00bb subtitle=\u00a0\u00bbCERTIFICATIONS\u00a0\u00bb][\/common_title][\/vc_column][vc_column width=\u00a0\u00bb3\/4&Prime; gradient_colors=\u00a0\u00bb%5B%7B%7D%5D\u00a0\u00bb css=\u00a0\u00bb.vc_custom_1563044595682{padding-left: 12px !important;}\u00a0\u00bb][vc_column_text]Enercon a une connaissance approfondie des normes, des r\u00e9glementations et des lois qui, de par leur complexit\u00e9, rendent de nombreuses r\u00e9alisations et op\u00e9rations du secteur de la production industrielle, difficiles. Le bureau d\u2019\u00e9tude Enercon est \u00e0 votre disposition pour une coop\u00e9ration fructueuse et pour tout autre renseignement. Tout le personnel de Enercon est impliqu\u00e9 dans la politique de Qualit\u00e9 et chaque processus de l&rsquo;entreprise fait l&rsquo;objet d&rsquo;un contr\u00f4le permanent.[\/vc_column_text][common_icon_box icon_type=\u00a0\u00bbfont\u00a0\u00bb icon_pixfontawesome=\u00a0\u00bbfa fa-check\u00a0\u00bb icon_size=\u00a0\u00bbpix-icon-s\u00a0\u00bb link=\u00a0\u00bburl:https%3A%2F%2Fenercon.it%2Fwp-content%2Fuploads%2Fdownload%2FCertficato_ISO%25209001%2520scad._3.10.2023_IT.pdf\u00a0\u00bb title=\u00a0\u00bbCertification ISO 9001:2015&Prime;][\/common_icon_box][common_icon_box icon_type=\u00a0\u00bbfont\u00a0\u00bb icon_pixfontawesome=\u00a0\u00bbfa fa-check\u00a0\u00bb icon_size=\u00a0\u00bbpix-icon-s\u00a0\u00bb link=\u00a0\u00bburl:https%3A%2F%2Fenercon.it%2Fwp-content%2Fuploads%2Fdownload%2FCERTIFICATO%2520N.%25203900372-EN1090-IT.pdf\u00a0\u00bb title=\u00a0\u00bbCertification EN1090 1:2009 + A1:2011&Prime;][\/common_icon_box][common_icon_box icon_type=\u00a0\u00bbfont\u00a0\u00bb icon_pixfontawesome=\u00a0\u00bbfa fa-check\u00a0\u00bb icon_size=\u00a0\u00bbpix-icon-s\u00a0\u00bb link=\u00a0\u00bburl:https%3A%2F%2Fenercon.it%2Fwp-content%2Fuploads%2FCertificate_A47E53D7-292_en.pdf\u00a0\u00bb title=\u00a0\u00bbCertification EN-ISO-3834&Prime;][\/common_icon_box][\/vc_column][\/vc_row]<\/p>\n","protected":false},"excerpt":{"rendered":"<p>[vc_row pix_padding_top=\u00a0\u00bbpadding No\u00a0\u00bb pix_padding_bottom=\u00a0\u00bbpadding XL\u00a0\u00bb gradient_colors=\u00a0\u00bb%5B%7B%7D%5D\u00a0\u00bb pix_padding=\u00a0\u00bbpix-padding-both\u00a0\u00bb css=\u00a0\u00bb.vc_custom_1668605138356{background-color: #ffffff !important;}\u00a0\u00bb el_class=\u00a0\u00bbchi-siamo\u00a0\u00bb][vc_column width=\u00a0\u00bb1\/4&Prime; gradient_colors=\u00a0\u00bb%5B%7B%7D%5D\u00a0\u00bb css=\u00a0\u00bb.vc_custom_1563044511886{padding-right: 38px !important;}\u00a0\u00bb][common_title title=\u00a0\u00bbFabricant d&rsquo;installations industrielles depuis 1980&Prime; padding=\u00a0\u00bboff\u00a0\u00bb position=\u00a0\u00bbtext-left\u00a0\u00bb subtitle=\u00a0\u00bbQUI NOUS-SOMMES\u00a0\u00bb][\/common_title][\/vc_column][vc_column width=\u00a0\u00bb3\/4&Prime; gradient_colors=\u00a0\u00bb%5B%7B%7D%5D\u00a0\u00bb css=\u00a0\u00bb.vc_custom_1563044519551{padding-left: 12px !important;}\u00a0\u00bb][vc_column_text]Enercon est une Soci\u00e9t\u00e9 leader dans le domaine des syst\u00e8mes d&rsquo;extraction et de filtration en Italie et dans le monde (Division Air filtration system). La connaissance [&hellip;]<\/p>\n","protected":false},"author":1,"featured_media":8499,"parent":0,"menu_order":0,"comment_status":"closed","ping_status":"closed","template":"","meta":{"inline_featured_image":false,"footnotes":""},"class_list":["post-9717","page","type-page","status-publish","has-post-thumbnail","hentry"],"yoast_head":"<!-- This site is optimized with the Yoast SEO plugin v23.8 - https:\/\/yoast.com\/wordpress\/plugins\/seo\/ -->\n<title>Fabricant d&#039;installations industrielles | Enercon<\/title>\n<meta name=\"description\" content=\"Enercon est un leader dans le domaine des \u00e9quipements d&#039;aspiration et de filtration. Elle fournit des syst\u00e8mes cl\u00e9s en main applicables dans les secteurs industriels. Lire la suite.\" \/>\n<meta name=\"robots\" content=\"index, follow, max-snippet:-1, max-image-preview:large, max-video-preview:-1\" \/>\n<link rel=\"canonical\" href=\"https:\/\/enercon.it\/fr\/qui-sommes-nous\/\" \/>\n<meta property=\"og:locale\" content=\"fr_FR\" \/>\n<meta property=\"og:type\" content=\"article\" \/>\n<meta property=\"og:title\" content=\"Fabricant d&#039;installations industrielles | Enercon\" \/>\n<meta property=\"og:description\" content=\"Enercon est un leader dans le domaine des \u00e9quipements d&#039;aspiration et de filtration. Elle fournit des syst\u00e8mes cl\u00e9s en main applicables dans les secteurs industriels. Lire la suite.\" \/>\n<meta property=\"og:url\" content=\"https:\/\/enercon.it\/fr\/qui-sommes-nous\/\" \/>\n<meta property=\"og:site_name\" content=\"Enercon\" \/>\n<meta property=\"article:modified_time\" content=\"2023-01-17T09:36:57+00:00\" \/>\n<meta property=\"og:image\" content=\"https:\/\/enercon.it\/wp-content\/uploads\/impianto-aspirazione-nebbie-oleose-tecopress-spa-colosio-ita.jpg\" \/>\n\t<meta property=\"og:image:width\" content=\"900\" \/>\n\t<meta property=\"og:image:height\" content=\"600\" \/>\n\t<meta property=\"og:image:type\" content=\"image\/jpeg\" \/>\n<meta name=\"twitter:card\" content=\"summary_large_image\" \/>\n<meta name=\"twitter:label1\" content=\"Dur\u00e9e de lecture estim\u00e9e\" \/>\n\t<meta name=\"twitter:data1\" content=\"8 minutes\" \/>\n<script type=\"application\/ld+json\" class=\"yoast-schema-graph\">{\"@context\":\"https:\/\/schema.org\",\"@graph\":[{\"@type\":\"WebPage\",\"@id\":\"https:\/\/enercon.it\/fr\/qui-sommes-nous\/\",\"url\":\"https:\/\/enercon.it\/fr\/qui-sommes-nous\/\",\"name\":\"Fabricant d'installations industrielles | Enercon\",\"isPartOf\":{\"@id\":\"https:\/\/enercon.it\/#website\"},\"primaryImageOfPage\":{\"@id\":\"https:\/\/enercon.it\/fr\/qui-sommes-nous\/#primaryimage\"},\"image\":{\"@id\":\"https:\/\/enercon.it\/fr\/qui-sommes-nous\/#primaryimage\"},\"thumbnailUrl\":\"https:\/\/enercon.it\/wp-content\/uploads\/impianto-aspirazione-nebbie-oleose-tecopress-spa-colosio-ita.jpg\",\"datePublished\":\"2022-05-17T07:48:06+00:00\",\"dateModified\":\"2023-01-17T09:36:57+00:00\",\"description\":\"Enercon est un leader dans le domaine des \u00e9quipements d'aspiration et de filtration. Elle fournit des syst\u00e8mes cl\u00e9s en main applicables dans les secteurs industriels. Lire la suite.\",\"breadcrumb\":{\"@id\":\"https:\/\/enercon.it\/fr\/qui-sommes-nous\/#breadcrumb\"},\"inLanguage\":\"fr-FR\",\"potentialAction\":[{\"@type\":\"ReadAction\",\"target\":[\"https:\/\/enercon.it\/fr\/qui-sommes-nous\/\"]}]},{\"@type\":\"ImageObject\",\"inLanguage\":\"fr-FR\",\"@id\":\"https:\/\/enercon.it\/fr\/qui-sommes-nous\/#primaryimage\",\"url\":\"https:\/\/enercon.it\/wp-content\/uploads\/impianto-aspirazione-nebbie-oleose-tecopress-spa-colosio-ita.jpg\",\"contentUrl\":\"https:\/\/enercon.it\/wp-content\/uploads\/impianto-aspirazione-nebbie-oleose-tecopress-spa-colosio-ita.jpg\",\"width\":900,\"height\":600},{\"@type\":\"BreadcrumbList\",\"@id\":\"https:\/\/enercon.it\/fr\/qui-sommes-nous\/#breadcrumb\",\"itemListElement\":[{\"@type\":\"ListItem\",\"position\":1,\"name\":\"Home\",\"item\":\"https:\/\/enercon.it\/fr\/\"},{\"@type\":\"ListItem\",\"position\":2,\"name\":\"Qui sommes-nous\"}]},{\"@type\":\"WebSite\",\"@id\":\"https:\/\/enercon.it\/#website\",\"url\":\"https:\/\/enercon.it\/\",\"name\":\"Enercon\",\"description\":\"Depurazione di inquinanti atmosferici\",\"publisher\":{\"@id\":\"https:\/\/enercon.it\/#organization\"},\"potentialAction\":[{\"@type\":\"SearchAction\",\"target\":{\"@type\":\"EntryPoint\",\"urlTemplate\":\"https:\/\/enercon.it\/?s={search_term_string}\"},\"query-input\":{\"@type\":\"PropertyValueSpecification\",\"valueRequired\":true,\"valueName\":\"search_term_string\"}}],\"inLanguage\":\"fr-FR\"},{\"@type\":\"Organization\",\"@id\":\"https:\/\/enercon.it\/#organization\",\"name\":\"Enercon S.r.l.\",\"url\":\"https:\/\/enercon.it\/\",\"logo\":{\"@type\":\"ImageObject\",\"inLanguage\":\"fr-FR\",\"@id\":\"https:\/\/enercon.it\/#\/schema\/logo\/image\/\",\"url\":\"https:\/\/enercon.it\/wp-content\/uploads\/2022\/05\/logo-enercon.png\",\"contentUrl\":\"https:\/\/enercon.it\/wp-content\/uploads\/2022\/05\/logo-enercon.png\",\"width\":270,\"height\":110,\"caption\":\"Enercon S.r.l.\"},\"image\":{\"@id\":\"https:\/\/enercon.it\/#\/schema\/logo\/image\/\"}}]}<\/script>\n<!-- \/ Yoast SEO plugin. -->","yoast_head_json":{"title":"Fabricant d'installations industrielles | Enercon","description":"Enercon est un leader dans le domaine des \u00e9quipements d'aspiration et de filtration. Elle fournit des syst\u00e8mes cl\u00e9s en main applicables dans les secteurs industriels. Lire la suite.","robots":{"index":"index","follow":"follow","max-snippet":"max-snippet:-1","max-image-preview":"max-image-preview:large","max-video-preview":"max-video-preview:-1"},"canonical":"https:\/\/enercon.it\/fr\/qui-sommes-nous\/","og_locale":"fr_FR","og_type":"article","og_title":"Fabricant d'installations industrielles | Enercon","og_description":"Enercon est un leader dans le domaine des \u00e9quipements d'aspiration et de filtration. Elle fournit des syst\u00e8mes cl\u00e9s en main applicables dans les secteurs industriels. Lire la suite.","og_url":"https:\/\/enercon.it\/fr\/qui-sommes-nous\/","og_site_name":"Enercon","article_modified_time":"2023-01-17T09:36:57+00:00","og_image":[{"width":900,"height":600,"url":"https:\/\/enercon.it\/wp-content\/uploads\/impianto-aspirazione-nebbie-oleose-tecopress-spa-colosio-ita.jpg","type":"image\/jpeg"}],"twitter_card":"summary_large_image","twitter_misc":{"Dur\u00e9e de lecture estim\u00e9e":"8 minutes"},"schema":{"@context":"https:\/\/schema.org","@graph":[{"@type":"WebPage","@id":"https:\/\/enercon.it\/fr\/qui-sommes-nous\/","url":"https:\/\/enercon.it\/fr\/qui-sommes-nous\/","name":"Fabricant d'installations industrielles | Enercon","isPartOf":{"@id":"https:\/\/enercon.it\/#website"},"primaryImageOfPage":{"@id":"https:\/\/enercon.it\/fr\/qui-sommes-nous\/#primaryimage"},"image":{"@id":"https:\/\/enercon.it\/fr\/qui-sommes-nous\/#primaryimage"},"thumbnailUrl":"https:\/\/enercon.it\/wp-content\/uploads\/impianto-aspirazione-nebbie-oleose-tecopress-spa-colosio-ita.jpg","datePublished":"2022-05-17T07:48:06+00:00","dateModified":"2023-01-17T09:36:57+00:00","description":"Enercon est un leader dans le domaine des \u00e9quipements d'aspiration et de filtration. Elle fournit des syst\u00e8mes cl\u00e9s en main applicables dans les secteurs industriels. Lire la suite.","breadcrumb":{"@id":"https:\/\/enercon.it\/fr\/qui-sommes-nous\/#breadcrumb"},"inLanguage":"fr-FR","potentialAction":[{"@type":"ReadAction","target":["https:\/\/enercon.it\/fr\/qui-sommes-nous\/"]}]},{"@type":"ImageObject","inLanguage":"fr-FR","@id":"https:\/\/enercon.it\/fr\/qui-sommes-nous\/#primaryimage","url":"https:\/\/enercon.it\/wp-content\/uploads\/impianto-aspirazione-nebbie-oleose-tecopress-spa-colosio-ita.jpg","contentUrl":"https:\/\/enercon.it\/wp-content\/uploads\/impianto-aspirazione-nebbie-oleose-tecopress-spa-colosio-ita.jpg","width":900,"height":600},{"@type":"BreadcrumbList","@id":"https:\/\/enercon.it\/fr\/qui-sommes-nous\/#breadcrumb","itemListElement":[{"@type":"ListItem","position":1,"name":"Home","item":"https:\/\/enercon.it\/fr\/"},{"@type":"ListItem","position":2,"name":"Qui sommes-nous"}]},{"@type":"WebSite","@id":"https:\/\/enercon.it\/#website","url":"https:\/\/enercon.it\/","name":"Enercon","description":"Depurazione di inquinanti atmosferici","publisher":{"@id":"https:\/\/enercon.it\/#organization"},"potentialAction":[{"@type":"SearchAction","target":{"@type":"EntryPoint","urlTemplate":"https:\/\/enercon.it\/?s={search_term_string}"},"query-input":{"@type":"PropertyValueSpecification","valueRequired":true,"valueName":"search_term_string"}}],"inLanguage":"fr-FR"},{"@type":"Organization","@id":"https:\/\/enercon.it\/#organization","name":"Enercon S.r.l.","url":"https:\/\/enercon.it\/","logo":{"@type":"ImageObject","inLanguage":"fr-FR","@id":"https:\/\/enercon.it\/#\/schema\/logo\/image\/","url":"https:\/\/enercon.it\/wp-content\/uploads\/2022\/05\/logo-enercon.png","contentUrl":"https:\/\/enercon.it\/wp-content\/uploads\/2022\/05\/logo-enercon.png","width":270,"height":110,"caption":"Enercon S.r.l."},"image":{"@id":"https:\/\/enercon.it\/#\/schema\/logo\/image\/"}}]}},"_links":{"self":[{"href":"https:\/\/enercon.it\/fr\/wp-json\/wp\/v2\/pages\/9717"}],"collection":[{"href":"https:\/\/enercon.it\/fr\/wp-json\/wp\/v2\/pages"}],"about":[{"href":"https:\/\/enercon.it\/fr\/wp-json\/wp\/v2\/types\/page"}],"author":[{"embeddable":true,"href":"https:\/\/enercon.it\/fr\/wp-json\/wp\/v2\/users\/1"}],"replies":[{"embeddable":true,"href":"https:\/\/enercon.it\/fr\/wp-json\/wp\/v2\/comments?post=9717"}],"version-history":[{"count":13,"href":"https:\/\/enercon.it\/fr\/wp-json\/wp\/v2\/pages\/9717\/revisions"}],"predecessor-version":[{"id":10359,"href":"https:\/\/enercon.it\/fr\/wp-json\/wp\/v2\/pages\/9717\/revisions\/10359"}],"wp:featuredmedia":[{"embeddable":true,"href":"https:\/\/enercon.it\/fr\/wp-json\/wp\/v2\/media\/8499"}],"wp:attachment":[{"href":"https:\/\/enercon.it\/fr\/wp-json\/wp\/v2\/media?parent=9717"}],"curies":[{"name":"wp","href":"https:\/\/api.w.org\/{rel}","templated":true}]}}