{"id":86933,"date":"2025-08-18T19:51:14","date_gmt":"2025-08-18T19:51:14","guid":{"rendered":"https:\/\/enercon.it\/?page_id=86933"},"modified":"2025-08-18T21:28:16","modified_gmt":"2025-08-18T21:28:16","slug":"accessibility","status":"publish","type":"page","link":"https:\/\/enercon.it\/fr\/accessibility\/","title":{"rendered":"Accessibility"},"content":{"rendered":"<p>[vc_row pix_padding_top=\u00a0\u00bbpadding No\u00a0\u00bb pix_padding_bottom=\u00a0\u00bbpadding XL\u00a0\u00bb gradient_colors=\u00a0\u00bb%5B%7B%7D%5D\u00a0\u00bb pix_padding=\u00a0\u00bbpix-padding-both\u00a0\u00bb css=\u00a0\u00bb.vc_custom_1668605138356{background-color: #ffffff !important;}\u00a0\u00bb el_class=\u00a0\u00bbchi-siamo\u00a0\u00bb][vc_column gradient_colors=\u00a0\u00bb%5B%7B%7D%5D\u00a0\u00bb css=\u00a0\u00bb.vc_custom_1563044511886{padding-right: 38px !important;}\u00a0\u00bb][vc_column_text]ENERCON is committed to providing a fully accessible web experience for all users of all abilities, including those who rely on assistive technologies such as screen readers, screen magnification software and alternative input devices to navigate the web.<\/p>\n<p><strong>Continuous efforts to ensure accessibility<\/strong><br \/>\nWe follow the Web Content Accessibility Guidelines (WCAG) version 2.1 as our guiding principle for determining accessibility. These are internationally agreed standards that cover a wide range of recommendations and best practices for making content usable. As we add new pages and functionalities to our website, all design, code and content insertion practices are checked to comply with these standards.<br \/>\nWeb site accessibility is an ongoing process. We constantly test content and functionality for compliance with AA WCAG 2.1 level and remediate any issues to ensure that we meet or exceed the standards. Testing of our website is carried out by our team members using industry standard tools, colour contrast analysers, keyboard-only navigation techniques and readability testing.<\/p>\n<p><strong>Compliance status<\/strong><br \/>\nThe website is <strong>partially compliant<\/strong> with the requirements of annex A of <strong>UNI EN 301549:2018 (WCAG 2.1)<\/strong> and the requirements of annex A DM 5 July 2005 (WCAG 2.0).<br \/>\nPursuant to Article 25, paragraph 1 of Legislative Decree No. 82 of 27 May 2022, this website was legitimately created and used before 28 June 2025 and has already been optimised to the maximum technical possibilities currently available.<br \/>\nThe necessary work will continue progressively so that the site becomes fully compliant.<br \/>\nIn the event of difficulties in navigating the site, our support team is available via the contacts below to provide the necessary assistance.<\/p>\n<p><strong>Accessibility features on our website<\/strong><br \/>\nBelow is a list of elements we have included on our website to improve accessibility:<\/p>\n<ul>\n<li style=\"color: #595959 !important;\">Use of clear and readable language<\/li>\n<li style=\"color: #595959 !important;\">Responsive layout that is readable on any device<\/li>\n<li style=\"color: #595959 !important;\">Adequate visual contrasts<\/li>\n<li style=\"color: #595959 !important;\">Keyboard navigation enabled<\/li>\n<li style=\"color: #595959 !important;\">Compatibility with major screen readers<\/li>\n<li style=\"color: #595959 !important;\">Alternative descriptive texts for main images<\/li>\n<li style=\"color: #595959 !important;\">Checks via automatic tools and manual tests<\/li>\n<\/ul>\n<p><strong>Where we are improving<\/strong><br \/>\nIn our efforts to bring our website up to standard, we are focusing on the following areas:<\/p>\n<ul>\n<li style=\"color: #595959 !important;\">Implementing correct markup using semantic elements<\/li>\n<li style=\"color: #595959 !important;\">Implementing link text describing the purpose of a link for some icons<\/li>\n<\/ul>\n<p>This is part of our wider effort to make everyone\u2019s experience at ENERCON welcoming and enjoyable. Please note that while we make every effort to provide accessible information for all users, we cannot guarantee the accessibility of third party websites to which we may link.<\/p>\n<p><strong>Accessibility support contact<\/strong><br \/>\nWe welcome comments, questions and feedback on our website. If you are using assistive technology and have difficulty using our website, please email <a style=\"color: #000; text-decoration: underline;\" title=\"mailto:info@enercon.it\" href=\"mailto:info@enercon.it\" target=\"_blank\" rel=\"noreferrer noopener\" aria-label=\"Collegamento info@enercon.it\">info@enercon.it<\/a> or call us on 0365 373193. We will do our best to assist you and resolve any problems.<\/p>\n<p><strong>Drafting of the statement<\/strong><br \/>\nDate of drafting: <strong>18 August 2025<\/strong><br \/>\nAssessment method: Internal self-assessment using automated tools, manual testing and technical review<\/p>\n<p><strong>Technical information<\/strong><\/p>\n<ul>\n<li style=\"color: #595959 !important;\">CMS used: <strong>WordPress<\/strong><\/li>\n<\/ul>\n<p>[\/vc_column_text][\/vc_column][\/vc_row]<\/p>\n","protected":false},"excerpt":{"rendered":"<p>[vc_row pix_padding_top=\u00a0\u00bbpadding No\u00a0\u00bb pix_padding_bottom=\u00a0\u00bbpadding XL\u00a0\u00bb gradient_colors=\u00a0\u00bb%5B%7B%7D%5D\u00a0\u00bb pix_padding=\u00a0\u00bbpix-padding-both\u00a0\u00bb css=\u00a0\u00bb.vc_custom_1668605138356{background-color: #ffffff !important;}\u00a0\u00bb el_class=\u00a0\u00bbchi-siamo\u00a0\u00bb][vc_column gradient_colors=\u00a0\u00bb%5B%7B%7D%5D\u00a0\u00bb css=\u00a0\u00bb.vc_custom_1563044511886{padding-right: 38px !important;}\u00a0\u00bb][vc_column_text]ENERCON is committed to providing a fully accessible web experience for all users of all abilities, including those who rely on assistive technologies such as screen readers, screen magnification software and alternative input devices to navigate the web. Continuous efforts to [&hellip;]<\/p>\n","protected":false},"author":4,"featured_media":8499,"parent":0,"menu_order":0,"comment_status":"closed","ping_status":"closed","template":"","meta":{"inline_featured_image":false,"footnotes":""},"class_list":["post-86933","page","type-page","status-publish","has-post-thumbnail","hentry"],"yoast_head":"<!-- This site is optimized with the Yoast SEO plugin v23.8 - https:\/\/yoast.com\/wordpress\/plugins\/seo\/ -->\n<title>Fabricant d&#039;installations industrielles | Enercon<\/title>\n<meta name=\"description\" content=\"Enercon est un leader dans le domaine des \u00e9quipements d&#039;aspiration et de filtration. Elle fournit des syst\u00e8mes cl\u00e9s en main applicables dans les secteurs industriels. Lire la suite.\" \/>\n<meta name=\"robots\" content=\"index, follow, max-snippet:-1, max-image-preview:large, max-video-preview:-1\" \/>\n<link rel=\"canonical\" href=\"https:\/\/enercon.it\/fr\/accessibility\/\" \/>\n<meta property=\"og:locale\" content=\"fr_FR\" \/>\n<meta property=\"og:type\" content=\"article\" \/>\n<meta property=\"og:title\" content=\"Fabricant d&#039;installations industrielles | Enercon\" \/>\n<meta property=\"og:description\" content=\"Enercon est un leader dans le domaine des \u00e9quipements d&#039;aspiration et de filtration. Elle fournit des syst\u00e8mes cl\u00e9s en main applicables dans les secteurs industriels. Lire la suite.\" \/>\n<meta property=\"og:url\" content=\"https:\/\/enercon.it\/fr\/accessibility\/\" \/>\n<meta property=\"og:site_name\" content=\"Enercon\" \/>\n<meta property=\"article:modified_time\" content=\"2025-08-18T21:28:16+00:00\" \/>\n<meta property=\"og:image\" content=\"https:\/\/enercon.it\/wp-content\/uploads\/impianto-aspirazione-nebbie-oleose-tecopress-spa-colosio-ita.jpg\" \/>\n\t<meta property=\"og:image:width\" content=\"900\" \/>\n\t<meta property=\"og:image:height\" content=\"600\" \/>\n\t<meta property=\"og:image:type\" content=\"image\/jpeg\" \/>\n<meta name=\"twitter:card\" content=\"summary_large_image\" \/>\n<meta name=\"twitter:label1\" content=\"Dur\u00e9e de lecture estim\u00e9e\" \/>\n\t<meta name=\"twitter:data1\" content=\"3 minutes\" \/>\n<script type=\"application\/ld+json\" class=\"yoast-schema-graph\">{\"@context\":\"https:\/\/schema.org\",\"@graph\":[{\"@type\":\"WebPage\",\"@id\":\"https:\/\/enercon.it\/fr\/accessibility\/\",\"url\":\"https:\/\/enercon.it\/fr\/accessibility\/\",\"name\":\"Fabricant d'installations industrielles | Enercon\",\"isPartOf\":{\"@id\":\"https:\/\/enercon.it\/#website\"},\"primaryImageOfPage\":{\"@id\":\"https:\/\/enercon.it\/fr\/accessibility\/#primaryimage\"},\"image\":{\"@id\":\"https:\/\/enercon.it\/fr\/accessibility\/#primaryimage\"},\"thumbnailUrl\":\"https:\/\/enercon.it\/wp-content\/uploads\/impianto-aspirazione-nebbie-oleose-tecopress-spa-colosio-ita.jpg\",\"datePublished\":\"2025-08-18T19:51:14+00:00\",\"dateModified\":\"2025-08-18T21:28:16+00:00\",\"description\":\"Enercon est un leader dans le domaine des \u00e9quipements d'aspiration et de filtration. Elle fournit des syst\u00e8mes cl\u00e9s en main applicables dans les secteurs industriels. Lire la suite.\",\"breadcrumb\":{\"@id\":\"https:\/\/enercon.it\/fr\/accessibility\/#breadcrumb\"},\"inLanguage\":\"fr-FR\",\"potentialAction\":[{\"@type\":\"ReadAction\",\"target\":[\"https:\/\/enercon.it\/fr\/accessibility\/\"]}]},{\"@type\":\"ImageObject\",\"inLanguage\":\"fr-FR\",\"@id\":\"https:\/\/enercon.it\/fr\/accessibility\/#primaryimage\",\"url\":\"https:\/\/enercon.it\/wp-content\/uploads\/impianto-aspirazione-nebbie-oleose-tecopress-spa-colosio-ita.jpg\",\"contentUrl\":\"https:\/\/enercon.it\/wp-content\/uploads\/impianto-aspirazione-nebbie-oleose-tecopress-spa-colosio-ita.jpg\",\"width\":900,\"height\":600},{\"@type\":\"BreadcrumbList\",\"@id\":\"https:\/\/enercon.it\/fr\/accessibility\/#breadcrumb\",\"itemListElement\":[{\"@type\":\"ListItem\",\"position\":1,\"name\":\"Home\",\"item\":\"https:\/\/enercon.it\/fr\/\"},{\"@type\":\"ListItem\",\"position\":2,\"name\":\"Accessibility\"}]},{\"@type\":\"WebSite\",\"@id\":\"https:\/\/enercon.it\/#website\",\"url\":\"https:\/\/enercon.it\/\",\"name\":\"Enercon\",\"description\":\"Depurazione di inquinanti atmosferici\",\"publisher\":{\"@id\":\"https:\/\/enercon.it\/#organization\"},\"potentialAction\":[{\"@type\":\"SearchAction\",\"target\":{\"@type\":\"EntryPoint\",\"urlTemplate\":\"https:\/\/enercon.it\/?s={search_term_string}\"},\"query-input\":{\"@type\":\"PropertyValueSpecification\",\"valueRequired\":true,\"valueName\":\"search_term_string\"}}],\"inLanguage\":\"fr-FR\"},{\"@type\":\"Organization\",\"@id\":\"https:\/\/enercon.it\/#organization\",\"name\":\"Enercon S.r.l.\",\"url\":\"https:\/\/enercon.it\/\",\"logo\":{\"@type\":\"ImageObject\",\"inLanguage\":\"fr-FR\",\"@id\":\"https:\/\/enercon.it\/#\/schema\/logo\/image\/\",\"url\":\"https:\/\/enercon.it\/wp-content\/uploads\/2022\/05\/logo-enercon.png\",\"contentUrl\":\"https:\/\/enercon.it\/wp-content\/uploads\/2022\/05\/logo-enercon.png\",\"width\":270,\"height\":110,\"caption\":\"Enercon S.r.l.\"},\"image\":{\"@id\":\"https:\/\/enercon.it\/#\/schema\/logo\/image\/\"}}]}<\/script>\n<!-- \/ Yoast SEO plugin. -->","yoast_head_json":{"title":"Fabricant d'installations industrielles | Enercon","description":"Enercon est un leader dans le domaine des \u00e9quipements d'aspiration et de filtration. Elle fournit des syst\u00e8mes cl\u00e9s en main applicables dans les secteurs industriels. Lire la suite.","robots":{"index":"index","follow":"follow","max-snippet":"max-snippet:-1","max-image-preview":"max-image-preview:large","max-video-preview":"max-video-preview:-1"},"canonical":"https:\/\/enercon.it\/fr\/accessibility\/","og_locale":"fr_FR","og_type":"article","og_title":"Fabricant d'installations industrielles | Enercon","og_description":"Enercon est un leader dans le domaine des \u00e9quipements d'aspiration et de filtration. Elle fournit des syst\u00e8mes cl\u00e9s en main applicables dans les secteurs industriels. Lire la suite.","og_url":"https:\/\/enercon.it\/fr\/accessibility\/","og_site_name":"Enercon","article_modified_time":"2025-08-18T21:28:16+00:00","og_image":[{"width":900,"height":600,"url":"https:\/\/enercon.it\/wp-content\/uploads\/impianto-aspirazione-nebbie-oleose-tecopress-spa-colosio-ita.jpg","type":"image\/jpeg"}],"twitter_card":"summary_large_image","twitter_misc":{"Dur\u00e9e de lecture estim\u00e9e":"3 minutes"},"schema":{"@context":"https:\/\/schema.org","@graph":[{"@type":"WebPage","@id":"https:\/\/enercon.it\/fr\/accessibility\/","url":"https:\/\/enercon.it\/fr\/accessibility\/","name":"Fabricant d'installations industrielles | Enercon","isPartOf":{"@id":"https:\/\/enercon.it\/#website"},"primaryImageOfPage":{"@id":"https:\/\/enercon.it\/fr\/accessibility\/#primaryimage"},"image":{"@id":"https:\/\/enercon.it\/fr\/accessibility\/#primaryimage"},"thumbnailUrl":"https:\/\/enercon.it\/wp-content\/uploads\/impianto-aspirazione-nebbie-oleose-tecopress-spa-colosio-ita.jpg","datePublished":"2025-08-18T19:51:14+00:00","dateModified":"2025-08-18T21:28:16+00:00","description":"Enercon est un leader dans le domaine des \u00e9quipements d'aspiration et de filtration. Elle fournit des syst\u00e8mes cl\u00e9s en main applicables dans les secteurs industriels. Lire la suite.","breadcrumb":{"@id":"https:\/\/enercon.it\/fr\/accessibility\/#breadcrumb"},"inLanguage":"fr-FR","potentialAction":[{"@type":"ReadAction","target":["https:\/\/enercon.it\/fr\/accessibility\/"]}]},{"@type":"ImageObject","inLanguage":"fr-FR","@id":"https:\/\/enercon.it\/fr\/accessibility\/#primaryimage","url":"https:\/\/enercon.it\/wp-content\/uploads\/impianto-aspirazione-nebbie-oleose-tecopress-spa-colosio-ita.jpg","contentUrl":"https:\/\/enercon.it\/wp-content\/uploads\/impianto-aspirazione-nebbie-oleose-tecopress-spa-colosio-ita.jpg","width":900,"height":600},{"@type":"BreadcrumbList","@id":"https:\/\/enercon.it\/fr\/accessibility\/#breadcrumb","itemListElement":[{"@type":"ListItem","position":1,"name":"Home","item":"https:\/\/enercon.it\/fr\/"},{"@type":"ListItem","position":2,"name":"Accessibility"}]},{"@type":"WebSite","@id":"https:\/\/enercon.it\/#website","url":"https:\/\/enercon.it\/","name":"Enercon","description":"Depurazione di inquinanti atmosferici","publisher":{"@id":"https:\/\/enercon.it\/#organization"},"potentialAction":[{"@type":"SearchAction","target":{"@type":"EntryPoint","urlTemplate":"https:\/\/enercon.it\/?s={search_term_string}"},"query-input":{"@type":"PropertyValueSpecification","valueRequired":true,"valueName":"search_term_string"}}],"inLanguage":"fr-FR"},{"@type":"Organization","@id":"https:\/\/enercon.it\/#organization","name":"Enercon S.r.l.","url":"https:\/\/enercon.it\/","logo":{"@type":"ImageObject","inLanguage":"fr-FR","@id":"https:\/\/enercon.it\/#\/schema\/logo\/image\/","url":"https:\/\/enercon.it\/wp-content\/uploads\/2022\/05\/logo-enercon.png","contentUrl":"https:\/\/enercon.it\/wp-content\/uploads\/2022\/05\/logo-enercon.png","width":270,"height":110,"caption":"Enercon S.r.l."},"image":{"@id":"https:\/\/enercon.it\/#\/schema\/logo\/image\/"}}]}},"_links":{"self":[{"href":"https:\/\/enercon.it\/fr\/wp-json\/wp\/v2\/pages\/86933"}],"collection":[{"href":"https:\/\/enercon.it\/fr\/wp-json\/wp\/v2\/pages"}],"about":[{"href":"https:\/\/enercon.it\/fr\/wp-json\/wp\/v2\/types\/page"}],"author":[{"embeddable":true,"href":"https:\/\/enercon.it\/fr\/wp-json\/wp\/v2\/users\/4"}],"replies":[{"embeddable":true,"href":"https:\/\/enercon.it\/fr\/wp-json\/wp\/v2\/comments?post=86933"}],"version-history":[{"count":2,"href":"https:\/\/enercon.it\/fr\/wp-json\/wp\/v2\/pages\/86933\/revisions"}],"predecessor-version":[{"id":86959,"href":"https:\/\/enercon.it\/fr\/wp-json\/wp\/v2\/pages\/86933\/revisions\/86959"}],"wp:featuredmedia":[{"embeddable":true,"href":"https:\/\/enercon.it\/fr\/wp-json\/wp\/v2\/media\/8499"}],"wp:attachment":[{"href":"https:\/\/enercon.it\/fr\/wp-json\/wp\/v2\/media?parent=86933"}],"curies":[{"name":"wp","href":"https:\/\/api.w.org\/{rel}","templated":true}]}}