{"id":9917,"date":"2022-05-17T08:38:15","date_gmt":"2022-05-17T08:38:15","guid":{"rendered":"https:\/\/enercon.it\/contacto\/"},"modified":"2022-11-29T13:23:03","modified_gmt":"2022-11-29T13:23:03","slug":"contacto","status":"publish","type":"page","link":"https:\/\/enercon.it\/es\/contacto\/","title":{"rendered":"Contacto"},"content":{"rendered":"<p>[vc_row pix_padding_top=\u00bbpadding No\u00bb pix_padding_bottom=\u00bbpadding No\u00bb gradient_colors=\u00bb%5B%7B%7D%5D\u00bb css=\u00bb.vc_custom_1658926433463{background-color: #f7f7f7 !important;}\u00bb][vc_column width=\u00bb1\/2&#8243; gradient_colors=\u00bb%5B%7B%7D%5D\u00bb css=\u00bb.vc_custom_1564856188150{padding-right: 33px !important;}\u00bb][common_icon_box style=\u00bbpix-ibox-top\u00bb radius=\u00bbpix-square\u00bb position_with_center=\u00bbpix-text-center\u00bb icon_type=\u00bbfont\u00bb icon_pixfontawesome=\u00bbfa fa-map-marker-alt\u00bb link=\u00bb|title:Prices||\u00bb title=\u00bbSede legal \/ Producci\u00f3n\u00bb css=\u00bb.vc_custom_1658926485377{background-color: #f7f7f7 !important;}\u00bb]<\/p>\n<p style=\"text-align: center;\">Enercon S.r.l.<br \/>\nVia Fornasina, 60<br \/>\n25080 Muscoline (BS)<br \/>\nItalia[\/common_icon_box][\/vc_column][vc_column width=\u00bb1\/2&#8243; gradient_colors=\u00bb%5B%7B%7D%5D\u00bb css=\u00bb.vc_custom_1564856231536{padding-right: 18px !important;padding-left: 17px !important;}\u00bb][common_icon_box style=\u00bbpix-ibox-top\u00bb radius=\u00bbpix-square\u00bb position_with_center=\u00bbpix-text-center\u00bb icon_type=\u00bbfont\u00bb icon_pixfontawesome=\u00bbfa fa-address-book\u00bb link=\u00bb|title:Prices||\u00bb title=\u00bbContactos\u00bb css=\u00bb.vc_custom_1658914891831{background-color: #f7f7f7 !important;}\u00bb]<\/p>\n<p style=\"text-align: center;\">Tel.: <a href=\"tel:+390365373193\">+39 0365 373193<\/a><br \/>\nFax: +39 0365 373186<br \/>\n<a href=\"mailto:info@enercon.it\">info@enercon.it<\/a>[\/common_icon_box][common_wrapper tab_id=\u00bb1658926192308-3&#8243;][vc_icon icon_fontawesome=\u00bbfab fa-facebook-f\u00bb color=\u00bbblack\u00bb size=\u00bbsm\u00bb link=\u00bburl:https%3A%2F%2Fwww.facebook.com%2Fenerconimpianti%2F\u00bb][vc_icon icon_fontawesome=\u00bbfab fa-instagram\u00bb color=\u00bbblack\u00bb size=\u00bbsm\u00bb link=\u00bburl:https%3A%2F%2Fwww.instagram.com%2Fenerconsrl%2F\u00bb][vc_icon icon_fontawesome=\u00bbfab fa-youtube\u00bb color=\u00bbblack\u00bb size=\u00bbsm\u00bb link=\u00bburl:https%3A%2F%2Fwww.youtube.com%2Fchannel%2FUCZmZhfC2pcV_0QAHRC5qsOQ\u00bb][vc_icon icon_fontawesome=\u00bbfab fa-linkedin\u00bb color=\u00bbblack\u00bb size=\u00bbsm\u00bb link=\u00bburl:https%3A%2F%2Fwww.linkedin.com%2Fcompany%2Fenercon-srl%2F\u00bb][\/common_wrapper][\/vc_column][\/vc_row][vc_row pix_padding_bottom=\u00bbpadding No\u00bb gradient_colors=\u00bb%5B%7B%7D%5D\u00bb][vc_column][common_title title=\u00bbContacto\u00bb position=\u00bbtext-left\u00bb]Enercon es una empresa de dise\u00f1o de <strong>sistemas de filtraci\u00f3n industrial e instalaciones hidr\u00e1ulicas<\/strong>. P\u00f3ngase en contacto con nosotros para obtener informaci\u00f3n m\u00e1s detallada sobre nuestros productos y servicios, o para solicitar un presupuesto personalizado.[\/common_title][\/vc_column][\/vc_row][vc_row pix_padding_top=\u00bbpadding No\u00bb pix_padding_bottom=\u00bbpadding No\u00bb gradient_colors=\u00bb%5B%7B%7D%5D\u00bb][vc_column gradient_colors=\u00bb%5B%7B%7D%5D\u00bb][common_cform7 form_id=\u00bb1768&#8243; box_gap=\u00bb50&#8243;][\/vc_column][\/vc_row][vc_row full_width=\u00bbstretch_row\u00bb pix_padding_bottom=\u00bbpadding No\u00bb gradient_colors=\u00bb%5B%7B%7D%5D\u00bb ppadding=\u00bbpix-vc_row-no-padding\u00bb][vc_column][vc_gmaps link=\u00bb#E-8_JTNDaWZyYW1lJTIwc3JjJTNEJTIyaHR0cHMlM0ElMkYlMkZ3d3cuZ29vZ2xlLmNvbSUyRm1hcHMlMkZlbWJlZCUzRnBiJTNEJTIxMW0xOCUyMTFtMTIlMjExbTMlMjExZDU1ODYuOTg2MDcyMzc2Nzg4JTIxMmQxMC40Njc0NjQwMDAwMDAwMDklMjEzZDQ1LjU2MDUyMjk5OTk5OTk5NiUyMTJtMyUyMTFmMCUyMTJmMCUyMTNmMCUyMTNtMiUyMTFpMTAyNCUyMTJpNzY4JTIxNGYxMy4xJTIxM20zJTIxMW0yJTIxMXMweDAlMjUzQTB4NTAzYzUyZGQ5NGVmOWMzYyUyMTJzRW5lcmNvbiUyNTIwU3JsJTIxNWUwJTIxM20yJTIxMXNpdCUyMTJzaXQlMjE0djE2NTgzMTIzMzA1OTElMjE1bTIlMjExc2l0JTIxMnNpdCUyMiUyMHdpZHRoJTNEJTIyMTAwJTI1JTIyJTIwaGVpZ2h0JTNEJTIyNTAwJTIyJTIwc3R5bGUlM0QlMjJib3JkZXIlM0EwJTNCJTIyJTIwYWxsb3dmdWxsc2NyZWVuJTNEJTIyJTIyJTIwbG9hZGluZyUzRCUyMmxhenklMjIlMjByZWZlcnJlcnBvbGljeSUzRCUyMm5vLXJlZmVycmVyLXdoZW4tZG93bmdyYWRlJTIyJTNFJTNDJTJGaWZyYW1lJTNF\u00bb][\/vc_column][\/vc_row]<\/p>\n","protected":false},"excerpt":{"rendered":"<p>[vc_row pix_padding_top=\u00bbpadding No\u00bb pix_padding_bottom=\u00bbpadding No\u00bb gradient_colors=\u00bb%5B%7B%7D%5D\u00bb css=\u00bb.vc_custom_1658926433463{background-color: #f7f7f7 !important;}\u00bb][vc_column width=\u00bb1\/2&#8243; gradient_colors=\u00bb%5B%7B%7D%5D\u00bb css=\u00bb.vc_custom_1564856188150{padding-right: 33px !important;}\u00bb][common_icon_box style=\u00bbpix-ibox-top\u00bb radius=\u00bbpix-square\u00bb position_with_center=\u00bbpix-text-center\u00bb icon_type=\u00bbfont\u00bb icon_pixfontawesome=\u00bbfa fa-map-marker-alt\u00bb link=\u00bb|title:Prices||\u00bb title=\u00bbSede legal \/ Producci\u00f3n\u00bb css=\u00bb.vc_custom_1658926485377{background-color: #f7f7f7 !important;}\u00bb] Enercon S.r.l. Via Fornasina, 60 25080 Muscoline (BS) Italia[\/common_icon_box][\/vc_column][vc_column width=\u00bb1\/2&#8243; gradient_colors=\u00bb%5B%7B%7D%5D\u00bb css=\u00bb.vc_custom_1564856231536{padding-right: 18px !important;padding-left: 17px !important;}\u00bb][common_icon_box style=\u00bbpix-ibox-top\u00bb radius=\u00bbpix-square\u00bb position_with_center=\u00bbpix-text-center\u00bb icon_type=\u00bbfont\u00bb icon_pixfontawesome=\u00bbfa fa-address-book\u00bb link=\u00bb|title:Prices||\u00bb title=\u00bbContactos\u00bb css=\u00bb.vc_custom_1658914891831{background-color: #f7f7f7 !important;}\u00bb] [&hellip;]<\/p>\n","protected":false},"author":1,"featured_media":0,"parent":0,"menu_order":0,"comment_status":"closed","ping_status":"closed","template":"","meta":{"inline_featured_image":false,"footnotes":""},"class_list":["post-9917","page","type-page","status-publish","hentry"],"yoast_head":"<!-- This site is optimized with the Yoast SEO plugin v23.8 - https:\/\/yoast.com\/wordpress\/plugins\/seo\/ -->\n<title>Contacto | Enercon<\/title>\n<meta name=\"description\" content=\"P\u00f3ngase en contacto con nosotros y reciba informaci\u00f3n sobre nuestros servicios de aspiraci\u00f3n e hidr\u00e1ulica industrial. Tambi\u00e9n trabajamos en el extranjero. P\u00eddanos un presupuesto sin compromiso.\" \/>\n<meta name=\"robots\" content=\"index, follow, max-snippet:-1, max-image-preview:large, max-video-preview:-1\" \/>\n<link rel=\"canonical\" href=\"https:\/\/enercon.it\/es\/contacto\/\" \/>\n<meta property=\"og:locale\" content=\"es_ES\" \/>\n<meta property=\"og:type\" content=\"article\" \/>\n<meta property=\"og:title\" content=\"Contacto | Enercon\" \/>\n<meta property=\"og:description\" content=\"P\u00f3ngase en contacto con nosotros y reciba informaci\u00f3n sobre nuestros servicios de aspiraci\u00f3n e hidr\u00e1ulica industrial. Tambi\u00e9n trabajamos en el extranjero. P\u00eddanos un presupuesto sin compromiso.\" \/>\n<meta property=\"og:url\" content=\"https:\/\/enercon.it\/es\/contacto\/\" \/>\n<meta property=\"og:site_name\" content=\"Enercon\" \/>\n<meta property=\"article:modified_time\" content=\"2022-11-29T13:23:03+00:00\" \/>\n<meta name=\"twitter:card\" content=\"summary_large_image\" \/>\n<meta name=\"twitter:label1\" content=\"Tiempo de lectura\" \/>\n\t<meta name=\"twitter:data1\" content=\"2 minutos\" \/>\n<script type=\"application\/ld+json\" class=\"yoast-schema-graph\">{\"@context\":\"https:\/\/schema.org\",\"@graph\":[{\"@type\":\"WebPage\",\"@id\":\"https:\/\/enercon.it\/es\/contacto\/\",\"url\":\"https:\/\/enercon.it\/es\/contacto\/\",\"name\":\"Contacto | Enercon\",\"isPartOf\":{\"@id\":\"https:\/\/enercon.it\/#website\"},\"datePublished\":\"2022-05-17T08:38:15+00:00\",\"dateModified\":\"2022-11-29T13:23:03+00:00\",\"description\":\"P\u00f3ngase en contacto con nosotros y reciba informaci\u00f3n sobre nuestros servicios de aspiraci\u00f3n e hidr\u00e1ulica industrial. Tambi\u00e9n trabajamos en el extranjero. P\u00eddanos un presupuesto sin compromiso.\",\"breadcrumb\":{\"@id\":\"https:\/\/enercon.it\/es\/contacto\/#breadcrumb\"},\"inLanguage\":\"es\",\"potentialAction\":[{\"@type\":\"ReadAction\",\"target\":[\"https:\/\/enercon.it\/es\/contacto\/\"]}]},{\"@type\":\"BreadcrumbList\",\"@id\":\"https:\/\/enercon.it\/es\/contacto\/#breadcrumb\",\"itemListElement\":[{\"@type\":\"ListItem\",\"position\":1,\"name\":\"Home\",\"item\":\"https:\/\/enercon.it\/es\/\"},{\"@type\":\"ListItem\",\"position\":2,\"name\":\"Contacto\"}]},{\"@type\":\"WebSite\",\"@id\":\"https:\/\/enercon.it\/#website\",\"url\":\"https:\/\/enercon.it\/\",\"name\":\"Enercon\",\"description\":\"Depurazione di inquinanti atmosferici\",\"publisher\":{\"@id\":\"https:\/\/enercon.it\/#organization\"},\"potentialAction\":[{\"@type\":\"SearchAction\",\"target\":{\"@type\":\"EntryPoint\",\"urlTemplate\":\"https:\/\/enercon.it\/?s={search_term_string}\"},\"query-input\":{\"@type\":\"PropertyValueSpecification\",\"valueRequired\":true,\"valueName\":\"search_term_string\"}}],\"inLanguage\":\"es\"},{\"@type\":\"Organization\",\"@id\":\"https:\/\/enercon.it\/#organization\",\"name\":\"Enercon S.r.l.\",\"url\":\"https:\/\/enercon.it\/\",\"logo\":{\"@type\":\"ImageObject\",\"inLanguage\":\"es\",\"@id\":\"https:\/\/enercon.it\/#\/schema\/logo\/image\/\",\"url\":\"https:\/\/enercon.it\/wp-content\/uploads\/2022\/05\/logo-enercon.png\",\"contentUrl\":\"https:\/\/enercon.it\/wp-content\/uploads\/2022\/05\/logo-enercon.png\",\"width\":270,\"height\":110,\"caption\":\"Enercon S.r.l.\"},\"image\":{\"@id\":\"https:\/\/enercon.it\/#\/schema\/logo\/image\/\"}}]}<\/script>\n<!-- \/ Yoast SEO plugin. -->","yoast_head_json":{"title":"Contacto | Enercon","description":"P\u00f3ngase en contacto con nosotros y reciba informaci\u00f3n sobre nuestros servicios de aspiraci\u00f3n e hidr\u00e1ulica industrial. Tambi\u00e9n trabajamos en el extranjero. P\u00eddanos un presupuesto sin compromiso.","robots":{"index":"index","follow":"follow","max-snippet":"max-snippet:-1","max-image-preview":"max-image-preview:large","max-video-preview":"max-video-preview:-1"},"canonical":"https:\/\/enercon.it\/es\/contacto\/","og_locale":"es_ES","og_type":"article","og_title":"Contacto | Enercon","og_description":"P\u00f3ngase en contacto con nosotros y reciba informaci\u00f3n sobre nuestros servicios de aspiraci\u00f3n e hidr\u00e1ulica industrial. Tambi\u00e9n trabajamos en el extranjero. P\u00eddanos un presupuesto sin compromiso.","og_url":"https:\/\/enercon.it\/es\/contacto\/","og_site_name":"Enercon","article_modified_time":"2022-11-29T13:23:03+00:00","twitter_card":"summary_large_image","twitter_misc":{"Tiempo de lectura":"2 minutos"},"schema":{"@context":"https:\/\/schema.org","@graph":[{"@type":"WebPage","@id":"https:\/\/enercon.it\/es\/contacto\/","url":"https:\/\/enercon.it\/es\/contacto\/","name":"Contacto | Enercon","isPartOf":{"@id":"https:\/\/enercon.it\/#website"},"datePublished":"2022-05-17T08:38:15+00:00","dateModified":"2022-11-29T13:23:03+00:00","description":"P\u00f3ngase en contacto con nosotros y reciba informaci\u00f3n sobre nuestros servicios de aspiraci\u00f3n e hidr\u00e1ulica industrial. Tambi\u00e9n trabajamos en el extranjero. P\u00eddanos un presupuesto sin compromiso.","breadcrumb":{"@id":"https:\/\/enercon.it\/es\/contacto\/#breadcrumb"},"inLanguage":"es","potentialAction":[{"@type":"ReadAction","target":["https:\/\/enercon.it\/es\/contacto\/"]}]},{"@type":"BreadcrumbList","@id":"https:\/\/enercon.it\/es\/contacto\/#breadcrumb","itemListElement":[{"@type":"ListItem","position":1,"name":"Home","item":"https:\/\/enercon.it\/es\/"},{"@type":"ListItem","position":2,"name":"Contacto"}]},{"@type":"WebSite","@id":"https:\/\/enercon.it\/#website","url":"https:\/\/enercon.it\/","name":"Enercon","description":"Depurazione di inquinanti atmosferici","publisher":{"@id":"https:\/\/enercon.it\/#organization"},"potentialAction":[{"@type":"SearchAction","target":{"@type":"EntryPoint","urlTemplate":"https:\/\/enercon.it\/?s={search_term_string}"},"query-input":{"@type":"PropertyValueSpecification","valueRequired":true,"valueName":"search_term_string"}}],"inLanguage":"es"},{"@type":"Organization","@id":"https:\/\/enercon.it\/#organization","name":"Enercon S.r.l.","url":"https:\/\/enercon.it\/","logo":{"@type":"ImageObject","inLanguage":"es","@id":"https:\/\/enercon.it\/#\/schema\/logo\/image\/","url":"https:\/\/enercon.it\/wp-content\/uploads\/2022\/05\/logo-enercon.png","contentUrl":"https:\/\/enercon.it\/wp-content\/uploads\/2022\/05\/logo-enercon.png","width":270,"height":110,"caption":"Enercon S.r.l."},"image":{"@id":"https:\/\/enercon.it\/#\/schema\/logo\/image\/"}}]}},"_links":{"self":[{"href":"https:\/\/enercon.it\/es\/wp-json\/wp\/v2\/pages\/9917"}],"collection":[{"href":"https:\/\/enercon.it\/es\/wp-json\/wp\/v2\/pages"}],"about":[{"href":"https:\/\/enercon.it\/es\/wp-json\/wp\/v2\/types\/page"}],"author":[{"embeddable":true,"href":"https:\/\/enercon.it\/es\/wp-json\/wp\/v2\/users\/1"}],"replies":[{"embeddable":true,"href":"https:\/\/enercon.it\/es\/wp-json\/wp\/v2\/comments?post=9917"}],"version-history":[{"count":2,"href":"https:\/\/enercon.it\/es\/wp-json\/wp\/v2\/pages\/9917\/revisions"}],"predecessor-version":[{"id":9919,"href":"https:\/\/enercon.it\/es\/wp-json\/wp\/v2\/pages\/9917\/revisions\/9919"}],"wp:attachment":[{"href":"https:\/\/enercon.it\/es\/wp-json\/wp\/v2\/media?parent=9917"}],"curies":[{"name":"wp","href":"https:\/\/api.w.org\/{rel}","templated":true}]}}