{"id":9914,"date":"2022-05-17T15:41:29","date_gmt":"2022-05-17T15:41:29","guid":{"rendered":"https:\/\/enercon.it\/descargas\/"},"modified":"2026-02-20T08:53:17","modified_gmt":"2026-02-20T08:53:17","slug":"descargas","status":"publish","type":"page","link":"https:\/\/enercon.it\/es\/descargas\/","title":{"rendered":"Descargas"},"content":{"rendered":"<p>[vc_row][vc_column][common_title title=\u00bbFichas t\u00e9cnicas\u00bb position=\u00bbtext-left\u00bb subtitle=\u00bbDescargas\u00bb][\/common_title][vc_row_inner gradient_colors=\u00bb%5B%7B%7D%5D\u00bb el_class=\u00bbdownload\u00bb][vc_column_inner width=\u00bb1\/2&#8243;][common_icon_box style=\u00bbpix-ibox-title-side\u00bb icon_type=\u00bbfont\u00bb icon_pixfontawesome=\u00bbfa fa-file-pdf\u00bb link=\u00bburl:https%3A%2F%2Fenercon.it%2Fwp-content%2Fuploads%2FWEB_SCHEDE_SPA.pdf|target:_blank\u00bb title=\u00bbFolleto de la empresa\u00bb][\/common_icon_box][common_icon_box style=\u00bbpix-ibox-title-side\u00bb icon_type=\u00bbfont\u00bb icon_pixfontawesome=\u00bbfa fa-file-pdf\u00bb link=\u00bburl:https%3A%2F%2Fenercon.it%2Fwp-content%2Fuploads%2FWEB_DEPLIANT-SPA.pdf|target:_blank\u00bb title=\u00bbFolleto resumen\u00bb][\/common_icon_box][common_icon_box style=\u00bbpix-ibox-title-side\u00bb icon_type=\u00bbfont\u00bb icon_pixfontawesome=\u00bbfa fa-file-pdf\u00bb link=\u00bburl:https%3A%2F%2Fenercon.it%2Fwp-content%2Fuploads%2Fdownload%2Fscheda-tecnica-polveri.pdf|target:_blank\u00bb title=\u00bbFicha t\u00e9cnica instalaciones de aspiraci\u00f3n y filtraci\u00f3n de polvos\u00bb][\/common_icon_box][common_icon_box style=\u00bbpix-ibox-title-side\u00bb icon_type=\u00bbfont\u00bb icon_pixfontawesome=\u00bbfa fa-file-pdf\u00bb link=\u00bburl:https%3A%2F%2Fenercon.it%2Fwp-content%2Fuploads%2Fdownload%2FEnercon_Depliant_Idraulica-%2520ENG.pdf|target:_blank\u00bb title=\u00bbFicha t\u00e9cnica de la instalaci\u00f3n hidr\u00e1ulica\u00bb][\/common_icon_box][\/vc_column_inner][vc_column_inner width=\u00bb1\/2&#8243;][common_icon_box style=\u00bbpix-ibox-title-side\u00bb icon_type=\u00bbfont\u00bb icon_pixfontawesome=\u00bbfa fa-file-pdf\u00bb link=\u00bburl:https%3A%2F%2Fenercon.it%2Fwp-content%2Fuploads%2Fdownload%2Fscheda-tecnica-applicazioni-spaciali.pdf|target:_blank\u00bb title=\u00bbFicha t\u00e9cnica aplicaciones especiales\u00bb][\/common_icon_box][common_icon_box style=\u00bbpix-ibox-title-side\u00bb icon_type=\u00bbfont\u00bb icon_pixfontawesome=\u00bbfa fa-file-pdf\u00bb link=\u00bburl:https%3A%2F%2Fenercon.it%2Fwp-content%2Fuploads%2Fdownload%2Fscheda-tecnica-fumi.pdf|target:_blank\u00bb title=\u00bbFicha t\u00e9cnica instalaciones de aspiraci\u00f3n y filtraci\u00f3n de humos\u00bb][\/common_icon_box][common_icon_box style=\u00bbpix-ibox-title-side\u00bb icon_type=\u00bbfont\u00bb icon_pixfontawesome=\u00bbfa fa-file-pdf\u00bb link=\u00bburl:https%3A%2F%2Fenercon.it%2Fwp-content%2Fuploads%2Fdownload%2Fscheda-tecnica-nebbie.pdf|target:_blank\u00bb title=\u00bbFicha t\u00e9cnica instalaciones de aspiraci\u00f3n y filtraci\u00f3n de nieblas oleosas\u00bb][\/common_icon_box][common_icon_box style=\u00bbpix-ibox-title-side\u00bb icon_type=\u00bbfont\u00bb icon_pixfontawesome=\u00bbfa fa-file-pdf\u00bb link=\u00bburl:https%3A%2F%2Fenercon.it%2Fwp-content%2Fuploads%2Fdownload%2Fen%2FEnercon_sanibox_en.pdf|target:_blank\u00bb title=\u00bbFicha t\u00e9cnica de Sanibox\u00bb][\/common_icon_box][\/vc_column_inner][\/vc_row_inner][\/vc_column][\/vc_row][vc_row full_width=\u00bbstretch_row\u00bb gradient_colors=\u00bb%5B%7B%7D%5D\u00bb css=\u00bb.vc_custom_1660050812105{background-color: #f7f7f7 !important;}\u00bb][vc_column][common_title title=\u00bbCertificados\u00bb position=\u00bbtext-left\u00bb subtitle=\u00bbDescargas\u00bb][\/common_title][vc_row_inner gradient_colors=\u00bb%5B%7B%7D%5D\u00bb el_class=\u00bbdownload\u00bb][vc_column_inner width=\u00bb1\/2&#8243;][common_icon_box style=\u00bbpix-ibox-title-side\u00bb icon_type=\u00bbfont\u00bb icon_pixfontawesome=\u00bbfa fa-file-pdf\u00bb icon_color=\u00bbpix-icon-default\u00bb link=\u00bburl:https%3A%2F%2Fenercon.it%2Fwp-content%2Fuploads%2FEnercon-Codice-Etico.pdf|target:_blank\u00bb title=\u00bbC\u00f3digo \u00e9tico\u00bb][\/common_icon_box][common_icon_box style=\u00bbpix-ibox-title-side\u00bb icon_type=\u00bbfont\u00bb icon_pixfontawesome=\u00bbfa fa-file-pdf\u00bb icon_color=\u00bbpix-icon-default\u00bb link=\u00bburl:https%3A%2F%2Fenercon.it%2Fwp-content%2Fuploads%2FCertificate-no.-3900372-ENG2024.pdf|target:_blank\u00bb title=\u00bbErtificado n\u00ba 3900372 &#8211; EN1090&#8243;][\/common_icon_box][common_icon_box style=\u00bbpix-ibox-title-side\u00bb icon_type=\u00bbfont\u00bb icon_pixfontawesome=\u00bbfa fa-file-pdf\u00bb icon_color=\u00bbpix-icon-default\u00bb link=\u00bburl:https%3A%2F%2Fenercon.it%2Fwp-content%2Fuploads%2FF49_391071537_web_v1_4ac5fdd8-5fa3-4a0c-9669-5d1890a35f34_en.pdf|target:_blank\u00bb title=\u00bbCertificado EN-ISO-3834&#8243;][\/common_icon_box][\/vc_column_inner][vc_column_inner width=\u00bb1\/2&#8243;][common_icon_box style=\u00bbpix-ibox-title-side\u00bb icon_type=\u00bbfont\u00bb icon_pixfontawesome=\u00bbfa fa-file-pdf\u00bb icon_color=\u00bbpix-icon-default\u00bb link=\u00bburl:https%3A%2F%2Fenercon.it%2Fwp-content%2Fuploads%2Fdownload%2Fen%2Fquality-policy-en.pdf|target:_blank\u00bb title=\u00bbPol\u00edtica de calidad\u00bb][\/common_icon_box][common_icon_box style=\u00bbpix-ibox-title-side\u00bb icon_type=\u00bbfont\u00bb icon_pixfontawesome=\u00bbfa fa-file-pdf\u00bb icon_color=\u00bbpix-icon-default\u00bb link=\u00bburl:https%3A%2F%2Fenercon.it%2Fwp-content%2Fuploads%2FCertificato-Enercon-Inglese-3.10.2026.pdf|target:_blank\u00bb title=\u00bbCertificado ISO 9001:2015&#8243;][\/common_icon_box][\/vc_column_inner][\/vc_row_inner][\/vc_column][\/vc_row]<\/p>\n","protected":false},"excerpt":{"rendered":"<p>[vc_row][vc_column][common_title title=\u00bbFichas t\u00e9cnicas\u00bb position=\u00bbtext-left\u00bb subtitle=\u00bbDescargas\u00bb][\/common_title][vc_row_inner gradient_colors=\u00bb%5B%7B%7D%5D\u00bb el_class=\u00bbdownload\u00bb][vc_column_inner width=\u00bb1\/2&#8243;][common_icon_box style=\u00bbpix-ibox-title-side\u00bb icon_type=\u00bbfont\u00bb icon_pixfontawesome=\u00bbfa fa-file-pdf\u00bb link=\u00bburl:https%3A%2F%2Fenercon.it%2Fwp-content%2Fuploads%2FWEB_SCHEDE_SPA.pdf|target:_blank\u00bb title=\u00bbFolleto de la empresa\u00bb][\/common_icon_box][common_icon_box style=\u00bbpix-ibox-title-side\u00bb icon_type=\u00bbfont\u00bb icon_pixfontawesome=\u00bbfa fa-file-pdf\u00bb link=\u00bburl:https%3A%2F%2Fenercon.it%2Fwp-content%2Fuploads%2FWEB_DEPLIANT-SPA.pdf|target:_blank\u00bb title=\u00bbFolleto resumen\u00bb][\/common_icon_box][common_icon_box style=\u00bbpix-ibox-title-side\u00bb icon_type=\u00bbfont\u00bb icon_pixfontawesome=\u00bbfa fa-file-pdf\u00bb link=\u00bburl:https%3A%2F%2Fenercon.it%2Fwp-content%2Fuploads%2Fdownload%2Fscheda-tecnica-polveri.pdf|target:_blank\u00bb title=\u00bbFicha t\u00e9cnica instalaciones de aspiraci\u00f3n y filtraci\u00f3n de polvos\u00bb][\/common_icon_box][common_icon_box style=\u00bbpix-ibox-title-side\u00bb icon_type=\u00bbfont\u00bb icon_pixfontawesome=\u00bbfa fa-file-pdf\u00bb link=\u00bburl:https%3A%2F%2Fenercon.it%2Fwp-content%2Fuploads%2Fdownload%2FEnercon_Depliant_Idraulica-%2520ENG.pdf|target:_blank\u00bb title=\u00bbFicha t\u00e9cnica de la instalaci\u00f3n hidr\u00e1ulica\u00bb][\/common_icon_box][\/vc_column_inner][vc_column_inner width=\u00bb1\/2&#8243;][common_icon_box style=\u00bbpix-ibox-title-side\u00bb icon_type=\u00bbfont\u00bb icon_pixfontawesome=\u00bbfa fa-file-pdf\u00bb link=\u00bburl:https%3A%2F%2Fenercon.it%2Fwp-content%2Fuploads%2Fdownload%2Fscheda-tecnica-applicazioni-spaciali.pdf|target:_blank\u00bb [&hellip;]<\/p>\n","protected":false},"author":1,"featured_media":8501,"parent":0,"menu_order":0,"comment_status":"closed","ping_status":"closed","template":"","meta":{"inline_featured_image":false,"footnotes":""},"class_list":["post-9914","page","type-page","status-publish","has-post-thumbnail","hentry"],"yoast_head":"<!-- This site is optimized with the Yoast SEO plugin v23.8 - https:\/\/yoast.com\/wordpress\/plugins\/seo\/ -->\n<title>Fichas t\u00e9cnicas | Enercon<\/title>\n<meta name=\"description\" content=\"Consulte las fichas t\u00e9cnicas de las instalaciones hidr\u00e1ulicas, de aspiraci\u00f3n y de filtraci\u00f3n de polvo. Lea el folleto de la empresa. M\u00e1s informaci\u00f3n.\" \/>\n<meta name=\"robots\" content=\"index, follow, max-snippet:-1, max-image-preview:large, max-video-preview:-1\" \/>\n<link rel=\"canonical\" href=\"https:\/\/enercon.it\/es\/descargas\/\" \/>\n<meta property=\"og:locale\" content=\"es_ES\" \/>\n<meta property=\"og:type\" content=\"article\" \/>\n<meta property=\"og:title\" content=\"Fichas t\u00e9cnicas | Enercon\" \/>\n<meta property=\"og:description\" content=\"Consulte las fichas t\u00e9cnicas de las instalaciones hidr\u00e1ulicas, de aspiraci\u00f3n y de filtraci\u00f3n de polvo. Lea el folleto de la empresa. M\u00e1s informaci\u00f3n.\" \/>\n<meta property=\"og:url\" content=\"https:\/\/enercon.it\/es\/descargas\/\" \/>\n<meta property=\"og:site_name\" content=\"Enercon\" \/>\n<meta property=\"article:modified_time\" content=\"2026-02-20T08:53:17+00:00\" \/>\n<meta property=\"og:image\" content=\"https:\/\/enercon.it\/wp-content\/uploads\/impianto-aspirazione-nebbie-oleose-tecopress-spa-colosio-ita.jpg\" \/>\n\t<meta property=\"og:image:width\" content=\"900\" \/>\n\t<meta property=\"og:image:height\" content=\"600\" \/>\n\t<meta property=\"og:image:type\" content=\"image\/jpeg\" \/>\n<meta name=\"twitter:card\" content=\"summary_large_image\" \/>\n<meta name=\"twitter:label1\" content=\"Tiempo de lectura\" \/>\n\t<meta name=\"twitter:data1\" content=\"1 minuto\" \/>\n<script type=\"application\/ld+json\" class=\"yoast-schema-graph\">{\"@context\":\"https:\/\/schema.org\",\"@graph\":[{\"@type\":\"WebPage\",\"@id\":\"https:\/\/enercon.it\/es\/descargas\/\",\"url\":\"https:\/\/enercon.it\/es\/descargas\/\",\"name\":\"Fichas t\u00e9cnicas | Enercon\",\"isPartOf\":{\"@id\":\"https:\/\/enercon.it\/#website\"},\"primaryImageOfPage\":{\"@id\":\"https:\/\/enercon.it\/es\/descargas\/#primaryimage\"},\"image\":{\"@id\":\"https:\/\/enercon.it\/es\/descargas\/#primaryimage\"},\"thumbnailUrl\":\"https:\/\/enercon.it\/wp-content\/uploads\/impianto-aspirazione-nebbie-oleose-tecopress-spa-colosio-ita.jpg\",\"datePublished\":\"2022-05-17T15:41:29+00:00\",\"dateModified\":\"2026-02-20T08:53:17+00:00\",\"description\":\"Consulte las fichas t\u00e9cnicas de las instalaciones hidr\u00e1ulicas, de aspiraci\u00f3n y de filtraci\u00f3n de polvo. Lea el folleto de la empresa. M\u00e1s informaci\u00f3n.\",\"breadcrumb\":{\"@id\":\"https:\/\/enercon.it\/es\/descargas\/#breadcrumb\"},\"inLanguage\":\"es\",\"potentialAction\":[{\"@type\":\"ReadAction\",\"target\":[\"https:\/\/enercon.it\/es\/descargas\/\"]}]},{\"@type\":\"ImageObject\",\"inLanguage\":\"es\",\"@id\":\"https:\/\/enercon.it\/es\/descargas\/#primaryimage\",\"url\":\"https:\/\/enercon.it\/wp-content\/uploads\/impianto-aspirazione-nebbie-oleose-tecopress-spa-colosio-ita.jpg\",\"contentUrl\":\"https:\/\/enercon.it\/wp-content\/uploads\/impianto-aspirazione-nebbie-oleose-tecopress-spa-colosio-ita.jpg\",\"width\":900,\"height\":600},{\"@type\":\"BreadcrumbList\",\"@id\":\"https:\/\/enercon.it\/es\/descargas\/#breadcrumb\",\"itemListElement\":[{\"@type\":\"ListItem\",\"position\":1,\"name\":\"Home\",\"item\":\"https:\/\/enercon.it\/es\/\"},{\"@type\":\"ListItem\",\"position\":2,\"name\":\"Descargas\"}]},{\"@type\":\"WebSite\",\"@id\":\"https:\/\/enercon.it\/#website\",\"url\":\"https:\/\/enercon.it\/\",\"name\":\"Enercon\",\"description\":\"Depurazione di inquinanti atmosferici\",\"publisher\":{\"@id\":\"https:\/\/enercon.it\/#organization\"},\"potentialAction\":[{\"@type\":\"SearchAction\",\"target\":{\"@type\":\"EntryPoint\",\"urlTemplate\":\"https:\/\/enercon.it\/?s={search_term_string}\"},\"query-input\":{\"@type\":\"PropertyValueSpecification\",\"valueRequired\":true,\"valueName\":\"search_term_string\"}}],\"inLanguage\":\"es\"},{\"@type\":\"Organization\",\"@id\":\"https:\/\/enercon.it\/#organization\",\"name\":\"Enercon S.r.l.\",\"url\":\"https:\/\/enercon.it\/\",\"logo\":{\"@type\":\"ImageObject\",\"inLanguage\":\"es\",\"@id\":\"https:\/\/enercon.it\/#\/schema\/logo\/image\/\",\"url\":\"https:\/\/enercon.it\/wp-content\/uploads\/2022\/05\/logo-enercon.png\",\"contentUrl\":\"https:\/\/enercon.it\/wp-content\/uploads\/2022\/05\/logo-enercon.png\",\"width\":270,\"height\":110,\"caption\":\"Enercon S.r.l.\"},\"image\":{\"@id\":\"https:\/\/enercon.it\/#\/schema\/logo\/image\/\"}}]}<\/script>\n<!-- \/ Yoast SEO plugin. -->","yoast_head_json":{"title":"Fichas t\u00e9cnicas | Enercon","description":"Consulte las fichas t\u00e9cnicas de las instalaciones hidr\u00e1ulicas, de aspiraci\u00f3n y de filtraci\u00f3n de polvo. Lea el folleto de la empresa. M\u00e1s informaci\u00f3n.","robots":{"index":"index","follow":"follow","max-snippet":"max-snippet:-1","max-image-preview":"max-image-preview:large","max-video-preview":"max-video-preview:-1"},"canonical":"https:\/\/enercon.it\/es\/descargas\/","og_locale":"es_ES","og_type":"article","og_title":"Fichas t\u00e9cnicas | Enercon","og_description":"Consulte las fichas t\u00e9cnicas de las instalaciones hidr\u00e1ulicas, de aspiraci\u00f3n y de filtraci\u00f3n de polvo. Lea el folleto de la empresa. M\u00e1s informaci\u00f3n.","og_url":"https:\/\/enercon.it\/es\/descargas\/","og_site_name":"Enercon","article_modified_time":"2026-02-20T08:53:17+00:00","og_image":[{"width":900,"height":600,"url":"https:\/\/enercon.it\/wp-content\/uploads\/impianto-aspirazione-nebbie-oleose-tecopress-spa-colosio-ita.jpg","type":"image\/jpeg"}],"twitter_card":"summary_large_image","twitter_misc":{"Tiempo de lectura":"1 minuto"},"schema":{"@context":"https:\/\/schema.org","@graph":[{"@type":"WebPage","@id":"https:\/\/enercon.it\/es\/descargas\/","url":"https:\/\/enercon.it\/es\/descargas\/","name":"Fichas t\u00e9cnicas | Enercon","isPartOf":{"@id":"https:\/\/enercon.it\/#website"},"primaryImageOfPage":{"@id":"https:\/\/enercon.it\/es\/descargas\/#primaryimage"},"image":{"@id":"https:\/\/enercon.it\/es\/descargas\/#primaryimage"},"thumbnailUrl":"https:\/\/enercon.it\/wp-content\/uploads\/impianto-aspirazione-nebbie-oleose-tecopress-spa-colosio-ita.jpg","datePublished":"2022-05-17T15:41:29+00:00","dateModified":"2026-02-20T08:53:17+00:00","description":"Consulte las fichas t\u00e9cnicas de las instalaciones hidr\u00e1ulicas, de aspiraci\u00f3n y de filtraci\u00f3n de polvo. Lea el folleto de la empresa. M\u00e1s informaci\u00f3n.","breadcrumb":{"@id":"https:\/\/enercon.it\/es\/descargas\/#breadcrumb"},"inLanguage":"es","potentialAction":[{"@type":"ReadAction","target":["https:\/\/enercon.it\/es\/descargas\/"]}]},{"@type":"ImageObject","inLanguage":"es","@id":"https:\/\/enercon.it\/es\/descargas\/#primaryimage","url":"https:\/\/enercon.it\/wp-content\/uploads\/impianto-aspirazione-nebbie-oleose-tecopress-spa-colosio-ita.jpg","contentUrl":"https:\/\/enercon.it\/wp-content\/uploads\/impianto-aspirazione-nebbie-oleose-tecopress-spa-colosio-ita.jpg","width":900,"height":600},{"@type":"BreadcrumbList","@id":"https:\/\/enercon.it\/es\/descargas\/#breadcrumb","itemListElement":[{"@type":"ListItem","position":1,"name":"Home","item":"https:\/\/enercon.it\/es\/"},{"@type":"ListItem","position":2,"name":"Descargas"}]},{"@type":"WebSite","@id":"https:\/\/enercon.it\/#website","url":"https:\/\/enercon.it\/","name":"Enercon","description":"Depurazione di inquinanti atmosferici","publisher":{"@id":"https:\/\/enercon.it\/#organization"},"potentialAction":[{"@type":"SearchAction","target":{"@type":"EntryPoint","urlTemplate":"https:\/\/enercon.it\/?s={search_term_string}"},"query-input":{"@type":"PropertyValueSpecification","valueRequired":true,"valueName":"search_term_string"}}],"inLanguage":"es"},{"@type":"Organization","@id":"https:\/\/enercon.it\/#organization","name":"Enercon S.r.l.","url":"https:\/\/enercon.it\/","logo":{"@type":"ImageObject","inLanguage":"es","@id":"https:\/\/enercon.it\/#\/schema\/logo\/image\/","url":"https:\/\/enercon.it\/wp-content\/uploads\/2022\/05\/logo-enercon.png","contentUrl":"https:\/\/enercon.it\/wp-content\/uploads\/2022\/05\/logo-enercon.png","width":270,"height":110,"caption":"Enercon S.r.l."},"image":{"@id":"https:\/\/enercon.it\/#\/schema\/logo\/image\/"}}]}},"_links":{"self":[{"href":"https:\/\/enercon.it\/es\/wp-json\/wp\/v2\/pages\/9914"}],"collection":[{"href":"https:\/\/enercon.it\/es\/wp-json\/wp\/v2\/pages"}],"about":[{"href":"https:\/\/enercon.it\/es\/wp-json\/wp\/v2\/types\/page"}],"author":[{"embeddable":true,"href":"https:\/\/enercon.it\/es\/wp-json\/wp\/v2\/users\/1"}],"replies":[{"embeddable":true,"href":"https:\/\/enercon.it\/es\/wp-json\/wp\/v2\/comments?post=9914"}],"version-history":[{"count":17,"href":"https:\/\/enercon.it\/es\/wp-json\/wp\/v2\/pages\/9914\/revisions"}],"predecessor-version":[{"id":87883,"href":"https:\/\/enercon.it\/es\/wp-json\/wp\/v2\/pages\/9914\/revisions\/87883"}],"wp:featuredmedia":[{"embeddable":true,"href":"https:\/\/enercon.it\/es\/wp-json\/wp\/v2\/media\/8501"}],"wp:attachment":[{"href":"https:\/\/enercon.it\/es\/wp-json\/wp\/v2\/media?parent=9914"}],"curies":[{"name":"wp","href":"https:\/\/api.w.org\/{rel}","templated":true}]}}