{"id":9908,"date":"2022-07-20T09:15:52","date_gmt":"2022-07-20T09:15:52","guid":{"rendered":"https:\/\/enercon.it\/mantenimiento-y-servicio-de-asistencia-posventa\/"},"modified":"2023-01-10T13:04:43","modified_gmt":"2023-01-10T13:04:43","slug":"mantenimiento-y-servicio-de-asistencia-posventa","status":"publish","type":"page","link":"https:\/\/enercon.it\/es\/mantenimiento-y-servicio-de-asistencia-posventa\/","title":{"rendered":"Mantenimiento y servicio de asistencia posventa"},"content":{"rendered":"<p>[vc_row full_width=\u00bbstretch_row\u00bb pix_padding_top=\u00bbpadding No\u00bb pix_padding_bottom=\u00bbpadding No\u00bb gradient_colors=\u00bb%5B%7B%7D%5D\u00bb css=\u00bb.vc_custom_1658913718084{padding-top: 150px !important;padding-bottom: 150px !important;background-image: url(https:\/\/enercon.it\/wp-content\/uploads\/servizi-e-manutenzione.jpg?id=6358) !important;background-position: center !important;background-repeat: no-repeat !important;background-size: cover !important;}\u00bb][vc_column][common_title title=\u00bbMantenimiento y servicio de asistencia posventa\u00bb color=\u00bbwhite-heading\u00bb][\/common_title][\/vc_column][\/vc_row][vc_row pix_padding_top=\u00bbpadding No\u00bb pix_padding_bottom=\u00bbpadding No\u00bb radius=\u00bbpix-rounded\u00bb overflow=\u00bbon\u00bb top_offset=\u00bb-100px\u00bb gradient_colors=\u00bb%5B%7B%7D%5D\u00bb shadow=\u00bbpix-shadow\u00bb shadow_values=\u00bb%5B%7B%22horizontal%22%3A%220%22%2C%22vertical%22%3A%222%22%2C%22blur%22%3A%2210%22%2C%22spread%22%3A%225px%22%2C%22color%22%3A%22%23000000%22%2C%22opacity%22%3A%2210%22%7D%5D\u00bb][vc_column pix_padding_top=\u00bbpadding S\u00bb pix_padding_bottom=\u00bbpadding S\u00bb gradient_colors=\u00bb%5B%7B%7D%5D\u00bb css=\u00bb.vc_custom_1652800232515{background-color: #ffffff !important;}\u00bb][vc_row_inner content_placement=\u00bbmiddle\u00bb gap=\u00bb35&#8243; gradient_colors=\u00bb%5B%7B%7D%5D\u00bb el_class=\u00bbswap-on-mobile\u00bb][vc_column_inner width=\u00bb1\/2&#8243;][vc_single_image image=\u00bb6266&#8243; img_size=\u00bbfull\u00bb][\/vc_column_inner][vc_column_inner width=\u00bb1\/2&#8243;][vc_column_text]Con el deseo de ofrecer a cada cliente un servicio de asistencia lo m\u00e1s completo y personalizado posible en el campo de las<strong>instalaciones industriales<\/strong>, Enercon ofrece a sus clientes mano de obra especializada para el montaje, <strong>la asistencia posventa y el mantenimiento<\/strong> de nuevas instalaciones, para la ubicaci\u00f3n y la recuperaci\u00f3n de las instalaciones ya existentes y para todas aquellas operaciones que requieran la intervenci\u00f3n de personal especializado y capacitado.<\/p>\n<p>Enercon ofrece soluciones completas de asistencia y mantenimiento de instalaciones gracias a su experiencia din\u00e1mica, flexible y diversificada, satisfaciendo las necesidades individuales y resolviendo los diferentes problemas de las instalaciones. Para garantizar resultados \u00f3ptimos en la resoluci\u00f3n de problemas, Enercon ofrece intervenciones individuales espec\u00edficas, as\u00ed como contratos anuales de asistencia y mantenimiento para instalaciones industriales (mantenimiento peri\u00f3dico, mantenimiento programado, mantenimiento preventivo, mantenimiento predictivo, mantenimiento de aver\u00edas).[\/vc_column_text][\/vc_column_inner][\/vc_row_inner][\/vc_column][\/vc_row][vc_row gap=\u00bb35&#8243; gradient_colors=\u00bb%5B%7B%7D%5D\u00bb][vc_column][common_title title=\u00bbNuestros servicios de mantenimiento\u00bb][\/common_title][vc_row_inner][vc_column_inner width=\u00bb1\/2&#8243;][common_button text=\u00bbFicha de servicios de asistencia\u00bb link=\u00bburl:https%3A%2F%2Fenercon.it%2Fwp-content%2Fuploads%2Fdownload%2Fscheda-tecnica-assistenza.pdf|target:_blank\u00bb size_v=\u00bbpix-v-l\u00bb position=\u00bbpix-text-center\u00bb css=\u00bb.vc_custom_1660118064605{margin-top: 10px !important;margin-bottom: 10px !important;}\u00bb][\/vc_column_inner][vc_column_inner width=\u00bb1\/2&#8243;][common_button text=\u00bbFicha de servicios de mantenimiento\u00bb link=\u00bburl:https%3A%2F%2Fenercon.it%2Fwp-content%2Fuploads%2FScheda-Tecnica_manutenzione_es.pdf|target:_blank\u00bb size_v=\u00bbpix-v-l\u00bb position=\u00bbpix-text-center\u00bb css=\u00bb.vc_custom_1673355878494{margin-top: 10px !important;margin-bottom: 10px !important;}\u00bb][\/vc_column_inner][\/vc_row_inner][\/vc_column][\/vc_row][vc_row full_width=\u00bbstretch_row\u00bb gap=\u00bb5&#8243; content_placement=\u00bbmiddle\u00bb pix_padding_bottom=\u00bbpadding No\u00bb gradient_colors=\u00bb%5B%7B%7D%5D\u00bb][vc_column gradient_colors=\u00bb%5B%7B%7D%5D\u00bb offset=\u00bbvc_hidden-xs\u00bb][common_title title=\u00bbNavegar por la galer\u00eda\u00bb][\/common_title][vc_media_grid style=\u00bbpagination\u00bb items_per_page=\u00bb4&#8243; element_width=\u00bb3&#8243; gap=\u00bb10&#8243; arrows_design=\u00bbvc_arrow-icon-arrow_01_left\u00bb arrows_position=\u00bboutside\u00bb arrows_color=\u00bbblack\u00bb loop=\u00bbyes\u00bb grid_id=\u00bbvc_gid:1673355844470-1aec9644f3b48f4b21733b4cda41457b-1&#8243; include=\u00bb6261,6262,6263,6264,6265,6266,6267,6268,6269,6270,6271,6395&#8243;][\/vc_column][\/vc_row][vc_row full_width=\u00bbstretch_row\u00bb gap=\u00bb5&#8243; content_placement=\u00bbmiddle\u00bb pix_padding_bottom=\u00bbpadding No\u00bb gradient_colors=\u00bb%5B%7B%7D%5D\u00bb][vc_column gradient_colors=\u00bb%5B%7B%7D%5D\u00bb offset=\u00bbvc_hidden-lg vc_hidden-md vc_hidden-sm\u00bb][common_title title=\u00bbNavegar por la galer\u00eda\u00bb][\/common_title][vc_media_grid style=\u00bbpagination\u00bb items_per_page=\u00bb1&#8243; element_width=\u00bb12&#8243; gap=\u00bb10&#8243; arrows_design=\u00bbvc_arrow-icon-arrow_01_left\u00bb arrows_position=\u00bboutside\u00bb arrows_color=\u00bbblack\u00bb loop=\u00bbyes\u00bb grid_id=\u00bbvc_gid:1673355844523-227212a648e637492e898d589c261a3a-6&#8243; include=\u00bb6261,6262,6263,6264,6265,6266,6267,6268,6269,6270,6271,6395&#8243;][\/vc_column][\/vc_row][vc_row full_width=\u00bbstretch_row\u00bb pix_padding_top=\u00bbpadding M\u00bb pix_padding_bottom=\u00bbpadding M\u00bb gradient_colors=\u00bb%5B%7B%7D%5D\u00bb pix_padding=\u00bbpix-padding-both\u00bb pix_padding_size=\u00bbpix-padding-xl\u00bb css=\u00bb.vc_custom_1658388978035{background-color: #f7f7f7 !important;}\u00bb][vc_column][common_title title=\u00bbP\u00f3ngase en contacto con nosotros para obtener m\u00e1s informaci\u00f3n\u00bb padding=\u00bboff\u00bb][\/common_title][common_cform7 form_id=\u00bb1768&#8243; box_gap=\u00bb50&#8243;][\/vc_column][\/vc_row]<\/p>\n","protected":false},"excerpt":{"rendered":"<p>[vc_row full_width=\u00bbstretch_row\u00bb pix_padding_top=\u00bbpadding No\u00bb pix_padding_bottom=\u00bbpadding No\u00bb gradient_colors=\u00bb%5B%7B%7D%5D\u00bb css=\u00bb.vc_custom_1658913718084{padding-top: 150px !important;padding-bottom: 150px !important;background-image: url(https:\/\/enercon.it\/wp-content\/uploads\/servizi-e-manutenzione.jpg?id=6358) !important;background-position: center !important;background-repeat: no-repeat !important;background-size: cover !important;}\u00bb][vc_column][common_title title=\u00bbMantenimiento y servicio de asistencia posventa\u00bb color=\u00bbwhite-heading\u00bb][\/common_title][\/vc_column][\/vc_row][vc_row pix_padding_top=\u00bbpadding No\u00bb pix_padding_bottom=\u00bbpadding No\u00bb radius=\u00bbpix-rounded\u00bb overflow=\u00bbon\u00bb top_offset=\u00bb-100px\u00bb gradient_colors=\u00bb%5B%7B%7D%5D\u00bb shadow=\u00bbpix-shadow\u00bb shadow_values=\u00bb%5B%7B%22horizontal%22%3A%220%22%2C%22vertical%22%3A%222%22%2C%22blur%22%3A%2210%22%2C%22spread%22%3A%225px%22%2C%22color%22%3A%22%23000000%22%2C%22opacity%22%3A%2210%22%7D%5D\u00bb][vc_column pix_padding_top=\u00bbpadding S\u00bb pix_padding_bottom=\u00bbpadding S\u00bb gradient_colors=\u00bb%5B%7B%7D%5D\u00bb css=\u00bb.vc_custom_1652800232515{background-color: #ffffff !important;}\u00bb][vc_row_inner content_placement=\u00bbmiddle\u00bb gap=\u00bb35&#8243; gradient_colors=\u00bb%5B%7B%7D%5D\u00bb el_class=\u00bbswap-on-mobile\u00bb][vc_column_inner width=\u00bb1\/2&#8243;][vc_single_image image=\u00bb6266&#8243; img_size=\u00bbfull\u00bb][\/vc_column_inner][vc_column_inner width=\u00bb1\/2&#8243;][vc_column_text]Con el deseo [&hellip;]<\/p>\n","protected":false},"author":1,"featured_media":8746,"parent":0,"menu_order":0,"comment_status":"closed","ping_status":"closed","template":"page-home.php","meta":{"inline_featured_image":false,"footnotes":""},"class_list":["post-9908","page","type-page","status-publish","has-post-thumbnail","hentry"],"yoast_head":"<!-- This site is optimized with the Yoast SEO plugin v23.8 - https:\/\/yoast.com\/wordpress\/plugins\/seo\/ -->\n<title>Mantenimiento de plantas industriales y asistencia t\u00e9cnica | Enercon<\/title>\n<meta name=\"description\" content=\"Enercon ofrece servicios de asistencia en ingenier\u00eda de plantas industriales. Mano de obra especializada para el montaje y la asistencia posventa. Lea m\u00e1s.\" \/>\n<meta name=\"robots\" content=\"index, follow, max-snippet:-1, max-image-preview:large, max-video-preview:-1\" \/>\n<link rel=\"canonical\" href=\"https:\/\/enercon.it\/es\/mantenimiento-y-servicio-de-asistencia-posventa\/\" \/>\n<meta property=\"og:locale\" content=\"es_ES\" \/>\n<meta property=\"og:type\" content=\"article\" \/>\n<meta property=\"og:title\" content=\"Mantenimiento de plantas industriales y asistencia t\u00e9cnica | Enercon\" \/>\n<meta property=\"og:description\" content=\"Enercon ofrece servicios de asistencia en ingenier\u00eda de plantas industriales. Mano de obra especializada para el montaje y la asistencia posventa. Lea m\u00e1s.\" \/>\n<meta property=\"og:url\" content=\"https:\/\/enercon.it\/es\/mantenimiento-y-servicio-de-asistencia-posventa\/\" \/>\n<meta property=\"og:site_name\" content=\"Enercon\" \/>\n<meta property=\"article:modified_time\" content=\"2023-01-10T13:04:43+00:00\" \/>\n<meta property=\"og:image\" content=\"https:\/\/enercon.it\/wp-content\/uploads\/servizi-e-manutenzione-operai-in-loco.jpg\" \/>\n\t<meta property=\"og:image:width\" content=\"1024\" \/>\n\t<meta property=\"og:image:height\" content=\"768\" \/>\n\t<meta property=\"og:image:type\" content=\"image\/jpeg\" \/>\n<meta name=\"twitter:card\" content=\"summary_large_image\" \/>\n<meta name=\"twitter:label1\" content=\"Tiempo de lectura\" \/>\n\t<meta name=\"twitter:data1\" content=\"3 minutos\" \/>\n<script type=\"application\/ld+json\" class=\"yoast-schema-graph\">{\"@context\":\"https:\/\/schema.org\",\"@graph\":[{\"@type\":\"WebPage\",\"@id\":\"https:\/\/enercon.it\/es\/mantenimiento-y-servicio-de-asistencia-posventa\/\",\"url\":\"https:\/\/enercon.it\/es\/mantenimiento-y-servicio-de-asistencia-posventa\/\",\"name\":\"Mantenimiento de plantas industriales y asistencia t\u00e9cnica | Enercon\",\"isPartOf\":{\"@id\":\"https:\/\/enercon.it\/#website\"},\"primaryImageOfPage\":{\"@id\":\"https:\/\/enercon.it\/es\/mantenimiento-y-servicio-de-asistencia-posventa\/#primaryimage\"},\"image\":{\"@id\":\"https:\/\/enercon.it\/es\/mantenimiento-y-servicio-de-asistencia-posventa\/#primaryimage\"},\"thumbnailUrl\":\"https:\/\/enercon.it\/wp-content\/uploads\/servizi-e-manutenzione-operai-in-loco.jpg\",\"datePublished\":\"2022-07-20T09:15:52+00:00\",\"dateModified\":\"2023-01-10T13:04:43+00:00\",\"description\":\"Enercon ofrece servicios de asistencia en ingenier\u00eda de plantas industriales. Mano de obra especializada para el montaje y la asistencia posventa. Lea m\u00e1s.\",\"breadcrumb\":{\"@id\":\"https:\/\/enercon.it\/es\/mantenimiento-y-servicio-de-asistencia-posventa\/#breadcrumb\"},\"inLanguage\":\"es\",\"potentialAction\":[{\"@type\":\"ReadAction\",\"target\":[\"https:\/\/enercon.it\/es\/mantenimiento-y-servicio-de-asistencia-posventa\/\"]}]},{\"@type\":\"ImageObject\",\"inLanguage\":\"es\",\"@id\":\"https:\/\/enercon.it\/es\/mantenimiento-y-servicio-de-asistencia-posventa\/#primaryimage\",\"url\":\"https:\/\/enercon.it\/wp-content\/uploads\/servizi-e-manutenzione-operai-in-loco.jpg\",\"contentUrl\":\"https:\/\/enercon.it\/wp-content\/uploads\/servizi-e-manutenzione-operai-in-loco.jpg\",\"width\":1024,\"height\":768},{\"@type\":\"BreadcrumbList\",\"@id\":\"https:\/\/enercon.it\/es\/mantenimiento-y-servicio-de-asistencia-posventa\/#breadcrumb\",\"itemListElement\":[{\"@type\":\"ListItem\",\"position\":1,\"name\":\"Home\",\"item\":\"https:\/\/enercon.it\/es\/\"},{\"@type\":\"ListItem\",\"position\":2,\"name\":\"Mantenimiento y servicio de asistencia posventa\"}]},{\"@type\":\"WebSite\",\"@id\":\"https:\/\/enercon.it\/#website\",\"url\":\"https:\/\/enercon.it\/\",\"name\":\"Enercon\",\"description\":\"Depurazione di inquinanti atmosferici\",\"publisher\":{\"@id\":\"https:\/\/enercon.it\/#organization\"},\"potentialAction\":[{\"@type\":\"SearchAction\",\"target\":{\"@type\":\"EntryPoint\",\"urlTemplate\":\"https:\/\/enercon.it\/?s={search_term_string}\"},\"query-input\":{\"@type\":\"PropertyValueSpecification\",\"valueRequired\":true,\"valueName\":\"search_term_string\"}}],\"inLanguage\":\"es\"},{\"@type\":\"Organization\",\"@id\":\"https:\/\/enercon.it\/#organization\",\"name\":\"Enercon S.r.l.\",\"url\":\"https:\/\/enercon.it\/\",\"logo\":{\"@type\":\"ImageObject\",\"inLanguage\":\"es\",\"@id\":\"https:\/\/enercon.it\/#\/schema\/logo\/image\/\",\"url\":\"https:\/\/enercon.it\/wp-content\/uploads\/2022\/05\/logo-enercon.png\",\"contentUrl\":\"https:\/\/enercon.it\/wp-content\/uploads\/2022\/05\/logo-enercon.png\",\"width\":270,\"height\":110,\"caption\":\"Enercon S.r.l.\"},\"image\":{\"@id\":\"https:\/\/enercon.it\/#\/schema\/logo\/image\/\"}}]}<\/script>\n<!-- \/ Yoast SEO plugin. -->","yoast_head_json":{"title":"Mantenimiento de plantas industriales y asistencia t\u00e9cnica | Enercon","description":"Enercon ofrece servicios de asistencia en ingenier\u00eda de plantas industriales. Mano de obra especializada para el montaje y la asistencia posventa. Lea m\u00e1s.","robots":{"index":"index","follow":"follow","max-snippet":"max-snippet:-1","max-image-preview":"max-image-preview:large","max-video-preview":"max-video-preview:-1"},"canonical":"https:\/\/enercon.it\/es\/mantenimiento-y-servicio-de-asistencia-posventa\/","og_locale":"es_ES","og_type":"article","og_title":"Mantenimiento de plantas industriales y asistencia t\u00e9cnica | Enercon","og_description":"Enercon ofrece servicios de asistencia en ingenier\u00eda de plantas industriales. Mano de obra especializada para el montaje y la asistencia posventa. Lea m\u00e1s.","og_url":"https:\/\/enercon.it\/es\/mantenimiento-y-servicio-de-asistencia-posventa\/","og_site_name":"Enercon","article_modified_time":"2023-01-10T13:04:43+00:00","og_image":[{"width":1024,"height":768,"url":"https:\/\/enercon.it\/wp-content\/uploads\/servizi-e-manutenzione-operai-in-loco.jpg","type":"image\/jpeg"}],"twitter_card":"summary_large_image","twitter_misc":{"Tiempo de lectura":"3 minutos"},"schema":{"@context":"https:\/\/schema.org","@graph":[{"@type":"WebPage","@id":"https:\/\/enercon.it\/es\/mantenimiento-y-servicio-de-asistencia-posventa\/","url":"https:\/\/enercon.it\/es\/mantenimiento-y-servicio-de-asistencia-posventa\/","name":"Mantenimiento de plantas industriales y asistencia t\u00e9cnica | Enercon","isPartOf":{"@id":"https:\/\/enercon.it\/#website"},"primaryImageOfPage":{"@id":"https:\/\/enercon.it\/es\/mantenimiento-y-servicio-de-asistencia-posventa\/#primaryimage"},"image":{"@id":"https:\/\/enercon.it\/es\/mantenimiento-y-servicio-de-asistencia-posventa\/#primaryimage"},"thumbnailUrl":"https:\/\/enercon.it\/wp-content\/uploads\/servizi-e-manutenzione-operai-in-loco.jpg","datePublished":"2022-07-20T09:15:52+00:00","dateModified":"2023-01-10T13:04:43+00:00","description":"Enercon ofrece servicios de asistencia en ingenier\u00eda de plantas industriales. Mano de obra especializada para el montaje y la asistencia posventa. Lea m\u00e1s.","breadcrumb":{"@id":"https:\/\/enercon.it\/es\/mantenimiento-y-servicio-de-asistencia-posventa\/#breadcrumb"},"inLanguage":"es","potentialAction":[{"@type":"ReadAction","target":["https:\/\/enercon.it\/es\/mantenimiento-y-servicio-de-asistencia-posventa\/"]}]},{"@type":"ImageObject","inLanguage":"es","@id":"https:\/\/enercon.it\/es\/mantenimiento-y-servicio-de-asistencia-posventa\/#primaryimage","url":"https:\/\/enercon.it\/wp-content\/uploads\/servizi-e-manutenzione-operai-in-loco.jpg","contentUrl":"https:\/\/enercon.it\/wp-content\/uploads\/servizi-e-manutenzione-operai-in-loco.jpg","width":1024,"height":768},{"@type":"BreadcrumbList","@id":"https:\/\/enercon.it\/es\/mantenimiento-y-servicio-de-asistencia-posventa\/#breadcrumb","itemListElement":[{"@type":"ListItem","position":1,"name":"Home","item":"https:\/\/enercon.it\/es\/"},{"@type":"ListItem","position":2,"name":"Mantenimiento y servicio de asistencia posventa"}]},{"@type":"WebSite","@id":"https:\/\/enercon.it\/#website","url":"https:\/\/enercon.it\/","name":"Enercon","description":"Depurazione di inquinanti atmosferici","publisher":{"@id":"https:\/\/enercon.it\/#organization"},"potentialAction":[{"@type":"SearchAction","target":{"@type":"EntryPoint","urlTemplate":"https:\/\/enercon.it\/?s={search_term_string}"},"query-input":{"@type":"PropertyValueSpecification","valueRequired":true,"valueName":"search_term_string"}}],"inLanguage":"es"},{"@type":"Organization","@id":"https:\/\/enercon.it\/#organization","name":"Enercon S.r.l.","url":"https:\/\/enercon.it\/","logo":{"@type":"ImageObject","inLanguage":"es","@id":"https:\/\/enercon.it\/#\/schema\/logo\/image\/","url":"https:\/\/enercon.it\/wp-content\/uploads\/2022\/05\/logo-enercon.png","contentUrl":"https:\/\/enercon.it\/wp-content\/uploads\/2022\/05\/logo-enercon.png","width":270,"height":110,"caption":"Enercon S.r.l."},"image":{"@id":"https:\/\/enercon.it\/#\/schema\/logo\/image\/"}}]}},"_links":{"self":[{"href":"https:\/\/enercon.it\/es\/wp-json\/wp\/v2\/pages\/9908"}],"collection":[{"href":"https:\/\/enercon.it\/es\/wp-json\/wp\/v2\/pages"}],"about":[{"href":"https:\/\/enercon.it\/es\/wp-json\/wp\/v2\/types\/page"}],"author":[{"embeddable":true,"href":"https:\/\/enercon.it\/es\/wp-json\/wp\/v2\/users\/1"}],"replies":[{"embeddable":true,"href":"https:\/\/enercon.it\/es\/wp-json\/wp\/v2\/comments?post=9908"}],"version-history":[{"count":5,"href":"https:\/\/enercon.it\/es\/wp-json\/wp\/v2\/pages\/9908\/revisions"}],"predecessor-version":[{"id":10302,"href":"https:\/\/enercon.it\/es\/wp-json\/wp\/v2\/pages\/9908\/revisions\/10302"}],"wp:featuredmedia":[{"embeddable":true,"href":"https:\/\/enercon.it\/es\/wp-json\/wp\/v2\/media\/8746"}],"wp:attachment":[{"href":"https:\/\/enercon.it\/es\/wp-json\/wp\/v2\/media?parent=9908"}],"curies":[{"name":"wp","href":"https:\/\/api.w.org\/{rel}","templated":true}]}}