{"id":9905,"date":"2022-07-20T08:01:09","date_gmt":"2022-07-20T08:01:09","guid":{"rendered":"https:\/\/enercon.it\/equipos-tecnicos-y-aplicaciones-especiales-para-la-industria\/"},"modified":"2022-11-30T15:30:37","modified_gmt":"2022-11-30T15:30:37","slug":"equipos-tecnicos-y-aplicaciones-especiales-para-la-industria","status":"publish","type":"page","link":"https:\/\/enercon.it\/es\/equipos-tecnicos-y-aplicaciones-especiales-para-la-industria\/","title":{"rendered":"Equipos t\u00e9cnicos y aplicaciones especiales para la industria"},"content":{"rendered":"<p>[vc_row full_width=\u00bbstretch_row\u00bb pix_padding_top=\u00bbpadding No\u00bb pix_padding_bottom=\u00bbpadding No\u00bb gradient_colors=\u00bb%5B%7B%7D%5D\u00bb css=\u00bb.vc_custom_1658388370060{padding-top: 150px !important;padding-bottom: 150px !important;background-image: url(https:\/\/enercon.it\/wp-content\/uploads\/applicazioni-speciali-background.jpg?id=6239) !important;background-position: center !important;background-repeat: no-repeat !important;background-size: cover !important;}\u00bb][vc_column][common_title title=\u00bbEquipos t\u00e9cnicos y aplicaciones especiales para la industria\u00bb color=\u00bbwhite-heading\u00bb][\/common_title][\/vc_column][\/vc_row][vc_row pix_padding_top=\u00bbpadding No\u00bb pix_padding_bottom=\u00bbpadding No\u00bb radius=\u00bbpix-rounded\u00bb overflow=\u00bbon\u00bb top_offset=\u00bb-100px\u00bb gradient_colors=\u00bb%5B%7B%7D%5D\u00bb shadow=\u00bbpix-shadow\u00bb shadow_values=\u00bb%5B%7B%22horizontal%22%3A%220%22%2C%22vertical%22%3A%222%22%2C%22blur%22%3A%2210%22%2C%22spread%22%3A%225px%22%2C%22color%22%3A%22%23000000%22%2C%22opacity%22%3A%2210%22%7D%5D\u00bb][vc_column pix_padding_top=\u00bbpadding S\u00bb pix_padding_bottom=\u00bbpadding S\u00bb gradient_colors=\u00bb%5B%7B%7D%5D\u00bb css=\u00bb.vc_custom_1652800232515{background-color: #ffffff !important;}\u00bb][vc_row_inner content_placement=\u00bbmiddle\u00bb gap=\u00bb35&#8243; gradient_colors=\u00bb%5B%7B%7D%5D\u00bb el_class=\u00bbswap-on-mobile\u00bb][vc_column_inner width=\u00bb1\/2&#8243; css=\u00bb.vc_custom_1668675827730{padding-top: 30px !important;}\u00bb][vc_single_image image=\u00bb6248&#8243; img_size=\u00bbfull\u00bb][\/vc_column_inner][vc_column_inner width=\u00bb1\/2&#8243;][vc_column_text]Gracias a la diversificaci\u00f3n de sus actividades y \u00e1reas de intervenci\u00f3n, Enercon es capaz de sugerir, dise\u00f1ar y realizar una amplia gama de <strong>instalaciones y aplicaciones especiales<\/strong> que el Cliente pudiera necesitar. Se definen como aplicaciones especiales los equipos t\u00e9cnicos y sistemas espec\u00edficos que implican el uso de diferentes tecnolog\u00edas de instalaci\u00f3n y que no se pueden encuadrar en un campo espec\u00edfico. Enercon es capaz de ofrecer <strong>soluciones espec\u00edficas y personalizadas<\/strong> gracias a su equipo de expertos y operadores industriales que responden a las necesidades particulares de la instalaci\u00f3n y la producci\u00f3n del cliente.[\/vc_column_text][\/vc_column_inner][\/vc_row_inner][\/vc_column][\/vc_row][vc_row gap=\u00bb35&#8243; gradient_colors=\u00bb%5B%7B%7D%5D\u00bb][vc_column width=\u00bb1\/2&#8243;][common_title title=\u00bbEquipos t\u00e9cnicos y aplicaciones especiales\u00bb position=\u00bbtext-left\u00bb][\/common_title][common_icon_box icon_type=\u00bbfont\u00bb icon_pixfontawesome=\u00bbfa fa-check\u00bb icon_size=\u00bbpix-icon-s\u00bb title=\u00bbCucharas para materiales no ferrosos\u00bb css=\u00bb.vc_custom_1658305343176{padding-bottom: 10px !important;}\u00bb][\/common_icon_box][common_icon_box icon_type=\u00bbfont\u00bb icon_pixfontawesome=\u00bbfa fa-check\u00bb icon_size=\u00bbpix-icon-s\u00bb title=\u00bbVagones de cuchara para materiales no ferrosos\u00bb css=\u00bb.vc_custom_1658305354610{padding-bottom: 10px !important;}\u00bb][\/common_icon_box][common_icon_box icon_type=\u00bbfont\u00bb icon_pixfontawesome=\u00bbfa fa-check\u00bb icon_size=\u00bbpix-icon-s\u00bb title=\u00bbFiltros de arena\u00bb css=\u00bb.vc_custom_1658305366958{padding-bottom: 10px !important;}\u00bb][\/common_icon_box][common_icon_box icon_type=\u00bbfont\u00bb icon_pixfontawesome=\u00bbfa fa-check\u00bb icon_size=\u00bbpix-icon-s\u00bb title=\u00bbSistemas de insonorizaci\u00f3n (cabinas de insonorizaci\u00f3n para ventiladores y silenciadores de chimenea)\u00bb css=\u00bb.vc_custom_1658305420636{padding-bottom: 10px !important;}\u00bb][\/common_icon_box][\/vc_column][vc_column width=\u00bb1\/2&#8243;][common_title title=\u00bbDescargar ficha t\u00e9cnica\u00bb][\/common_title][common_button text=\u00bbFicha t\u00e9cnica aplicaciones especiales\u00bb link=\u00bburl:https%3A%2F%2Fenercon.it%2Fwp-content%2Fuploads%2Fdownload%2Fscheda-tecnica-applicazioni-spaciali.pdf|target:_blank\u00bb size_v=\u00bbpix-v-l\u00bb position=\u00bbpix-text-center\u00bb css=\u00bb.vc_custom_1658307260676{margin-top: 10px !important;margin-bottom: 10px !important;}\u00bb][\/vc_column][\/vc_row][vc_row full_width=\u00bbstretch_row\u00bb pix_padding_top=\u00bbpadding M\u00bb pix_padding_bottom=\u00bbpadding M\u00bb gradient_colors=\u00bb%5B%7B%7D%5D\u00bb el_class=\u00bbtitolo-bianco negativo\u00bb css=\u00bb.vc_custom_1660119505969{background-color: #00507e !important;}\u00bb][vc_column][common_title title=\u00bbNuestros productos estrella\u00bb position=\u00bbtext-left\u00bb][\/common_title][vc_row_inner gradient_colors=\u00bb%5B%7B%7D%5D\u00bb][vc_column_inner width=\u00bb2\/3&#8243;][vc_column_text]<strong style=\"font-size: 25px;\">Core cooling<\/strong>: la soluci\u00f3n definitiva a sus problemas de pegado en molde y microporosidad de la pieza[\/vc_column_text][\/vc_column_inner][vc_column_inner width=\u00bb1\/3&#8243;][common_button text=\u00bbFicha t\u00e9cnica Core Cooling\u00bb link=\u00bburl:https%3A%2F%2Fenercon.it%2Fwp-content%2Fuploads%2Fdownload%2Fes%2Fcore-cooling-es.pdf|title:Test|target:_blank\u00bb button_type=\u00bbon\u00bb color=\u00bbpix-light\u00bb position=\u00bbpix-text-center\u00bb][\/vc_column_inner][\/vc_row_inner][vc_row_inner gradient_colors=\u00bb%5B%7B%7D%5D\u00bb css=\u00bb.vc_custom_1668676091779{padding-top: 50px !important;}\u00bb][vc_column_inner width=\u00bb2\/3&#8243;][vc_column_text]<strong style=\"font-size: 25px;\">Deposit mix<\/strong>: Equipo para la preparaci\u00f3n y control de desmoldeante[\/vc_column_text][\/vc_column_inner][vc_column_inner width=\u00bb1\/3&#8243;][common_button text=\u00bbFicha t\u00e9cnica Deposit Mix\u00bb link=\u00bburl:https%3A%2F%2Fenercon.it%2Fwp-content%2Fuploads%2Fdownload%2Fes%2Fdiposit-mix-es.pdf|title:Test|target:_blank\u00bb button_type=\u00bbon\u00bb color=\u00bbpix-light\u00bb position=\u00bbpix-text-center\u00bb][\/vc_column_inner][\/vc_row_inner][\/vc_column][\/vc_row][vc_row full_width=\u00bbstretch_row\u00bb gap=\u00bb5&#8243; content_placement=\u00bbmiddle\u00bb pix_padding_bottom=\u00bbpadding No\u00bb gradient_colors=\u00bb%5B%7B%7D%5D\u00bb][vc_column gradient_colors=\u00bb%5B%7B%7D%5D\u00bb offset=\u00bbvc_hidden-xs\u00bb][common_title title=\u00bbNavegar por la galer\u00eda\u00bb][\/common_title][vc_media_grid style=\u00bbpagination\u00bb items_per_page=\u00bb4&#8243; element_width=\u00bb3&#8243; gap=\u00bb10&#8243; arrows_design=\u00bbvc_arrow-icon-arrow_01_left\u00bb arrows_position=\u00bboutside\u00bb arrows_color=\u00bbblack\u00bb loop=\u00bbyes\u00bb grid_id=\u00bbvc_gid:1668676028111-eea847bf-8e87-6&#8243; include=\u00bb6240,6241,6242,6243,6244,6245,6246,6247&#8243;][\/vc_column][\/vc_row][vc_row full_width=\u00bbstretch_row\u00bb gap=\u00bb5&#8243; content_placement=\u00bbmiddle\u00bb pix_padding_bottom=\u00bbpadding No\u00bb gradient_colors=\u00bb%5B%7B%7D%5D\u00bb][vc_column gradient_colors=\u00bb%5B%7B%7D%5D\u00bb offset=\u00bbvc_hidden-lg vc_hidden-md vc_hidden-sm\u00bb][common_title title=\u00bbNavegar por la galer\u00eda\u00bb][\/common_title][vc_media_grid style=\u00bbpagination\u00bb items_per_page=\u00bb1&#8243; element_width=\u00bb12&#8243; gap=\u00bb10&#8243; arrows_design=\u00bbvc_arrow-icon-arrow_01_left\u00bb arrows_position=\u00bboutside\u00bb arrows_color=\u00bbblack\u00bb loop=\u00bbyes\u00bb grid_id=\u00bbvc_gid:1668676028120-21ad5c44-d8f1-4&#8243; include=\u00bb6240,6241,6242,6243,6244,6245,6246,6247&#8243;][\/vc_column][\/vc_row][vc_row full_width=\u00bbstretch_row\u00bb pix_padding_top=\u00bbpadding M\u00bb pix_padding_bottom=\u00bbpadding M\u00bb gradient_colors=\u00bb%5B%7B%7D%5D\u00bb pix_padding=\u00bbpix-padding-both\u00bb pix_padding_size=\u00bbpix-padding-xl\u00bb css=\u00bb.vc_custom_1658388941146{background-color: #f7f7f7 !important;}\u00bb][vc_column][common_title title=\u00bbP\u00f3ngase en contacto con nosotros para obtener m\u00e1s informaci\u00f3n\u00bb padding=\u00bboff\u00bb][\/common_title][common_cform7 form_id=\u00bb1768&#8243; box_gap=\u00bb50&#8243;][\/vc_column][\/vc_row]<\/p>\n","protected":false},"excerpt":{"rendered":"<p>[vc_row full_width=\u00bbstretch_row\u00bb pix_padding_top=\u00bbpadding No\u00bb pix_padding_bottom=\u00bbpadding No\u00bb gradient_colors=\u00bb%5B%7B%7D%5D\u00bb css=\u00bb.vc_custom_1658388370060{padding-top: 150px !important;padding-bottom: 150px !important;background-image: url(https:\/\/enercon.it\/wp-content\/uploads\/applicazioni-speciali-background.jpg?id=6239) !important;background-position: center !important;background-repeat: no-repeat !important;background-size: cover !important;}\u00bb][vc_column][common_title title=\u00bbEquipos t\u00e9cnicos y aplicaciones especiales para la industria\u00bb color=\u00bbwhite-heading\u00bb][\/common_title][\/vc_column][\/vc_row][vc_row pix_padding_top=\u00bbpadding No\u00bb pix_padding_bottom=\u00bbpadding No\u00bb radius=\u00bbpix-rounded\u00bb overflow=\u00bbon\u00bb top_offset=\u00bb-100px\u00bb gradient_colors=\u00bb%5B%7B%7D%5D\u00bb shadow=\u00bbpix-shadow\u00bb shadow_values=\u00bb%5B%7B%22horizontal%22%3A%220%22%2C%22vertical%22%3A%222%22%2C%22blur%22%3A%2210%22%2C%22spread%22%3A%225px%22%2C%22color%22%3A%22%23000000%22%2C%22opacity%22%3A%2210%22%7D%5D\u00bb][vc_column pix_padding_top=\u00bbpadding S\u00bb pix_padding_bottom=\u00bbpadding S\u00bb gradient_colors=\u00bb%5B%7B%7D%5D\u00bb css=\u00bb.vc_custom_1652800232515{background-color: #ffffff !important;}\u00bb][vc_row_inner content_placement=\u00bbmiddle\u00bb gap=\u00bb35&#8243; gradient_colors=\u00bb%5B%7B%7D%5D\u00bb el_class=\u00bbswap-on-mobile\u00bb][vc_column_inner width=\u00bb1\/2&#8243; css=\u00bb.vc_custom_1668675827730{padding-top: 30px !important;}\u00bb][vc_single_image [&hellip;]<\/p>\n","protected":false},"author":1,"featured_media":8716,"parent":0,"menu_order":0,"comment_status":"closed","ping_status":"closed","template":"page-home.php","meta":{"inline_featured_image":false,"footnotes":""},"class_list":["post-9905","page","type-page","status-publish","has-post-thumbnail","hentry"],"yoast_head":"<!-- This site is optimized with the Yoast SEO plugin v23.8 - https:\/\/yoast.com\/wordpress\/plugins\/seo\/ -->\n<title>Equipos t\u00e9cnicos para la industria | Enercon<\/title>\n<meta name=\"description\" content=\"Enercon dise\u00f1a y fabrica equipos y sistemas industriales espec\u00edficos. Ofrece soluciones personalizadas gracias a su equipo de expertos. M\u00e1s informaci\u00f3n.\" \/>\n<meta name=\"robots\" content=\"index, follow, max-snippet:-1, max-image-preview:large, max-video-preview:-1\" \/>\n<link rel=\"canonical\" href=\"https:\/\/enercon.it\/es\/equipos-tecnicos-y-aplicaciones-especiales-para-la-industria\/\" \/>\n<meta property=\"og:locale\" content=\"es_ES\" \/>\n<meta property=\"og:type\" content=\"article\" \/>\n<meta property=\"og:title\" content=\"Equipos t\u00e9cnicos para la industria | Enercon\" \/>\n<meta property=\"og:description\" content=\"Enercon dise\u00f1a y fabrica equipos y sistemas industriales espec\u00edficos. Ofrece soluciones personalizadas gracias a su equipo de expertos. M\u00e1s informaci\u00f3n.\" \/>\n<meta property=\"og:url\" content=\"https:\/\/enercon.it\/es\/equipos-tecnicos-y-aplicaciones-especiales-para-la-industria\/\" \/>\n<meta property=\"og:site_name\" content=\"Enercon\" \/>\n<meta property=\"article:modified_time\" content=\"2022-11-30T15:30:37+00:00\" \/>\n<meta property=\"og:image\" content=\"https:\/\/enercon.it\/wp-content\/uploads\/attrezzature-tecniche-applicazioni-speciali-siviera-mobile-automatica-teknia-spagna.jpg\" \/>\n\t<meta property=\"og:image:width\" content=\"900\" \/>\n\t<meta property=\"og:image:height\" content=\"600\" \/>\n\t<meta property=\"og:image:type\" content=\"image\/jpeg\" \/>\n<meta name=\"twitter:card\" content=\"summary_large_image\" \/>\n<meta name=\"twitter:label1\" content=\"Tiempo de lectura\" \/>\n\t<meta name=\"twitter:data1\" content=\"5 minutos\" \/>\n<script type=\"application\/ld+json\" class=\"yoast-schema-graph\">{\"@context\":\"https:\/\/schema.org\",\"@graph\":[{\"@type\":\"WebPage\",\"@id\":\"https:\/\/enercon.it\/es\/equipos-tecnicos-y-aplicaciones-especiales-para-la-industria\/\",\"url\":\"https:\/\/enercon.it\/es\/equipos-tecnicos-y-aplicaciones-especiales-para-la-industria\/\",\"name\":\"Equipos t\u00e9cnicos para la industria | Enercon\",\"isPartOf\":{\"@id\":\"https:\/\/enercon.it\/#website\"},\"primaryImageOfPage\":{\"@id\":\"https:\/\/enercon.it\/es\/equipos-tecnicos-y-aplicaciones-especiales-para-la-industria\/#primaryimage\"},\"image\":{\"@id\":\"https:\/\/enercon.it\/es\/equipos-tecnicos-y-aplicaciones-especiales-para-la-industria\/#primaryimage\"},\"thumbnailUrl\":\"https:\/\/enercon.it\/wp-content\/uploads\/attrezzature-tecniche-applicazioni-speciali-siviera-mobile-automatica-teknia-spagna.jpg\",\"datePublished\":\"2022-07-20T08:01:09+00:00\",\"dateModified\":\"2022-11-30T15:30:37+00:00\",\"description\":\"Enercon dise\u00f1a y fabrica equipos y sistemas industriales espec\u00edficos. Ofrece soluciones personalizadas gracias a su equipo de expertos. M\u00e1s informaci\u00f3n.\",\"breadcrumb\":{\"@id\":\"https:\/\/enercon.it\/es\/equipos-tecnicos-y-aplicaciones-especiales-para-la-industria\/#breadcrumb\"},\"inLanguage\":\"es\",\"potentialAction\":[{\"@type\":\"ReadAction\",\"target\":[\"https:\/\/enercon.it\/es\/equipos-tecnicos-y-aplicaciones-especiales-para-la-industria\/\"]}]},{\"@type\":\"ImageObject\",\"inLanguage\":\"es\",\"@id\":\"https:\/\/enercon.it\/es\/equipos-tecnicos-y-aplicaciones-especiales-para-la-industria\/#primaryimage\",\"url\":\"https:\/\/enercon.it\/wp-content\/uploads\/attrezzature-tecniche-applicazioni-speciali-siviera-mobile-automatica-teknia-spagna.jpg\",\"contentUrl\":\"https:\/\/enercon.it\/wp-content\/uploads\/attrezzature-tecniche-applicazioni-speciali-siviera-mobile-automatica-teknia-spagna.jpg\",\"width\":900,\"height\":600},{\"@type\":\"BreadcrumbList\",\"@id\":\"https:\/\/enercon.it\/es\/equipos-tecnicos-y-aplicaciones-especiales-para-la-industria\/#breadcrumb\",\"itemListElement\":[{\"@type\":\"ListItem\",\"position\":1,\"name\":\"Home\",\"item\":\"https:\/\/enercon.it\/es\/\"},{\"@type\":\"ListItem\",\"position\":2,\"name\":\"Equipos t\u00e9cnicos y aplicaciones especiales para la industria\"}]},{\"@type\":\"WebSite\",\"@id\":\"https:\/\/enercon.it\/#website\",\"url\":\"https:\/\/enercon.it\/\",\"name\":\"Enercon\",\"description\":\"Depurazione di inquinanti atmosferici\",\"publisher\":{\"@id\":\"https:\/\/enercon.it\/#organization\"},\"potentialAction\":[{\"@type\":\"SearchAction\",\"target\":{\"@type\":\"EntryPoint\",\"urlTemplate\":\"https:\/\/enercon.it\/?s={search_term_string}\"},\"query-input\":{\"@type\":\"PropertyValueSpecification\",\"valueRequired\":true,\"valueName\":\"search_term_string\"}}],\"inLanguage\":\"es\"},{\"@type\":\"Organization\",\"@id\":\"https:\/\/enercon.it\/#organization\",\"name\":\"Enercon S.r.l.\",\"url\":\"https:\/\/enercon.it\/\",\"logo\":{\"@type\":\"ImageObject\",\"inLanguage\":\"es\",\"@id\":\"https:\/\/enercon.it\/#\/schema\/logo\/image\/\",\"url\":\"https:\/\/enercon.it\/wp-content\/uploads\/2022\/05\/logo-enercon.png\",\"contentUrl\":\"https:\/\/enercon.it\/wp-content\/uploads\/2022\/05\/logo-enercon.png\",\"width\":270,\"height\":110,\"caption\":\"Enercon S.r.l.\"},\"image\":{\"@id\":\"https:\/\/enercon.it\/#\/schema\/logo\/image\/\"}}]}<\/script>\n<!-- \/ Yoast SEO plugin. -->","yoast_head_json":{"title":"Equipos t\u00e9cnicos para la industria | Enercon","description":"Enercon dise\u00f1a y fabrica equipos y sistemas industriales espec\u00edficos. Ofrece soluciones personalizadas gracias a su equipo de expertos. M\u00e1s informaci\u00f3n.","robots":{"index":"index","follow":"follow","max-snippet":"max-snippet:-1","max-image-preview":"max-image-preview:large","max-video-preview":"max-video-preview:-1"},"canonical":"https:\/\/enercon.it\/es\/equipos-tecnicos-y-aplicaciones-especiales-para-la-industria\/","og_locale":"es_ES","og_type":"article","og_title":"Equipos t\u00e9cnicos para la industria | Enercon","og_description":"Enercon dise\u00f1a y fabrica equipos y sistemas industriales espec\u00edficos. Ofrece soluciones personalizadas gracias a su equipo de expertos. M\u00e1s informaci\u00f3n.","og_url":"https:\/\/enercon.it\/es\/equipos-tecnicos-y-aplicaciones-especiales-para-la-industria\/","og_site_name":"Enercon","article_modified_time":"2022-11-30T15:30:37+00:00","og_image":[{"width":900,"height":600,"url":"https:\/\/enercon.it\/wp-content\/uploads\/attrezzature-tecniche-applicazioni-speciali-siviera-mobile-automatica-teknia-spagna.jpg","type":"image\/jpeg"}],"twitter_card":"summary_large_image","twitter_misc":{"Tiempo de lectura":"5 minutos"},"schema":{"@context":"https:\/\/schema.org","@graph":[{"@type":"WebPage","@id":"https:\/\/enercon.it\/es\/equipos-tecnicos-y-aplicaciones-especiales-para-la-industria\/","url":"https:\/\/enercon.it\/es\/equipos-tecnicos-y-aplicaciones-especiales-para-la-industria\/","name":"Equipos t\u00e9cnicos para la industria | Enercon","isPartOf":{"@id":"https:\/\/enercon.it\/#website"},"primaryImageOfPage":{"@id":"https:\/\/enercon.it\/es\/equipos-tecnicos-y-aplicaciones-especiales-para-la-industria\/#primaryimage"},"image":{"@id":"https:\/\/enercon.it\/es\/equipos-tecnicos-y-aplicaciones-especiales-para-la-industria\/#primaryimage"},"thumbnailUrl":"https:\/\/enercon.it\/wp-content\/uploads\/attrezzature-tecniche-applicazioni-speciali-siviera-mobile-automatica-teknia-spagna.jpg","datePublished":"2022-07-20T08:01:09+00:00","dateModified":"2022-11-30T15:30:37+00:00","description":"Enercon dise\u00f1a y fabrica equipos y sistemas industriales espec\u00edficos. Ofrece soluciones personalizadas gracias a su equipo de expertos. M\u00e1s informaci\u00f3n.","breadcrumb":{"@id":"https:\/\/enercon.it\/es\/equipos-tecnicos-y-aplicaciones-especiales-para-la-industria\/#breadcrumb"},"inLanguage":"es","potentialAction":[{"@type":"ReadAction","target":["https:\/\/enercon.it\/es\/equipos-tecnicos-y-aplicaciones-especiales-para-la-industria\/"]}]},{"@type":"ImageObject","inLanguage":"es","@id":"https:\/\/enercon.it\/es\/equipos-tecnicos-y-aplicaciones-especiales-para-la-industria\/#primaryimage","url":"https:\/\/enercon.it\/wp-content\/uploads\/attrezzature-tecniche-applicazioni-speciali-siviera-mobile-automatica-teknia-spagna.jpg","contentUrl":"https:\/\/enercon.it\/wp-content\/uploads\/attrezzature-tecniche-applicazioni-speciali-siviera-mobile-automatica-teknia-spagna.jpg","width":900,"height":600},{"@type":"BreadcrumbList","@id":"https:\/\/enercon.it\/es\/equipos-tecnicos-y-aplicaciones-especiales-para-la-industria\/#breadcrumb","itemListElement":[{"@type":"ListItem","position":1,"name":"Home","item":"https:\/\/enercon.it\/es\/"},{"@type":"ListItem","position":2,"name":"Equipos t\u00e9cnicos y aplicaciones especiales para la industria"}]},{"@type":"WebSite","@id":"https:\/\/enercon.it\/#website","url":"https:\/\/enercon.it\/","name":"Enercon","description":"Depurazione di inquinanti atmosferici","publisher":{"@id":"https:\/\/enercon.it\/#organization"},"potentialAction":[{"@type":"SearchAction","target":{"@type":"EntryPoint","urlTemplate":"https:\/\/enercon.it\/?s={search_term_string}"},"query-input":{"@type":"PropertyValueSpecification","valueRequired":true,"valueName":"search_term_string"}}],"inLanguage":"es"},{"@type":"Organization","@id":"https:\/\/enercon.it\/#organization","name":"Enercon S.r.l.","url":"https:\/\/enercon.it\/","logo":{"@type":"ImageObject","inLanguage":"es","@id":"https:\/\/enercon.it\/#\/schema\/logo\/image\/","url":"https:\/\/enercon.it\/wp-content\/uploads\/2022\/05\/logo-enercon.png","contentUrl":"https:\/\/enercon.it\/wp-content\/uploads\/2022\/05\/logo-enercon.png","width":270,"height":110,"caption":"Enercon S.r.l."},"image":{"@id":"https:\/\/enercon.it\/#\/schema\/logo\/image\/"}}]}},"_links":{"self":[{"href":"https:\/\/enercon.it\/es\/wp-json\/wp\/v2\/pages\/9905"}],"collection":[{"href":"https:\/\/enercon.it\/es\/wp-json\/wp\/v2\/pages"}],"about":[{"href":"https:\/\/enercon.it\/es\/wp-json\/wp\/v2\/types\/page"}],"author":[{"embeddable":true,"href":"https:\/\/enercon.it\/es\/wp-json\/wp\/v2\/users\/1"}],"replies":[{"embeddable":true,"href":"https:\/\/enercon.it\/es\/wp-json\/wp\/v2\/comments?post=9905"}],"version-history":[{"count":6,"href":"https:\/\/enercon.it\/es\/wp-json\/wp\/v2\/pages\/9905\/revisions"}],"predecessor-version":[{"id":10147,"href":"https:\/\/enercon.it\/es\/wp-json\/wp\/v2\/pages\/9905\/revisions\/10147"}],"wp:featuredmedia":[{"embeddable":true,"href":"https:\/\/enercon.it\/es\/wp-json\/wp\/v2\/media\/8716"}],"wp:attachment":[{"href":"https:\/\/enercon.it\/es\/wp-json\/wp\/v2\/media?parent=9905"}],"curies":[{"name":"wp","href":"https:\/\/api.w.org\/{rel}","templated":true}]}}