{"id":9902,"date":"2022-07-19T14:56:54","date_gmt":"2022-07-19T14:56:54","guid":{"rendered":"https:\/\/enercon.it\/sistema-de-higienizacion-del-aire\/"},"modified":"2022-12-22T10:21:49","modified_gmt":"2022-12-22T10:21:49","slug":"sistema-de-higienizacion-del-aire","status":"publish","type":"page","link":"https:\/\/enercon.it\/es\/sistema-de-higienizacion-del-aire\/","title":{"rendered":"Sistema de higienizaci\u00f3n del aire"},"content":{"rendered":"<p>[vc_row full_width=\u00bbstretch_row\u00bb pix_padding_top=\u00bbpadding No\u00bb pix_padding_bottom=\u00bbpadding No\u00bb gradient_colors=\u00bb%5B%7B%7D%5D\u00bb css=\u00bb.vc_custom_1658913073932{padding-top: 150px !important;padding-bottom: 150px !important;background-image: url(https:\/\/enercon.it\/wp-content\/uploads\/impianti-e-sistemi-sanificazione-aria-copia.jpg?id=6354) !important;background-position: center !important;background-repeat: no-repeat !important;background-size: cover !important;}\u00bb][vc_column][common_title title=\u00bbSistema de higienizaci\u00f3n del aire\u00bb color=\u00bbwhite-heading\u00bb][\/common_title][\/vc_column][\/vc_row][vc_row pix_padding_top=\u00bbpadding No\u00bb pix_padding_bottom=\u00bbpadding No\u00bb radius=\u00bbpix-rounded\u00bb overflow=\u00bbon\u00bb top_offset=\u00bb-100px\u00bb gradient_colors=\u00bb%5B%7B%7D%5D\u00bb shadow=\u00bbpix-shadow\u00bb shadow_values=\u00bb%5B%7B%22horizontal%22%3A%220%22%2C%22vertical%22%3A%222%22%2C%22blur%22%3A%2210%22%2C%22spread%22%3A%225px%22%2C%22color%22%3A%22%23000000%22%2C%22opacity%22%3A%2210%22%7D%5D\u00bb][vc_column pix_padding_top=\u00bbpadding S\u00bb pix_padding_bottom=\u00bbpadding S\u00bb gradient_colors=\u00bb%5B%7B%7D%5D\u00bb css=\u00bb.vc_custom_1652800232515{background-color: #ffffff !important;}\u00bb][vc_row_inner content_placement=\u00bbmiddle\u00bb gap=\u00bb35&#8243; gradient_colors=\u00bb%5B%7B%7D%5D\u00bb el_class=\u00bbswap-on-mobile\u00bb][vc_column_inner width=\u00bb1\/2&#8243;][common_video url=\u00bbhttps:\/\/www.youtube.com\/watch?v=0enhz2axRhs\u00bb color=\u00bbrgba(255,255,255,0.01)\u00bb video_opacity=\u00bb40&#8243; image=\u00bb6220&#8243; height=\u00bb400px\u00bb][\/common_video][\/vc_column_inner][vc_column_inner width=\u00bb1\/2&#8243;][vc_column_text]<span style=\"font-weight: 400;\">Enercon se complace en cuidar el entorno de trabajo de sus clientes, que alberga al personal y los procesos de producci\u00f3n importantes. El Coronavirus SARS-Cov-2 ha hecho que todos seamos conscientes de que la salud proviene de lo que respiramos: la prevenci\u00f3n que ofrece <strong>Enercon Sanibox<\/strong> es importante y fundamental para nuestra <strong>seguridad<\/strong> <strong>en f\u00e1bricas, oficinas<\/strong> y en general en entornos muy frecuentados.<\/span><\/p>\n<p><span style=\"font-weight: 400;\">Enercon Sanibox es un dispositivo que produce especies oxidantes, por lo tanto higienizantes y naturales, a trav\u00e9s de generadores compuestos por tubos cil\u00edndricos con l\u00e1minas met\u00e1licas separadas por un material diel\u00e9ctrico. Se basa en el proceso de ionizaci\u00f3n por impacto o colisi\u00f3n entre part\u00edculas r\u00e1pidas energizadas por un campo el\u00e9ctrico oscilante. El fen\u00f3meno resultante desencadena reacciones de oxidorreducci\u00f3n sobre los compuestos org\u00e1nicos vol\u00e1tiles, <strong>reduciendo los contaminantes en el ambiente<\/strong>, de forma calibrada, considerable y con efectos medibles. <\/span>[\/vc_column_text][\/vc_column_inner][\/vc_row_inner][\/vc_column][\/vc_row][vc_row][vc_column][common_title title=\u00bbEnercon Sanibox FAQ\u00bb position=\u00bbtext-left\u00bb][\/common_title][vc_row_inner][vc_column_inner width=\u00bb1\/2&#8243;][common_tab_acc toggle_type=\u00bbaccordion\u00bb collapse=\u00bbon\u00bb accordion=\u00bb%5B%7B%22label_a%22%3A%22%5Cu00bfQu%5Cu00e9+es+Enercon+Sanibox%3F%22%2C%22content_a%22%3A%22Enercon+Sanibox+es+un+dispositivo+que+elimina+virus%2C+bacterias%2C+mohos%2C+levaduras%2C+contaminantes+qu%5Cu00edmicos%2C+endotoxinas+bacterianas%2C+COV+y+olores+con+la+m%5Cu00e1xima+seguridad+para+el+personal%3B+de+hecho%2C+este+dispositivo+puede+utilizarse+de+forma+continua+y+en+presencia+de+personal.%22%2C%22tab_id_a%22%3A%221884597823%22%7D%2C%7B%22label_a%22%3A%22%5Cu00bfCu%5Cu00e1les+son+las+certificaciones+de+Sanibox%3F%22%2C%22content_a%22%3A%22La+tecnolog%5Cu00eda+Bioxigen%5Cu00ae%2C+as%5Cu00ed+como+el+n%5Cu00facleo+de+Sanibox%2C+no+solo+ha+sido+certificada+por+T%5Cu00dcV+Profi-Cert%2C+sino+que+tambi%5Cu00e9n+ha+sido+probada+contra+COVID-19+%28seg%5Cu00fan+la+norma+EN16777-2019+en+un+laboratorio+especializado%29.+Los+resultados+mostraron+que+el+sistema+era+eficaz+contra+todos+los+virus%2C+incluido+el+Coronavirus+SARS-Cov-2.%22%2C%22tab_id_a%22%3A%221713035642%22%7D%2C%7B%22label_a%22%3A%22%5Cu00bfCu%5Cu00e1les+son+las+ventajas+de+Sanibox%3F%22%2C%22content_a%22%3A%22Enercon+Sanibox+con+tecnolog%5Cu00eda+Bioxigen%5Cu00ae+salvaguarda+la+salud+del+personal+de+la+empresa%2C+ya+que+ofrece+una+acci%5Cu00f3n+higienizante+y+antibacteriana+que+mejora+la+calidad+del+aire+y+descontamina+tanto+las+superficies+internas+de+las+tuber%5Cu00edas%2C+filtros%2C+UTA%2C+etc.+donde+se+instala%2C+como+el+aire+en+tr%5Cu00e1nsito.+%22%2C%22tab_id_a%22%3A%22682159177%22%7D%5D\u00bb][\/vc_column_inner][vc_column_inner width=\u00bb1\/2&#8243;][common_tab_acc toggle_type=\u00bbaccordion\u00bb collapse=\u00bbon\u00bb accordion=\u00bb%5B%7B%22label_a%22%3A%22%5Cu00bfD%5Cu00f3nde+instalar+Enercon+Sanibox%3F%22%2C%22content_a%22%3A%22%3Cp%3EEn+su+departamento+de+producci%5Cu00f3n+%28presofusi%5Cu00f3n%2C+elaboraciones+mec%5Cu00e1nicas%2C+almac%5Cu00e9n%29%2C+Enercon+Sanibox+con+tecnolog%5Cu00eda+Bioxigen%5Cu00ae+puede+instalarse+f%5Cu00e1cilmente+en+todos+sus+sistemas+de+aspiraci%5Cu00f3n+y+filtraci%5Cu00f3n+con+recirculaci%5Cu00f3n+interna+de+aire+%28tanto+propios+como+de+terceros%29%2C+en+sus+m%5Cu00e1quinas-herramienta%2C+en+sus+sistemas+de+aire+acondicionado%2C+conductos+de+distribuci%5Cu00f3n%2C+UTA+y+fan+coils+en+oficinas%2C+talleres%2C+f%5Cu00e1bricas.%3C%5C%2Fp%3E%5Cn%5Cn%3Cp%3EEl+sistema+m%5Cu00f3vil+con+ruedas+puede+desplazarse+seg%5Cu00fan+sus+necesidades+en+sus+comedores%2C+salas+de+conferencias%2C+salas+de+reuniones+para+capacidades+de+1.000+m%5Cu00b3%5C%2Fh+a+10.000+m%5Cu00b3%5C%2Fh+modulares.%3C%5C%2Fp%3E%5Cn%22%2C%22tab_id_a%22%3A%221895725041%22%7D%2C%7B%22label_a%22%3A%22%5Cu00bfCu%5Cu00e1les+son+los+resultados%3F%22%2C%22content_a%22%3A%22Las+reacciones+positivas+son+m%5Cu00faltiples%2C+siendo+una+de+las+m%5Cu00e1s+significativas+el+efecto+beneficioso+que+tiene+sobre+la+salud+del+personal+en+el+entorno+de+trabajo%2C+lo+que+repercute+positivamente+en+la+productividad+de+la+empresa.+Tambi%5Cu00e9n+restablece+el+equilibrio+i%5Cu00f3nico+adecuado+en+el+aire%2C+lo+que+aporta+mejoras+a+la+salud+general+de+las+personas%2C+como+la+mejora+de+la+funci%5Cu00f3n+respiratoria%2C+la+calidad+del+sue%5Cu00f1o+y+la+reducci%5Cu00f3n+de+los+dolores+de+cabeza.%22%2C%22tab_id_a%22%3A%22416424358%22%7D%5D\u00bb][\/vc_column_inner][\/vc_row_inner][\/vc_column][\/vc_row][vc_row pix_padding_top=\u00bbpadding No\u00bb gradient_colors=\u00bb%5B%7B%7D%5D\u00bb][vc_column][common_title title=\u00bbDescargar ficha t\u00e9cnica\u00bb][\/common_title][common_button text=\u00bbFicha t\u00e9cnica de Sanibox\u00bb link=\u00bburl:https%3A%2F%2Fenercon.it%2Fwp-content%2Fuploads%2Fdownload%2Fen%2FEnercon_sanibox_en.pdf|target:_blank\u00bb size_v=\u00bbpix-v-l\u00bb position=\u00bbpix-text-center\u00bb css=\u00bb.vc_custom_1671704506477{margin-top: 10px !important;margin-bottom: 10px !important;}\u00bb][\/vc_column][\/vc_row][vc_row full_width=\u00bbstretch_row\u00bb gap=\u00bb5&#8243; content_placement=\u00bbmiddle\u00bb pix_padding_bottom=\u00bbpadding No\u00bb gradient_colors=\u00bb%5B%7B%7D%5D\u00bb][vc_column gradient_colors=\u00bb%5B%7B%7D%5D\u00bb offset=\u00bbvc_hidden-xs\u00bb][common_title title=\u00bbNavegar por la galer\u00eda\u00bb][\/common_title][vc_media_grid style=\u00bbpagination\u00bb items_per_page=\u00bb4&#8243; element_width=\u00bb3&#8243; gap=\u00bb10&#8243; arrows_design=\u00bbvc_arrow-icon-arrow_01_left\u00bb arrows_position=\u00bboutside\u00bb arrows_color=\u00bbblack\u00bb loop=\u00bbyes\u00bb grid_id=\u00bbvc_gid:1671704496729-7707a98b34c64acf5d34aa18a7ac3b0d-1&#8243; include=\u00bb6221,6223,6225,6226&#8243;][\/vc_column][\/vc_row][vc_row full_width=\u00bbstretch_row\u00bb gap=\u00bb5&#8243; content_placement=\u00bbmiddle\u00bb pix_padding_bottom=\u00bbpadding No\u00bb gradient_colors=\u00bb%5B%7B%7D%5D\u00bb][vc_column gradient_colors=\u00bb%5B%7B%7D%5D\u00bb offset=\u00bbvc_hidden-lg vc_hidden-md vc_hidden-sm\u00bb][common_title title=\u00bbNavegar por la galer\u00eda\u00bb][\/common_title][vc_media_grid style=\u00bbpagination\u00bb items_per_page=\u00bb1&#8243; element_width=\u00bb12&#8243; gap=\u00bb10&#8243; arrows_design=\u00bbvc_arrow-icon-arrow_01_left\u00bb arrows_position=\u00bboutside\u00bb arrows_color=\u00bbblack\u00bb loop=\u00bbyes\u00bb grid_id=\u00bbvc_gid:1671704496779-561c7f0bab99bbbb94bdb78d92d55766-3&#8243; include=\u00bb6221,6223,6225,6226&#8243;][\/vc_column][\/vc_row][vc_row full_width=\u00bbstretch_row\u00bb pix_padding_top=\u00bbpadding M\u00bb pix_padding_bottom=\u00bbpadding M\u00bb gradient_colors=\u00bb%5B%7B%7D%5D\u00bb pix_padding=\u00bbpix-padding-both\u00bb pix_padding_size=\u00bbpix-padding-xl\u00bb css=\u00bb.vc_custom_1658389011442{background-color: #f7f7f7 !important;}\u00bb][vc_column][common_title title=\u00bbP\u00f3ngase en contacto con nosotros para obtener m\u00e1s informaci\u00f3n\u00bb padding=\u00bboff\u00bb][\/common_title][common_cform7 form_id=\u00bb1768&#8243; box_gap=\u00bb50&#8243;][\/vc_column][\/vc_row]<\/p>\n","protected":false},"excerpt":{"rendered":"<p>[vc_row full_width=\u00bbstretch_row\u00bb pix_padding_top=\u00bbpadding No\u00bb pix_padding_bottom=\u00bbpadding No\u00bb gradient_colors=\u00bb%5B%7B%7D%5D\u00bb css=\u00bb.vc_custom_1658913073932{padding-top: 150px !important;padding-bottom: 150px !important;background-image: url(https:\/\/enercon.it\/wp-content\/uploads\/impianti-e-sistemi-sanificazione-aria-copia.jpg?id=6354) !important;background-position: center !important;background-repeat: no-repeat !important;background-size: cover !important;}\u00bb][vc_column][common_title title=\u00bbSistema de higienizaci\u00f3n del aire\u00bb color=\u00bbwhite-heading\u00bb][\/common_title][\/vc_column][\/vc_row][vc_row pix_padding_top=\u00bbpadding No\u00bb pix_padding_bottom=\u00bbpadding No\u00bb radius=\u00bbpix-rounded\u00bb overflow=\u00bbon\u00bb top_offset=\u00bb-100px\u00bb gradient_colors=\u00bb%5B%7B%7D%5D\u00bb shadow=\u00bbpix-shadow\u00bb shadow_values=\u00bb%5B%7B%22horizontal%22%3A%220%22%2C%22vertical%22%3A%222%22%2C%22blur%22%3A%2210%22%2C%22spread%22%3A%225px%22%2C%22color%22%3A%22%23000000%22%2C%22opacity%22%3A%2210%22%7D%5D\u00bb][vc_column pix_padding_top=\u00bbpadding S\u00bb pix_padding_bottom=\u00bbpadding S\u00bb gradient_colors=\u00bb%5B%7B%7D%5D\u00bb css=\u00bb.vc_custom_1652800232515{background-color: #ffffff !important;}\u00bb][vc_row_inner content_placement=\u00bbmiddle\u00bb gap=\u00bb35&#8243; gradient_colors=\u00bb%5B%7B%7D%5D\u00bb el_class=\u00bbswap-on-mobile\u00bb][vc_column_inner width=\u00bb1\/2&#8243;][common_video url=\u00bbhttps:\/\/www.youtube.com\/watch?v=0enhz2axRhs\u00bb color=\u00bbrgba(255,255,255,0.01)\u00bb video_opacity=\u00bb40&#8243; image=\u00bb6220&#8243; height=\u00bb400px\u00bb][\/common_video][\/vc_column_inner][vc_column_inner width=\u00bb1\/2&#8243;][vc_column_text]Enercon [&hellip;]<\/p>\n","protected":false},"author":1,"featured_media":8661,"parent":0,"menu_order":0,"comment_status":"closed","ping_status":"closed","template":"page-home.php","meta":{"inline_featured_image":false,"footnotes":""},"class_list":["post-9902","page","type-page","status-publish","has-post-thumbnail","hentry"],"yoast_head":"<!-- This site is optimized with the Yoast SEO plugin v23.8 - https:\/\/yoast.com\/wordpress\/plugins\/seo\/ -->\n<title>Sistema de higienizaci\u00f3n del aire | Enercon<\/title>\n<meta name=\"description\" content=\"Enercon fabrica dispositivos industriales de higienizaci\u00f3n. Genera reacciones de oxidaci\u00f3n reduciendo los contaminantes de los ambientes. Haga clic aqu\u00ed.\" \/>\n<meta name=\"robots\" content=\"index, follow, max-snippet:-1, max-image-preview:large, max-video-preview:-1\" \/>\n<link rel=\"canonical\" href=\"https:\/\/enercon.it\/es\/sistema-de-higienizacion-del-aire\/\" \/>\n<meta property=\"og:locale\" content=\"es_ES\" \/>\n<meta property=\"og:type\" content=\"article\" \/>\n<meta property=\"og:title\" content=\"Sistema de higienizaci\u00f3n del aire | Enercon\" \/>\n<meta property=\"og:description\" content=\"Enercon fabrica dispositivos industriales de higienizaci\u00f3n. Genera reacciones de oxidaci\u00f3n reduciendo los contaminantes de los ambientes. Haga clic aqu\u00ed.\" \/>\n<meta property=\"og:url\" content=\"https:\/\/enercon.it\/es\/sistema-de-higienizacion-del-aire\/\" \/>\n<meta property=\"og:site_name\" content=\"Enercon\" \/>\n<meta property=\"article:modified_time\" content=\"2022-12-22T10:21:49+00:00\" \/>\n<meta property=\"og:image\" content=\"https:\/\/enercon.it\/wp-content\/uploads\/sanibox-installato-2.jpg\" \/>\n\t<meta property=\"og:image:width\" content=\"900\" \/>\n\t<meta property=\"og:image:height\" content=\"600\" \/>\n\t<meta property=\"og:image:type\" content=\"image\/jpeg\" \/>\n<meta name=\"twitter:card\" content=\"summary_large_image\" \/>\n<meta name=\"twitter:label1\" content=\"Tiempo de lectura\" \/>\n\t<meta name=\"twitter:data1\" content=\"6 minutos\" \/>\n<script type=\"application\/ld+json\" class=\"yoast-schema-graph\">{\"@context\":\"https:\/\/schema.org\",\"@graph\":[{\"@type\":\"WebPage\",\"@id\":\"https:\/\/enercon.it\/es\/sistema-de-higienizacion-del-aire\/\",\"url\":\"https:\/\/enercon.it\/es\/sistema-de-higienizacion-del-aire\/\",\"name\":\"Sistema de higienizaci\u00f3n del aire | Enercon\",\"isPartOf\":{\"@id\":\"https:\/\/enercon.it\/#website\"},\"primaryImageOfPage\":{\"@id\":\"https:\/\/enercon.it\/es\/sistema-de-higienizacion-del-aire\/#primaryimage\"},\"image\":{\"@id\":\"https:\/\/enercon.it\/es\/sistema-de-higienizacion-del-aire\/#primaryimage\"},\"thumbnailUrl\":\"https:\/\/enercon.it\/wp-content\/uploads\/sanibox-installato-2.jpg\",\"datePublished\":\"2022-07-19T14:56:54+00:00\",\"dateModified\":\"2022-12-22T10:21:49+00:00\",\"description\":\"Enercon fabrica dispositivos industriales de higienizaci\u00f3n. Genera reacciones de oxidaci\u00f3n reduciendo los contaminantes de los ambientes. Haga clic aqu\u00ed.\",\"breadcrumb\":{\"@id\":\"https:\/\/enercon.it\/es\/sistema-de-higienizacion-del-aire\/#breadcrumb\"},\"inLanguage\":\"es\",\"potentialAction\":[{\"@type\":\"ReadAction\",\"target\":[\"https:\/\/enercon.it\/es\/sistema-de-higienizacion-del-aire\/\"]}]},{\"@type\":\"ImageObject\",\"inLanguage\":\"es\",\"@id\":\"https:\/\/enercon.it\/es\/sistema-de-higienizacion-del-aire\/#primaryimage\",\"url\":\"https:\/\/enercon.it\/wp-content\/uploads\/sanibox-installato-2.jpg\",\"contentUrl\":\"https:\/\/enercon.it\/wp-content\/uploads\/sanibox-installato-2.jpg\",\"width\":900,\"height\":600},{\"@type\":\"BreadcrumbList\",\"@id\":\"https:\/\/enercon.it\/es\/sistema-de-higienizacion-del-aire\/#breadcrumb\",\"itemListElement\":[{\"@type\":\"ListItem\",\"position\":1,\"name\":\"Home\",\"item\":\"https:\/\/enercon.it\/es\/\"},{\"@type\":\"ListItem\",\"position\":2,\"name\":\"Sistema de higienizaci\u00f3n del aire\"}]},{\"@type\":\"WebSite\",\"@id\":\"https:\/\/enercon.it\/#website\",\"url\":\"https:\/\/enercon.it\/\",\"name\":\"Enercon\",\"description\":\"Depurazione di inquinanti atmosferici\",\"publisher\":{\"@id\":\"https:\/\/enercon.it\/#organization\"},\"potentialAction\":[{\"@type\":\"SearchAction\",\"target\":{\"@type\":\"EntryPoint\",\"urlTemplate\":\"https:\/\/enercon.it\/?s={search_term_string}\"},\"query-input\":{\"@type\":\"PropertyValueSpecification\",\"valueRequired\":true,\"valueName\":\"search_term_string\"}}],\"inLanguage\":\"es\"},{\"@type\":\"Organization\",\"@id\":\"https:\/\/enercon.it\/#organization\",\"name\":\"Enercon S.r.l.\",\"url\":\"https:\/\/enercon.it\/\",\"logo\":{\"@type\":\"ImageObject\",\"inLanguage\":\"es\",\"@id\":\"https:\/\/enercon.it\/#\/schema\/logo\/image\/\",\"url\":\"https:\/\/enercon.it\/wp-content\/uploads\/2022\/05\/logo-enercon.png\",\"contentUrl\":\"https:\/\/enercon.it\/wp-content\/uploads\/2022\/05\/logo-enercon.png\",\"width\":270,\"height\":110,\"caption\":\"Enercon S.r.l.\"},\"image\":{\"@id\":\"https:\/\/enercon.it\/#\/schema\/logo\/image\/\"}}]}<\/script>\n<!-- \/ Yoast SEO plugin. -->","yoast_head_json":{"title":"Sistema de higienizaci\u00f3n del aire | Enercon","description":"Enercon fabrica dispositivos industriales de higienizaci\u00f3n. Genera reacciones de oxidaci\u00f3n reduciendo los contaminantes de los ambientes. Haga clic aqu\u00ed.","robots":{"index":"index","follow":"follow","max-snippet":"max-snippet:-1","max-image-preview":"max-image-preview:large","max-video-preview":"max-video-preview:-1"},"canonical":"https:\/\/enercon.it\/es\/sistema-de-higienizacion-del-aire\/","og_locale":"es_ES","og_type":"article","og_title":"Sistema de higienizaci\u00f3n del aire | Enercon","og_description":"Enercon fabrica dispositivos industriales de higienizaci\u00f3n. Genera reacciones de oxidaci\u00f3n reduciendo los contaminantes de los ambientes. Haga clic aqu\u00ed.","og_url":"https:\/\/enercon.it\/es\/sistema-de-higienizacion-del-aire\/","og_site_name":"Enercon","article_modified_time":"2022-12-22T10:21:49+00:00","og_image":[{"width":900,"height":600,"url":"https:\/\/enercon.it\/wp-content\/uploads\/sanibox-installato-2.jpg","type":"image\/jpeg"}],"twitter_card":"summary_large_image","twitter_misc":{"Tiempo de lectura":"6 minutos"},"schema":{"@context":"https:\/\/schema.org","@graph":[{"@type":"WebPage","@id":"https:\/\/enercon.it\/es\/sistema-de-higienizacion-del-aire\/","url":"https:\/\/enercon.it\/es\/sistema-de-higienizacion-del-aire\/","name":"Sistema de higienizaci\u00f3n del aire | Enercon","isPartOf":{"@id":"https:\/\/enercon.it\/#website"},"primaryImageOfPage":{"@id":"https:\/\/enercon.it\/es\/sistema-de-higienizacion-del-aire\/#primaryimage"},"image":{"@id":"https:\/\/enercon.it\/es\/sistema-de-higienizacion-del-aire\/#primaryimage"},"thumbnailUrl":"https:\/\/enercon.it\/wp-content\/uploads\/sanibox-installato-2.jpg","datePublished":"2022-07-19T14:56:54+00:00","dateModified":"2022-12-22T10:21:49+00:00","description":"Enercon fabrica dispositivos industriales de higienizaci\u00f3n. Genera reacciones de oxidaci\u00f3n reduciendo los contaminantes de los ambientes. Haga clic aqu\u00ed.","breadcrumb":{"@id":"https:\/\/enercon.it\/es\/sistema-de-higienizacion-del-aire\/#breadcrumb"},"inLanguage":"es","potentialAction":[{"@type":"ReadAction","target":["https:\/\/enercon.it\/es\/sistema-de-higienizacion-del-aire\/"]}]},{"@type":"ImageObject","inLanguage":"es","@id":"https:\/\/enercon.it\/es\/sistema-de-higienizacion-del-aire\/#primaryimage","url":"https:\/\/enercon.it\/wp-content\/uploads\/sanibox-installato-2.jpg","contentUrl":"https:\/\/enercon.it\/wp-content\/uploads\/sanibox-installato-2.jpg","width":900,"height":600},{"@type":"BreadcrumbList","@id":"https:\/\/enercon.it\/es\/sistema-de-higienizacion-del-aire\/#breadcrumb","itemListElement":[{"@type":"ListItem","position":1,"name":"Home","item":"https:\/\/enercon.it\/es\/"},{"@type":"ListItem","position":2,"name":"Sistema de higienizaci\u00f3n del aire"}]},{"@type":"WebSite","@id":"https:\/\/enercon.it\/#website","url":"https:\/\/enercon.it\/","name":"Enercon","description":"Depurazione di inquinanti atmosferici","publisher":{"@id":"https:\/\/enercon.it\/#organization"},"potentialAction":[{"@type":"SearchAction","target":{"@type":"EntryPoint","urlTemplate":"https:\/\/enercon.it\/?s={search_term_string}"},"query-input":{"@type":"PropertyValueSpecification","valueRequired":true,"valueName":"search_term_string"}}],"inLanguage":"es"},{"@type":"Organization","@id":"https:\/\/enercon.it\/#organization","name":"Enercon S.r.l.","url":"https:\/\/enercon.it\/","logo":{"@type":"ImageObject","inLanguage":"es","@id":"https:\/\/enercon.it\/#\/schema\/logo\/image\/","url":"https:\/\/enercon.it\/wp-content\/uploads\/2022\/05\/logo-enercon.png","contentUrl":"https:\/\/enercon.it\/wp-content\/uploads\/2022\/05\/logo-enercon.png","width":270,"height":110,"caption":"Enercon S.r.l."},"image":{"@id":"https:\/\/enercon.it\/#\/schema\/logo\/image\/"}}]}},"_links":{"self":[{"href":"https:\/\/enercon.it\/es\/wp-json\/wp\/v2\/pages\/9902"}],"collection":[{"href":"https:\/\/enercon.it\/es\/wp-json\/wp\/v2\/pages"}],"about":[{"href":"https:\/\/enercon.it\/es\/wp-json\/wp\/v2\/types\/page"}],"author":[{"embeddable":true,"href":"https:\/\/enercon.it\/es\/wp-json\/wp\/v2\/users\/1"}],"replies":[{"embeddable":true,"href":"https:\/\/enercon.it\/es\/wp-json\/wp\/v2\/comments?post=9902"}],"version-history":[{"count":7,"href":"https:\/\/enercon.it\/es\/wp-json\/wp\/v2\/pages\/9902\/revisions"}],"predecessor-version":[{"id":10280,"href":"https:\/\/enercon.it\/es\/wp-json\/wp\/v2\/pages\/9902\/revisions\/10280"}],"wp:featuredmedia":[{"embeddable":true,"href":"https:\/\/enercon.it\/es\/wp-json\/wp\/v2\/media\/8661"}],"wp:attachment":[{"href":"https:\/\/enercon.it\/es\/wp-json\/wp\/v2\/media?parent=9902"}],"curies":[{"name":"wp","href":"https:\/\/api.w.org\/{rel}","templated":true}]}}