{"id":9899,"date":"2022-07-19T13:41:03","date_gmt":"2022-07-19T13:41:03","guid":{"rendered":"https:\/\/enercon.it\/recuperacion-y-ahorro-energetico-incineradores\/"},"modified":"2022-11-30T14:57:54","modified_gmt":"2022-11-30T14:57:54","slug":"recuperacion-y-ahorro-energetico-incineradores","status":"publish","type":"page","link":"https:\/\/enercon.it\/es\/recuperacion-y-ahorro-energetico-incineradores\/","title":{"rendered":"Recuperaci\u00f3n y ahorro energ\u00e9tico &#8211; Incineradores"},"content":{"rendered":"<p>[vc_row full_width=\u00bbstretch_row\u00bb pix_padding_top=\u00bbpadding No\u00bb pix_padding_bottom=\u00bbpadding No\u00bb gradient_colors=\u00bb%5B%7B%7D%5D\u00bb css=\u00bb.vc_custom_1658388227600{padding-top: 150px !important;padding-bottom: 150px !important;background-image: url(https:\/\/enercon.it\/wp-content\/uploads\/impiant-recupero-energetico-background.jpg?id=6199) !important;background-position: center !important;background-repeat: no-repeat !important;background-size: cover !important;}\u00bb][vc_column][common_title title=\u00bbRecuperaci\u00f3n y ahorro energ\u00e9tico &#8211; Incineradores\u00bb color=\u00bbwhite-heading\u00bb][\/common_title][\/vc_column][\/vc_row][vc_row pix_padding_top=\u00bbpadding No\u00bb pix_padding_bottom=\u00bbpadding No\u00bb radius=\u00bbpix-rounded\u00bb overflow=\u00bbon\u00bb top_offset=\u00bb-100px\u00bb gradient_colors=\u00bb%5B%7B%7D%5D\u00bb shadow=\u00bbpix-shadow\u00bb shadow_values=\u00bb%5B%7B%22horizontal%22%3A%220%22%2C%22vertical%22%3A%222%22%2C%22blur%22%3A%2210%22%2C%22spread%22%3A%225px%22%2C%22color%22%3A%22%23000000%22%2C%22opacity%22%3A%2210%22%7D%5D\u00bb][vc_column pix_padding_top=\u00bbpadding S\u00bb pix_padding_bottom=\u00bbpadding S\u00bb gradient_colors=\u00bb%5B%7B%7D%5D\u00bb css=\u00bb.vc_custom_1652800232515{background-color: #ffffff !important;}\u00bb][vc_row_inner content_placement=\u00bbmiddle\u00bb gap=\u00bb35&#8243; gradient_colors=\u00bb%5B%7B%7D%5D\u00bb el_class=\u00bbswap-on-mobile\u00bb][vc_column_inner width=\u00bb1\/2&#8243; css=\u00bb.vc_custom_1668672079939{padding-top: 30px !important;}\u00bb][vc_single_image image=\u00bb6192&#8243; img_size=\u00bbfull\u00bb][\/vc_column_inner][vc_column_inner width=\u00bb1\/2&#8243;][vc_column_text]Los gases que se deben depurar suelen contener grandes cantidades de energ\u00eda (normalmente t\u00e9rmica) que pueden aprovecharse con el equipo adecuado. Enercon ha dise\u00f1ado y desarrollado <strong>intercambiadores de calor humo-aire y humo-agua<\/strong> para recuperar la energ\u00eda que de otro modo se perder\u00eda. La instalaci\u00f3n de una unidad de <strong>recuperaci\u00f3n de calor<\/strong> dentro de las instalaciones de filtraci\u00f3n (nuevas o existentes) es una soluci\u00f3n extremadamente <strong>rentable y sostenible<\/strong>.[\/vc_column_text][\/vc_column_inner][\/vc_row_inner][\/vc_column][\/vc_row][vc_row gap=\u00bb35&#8243; gradient_colors=\u00bb%5B%7B%7D%5D\u00bb][vc_column width=\u00bb1\/2&#8243; gradient_colors=\u00bb%5B%7B%7D%5D\u00bb css=\u00bb.vc_custom_1668672388676{padding-top: 30px !important;}\u00bb][common_title title=\u00bbAplicaciones de recuperaci\u00f3n y ahorro de energ\u00eda\u00bb position=\u00bbtext-left\u00bb][\/common_title][common_icon_box icon_type=\u00bbfont\u00bb icon_pixfontawesome=\u00bbfa fa-check\u00bb icon_size=\u00bbpix-icon-s\u00bb title=\u00bbEnfriadores de humos\u00bb css=\u00bb.vc_custom_1658241029165{padding-bottom: 10px !important;}\u00bb][\/common_icon_box][common_icon_box icon_type=\u00bbfont\u00bb icon_pixfontawesome=\u00bbfa fa-check\u00bb icon_size=\u00bbpix-icon-s\u00bb title=\u00bbRecuperadores de calor de humo, agua y vapor\u00bb css=\u00bb.vc_custom_1658241040308{padding-bottom: 10px !important;}\u00bb][\/common_icon_box][common_icon_box icon_type=\u00bbfont\u00bb icon_pixfontawesome=\u00bbfa fa-check\u00bb icon_size=\u00bbpix-icon-s\u00bb title=\u00bbIncineradores con una capacidad de destrucci\u00f3n de hasta 500 kg\/h\u00bb css=\u00bb.vc_custom_1659626936680{padding-bottom: 10px !important;}\u00bb][\/common_icon_box][\/vc_column][vc_column width=\u00bb1\/2&#8243; gradient_colors=\u00bb%5B%7B%7D%5D\u00bb css=\u00bb.vc_custom_1668672394626{padding-top: 30px !important;}\u00bb][common_title title=\u00bb\u00bfC\u00f3mo funciona el intercambiador de calor?\u00bb position=\u00bbtext-left\u00bb][\/common_title][vc_column_text]Los sistemas de intercambio de calor son capaces de <strong>recuperar el calor<\/strong>, que de otro modo se desperdicia, para suministrar agua y\/o aire caliente a los distintos departamentos de producci\u00f3n, oficinas o procesos en funci\u00f3n de las necesidades del cliente, lo que permite <strong>reducir el consumo y amortizar las inversiones<\/strong> muy r\u00e1pidamente. En el caso en que la energ\u00eda que se deba recuperar sea superior a determinados umbrales para el retorno de las inversiones, Enercon tambi\u00e9n puede instalar <strong>unidades para la producci\u00f3n de energ\u00eda el\u00e9ctrica<\/strong>.[\/vc_column_text][common_button text=\u00bbDescargar ficha t\u00e9cnica\u00bb link=\u00bburl:https%3A%2F%2Fenercon.it%2Fwp-content%2Fuploads%2Fdownload%2Fscheda-tecnica-recupero-energetico.pdf|target:_blank\u00bb size_v=\u00bbpix-v-l\u00bb css=\u00bb.vc_custom_1658387272626{margin-bottom: 10px !important;padding-top: 70px !important;}\u00bb][\/vc_column][\/vc_row][vc_row full_width=\u00bbstretch_row\u00bb content_placement=\u00bbmiddle\u00bb pix_padding_top=\u00bbpadding S\u00bb pix_padding_bottom=\u00bbpadding S\u00bb gradient_colors=\u00bb%5B%7B%7D%5D\u00bb css=\u00bb.vc_custom_1658387232839{background-color: #00507e !important;}\u00bb el_class=\u00bbtitolo-bianco negativo\u00bb][vc_column][vc_row_inner content_placement=\u00bbmiddle\u00bb gradient_colors=\u00bb%5B%7B%7D%5D\u00bb][vc_column_inner width=\u00bb1\/2&#8243;][common_title title=\u00bbConstrucci\u00f3n de incineradores\u00bb position=\u00bbtext-left\u00bb][\/common_title][vc_column_text]Desde 1984, Enercon ha instalado peque\u00f1os incineradores para residuos industriales y hospitalarios en Italia, B\u00e9lgica, M\u00e9xico y Venezuela. En el a\u00f1o 2000, con el fin de ampliar la gama de productos ofrecidos, Enercon adquiri\u00f3 la marca, los conocimientos t\u00e9cnicos y las patentes de \u00abIMEF\u00bb, empresa l\u00edder del mercado desde hace m\u00e1s de 30 a\u00f1os en la fabricaci\u00f3n de sistemas de incineraci\u00f3n. Esto permiti\u00f3 a Enercon ampliar su producci\u00f3n y construcci\u00f3n de sistemas de incineraci\u00f3n.[\/vc_column_text][common_button text=\u00bbDescargar ficha t\u00e9cnica\u00bb link=\u00bburl:https%3A%2F%2Fenercon.it%2Fwp-content%2Fuploads%2Fdownload%2Fscheda-forni-enercon-imef.pdf|target:_blank\u00bb size_v=\u00bbpix-v-l\u00bb css=\u00bb.vc_custom_1658387296882{margin-bottom: 10px !important;padding-top: 70px !important;}\u00bb][\/vc_column_inner][vc_column_inner width=\u00bb1\/2&#8243;][vc_single_image image=\u00bb6195&#8243; img_size=\u00bb400&#215;600&#8243; alignment=\u00bbcenter\u00bb][\/vc_column_inner][\/vc_row_inner][\/vc_column][\/vc_row][vc_row full_width=\u00bbstretch_row\u00bb gap=\u00bb5&#8243; content_placement=\u00bbmiddle\u00bb pix_padding_bottom=\u00bbpadding No\u00bb gradient_colors=\u00bb%5B%7B%7D%5D\u00bb][vc_column gradient_colors=\u00bb%5B%7B%7D%5D\u00bb offset=\u00bbvc_hidden-xs\u00bb][common_title title=\u00bbNavegar por la galer\u00eda\u00bb][\/common_title][vc_media_grid style=\u00bbpagination\u00bb items_per_page=\u00bb4&#8243; element_width=\u00bb3&#8243; gap=\u00bb10&#8243; arrows_design=\u00bbvc_arrow-icon-arrow_01_left\u00bb arrows_position=\u00bboutside\u00bb arrows_color=\u00bbblack\u00bb loop=\u00bbyes\u00bb grid_id=\u00bbvc_gid:1668672085148-33056456-a5a4-1&#8243; include=\u00bb6192,6193,6194,6195,6196,6197,6349,6350&#8243;][\/vc_column][\/vc_row][vc_row full_width=\u00bbstretch_row\u00bb gap=\u00bb5&#8243; content_placement=\u00bbmiddle\u00bb pix_padding_bottom=\u00bbpadding No\u00bb gradient_colors=\u00bb%5B%7B%7D%5D\u00bb][vc_column gradient_colors=\u00bb%5B%7B%7D%5D\u00bb offset=\u00bbvc_hidden-lg vc_hidden-md vc_hidden-sm\u00bb][common_title title=\u00bbNavegar por la galer\u00eda\u00bb][\/common_title][vc_media_grid style=\u00bbpagination\u00bb items_per_page=\u00bb1&#8243; element_width=\u00bb12&#8243; gap=\u00bb10&#8243; arrows_design=\u00bbvc_arrow-icon-arrow_01_left\u00bb arrows_position=\u00bboutside\u00bb arrows_color=\u00bbblack\u00bb loop=\u00bbyes\u00bb grid_id=\u00bbvc_gid:1668672085152-bbe42a54-9699-2&#8243; include=\u00bb6192,6193,6194,6195,6196,6197,6349,6350&#8243;][\/vc_column][\/vc_row][vc_row full_width=\u00bbstretch_row\u00bb pix_padding_top=\u00bbpadding M\u00bb pix_padding_bottom=\u00bbpadding M\u00bb gradient_colors=\u00bb%5B%7B%7D%5D\u00bb pix_padding=\u00bbpix-padding-both\u00bb pix_padding_size=\u00bbpix-padding-xl\u00bb css=\u00bb.vc_custom_1658389041868{background-color: #f7f7f7 !important;}\u00bb][vc_column][common_title title=\u00bbP\u00f3ngase en contacto con nosotros para obtener m\u00e1s informaci\u00f3n\u00bb padding=\u00bboff\u00bb][\/common_title][common_cform7 form_id=\u00bb1768&#8243; box_gap=\u00bb50&#8243;][\/vc_column][\/vc_row]<\/p>\n","protected":false},"excerpt":{"rendered":"<p>[vc_row full_width=\u00bbstretch_row\u00bb pix_padding_top=\u00bbpadding No\u00bb pix_padding_bottom=\u00bbpadding No\u00bb gradient_colors=\u00bb%5B%7B%7D%5D\u00bb css=\u00bb.vc_custom_1658388227600{padding-top: 150px !important;padding-bottom: 150px !important;background-image: url(https:\/\/enercon.it\/wp-content\/uploads\/impiant-recupero-energetico-background.jpg?id=6199) !important;background-position: center !important;background-repeat: no-repeat !important;background-size: cover !important;}\u00bb][vc_column][common_title title=\u00bbRecuperaci\u00f3n y ahorro energ\u00e9tico &#8211; Incineradores\u00bb color=\u00bbwhite-heading\u00bb][\/common_title][\/vc_column][\/vc_row][vc_row pix_padding_top=\u00bbpadding No\u00bb pix_padding_bottom=\u00bbpadding No\u00bb radius=\u00bbpix-rounded\u00bb overflow=\u00bbon\u00bb top_offset=\u00bb-100px\u00bb gradient_colors=\u00bb%5B%7B%7D%5D\u00bb shadow=\u00bbpix-shadow\u00bb shadow_values=\u00bb%5B%7B%22horizontal%22%3A%220%22%2C%22vertical%22%3A%222%22%2C%22blur%22%3A%2210%22%2C%22spread%22%3A%225px%22%2C%22color%22%3A%22%23000000%22%2C%22opacity%22%3A%2210%22%7D%5D\u00bb][vc_column pix_padding_top=\u00bbpadding S\u00bb pix_padding_bottom=\u00bbpadding S\u00bb gradient_colors=\u00bb%5B%7B%7D%5D\u00bb css=\u00bb.vc_custom_1652800232515{background-color: #ffffff !important;}\u00bb][vc_row_inner content_placement=\u00bbmiddle\u00bb gap=\u00bb35&#8243; gradient_colors=\u00bb%5B%7B%7D%5D\u00bb el_class=\u00bbswap-on-mobile\u00bb][vc_column_inner width=\u00bb1\/2&#8243; css=\u00bb.vc_custom_1668672079939{padding-top: 30px !important;}\u00bb][vc_single_image image=\u00bb6192&#8243; img_size=\u00bbfull\u00bb][\/vc_column_inner][vc_column_inner [&hellip;]<\/p>\n","protected":false},"author":1,"featured_media":8596,"parent":0,"menu_order":0,"comment_status":"closed","ping_status":"closed","template":"page-home.php","meta":{"inline_featured_image":false,"footnotes":""},"class_list":["post-9899","page","type-page","status-publish","has-post-thumbnail","hentry"],"yoast_head":"<!-- This site is optimized with the Yoast SEO plugin v23.8 - https:\/\/yoast.com\/wordpress\/plugins\/seo\/ -->\n<title>Incineradores y plantas de recuperaci\u00f3n de energ\u00eda | Enercon<\/title>\n<meta name=\"description\" content=\"Enercon dise\u00f1a intercambiadores de calor para la recuperaci\u00f3n de energ\u00eda. Instala recuperadores de calor dentro de las plantas de filtraci\u00f3n. Lea m\u00e1s.\" \/>\n<meta name=\"robots\" content=\"index, follow, max-snippet:-1, max-image-preview:large, max-video-preview:-1\" \/>\n<link rel=\"canonical\" href=\"https:\/\/enercon.it\/es\/recuperacion-y-ahorro-energetico-incineradores\/\" \/>\n<meta property=\"og:locale\" content=\"es_ES\" \/>\n<meta property=\"og:type\" content=\"article\" \/>\n<meta property=\"og:title\" content=\"Incineradores y plantas de recuperaci\u00f3n de energ\u00eda | Enercon\" \/>\n<meta property=\"og:description\" content=\"Enercon dise\u00f1a intercambiadores de calor para la recuperaci\u00f3n de energ\u00eda. Instala recuperadores de calor dentro de las plantas de filtraci\u00f3n. Lea m\u00e1s.\" \/>\n<meta property=\"og:url\" content=\"https:\/\/enercon.it\/es\/recuperacion-y-ahorro-energetico-incineradores\/\" \/>\n<meta property=\"og:site_name\" content=\"Enercon\" \/>\n<meta property=\"article:modified_time\" content=\"2022-11-30T14:57:54+00:00\" \/>\n<meta property=\"og:image\" content=\"https:\/\/enercon.it\/wp-content\/uploads\/impianti-recupero-energetico-Preriscaldo-aria-ambiente-Industrie-Pasotti-Italia.jpg\" \/>\n\t<meta property=\"og:image:width\" content=\"900\" \/>\n\t<meta property=\"og:image:height\" content=\"600\" \/>\n\t<meta property=\"og:image:type\" content=\"image\/jpeg\" \/>\n<meta name=\"twitter:card\" content=\"summary_large_image\" \/>\n<meta name=\"twitter:label1\" content=\"Tiempo de lectura\" \/>\n\t<meta name=\"twitter:data1\" content=\"5 minutos\" \/>\n<script type=\"application\/ld+json\" class=\"yoast-schema-graph\">{\"@context\":\"https:\/\/schema.org\",\"@graph\":[{\"@type\":\"WebPage\",\"@id\":\"https:\/\/enercon.it\/es\/recuperacion-y-ahorro-energetico-incineradores\/\",\"url\":\"https:\/\/enercon.it\/es\/recuperacion-y-ahorro-energetico-incineradores\/\",\"name\":\"Incineradores y plantas de recuperaci\u00f3n de energ\u00eda | Enercon\",\"isPartOf\":{\"@id\":\"https:\/\/enercon.it\/#website\"},\"primaryImageOfPage\":{\"@id\":\"https:\/\/enercon.it\/es\/recuperacion-y-ahorro-energetico-incineradores\/#primaryimage\"},\"image\":{\"@id\":\"https:\/\/enercon.it\/es\/recuperacion-y-ahorro-energetico-incineradores\/#primaryimage\"},\"thumbnailUrl\":\"https:\/\/enercon.it\/wp-content\/uploads\/impianti-recupero-energetico-Preriscaldo-aria-ambiente-Industrie-Pasotti-Italia.jpg\",\"datePublished\":\"2022-07-19T13:41:03+00:00\",\"dateModified\":\"2022-11-30T14:57:54+00:00\",\"description\":\"Enercon dise\u00f1a intercambiadores de calor para la recuperaci\u00f3n de energ\u00eda. Instala recuperadores de calor dentro de las plantas de filtraci\u00f3n. Lea m\u00e1s.\",\"breadcrumb\":{\"@id\":\"https:\/\/enercon.it\/es\/recuperacion-y-ahorro-energetico-incineradores\/#breadcrumb\"},\"inLanguage\":\"es\",\"potentialAction\":[{\"@type\":\"ReadAction\",\"target\":[\"https:\/\/enercon.it\/es\/recuperacion-y-ahorro-energetico-incineradores\/\"]}]},{\"@type\":\"ImageObject\",\"inLanguage\":\"es\",\"@id\":\"https:\/\/enercon.it\/es\/recuperacion-y-ahorro-energetico-incineradores\/#primaryimage\",\"url\":\"https:\/\/enercon.it\/wp-content\/uploads\/impianti-recupero-energetico-Preriscaldo-aria-ambiente-Industrie-Pasotti-Italia.jpg\",\"contentUrl\":\"https:\/\/enercon.it\/wp-content\/uploads\/impianti-recupero-energetico-Preriscaldo-aria-ambiente-Industrie-Pasotti-Italia.jpg\",\"width\":900,\"height\":600},{\"@type\":\"BreadcrumbList\",\"@id\":\"https:\/\/enercon.it\/es\/recuperacion-y-ahorro-energetico-incineradores\/#breadcrumb\",\"itemListElement\":[{\"@type\":\"ListItem\",\"position\":1,\"name\":\"Home\",\"item\":\"https:\/\/enercon.it\/es\/\"},{\"@type\":\"ListItem\",\"position\":2,\"name\":\"Recuperaci\u00f3n y ahorro energ\u00e9tico &#8211; Incineradores\"}]},{\"@type\":\"WebSite\",\"@id\":\"https:\/\/enercon.it\/#website\",\"url\":\"https:\/\/enercon.it\/\",\"name\":\"Enercon\",\"description\":\"Depurazione di inquinanti atmosferici\",\"publisher\":{\"@id\":\"https:\/\/enercon.it\/#organization\"},\"potentialAction\":[{\"@type\":\"SearchAction\",\"target\":{\"@type\":\"EntryPoint\",\"urlTemplate\":\"https:\/\/enercon.it\/?s={search_term_string}\"},\"query-input\":{\"@type\":\"PropertyValueSpecification\",\"valueRequired\":true,\"valueName\":\"search_term_string\"}}],\"inLanguage\":\"es\"},{\"@type\":\"Organization\",\"@id\":\"https:\/\/enercon.it\/#organization\",\"name\":\"Enercon S.r.l.\",\"url\":\"https:\/\/enercon.it\/\",\"logo\":{\"@type\":\"ImageObject\",\"inLanguage\":\"es\",\"@id\":\"https:\/\/enercon.it\/#\/schema\/logo\/image\/\",\"url\":\"https:\/\/enercon.it\/wp-content\/uploads\/2022\/05\/logo-enercon.png\",\"contentUrl\":\"https:\/\/enercon.it\/wp-content\/uploads\/2022\/05\/logo-enercon.png\",\"width\":270,\"height\":110,\"caption\":\"Enercon S.r.l.\"},\"image\":{\"@id\":\"https:\/\/enercon.it\/#\/schema\/logo\/image\/\"}}]}<\/script>\n<!-- \/ Yoast SEO plugin. -->","yoast_head_json":{"title":"Incineradores y plantas de recuperaci\u00f3n de energ\u00eda | Enercon","description":"Enercon dise\u00f1a intercambiadores de calor para la recuperaci\u00f3n de energ\u00eda. Instala recuperadores de calor dentro de las plantas de filtraci\u00f3n. Lea m\u00e1s.","robots":{"index":"index","follow":"follow","max-snippet":"max-snippet:-1","max-image-preview":"max-image-preview:large","max-video-preview":"max-video-preview:-1"},"canonical":"https:\/\/enercon.it\/es\/recuperacion-y-ahorro-energetico-incineradores\/","og_locale":"es_ES","og_type":"article","og_title":"Incineradores y plantas de recuperaci\u00f3n de energ\u00eda | Enercon","og_description":"Enercon dise\u00f1a intercambiadores de calor para la recuperaci\u00f3n de energ\u00eda. Instala recuperadores de calor dentro de las plantas de filtraci\u00f3n. Lea m\u00e1s.","og_url":"https:\/\/enercon.it\/es\/recuperacion-y-ahorro-energetico-incineradores\/","og_site_name":"Enercon","article_modified_time":"2022-11-30T14:57:54+00:00","og_image":[{"width":900,"height":600,"url":"https:\/\/enercon.it\/wp-content\/uploads\/impianti-recupero-energetico-Preriscaldo-aria-ambiente-Industrie-Pasotti-Italia.jpg","type":"image\/jpeg"}],"twitter_card":"summary_large_image","twitter_misc":{"Tiempo de lectura":"5 minutos"},"schema":{"@context":"https:\/\/schema.org","@graph":[{"@type":"WebPage","@id":"https:\/\/enercon.it\/es\/recuperacion-y-ahorro-energetico-incineradores\/","url":"https:\/\/enercon.it\/es\/recuperacion-y-ahorro-energetico-incineradores\/","name":"Incineradores y plantas de recuperaci\u00f3n de energ\u00eda | Enercon","isPartOf":{"@id":"https:\/\/enercon.it\/#website"},"primaryImageOfPage":{"@id":"https:\/\/enercon.it\/es\/recuperacion-y-ahorro-energetico-incineradores\/#primaryimage"},"image":{"@id":"https:\/\/enercon.it\/es\/recuperacion-y-ahorro-energetico-incineradores\/#primaryimage"},"thumbnailUrl":"https:\/\/enercon.it\/wp-content\/uploads\/impianti-recupero-energetico-Preriscaldo-aria-ambiente-Industrie-Pasotti-Italia.jpg","datePublished":"2022-07-19T13:41:03+00:00","dateModified":"2022-11-30T14:57:54+00:00","description":"Enercon dise\u00f1a intercambiadores de calor para la recuperaci\u00f3n de energ\u00eda. Instala recuperadores de calor dentro de las plantas de filtraci\u00f3n. Lea m\u00e1s.","breadcrumb":{"@id":"https:\/\/enercon.it\/es\/recuperacion-y-ahorro-energetico-incineradores\/#breadcrumb"},"inLanguage":"es","potentialAction":[{"@type":"ReadAction","target":["https:\/\/enercon.it\/es\/recuperacion-y-ahorro-energetico-incineradores\/"]}]},{"@type":"ImageObject","inLanguage":"es","@id":"https:\/\/enercon.it\/es\/recuperacion-y-ahorro-energetico-incineradores\/#primaryimage","url":"https:\/\/enercon.it\/wp-content\/uploads\/impianti-recupero-energetico-Preriscaldo-aria-ambiente-Industrie-Pasotti-Italia.jpg","contentUrl":"https:\/\/enercon.it\/wp-content\/uploads\/impianti-recupero-energetico-Preriscaldo-aria-ambiente-Industrie-Pasotti-Italia.jpg","width":900,"height":600},{"@type":"BreadcrumbList","@id":"https:\/\/enercon.it\/es\/recuperacion-y-ahorro-energetico-incineradores\/#breadcrumb","itemListElement":[{"@type":"ListItem","position":1,"name":"Home","item":"https:\/\/enercon.it\/es\/"},{"@type":"ListItem","position":2,"name":"Recuperaci\u00f3n y ahorro energ\u00e9tico &#8211; Incineradores"}]},{"@type":"WebSite","@id":"https:\/\/enercon.it\/#website","url":"https:\/\/enercon.it\/","name":"Enercon","description":"Depurazione di inquinanti atmosferici","publisher":{"@id":"https:\/\/enercon.it\/#organization"},"potentialAction":[{"@type":"SearchAction","target":{"@type":"EntryPoint","urlTemplate":"https:\/\/enercon.it\/?s={search_term_string}"},"query-input":{"@type":"PropertyValueSpecification","valueRequired":true,"valueName":"search_term_string"}}],"inLanguage":"es"},{"@type":"Organization","@id":"https:\/\/enercon.it\/#organization","name":"Enercon S.r.l.","url":"https:\/\/enercon.it\/","logo":{"@type":"ImageObject","inLanguage":"es","@id":"https:\/\/enercon.it\/#\/schema\/logo\/image\/","url":"https:\/\/enercon.it\/wp-content\/uploads\/2022\/05\/logo-enercon.png","contentUrl":"https:\/\/enercon.it\/wp-content\/uploads\/2022\/05\/logo-enercon.png","width":270,"height":110,"caption":"Enercon S.r.l."},"image":{"@id":"https:\/\/enercon.it\/#\/schema\/logo\/image\/"}}]}},"_links":{"self":[{"href":"https:\/\/enercon.it\/es\/wp-json\/wp\/v2\/pages\/9899"}],"collection":[{"href":"https:\/\/enercon.it\/es\/wp-json\/wp\/v2\/pages"}],"about":[{"href":"https:\/\/enercon.it\/es\/wp-json\/wp\/v2\/types\/page"}],"author":[{"embeddable":true,"href":"https:\/\/enercon.it\/es\/wp-json\/wp\/v2\/users\/1"}],"replies":[{"embeddable":true,"href":"https:\/\/enercon.it\/es\/wp-json\/wp\/v2\/comments?post=9899"}],"version-history":[{"count":4,"href":"https:\/\/enercon.it\/es\/wp-json\/wp\/v2\/pages\/9899\/revisions"}],"predecessor-version":[{"id":10118,"href":"https:\/\/enercon.it\/es\/wp-json\/wp\/v2\/pages\/9899\/revisions\/10118"}],"wp:featuredmedia":[{"embeddable":true,"href":"https:\/\/enercon.it\/es\/wp-json\/wp\/v2\/media\/8596"}],"wp:attachment":[{"href":"https:\/\/enercon.it\/es\/wp-json\/wp\/v2\/media?parent=9899"}],"curies":[{"name":"wp","href":"https:\/\/api.w.org\/{rel}","templated":true}]}}