{"id":9896,"date":"2022-07-19T12:31:59","date_gmt":"2022-07-19T12:31:59","guid":{"rendered":"https:\/\/enercon.it\/instalaciones-hidraulicas-industriales\/"},"modified":"2023-01-10T13:43:25","modified_gmt":"2023-01-10T13:43:25","slug":"instalaciones-hidraulicas-industriales","status":"publish","type":"page","link":"https:\/\/enercon.it\/es\/instalaciones-hidraulicas-industriales\/","title":{"rendered":"Instalaciones hidr\u00e1ulicas industriales"},"content":{"rendered":"<p>[vc_row full_width=\u00bbstretch_row\u00bb pix_padding_top=\u00bbpadding No\u00bb pix_padding_bottom=\u00bbpadding No\u00bb gradient_colors=\u00bb%5B%7B%7D%5D\u00bb css=\u00bb.vc_custom_1659946466527{padding-top: 150px !important;padding-bottom: 150px !important;background-image: url(https:\/\/enercon.it\/wp-content\/uploads\/Impianto-sala-pompe-distribuzione-acqu-di-raffreddamento-forno-FL-colata-continua-Gruppo-Feralpi-Romania-copia.jpg?id=6418) !important;background-position: center !important;background-repeat: no-repeat !important;background-size: cover !important;}\u00bb][vc_column][common_title title=\u00bbInstalaciones hidr\u00e1ulicas industriales\u00bb color=\u00bbwhite-heading\u00bb][\/common_title][\/vc_column][\/vc_row][vc_row pix_padding_top=\u00bbpadding No\u00bb pix_padding_bottom=\u00bbpadding No\u00bb radius=\u00bbpix-rounded\u00bb overflow=\u00bbon\u00bb top_offset=\u00bb-100px\u00bb gradient_colors=\u00bb%5B%7B%7D%5D\u00bb shadow=\u00bbpix-shadow\u00bb shadow_values=\u00bb%5B%7B%22horizontal%22%3A%220%22%2C%22vertical%22%3A%222%22%2C%22blur%22%3A%2210%22%2C%22spread%22%3A%225px%22%2C%22color%22%3A%22%23000000%22%2C%22opacity%22%3A%2210%22%7D%5D\u00bb][vc_column pix_padding_top=\u00bbpadding S\u00bb pix_padding_bottom=\u00bbpadding S\u00bb gradient_colors=\u00bb%5B%7B%7D%5D\u00bb css=\u00bb.vc_custom_1652800232515{background-color: #ffffff !important;}\u00bb][vc_row_inner content_placement=\u00bbmiddle\u00bb gap=\u00bb35&#8243; gradient_colors=\u00bb%5B%7B%7D%5D\u00bb el_class=\u00bbswap-on-mobile\u00bb][vc_column_inner width=\u00bb1\/2&#8243;][vc_single_image image=\u00bb6182&#8243; img_size=\u00bbfull\u00bb][\/vc_column_inner][vc_column_inner width=\u00bb1\/2&#8243;][vc_column_text]Garantizar un servicio completo a los clientes: este es el esp\u00edritu con el que la empresa Enercon ha configurado su departamento de <strong>sistemas hidr\u00e1ulicos industriales<\/strong>, garantizando una intervenci\u00f3n r\u00e1pida, tanto para la construcci\u00f3n de nuevas instalaciones como para el mantenimiento ordinario y extraordinario de las instalaciones existentes. Por ello, Enercon dise\u00f1a y construye sistemas en los <strong>sectores hidr\u00e1ulico, neum\u00e1tico y oleodin\u00e1mico<\/strong> con soldadores autorizados.[\/vc_column_text][\/vc_column_inner][\/vc_row_inner][\/vc_column][\/vc_row][vc_row gap=\u00bb35&#8243; content_placement=\u00bbmiddle\u00bb gradient_colors=\u00bb%5B%7B%7D%5D\u00bb][vc_column width=\u00bb1\/2&#8243;][common_title title=\u00bbLas instalaciones que realizamos\u00bb position=\u00bbtext-left\u00bb][\/common_title][common_icon_box icon_type=\u00bbfont\u00bb icon_pixfontawesome=\u00bbfa fa-angle-right\u00bb icon_size=\u00bbpix-icon-s\u00bb title=\u00bbInstalaciones de refrigeraci\u00f3n, recirculaci\u00f3n y filtraci\u00f3n de agua primaria y de proceso\u00bb css=\u00bb.vc_custom_1658234320337{padding-bottom: 10px !important;}\u00bb][\/common_icon_box][common_icon_box icon_type=\u00bbfont\u00bb icon_pixfontawesome=\u00bbfa fa-angle-right\u00bb icon_size=\u00bbpix-icon-s\u00bb title=\u00bbInstalaciones de depuraci\u00f3n de aguas residuales\u00bb css=\u00bb.vc_custom_1658234330537{padding-bottom: 10px !important;}\u00bb][\/common_icon_box][common_icon_box icon_type=\u00bbfont\u00bb icon_pixfontawesome=\u00bbfa fa-angle-right\u00bb icon_size=\u00bbpix-icon-s\u00bb title=\u00bbInstalaciones oleodin\u00e1micas y lubricaci\u00f3n\u00bb css=\u00bb.vc_custom_1658234338608{padding-bottom: 10px !important;}\u00bb][\/common_icon_box][common_icon_box icon_type=\u00bbfont\u00bb icon_pixfontawesome=\u00bbfa fa-angle-right\u00bb icon_size=\u00bbpix-icon-s\u00bb title=\u00bbInstalaciones a bordo\u00bb css=\u00bb.vc_custom_1658234349867{padding-bottom: 10px !important;}\u00bb][\/common_icon_box][common_icon_box icon_type=\u00bbfont\u00bb icon_pixfontawesome=\u00bbfa fa-angle-right\u00bb icon_size=\u00bbpix-icon-s\u00bb title=\u00bbInstalaciones de distribuci\u00f3n de gas, aire comprimido y gases t\u00e9cnicos y fluidos en general\u00bb css=\u00bb.vc_custom_1658234359856{padding-bottom: 10px !important;}\u00bb][\/common_icon_box][common_icon_box icon_type=\u00bbfont\u00bb icon_pixfontawesome=\u00bbfa fa-angle-right\u00bb icon_size=\u00bbpix-icon-s\u00bb title=\u00bbRenovaci\u00f3n de las instalaciones existentes\u00bb css=\u00bb.vc_custom_1658234371440{padding-bottom: 10px !important;}\u00bb][\/common_icon_box][common_icon_box icon_type=\u00bbfont\u00bb icon_pixfontawesome=\u00bbfa fa-angle-right\u00bb icon_size=\u00bbpix-icon-s\u00bb title=\u00bbInstalaciones de tuber\u00edas y tuber\u00edas industriales\u00bb css=\u00bb.vc_custom_1658234381047{padding-bottom: 10px !important;}\u00bb][\/common_icon_box][\/vc_column][vc_column width=\u00bb1\/2&#8243; gradient_colors=\u00bb%5B%7B%7D%5D\u00bb css=\u00bb.vc_custom_1668615821268{padding-top: 30px !important;}\u00bb][common_title title=\u00bbDescargar ficha t\u00e9cnica\u00bb][\/common_title][common_button text=\u00bbInstalaciones hidr\u00e1ulicas industriales\u00bb link=\u00bburl:https%3A%2F%2Fenercon.it%2Fwp-content%2Fuploads%2Fdownload%2FEnercon_Depliant_Idraulica-%2520ENG.pdf|target:_blank\u00bb size_v=\u00bbpix-v-l\u00bb position=\u00bbpix-text-center\u00bb css=\u00bb.vc_custom_1673358202305{margin-top: 10px !important;margin-bottom: 10px !important;}\u00bb][\/vc_column][\/vc_row][vc_row full_width=\u00bbstretch_row\u00bb gap=\u00bb5&#8243; content_placement=\u00bbmiddle\u00bb pix_padding_bottom=\u00bbpadding No\u00bb gradient_colors=\u00bb%5B%7B%7D%5D\u00bb][vc_column gradient_colors=\u00bb%5B%7B%7D%5D\u00bb offset=\u00bbvc_hidden-xs\u00bb][common_title title=\u00bbNavegar por la galer\u00eda\u00bb][\/common_title][vc_media_grid style=\u00bbpagination\u00bb items_per_page=\u00bb4&#8243; element_width=\u00bb3&#8243; gap=\u00bb10&#8243; arrows_design=\u00bbvc_arrow-icon-arrow_01_left\u00bb arrows_position=\u00bboutside\u00bb arrows_color=\u00bbblack\u00bb loop=\u00bbyes\u00bb grid_id=\u00bbvc_gid:1673358193653-7d483fc07399022a7531cf66e92a15f7-2&#8243; include=\u00bb6178,6179,6180,6181,6182,6183,6184,6185,6186,6187,6339,6340&#8243;][\/vc_column][\/vc_row][vc_row full_width=\u00bbstretch_row\u00bb gap=\u00bb5&#8243; content_placement=\u00bbmiddle\u00bb pix_padding_bottom=\u00bbpadding No\u00bb gradient_colors=\u00bb%5B%7B%7D%5D\u00bb][vc_column gradient_colors=\u00bb%5B%7B%7D%5D\u00bb offset=\u00bbvc_hidden-lg vc_hidden-md vc_hidden-sm\u00bb][common_title title=\u00bbNavegar por la galer\u00eda\u00bb][\/common_title][vc_media_grid style=\u00bbpagination\u00bb items_per_page=\u00bb1&#8243; element_width=\u00bb12&#8243; gap=\u00bb10&#8243; arrows_design=\u00bbvc_arrow-icon-arrow_01_left\u00bb arrows_position=\u00bboutside\u00bb arrows_color=\u00bbblack\u00bb loop=\u00bbyes\u00bb grid_id=\u00bbvc_gid:1673358193708-c7a918b3501f4cc5de3665b787d0bfdf-3&#8243; include=\u00bb6178,6179,6180,6181,6182,6183,6184,6185,6186,6187,6339,6340&#8243;][\/vc_column][\/vc_row][vc_row full_width=\u00bbstretch_row\u00bb pix_padding_top=\u00bbpadding M\u00bb pix_padding_bottom=\u00bbpadding M\u00bb gradient_colors=\u00bb%5B%7B%7D%5D\u00bb pix_padding=\u00bbpix-padding-both\u00bb pix_padding_size=\u00bbpix-padding-xl\u00bb css=\u00bb.vc_custom_1658389159337{background-color: #f7f7f7 !important;}\u00bb][vc_column][common_title title=\u00bbP\u00f3ngase en contacto con nosotros para obtener m\u00e1s informaci\u00f3n\u00bb padding=\u00bboff\u00bb][\/common_title][common_cform7 form_id=\u00bb1768&#8243; box_gap=\u00bb50&#8243;][\/vc_column][\/vc_row]<\/p>\n","protected":false},"excerpt":{"rendered":"<p>[vc_row full_width=\u00bbstretch_row\u00bb pix_padding_top=\u00bbpadding No\u00bb pix_padding_bottom=\u00bbpadding No\u00bb gradient_colors=\u00bb%5B%7B%7D%5D\u00bb css=\u00bb.vc_custom_1659946466527{padding-top: 150px !important;padding-bottom: 150px !important;background-image: url(https:\/\/enercon.it\/wp-content\/uploads\/Impianto-sala-pompe-distribuzione-acqu-di-raffreddamento-forno-FL-colata-continua-Gruppo-Feralpi-Romania-copia.jpg?id=6418) !important;background-position: center !important;background-repeat: no-repeat !important;background-size: cover !important;}\u00bb][vc_column][common_title title=\u00bbInstalaciones hidr\u00e1ulicas industriales\u00bb color=\u00bbwhite-heading\u00bb][\/common_title][\/vc_column][\/vc_row][vc_row pix_padding_top=\u00bbpadding No\u00bb pix_padding_bottom=\u00bbpadding No\u00bb radius=\u00bbpix-rounded\u00bb overflow=\u00bbon\u00bb top_offset=\u00bb-100px\u00bb gradient_colors=\u00bb%5B%7B%7D%5D\u00bb shadow=\u00bbpix-shadow\u00bb shadow_values=\u00bb%5B%7B%22horizontal%22%3A%220%22%2C%22vertical%22%3A%222%22%2C%22blur%22%3A%2210%22%2C%22spread%22%3A%225px%22%2C%22color%22%3A%22%23000000%22%2C%22opacity%22%3A%2210%22%7D%5D\u00bb][vc_column pix_padding_top=\u00bbpadding S\u00bb pix_padding_bottom=\u00bbpadding S\u00bb gradient_colors=\u00bb%5B%7B%7D%5D\u00bb css=\u00bb.vc_custom_1652800232515{background-color: #ffffff !important;}\u00bb][vc_row_inner content_placement=\u00bbmiddle\u00bb gap=\u00bb35&#8243; gradient_colors=\u00bb%5B%7B%7D%5D\u00bb el_class=\u00bbswap-on-mobile\u00bb][vc_column_inner width=\u00bb1\/2&#8243;][vc_single_image image=\u00bb6182&#8243; img_size=\u00bbfull\u00bb][\/vc_column_inner][vc_column_inner width=\u00bb1\/2&#8243;][vc_column_text]Garantizar un servicio completo a los [&hellip;]<\/p>\n","protected":false},"author":1,"featured_media":8566,"parent":0,"menu_order":0,"comment_status":"closed","ping_status":"closed","template":"page-home.php","meta":{"inline_featured_image":false,"footnotes":""},"class_list":["post-9896","page","type-page","status-publish","has-post-thumbnail","hentry"],"yoast_head":"<!-- This site is optimized with the Yoast SEO plugin v23.8 - https:\/\/yoast.com\/wordpress\/plugins\/seo\/ -->\n<title>Instalaciones hidr\u00e1ulicas industriales | Enercon<\/title>\n<meta name=\"description\" content=\"Enercon ofrece servicios de fontaner\u00eda industrial. Mantenimiento ordinario y extraordinario de las instalaciones existentes. M\u00e1s informaci\u00f3n.\" \/>\n<meta name=\"robots\" content=\"index, follow, max-snippet:-1, max-image-preview:large, max-video-preview:-1\" \/>\n<link rel=\"canonical\" href=\"https:\/\/enercon.it\/es\/instalaciones-hidraulicas-industriales\/\" \/>\n<meta property=\"og:locale\" content=\"es_ES\" \/>\n<meta property=\"og:type\" content=\"article\" \/>\n<meta property=\"og:title\" content=\"Instalaciones hidr\u00e1ulicas industriales | Enercon\" \/>\n<meta property=\"og:description\" content=\"Enercon ofrece servicios de fontaner\u00eda industrial. Mantenimiento ordinario y extraordinario de las instalaciones existentes. M\u00e1s informaci\u00f3n.\" \/>\n<meta property=\"og:url\" content=\"https:\/\/enercon.it\/es\/instalaciones-hidraulicas-industriales\/\" \/>\n<meta property=\"og:site_name\" content=\"Enercon\" \/>\n<meta property=\"article:modified_time\" content=\"2023-01-10T13:43:25+00:00\" \/>\n<meta property=\"og:image\" content=\"https:\/\/enercon.it\/wp-content\/uploads\/impiantistica-oleodinamica-idraulica-Impianto-raffreddamento-colata-alluminio-Rafinaria-Capra-Metalli-Italia.jpg\" \/>\n\t<meta property=\"og:image:width\" content=\"900\" \/>\n\t<meta property=\"og:image:height\" content=\"600\" \/>\n\t<meta property=\"og:image:type\" content=\"image\/jpeg\" \/>\n<meta name=\"twitter:card\" content=\"summary_large_image\" \/>\n<meta name=\"twitter:label1\" content=\"Tiempo de lectura\" \/>\n\t<meta name=\"twitter:data1\" content=\"4 minutos\" \/>\n<script type=\"application\/ld+json\" class=\"yoast-schema-graph\">{\"@context\":\"https:\/\/schema.org\",\"@graph\":[{\"@type\":\"WebPage\",\"@id\":\"https:\/\/enercon.it\/es\/instalaciones-hidraulicas-industriales\/\",\"url\":\"https:\/\/enercon.it\/es\/instalaciones-hidraulicas-industriales\/\",\"name\":\"Instalaciones hidr\u00e1ulicas industriales | Enercon\",\"isPartOf\":{\"@id\":\"https:\/\/enercon.it\/#website\"},\"primaryImageOfPage\":{\"@id\":\"https:\/\/enercon.it\/es\/instalaciones-hidraulicas-industriales\/#primaryimage\"},\"image\":{\"@id\":\"https:\/\/enercon.it\/es\/instalaciones-hidraulicas-industriales\/#primaryimage\"},\"thumbnailUrl\":\"https:\/\/enercon.it\/wp-content\/uploads\/impiantistica-oleodinamica-idraulica-Impianto-raffreddamento-colata-alluminio-Rafinaria-Capra-Metalli-Italia.jpg\",\"datePublished\":\"2022-07-19T12:31:59+00:00\",\"dateModified\":\"2023-01-10T13:43:25+00:00\",\"description\":\"Enercon ofrece servicios de fontaner\u00eda industrial. Mantenimiento ordinario y extraordinario de las instalaciones existentes. M\u00e1s informaci\u00f3n.\",\"breadcrumb\":{\"@id\":\"https:\/\/enercon.it\/es\/instalaciones-hidraulicas-industriales\/#breadcrumb\"},\"inLanguage\":\"es\",\"potentialAction\":[{\"@type\":\"ReadAction\",\"target\":[\"https:\/\/enercon.it\/es\/instalaciones-hidraulicas-industriales\/\"]}]},{\"@type\":\"ImageObject\",\"inLanguage\":\"es\",\"@id\":\"https:\/\/enercon.it\/es\/instalaciones-hidraulicas-industriales\/#primaryimage\",\"url\":\"https:\/\/enercon.it\/wp-content\/uploads\/impiantistica-oleodinamica-idraulica-Impianto-raffreddamento-colata-alluminio-Rafinaria-Capra-Metalli-Italia.jpg\",\"contentUrl\":\"https:\/\/enercon.it\/wp-content\/uploads\/impiantistica-oleodinamica-idraulica-Impianto-raffreddamento-colata-alluminio-Rafinaria-Capra-Metalli-Italia.jpg\",\"width\":900,\"height\":600},{\"@type\":\"BreadcrumbList\",\"@id\":\"https:\/\/enercon.it\/es\/instalaciones-hidraulicas-industriales\/#breadcrumb\",\"itemListElement\":[{\"@type\":\"ListItem\",\"position\":1,\"name\":\"Home\",\"item\":\"https:\/\/enercon.it\/es\/\"},{\"@type\":\"ListItem\",\"position\":2,\"name\":\"Instalaciones hidr\u00e1ulicas industriales\"}]},{\"@type\":\"WebSite\",\"@id\":\"https:\/\/enercon.it\/#website\",\"url\":\"https:\/\/enercon.it\/\",\"name\":\"Enercon\",\"description\":\"Depurazione di inquinanti atmosferici\",\"publisher\":{\"@id\":\"https:\/\/enercon.it\/#organization\"},\"potentialAction\":[{\"@type\":\"SearchAction\",\"target\":{\"@type\":\"EntryPoint\",\"urlTemplate\":\"https:\/\/enercon.it\/?s={search_term_string}\"},\"query-input\":{\"@type\":\"PropertyValueSpecification\",\"valueRequired\":true,\"valueName\":\"search_term_string\"}}],\"inLanguage\":\"es\"},{\"@type\":\"Organization\",\"@id\":\"https:\/\/enercon.it\/#organization\",\"name\":\"Enercon S.r.l.\",\"url\":\"https:\/\/enercon.it\/\",\"logo\":{\"@type\":\"ImageObject\",\"inLanguage\":\"es\",\"@id\":\"https:\/\/enercon.it\/#\/schema\/logo\/image\/\",\"url\":\"https:\/\/enercon.it\/wp-content\/uploads\/2022\/05\/logo-enercon.png\",\"contentUrl\":\"https:\/\/enercon.it\/wp-content\/uploads\/2022\/05\/logo-enercon.png\",\"width\":270,\"height\":110,\"caption\":\"Enercon S.r.l.\"},\"image\":{\"@id\":\"https:\/\/enercon.it\/#\/schema\/logo\/image\/\"}}]}<\/script>\n<!-- \/ Yoast SEO plugin. -->","yoast_head_json":{"title":"Instalaciones hidr\u00e1ulicas industriales | Enercon","description":"Enercon ofrece servicios de fontaner\u00eda industrial. Mantenimiento ordinario y extraordinario de las instalaciones existentes. M\u00e1s informaci\u00f3n.","robots":{"index":"index","follow":"follow","max-snippet":"max-snippet:-1","max-image-preview":"max-image-preview:large","max-video-preview":"max-video-preview:-1"},"canonical":"https:\/\/enercon.it\/es\/instalaciones-hidraulicas-industriales\/","og_locale":"es_ES","og_type":"article","og_title":"Instalaciones hidr\u00e1ulicas industriales | Enercon","og_description":"Enercon ofrece servicios de fontaner\u00eda industrial. Mantenimiento ordinario y extraordinario de las instalaciones existentes. M\u00e1s informaci\u00f3n.","og_url":"https:\/\/enercon.it\/es\/instalaciones-hidraulicas-industriales\/","og_site_name":"Enercon","article_modified_time":"2023-01-10T13:43:25+00:00","og_image":[{"width":900,"height":600,"url":"https:\/\/enercon.it\/wp-content\/uploads\/impiantistica-oleodinamica-idraulica-Impianto-raffreddamento-colata-alluminio-Rafinaria-Capra-Metalli-Italia.jpg","type":"image\/jpeg"}],"twitter_card":"summary_large_image","twitter_misc":{"Tiempo de lectura":"4 minutos"},"schema":{"@context":"https:\/\/schema.org","@graph":[{"@type":"WebPage","@id":"https:\/\/enercon.it\/es\/instalaciones-hidraulicas-industriales\/","url":"https:\/\/enercon.it\/es\/instalaciones-hidraulicas-industriales\/","name":"Instalaciones hidr\u00e1ulicas industriales | Enercon","isPartOf":{"@id":"https:\/\/enercon.it\/#website"},"primaryImageOfPage":{"@id":"https:\/\/enercon.it\/es\/instalaciones-hidraulicas-industriales\/#primaryimage"},"image":{"@id":"https:\/\/enercon.it\/es\/instalaciones-hidraulicas-industriales\/#primaryimage"},"thumbnailUrl":"https:\/\/enercon.it\/wp-content\/uploads\/impiantistica-oleodinamica-idraulica-Impianto-raffreddamento-colata-alluminio-Rafinaria-Capra-Metalli-Italia.jpg","datePublished":"2022-07-19T12:31:59+00:00","dateModified":"2023-01-10T13:43:25+00:00","description":"Enercon ofrece servicios de fontaner\u00eda industrial. Mantenimiento ordinario y extraordinario de las instalaciones existentes. M\u00e1s informaci\u00f3n.","breadcrumb":{"@id":"https:\/\/enercon.it\/es\/instalaciones-hidraulicas-industriales\/#breadcrumb"},"inLanguage":"es","potentialAction":[{"@type":"ReadAction","target":["https:\/\/enercon.it\/es\/instalaciones-hidraulicas-industriales\/"]}]},{"@type":"ImageObject","inLanguage":"es","@id":"https:\/\/enercon.it\/es\/instalaciones-hidraulicas-industriales\/#primaryimage","url":"https:\/\/enercon.it\/wp-content\/uploads\/impiantistica-oleodinamica-idraulica-Impianto-raffreddamento-colata-alluminio-Rafinaria-Capra-Metalli-Italia.jpg","contentUrl":"https:\/\/enercon.it\/wp-content\/uploads\/impiantistica-oleodinamica-idraulica-Impianto-raffreddamento-colata-alluminio-Rafinaria-Capra-Metalli-Italia.jpg","width":900,"height":600},{"@type":"BreadcrumbList","@id":"https:\/\/enercon.it\/es\/instalaciones-hidraulicas-industriales\/#breadcrumb","itemListElement":[{"@type":"ListItem","position":1,"name":"Home","item":"https:\/\/enercon.it\/es\/"},{"@type":"ListItem","position":2,"name":"Instalaciones hidr\u00e1ulicas industriales"}]},{"@type":"WebSite","@id":"https:\/\/enercon.it\/#website","url":"https:\/\/enercon.it\/","name":"Enercon","description":"Depurazione di inquinanti atmosferici","publisher":{"@id":"https:\/\/enercon.it\/#organization"},"potentialAction":[{"@type":"SearchAction","target":{"@type":"EntryPoint","urlTemplate":"https:\/\/enercon.it\/?s={search_term_string}"},"query-input":{"@type":"PropertyValueSpecification","valueRequired":true,"valueName":"search_term_string"}}],"inLanguage":"es"},{"@type":"Organization","@id":"https:\/\/enercon.it\/#organization","name":"Enercon S.r.l.","url":"https:\/\/enercon.it\/","logo":{"@type":"ImageObject","inLanguage":"es","@id":"https:\/\/enercon.it\/#\/schema\/logo\/image\/","url":"https:\/\/enercon.it\/wp-content\/uploads\/2022\/05\/logo-enercon.png","contentUrl":"https:\/\/enercon.it\/wp-content\/uploads\/2022\/05\/logo-enercon.png","width":270,"height":110,"caption":"Enercon S.r.l."},"image":{"@id":"https:\/\/enercon.it\/#\/schema\/logo\/image\/"}}]}},"_links":{"self":[{"href":"https:\/\/enercon.it\/es\/wp-json\/wp\/v2\/pages\/9896"}],"collection":[{"href":"https:\/\/enercon.it\/es\/wp-json\/wp\/v2\/pages"}],"about":[{"href":"https:\/\/enercon.it\/es\/wp-json\/wp\/v2\/types\/page"}],"author":[{"embeddable":true,"href":"https:\/\/enercon.it\/es\/wp-json\/wp\/v2\/users\/1"}],"replies":[{"embeddable":true,"href":"https:\/\/enercon.it\/es\/wp-json\/wp\/v2\/comments?post=9896"}],"version-history":[{"count":5,"href":"https:\/\/enercon.it\/es\/wp-json\/wp\/v2\/pages\/9896\/revisions"}],"predecessor-version":[{"id":10311,"href":"https:\/\/enercon.it\/es\/wp-json\/wp\/v2\/pages\/9896\/revisions\/10311"}],"wp:featuredmedia":[{"embeddable":true,"href":"https:\/\/enercon.it\/es\/wp-json\/wp\/v2\/media\/8566"}],"wp:attachment":[{"href":"https:\/\/enercon.it\/es\/wp-json\/wp\/v2\/media?parent=9896"}],"curies":[{"name":"wp","href":"https:\/\/api.w.org\/{rel}","templated":true}]}}