{"id":9893,"date":"2022-07-19T09:01:18","date_gmt":"2022-07-19T09:01:18","guid":{"rendered":"https:\/\/enercon.it\/instalacion-de-aspiracion-y-filtracion-de-nieblas-oleosas\/"},"modified":"2022-11-30T14:29:29","modified_gmt":"2022-11-30T14:29:29","slug":"instalacion-de-aspiracion-y-filtracion-de-nieblas-oleosas","status":"publish","type":"page","link":"https:\/\/enercon.it\/es\/instalacion-de-aspiracion-y-filtracion-de-nieblas-oleosas\/","title":{"rendered":"Instalaci\u00f3n de aspiraci\u00f3n y filtraci\u00f3n de nieblas oleosas"},"content":{"rendered":"<p>[vc_row full_width=\u00bbstretch_row\u00bb pix_padding_top=\u00bbpadding No\u00bb pix_padding_bottom=\u00bbpadding No\u00bb gradient_colors=\u00bb%5B%7B%7D%5D\u00bb css=\u00bb.vc_custom_1658388308107{padding-top: 150px !important;padding-bottom: 150px !important;background-image: url(https:\/\/enercon.it\/wp-content\/uploads\/nebbie-oleose-header-background.jpg?id=6171) !important;background-position: center !important;background-repeat: no-repeat !important;background-size: cover !important;}\u00bb][vc_column][common_title title=\u00bbSistemas de aspiraci\u00f3n de nieblas oleosas\u00bb color=\u00bbwhite-heading\u00bb][\/common_title][\/vc_column][\/vc_row][vc_row pix_padding_top=\u00bbpadding No\u00bb pix_padding_bottom=\u00bbpadding No\u00bb radius=\u00bbpix-rounded\u00bb overflow=\u00bbon\u00bb top_offset=\u00bb-100px\u00bb gradient_colors=\u00bb%5B%7B%7D%5D\u00bb shadow=\u00bbpix-shadow\u00bb shadow_values=\u00bb%5B%7B%22horizontal%22%3A%220%22%2C%22vertical%22%3A%222%22%2C%22blur%22%3A%2210%22%2C%22spread%22%3A%225px%22%2C%22color%22%3A%22%23000000%22%2C%22opacity%22%3A%2210%22%7D%5D\u00bb][vc_column pix_padding_top=\u00bbpadding S\u00bb pix_padding_bottom=\u00bbpadding S\u00bb gradient_colors=\u00bb%5B%7B%7D%5D\u00bb css=\u00bb.vc_custom_1652800232515{background-color: #ffffff !important;}\u00bb][vc_row_inner content_placement=\u00bbmiddle\u00bb gap=\u00bb35&#8243; gradient_colors=\u00bb%5B%7B%7D%5D\u00bb el_class=\u00bbswap-on-mobile\u00bb][vc_column_inner width=\u00bb1\/2&#8243;][common_video url=\u00bbhttps:\/\/www.youtube.com\/watch?v=8vIgMeGJd2I\u00bb color=\u00bbrgba(255,255,255,0.01)\u00bb video_opacity=\u00bb40&#8243; image=\u00bb6159&#8243; height=\u00bb400px\u00bb][\/common_video][\/vc_column_inner][vc_column_inner width=\u00bb1\/2&#8243;][vc_column_text css=\u00bb.vc_custom_1668674385510{padding-bottom: 30px !important;}\u00bb]Las nieblas oleosas suelen formarse durante diversos procesos industriales y mec\u00e1nicos en los que se utilizan aceites combustibles o lubricantes. Gracias a la colaboraci\u00f3n tanto con los usuarios como con los fabricantes de instalaciones de producci\u00f3n, Enercon ha desarrollado una gama completa de <strong>soluciones para la aspiraci\u00f3n y la filtraci\u00f3n de las nieblas oleosas<\/strong>, dise\u00f1ando los propios sistemas siempre teniendo en consideraci\u00f3n el <strong>ahorro y la recuperaci\u00f3n energ\u00e9tica.<\/strong> En particular, los filtros autolimpiantes de tela y electrost\u00e1ticos, fabricados por Enercon, montados y probados por nuestros t\u00e9cnicos, permiten alcanzar niveles de eficiencia muy elevados y garantizan un alto grado de fiabilidad y continuidad operativa con ahorro de energ\u00eda y <strong>reducci\u00f3n de los costes de mantenimiento.<\/strong>[\/vc_column_text][\/vc_column_inner][\/vc_row_inner][\/vc_column][\/vc_row][vc_row gap=\u00bb35&#8243; gradient_colors=\u00bb%5B%7B%7D%5D\u00bb][vc_column width=\u00bb1\/2&#8243; gradient_colors=\u00bb%5B%7B%7D%5D\u00bb css=\u00bb.vc_custom_1668672622669{padding-top: 30px !important;}\u00bb][common_title title=\u00bbPrincipales de aire h\u00famedo con contaminantes\u00bb position=\u00bbtext-left\u00bb][\/common_title][common_icon_box icon_type=\u00bbfont\u00bb icon_pixfontawesome=\u00bbfa fa-radiation\u00bb icon_size=\u00bbpix-icon-s\u00bb title=\u00bbPresofusi\u00f3n de metales (normalmente aluminio, magnesio, zinc, etc.)\u00bb css=\u00bb.vc_custom_1658221921703{padding-bottom: 10px !important;}\u00bb][\/common_icon_box][common_icon_box icon_type=\u00bbfont\u00bb icon_pixfontawesome=\u00bbfa fa-radiation\u00bb icon_size=\u00bbpix-icon-s\u00bb title=\u00bbNebulizaci\u00f3n de los separadores\u00bb css=\u00bb.vc_custom_1658221934632{padding-bottom: 10px !important;}\u00bb][\/common_icon_box][common_icon_box icon_type=\u00bbfont\u00bb icon_pixfontawesome=\u00bbfa fa-radiation\u00bb icon_size=\u00bbpix-icon-s\u00bb title=\u00bbElaboraciones mec\u00e1nicas\u00bb css=\u00bb.vc_custom_1658221944480{padding-bottom: 10px !important;}\u00bb][\/common_icon_box][common_icon_box icon_type=\u00bbfont\u00bb icon_pixfontawesome=\u00bbfa fa-radiation\u00bb icon_size=\u00bbpix-icon-s\u00bb title=\u00bbNebulizaci\u00f3n de agua de enfriamiento\u00bb css=\u00bb.vc_custom_1658221963842{padding-bottom: 10px !important;}\u00bb][\/common_icon_box][common_icon_box icon_type=\u00bbfont\u00bb icon_pixfontawesome=\u00bbfa fa-radiation\u00bb icon_size=\u00bbpix-icon-s\u00bb title=\u00bbNebulizaci\u00f3n de aceites de lubricaci\u00f3n, enfriamiento y corte\u00bb css=\u00bb.vc_custom_1658222066309{padding-bottom: 10px !important;}\u00bb][\/common_icon_box][\/vc_column][vc_column width=\u00bb1\/2&#8243; gradient_colors=\u00bb%5B%7B%7D%5D\u00bb css=\u00bb.vc_custom_1668672627048{padding-top: 30px !important;}\u00bb][common_title title=\u00bbProductos de filtraci\u00f3n de nieblas oleosas\u00bb position=\u00bbtext-left\u00bb][\/common_title][common_icon_box icon_type=\u00bbfont\u00bb icon_pixfontawesome=\u00bbfa fa-angle-right\u00bb icon_size=\u00bbpix-icon-s\u00bb title=\u00bbFiltros mec\u00e1nicos de malla\u00bb css=\u00bb.vc_custom_1658222106885{padding-bottom: 10px !important;}\u00bb][\/common_icon_box][common_icon_box icon_type=\u00bbfont\u00bb icon_pixfontawesome=\u00bbfa fa-angle-right\u00bb icon_size=\u00bbpix-icon-s\u00bb title=\u00bbFiltros mec\u00e1nicos de cartucho\u00bb css=\u00bb.vc_custom_1658222116801{padding-bottom: 10px !important;}\u00bb][\/common_icon_box][common_icon_box icon_type=\u00bbfont\u00bb icon_pixfontawesome=\u00bbfa fa-angle-right\u00bb icon_size=\u00bbpix-icon-s\u00bb title=\u00bbFiltros de coalescencia\u00bb css=\u00bb.vc_custom_1658222165744{padding-bottom: 10px !important;}\u00bb][\/common_icon_box][common_icon_box icon_type=\u00bbfont\u00bb icon_pixfontawesome=\u00bbfa fa-angle-right\u00bb icon_size=\u00bbpix-icon-s\u00bb title=\u00bbFiltros electrost\u00e1ticos con lavado autom\u00e1tico programable\u00bb css=\u00bb.vc_custom_1658222127396{padding-bottom: 10px !important;}\u00bb][\/common_icon_box][common_icon_box icon_type=\u00bbfont\u00bb icon_pixfontawesome=\u00bbfa fa-angle-right\u00bb icon_size=\u00bbpix-icon-s\u00bb title=\u00bbFiltros de alta eficiencia para la recirculaci\u00f3n de aire en el ambiente\u00bb css=\u00bb.vc_custom_1665577342341{padding-bottom: 10px !important;}\u00bb][\/common_icon_box][\/vc_column][\/vc_row][vc_row full_width=\u00bbstretch_row\u00bb pix_padding_top=\u00bbpadding M\u00bb pix_padding_bottom=\u00bbpadding M\u00bb gradient_colors=\u00bb%5B%7B%7D%5D\u00bb css=\u00bb.vc_custom_1658386263269{background-image: url(https:\/\/enercon.it\/wp-content\/uploads\/nebbie-oleose-background.jpg?id=6167) !important;background-position: center !important;background-repeat: no-repeat !important;background-size: cover !important;}\u00bb el_class=\u00bbtitolo-bianco\u00bb][vc_column][vc_row_inner][vc_column_inner width=\u00bb1\/2&#8243;][common_title title=\u00bbLas instalaciones de filtraci\u00f3n dise\u00f1adas\u00bb position=\u00bbtext-left\u00bb][\/common_title][vc_column_text]<\/p>\n<ul>\n<li style=\"color: #fff; padding-bottom: 20px;\">Sistemas de aspiraci\u00f3n y filtraci\u00f3n en una sola m\u00e1quina con expulsi\u00f3n del aire filtrado dentro del recinto (permitiendo de esta manera el ahorro energ\u00e9tico en calor durante el invierno). Se aplica <a style=\"color: #fff; text-decoration: underline; font-weight: bold;\" href=\"https:\/\/enercon.it\/es\/sistema-de-higienizacion-del-aire\/\">Enercon Sanibox<\/a> en la instalaci\u00f3n de aspiraci\u00f3n y filtraci\u00f3n para higienizar y mejorar la calidad del aire.<\/li>\n<li style=\"color: #fff; padding-bottom: 20px;\">Sistemas de aspiraci\u00f3n y filtraci\u00f3n en una sola m\u00e1quina con expulsi\u00f3n del aire filtrado fuera del recinto<\/li>\n<li style=\"color: #fff; padding-bottom: 20px;\">Sistemas de aspiraci\u00f3n en una sola m\u00e1quina con filtraci\u00f3n centralizada para m\u00e1s m\u00e1quinas y expulsi\u00f3n del aire filtrado fuera del recinto (con eventual r<a style=\"color: #fff; text-decoration: underline; font-weight: bold;\" href=\"https:\/\/enercon.it\/es\/recuperacion-y-ahorro-energetico-incineradores\/\">ecuperaci\u00f3n de calor<\/a> all\u00ed donde t\u00e9cnicamente se pueda y sea conveniente econ\u00f3micamente)<\/li>\n<\/ul>\n<p>[\/vc_column_text][\/vc_column_inner][vc_column_inner width=\u00bb1\/2&#8243;][\/vc_column_inner][\/vc_row_inner][\/vc_column][\/vc_row][vc_row][vc_column][common_title title=\u00bbDescargar ficha t\u00e9cnica\u00bb][\/common_title][vc_row_inner gap=\u00bb10&#8243; gradient_colors=\u00bb%5B%7B%7D%5D\u00bb el_class=\u00bbbottoni\u00bb][vc_column_inner width=\u00bb1\/3&#8243;][common_button text=\u00bbSistemas de aspiraci\u00f3n de nieblas oleosas\u00bb link=\u00bburl:https%3A%2F%2Fenercon.it%2Fwp-content%2Fuploads%2Fdownload%2Fscheda-tecnica-nebbie.pdf|target:_blank\u00bb size_v=\u00bbpix-v-m\u00bb size_h=\u00bbpix-h-m\u00bb position=\u00bbpix-text-center\u00bb css=\u00bb.vc_custom_1665567033966{margin-top: 10px !important;margin-bottom: 10px !important;}\u00bb][\/vc_column_inner][vc_column_inner width=\u00bb1\/3&#8243;][common_button text=\u00bbFiltro electrost\u00e1tico para la expulsi\u00f3n externa\u00bb link=\u00bburl:https%3A%2F%2Fenercon.it%2Fwp-content%2Fuploads%2Fdownload%2Ffiltro-elettrostatico-per-espulsione-esterna.pdf|target:_blank\u00bb size_v=\u00bbpix-v-m\u00bb size_h=\u00bbpix-h-m\u00bb position=\u00bbpix-text-center\u00bb css=\u00bb.vc_custom_1665566878836{margin-top: 10px !important;margin-bottom: 10px !important;}\u00bb][\/vc_column_inner][vc_column_inner width=\u00bb1\/3&#8243;][common_button text=\u00bbFiltro electrost\u00e1tico para la recirculaci\u00f3n en el ambiente\u00bb link=\u00bburl:https%3A%2F%2Fenercon.it%2Fwp-content%2Fuploads%2Fdownload%2Ffiltro-elettrostatico-per-ricircolo-in-ambiente.pdf|target:_blank\u00bb size_v=\u00bbpix-v-m\u00bb size_h=\u00bbpix-h-m\u00bb position=\u00bbpix-text-center\u00bb css=\u00bb.vc_custom_1665566936430{margin-top: 10px !important;margin-bottom: 10px !important;}\u00bb][\/vc_column_inner][\/vc_row_inner][\/vc_column][\/vc_row][vc_row full_width=\u00bbstretch_row\u00bb gap=\u00bb5&#8243; content_placement=\u00bbmiddle\u00bb pix_padding_bottom=\u00bbpadding No\u00bb gradient_colors=\u00bb%5B%7B%7D%5D\u00bb][vc_column gradient_colors=\u00bb%5B%7B%7D%5D\u00bb offset=\u00bbvc_hidden-xs\u00bb][common_title title=\u00bbNavegar por la galer\u00eda\u00bb][\/common_title][vc_media_grid style=\u00bbpagination\u00bb items_per_page=\u00bb4&#8243; element_width=\u00bb3&#8243; gap=\u00bb10&#8243; arrows_design=\u00bbvc_arrow-icon-arrow_01_left\u00bb arrows_position=\u00bboutside\u00bb arrows_color=\u00bbblack\u00bb loop=\u00bbyes\u00bb grid_id=\u00bbvc_gid:1668674377108-5c981177-81e0-0&#8243; include=\u00bb6156,6157,6158,6159,6160,6161,6162,6163,6164,6165,6332,6333&#8243;][\/vc_column][\/vc_row][vc_row full_width=\u00bbstretch_row\u00bb gap=\u00bb5&#8243; content_placement=\u00bbmiddle\u00bb pix_padding_bottom=\u00bbpadding No\u00bb gradient_colors=\u00bb%5B%7B%7D%5D\u00bb][vc_column gradient_colors=\u00bb%5B%7B%7D%5D\u00bb offset=\u00bbvc_hidden-lg vc_hidden-md vc_hidden-sm\u00bb][common_title title=\u00bbNavegar por la galer\u00eda\u00bb][\/common_title][vc_media_grid style=\u00bbpagination\u00bb items_per_page=\u00bb1&#8243; element_width=\u00bb12&#8243; gap=\u00bb10&#8243; arrows_design=\u00bbvc_arrow-icon-arrow_01_left\u00bb arrows_position=\u00bboutside\u00bb arrows_color=\u00bbblack\u00bb loop=\u00bbyes\u00bb grid_id=\u00bbvc_gid:1668674377115-f24cec65-a040-10&#8243; include=\u00bb6156,6157,6158,6159,6160,6161,6162,6163,6164,6165,6332,6333&#8243;][\/vc_column][\/vc_row][vc_row full_width=\u00bbstretch_row\u00bb pix_padding_top=\u00bbpadding M\u00bb pix_padding_bottom=\u00bbpadding M\u00bb gradient_colors=\u00bb%5B%7B%7D%5D\u00bb pix_padding=\u00bbpix-padding-both\u00bb pix_padding_size=\u00bbpix-padding-xl\u00bb css=\u00bb.vc_custom_1658389261378{background-color: #f7f7f7 !important;}\u00bb][vc_column][common_title title=\u00bbP\u00f3ngase en contacto con nosotros para obtener m\u00e1s informaci\u00f3n\u00bb padding=\u00bboff\u00bb][\/common_title][common_cform7 form_id=\u00bb1768&#8243; box_gap=\u00bb50&#8243;][\/vc_column][\/vc_row]<\/p>\n","protected":false},"excerpt":{"rendered":"<p>[vc_row full_width=\u00bbstretch_row\u00bb pix_padding_top=\u00bbpadding No\u00bb pix_padding_bottom=\u00bbpadding No\u00bb gradient_colors=\u00bb%5B%7B%7D%5D\u00bb css=\u00bb.vc_custom_1658388308107{padding-top: 150px !important;padding-bottom: 150px !important;background-image: url(https:\/\/enercon.it\/wp-content\/uploads\/nebbie-oleose-header-background.jpg?id=6171) !important;background-position: center !important;background-repeat: no-repeat !important;background-size: cover !important;}\u00bb][vc_column][common_title title=\u00bbSistemas de aspiraci\u00f3n de nieblas oleosas\u00bb color=\u00bbwhite-heading\u00bb][\/common_title][\/vc_column][\/vc_row][vc_row pix_padding_top=\u00bbpadding No\u00bb pix_padding_bottom=\u00bbpadding No\u00bb radius=\u00bbpix-rounded\u00bb overflow=\u00bbon\u00bb top_offset=\u00bb-100px\u00bb gradient_colors=\u00bb%5B%7B%7D%5D\u00bb shadow=\u00bbpix-shadow\u00bb shadow_values=\u00bb%5B%7B%22horizontal%22%3A%220%22%2C%22vertical%22%3A%222%22%2C%22blur%22%3A%2210%22%2C%22spread%22%3A%225px%22%2C%22color%22%3A%22%23000000%22%2C%22opacity%22%3A%2210%22%7D%5D\u00bb][vc_column pix_padding_top=\u00bbpadding S\u00bb pix_padding_bottom=\u00bbpadding S\u00bb gradient_colors=\u00bb%5B%7B%7D%5D\u00bb css=\u00bb.vc_custom_1652800232515{background-color: #ffffff !important;}\u00bb][vc_row_inner content_placement=\u00bbmiddle\u00bb gap=\u00bb35&#8243; gradient_colors=\u00bb%5B%7B%7D%5D\u00bb el_class=\u00bbswap-on-mobile\u00bb][vc_column_inner width=\u00bb1\/2&#8243;][common_video url=\u00bbhttps:\/\/www.youtube.com\/watch?v=8vIgMeGJd2I\u00bb color=\u00bbrgba(255,255,255,0.01)\u00bb video_opacity=\u00bb40&#8243; image=\u00bb6159&#8243; height=\u00bb400px\u00bb][\/common_video][\/vc_column_inner][vc_column_inner [&hellip;]<\/p>\n","protected":false},"author":1,"featured_media":8501,"parent":0,"menu_order":0,"comment_status":"closed","ping_status":"closed","template":"page-home.php","meta":{"inline_featured_image":false,"footnotes":""},"class_list":["post-9893","page","type-page","status-publish","has-post-thumbnail","hentry"],"yoast_head":"<!-- This site is optimized with the Yoast SEO plugin v23.8 - https:\/\/yoast.com\/wordpress\/plugins\/seo\/ -->\n<title>Sistemas de aspiraci\u00f3n de nieblas oleosas | Enercon<\/title>\n<meta name=\"description\" content=\"Enercon desarrolla sistemas industriales de aspiraci\u00f3n y filtraci\u00f3n de nieblas oleosas. Fabrica filtros autolimpiantes, de tela y electrost\u00e1ticos. Descubra.\" \/>\n<meta name=\"robots\" content=\"index, follow, max-snippet:-1, max-image-preview:large, max-video-preview:-1\" \/>\n<link rel=\"canonical\" href=\"https:\/\/enercon.it\/es\/instalacion-de-aspiracion-y-filtracion-de-nieblas-oleosas\/\" \/>\n<meta property=\"og:locale\" content=\"es_ES\" \/>\n<meta property=\"og:type\" content=\"article\" \/>\n<meta property=\"og:title\" content=\"Sistemas de aspiraci\u00f3n de nieblas oleosas | Enercon\" \/>\n<meta property=\"og:description\" content=\"Enercon desarrolla sistemas industriales de aspiraci\u00f3n y filtraci\u00f3n de nieblas oleosas. Fabrica filtros autolimpiantes, de tela y electrost\u00e1ticos. Descubra.\" \/>\n<meta property=\"og:url\" content=\"https:\/\/enercon.it\/es\/instalacion-de-aspiracion-y-filtracion-de-nieblas-oleosas\/\" \/>\n<meta property=\"og:site_name\" content=\"Enercon\" \/>\n<meta property=\"article:modified_time\" content=\"2022-11-30T14:29:29+00:00\" \/>\n<meta property=\"og:image\" content=\"https:\/\/enercon.it\/wp-content\/uploads\/impianto-aspirazione-nebbie-oleose-tecopress-spa-colosio-ita.jpg\" \/>\n\t<meta property=\"og:image:width\" content=\"900\" \/>\n\t<meta property=\"og:image:height\" content=\"600\" \/>\n\t<meta property=\"og:image:type\" content=\"image\/jpeg\" \/>\n<meta name=\"twitter:card\" content=\"summary_large_image\" \/>\n<meta name=\"twitter:label1\" content=\"Tiempo de lectura\" \/>\n\t<meta name=\"twitter:data1\" content=\"7 minutos\" \/>\n<script type=\"application\/ld+json\" class=\"yoast-schema-graph\">{\"@context\":\"https:\/\/schema.org\",\"@graph\":[{\"@type\":\"WebPage\",\"@id\":\"https:\/\/enercon.it\/es\/instalacion-de-aspiracion-y-filtracion-de-nieblas-oleosas\/\",\"url\":\"https:\/\/enercon.it\/es\/instalacion-de-aspiracion-y-filtracion-de-nieblas-oleosas\/\",\"name\":\"Sistemas de aspiraci\u00f3n de nieblas oleosas | Enercon\",\"isPartOf\":{\"@id\":\"https:\/\/enercon.it\/#website\"},\"primaryImageOfPage\":{\"@id\":\"https:\/\/enercon.it\/es\/instalacion-de-aspiracion-y-filtracion-de-nieblas-oleosas\/#primaryimage\"},\"image\":{\"@id\":\"https:\/\/enercon.it\/es\/instalacion-de-aspiracion-y-filtracion-de-nieblas-oleosas\/#primaryimage\"},\"thumbnailUrl\":\"https:\/\/enercon.it\/wp-content\/uploads\/impianto-aspirazione-nebbie-oleose-tecopress-spa-colosio-ita.jpg\",\"datePublished\":\"2022-07-19T09:01:18+00:00\",\"dateModified\":\"2022-11-30T14:29:29+00:00\",\"description\":\"Enercon desarrolla sistemas industriales de aspiraci\u00f3n y filtraci\u00f3n de nieblas oleosas. Fabrica filtros autolimpiantes, de tela y electrost\u00e1ticos. Descubra.\",\"breadcrumb\":{\"@id\":\"https:\/\/enercon.it\/es\/instalacion-de-aspiracion-y-filtracion-de-nieblas-oleosas\/#breadcrumb\"},\"inLanguage\":\"es\",\"potentialAction\":[{\"@type\":\"ReadAction\",\"target\":[\"https:\/\/enercon.it\/es\/instalacion-de-aspiracion-y-filtracion-de-nieblas-oleosas\/\"]}]},{\"@type\":\"ImageObject\",\"inLanguage\":\"es\",\"@id\":\"https:\/\/enercon.it\/es\/instalacion-de-aspiracion-y-filtracion-de-nieblas-oleosas\/#primaryimage\",\"url\":\"https:\/\/enercon.it\/wp-content\/uploads\/impianto-aspirazione-nebbie-oleose-tecopress-spa-colosio-ita.jpg\",\"contentUrl\":\"https:\/\/enercon.it\/wp-content\/uploads\/impianto-aspirazione-nebbie-oleose-tecopress-spa-colosio-ita.jpg\",\"width\":900,\"height\":600},{\"@type\":\"BreadcrumbList\",\"@id\":\"https:\/\/enercon.it\/es\/instalacion-de-aspiracion-y-filtracion-de-nieblas-oleosas\/#breadcrumb\",\"itemListElement\":[{\"@type\":\"ListItem\",\"position\":1,\"name\":\"Home\",\"item\":\"https:\/\/enercon.it\/es\/\"},{\"@type\":\"ListItem\",\"position\":2,\"name\":\"Instalaci\u00f3n de aspiraci\u00f3n y filtraci\u00f3n de nieblas oleosas\"}]},{\"@type\":\"WebSite\",\"@id\":\"https:\/\/enercon.it\/#website\",\"url\":\"https:\/\/enercon.it\/\",\"name\":\"Enercon\",\"description\":\"Depurazione di inquinanti atmosferici\",\"publisher\":{\"@id\":\"https:\/\/enercon.it\/#organization\"},\"potentialAction\":[{\"@type\":\"SearchAction\",\"target\":{\"@type\":\"EntryPoint\",\"urlTemplate\":\"https:\/\/enercon.it\/?s={search_term_string}\"},\"query-input\":{\"@type\":\"PropertyValueSpecification\",\"valueRequired\":true,\"valueName\":\"search_term_string\"}}],\"inLanguage\":\"es\"},{\"@type\":\"Organization\",\"@id\":\"https:\/\/enercon.it\/#organization\",\"name\":\"Enercon S.r.l.\",\"url\":\"https:\/\/enercon.it\/\",\"logo\":{\"@type\":\"ImageObject\",\"inLanguage\":\"es\",\"@id\":\"https:\/\/enercon.it\/#\/schema\/logo\/image\/\",\"url\":\"https:\/\/enercon.it\/wp-content\/uploads\/2022\/05\/logo-enercon.png\",\"contentUrl\":\"https:\/\/enercon.it\/wp-content\/uploads\/2022\/05\/logo-enercon.png\",\"width\":270,\"height\":110,\"caption\":\"Enercon S.r.l.\"},\"image\":{\"@id\":\"https:\/\/enercon.it\/#\/schema\/logo\/image\/\"}}]}<\/script>\n<!-- \/ Yoast SEO plugin. -->","yoast_head_json":{"title":"Sistemas de aspiraci\u00f3n de nieblas oleosas | Enercon","description":"Enercon desarrolla sistemas industriales de aspiraci\u00f3n y filtraci\u00f3n de nieblas oleosas. Fabrica filtros autolimpiantes, de tela y electrost\u00e1ticos. Descubra.","robots":{"index":"index","follow":"follow","max-snippet":"max-snippet:-1","max-image-preview":"max-image-preview:large","max-video-preview":"max-video-preview:-1"},"canonical":"https:\/\/enercon.it\/es\/instalacion-de-aspiracion-y-filtracion-de-nieblas-oleosas\/","og_locale":"es_ES","og_type":"article","og_title":"Sistemas de aspiraci\u00f3n de nieblas oleosas | Enercon","og_description":"Enercon desarrolla sistemas industriales de aspiraci\u00f3n y filtraci\u00f3n de nieblas oleosas. Fabrica filtros autolimpiantes, de tela y electrost\u00e1ticos. Descubra.","og_url":"https:\/\/enercon.it\/es\/instalacion-de-aspiracion-y-filtracion-de-nieblas-oleosas\/","og_site_name":"Enercon","article_modified_time":"2022-11-30T14:29:29+00:00","og_image":[{"width":900,"height":600,"url":"https:\/\/enercon.it\/wp-content\/uploads\/impianto-aspirazione-nebbie-oleose-tecopress-spa-colosio-ita.jpg","type":"image\/jpeg"}],"twitter_card":"summary_large_image","twitter_misc":{"Tiempo de lectura":"7 minutos"},"schema":{"@context":"https:\/\/schema.org","@graph":[{"@type":"WebPage","@id":"https:\/\/enercon.it\/es\/instalacion-de-aspiracion-y-filtracion-de-nieblas-oleosas\/","url":"https:\/\/enercon.it\/es\/instalacion-de-aspiracion-y-filtracion-de-nieblas-oleosas\/","name":"Sistemas de aspiraci\u00f3n de nieblas oleosas | Enercon","isPartOf":{"@id":"https:\/\/enercon.it\/#website"},"primaryImageOfPage":{"@id":"https:\/\/enercon.it\/es\/instalacion-de-aspiracion-y-filtracion-de-nieblas-oleosas\/#primaryimage"},"image":{"@id":"https:\/\/enercon.it\/es\/instalacion-de-aspiracion-y-filtracion-de-nieblas-oleosas\/#primaryimage"},"thumbnailUrl":"https:\/\/enercon.it\/wp-content\/uploads\/impianto-aspirazione-nebbie-oleose-tecopress-spa-colosio-ita.jpg","datePublished":"2022-07-19T09:01:18+00:00","dateModified":"2022-11-30T14:29:29+00:00","description":"Enercon desarrolla sistemas industriales de aspiraci\u00f3n y filtraci\u00f3n de nieblas oleosas. Fabrica filtros autolimpiantes, de tela y electrost\u00e1ticos. Descubra.","breadcrumb":{"@id":"https:\/\/enercon.it\/es\/instalacion-de-aspiracion-y-filtracion-de-nieblas-oleosas\/#breadcrumb"},"inLanguage":"es","potentialAction":[{"@type":"ReadAction","target":["https:\/\/enercon.it\/es\/instalacion-de-aspiracion-y-filtracion-de-nieblas-oleosas\/"]}]},{"@type":"ImageObject","inLanguage":"es","@id":"https:\/\/enercon.it\/es\/instalacion-de-aspiracion-y-filtracion-de-nieblas-oleosas\/#primaryimage","url":"https:\/\/enercon.it\/wp-content\/uploads\/impianto-aspirazione-nebbie-oleose-tecopress-spa-colosio-ita.jpg","contentUrl":"https:\/\/enercon.it\/wp-content\/uploads\/impianto-aspirazione-nebbie-oleose-tecopress-spa-colosio-ita.jpg","width":900,"height":600},{"@type":"BreadcrumbList","@id":"https:\/\/enercon.it\/es\/instalacion-de-aspiracion-y-filtracion-de-nieblas-oleosas\/#breadcrumb","itemListElement":[{"@type":"ListItem","position":1,"name":"Home","item":"https:\/\/enercon.it\/es\/"},{"@type":"ListItem","position":2,"name":"Instalaci\u00f3n de aspiraci\u00f3n y filtraci\u00f3n de nieblas oleosas"}]},{"@type":"WebSite","@id":"https:\/\/enercon.it\/#website","url":"https:\/\/enercon.it\/","name":"Enercon","description":"Depurazione di inquinanti atmosferici","publisher":{"@id":"https:\/\/enercon.it\/#organization"},"potentialAction":[{"@type":"SearchAction","target":{"@type":"EntryPoint","urlTemplate":"https:\/\/enercon.it\/?s={search_term_string}"},"query-input":{"@type":"PropertyValueSpecification","valueRequired":true,"valueName":"search_term_string"}}],"inLanguage":"es"},{"@type":"Organization","@id":"https:\/\/enercon.it\/#organization","name":"Enercon S.r.l.","url":"https:\/\/enercon.it\/","logo":{"@type":"ImageObject","inLanguage":"es","@id":"https:\/\/enercon.it\/#\/schema\/logo\/image\/","url":"https:\/\/enercon.it\/wp-content\/uploads\/2022\/05\/logo-enercon.png","contentUrl":"https:\/\/enercon.it\/wp-content\/uploads\/2022\/05\/logo-enercon.png","width":270,"height":110,"caption":"Enercon S.r.l."},"image":{"@id":"https:\/\/enercon.it\/#\/schema\/logo\/image\/"}}]}},"_links":{"self":[{"href":"https:\/\/enercon.it\/es\/wp-json\/wp\/v2\/pages\/9893"}],"collection":[{"href":"https:\/\/enercon.it\/es\/wp-json\/wp\/v2\/pages"}],"about":[{"href":"https:\/\/enercon.it\/es\/wp-json\/wp\/v2\/types\/page"}],"author":[{"embeddable":true,"href":"https:\/\/enercon.it\/es\/wp-json\/wp\/v2\/users\/1"}],"replies":[{"embeddable":true,"href":"https:\/\/enercon.it\/es\/wp-json\/wp\/v2\/comments?post=9893"}],"version-history":[{"count":4,"href":"https:\/\/enercon.it\/es\/wp-json\/wp\/v2\/pages\/9893\/revisions"}],"predecessor-version":[{"id":10092,"href":"https:\/\/enercon.it\/es\/wp-json\/wp\/v2\/pages\/9893\/revisions\/10092"}],"wp:featuredmedia":[{"embeddable":true,"href":"https:\/\/enercon.it\/es\/wp-json\/wp\/v2\/media\/8501"}],"wp:attachment":[{"href":"https:\/\/enercon.it\/es\/wp-json\/wp\/v2\/media?parent=9893"}],"curies":[{"name":"wp","href":"https:\/\/api.w.org\/{rel}","templated":true}]}}