{"id":9890,"date":"2022-06-15T13:51:13","date_gmt":"2022-06-15T13:51:13","guid":{"rendered":"https:\/\/enercon.it\/instalaciones-de-aspiracion-y-filtracion-de-humos-y-polvos\/"},"modified":"2022-11-30T14:11:20","modified_gmt":"2022-11-30T14:11:20","slug":"instalaciones-de-aspiracion-y-filtracion-de-humos-y-polvos","status":"publish","type":"page","link":"https:\/\/enercon.it\/es\/instalaciones-de-aspiracion-y-filtracion-de-humos-y-polvos\/","title":{"rendered":"Instalaciones de aspiraci\u00f3n y filtraci\u00f3n de humos y polvos"},"content":{"rendered":"<p>[vc_row full_width=\u00bbstretch_row\u00bb pix_padding_top=\u00bbpadding No\u00bb pix_padding_bottom=\u00bbpadding No\u00bb gradient_colors=\u00bb%5B%7B%7D%5D\u00bb css=\u00bb.vc_custom_1668690419881{padding-top: 150px !important;padding-bottom: 150px !important;background-image: url(https:\/\/enercon.it\/wp-content\/uploads\/impianto-aspirazione-fumi-e-polveri2.jpg?id=6335) !important;background-position: center !important;background-repeat: no-repeat !important;background-size: cover !important;}\u00bb][vc_column][common_title title=\u00bbInstalaciones de aspiraci\u00f3n de humos y polvos\u00bb color=\u00bbwhite-heading\u00bb][\/common_title][\/vc_column][\/vc_row][vc_row pix_padding_top=\u00bbpadding No\u00bb pix_padding_bottom=\u00bbpadding No\u00bb radius=\u00bbpix-rounded\u00bb overflow=\u00bbon\u00bb top_offset=\u00bb-100px\u00bb gradient_colors=\u00bb%5B%7B%7D%5D\u00bb shadow=\u00bbpix-shadow\u00bb shadow_values=\u00bb%5B%7B%22horizontal%22%3A%220%22%2C%22vertical%22%3A%222%22%2C%22blur%22%3A%2210%22%2C%22spread%22%3A%225%22%2C%22color%22%3A%22%23000000%22%2C%22opacity%22%3A%2210%22%7D%5D\u00bb][vc_column pix_padding_top=\u00bbpadding S\u00bb pix_padding_bottom=\u00bbpadding S\u00bb gradient_colors=\u00bb%5B%7B%7D%5D\u00bb css=\u00bb.vc_custom_1668608655516{background-color: #ffffff !important;}\u00bb][vc_row_inner content_placement=\u00bbmiddle\u00bb gap=\u00bb35&#8243; gradient_colors=\u00bb%5B%7B%7D%5D\u00bb el_class=\u00bbswap-on-mobile\u00bb][vc_column_inner width=\u00bb1\/2&#8243;][common_video url=\u00bbhttps:\/\/www.youtube.com\/watch?v=ltweZv0Nky0&#8243; color=\u00bbrgba(255,255,255,0.01)\u00bb video_opacity=\u00bb40&#8243; image=\u00bb6127&#8243; height=\u00bb400px\u00bb][\/common_video][\/vc_column_inner][vc_column_inner width=\u00bb1\/2&#8243;][vc_column_text]Gracias a los cuarenta a\u00f1os de experiencia en el sector, Enercon es capaz no solo de proporcionar las instalaciones sino tambi\u00e9n de analizar las exigencias del Cliente, aconsejar las mejores soluciones para instalaciones de cualquier dimensi\u00f3n: se ocupa de las <strong>instalaciones de captaci\u00f3n, aspiraci\u00f3n y filtraci\u00f3n de los polvos o de los humos<\/strong>, e incluso de la recuperaci\u00f3n de calor all\u00ed donde t\u00e9cnicamente sea posible y conveniente econ\u00f3micamente.<\/p>\n<p>Se dedica una atenci\u00f3n especial al estudio y dise\u00f1o de los dispositivos de captaci\u00f3n (campanas, bocas, etc.), para los que la larga y diversificada experiencia vivida a lo largo de los a\u00f1os representa un factor esencial. Enercon tambi\u00e9n ofrece un servicio de personalizaci\u00f3n de instalaciones de aspiraci\u00f3n y filtraci\u00f3n de humos y polvo, teniendo en cuenta los diferentes procesos de producci\u00f3n.[\/vc_column_text][\/vc_column_inner][\/vc_row_inner][\/vc_column][\/vc_row][vc_row gap=\u00bb35&#8243; gradient_colors=\u00bb%5B%7B%7D%5D\u00bb][vc_column width=\u00bb1\/2&#8243; gradient_colors=\u00bb%5B%7B%7D%5D\u00bb css=\u00bb.vc_custom_1668672548531{padding-top: 30px !important;}\u00bb][common_title title=\u00bbAplicaciones\u00bb position=\u00bbtext-left\u00bb][\/common_title][common_icon_box icon_type=\u00bbfont\u00bb icon_pixfontawesome=\u00bbfa fa-check\u00bb icon_size=\u00bbpix-icon-s\u00bb title=\u00bbHornos de fundici\u00f3n de torre\u00bb css=\u00bb.vc_custom_1657293649162{padding-bottom: 10px !important;}\u00bb][\/common_icon_box][common_icon_box icon_type=\u00bbfont\u00bb icon_pixfontawesome=\u00bbfa fa-check\u00bb icon_size=\u00bbpix-icon-s\u00bb title=\u00bbHornos de fundici\u00f3n\u00bb css=\u00bb.vc_custom_1657293657714{padding-bottom: 10px !important;}\u00bb][\/common_icon_box][common_icon_box icon_type=\u00bbfont\u00bb icon_pixfontawesome=\u00bbfa fa-check\u00bb icon_size=\u00bbpix-icon-s\u00bb title=\u00bbHornos de mantenimiento\u00bb css=\u00bb.vc_custom_1657293674209{padding-bottom: 10px !important;}\u00bb][\/common_icon_box][common_icon_box icon_type=\u00bbfont\u00bb icon_pixfontawesome=\u00bbfa fa-check\u00bb icon_size=\u00bbpix-icon-s\u00bb title=\u00bbInstalaciones de esmerilado de aluminio\u00bb css=\u00bb.vc_custom_1657293680992{padding-bottom: 10px !important;}\u00bb][\/common_icon_box][common_icon_box icon_type=\u00bbfont\u00bb icon_pixfontawesome=\u00bbfa fa-check\u00bb icon_size=\u00bbpix-icon-s\u00bb title=\u00bbFundici\u00f3n en molde permanente met\u00e1lico\u00bb css=\u00bb.vc_custom_1657293694296{padding-bottom: 10px !important;}\u00bb][\/common_icon_box][common_icon_box icon_type=\u00bbfont\u00bb icon_pixfontawesome=\u00bbfa fa-check\u00bb icon_size=\u00bbpix-icon-s\u00bb title=\u00bbFundici\u00f3n en tierra\u00bb css=\u00bb.vc_custom_1657293731566{padding-bottom: 10px !important;}\u00bb][\/common_icon_box][common_icon_box icon_type=\u00bbfont\u00bb icon_pixfontawesome=\u00bbfa fa-check\u00bb icon_size=\u00bbpix-icon-s\u00bb title=\u00bbTratamiento y refinado de metales\u00bb css=\u00bb.vc_custom_1657293705994{padding-bottom: 10px !important;}\u00bb][\/common_icon_box][common_icon_box icon_type=\u00bbfont\u00bb icon_pixfontawesome=\u00bbfa fa-check\u00bb icon_size=\u00bbpix-icon-s\u00bb title=\u00bbMoldeo del lat\u00f3n\u00bb css=\u00bb.vc_custom_1657293713655{padding-bottom: 10px !important;}\u00bb][\/common_icon_box][common_icon_box icon_type=\u00bbfont\u00bb icon_pixfontawesome=\u00bbfa fa-check\u00bb icon_size=\u00bbpix-icon-s\u00bb title=\u00bbPolvos de tratamiento para la recuperaci\u00f3n de metales y tierras\u00bb css=\u00bb.vc_custom_1657293717983{padding-bottom: 10px !important;}\u00bb][\/common_icon_box][\/vc_column][vc_column width=\u00bb1\/2&#8243; gradient_colors=\u00bb%5B%7B%7D%5D\u00bb css=\u00bb.vc_custom_1668672570574{padding-top: 30px !important;}\u00bb][common_title title=\u00bbNuestros productos\u00bb position=\u00bbtext-left\u00bb][\/common_title][common_icon_box icon_type=\u00bbfont\u00bb icon_pixfontawesome=\u00bbfa fa-angle-right\u00bb icon_size=\u00bbpix-icon-s\u00bb title=\u00bbC\u00e1maras de estabilizaci\u00f3n y abatidores de gravitaci\u00f3n\u00bb css=\u00bb.vc_custom_1658215022762{padding-bottom: 10px !important;}\u00bb][\/common_icon_box][common_icon_box icon_type=\u00bbfont\u00bb icon_pixfontawesome=\u00bbfa fa-angle-right\u00bb icon_size=\u00bbpix-icon-s\u00bb title=\u00bbCiclones separadores de polvo o colectores de polvo centr\u00edfugos\u00bb css=\u00bb.vc_custom_1658215046158{padding-bottom: 10px !important;}\u00bb][\/common_icon_box][common_icon_box icon_type=\u00bbfont\u00bb icon_pixfontawesome=\u00bbfa fa-angle-right\u00bb icon_size=\u00bbpix-icon-s\u00bb title=\u00bbFiltros de mangas, filtros de cartucho, filtros de bolsa, filtros de carb\u00f3n activo y filtros h\u00famedos (depuradores)\u00bb css=\u00bb.vc_custom_1658215061856{padding-bottom: 10px !important;}\u00bb][\/common_icon_box][common_icon_box icon_type=\u00bbfont\u00bb icon_pixfontawesome=\u00bbfa fa-angle-right\u00bb icon_size=\u00bbpix-icon-s\u00bb title=\u00bbPosquemadores regeneradores para la reducci\u00f3n de sustancias org\u00e1nicas vol\u00e1tiles\u00bb css=\u00bb.vc_custom_1658215075916{padding-bottom: 10px !important;}\u00bb][\/common_icon_box][common_icon_box icon_type=\u00bbfont\u00bb icon_pixfontawesome=\u00bbfa fa-angle-right\u00bb icon_size=\u00bbpix-icon-s\u00bb title=\u00bbSistema de enfriamiento o torres de refrigeraci\u00f3n de humos\u00bb css=\u00bb.vc_custom_1658215091709{padding-bottom: 10px !important;}\u00bb][\/common_icon_box][common_icon_box icon_type=\u00bbfont\u00bb icon_pixfontawesome=\u00bbfa fa-angle-right\u00bb icon_size=\u00bbpix-icon-s\u00bb title=\u00bbAdici\u00f3n de cal\/bicarbonato para neutralizar los \u00e1cidos\u00bb css=\u00bb.vc_custom_1658215104348{padding-bottom: 10px !important;}\u00bb][\/common_icon_box][common_icon_box icon_type=\u00bbfont\u00bb icon_pixfontawesome=\u00bbfa fa-angle-right\u00bb icon_size=\u00bbpix-icon-s\u00bb title=\u00bbA\u00f1adir carb\u00f3n activo para reducir los microcontaminantes org\u00e1nicos\u00bb css=\u00bb.vc_custom_1658215117403{padding-bottom: 10px !important;}\u00bb][\/common_icon_box][common_icon_box icon_type=\u00bbfont\u00bb icon_pixfontawesome=\u00bbfa fa-angle-right\u00bb icon_size=\u00bbpix-icon-s\u00bb title=\u00bbPaneles antiexplosi\u00f3n y sistemas de detecci\u00f3n de incendios (sistemas de gas inerte, CO2, etc.)\u00bb css=\u00bb.vc_custom_1658215132275{padding-bottom: 10px !important;}\u00bb][\/common_icon_box][\/vc_column][\/vc_row][vc_row pix_padding_top=\u00bbpadding No\u00bb gradient_colors=\u00bb%5B%7B%7D%5D\u00bb][vc_column][common_title title=\u00bbDescargar ficha t\u00e9cnica\u00bb][\/common_title][vc_row_inner gradient_colors=\u00bb%5B%7B%7D%5D\u00bb el_class=\u00bbbottoni\u00bb][vc_column_inner width=\u00bb1\/2&#8243;][common_button text=\u00bbInstalaciones de aspiraci\u00f3n y filtrado de humos\u00bb link=\u00bburl:https%3A%2F%2Fenercon.it%2Fwp-content%2Fuploads%2Fdownload%2Fscheda-tecnica-fumi.pdf|target:_blank\u00bb size_v=\u00bbpix-v-l\u00bb position=\u00bbpix-text-center\u00bb css=\u00bb.vc_custom_1658303989593{margin-top: 10px !important;margin-bottom: 10px !important;}\u00bb][\/vc_column_inner][vc_column_inner width=\u00bb1\/2&#8243;][common_button text=\u00bbInstalaciones de aspiraci\u00f3n y filtrado de polvos\u00bb link=\u00bburl:https%3A%2F%2Fenercon.it%2Fwp-content%2Fuploads%2Fdownload%2Fscheda-tecnica-polveri.pdf|target:_blank\u00bb size_v=\u00bbpix-v-l\u00bb position=\u00bbpix-text-center\u00bb css=\u00bb.vc_custom_1658303999144{margin-top: 10px !important;margin-bottom: 10px !important;}\u00bb][\/vc_column_inner][\/vc_row_inner][\/vc_column][\/vc_row][vc_row full_width=\u00bbstretch_row\u00bb gap=\u00bb5&#8243; content_placement=\u00bbmiddle\u00bb pix_padding_bottom=\u00bbpadding No\u00bb gradient_colors=\u00bb%5B%7B%7D%5D\u00bb][vc_column gradient_colors=\u00bb%5B%7B%7D%5D\u00bb offset=\u00bbvc_hidden-xs\u00bb][common_title title=\u00bbNavegar por la galer\u00eda\u00bb][\/common_title][vc_media_grid style=\u00bbpagination\u00bb items_per_page=\u00bb4&#8243; element_width=\u00bb3&#8243; gap=\u00bb10&#8243; arrows_design=\u00bbvc_arrow-icon-arrow_01_left\u00bb arrows_position=\u00bboutside\u00bb arrows_color=\u00bbblack\u00bb loop=\u00bbyes\u00bb grid_id=\u00bbvc_gid:1668690014777-da5af303-33f8-0&#8243; include=\u00bb6133,6132,6131,6129,6128,6127,6126,6125,6124,6327,6328,6499&#8243;][\/vc_column][\/vc_row][vc_row full_width=\u00bbstretch_row\u00bb gap=\u00bb5&#8243; content_placement=\u00bbmiddle\u00bb pix_padding_bottom=\u00bbpadding No\u00bb gradient_colors=\u00bb%5B%7B%7D%5D\u00bb][vc_column gradient_colors=\u00bb%5B%7B%7D%5D\u00bb offset=\u00bbvc_hidden-lg vc_hidden-md vc_hidden-sm\u00bb][common_title title=\u00bbNavegar por la galer\u00eda\u00bb][\/common_title][vc_media_grid style=\u00bbpagination\u00bb items_per_page=\u00bb1&#8243; element_width=\u00bb12&#8243; gap=\u00bb10&#8243; arrows_design=\u00bbvc_arrow-icon-arrow_01_left\u00bb arrows_position=\u00bboutside\u00bb arrows_color=\u00bbblack\u00bb loop=\u00bbyes\u00bb grid_id=\u00bbvc_gid:1668690014784-95d0dbb4-cdff-4&#8243; include=\u00bb6133,6132,6131,6129,6128,6127,6126,6125,6124,6327,6328,6499&#8243;][\/vc_column][\/vc_row][vc_row full_width=\u00bbstretch_row\u00bb pix_padding_top=\u00bbpadding M\u00bb pix_padding_bottom=\u00bbpadding M\u00bb gradient_colors=\u00bb%5B%7B%7D%5D\u00bb pix_padding=\u00bbpix-padding-both\u00bb pix_padding_size=\u00bbpix-padding-xl\u00bb css=\u00bb.vc_custom_1658389320292{background-color: #f7f7f7 !important;}\u00bb][vc_column][common_title title=\u00bbP\u00f3ngase en contacto con nosotros para obtener m\u00e1s informaci\u00f3n\u00bb padding=\u00bboff\u00bb][\/common_title][common_cform7 form_id=\u00bb1768&#8243; box_gap=\u00bb50&#8243;][\/vc_column][\/vc_row]<\/p>\n","protected":false},"excerpt":{"rendered":"<p>[vc_row full_width=\u00bbstretch_row\u00bb pix_padding_top=\u00bbpadding No\u00bb pix_padding_bottom=\u00bbpadding No\u00bb gradient_colors=\u00bb%5B%7B%7D%5D\u00bb css=\u00bb.vc_custom_1668690419881{padding-top: 150px !important;padding-bottom: 150px !important;background-image: url(https:\/\/enercon.it\/wp-content\/uploads\/impianto-aspirazione-fumi-e-polveri2.jpg?id=6335) !important;background-position: center !important;background-repeat: no-repeat !important;background-size: cover !important;}\u00bb][vc_column][common_title title=\u00bbInstalaciones de aspiraci\u00f3n de humos y polvos\u00bb color=\u00bbwhite-heading\u00bb][\/common_title][\/vc_column][\/vc_row][vc_row pix_padding_top=\u00bbpadding No\u00bb pix_padding_bottom=\u00bbpadding No\u00bb radius=\u00bbpix-rounded\u00bb overflow=\u00bbon\u00bb top_offset=\u00bb-100px\u00bb gradient_colors=\u00bb%5B%7B%7D%5D\u00bb shadow=\u00bbpix-shadow\u00bb shadow_values=\u00bb%5B%7B%22horizontal%22%3A%220%22%2C%22vertical%22%3A%222%22%2C%22blur%22%3A%2210%22%2C%22spread%22%3A%225%22%2C%22color%22%3A%22%23000000%22%2C%22opacity%22%3A%2210%22%7D%5D\u00bb][vc_column pix_padding_top=\u00bbpadding S\u00bb pix_padding_bottom=\u00bbpadding S\u00bb gradient_colors=\u00bb%5B%7B%7D%5D\u00bb css=\u00bb.vc_custom_1668608655516{background-color: #ffffff !important;}\u00bb][vc_row_inner content_placement=\u00bbmiddle\u00bb gap=\u00bb35&#8243; gradient_colors=\u00bb%5B%7B%7D%5D\u00bb el_class=\u00bbswap-on-mobile\u00bb][vc_column_inner width=\u00bb1\/2&#8243;][common_video url=\u00bbhttps:\/\/www.youtube.com\/watch?v=ltweZv0Nky0&#8243; color=\u00bbrgba(255,255,255,0.01)\u00bb video_opacity=\u00bb40&#8243; image=\u00bb6127&#8243; [&hellip;]<\/p>\n","protected":false},"author":1,"featured_media":8461,"parent":0,"menu_order":0,"comment_status":"closed","ping_status":"closed","template":"page-home.php","meta":{"inline_featured_image":false,"footnotes":""},"class_list":["post-9890","page","type-page","status-publish","has-post-thumbnail","hentry"],"yoast_head":"<!-- This site is optimized with the Yoast SEO plugin v23.8 - https:\/\/yoast.com\/wordpress\/plugins\/seo\/ -->\n<title>Sistemas de aspiraci\u00f3n de humo y polvo | Enercon<\/title>\n<meta name=\"description\" content=\"Enercon ofrece servicios industriales de personalizaci\u00f3n de sistemas de aspiraci\u00f3n y filtraci\u00f3n de polvo. Dise\u00f1a dispositivos de captaci\u00f3n. Lea.\" \/>\n<meta name=\"robots\" content=\"index, follow, max-snippet:-1, max-image-preview:large, max-video-preview:-1\" \/>\n<link rel=\"canonical\" href=\"https:\/\/enercon.it\/es\/instalaciones-de-aspiracion-y-filtracion-de-humos-y-polvos\/\" \/>\n<meta property=\"og:locale\" content=\"es_ES\" \/>\n<meta property=\"og:type\" content=\"article\" \/>\n<meta property=\"og:title\" content=\"Sistemas de aspiraci\u00f3n de humo y polvo | Enercon\" \/>\n<meta property=\"og:description\" content=\"Enercon ofrece servicios industriales de personalizaci\u00f3n de sistemas de aspiraci\u00f3n y filtraci\u00f3n de polvo. Dise\u00f1a dispositivos de captaci\u00f3n. Lea.\" \/>\n<meta property=\"og:url\" content=\"https:\/\/enercon.it\/es\/instalaciones-de-aspiracion-y-filtracion-de-humos-y-polvos\/\" \/>\n<meta property=\"og:site_name\" content=\"Enercon\" \/>\n<meta property=\"article:modified_time\" content=\"2022-11-30T14:11:20+00:00\" \/>\n<meta property=\"og:image\" content=\"https:\/\/enercon.it\/wp-content\/uploads\/impianto-aspirazione-fumi-e-polveri-leroy-somer-fr.jpg\" \/>\n\t<meta property=\"og:image:width\" content=\"1200\" \/>\n\t<meta property=\"og:image:height\" content=\"800\" \/>\n\t<meta property=\"og:image:type\" content=\"image\/jpeg\" \/>\n<meta name=\"twitter:card\" content=\"summary_large_image\" \/>\n<meta name=\"twitter:label1\" content=\"Tiempo de lectura\" \/>\n\t<meta name=\"twitter:data1\" content=\"7 minutos\" \/>\n<script type=\"application\/ld+json\" class=\"yoast-schema-graph\">{\"@context\":\"https:\/\/schema.org\",\"@graph\":[{\"@type\":\"WebPage\",\"@id\":\"https:\/\/enercon.it\/es\/instalaciones-de-aspiracion-y-filtracion-de-humos-y-polvos\/\",\"url\":\"https:\/\/enercon.it\/es\/instalaciones-de-aspiracion-y-filtracion-de-humos-y-polvos\/\",\"name\":\"Sistemas de aspiraci\u00f3n de humo y polvo | Enercon\",\"isPartOf\":{\"@id\":\"https:\/\/enercon.it\/#website\"},\"primaryImageOfPage\":{\"@id\":\"https:\/\/enercon.it\/es\/instalaciones-de-aspiracion-y-filtracion-de-humos-y-polvos\/#primaryimage\"},\"image\":{\"@id\":\"https:\/\/enercon.it\/es\/instalaciones-de-aspiracion-y-filtracion-de-humos-y-polvos\/#primaryimage\"},\"thumbnailUrl\":\"https:\/\/enercon.it\/wp-content\/uploads\/impianto-aspirazione-fumi-e-polveri-leroy-somer-fr.jpg\",\"datePublished\":\"2022-06-15T13:51:13+00:00\",\"dateModified\":\"2022-11-30T14:11:20+00:00\",\"description\":\"Enercon ofrece servicios industriales de personalizaci\u00f3n de sistemas de aspiraci\u00f3n y filtraci\u00f3n de polvo. Dise\u00f1a dispositivos de captaci\u00f3n. Lea.\",\"breadcrumb\":{\"@id\":\"https:\/\/enercon.it\/es\/instalaciones-de-aspiracion-y-filtracion-de-humos-y-polvos\/#breadcrumb\"},\"inLanguage\":\"es\",\"potentialAction\":[{\"@type\":\"ReadAction\",\"target\":[\"https:\/\/enercon.it\/es\/instalaciones-de-aspiracion-y-filtracion-de-humos-y-polvos\/\"]}]},{\"@type\":\"ImageObject\",\"inLanguage\":\"es\",\"@id\":\"https:\/\/enercon.it\/es\/instalaciones-de-aspiracion-y-filtracion-de-humos-y-polvos\/#primaryimage\",\"url\":\"https:\/\/enercon.it\/wp-content\/uploads\/impianto-aspirazione-fumi-e-polveri-leroy-somer-fr.jpg\",\"contentUrl\":\"https:\/\/enercon.it\/wp-content\/uploads\/impianto-aspirazione-fumi-e-polveri-leroy-somer-fr.jpg\",\"width\":1200,\"height\":800},{\"@type\":\"BreadcrumbList\",\"@id\":\"https:\/\/enercon.it\/es\/instalaciones-de-aspiracion-y-filtracion-de-humos-y-polvos\/#breadcrumb\",\"itemListElement\":[{\"@type\":\"ListItem\",\"position\":1,\"name\":\"Home\",\"item\":\"https:\/\/enercon.it\/es\/\"},{\"@type\":\"ListItem\",\"position\":2,\"name\":\"Instalaciones de aspiraci\u00f3n y filtraci\u00f3n de humos y polvos\"}]},{\"@type\":\"WebSite\",\"@id\":\"https:\/\/enercon.it\/#website\",\"url\":\"https:\/\/enercon.it\/\",\"name\":\"Enercon\",\"description\":\"Depurazione di inquinanti atmosferici\",\"publisher\":{\"@id\":\"https:\/\/enercon.it\/#organization\"},\"potentialAction\":[{\"@type\":\"SearchAction\",\"target\":{\"@type\":\"EntryPoint\",\"urlTemplate\":\"https:\/\/enercon.it\/?s={search_term_string}\"},\"query-input\":{\"@type\":\"PropertyValueSpecification\",\"valueRequired\":true,\"valueName\":\"search_term_string\"}}],\"inLanguage\":\"es\"},{\"@type\":\"Organization\",\"@id\":\"https:\/\/enercon.it\/#organization\",\"name\":\"Enercon S.r.l.\",\"url\":\"https:\/\/enercon.it\/\",\"logo\":{\"@type\":\"ImageObject\",\"inLanguage\":\"es\",\"@id\":\"https:\/\/enercon.it\/#\/schema\/logo\/image\/\",\"url\":\"https:\/\/enercon.it\/wp-content\/uploads\/2022\/05\/logo-enercon.png\",\"contentUrl\":\"https:\/\/enercon.it\/wp-content\/uploads\/2022\/05\/logo-enercon.png\",\"width\":270,\"height\":110,\"caption\":\"Enercon S.r.l.\"},\"image\":{\"@id\":\"https:\/\/enercon.it\/#\/schema\/logo\/image\/\"}}]}<\/script>\n<!-- \/ Yoast SEO plugin. -->","yoast_head_json":{"title":"Sistemas de aspiraci\u00f3n de humo y polvo | Enercon","description":"Enercon ofrece servicios industriales de personalizaci\u00f3n de sistemas de aspiraci\u00f3n y filtraci\u00f3n de polvo. Dise\u00f1a dispositivos de captaci\u00f3n. Lea.","robots":{"index":"index","follow":"follow","max-snippet":"max-snippet:-1","max-image-preview":"max-image-preview:large","max-video-preview":"max-video-preview:-1"},"canonical":"https:\/\/enercon.it\/es\/instalaciones-de-aspiracion-y-filtracion-de-humos-y-polvos\/","og_locale":"es_ES","og_type":"article","og_title":"Sistemas de aspiraci\u00f3n de humo y polvo | Enercon","og_description":"Enercon ofrece servicios industriales de personalizaci\u00f3n de sistemas de aspiraci\u00f3n y filtraci\u00f3n de polvo. Dise\u00f1a dispositivos de captaci\u00f3n. Lea.","og_url":"https:\/\/enercon.it\/es\/instalaciones-de-aspiracion-y-filtracion-de-humos-y-polvos\/","og_site_name":"Enercon","article_modified_time":"2022-11-30T14:11:20+00:00","og_image":[{"width":1200,"height":800,"url":"https:\/\/enercon.it\/wp-content\/uploads\/impianto-aspirazione-fumi-e-polveri-leroy-somer-fr.jpg","type":"image\/jpeg"}],"twitter_card":"summary_large_image","twitter_misc":{"Tiempo de lectura":"7 minutos"},"schema":{"@context":"https:\/\/schema.org","@graph":[{"@type":"WebPage","@id":"https:\/\/enercon.it\/es\/instalaciones-de-aspiracion-y-filtracion-de-humos-y-polvos\/","url":"https:\/\/enercon.it\/es\/instalaciones-de-aspiracion-y-filtracion-de-humos-y-polvos\/","name":"Sistemas de aspiraci\u00f3n de humo y polvo | Enercon","isPartOf":{"@id":"https:\/\/enercon.it\/#website"},"primaryImageOfPage":{"@id":"https:\/\/enercon.it\/es\/instalaciones-de-aspiracion-y-filtracion-de-humos-y-polvos\/#primaryimage"},"image":{"@id":"https:\/\/enercon.it\/es\/instalaciones-de-aspiracion-y-filtracion-de-humos-y-polvos\/#primaryimage"},"thumbnailUrl":"https:\/\/enercon.it\/wp-content\/uploads\/impianto-aspirazione-fumi-e-polveri-leroy-somer-fr.jpg","datePublished":"2022-06-15T13:51:13+00:00","dateModified":"2022-11-30T14:11:20+00:00","description":"Enercon ofrece servicios industriales de personalizaci\u00f3n de sistemas de aspiraci\u00f3n y filtraci\u00f3n de polvo. Dise\u00f1a dispositivos de captaci\u00f3n. Lea.","breadcrumb":{"@id":"https:\/\/enercon.it\/es\/instalaciones-de-aspiracion-y-filtracion-de-humos-y-polvos\/#breadcrumb"},"inLanguage":"es","potentialAction":[{"@type":"ReadAction","target":["https:\/\/enercon.it\/es\/instalaciones-de-aspiracion-y-filtracion-de-humos-y-polvos\/"]}]},{"@type":"ImageObject","inLanguage":"es","@id":"https:\/\/enercon.it\/es\/instalaciones-de-aspiracion-y-filtracion-de-humos-y-polvos\/#primaryimage","url":"https:\/\/enercon.it\/wp-content\/uploads\/impianto-aspirazione-fumi-e-polveri-leroy-somer-fr.jpg","contentUrl":"https:\/\/enercon.it\/wp-content\/uploads\/impianto-aspirazione-fumi-e-polveri-leroy-somer-fr.jpg","width":1200,"height":800},{"@type":"BreadcrumbList","@id":"https:\/\/enercon.it\/es\/instalaciones-de-aspiracion-y-filtracion-de-humos-y-polvos\/#breadcrumb","itemListElement":[{"@type":"ListItem","position":1,"name":"Home","item":"https:\/\/enercon.it\/es\/"},{"@type":"ListItem","position":2,"name":"Instalaciones de aspiraci\u00f3n y filtraci\u00f3n de humos y polvos"}]},{"@type":"WebSite","@id":"https:\/\/enercon.it\/#website","url":"https:\/\/enercon.it\/","name":"Enercon","description":"Depurazione di inquinanti atmosferici","publisher":{"@id":"https:\/\/enercon.it\/#organization"},"potentialAction":[{"@type":"SearchAction","target":{"@type":"EntryPoint","urlTemplate":"https:\/\/enercon.it\/?s={search_term_string}"},"query-input":{"@type":"PropertyValueSpecification","valueRequired":true,"valueName":"search_term_string"}}],"inLanguage":"es"},{"@type":"Organization","@id":"https:\/\/enercon.it\/#organization","name":"Enercon S.r.l.","url":"https:\/\/enercon.it\/","logo":{"@type":"ImageObject","inLanguage":"es","@id":"https:\/\/enercon.it\/#\/schema\/logo\/image\/","url":"https:\/\/enercon.it\/wp-content\/uploads\/2022\/05\/logo-enercon.png","contentUrl":"https:\/\/enercon.it\/wp-content\/uploads\/2022\/05\/logo-enercon.png","width":270,"height":110,"caption":"Enercon S.r.l."},"image":{"@id":"https:\/\/enercon.it\/#\/schema\/logo\/image\/"}}]}},"_links":{"self":[{"href":"https:\/\/enercon.it\/es\/wp-json\/wp\/v2\/pages\/9890"}],"collection":[{"href":"https:\/\/enercon.it\/es\/wp-json\/wp\/v2\/pages"}],"about":[{"href":"https:\/\/enercon.it\/es\/wp-json\/wp\/v2\/types\/page"}],"author":[{"embeddable":true,"href":"https:\/\/enercon.it\/es\/wp-json\/wp\/v2\/users\/1"}],"replies":[{"embeddable":true,"href":"https:\/\/enercon.it\/es\/wp-json\/wp\/v2\/comments?post=9890"}],"version-history":[{"count":4,"href":"https:\/\/enercon.it\/es\/wp-json\/wp\/v2\/pages\/9890\/revisions"}],"predecessor-version":[{"id":10080,"href":"https:\/\/enercon.it\/es\/wp-json\/wp\/v2\/pages\/9890\/revisions\/10080"}],"wp:featuredmedia":[{"embeddable":true,"href":"https:\/\/enercon.it\/es\/wp-json\/wp\/v2\/media\/8461"}],"wp:attachment":[{"href":"https:\/\/enercon.it\/es\/wp-json\/wp\/v2\/media?parent=9890"}],"curies":[{"name":"wp","href":"https:\/\/api.w.org\/{rel}","templated":true}]}}