{"id":9887,"date":"2022-05-17T15:40:15","date_gmt":"2022-05-17T15:40:15","guid":{"rendered":"https:\/\/enercon.it\/que-hacemos\/"},"modified":"2022-11-30T13:56:14","modified_gmt":"2022-11-30T13:56:14","slug":"que-hacemos","status":"publish","type":"page","link":"https:\/\/enercon.it\/es\/que-hacemos\/","title":{"rendered":"Qu\u00e9 hacemos"},"content":{"rendered":"<p>[vc_row full_width=\u00bbstretch_row\u00bb pix_padding_top=\u00bbpadding No\u00bb pix_padding_bottom=\u00bbpadding No\u00bb gradient_colors=\u00bb%5B%7B%7D%5D\u00bb css=\u00bb.vc_custom_1668606655842{padding-top: 150px !important;padding-bottom: 150px !important;background-image: url(https:\/\/enercon.it\/wp-content\/uploads\/separatore-impianti-enercon.jpg?id=6013) !important;background-position: center !important;background-repeat: no-repeat !important;background-size: cover !important;}\u00bb el_class=\u00bbtitolo\u00bb][vc_column][common_title title=\u00bbQu\u00e9 hacemos\u00bb color=\u00bbwhite-heading\u00bb][\/common_title][\/vc_column][\/vc_row][vc_row pix_padding_top=\u00bbpadding No\u00bb pix_padding_bottom=\u00bbpadding No\u00bb radius=\u00bbpix-rounded\u00bb overflow=\u00bbon\u00bb top_offset=\u00bb-100px\u00bb gradient_colors=\u00bb%5B%7B%7D%5D\u00bb shadow=\u00bbpix-shadow\u00bb shadow_values=\u00bb%5B%7B%22horizontal%22%3A%220%22%2C%22vertical%22%3A%222%22%2C%22blur%22%3A%2210%22%2C%22spread%22%3A%225px%22%2C%22color%22%3A%22%23000000%22%2C%22opacity%22%3A%2210%22%7D%5D\u00bb][vc_column pix_padding_top=\u00bbpadding S\u00bb pix_padding_bottom=\u00bbpadding S\u00bb gradient_colors=\u00bb%5B%7B%7D%5D\u00bb css=\u00bb.vc_custom_1652800232515{background-color: #ffffff !important;}\u00bb][vc_row_inner content_placement=\u00bbtop\u00bb gap=\u00bb35&#8243; gradient_colors=\u00bb%5B%7B%7D%5D\u00bb][vc_column_inner][vc_column_text el_class=\u00bbtwo-col\u00bb]Las instalaciones, dise\u00f1adas y realizadas por Enercon, prev\u00e9n: <strong>sistemas de captaci\u00f3n<\/strong>, instalados cerca de la emisi\u00f3n de aire contaminado, <strong>sistemas de transporte y aspiraci\u00f3n<\/strong> del mismo aire, <strong>sistemas de filtraci\u00f3n y expulsi\u00f3n a la atm\u00f3sfera.<\/strong><\/p>\n<p>Los sistemas de captaci\u00f3n est\u00e1n proyectados y realizados para privilegiar el mantenimiento de la libertad operativa y de mantenimiento de las m\u00e1quinas de producci\u00f3n y para mejorar el entorno en el que gravitan los operadores de las m\u00e1quinas.<\/p>\n<p>Los sistemas de transporte est\u00e1n dimensionados y fabricados para favorecer la optimizaci\u00f3n de la eficiencia fluidodin\u00e1mica y energ\u00e9tica, evitando derroches en los consumos energ\u00e9ticos y minimizando los gastos de mantenimiento y de saneamiento.<\/p>\n<p>Los sistemas de filtraci\u00f3n se dise\u00f1an y fabrican eligiendo, entre una amplia gama de soluciones posibles, la que mejor se adapte a las necesidades operativas, normativas y econ\u00f3micas del cliente. En concreto, dichos sistemas pueden estar constituidos por varios estadios de filtraci\u00f3n: inercial (c\u00e1maras de estabilizaci\u00f3n, ciclones, etc.), mec\u00e1nica (filtros met\u00e1licos, de cartuchos, de mangas, etc.) o electrost\u00e1tica: seg\u00fan las caracter\u00edsticas de los fluidos por tratar y los l\u00edmites de emisi\u00f3n deseados por el cliente o prescritos por las normas locales en vigor.<\/p>\n<p>Cada tipo de filtraci\u00f3n est\u00e1 equipado con sistemas de limpieza o lavado automatizados, que mantienen la eficacia de la filtraci\u00f3n a un alto nivel, reduciendo la necesidad de mantenimiento y los costes de intervenci\u00f3n.<\/p>\n<p>Operando en el sector de las <strong>instalaciones industriales<\/strong>, Enercon desarrolla y fabrica instalaciones de filtraci\u00f3n y refrigeraci\u00f3n de agua destinada a diversos procesos industriales, sistemas de recogida y tratamiento de aguas pluviales, sistemas oleodin\u00e1micos de alta y baja presi\u00f3n y de distribuci\u00f3n de grasas, tuber\u00edas a bordo y redes de distribuci\u00f3n de metano, ox\u00edgeno y gases t\u00e9cnicos. Todo ello con la ayuda de obreros y soldadores especializados.[\/vc_column_text][\/vc_column_inner][\/vc_row_inner][\/vc_column][\/vc_row][vc_row pix_padding_top=\u00bbpadding No\u00bb pix_padding_bottom=\u00bbpadding No\u00bb gradient_colors=\u00bb%5B%7B%7D%5D\u00bb][vc_column][vc_empty_space height=\u00bb100px\u00bb][\/vc_column][\/vc_row][vc_row full_width=\u00bbstretch_row\u00bb pix_padding_bottom=\u00bbpadding No\u00bb gradient_colors=\u00bb%5B%7B%7D%5D\u00bb css=\u00bb.vc_custom_1657282229709{padding-bottom: 0px !important;background-color: #f7f7f7 !important;}\u00bb][vc_column][common_title title=\u00bb\u00bfQu\u00e9 hacemos?\u00bb][\/common_title][\/vc_column][\/vc_row][vc_row full_width=\u00bbstretch_row\u00bb gap=\u00bb35&#8243; equal_height=\u00bbyes\u00bb pix_padding_top=\u00bbpadding No\u00bb pix_padding_bottom=\u00bbpadding No\u00bb gradient_colors=\u00bb%5B%7B%7D%5D\u00bb css=\u00bb.vc_custom_1668607299886{padding-top: 0px !important;padding-bottom: 0px !important;background-color: #f7f7f7 !important;}\u00bb el_class=\u00bbprod\u00bb][vc_column width=\u00bb1\/4&#8243;][common_icon_box style=\u00bbpix-ibox-top\u00bb position_with_center=\u00bbpix-text-center\u00bb border=\u00bbon\u00bb link=\u00bburl:https%3A%2F%2Fenercon.it%2Fes%2Finstalaciones-de-aspiracion-y-filtracion-de-humos-y-polvos%2F\u00bb link_type=\u00bbhref\u00bb is_animate=\u00bbon\u00bb css_animation=\u00bbbounceIn\u00bb wow_duration=\u00bb1&#8243; wow_delay=\u00bb0.2&#8243; image=\u00bb6111&#8243; btn_link_txt=\u00bbInstalaciones de aspiraci\u00f3n y filtraci\u00f3n de humos y polvos\u00bb][\/common_icon_box][\/vc_column][vc_column width=\u00bb1\/4&#8243;][common_icon_box style=\u00bbpix-ibox-top\u00bb position_with_center=\u00bbpix-text-center\u00bb border=\u00bbon\u00bb link=\u00bburl:https%3A%2F%2Fenercon.it%2Fes%2Finstalacion-de-aspiracion-y-filtracion-de-nieblas-oleosas%2F\u00bb link_type=\u00bbhref\u00bb is_animate=\u00bbon\u00bb css_animation=\u00bbbounceIn\u00bb wow_duration=\u00bb1&#8243; wow_delay=\u00bb0.6&#8243; image=\u00bb6116&#8243; btn_link_txt=\u00bbInstalaci\u00f3n de aspiraci\u00f3n y filtraci\u00f3n de nieblas oleosas\u00bb][\/common_icon_box][\/vc_column][vc_column width=\u00bb1\/4&#8243;][common_icon_box style=\u00bbpix-ibox-top\u00bb position_with_center=\u00bbpix-text-center\u00bb border=\u00bbon\u00bb link=\u00bburl:https%3A%2F%2Fenercon.it%2Fes%2Finstalaciones-hidraulicas-industriales%2F|title:Impiantistica%20industriale\u00bb link_type=\u00bbhref\u00bb is_animate=\u00bbon\u00bb css_animation=\u00bbbounceIn\u00bb wow_duration=\u00bb1&#8243; wow_delay=\u00bb1&#8243; image=\u00bb6117&#8243; btn_link_txt=\u00bbInstalaciones hidr\u00e1ulicas industriales\u00bb][\/common_icon_box][\/vc_column][vc_column width=\u00bb1\/4&#8243;][common_icon_box style=\u00bbpix-ibox-top\u00bb radius=\u00bbpix-rounded\u00bb position_with_center=\u00bbpix-text-center\u00bb border=\u00bbon\u00bb link=\u00bburl:https%3A%2F%2Fenercon.it%2Fes%2Frecuperacion-y-ahorro-energetico-incineradores%2F\u00bb link_type=\u00bbhref\u00bb is_animate=\u00bbon\u00bb css_animation=\u00bbbounceIn\u00bb wow_duration=\u00bb1&#8243; wow_delay=\u00bb1.4&#8243; image=\u00bb6118&#8243; btn_link_txt=\u00bbRecuperaci\u00f3n y ahorro energ\u00e9tico &#8211; Incineradores\u00bb][\/common_icon_box][\/vc_column][\/vc_row][vc_row full_width=\u00bbstretch_row\u00bb gap=\u00bb35&#8243; equal_height=\u00bbyes\u00bb content_placement=\u00bbmiddle\u00bb pix_padding_top=\u00bbpadding No\u00bb gradient_colors=\u00bb%5B%7B%7D%5D\u00bb css=\u00bb.vc_custom_1668607308675{background-color: #f7f7f7 !important;}\u00bb el_class=\u00bbcolonna-centrata prod\u00bb][vc_column width=\u00bb1\/4&#8243;][common_icon_box style=\u00bbpix-ibox-top\u00bb position_with_center=\u00bbpix-text-center\u00bb border=\u00bbon\u00bb link=\u00bburl:https%3A%2F%2Fenercon.it%2Fes%2Fsistema-de-higienizacion-del-aire%2F|title:Sistemi%20di%20sanificazione%20aria\u00bb link_type=\u00bbhref\u00bb is_animate=\u00bbon\u00bb css_animation=\u00bbbounceIn\u00bb wow_duration=\u00bb1&#8243; wow_delay=\u00bb1.8&#8243; btn_link_txt=\u00bbSistema de higienizaci\u00f3n del aire\u00bb image=\u00bb6119&#8243;][\/common_icon_box][\/vc_column][vc_column width=\u00bb1\/4&#8243;][common_icon_box style=\u00bbpix-ibox-top\u00bb position_with_center=\u00bbpix-text-center\u00bb border=\u00bbon\u00bb link=\u00bburl:https%3A%2F%2Fenercon.it%2Fes%2Fequipos-tecnicos-y-aplicaciones-especiales-para-la-industria%2F\u00bb link_type=\u00bbhref\u00bb is_animate=\u00bbon\u00bb css_animation=\u00bbbounceIn\u00bb wow_duration=\u00bb1&#8243; wow_delay=\u00bb2.2&#8243; image=\u00bb6114&#8243; btn_link_txt=\u00bbEquipos t\u00e9cnicos y aplicaciones especiales para la industria\u00bb][\/common_icon_box][\/vc_column][vc_column width=\u00bb1\/4&#8243;][common_icon_box style=\u00bbpix-ibox-top\u00bb position_with_center=\u00bbpix-text-center\u00bb border=\u00bbon\u00bb link=\u00bburl:https%3A%2F%2Fenercon.it%2Fes%2Fmantenimiento-y-servicio-de-asistencia-posventa%2F\u00bb link_type=\u00bbhref\u00bb is_animate=\u00bbon\u00bb css_animation=\u00bbbounceIn\u00bb wow_duration=\u00bb1&#8243; wow_delay=\u00bb2.6&#8243; image=\u00bb6110&#8243; btn_link_txt=\u00bbMantenimiento y servicio de asistencia posventa\u00bb][\/common_icon_box][\/vc_column][\/vc_row][vc_row full_width=\u00bbstretch_row\u00bb pix_padding_top=\u00bbpadding XL\u00bb pix_padding_bottom=\u00bbpadding XL\u00bb gradient_colors=\u00bb%5B%7B%7D%5D\u00bb css=\u00bb.vc_custom_1658917546780{background-image: url(https:\/\/enercon.it\/wp-content\/uploads\/cosa-facciamo.jpg?id=6367) !important;background-position: center !important;background-repeat: no-repeat !important;background-size: cover !important;}\u00bb][vc_column gradient_colors=\u00bb%5B%7B%7D%5D\u00bb offset=\u00bbvc_hidden-md vc_hidden-sm vc_hidden-xs\u00bb][vc_empty_space height=\u00bb200px\u00bb][\/vc_column][\/vc_row]<\/p>\n","protected":false},"excerpt":{"rendered":"<p>[vc_row full_width=\u00bbstretch_row\u00bb pix_padding_top=\u00bbpadding No\u00bb pix_padding_bottom=\u00bbpadding No\u00bb gradient_colors=\u00bb%5B%7B%7D%5D\u00bb css=\u00bb.vc_custom_1668606655842{padding-top: 150px !important;padding-bottom: 150px !important;background-image: url(https:\/\/enercon.it\/wp-content\/uploads\/separatore-impianti-enercon.jpg?id=6013) !important;background-position: center !important;background-repeat: no-repeat !important;background-size: cover !important;}\u00bb el_class=\u00bbtitolo\u00bb][vc_column][common_title title=\u00bbQu\u00e9 hacemos\u00bb color=\u00bbwhite-heading\u00bb][\/common_title][\/vc_column][\/vc_row][vc_row pix_padding_top=\u00bbpadding No\u00bb pix_padding_bottom=\u00bbpadding No\u00bb radius=\u00bbpix-rounded\u00bb overflow=\u00bbon\u00bb top_offset=\u00bb-100px\u00bb gradient_colors=\u00bb%5B%7B%7D%5D\u00bb shadow=\u00bbpix-shadow\u00bb shadow_values=\u00bb%5B%7B%22horizontal%22%3A%220%22%2C%22vertical%22%3A%222%22%2C%22blur%22%3A%2210%22%2C%22spread%22%3A%225px%22%2C%22color%22%3A%22%23000000%22%2C%22opacity%22%3A%2210%22%7D%5D\u00bb][vc_column pix_padding_top=\u00bbpadding S\u00bb pix_padding_bottom=\u00bbpadding S\u00bb gradient_colors=\u00bb%5B%7B%7D%5D\u00bb css=\u00bb.vc_custom_1652800232515{background-color: #ffffff !important;}\u00bb][vc_row_inner content_placement=\u00bbtop\u00bb gap=\u00bb35&#8243; gradient_colors=\u00bb%5B%7B%7D%5D\u00bb][vc_column_inner][vc_column_text el_class=\u00bbtwo-col\u00bb]Las instalaciones, dise\u00f1adas y realizadas por Enercon, prev\u00e9n: sistemas de [&hellip;]<\/p>\n","protected":false},"author":1,"featured_media":8531,"parent":0,"menu_order":0,"comment_status":"closed","ping_status":"closed","template":"page-home.php","meta":{"inline_featured_image":false,"footnotes":""},"class_list":["post-9887","page","type-page","status-publish","has-post-thumbnail","hentry"],"yoast_head":"<!-- This site is optimized with the Yoast SEO plugin v23.8 - https:\/\/yoast.com\/wordpress\/plugins\/seo\/ -->\n<title>Instalaci\u00f3n de plantas y aplicaciones industriales | Enercon<\/title>\n<meta name=\"description\" content=\"Enercon dise\u00f1a y construye plantas industriales de filtraci\u00f3n, transporte y aspiraci\u00f3n. Descubra tambi\u00e9n todas las soluciones para la recuperaci\u00f3n de energ\u00eda.\" \/>\n<meta name=\"robots\" content=\"index, follow, max-snippet:-1, max-image-preview:large, max-video-preview:-1\" \/>\n<link rel=\"canonical\" href=\"https:\/\/enercon.it\/es\/que-hacemos\/\" \/>\n<meta property=\"og:locale\" content=\"es_ES\" \/>\n<meta property=\"og:type\" content=\"article\" \/>\n<meta property=\"og:title\" content=\"Instalaci\u00f3n de plantas y aplicaciones industriales | Enercon\" \/>\n<meta property=\"og:description\" content=\"Enercon dise\u00f1a y construye plantas industriales de filtraci\u00f3n, transporte y aspiraci\u00f3n. Descubra tambi\u00e9n todas las soluciones para la recuperaci\u00f3n de energ\u00eda.\" \/>\n<meta property=\"og:url\" content=\"https:\/\/enercon.it\/es\/que-hacemos\/\" \/>\n<meta property=\"og:site_name\" content=\"Enercon\" \/>\n<meta property=\"article:modified_time\" content=\"2022-11-30T13:56:14+00:00\" \/>\n<meta property=\"og:image\" content=\"https:\/\/enercon.it\/wp-content\/uploads\/impianto-aspirazione-nebbie-oleose-brixiapress-slovacchia.jpg\" \/>\n\t<meta property=\"og:image:width\" content=\"1200\" \/>\n\t<meta property=\"og:image:height\" content=\"800\" \/>\n\t<meta property=\"og:image:type\" content=\"image\/jpeg\" \/>\n<meta name=\"twitter:card\" content=\"summary_large_image\" \/>\n<meta name=\"twitter:label1\" content=\"Tiempo de lectura\" \/>\n\t<meta name=\"twitter:data1\" content=\"6 minutos\" \/>\n<script type=\"application\/ld+json\" class=\"yoast-schema-graph\">{\"@context\":\"https:\/\/schema.org\",\"@graph\":[{\"@type\":\"WebPage\",\"@id\":\"https:\/\/enercon.it\/es\/que-hacemos\/\",\"url\":\"https:\/\/enercon.it\/es\/que-hacemos\/\",\"name\":\"Instalaci\u00f3n de plantas y aplicaciones industriales | Enercon\",\"isPartOf\":{\"@id\":\"https:\/\/enercon.it\/#website\"},\"primaryImageOfPage\":{\"@id\":\"https:\/\/enercon.it\/es\/que-hacemos\/#primaryimage\"},\"image\":{\"@id\":\"https:\/\/enercon.it\/es\/que-hacemos\/#primaryimage\"},\"thumbnailUrl\":\"https:\/\/enercon.it\/wp-content\/uploads\/impianto-aspirazione-nebbie-oleose-brixiapress-slovacchia.jpg\",\"datePublished\":\"2022-05-17T15:40:15+00:00\",\"dateModified\":\"2022-11-30T13:56:14+00:00\",\"description\":\"Enercon dise\u00f1a y construye plantas industriales de filtraci\u00f3n, transporte y aspiraci\u00f3n. Descubra tambi\u00e9n todas las soluciones para la recuperaci\u00f3n de energ\u00eda.\",\"breadcrumb\":{\"@id\":\"https:\/\/enercon.it\/es\/que-hacemos\/#breadcrumb\"},\"inLanguage\":\"es\",\"potentialAction\":[{\"@type\":\"ReadAction\",\"target\":[\"https:\/\/enercon.it\/es\/que-hacemos\/\"]}]},{\"@type\":\"ImageObject\",\"inLanguage\":\"es\",\"@id\":\"https:\/\/enercon.it\/es\/que-hacemos\/#primaryimage\",\"url\":\"https:\/\/enercon.it\/wp-content\/uploads\/impianto-aspirazione-nebbie-oleose-brixiapress-slovacchia.jpg\",\"contentUrl\":\"https:\/\/enercon.it\/wp-content\/uploads\/impianto-aspirazione-nebbie-oleose-brixiapress-slovacchia.jpg\",\"width\":1200,\"height\":800},{\"@type\":\"BreadcrumbList\",\"@id\":\"https:\/\/enercon.it\/es\/que-hacemos\/#breadcrumb\",\"itemListElement\":[{\"@type\":\"ListItem\",\"position\":1,\"name\":\"Home\",\"item\":\"https:\/\/enercon.it\/es\/\"},{\"@type\":\"ListItem\",\"position\":2,\"name\":\"Qu\u00e9 hacemos\"}]},{\"@type\":\"WebSite\",\"@id\":\"https:\/\/enercon.it\/#website\",\"url\":\"https:\/\/enercon.it\/\",\"name\":\"Enercon\",\"description\":\"Depurazione di inquinanti atmosferici\",\"publisher\":{\"@id\":\"https:\/\/enercon.it\/#organization\"},\"potentialAction\":[{\"@type\":\"SearchAction\",\"target\":{\"@type\":\"EntryPoint\",\"urlTemplate\":\"https:\/\/enercon.it\/?s={search_term_string}\"},\"query-input\":{\"@type\":\"PropertyValueSpecification\",\"valueRequired\":true,\"valueName\":\"search_term_string\"}}],\"inLanguage\":\"es\"},{\"@type\":\"Organization\",\"@id\":\"https:\/\/enercon.it\/#organization\",\"name\":\"Enercon S.r.l.\",\"url\":\"https:\/\/enercon.it\/\",\"logo\":{\"@type\":\"ImageObject\",\"inLanguage\":\"es\",\"@id\":\"https:\/\/enercon.it\/#\/schema\/logo\/image\/\",\"url\":\"https:\/\/enercon.it\/wp-content\/uploads\/2022\/05\/logo-enercon.png\",\"contentUrl\":\"https:\/\/enercon.it\/wp-content\/uploads\/2022\/05\/logo-enercon.png\",\"width\":270,\"height\":110,\"caption\":\"Enercon S.r.l.\"},\"image\":{\"@id\":\"https:\/\/enercon.it\/#\/schema\/logo\/image\/\"}}]}<\/script>\n<!-- \/ Yoast SEO plugin. -->","yoast_head_json":{"title":"Instalaci\u00f3n de plantas y aplicaciones industriales | Enercon","description":"Enercon dise\u00f1a y construye plantas industriales de filtraci\u00f3n, transporte y aspiraci\u00f3n. Descubra tambi\u00e9n todas las soluciones para la recuperaci\u00f3n de energ\u00eda.","robots":{"index":"index","follow":"follow","max-snippet":"max-snippet:-1","max-image-preview":"max-image-preview:large","max-video-preview":"max-video-preview:-1"},"canonical":"https:\/\/enercon.it\/es\/que-hacemos\/","og_locale":"es_ES","og_type":"article","og_title":"Instalaci\u00f3n de plantas y aplicaciones industriales | Enercon","og_description":"Enercon dise\u00f1a y construye plantas industriales de filtraci\u00f3n, transporte y aspiraci\u00f3n. Descubra tambi\u00e9n todas las soluciones para la recuperaci\u00f3n de energ\u00eda.","og_url":"https:\/\/enercon.it\/es\/que-hacemos\/","og_site_name":"Enercon","article_modified_time":"2022-11-30T13:56:14+00:00","og_image":[{"width":1200,"height":800,"url":"https:\/\/enercon.it\/wp-content\/uploads\/impianto-aspirazione-nebbie-oleose-brixiapress-slovacchia.jpg","type":"image\/jpeg"}],"twitter_card":"summary_large_image","twitter_misc":{"Tiempo de lectura":"6 minutos"},"schema":{"@context":"https:\/\/schema.org","@graph":[{"@type":"WebPage","@id":"https:\/\/enercon.it\/es\/que-hacemos\/","url":"https:\/\/enercon.it\/es\/que-hacemos\/","name":"Instalaci\u00f3n de plantas y aplicaciones industriales | Enercon","isPartOf":{"@id":"https:\/\/enercon.it\/#website"},"primaryImageOfPage":{"@id":"https:\/\/enercon.it\/es\/que-hacemos\/#primaryimage"},"image":{"@id":"https:\/\/enercon.it\/es\/que-hacemos\/#primaryimage"},"thumbnailUrl":"https:\/\/enercon.it\/wp-content\/uploads\/impianto-aspirazione-nebbie-oleose-brixiapress-slovacchia.jpg","datePublished":"2022-05-17T15:40:15+00:00","dateModified":"2022-11-30T13:56:14+00:00","description":"Enercon dise\u00f1a y construye plantas industriales de filtraci\u00f3n, transporte y aspiraci\u00f3n. Descubra tambi\u00e9n todas las soluciones para la recuperaci\u00f3n de energ\u00eda.","breadcrumb":{"@id":"https:\/\/enercon.it\/es\/que-hacemos\/#breadcrumb"},"inLanguage":"es","potentialAction":[{"@type":"ReadAction","target":["https:\/\/enercon.it\/es\/que-hacemos\/"]}]},{"@type":"ImageObject","inLanguage":"es","@id":"https:\/\/enercon.it\/es\/que-hacemos\/#primaryimage","url":"https:\/\/enercon.it\/wp-content\/uploads\/impianto-aspirazione-nebbie-oleose-brixiapress-slovacchia.jpg","contentUrl":"https:\/\/enercon.it\/wp-content\/uploads\/impianto-aspirazione-nebbie-oleose-brixiapress-slovacchia.jpg","width":1200,"height":800},{"@type":"BreadcrumbList","@id":"https:\/\/enercon.it\/es\/que-hacemos\/#breadcrumb","itemListElement":[{"@type":"ListItem","position":1,"name":"Home","item":"https:\/\/enercon.it\/es\/"},{"@type":"ListItem","position":2,"name":"Qu\u00e9 hacemos"}]},{"@type":"WebSite","@id":"https:\/\/enercon.it\/#website","url":"https:\/\/enercon.it\/","name":"Enercon","description":"Depurazione di inquinanti atmosferici","publisher":{"@id":"https:\/\/enercon.it\/#organization"},"potentialAction":[{"@type":"SearchAction","target":{"@type":"EntryPoint","urlTemplate":"https:\/\/enercon.it\/?s={search_term_string}"},"query-input":{"@type":"PropertyValueSpecification","valueRequired":true,"valueName":"search_term_string"}}],"inLanguage":"es"},{"@type":"Organization","@id":"https:\/\/enercon.it\/#organization","name":"Enercon S.r.l.","url":"https:\/\/enercon.it\/","logo":{"@type":"ImageObject","inLanguage":"es","@id":"https:\/\/enercon.it\/#\/schema\/logo\/image\/","url":"https:\/\/enercon.it\/wp-content\/uploads\/2022\/05\/logo-enercon.png","contentUrl":"https:\/\/enercon.it\/wp-content\/uploads\/2022\/05\/logo-enercon.png","width":270,"height":110,"caption":"Enercon S.r.l."},"image":{"@id":"https:\/\/enercon.it\/#\/schema\/logo\/image\/"}}]}},"_links":{"self":[{"href":"https:\/\/enercon.it\/es\/wp-json\/wp\/v2\/pages\/9887"}],"collection":[{"href":"https:\/\/enercon.it\/es\/wp-json\/wp\/v2\/pages"}],"about":[{"href":"https:\/\/enercon.it\/es\/wp-json\/wp\/v2\/types\/page"}],"author":[{"embeddable":true,"href":"https:\/\/enercon.it\/es\/wp-json\/wp\/v2\/users\/1"}],"replies":[{"embeddable":true,"href":"https:\/\/enercon.it\/es\/wp-json\/wp\/v2\/comments?post=9887"}],"version-history":[{"count":4,"href":"https:\/\/enercon.it\/es\/wp-json\/wp\/v2\/pages\/9887\/revisions"}],"predecessor-version":[{"id":10062,"href":"https:\/\/enercon.it\/es\/wp-json\/wp\/v2\/pages\/9887\/revisions\/10062"}],"wp:featuredmedia":[{"embeddable":true,"href":"https:\/\/enercon.it\/es\/wp-json\/wp\/v2\/media\/8531"}],"wp:attachment":[{"href":"https:\/\/enercon.it\/es\/wp-json\/wp\/v2\/media?parent=9887"}],"curies":[{"name":"wp","href":"https:\/\/api.w.org\/{rel}","templated":true}]}}