{"id":9884,"date":"2022-05-17T07:48:06","date_gmt":"2022-05-17T07:48:06","guid":{"rendered":"https:\/\/enercon.it\/sobre-nosotros\/"},"modified":"2023-01-26T13:52:16","modified_gmt":"2023-01-26T13:52:16","slug":"sobre-nosotros","status":"publish","type":"page","link":"https:\/\/enercon.it\/es\/sobre-nosotros\/","title":{"rendered":"Sobre nosotros"},"content":{"rendered":"<p>[vc_row pix_padding_top=\u00bbpadding No\u00bb pix_padding_bottom=\u00bbpadding XL\u00bb gradient_colors=\u00bb%5B%7B%7D%5D\u00bb pix_padding=\u00bbpix-padding-both\u00bb css=\u00bb.vc_custom_1668605138356{background-color: #ffffff !important;}\u00bb el_class=\u00bbchi-siamo\u00bb][vc_column width=\u00bb1\/4&#8243; gradient_colors=\u00bb%5B%7B%7D%5D\u00bb css=\u00bb.vc_custom_1563044511886{padding-right: 38px !important;}\u00bb][common_title title=\u00bbFabricante de instalaciones industriales desde 1980&#8243; padding=\u00bboff\u00bb position=\u00bbtext-left\u00bb subtitle=\u00bbSOBRE NOSOTROS\u00bb][\/common_title][\/vc_column][vc_column width=\u00bb3\/4&#8243; gradient_colors=\u00bb%5B%7B%7D%5D\u00bb css=\u00bb.vc_custom_1563044519551{padding-left: 12px !important;}\u00bb][vc_column_text]<span style=\"font-weight: 400;\">Enercon es una empresa l\u00edder en el <strong>sector de<\/strong> <strong>las instalaciones de aspiraci\u00f3n y filtraci\u00f3n<\/strong> en Italia y en todo el mundo (divisi\u00f3n Air Filtration Systems). El profundo conocimiento de los problemas, derivado de m\u00e1s de 40 a\u00f1os de experiencia, permite a la empresa proponer soluciones adecuadas y flexibles a las necesidades espec\u00edficas de los clientes, actuando como punto de referencia para una clientela cualificada, con su f\u00f3rmula de suministro del sistema llave en mano, una elecci\u00f3n que ya ha obtenido una amplia y un\u00e1nime aprobaci\u00f3n.<\/span><\/p>\n<p><span style=\"font-weight: 400;\">Las aplicaciones han interesado a varios sectores industriales y materiales diferentes, con especial atenci\u00f3n en los sectores de presofusi\u00f3n, moldeo y elaboraci\u00f3n mec\u00e1nica de metales no ferrosos (aluminio, magnesio, bronce, lat\u00f3n, zinc). Adem\u00e1s del desarrollo de instalaciones t\u00edpicas de su tradici\u00f3n, Enercon se ha dedicado tambi\u00e9n al <a href=\"https:\/\/enercon.it\/es\/equipos-tecnicos-y-aplicaciones-especiales-para-la-industria\/\"><strong>sector de las aplicaciones especiales<\/strong><\/a>, con el fin de ofrecer a los propios clientes <strong>soluciones personalizadas<\/strong> para problem\u00e1ticas espec\u00edficas, y al <a href=\"https:\/\/enercon.it\/es\/instalaciones-hidraulicas-industriales\/\"><strong>sector de la instalaci\u00f3n hidr\u00e1ulica e industrial<\/strong><\/a> con la Divisi\u00f3n Hydraulic Systems.<\/span>[\/vc_column_text][vc_row_inner][vc_column_inner][common_button text=\u00bbFicha de la empresa\u00bb link=\u00bburl:https%3A%2F%2Fenercon.it%2Fwp-content%2Fuploads%2Fdownload%2Fscheda-tecnica-aziendale.pdf|target:_blank\u00bb radius=\u00bbpix-rounded\u00bb size_v=\u00bbpix-v-l\u00bb size_h=\u00bbpix-h-m\u00bb color=\u00bbpix-dark\u00bb][\/vc_column_inner][\/vc_row_inner][\/vc_column][\/vc_row][vc_row full_width=\u00bbstretch_row\u00bb pix_padding_top=\u00bbpadding XL\u00bb pix_padding_bottom=\u00bbpadding No\u00bb gradient_colors=\u00bb%5B%7B%7D%5D\u00bb pix_padding=\u00bbpix-padding-both\u00bb css=\u00bb.vc_custom_1668605549155{background-color: #f6f6f7 !important;}\u00bb el_class=\u00bbvantaggi\u00bb][vc_column width=\u00bb1\/4&#8243; gradient_colors=\u00bb%5B%7B%7D%5D\u00bb css=\u00bb.vc_custom_1563044527079{padding-right: 38px !important;}\u00bb][common_title title=\u00bbPor qu\u00e9 elegirnos\u00bb padding=\u00bboff\u00bb position=\u00bbtext-left\u00bb subtitle=\u00bbVENTAJAS\u00bb][\/common_title][\/vc_column][vc_column width=\u00bb1\/4&#8243; gradient_colors=\u00bb%5B%7B%7D%5D\u00bb css=\u00bb.vc_custom_1563044667137{padding-right: 25px !important;padding-left: 12px !important;}\u00bb][common_icon_box image=\u00bb6095&#8243; title=\u00bbCalidad\u00bb]Contamos con todos los requisitos de calidad y certificaciones legales[\/common_icon_box][\/vc_column][vc_column width=\u00bb1\/4&#8243; gradient_colors=\u00bb%5B%7B%7D%5D\u00bb css=\u00bb.vc_custom_1563045186756{padding-right: 13px !important;padding-left: 25px !important;}\u00bb][common_icon_box image=\u00bb6097&#8243; title=\u00bbSeguridad\u00bb]Garantizamos el cumplimiento de las normas y especificaciones para la seguridad de los trabajadores[\/common_icon_box][\/vc_column][vc_column width=\u00bb1\/4&#8243; gradient_colors=\u00bb%5B%7B%7D%5D\u00bb css=\u00bb.vc_custom_1563045194209{padding-left: 37px !important;}\u00bb][common_icon_box title=\u00bbExperiencia\u00bb image=\u00bb6093&#8243;]Tenemos una amplia experiencia que proviene de a\u00f1os en la industria[\/common_icon_box][\/vc_column][\/vc_row][vc_row full_width=\u00bbstretch_row\u00bb pix_padding_top=\u00bbpadding S\u00bb pix_padding_bottom=\u00bbpadding XL\u00bb gradient_colors=\u00bb%5B%7B%7D%5D\u00bb pix_padding=\u00bbpix-padding-both\u00bb css=\u00bb.vc_custom_1668605555409{background-color: #f6f6f7 !important;}\u00bb el_class=\u00bbvantaggi\u00bb][vc_column width=\u00bb1\/4&#8243; gradient_colors=\u00bb%5B%7B%7D%5D\u00bb css=\u00bb.vc_custom_1563044527079{padding-right: 38px !important;}\u00bb][\/vc_column][vc_column width=\u00bb1\/4&#8243; gradient_colors=\u00bb%5B%7B%7D%5D\u00bb css=\u00bb.vc_custom_1563044667137{padding-right: 25px !important;padding-left: 12px !important;}\u00bb][common_icon_box image=\u00bb6096&#8243; title=\u00bbPersonalizaci\u00f3n\u00bb]Realizamos instalaciones en funci\u00f3n de las necesidades espec\u00edficas del cliente[\/common_icon_box][\/vc_column][vc_column width=\u00bb1\/4&#8243; gradient_colors=\u00bb%5B%7B%7D%5D\u00bb css=\u00bb.vc_custom_1563045186756{padding-right: 13px !important;padding-left: 25px !important;}\u00bb][common_icon_box image=\u00bb6100&#8243; title=\u00bbAsistencia\u00bb]Ofrecemos un servicio de asistencia y mantenimiento profesional y cualificado[\/common_icon_box][\/vc_column][vc_column width=\u00bb1\/4&#8243; gradient_colors=\u00bb%5B%7B%7D%5D\u00bb css=\u00bb.vc_custom_1563045194209{padding-left: 37px !important;}\u00bb][common_icon_box image=\u00bb6098&#8243; title=\u00bbLlave en mano\u00bb]Nuestra f\u00f3rmula \u00abllave en mano\u00bb simplifica la complejidad de los procesos[\/common_icon_box][\/vc_column][\/vc_row][vc_row full_width=\u00bbstretch_row\u00bb equal_height=\u00bbyes\u00bb pix_padding_top=\u00bbpadding XL\u00bb pix_padding_bottom=\u00bbpadding XL\u00bb gradient_colors=\u00bb%5B%7B%7D%5D\u00bb pix_padding=\u00bbpix-padding-both\u00bb css=\u00bb.vc_custom_1656333826176{background-color: #ffffff !important;}\u00bb][vc_column width=\u00bb1\/4&#8243; gradient_colors=\u00bb%5B%7B%7D%5D\u00bb css=\u00bb.vc_custom_1563044567723{padding-right: 38px !important;}\u00bb][common_title title=\u00bbNuestra historia\u00bb padding=\u00bboff\u00bb position=\u00bbtext-left\u00bb subtitle=\u00bbENERCON\u00bb][\/common_title][\/vc_column][vc_column width=\u00bb3\/4&#8243; gradient_colors=\u00bb%5B%7B%7D%5D\u00bb css=\u00bb.vc_custom_1563044589461{padding-left: 12px !important;}\u00bb][common_tab_acc tabs=\u00bb%5B%7B%22label%22%3A%221980%22%2C%22content_t%22%3A%22Enercon%20se%20funda%20en%20Brescia%20en%201980%20como%20respuesta%20a%20las%20exigencias%20especiales%20de%20las%20instalaciones%20de%20un%20grupo%20activo%20en%20el%20sector%20de%20la%20depuraci%C3%B3n%20y%20de%20la%20eliminaci%C3%B3n%20de%20residuos.%20Trabaja%20en%20el%20pa%C3%ADs%2C%20pero%20tambi%C3%A9n%20en%20el%20exterior%2C%20ocup%C3%A1ndose%20principalmente%20de%20la%20adquisici%C3%B3n%20de%20pedidos%20y%20del%20dise%C3%B1o%20de%20instalaciones%20industriales%20mediante%20la%20subcontrataci%C3%B3n.%22%2C%22link%22%3A%22url%3Ahttp%253A%252F%252Fideademo.it%252Fenercon%252Fes%252Fque-hacemos%252F%7Ctitle%3ACosa%2520facciamo%22%2C%22tab_id%22%3A%221665653503%22%7D%2C%7B%22label%22%3A%221986%22%2C%22content_t%22%3A%22Desde%201986%2C%20Enercon%20ha%20ido%20creciendo%20y%20creando%20su%20propia%20unidad%20de%20producci%C3%B3n%2C%20construyendo%20sus%20equipos%20en%20la%20propia%20empresa%20sin%20recurrir%20a%20talleres%20externos%20y%2C%20para%20ofrecer%20a%20los%20clientes%20un%20servicio%20completo%20de%20mantenimiento%20y%20asistencia%2C%20adquiri%C3%B3%20un%20gran%20almac%C3%A9n%20de%20piezas%20de%20recambio.%22%2C%22link%22%3A%22url%3Ahttp%253A%252F%252Fideademo.it%252Fenercon%252Fes%252Fque-hacemos%252F%7Ctitle%3ACosa%2520facciamo%22%2C%22tab_id%22%3A%22352706552%22%7D%2C%7B%22label%22%3A%222000%22%2C%22content_t%22%3A%22Desde%20el%20a%C3%B1o%202000%20para%20ampliar%20la%20gama%20de%20productos%20propuestos%2C%20Enercon%20se%20hizo%20cargo%20de%20la%20marca%2C%20los%20conocimientos%20t%C3%A9cnicos%20y%20las%20patentes%20de%20la%20sociedad%20%C2%ABIMEF%C2%BB%2C%20empresa%20que%20se%20encuentra%20entre%20los%20l%C3%ADderes%20del%20mercado%20desde%20hace%20m%C3%A1s%20de%2030%20a%C3%B1os%2C%20en%20la%20fabricaci%C3%B3n%20de%20sistemas%20de%20incineraci%C3%B3n.%22%2C%22link%22%3A%22url%3Ahttp%253A%252F%252Fideademo.it%252Fenercon%252Fes%252Fque-hacemos%252F%7Ctitle%3ACosa%2520facciamo%22%2C%22tab_id%22%3A%221665653503%22%7D%2C%7B%22label%22%3A%222019%22%2C%22content_t%22%3A%22En%202019%20invirti%C3%B3%20en%20la%20tecnolog%C3%ADa%20Bioxigen%C2%AE%2C%20n%C3%BAcleo%20de%20Sanibox.%20Esta%20%C3%BAltima%2C%20adem%C3%A1s%20de%20contar%20con%20la%20certificaci%C3%B3n%20T%C3%9CV%20Profi-Cert%2C%20tambi%C3%A9n%20fue%20probada%20contra%20el%20COVID-19%20seg%C3%BAn%20la%20norma%20EN16777-2019%20en%20un%20laboratorio%20especializado%2C%20y%20los%20resultados%20mostraron%20que%20el%20sistema%20era%20eficaz%20contra%20todos%20los%20virus%2C%20incluido%20el%20Coronavirus%20SARS-Cov-2.%22%2C%22link%22%3A%22url%3Ahttp%253A%252F%252Fideademo.it%252Fenercon%252Fes%252Fque-hacemos%252F%7Ctitle%3ACosa%2520facciamo%22%2C%22tab_id%22%3A%221618635055%22%7D%2C%7B%22label%22%3A%222020%22%2C%22content_t%22%3A%22Adem%C3%A1s%20del%20desarrollo%20de%20instalaciones%20t%C3%ADpicas%20de%20su%20tradici%C3%B3n%2C%20Enercon%20se%20ha%20dedicado%20al%20sector%20n%C3%A1utico%20y%20naval%20para%20la%20construcci%C3%B3n%20de%20prototipos%20de%20aluminio%2C%20abriendo%20la%20Divisi%C3%B3n%20Enercon%20Marine%20en%202020.%22%2C%22link%22%3A%22url%3Ahttp%253A%252F%252Fideademo.it%252Fenercon%252Fes%252Fque-hacemos%252F%7Ctitle%3ACosa%2520facciamo%22%2C%22tab_id%22%3A%221618635055%22%7D%5D\u00bb][common_button text=\u00bbNuestros servicios\u00bb link=\u00bburl:https%3A%2F%2Fenercon.it%2Fes%2Fque-hacemos%2F|target:_blank\u00bb radius=\u00bbpix-rounded\u00bb size_v=\u00bbpix-v-l\u00bb size_h=\u00bbpix-h-m\u00bb color=\u00bbpix-dark\u00bb][\/vc_column][\/vc_row][vc_row full_width=\u00bbstretch_row\u00bb equal_height=\u00bbyes\u00bb pix_padding_top=\u00bbpadding XL\u00bb pix_padding_bottom=\u00bbpadding XL\u00bb ptextcolor=\u00bbBlack\u00bb gradient_colors=\u00bb%5B%7B%7D%5D\u00bb pix_padding=\u00bbpix-padding-both\u00bb css=\u00bb.vc_custom_1656334152884{background-color: #f6f6f7 !important;}\u00bb][vc_column width=\u00bb1\/4&#8243; gradient_colors=\u00bb%5B%7B%7D%5D\u00bb css=\u00bb.vc_custom_1563044559417{padding-right: 38px !important;}\u00bb][common_title title=\u00bbNuestra pol\u00edtica de calidad\u00bb padding=\u00bboff\u00bb position=\u00bbtext-left\u00bb subtitle=\u00bbCERTIFICADOS\u00bb][\/common_title][\/vc_column][vc_column width=\u00bb3\/4&#8243; gradient_colors=\u00bb%5B%7B%7D%5D\u00bb css=\u00bb.vc_custom_1563044595682{padding-left: 12px !important;}\u00bb][vc_column_text]Enercon posee un profundo conocimiento de las normas, reglamentos y leyes que, con su complejidad, dificultan muchas realizaciones y la capacidad de funcionamiento del sector industrial-productivo. El departamento t\u00e9cnico de Enercon est\u00e1 a disposici\u00f3n para una colaboraci\u00f3n proficua y para proporcionar m\u00e1s informaci\u00f3n. Todo el personal de Enercon participa en la pol\u00edtica de calidad y cada proceso de la empresa se mantiene constantemente bajo control.[\/vc_column_text][common_icon_box icon_type=\u00bbfont\u00bb icon_pixfontawesome=\u00bbfa fa-check\u00bb icon_size=\u00bbpix-icon-s\u00bb link=\u00bburl:https%3A%2F%2Fenercon.it%2Fwp-content%2Fuploads%2Fdownload%2Fen%2FCertficato_ISO-9001-scad._3.10.2023_ en.pdf\u00bb title=\u00bbCertificado ISO 9001:2015&#8243;][\/common_icon_box][common_icon_box icon_type=\u00bbfont\u00bb icon_pixfontawesome=\u00bbfa fa-check\u00bb icon_size=\u00bbpix-icon-s\u00bb link=\u00bburl:https%3A%2F%2Fenercon.it%2Fwp-content%2Fuploads%2Fdownload%2Fen%2FCERTIFICATE-N-3900372-EN1090-en.pdf\u00bb title=\u00bbCertificado EN1090 1:2009 + A1:2011&#8243;][\/common_icon_box][common_icon_box icon_type=\u00bbfont\u00bb icon_pixfontawesome=\u00bbfa fa-check\u00bb icon_size=\u00bbpix-icon-s\u00bb link=\u00bburl:http%3A%2F%2F%C3%AChttps%3A%2F%2Fenercon.it%2Fwp-content%2Fuploads%2FCertificate_A47E53D7-292_en.pdf\u00bb title=\u00bbCertificado EN-ISO-3834&#8243;][\/common_icon_box][\/vc_column][\/vc_row]<\/p>\n","protected":false},"excerpt":{"rendered":"<p>[vc_row pix_padding_top=\u00bbpadding No\u00bb pix_padding_bottom=\u00bbpadding XL\u00bb gradient_colors=\u00bb%5B%7B%7D%5D\u00bb pix_padding=\u00bbpix-padding-both\u00bb css=\u00bb.vc_custom_1668605138356{background-color: #ffffff !important;}\u00bb el_class=\u00bbchi-siamo\u00bb][vc_column width=\u00bb1\/4&#8243; gradient_colors=\u00bb%5B%7B%7D%5D\u00bb css=\u00bb.vc_custom_1563044511886{padding-right: 38px !important;}\u00bb][common_title title=\u00bbFabricante de instalaciones industriales desde 1980&#8243; padding=\u00bboff\u00bb position=\u00bbtext-left\u00bb subtitle=\u00bbSOBRE NOSOTROS\u00bb][\/common_title][\/vc_column][vc_column width=\u00bb3\/4&#8243; gradient_colors=\u00bb%5B%7B%7D%5D\u00bb css=\u00bb.vc_custom_1563044519551{padding-left: 12px !important;}\u00bb][vc_column_text]Enercon es una empresa l\u00edder en el sector de las instalaciones de aspiraci\u00f3n y filtraci\u00f3n en Italia y en todo el mundo (divisi\u00f3n Air Filtration [&hellip;]<\/p>\n","protected":false},"author":1,"featured_media":8501,"parent":0,"menu_order":0,"comment_status":"closed","ping_status":"closed","template":"","meta":{"inline_featured_image":false,"footnotes":""},"class_list":["post-9884","page","type-page","status-publish","has-post-thumbnail","hentry"],"yoast_head":"<!-- This site is optimized with the Yoast SEO plugin v23.8 - https:\/\/yoast.com\/wordpress\/plugins\/seo\/ -->\n<title>Fabricante de plantas industriales | Enercon<\/title>\n<meta name=\"description\" content=\"Enercon es l\u00edder en el sector de los sistemas de aspiraci\u00f3n y filtraci\u00f3n. Proporciona sistemas \u00abllave en mano\u00bb aplicables en los sectores industriales. Lea m\u00e1s.\" \/>\n<meta name=\"robots\" content=\"index, follow, max-snippet:-1, max-image-preview:large, max-video-preview:-1\" \/>\n<link rel=\"canonical\" href=\"https:\/\/enercon.it\/es\/sobre-nosotros\/\" \/>\n<meta property=\"og:locale\" content=\"es_ES\" \/>\n<meta property=\"og:type\" content=\"article\" \/>\n<meta property=\"og:title\" content=\"Fabricante de plantas industriales | Enercon\" \/>\n<meta property=\"og:description\" content=\"Enercon es l\u00edder en el sector de los sistemas de aspiraci\u00f3n y filtraci\u00f3n. Proporciona sistemas \u00abllave en mano\u00bb aplicables en los sectores industriales. Lea m\u00e1s.\" \/>\n<meta property=\"og:url\" content=\"https:\/\/enercon.it\/es\/sobre-nosotros\/\" \/>\n<meta property=\"og:site_name\" content=\"Enercon\" \/>\n<meta property=\"article:modified_time\" content=\"2023-01-26T13:52:16+00:00\" \/>\n<meta property=\"og:image\" content=\"https:\/\/enercon.it\/wp-content\/uploads\/impianto-aspirazione-nebbie-oleose-tecopress-spa-colosio-ita.jpg\" \/>\n\t<meta property=\"og:image:width\" content=\"900\" \/>\n\t<meta property=\"og:image:height\" content=\"600\" \/>\n\t<meta property=\"og:image:type\" content=\"image\/jpeg\" \/>\n<meta name=\"twitter:card\" content=\"summary_large_image\" \/>\n<meta name=\"twitter:label1\" content=\"Tiempo de lectura\" \/>\n\t<meta name=\"twitter:data1\" content=\"8 minutos\" \/>\n<script type=\"application\/ld+json\" class=\"yoast-schema-graph\">{\"@context\":\"https:\/\/schema.org\",\"@graph\":[{\"@type\":\"WebPage\",\"@id\":\"https:\/\/enercon.it\/es\/sobre-nosotros\/\",\"url\":\"https:\/\/enercon.it\/es\/sobre-nosotros\/\",\"name\":\"Fabricante de plantas industriales | Enercon\",\"isPartOf\":{\"@id\":\"https:\/\/enercon.it\/#website\"},\"primaryImageOfPage\":{\"@id\":\"https:\/\/enercon.it\/es\/sobre-nosotros\/#primaryimage\"},\"image\":{\"@id\":\"https:\/\/enercon.it\/es\/sobre-nosotros\/#primaryimage\"},\"thumbnailUrl\":\"https:\/\/enercon.it\/wp-content\/uploads\/impianto-aspirazione-nebbie-oleose-tecopress-spa-colosio-ita.jpg\",\"datePublished\":\"2022-05-17T07:48:06+00:00\",\"dateModified\":\"2023-01-26T13:52:16+00:00\",\"description\":\"Enercon es l\u00edder en el sector de los sistemas de aspiraci\u00f3n y filtraci\u00f3n. Proporciona sistemas \u00abllave en mano\u00bb aplicables en los sectores industriales. Lea m\u00e1s.\",\"breadcrumb\":{\"@id\":\"https:\/\/enercon.it\/es\/sobre-nosotros\/#breadcrumb\"},\"inLanguage\":\"es\",\"potentialAction\":[{\"@type\":\"ReadAction\",\"target\":[\"https:\/\/enercon.it\/es\/sobre-nosotros\/\"]}]},{\"@type\":\"ImageObject\",\"inLanguage\":\"es\",\"@id\":\"https:\/\/enercon.it\/es\/sobre-nosotros\/#primaryimage\",\"url\":\"https:\/\/enercon.it\/wp-content\/uploads\/impianto-aspirazione-nebbie-oleose-tecopress-spa-colosio-ita.jpg\",\"contentUrl\":\"https:\/\/enercon.it\/wp-content\/uploads\/impianto-aspirazione-nebbie-oleose-tecopress-spa-colosio-ita.jpg\",\"width\":900,\"height\":600},{\"@type\":\"BreadcrumbList\",\"@id\":\"https:\/\/enercon.it\/es\/sobre-nosotros\/#breadcrumb\",\"itemListElement\":[{\"@type\":\"ListItem\",\"position\":1,\"name\":\"Home\",\"item\":\"https:\/\/enercon.it\/es\/\"},{\"@type\":\"ListItem\",\"position\":2,\"name\":\"Sobre nosotros\"}]},{\"@type\":\"WebSite\",\"@id\":\"https:\/\/enercon.it\/#website\",\"url\":\"https:\/\/enercon.it\/\",\"name\":\"Enercon\",\"description\":\"Depurazione di inquinanti atmosferici\",\"publisher\":{\"@id\":\"https:\/\/enercon.it\/#organization\"},\"potentialAction\":[{\"@type\":\"SearchAction\",\"target\":{\"@type\":\"EntryPoint\",\"urlTemplate\":\"https:\/\/enercon.it\/?s={search_term_string}\"},\"query-input\":{\"@type\":\"PropertyValueSpecification\",\"valueRequired\":true,\"valueName\":\"search_term_string\"}}],\"inLanguage\":\"es\"},{\"@type\":\"Organization\",\"@id\":\"https:\/\/enercon.it\/#organization\",\"name\":\"Enercon S.r.l.\",\"url\":\"https:\/\/enercon.it\/\",\"logo\":{\"@type\":\"ImageObject\",\"inLanguage\":\"es\",\"@id\":\"https:\/\/enercon.it\/#\/schema\/logo\/image\/\",\"url\":\"https:\/\/enercon.it\/wp-content\/uploads\/2022\/05\/logo-enercon.png\",\"contentUrl\":\"https:\/\/enercon.it\/wp-content\/uploads\/2022\/05\/logo-enercon.png\",\"width\":270,\"height\":110,\"caption\":\"Enercon S.r.l.\"},\"image\":{\"@id\":\"https:\/\/enercon.it\/#\/schema\/logo\/image\/\"}}]}<\/script>\n<!-- \/ Yoast SEO plugin. -->","yoast_head_json":{"title":"Fabricante de plantas industriales | Enercon","description":"Enercon es l\u00edder en el sector de los sistemas de aspiraci\u00f3n y filtraci\u00f3n. Proporciona sistemas \u00abllave en mano\u00bb aplicables en los sectores industriales. Lea m\u00e1s.","robots":{"index":"index","follow":"follow","max-snippet":"max-snippet:-1","max-image-preview":"max-image-preview:large","max-video-preview":"max-video-preview:-1"},"canonical":"https:\/\/enercon.it\/es\/sobre-nosotros\/","og_locale":"es_ES","og_type":"article","og_title":"Fabricante de plantas industriales | Enercon","og_description":"Enercon es l\u00edder en el sector de los sistemas de aspiraci\u00f3n y filtraci\u00f3n. Proporciona sistemas \u00abllave en mano\u00bb aplicables en los sectores industriales. Lea m\u00e1s.","og_url":"https:\/\/enercon.it\/es\/sobre-nosotros\/","og_site_name":"Enercon","article_modified_time":"2023-01-26T13:52:16+00:00","og_image":[{"width":900,"height":600,"url":"https:\/\/enercon.it\/wp-content\/uploads\/impianto-aspirazione-nebbie-oleose-tecopress-spa-colosio-ita.jpg","type":"image\/jpeg"}],"twitter_card":"summary_large_image","twitter_misc":{"Tiempo de lectura":"8 minutos"},"schema":{"@context":"https:\/\/schema.org","@graph":[{"@type":"WebPage","@id":"https:\/\/enercon.it\/es\/sobre-nosotros\/","url":"https:\/\/enercon.it\/es\/sobre-nosotros\/","name":"Fabricante de plantas industriales | Enercon","isPartOf":{"@id":"https:\/\/enercon.it\/#website"},"primaryImageOfPage":{"@id":"https:\/\/enercon.it\/es\/sobre-nosotros\/#primaryimage"},"image":{"@id":"https:\/\/enercon.it\/es\/sobre-nosotros\/#primaryimage"},"thumbnailUrl":"https:\/\/enercon.it\/wp-content\/uploads\/impianto-aspirazione-nebbie-oleose-tecopress-spa-colosio-ita.jpg","datePublished":"2022-05-17T07:48:06+00:00","dateModified":"2023-01-26T13:52:16+00:00","description":"Enercon es l\u00edder en el sector de los sistemas de aspiraci\u00f3n y filtraci\u00f3n. Proporciona sistemas \u00abllave en mano\u00bb aplicables en los sectores industriales. Lea m\u00e1s.","breadcrumb":{"@id":"https:\/\/enercon.it\/es\/sobre-nosotros\/#breadcrumb"},"inLanguage":"es","potentialAction":[{"@type":"ReadAction","target":["https:\/\/enercon.it\/es\/sobre-nosotros\/"]}]},{"@type":"ImageObject","inLanguage":"es","@id":"https:\/\/enercon.it\/es\/sobre-nosotros\/#primaryimage","url":"https:\/\/enercon.it\/wp-content\/uploads\/impianto-aspirazione-nebbie-oleose-tecopress-spa-colosio-ita.jpg","contentUrl":"https:\/\/enercon.it\/wp-content\/uploads\/impianto-aspirazione-nebbie-oleose-tecopress-spa-colosio-ita.jpg","width":900,"height":600},{"@type":"BreadcrumbList","@id":"https:\/\/enercon.it\/es\/sobre-nosotros\/#breadcrumb","itemListElement":[{"@type":"ListItem","position":1,"name":"Home","item":"https:\/\/enercon.it\/es\/"},{"@type":"ListItem","position":2,"name":"Sobre nosotros"}]},{"@type":"WebSite","@id":"https:\/\/enercon.it\/#website","url":"https:\/\/enercon.it\/","name":"Enercon","description":"Depurazione di inquinanti atmosferici","publisher":{"@id":"https:\/\/enercon.it\/#organization"},"potentialAction":[{"@type":"SearchAction","target":{"@type":"EntryPoint","urlTemplate":"https:\/\/enercon.it\/?s={search_term_string}"},"query-input":{"@type":"PropertyValueSpecification","valueRequired":true,"valueName":"search_term_string"}}],"inLanguage":"es"},{"@type":"Organization","@id":"https:\/\/enercon.it\/#organization","name":"Enercon S.r.l.","url":"https:\/\/enercon.it\/","logo":{"@type":"ImageObject","inLanguage":"es","@id":"https:\/\/enercon.it\/#\/schema\/logo\/image\/","url":"https:\/\/enercon.it\/wp-content\/uploads\/2022\/05\/logo-enercon.png","contentUrl":"https:\/\/enercon.it\/wp-content\/uploads\/2022\/05\/logo-enercon.png","width":270,"height":110,"caption":"Enercon S.r.l."},"image":{"@id":"https:\/\/enercon.it\/#\/schema\/logo\/image\/"}}]}},"_links":{"self":[{"href":"https:\/\/enercon.it\/es\/wp-json\/wp\/v2\/pages\/9884"}],"collection":[{"href":"https:\/\/enercon.it\/es\/wp-json\/wp\/v2\/pages"}],"about":[{"href":"https:\/\/enercon.it\/es\/wp-json\/wp\/v2\/types\/page"}],"author":[{"embeddable":true,"href":"https:\/\/enercon.it\/es\/wp-json\/wp\/v2\/users\/1"}],"replies":[{"embeddable":true,"href":"https:\/\/enercon.it\/es\/wp-json\/wp\/v2\/comments?post=9884"}],"version-history":[{"count":8,"href":"https:\/\/enercon.it\/es\/wp-json\/wp\/v2\/pages\/9884\/revisions"}],"predecessor-version":[{"id":10482,"href":"https:\/\/enercon.it\/es\/wp-json\/wp\/v2\/pages\/9884\/revisions\/10482"}],"wp:featuredmedia":[{"embeddable":true,"href":"https:\/\/enercon.it\/es\/wp-json\/wp\/v2\/media\/8501"}],"wp:attachment":[{"href":"https:\/\/enercon.it\/es\/wp-json\/wp\/v2\/media?parent=9884"}],"curies":[{"name":"wp","href":"https:\/\/api.w.org\/{rel}","templated":true}]}}