{"id":9877,"date":"2022-05-17T08:38:15","date_gmt":"2022-05-17T08:38:15","guid":{"rendered":"https:\/\/enercon.it\/kontakt\/"},"modified":"2022-11-29T11:03:45","modified_gmt":"2022-11-29T11:03:45","slug":"kontakt","status":"publish","type":"page","link":"https:\/\/enercon.it\/de\/kontakt\/","title":{"rendered":"Kontakt"},"content":{"rendered":"<p>[vc_row pix_padding_top=&#8220;padding No&#8220; pix_padding_bottom=&#8220;padding No&#8220; gradient_colors=&#8220;%5B%7B%7D%5D&#8220; css=&#8220;.vc_custom_1658926433463{background-color: #f7f7f7 !important;}&#8220;][vc_column width=&#8220;1\/2&#8243; gradient_colors=&#8220;%5B%7B%7D%5D&#8220; css=&#8220;.vc_custom_1564856188150{padding-right: 33px !important;}&#8220;][common_icon_box style=&#8220;pix-ibox-top&#8220; radius=&#8220;pix-square&#8220; position_with_center=&#8220;pix-text-center&#8220; icon_type=&#8220;font&#8220; icon_pixfontawesome=&#8220;fa fa-map-marker-alt&#8220; link=&#8220;|title:Prices||&#8220; title=&#8220;Hauptverwaltung\/Produktion&#8220; css=&#8220;.vc_custom_1658926485377{background-color: #f7f7f7 !important;}&#8220;]<\/p>\n<p style=\"text-align: center;\">Enercon S.r.l.<br \/>\nVia Fornasina, 60<br \/>\nI- 25080 Muscoline (BS)<br \/>\nItalien[\/common_icon_box][\/vc_column][vc_column width=&#8220;1\/2&#8243; gradient_colors=&#8220;%5B%7B%7D%5D&#8220; css=&#8220;.vc_custom_1564856231536{padding-right: 18px !important;padding-left: 17px !important;}&#8220;][common_icon_box style=&#8220;pix-ibox-top&#8220; radius=&#8220;pix-square&#8220; position_with_center=&#8220;pix-text-center&#8220; icon_type=&#8220;font&#8220; icon_pixfontawesome=&#8220;fa fa-address-book&#8220; link=&#8220;|title:Prices||&#8220; title=&#8220;Kontakte&#8220; css=&#8220;.vc_custom_1658914891831{background-color: #f7f7f7 !important;}&#8220;]<\/p>\n<p style=\"text-align: center;\">Tel.: <a href=\"tel:+390365373193\">+39 0365 373193<\/a><br \/>\nFax: +39 0365 373186<br \/>\n<a href=\"mailto:info@enercon.it\">info@enercon.it<\/a>[\/common_icon_box][common_wrapper tab_id=&#8220;1658926192308-3&#8243;][vc_icon icon_fontawesome=&#8220;fab fa-facebook-f&#8220; color=&#8220;black&#8220; size=&#8220;sm&#8220; link=&#8220;url:https%3A%2F%2Fwww.facebook.com%2Fenerconimpianti%2F&#8220;][vc_icon icon_fontawesome=&#8220;fab fa-instagram&#8220; color=&#8220;black&#8220; size=&#8220;sm&#8220; link=&#8220;url:https%3A%2F%2Fwww.instagram.com%2Fenerconsrl%2F&#8220;][vc_icon icon_fontawesome=&#8220;fab fa-youtube&#8220; color=&#8220;black&#8220; size=&#8220;sm&#8220; link=&#8220;url:https%3A%2F%2Fwww.youtube.com%2Fchannel%2FUCZmZhfC2pcV_0QAHRC5qsOQ&#8220;][vc_icon icon_fontawesome=&#8220;fab fa-linkedin&#8220; color=&#8220;black&#8220; size=&#8220;sm&#8220; link=&#8220;url:https%3A%2F%2Fwww.linkedin.com%2Fcompany%2Fenercon-srl%2F&#8220;][\/common_wrapper][\/vc_column][\/vc_row][vc_row pix_padding_bottom=&#8220;padding No&#8220; gradient_colors=&#8220;%5B%7B%7D%5D&#8220;][vc_column][common_title title=&#8220;Kontakt&#8220; position=&#8220;text-left&#8220;]Enercon ist ein Unternehmen f\u00fcr die Entwicklung von <strong>industriellen Filtrations- und Hydrauliksystemen<\/strong>. Nehmen Sie Kontakt mit uns auf, wenn Sie n\u00e4here Informationen \u00fcber unsere Produkte und Dienstleistungen oder ein individuelles Angebot w\u00fcnschen.[\/common_title][\/vc_column][\/vc_row][vc_row pix_padding_top=&#8220;padding No&#8220; pix_padding_bottom=&#8220;padding No&#8220; gradient_colors=&#8220;%5B%7B%7D%5D&#8220;][vc_column gradient_colors=&#8220;%5B%7B%7D%5D&#8220;][common_cform7 form_id=&#8220;1768&#8243; box_gap=&#8220;50&#8243;][\/vc_column][\/vc_row][vc_row full_width=&#8220;stretch_row&#8220; pix_padding_bottom=&#8220;padding No&#8220; gradient_colors=&#8220;%5B%7B%7D%5D&#8220; ppadding=&#8220;pix-vc_row-no-padding&#8220;][vc_column][vc_gmaps link=&#8220;#E-8_JTNDaWZyYW1lJTIwc3JjJTNEJTIyaHR0cHMlM0ElMkYlMkZ3d3cuZ29vZ2xlLmNvbSUyRm1hcHMlMkZlbWJlZCUzRnBiJTNEJTIxMW0xOCUyMTFtMTIlMjExbTMlMjExZDU1ODYuOTg2MDcyMzc2Nzg4JTIxMmQxMC40Njc0NjQwMDAwMDAwMDklMjEzZDQ1LjU2MDUyMjk5OTk5OTk5NiUyMTJtMyUyMTFmMCUyMTJmMCUyMTNmMCUyMTNtMiUyMTFpMTAyNCUyMTJpNzY4JTIxNGYxMy4xJTIxM20zJTIxMW0yJTIxMXMweDAlMjUzQTB4NTAzYzUyZGQ5NGVmOWMzYyUyMTJzRW5lcmNvbiUyNTIwU3JsJTIxNWUwJTIxM20yJTIxMXNpdCUyMTJzaXQlMjE0djE2NTgzMTIzMzA1OTElMjE1bTIlMjExc2l0JTIxMnNpdCUyMiUyMHdpZHRoJTNEJTIyMTAwJTI1JTIyJTIwaGVpZ2h0JTNEJTIyNTAwJTIyJTIwc3R5bGUlM0QlMjJib3JkZXIlM0EwJTNCJTIyJTIwYWxsb3dmdWxsc2NyZWVuJTNEJTIyJTIyJTIwbG9hZGluZyUzRCUyMmxhenklMjIlMjByZWZlcnJlcnBvbGljeSUzRCUyMm5vLXJlZmVycmVyLXdoZW4tZG93bmdyYWRlJTIyJTNFJTNDJTJGaWZyYW1lJTNF&#8220;][\/vc_column][\/vc_row]<\/p>\n","protected":false},"excerpt":{"rendered":"<p>[vc_row pix_padding_top=&#8220;padding No&#8220; pix_padding_bottom=&#8220;padding No&#8220; gradient_colors=&#8220;%5B%7B%7D%5D&#8220; css=&#8220;.vc_custom_1658926433463{background-color: #f7f7f7 !important;}&#8220;][vc_column width=&#8220;1\/2&#8243; gradient_colors=&#8220;%5B%7B%7D%5D&#8220; css=&#8220;.vc_custom_1564856188150{padding-right: 33px !important;}&#8220;][common_icon_box style=&#8220;pix-ibox-top&#8220; radius=&#8220;pix-square&#8220; position_with_center=&#8220;pix-text-center&#8220; icon_type=&#8220;font&#8220; icon_pixfontawesome=&#8220;fa fa-map-marker-alt&#8220; link=&#8220;|title:Prices||&#8220; title=&#8220;Hauptverwaltung\/Produktion&#8220; css=&#8220;.vc_custom_1658926485377{background-color: #f7f7f7 !important;}&#8220;] Enercon S.r.l. Via Fornasina, 60 I- 25080 Muscoline (BS) Italien[\/common_icon_box][\/vc_column][vc_column width=&#8220;1\/2&#8243; gradient_colors=&#8220;%5B%7B%7D%5D&#8220; css=&#8220;.vc_custom_1564856231536{padding-right: 18px !important;padding-left: 17px !important;}&#8220;][common_icon_box style=&#8220;pix-ibox-top&#8220; radius=&#8220;pix-square&#8220; position_with_center=&#8220;pix-text-center&#8220; icon_type=&#8220;font&#8220; icon_pixfontawesome=&#8220;fa fa-address-book&#8220; link=&#8220;|title:Prices||&#8220; title=&#8220;Kontakte&#8220; css=&#8220;.vc_custom_1658914891831{background-color: #f7f7f7 !important;}&#8220;] Tel.: +39 [&hellip;]<\/p>\n","protected":false},"author":1,"featured_media":0,"parent":0,"menu_order":0,"comment_status":"closed","ping_status":"closed","template":"","meta":{"inline_featured_image":false,"footnotes":""},"class_list":["post-9877","page","type-page","status-publish","hentry"],"yoast_head":"<!-- This site is optimized with the Yoast SEO plugin v23.8 - https:\/\/yoast.com\/wordpress\/plugins\/seo\/ -->\n<title>Kontakt | Enercon<\/title>\n<meta name=\"description\" content=\"Nehmen Sie Kontakt mit uns auf und informieren Sie sich \u00fcber unsere Dienstleistungen im Bereich der Absaugung und Industriehydraulik. Wir arbeiten auch im Ausland. Fragen Sie uns nach einem unverbindlichen Angebot.\" \/>\n<meta name=\"robots\" content=\"index, follow, max-snippet:-1, max-image-preview:large, max-video-preview:-1\" \/>\n<link rel=\"canonical\" href=\"https:\/\/enercon.it\/de\/kontakt\/\" \/>\n<meta property=\"og:locale\" content=\"de_DE\" \/>\n<meta property=\"og:type\" content=\"article\" \/>\n<meta property=\"og:title\" content=\"Kontakt | Enercon\" \/>\n<meta property=\"og:description\" content=\"Nehmen Sie Kontakt mit uns auf und informieren Sie sich \u00fcber unsere Dienstleistungen im Bereich der Absaugung und Industriehydraulik. Wir arbeiten auch im Ausland. Fragen Sie uns nach einem unverbindlichen Angebot.\" \/>\n<meta property=\"og:url\" content=\"https:\/\/enercon.it\/de\/kontakt\/\" \/>\n<meta property=\"og:site_name\" content=\"Enercon\" \/>\n<meta property=\"article:modified_time\" content=\"2022-11-29T11:03:45+00:00\" \/>\n<meta name=\"twitter:card\" content=\"summary_large_image\" \/>\n<meta name=\"twitter:label1\" content=\"Gesch\u00e4tzte Lesezeit\" \/>\n\t<meta name=\"twitter:data1\" content=\"2\u00a0Minuten\" \/>\n<script type=\"application\/ld+json\" class=\"yoast-schema-graph\">{\"@context\":\"https:\/\/schema.org\",\"@graph\":[{\"@type\":\"WebPage\",\"@id\":\"https:\/\/enercon.it\/de\/kontakt\/\",\"url\":\"https:\/\/enercon.it\/de\/kontakt\/\",\"name\":\"Kontakt | Enercon\",\"isPartOf\":{\"@id\":\"https:\/\/enercon.it\/#website\"},\"datePublished\":\"2022-05-17T08:38:15+00:00\",\"dateModified\":\"2022-11-29T11:03:45+00:00\",\"description\":\"Nehmen Sie Kontakt mit uns auf und informieren Sie sich \u00fcber unsere Dienstleistungen im Bereich der Absaugung und Industriehydraulik. Wir arbeiten auch im Ausland. Fragen Sie uns nach einem unverbindlichen Angebot.\",\"breadcrumb\":{\"@id\":\"https:\/\/enercon.it\/de\/kontakt\/#breadcrumb\"},\"inLanguage\":\"de\",\"potentialAction\":[{\"@type\":\"ReadAction\",\"target\":[\"https:\/\/enercon.it\/de\/kontakt\/\"]}]},{\"@type\":\"BreadcrumbList\",\"@id\":\"https:\/\/enercon.it\/de\/kontakt\/#breadcrumb\",\"itemListElement\":[{\"@type\":\"ListItem\",\"position\":1,\"name\":\"Home\",\"item\":\"https:\/\/enercon.it\/de\/\"},{\"@type\":\"ListItem\",\"position\":2,\"name\":\"Kontakt\"}]},{\"@type\":\"WebSite\",\"@id\":\"https:\/\/enercon.it\/#website\",\"url\":\"https:\/\/enercon.it\/\",\"name\":\"Enercon\",\"description\":\"Depurazione di inquinanti atmosferici\",\"publisher\":{\"@id\":\"https:\/\/enercon.it\/#organization\"},\"potentialAction\":[{\"@type\":\"SearchAction\",\"target\":{\"@type\":\"EntryPoint\",\"urlTemplate\":\"https:\/\/enercon.it\/?s={search_term_string}\"},\"query-input\":{\"@type\":\"PropertyValueSpecification\",\"valueRequired\":true,\"valueName\":\"search_term_string\"}}],\"inLanguage\":\"de\"},{\"@type\":\"Organization\",\"@id\":\"https:\/\/enercon.it\/#organization\",\"name\":\"Enercon S.r.l.\",\"url\":\"https:\/\/enercon.it\/\",\"logo\":{\"@type\":\"ImageObject\",\"inLanguage\":\"de\",\"@id\":\"https:\/\/enercon.it\/#\/schema\/logo\/image\/\",\"url\":\"https:\/\/enercon.it\/wp-content\/uploads\/2022\/05\/logo-enercon.png\",\"contentUrl\":\"https:\/\/enercon.it\/wp-content\/uploads\/2022\/05\/logo-enercon.png\",\"width\":270,\"height\":110,\"caption\":\"Enercon S.r.l.\"},\"image\":{\"@id\":\"https:\/\/enercon.it\/#\/schema\/logo\/image\/\"}}]}<\/script>\n<!-- \/ Yoast SEO plugin. -->","yoast_head_json":{"title":"Kontakt | Enercon","description":"Nehmen Sie Kontakt mit uns auf und informieren Sie sich \u00fcber unsere Dienstleistungen im Bereich der Absaugung und Industriehydraulik. Wir arbeiten auch im Ausland. Fragen Sie uns nach einem unverbindlichen Angebot.","robots":{"index":"index","follow":"follow","max-snippet":"max-snippet:-1","max-image-preview":"max-image-preview:large","max-video-preview":"max-video-preview:-1"},"canonical":"https:\/\/enercon.it\/de\/kontakt\/","og_locale":"de_DE","og_type":"article","og_title":"Kontakt | Enercon","og_description":"Nehmen Sie Kontakt mit uns auf und informieren Sie sich \u00fcber unsere Dienstleistungen im Bereich der Absaugung und Industriehydraulik. Wir arbeiten auch im Ausland. Fragen Sie uns nach einem unverbindlichen Angebot.","og_url":"https:\/\/enercon.it\/de\/kontakt\/","og_site_name":"Enercon","article_modified_time":"2022-11-29T11:03:45+00:00","twitter_card":"summary_large_image","twitter_misc":{"Gesch\u00e4tzte Lesezeit":"2\u00a0Minuten"},"schema":{"@context":"https:\/\/schema.org","@graph":[{"@type":"WebPage","@id":"https:\/\/enercon.it\/de\/kontakt\/","url":"https:\/\/enercon.it\/de\/kontakt\/","name":"Kontakt | Enercon","isPartOf":{"@id":"https:\/\/enercon.it\/#website"},"datePublished":"2022-05-17T08:38:15+00:00","dateModified":"2022-11-29T11:03:45+00:00","description":"Nehmen Sie Kontakt mit uns auf und informieren Sie sich \u00fcber unsere Dienstleistungen im Bereich der Absaugung und Industriehydraulik. Wir arbeiten auch im Ausland. Fragen Sie uns nach einem unverbindlichen Angebot.","breadcrumb":{"@id":"https:\/\/enercon.it\/de\/kontakt\/#breadcrumb"},"inLanguage":"de","potentialAction":[{"@type":"ReadAction","target":["https:\/\/enercon.it\/de\/kontakt\/"]}]},{"@type":"BreadcrumbList","@id":"https:\/\/enercon.it\/de\/kontakt\/#breadcrumb","itemListElement":[{"@type":"ListItem","position":1,"name":"Home","item":"https:\/\/enercon.it\/de\/"},{"@type":"ListItem","position":2,"name":"Kontakt"}]},{"@type":"WebSite","@id":"https:\/\/enercon.it\/#website","url":"https:\/\/enercon.it\/","name":"Enercon","description":"Depurazione di inquinanti atmosferici","publisher":{"@id":"https:\/\/enercon.it\/#organization"},"potentialAction":[{"@type":"SearchAction","target":{"@type":"EntryPoint","urlTemplate":"https:\/\/enercon.it\/?s={search_term_string}"},"query-input":{"@type":"PropertyValueSpecification","valueRequired":true,"valueName":"search_term_string"}}],"inLanguage":"de"},{"@type":"Organization","@id":"https:\/\/enercon.it\/#organization","name":"Enercon S.r.l.","url":"https:\/\/enercon.it\/","logo":{"@type":"ImageObject","inLanguage":"de","@id":"https:\/\/enercon.it\/#\/schema\/logo\/image\/","url":"https:\/\/enercon.it\/wp-content\/uploads\/2022\/05\/logo-enercon.png","contentUrl":"https:\/\/enercon.it\/wp-content\/uploads\/2022\/05\/logo-enercon.png","width":270,"height":110,"caption":"Enercon S.r.l."},"image":{"@id":"https:\/\/enercon.it\/#\/schema\/logo\/image\/"}}]}},"_links":{"self":[{"href":"https:\/\/enercon.it\/de\/wp-json\/wp\/v2\/pages\/9877"}],"collection":[{"href":"https:\/\/enercon.it\/de\/wp-json\/wp\/v2\/pages"}],"about":[{"href":"https:\/\/enercon.it\/de\/wp-json\/wp\/v2\/types\/page"}],"author":[{"embeddable":true,"href":"https:\/\/enercon.it\/de\/wp-json\/wp\/v2\/users\/1"}],"replies":[{"embeddable":true,"href":"https:\/\/enercon.it\/de\/wp-json\/wp\/v2\/comments?post=9877"}],"version-history":[{"count":2,"href":"https:\/\/enercon.it\/de\/wp-json\/wp\/v2\/pages\/9877\/revisions"}],"predecessor-version":[{"id":9879,"href":"https:\/\/enercon.it\/de\/wp-json\/wp\/v2\/pages\/9877\/revisions\/9879"}],"wp:attachment":[{"href":"https:\/\/enercon.it\/de\/wp-json\/wp\/v2\/media?parent=9877"}],"curies":[{"name":"wp","href":"https:\/\/api.w.org\/{rel}","templated":true}]}}