{"id":9874,"date":"2022-05-17T15:41:29","date_gmt":"2022-05-17T15:41:29","guid":{"rendered":"https:\/\/enercon.it\/download\/"},"modified":"2026-02-20T08:55:22","modified_gmt":"2026-02-20T08:55:22","slug":"download","status":"publish","type":"page","link":"https:\/\/enercon.it\/de\/download\/","title":{"rendered":"Download"},"content":{"rendered":"<p>[vc_row][vc_column][common_title title=&#8220;Datenbl\u00e4tter&#8220; position=&#8220;text-left&#8220; subtitle=&#8220;Download&#8220;][\/common_title][vc_row_inner gradient_colors=&#8220;%5B%7B%7D%5D&#8220; el_class=&#8220;download&#8220;][vc_column_inner width=&#8220;1\/2&#8243;][common_icon_box style=&#8220;pix-ibox-title-side&#8220; icon_type=&#8220;font&#8220; icon_pixfontawesome=&#8220;fa fa-file-pdf&#8220; link=&#8220;url:https%3A%2F%2Fenercon.it%2Fwp-content%2Fuploads%2FWEB_SCHEDE_ENG.pdf|target:_blank&#8220; title=&#8220;Brosch\u00fcre des Unternehmens&#8220;][\/common_icon_box][common_icon_box style=&#8220;pix-ibox-title-side&#8220; icon_type=&#8220;font&#8220; icon_pixfontawesome=&#8220;fa fa-file-pdf&#8220; link=&#8220;url:https%3A%2F%2Fenercon.it%2Fwp-content%2Fuploads%2FWEB_DEPLIANT-ENG.pdf|target:_blank&#8220; title=&#8220;Brosch\u00fcre mit Zusammenfassung&#8220;][\/common_icon_box][common_icon_box style=&#8220;pix-ibox-title-side&#8220; icon_type=&#8220;font&#8220; icon_pixfontawesome=&#8220;fa fa-file-pdf&#8220; link=&#8220;url:https%3A%2F%2Fenercon.it%2Fwp-content%2Fuploads%2Fdownload%2Fde%2Fscheda-tecnica-polveri-de.pdf|target:_blank&#8220; title=&#8220;Technisches Datenblatt Staubabzug- und Filteranlagen&#8220;][\/common_icon_box][common_icon_box style=&#8220;pix-ibox-title-side&#8220; icon_type=&#8220;font&#8220; icon_pixfontawesome=&#8220;fa fa-file-pdf&#8220; link=&#8220;url:https%3A%2F%2Fenercon.it%2Fwp-content%2Fuploads%2Fdownload%2FEnercon_Depliant_Idraulica-%2520ENG.pdf|target:_blank&#8220; title=&#8220;Technisches Datenblatt Hydraulikanlagen&#8220;][\/common_icon_box][\/vc_column_inner][vc_column_inner width=&#8220;1\/2&#8243;][common_icon_box style=&#8220;pix-ibox-title-side&#8220; icon_type=&#8220;font&#8220; icon_pixfontawesome=&#8220;fa fa-file-pdf&#8220; link=&#8220;url:https%3A%2F%2Fenercon.it%2Fwp-content%2Fuploads%2Fdownload%2Fde%2Fscheda-tecnica-applicazioni-de.pdf?|target:_blank&#8220; title=&#8220;Technisches Datenblatt Besondere Anwendungen&#8220;][\/common_icon_box][common_icon_box style=&#8220;pix-ibox-title-side&#8220; icon_type=&#8220;font&#8220; icon_pixfontawesome=&#8220;fa fa-file-pdf&#8220; link=&#8220;url:https%3A%2F%2Fenercon.it%2Fwp-content%2Fuploads%2Fdownload%2Fde%2Fscheda-tecnica-fumi-de.pdf&#8220; title=&#8220;Technisches Datenblatt Rauchabzugs- und Filteranlagen&#8220;][\/common_icon_box][common_icon_box style=&#8220;pix-ibox-title-side&#8220; icon_type=&#8220;font&#8220; icon_pixfontawesome=&#8220;fa fa-file-pdf&#8220; link=&#8220;url:https%3A%2F%2Fenercon.it%2Fwp-content%2Fuploads%2Fdownload%2Fde%2Fscheda-tecnica-nebbie-de.pdf|target:_blank&#8220; title=&#8220;Technisches Datenblatt \u00d6lnebel-Abzug- und Filteranlagen&#8220;][\/common_icon_box][common_icon_box style=&#8220;pix-ibox-title-side&#8220; icon_type=&#8220;font&#8220; icon_pixfontawesome=&#8220;fa fa-file-pdf&#8220; link=&#8220;url:https%3A%2F%2Fenercon.it%2Fwp-content%2Fuploads%2Fdownload%2Fen%2FEnercon_sanibox_en.pdf|target:_blank&#8220; title=&#8220;Technisches Datenblatt Sanibox&#8220;][\/common_icon_box][\/vc_column_inner][\/vc_row_inner][\/vc_column][\/vc_row][vc_row full_width=&#8220;stretch_row&#8220; gradient_colors=&#8220;%5B%7B%7D%5D&#8220; css=&#8220;.vc_custom_1660050812105{background-color: #f7f7f7 !important;}&#8220;][vc_column][common_title title=&#8220;Zertifikate&#8220; position=&#8220;text-left&#8220; subtitle=&#8220;Download&#8220;][\/common_title][vc_row_inner gradient_colors=&#8220;%5B%7B%7D%5D&#8220; el_class=&#8220;download&#8220;][vc_column_inner width=&#8220;1\/2&#8243;][common_icon_box style=&#8220;pix-ibox-title-side&#8220; icon_type=&#8220;font&#8220; icon_pixfontawesome=&#8220;fa fa-file-pdf&#8220; icon_color=&#8220;pix-icon-default&#8220; link=&#8220;url:https%3A%2F%2Fenercon.it%2Fwp-content%2Fuploads%2FEnercon-Codice-Etico.pdf|target:_blank&#8220; title=&#8220;Ethik-Kodex&#8220;][\/common_icon_box][common_icon_box style=&#8220;pix-ibox-title-side&#8220; icon_type=&#8220;font&#8220; icon_pixfontawesome=&#8220;fa fa-file-pdf&#8220; icon_color=&#8220;pix-icon-default&#8220; link=&#8220;url:https%3A%2F%2Fenercon.it%2Fwp-content%2Fuploads%2FCertificate-no.-3900372-ENG2024.pdf|target:_blank&#8220; title=&#8220;Zertifikat Nr. 3900372 &#8211; EN1090&#8243;][\/common_icon_box][common_icon_box style=&#8220;pix-ibox-title-side&#8220; icon_type=&#8220;font&#8220; icon_pixfontawesome=&#8220;fa fa-file-pdf&#8220; icon_color=&#8220;pix-icon-default&#8220; link=&#8220;url:https%3A%2F%2Fenercon.it%2Fwp-content%2Fuploads%2FF49_391071537_web_v1_4ac5fdd8-5fa3-4a0c-9669-5d1890a35f34_en.pdf|target:_blank&#8220; title=&#8220;Zertifikat EN-ISO-3834&#8243;][\/common_icon_box][\/vc_column_inner][vc_column_inner width=&#8220;1\/2&#8243;][common_icon_box style=&#8220;pix-ibox-title-side&#8220; icon_type=&#8220;font&#8220; icon_pixfontawesome=&#8220;fa fa-file-pdf&#8220; icon_color=&#8220;pix-icon-default&#8220; link=&#8220;url:https%3A%2F%2Fenercon.it%2Fwp-content%2Fuploads%2Fdownload%2Fen%2Fquality-policy-en.pdf|target:_blank&#8220; title=&#8220;Qualit\u00e4tspolitik&#8220;][\/common_icon_box][common_icon_box style=&#8220;pix-ibox-title-side&#8220; icon_type=&#8220;font&#8220; icon_pixfontawesome=&#8220;fa fa-file-pdf&#8220; icon_color=&#8220;pix-icon-default&#8220; link=&#8220;url:https%3A%2F%2Fenercon.it%2Fwp-content%2Fuploads%2FCertificato-Enercon-Inglese-3.10.2026.pdf|target:_blank&#8220; title=&#8220;Zertifikat ISO 9001:2015&#8243;][\/common_icon_box][\/vc_column_inner][\/vc_row_inner][\/vc_column][\/vc_row]<\/p>\n","protected":false},"excerpt":{"rendered":"<p>[vc_row][vc_column][common_title title=&#8220;Datenbl\u00e4tter&#8220; position=&#8220;text-left&#8220; subtitle=&#8220;Download&#8220;][\/common_title][vc_row_inner gradient_colors=&#8220;%5B%7B%7D%5D&#8220; el_class=&#8220;download&#8220;][vc_column_inner width=&#8220;1\/2&#8243;][common_icon_box style=&#8220;pix-ibox-title-side&#8220; icon_type=&#8220;font&#8220; icon_pixfontawesome=&#8220;fa fa-file-pdf&#8220; link=&#8220;url:https%3A%2F%2Fenercon.it%2Fwp-content%2Fuploads%2FWEB_SCHEDE_ENG.pdf|target:_blank&#8220; title=&#8220;Brosch\u00fcre des Unternehmens&#8220;][\/common_icon_box][common_icon_box style=&#8220;pix-ibox-title-side&#8220; icon_type=&#8220;font&#8220; icon_pixfontawesome=&#8220;fa fa-file-pdf&#8220; link=&#8220;url:https%3A%2F%2Fenercon.it%2Fwp-content%2Fuploads%2FWEB_DEPLIANT-ENG.pdf|target:_blank&#8220; title=&#8220;Brosch\u00fcre mit Zusammenfassung&#8220;][\/common_icon_box][common_icon_box style=&#8220;pix-ibox-title-side&#8220; icon_type=&#8220;font&#8220; icon_pixfontawesome=&#8220;fa fa-file-pdf&#8220; link=&#8220;url:https%3A%2F%2Fenercon.it%2Fwp-content%2Fuploads%2Fdownload%2Fde%2Fscheda-tecnica-polveri-de.pdf|target:_blank&#8220; title=&#8220;Technisches Datenblatt Staubabzug- und Filteranlagen&#8220;][\/common_icon_box][common_icon_box style=&#8220;pix-ibox-title-side&#8220; icon_type=&#8220;font&#8220; icon_pixfontawesome=&#8220;fa fa-file-pdf&#8220; link=&#8220;url:https%3A%2F%2Fenercon.it%2Fwp-content%2Fuploads%2Fdownload%2FEnercon_Depliant_Idraulica-%2520ENG.pdf|target:_blank&#8220; title=&#8220;Technisches Datenblatt Hydraulikanlagen&#8220;][\/common_icon_box][\/vc_column_inner][vc_column_inner width=&#8220;1\/2&#8243;][common_icon_box style=&#8220;pix-ibox-title-side&#8220; icon_type=&#8220;font&#8220; icon_pixfontawesome=&#8220;fa fa-file-pdf&#8220; link=&#8220;url:https%3A%2F%2Fenercon.it%2Fwp-content%2Fuploads%2Fdownload%2Fde%2Fscheda-tecnica-applicazioni-de.pdf?|target:_blank&#8220; title=&#8220;Technisches Datenblatt Besondere Anwendungen&#8220;][\/common_icon_box][common_icon_box style=&#8220;pix-ibox-title-side&#8220; icon_type=&#8220;font&#8220; icon_pixfontawesome=&#8220;fa fa-file-pdf&#8220; [&hellip;]<\/p>\n","protected":false},"author":1,"featured_media":8500,"parent":0,"menu_order":0,"comment_status":"closed","ping_status":"closed","template":"","meta":{"inline_featured_image":false,"footnotes":""},"class_list":["post-9874","page","type-page","status-publish","has-post-thumbnail","hentry"],"yoast_head":"<!-- This site is optimized with the Yoast SEO plugin v23.8 - https:\/\/yoast.com\/wordpress\/plugins\/seo\/ -->\n<title>Datenbl\u00e4tter | Enercon<\/title>\n<meta name=\"description\" content=\"Bl\u00e4ttern Sie durch die Datenbl\u00e4tter der Anlagen f\u00fcr Hydraulik, Absaugung und Filterung. Lesen Sie die Unternehmensbrosch\u00fcre. Erfahren Sie mehr.\" \/>\n<meta name=\"robots\" content=\"index, follow, max-snippet:-1, max-image-preview:large, max-video-preview:-1\" \/>\n<link rel=\"canonical\" href=\"https:\/\/enercon.it\/de\/download\/\" \/>\n<meta property=\"og:locale\" content=\"de_DE\" \/>\n<meta property=\"og:type\" content=\"article\" \/>\n<meta property=\"og:title\" content=\"Datenbl\u00e4tter | Enercon\" \/>\n<meta property=\"og:description\" content=\"Bl\u00e4ttern Sie durch die Datenbl\u00e4tter der Anlagen f\u00fcr Hydraulik, Absaugung und Filterung. Lesen Sie die Unternehmensbrosch\u00fcre. Erfahren Sie mehr.\" \/>\n<meta property=\"og:url\" content=\"https:\/\/enercon.it\/de\/download\/\" \/>\n<meta property=\"og:site_name\" content=\"Enercon\" \/>\n<meta property=\"article:modified_time\" content=\"2026-02-20T08:55:22+00:00\" \/>\n<meta property=\"og:image\" content=\"https:\/\/enercon.it\/wp-content\/uploads\/impianto-aspirazione-nebbie-oleose-tecopress-spa-colosio-ita.jpg\" \/>\n\t<meta property=\"og:image:width\" content=\"900\" \/>\n\t<meta property=\"og:image:height\" content=\"600\" \/>\n\t<meta property=\"og:image:type\" content=\"image\/jpeg\" \/>\n<meta name=\"twitter:card\" content=\"summary_large_image\" \/>\n<meta name=\"twitter:label1\" content=\"Gesch\u00e4tzte Lesezeit\" \/>\n\t<meta name=\"twitter:data1\" content=\"1\u00a0Minute\" \/>\n<script type=\"application\/ld+json\" class=\"yoast-schema-graph\">{\"@context\":\"https:\/\/schema.org\",\"@graph\":[{\"@type\":\"WebPage\",\"@id\":\"https:\/\/enercon.it\/de\/download\/\",\"url\":\"https:\/\/enercon.it\/de\/download\/\",\"name\":\"Datenbl\u00e4tter | Enercon\",\"isPartOf\":{\"@id\":\"http:\/\/enercon.it\/zh-hans\/#website\"},\"primaryImageOfPage\":{\"@id\":\"https:\/\/enercon.it\/de\/download\/#primaryimage\"},\"image\":{\"@id\":\"https:\/\/enercon.it\/de\/download\/#primaryimage\"},\"thumbnailUrl\":\"https:\/\/enercon.it\/wp-content\/uploads\/impianto-aspirazione-nebbie-oleose-tecopress-spa-colosio-ita.jpg\",\"datePublished\":\"2022-05-17T15:41:29+00:00\",\"dateModified\":\"2026-02-20T08:55:22+00:00\",\"description\":\"Bl\u00e4ttern Sie durch die Datenbl\u00e4tter der Anlagen f\u00fcr Hydraulik, Absaugung und Filterung. Lesen Sie die Unternehmensbrosch\u00fcre. Erfahren Sie mehr.\",\"breadcrumb\":{\"@id\":\"https:\/\/enercon.it\/de\/download\/#breadcrumb\"},\"inLanguage\":\"de\",\"potentialAction\":[{\"@type\":\"ReadAction\",\"target\":[\"https:\/\/enercon.it\/de\/download\/\"]}]},{\"@type\":\"ImageObject\",\"inLanguage\":\"de\",\"@id\":\"https:\/\/enercon.it\/de\/download\/#primaryimage\",\"url\":\"https:\/\/enercon.it\/wp-content\/uploads\/impianto-aspirazione-nebbie-oleose-tecopress-spa-colosio-ita.jpg\",\"contentUrl\":\"https:\/\/enercon.it\/wp-content\/uploads\/impianto-aspirazione-nebbie-oleose-tecopress-spa-colosio-ita.jpg\",\"width\":900,\"height\":600},{\"@type\":\"BreadcrumbList\",\"@id\":\"https:\/\/enercon.it\/de\/download\/#breadcrumb\",\"itemListElement\":[{\"@type\":\"ListItem\",\"position\":1,\"name\":\"Home\",\"item\":\"https:\/\/enercon.it\/de\/\"},{\"@type\":\"ListItem\",\"position\":2,\"name\":\"Download\"}]},{\"@type\":\"WebSite\",\"@id\":\"http:\/\/enercon.it\/zh-hans\/#website\",\"url\":\"http:\/\/enercon.it\/zh-hans\/\",\"name\":\"Enercon\",\"description\":\"Depurazione di inquinanti atmosferici\",\"publisher\":{\"@id\":\"http:\/\/enercon.it\/zh-hans\/#organization\"},\"potentialAction\":[{\"@type\":\"SearchAction\",\"target\":{\"@type\":\"EntryPoint\",\"urlTemplate\":\"http:\/\/enercon.it\/zh-hans\/?s={search_term_string}\"},\"query-input\":{\"@type\":\"PropertyValueSpecification\",\"valueRequired\":true,\"valueName\":\"search_term_string\"}}],\"inLanguage\":\"de\"},{\"@type\":\"Organization\",\"@id\":\"http:\/\/enercon.it\/zh-hans\/#organization\",\"name\":\"Enercon S.r.l.\",\"url\":\"http:\/\/enercon.it\/zh-hans\/\",\"logo\":{\"@type\":\"ImageObject\",\"inLanguage\":\"de\",\"@id\":\"http:\/\/enercon.it\/zh-hans\/#\/schema\/logo\/image\/\",\"url\":\"https:\/\/enercon.it\/wp-content\/uploads\/2022\/05\/logo-enercon.png\",\"contentUrl\":\"https:\/\/enercon.it\/wp-content\/uploads\/2022\/05\/logo-enercon.png\",\"width\":270,\"height\":110,\"caption\":\"Enercon S.r.l.\"},\"image\":{\"@id\":\"http:\/\/enercon.it\/zh-hans\/#\/schema\/logo\/image\/\"}}]}<\/script>\n<!-- \/ Yoast SEO plugin. -->","yoast_head_json":{"title":"Datenbl\u00e4tter | Enercon","description":"Bl\u00e4ttern Sie durch die Datenbl\u00e4tter der Anlagen f\u00fcr Hydraulik, Absaugung und Filterung. Lesen Sie die Unternehmensbrosch\u00fcre. Erfahren Sie mehr.","robots":{"index":"index","follow":"follow","max-snippet":"max-snippet:-1","max-image-preview":"max-image-preview:large","max-video-preview":"max-video-preview:-1"},"canonical":"https:\/\/enercon.it\/de\/download\/","og_locale":"de_DE","og_type":"article","og_title":"Datenbl\u00e4tter | Enercon","og_description":"Bl\u00e4ttern Sie durch die Datenbl\u00e4tter der Anlagen f\u00fcr Hydraulik, Absaugung und Filterung. Lesen Sie die Unternehmensbrosch\u00fcre. Erfahren Sie mehr.","og_url":"https:\/\/enercon.it\/de\/download\/","og_site_name":"Enercon","article_modified_time":"2026-02-20T08:55:22+00:00","og_image":[{"width":900,"height":600,"url":"https:\/\/enercon.it\/wp-content\/uploads\/impianto-aspirazione-nebbie-oleose-tecopress-spa-colosio-ita.jpg","type":"image\/jpeg"}],"twitter_card":"summary_large_image","twitter_misc":{"Gesch\u00e4tzte Lesezeit":"1\u00a0Minute"},"schema":{"@context":"https:\/\/schema.org","@graph":[{"@type":"WebPage","@id":"https:\/\/enercon.it\/de\/download\/","url":"https:\/\/enercon.it\/de\/download\/","name":"Datenbl\u00e4tter | Enercon","isPartOf":{"@id":"http:\/\/enercon.it\/zh-hans\/#website"},"primaryImageOfPage":{"@id":"https:\/\/enercon.it\/de\/download\/#primaryimage"},"image":{"@id":"https:\/\/enercon.it\/de\/download\/#primaryimage"},"thumbnailUrl":"https:\/\/enercon.it\/wp-content\/uploads\/impianto-aspirazione-nebbie-oleose-tecopress-spa-colosio-ita.jpg","datePublished":"2022-05-17T15:41:29+00:00","dateModified":"2026-02-20T08:55:22+00:00","description":"Bl\u00e4ttern Sie durch die Datenbl\u00e4tter der Anlagen f\u00fcr Hydraulik, Absaugung und Filterung. Lesen Sie die Unternehmensbrosch\u00fcre. Erfahren Sie mehr.","breadcrumb":{"@id":"https:\/\/enercon.it\/de\/download\/#breadcrumb"},"inLanguage":"de","potentialAction":[{"@type":"ReadAction","target":["https:\/\/enercon.it\/de\/download\/"]}]},{"@type":"ImageObject","inLanguage":"de","@id":"https:\/\/enercon.it\/de\/download\/#primaryimage","url":"https:\/\/enercon.it\/wp-content\/uploads\/impianto-aspirazione-nebbie-oleose-tecopress-spa-colosio-ita.jpg","contentUrl":"https:\/\/enercon.it\/wp-content\/uploads\/impianto-aspirazione-nebbie-oleose-tecopress-spa-colosio-ita.jpg","width":900,"height":600},{"@type":"BreadcrumbList","@id":"https:\/\/enercon.it\/de\/download\/#breadcrumb","itemListElement":[{"@type":"ListItem","position":1,"name":"Home","item":"https:\/\/enercon.it\/de\/"},{"@type":"ListItem","position":2,"name":"Download"}]},{"@type":"WebSite","@id":"http:\/\/enercon.it\/zh-hans\/#website","url":"http:\/\/enercon.it\/zh-hans\/","name":"Enercon","description":"Depurazione di inquinanti atmosferici","publisher":{"@id":"http:\/\/enercon.it\/zh-hans\/#organization"},"potentialAction":[{"@type":"SearchAction","target":{"@type":"EntryPoint","urlTemplate":"http:\/\/enercon.it\/zh-hans\/?s={search_term_string}"},"query-input":{"@type":"PropertyValueSpecification","valueRequired":true,"valueName":"search_term_string"}}],"inLanguage":"de"},{"@type":"Organization","@id":"http:\/\/enercon.it\/zh-hans\/#organization","name":"Enercon S.r.l.","url":"http:\/\/enercon.it\/zh-hans\/","logo":{"@type":"ImageObject","inLanguage":"de","@id":"http:\/\/enercon.it\/zh-hans\/#\/schema\/logo\/image\/","url":"https:\/\/enercon.it\/wp-content\/uploads\/2022\/05\/logo-enercon.png","contentUrl":"https:\/\/enercon.it\/wp-content\/uploads\/2022\/05\/logo-enercon.png","width":270,"height":110,"caption":"Enercon S.r.l."},"image":{"@id":"http:\/\/enercon.it\/zh-hans\/#\/schema\/logo\/image\/"}}]}},"_links":{"self":[{"href":"https:\/\/enercon.it\/de\/wp-json\/wp\/v2\/pages\/9874"}],"collection":[{"href":"https:\/\/enercon.it\/de\/wp-json\/wp\/v2\/pages"}],"about":[{"href":"https:\/\/enercon.it\/de\/wp-json\/wp\/v2\/types\/page"}],"author":[{"embeddable":true,"href":"https:\/\/enercon.it\/de\/wp-json\/wp\/v2\/users\/1"}],"replies":[{"embeddable":true,"href":"https:\/\/enercon.it\/de\/wp-json\/wp\/v2\/comments?post=9874"}],"version-history":[{"count":35,"href":"https:\/\/enercon.it\/de\/wp-json\/wp\/v2\/pages\/9874\/revisions"}],"predecessor-version":[{"id":87886,"href":"https:\/\/enercon.it\/de\/wp-json\/wp\/v2\/pages\/9874\/revisions\/87886"}],"wp:featuredmedia":[{"embeddable":true,"href":"https:\/\/enercon.it\/de\/wp-json\/wp\/v2\/media\/8500"}],"wp:attachment":[{"href":"https:\/\/enercon.it\/de\/wp-json\/wp\/v2\/media?parent=9874"}],"curies":[{"name":"wp","href":"https:\/\/api.w.org\/{rel}","templated":true}]}}