{"id":9868,"date":"2022-07-20T09:15:52","date_gmt":"2022-07-20T09:15:52","guid":{"rendered":"https:\/\/enercon.it\/wartung-und-kundendienst\/"},"modified":"2023-01-10T13:39:08","modified_gmt":"2023-01-10T13:39:08","slug":"wartung-und-kundendienst","status":"publish","type":"page","link":"https:\/\/enercon.it\/de\/wartung-und-kundendienst\/","title":{"rendered":"Wartung und Kundendienst"},"content":{"rendered":"<p>[vc_row full_width=&#8220;stretch_row&#8220; pix_padding_top=&#8220;padding No&#8220; pix_padding_bottom=&#8220;padding No&#8220; gradient_colors=&#8220;%5B%7B%7D%5D&#8220; css=&#8220;.vc_custom_1658913718084{padding-top: 150px !important;padding-bottom: 150px !important;background-image: url(https:\/\/enercon.it\/wp-content\/uploads\/servizi-e-manutenzione.jpg?id=6358) !important;background-position: center !important;background-repeat: no-repeat !important;background-size: cover !important;}&#8220;][vc_column][common_title title=&#8220;Wartung und Kundendienst&#8220; color=&#8220;white-heading&#8220;][\/common_title][\/vc_column][\/vc_row][vc_row pix_padding_top=&#8220;padding No&#8220; pix_padding_bottom=&#8220;padding No&#8220; radius=&#8220;pix-rounded&#8220; overflow=&#8220;on&#8220; top_offset=&#8220;-100px&#8220; gradient_colors=&#8220;%5B%7B%7D%5D&#8220; shadow=&#8220;pix-shadow&#8220; shadow_values=&#8220;%5B%7B%22horizontal%22%3A%220%22%2C%22vertical%22%3A%222%22%2C%22blur%22%3A%2210%22%2C%22spread%22%3A%225px%22%2C%22color%22%3A%22%23000000%22%2C%22opacity%22%3A%2210%22%7D%5D&#8220;][vc_column pix_padding_top=&#8220;padding S&#8220; pix_padding_bottom=&#8220;padding S&#8220; gradient_colors=&#8220;%5B%7B%7D%5D&#8220; css=&#8220;.vc_custom_1652800232515{background-color: #ffffff !important;}&#8220;][vc_row_inner content_placement=&#8220;middle&#8220; gap=&#8220;35&#8243; gradient_colors=&#8220;%5B%7B%7D%5D&#8220; el_class=&#8220;swap-on-mobile&#8220;][vc_column_inner width=&#8220;1\/2&#8243;][vc_single_image image=&#8220;6266&#8243; img_size=&#8220;full&#8220;][\/vc_column_inner][vc_column_inner width=&#8220;1\/2&#8243;][vc_column_text]Mit dem Wunsch jedem Kunden bestm\u00f6gliche und individuell gestaltete Dienstleistungen im Bereich der <strong>Industrieanlagen <\/strong>anzubieten, stellt Enercon ihren Kunden Fachkr\u00e4fte f\u00fcr die Montage, den <strong>Service und die Wartung<\/strong> der neuen Anlagen zur Verf\u00fcgung, f\u00fcr die Instandsetzung und Erneuerung vorhandener Anlagen oder in jedem Fall f\u00fcr all jene T\u00e4tigkeiten, bei denen ein f\u00e4higer, fachm\u00e4nnischer und pers\u00f6nlicher Eingriff notwendig ist.<\/p>\n<p>Enercon bietet dank seiner dynamischen, flexiblen und breit gef\u00e4cherten Erfahrung komplette L\u00f6sungen f\u00fcr den Anlagenservice und die Instandhaltung an, die auf individuelle Bed\u00fcrfnisse eingehen und unterschiedliche Anlagenprobleme l\u00f6sen k\u00f6nnen. Um optimale Ergebnisse bei der Probleml\u00f6sung zu erzielen, bietet Enercon gezielte Einzelma\u00dfnahmen sowie j\u00e4hrliche Service- und Wartungsvertr\u00e4ge f\u00fcr Industrieanlagen an (periodische Wartung, planm\u00e4\u00dfige Wartung, vorbeugende Wartung, vorausschauende Wartung, Ausfallwartung).[\/vc_column_text][\/vc_column_inner][\/vc_row_inner][\/vc_column][\/vc_row][vc_row gap=&#8220;35&#8243; gradient_colors=&#8220;%5B%7B%7D%5D&#8220;][vc_column][common_title title=&#8220;Unsere Wartungsdienste&#8220;][\/common_title][vc_row_inner][vc_column_inner width=&#8220;1\/2&#8243;][common_button text=&#8220;Datenblatt Service-Dienstleistungen&#8220; link=&#8220;url:https%3A%2F%2Fenercon.it%2Fwp-content%2Fuploads%2Fdownload%2Fde%2Fscheda-tecnica-assistenza-de.pdf|target:_blank&#8220; size_v=&#8220;pix-v-l&#8220; position=&#8220;pix-text-center&#8220; css=&#8220;.vc_custom_1660118064605{margin-top: 10px !important;margin-bottom: 10px !important;}&#8220;][\/vc_column_inner][vc_column_inner width=&#8220;1\/2&#8243;][common_button text=&#8220;Datenblatt Wartungsdienste&#8220; link=&#8220;url:https%3A%2F%2Fenercon.it%2Fwp-content%2Fuploads%2Fdownload%2Fde%2Fscheda-tecnica-manutenzione-de.pdf|target:_blank&#8220; size_v=&#8220;pix-v-l&#8220; position=&#8220;pix-text-center&#8220; css=&#8220;.vc_custom_1660118103837{margin-top: 10px !important;margin-bottom: 10px !important;}&#8220;][\/vc_column_inner][\/vc_row_inner][\/vc_column][\/vc_row][vc_row full_width=&#8220;stretch_row&#8220; gap=&#8220;5&#8243; content_placement=&#8220;middle&#8220; pix_padding_bottom=&#8220;padding No&#8220; gradient_colors=&#8220;%5B%7B%7D%5D&#8220;][vc_column gradient_colors=&#8220;%5B%7B%7D%5D&#8220; offset=&#8220;vc_hidden-xs&#8220;][common_title title=&#8220;Bl\u00e4ttern Sie in der Galerie&#8220;][\/common_title][vc_media_grid style=&#8220;pagination&#8220; items_per_page=&#8220;4&#8243; element_width=&#8220;3&#8243; gap=&#8220;10&#8243; arrows_design=&#8220;vc_arrow-icon-arrow_01_left&#8220; arrows_position=&#8220;outside&#8220; arrows_color=&#8220;black&#8220; loop=&#8220;yes&#8220; grid_id=&#8220;vc_gid:1673357934795-2085642fc717c9c6d77954f0e463a57c-3&#8243; include=&#8220;6261,6262,6263,6264,6265,6266,6267,6268,6269,6270,6271,6395&#8243;][\/vc_column][\/vc_row][vc_row full_width=&#8220;stretch_row&#8220; gap=&#8220;5&#8243; content_placement=&#8220;middle&#8220; pix_padding_bottom=&#8220;padding No&#8220; gradient_colors=&#8220;%5B%7B%7D%5D&#8220;][vc_column gradient_colors=&#8220;%5B%7B%7D%5D&#8220; offset=&#8220;vc_hidden-lg vc_hidden-md vc_hidden-sm&#8220;][common_title title=&#8220;Bl\u00e4ttern Sie in der Galerie&#8220;][\/common_title][vc_media_grid style=&#8220;pagination&#8220; items_per_page=&#8220;1&#8243; element_width=&#8220;12&#8243; gap=&#8220;10&#8243; arrows_design=&#8220;vc_arrow-icon-arrow_01_left&#8220; arrows_position=&#8220;outside&#8220; arrows_color=&#8220;black&#8220; loop=&#8220;yes&#8220; grid_id=&#8220;vc_gid:1673357934847-2c82db9deaaa64932d91bd36588a1c44-5&#8243; include=&#8220;6261,6262,6263,6264,6265,6266,6267,6268,6269,6270,6271,6395&#8243;][\/vc_column][\/vc_row][vc_row full_width=&#8220;stretch_row&#8220; pix_padding_top=&#8220;padding M&#8220; pix_padding_bottom=&#8220;padding M&#8220; gradient_colors=&#8220;%5B%7B%7D%5D&#8220; pix_padding=&#8220;pix-padding-both&#8220; pix_padding_size=&#8220;pix-padding-xl&#8220; css=&#8220;.vc_custom_1658388978035{background-color: #f7f7f7 !important;}&#8220;][vc_column][common_title title=&#8220;Kontaktieren Sie uns f\u00fcr weitere Informationen.&#8220; padding=&#8220;off&#8220;][\/common_title][common_cform7 form_id=&#8220;1768&#8243; box_gap=&#8220;50&#8243;][\/vc_column][\/vc_row]<\/p>\n","protected":false},"excerpt":{"rendered":"<p>[vc_row full_width=&#8220;stretch_row&#8220; pix_padding_top=&#8220;padding No&#8220; pix_padding_bottom=&#8220;padding No&#8220; gradient_colors=&#8220;%5B%7B%7D%5D&#8220; css=&#8220;.vc_custom_1658913718084{padding-top: 150px !important;padding-bottom: 150px !important;background-image: url(https:\/\/enercon.it\/wp-content\/uploads\/servizi-e-manutenzione.jpg?id=6358) !important;background-position: center !important;background-repeat: no-repeat !important;background-size: cover !important;}&#8220;][vc_column][common_title title=&#8220;Wartung und Kundendienst&#8220; color=&#8220;white-heading&#8220;][\/common_title][\/vc_column][\/vc_row][vc_row pix_padding_top=&#8220;padding No&#8220; pix_padding_bottom=&#8220;padding No&#8220; radius=&#8220;pix-rounded&#8220; overflow=&#8220;on&#8220; top_offset=&#8220;-100px&#8220; gradient_colors=&#8220;%5B%7B%7D%5D&#8220; shadow=&#8220;pix-shadow&#8220; shadow_values=&#8220;%5B%7B%22horizontal%22%3A%220%22%2C%22vertical%22%3A%222%22%2C%22blur%22%3A%2210%22%2C%22spread%22%3A%225px%22%2C%22color%22%3A%22%23000000%22%2C%22opacity%22%3A%2210%22%7D%5D&#8220;][vc_column pix_padding_top=&#8220;padding S&#8220; pix_padding_bottom=&#8220;padding S&#8220; gradient_colors=&#8220;%5B%7B%7D%5D&#8220; css=&#8220;.vc_custom_1652800232515{background-color: #ffffff !important;}&#8220;][vc_row_inner content_placement=&#8220;middle&#8220; gap=&#8220;35&#8243; gradient_colors=&#8220;%5B%7B%7D%5D&#8220; el_class=&#8220;swap-on-mobile&#8220;][vc_column_inner width=&#8220;1\/2&#8243;][vc_single_image image=&#8220;6266&#8243; img_size=&#8220;full&#8220;][\/vc_column_inner][vc_column_inner width=&#8220;1\/2&#8243;][vc_column_text]Mit dem Wunsch jedem Kunden bestm\u00f6gliche [&hellip;]<\/p>\n","protected":false},"author":1,"featured_media":8745,"parent":0,"menu_order":0,"comment_status":"closed","ping_status":"closed","template":"page-home.php","meta":{"inline_featured_image":false,"footnotes":""},"class_list":["post-9868","page","type-page","status-publish","has-post-thumbnail","hentry"],"yoast_head":"<!-- This site is optimized with the Yoast SEO plugin v23.8 - https:\/\/yoast.com\/wordpress\/plugins\/seo\/ -->\n<title>Wartung und Instandhaltung von Industrieanlagen | Enercon<\/title>\n<meta name=\"description\" content=\"Enercon bietet Service-Dienstleistungen im Industrieanlagenbau an. Spezialisierte Arbeitskr\u00e4fte f\u00fcr die Montage und den Kundendienst. Lesen Sie mehr.\" \/>\n<meta name=\"robots\" content=\"index, follow, max-snippet:-1, max-image-preview:large, max-video-preview:-1\" \/>\n<link rel=\"canonical\" href=\"https:\/\/enercon.it\/de\/wartung-und-kundendienst\/\" \/>\n<meta property=\"og:locale\" content=\"de_DE\" \/>\n<meta property=\"og:type\" content=\"article\" \/>\n<meta property=\"og:title\" content=\"Wartung und Instandhaltung von Industrieanlagen | Enercon\" \/>\n<meta property=\"og:description\" content=\"Enercon bietet Service-Dienstleistungen im Industrieanlagenbau an. Spezialisierte Arbeitskr\u00e4fte f\u00fcr die Montage und den Kundendienst. Lesen Sie mehr.\" \/>\n<meta property=\"og:url\" content=\"https:\/\/enercon.it\/de\/wartung-und-kundendienst\/\" \/>\n<meta property=\"og:site_name\" content=\"Enercon\" \/>\n<meta property=\"article:modified_time\" content=\"2023-01-10T13:39:08+00:00\" \/>\n<meta property=\"og:image\" content=\"https:\/\/enercon.it\/wp-content\/uploads\/servizi-e-manutenzione-operai-in-loco.jpg\" \/>\n\t<meta property=\"og:image:width\" content=\"1024\" \/>\n\t<meta property=\"og:image:height\" content=\"768\" \/>\n\t<meta property=\"og:image:type\" content=\"image\/jpeg\" \/>\n<meta name=\"twitter:card\" content=\"summary_large_image\" \/>\n<meta name=\"twitter:label1\" content=\"Gesch\u00e4tzte Lesezeit\" \/>\n\t<meta name=\"twitter:data1\" content=\"3\u00a0Minuten\" \/>\n<script type=\"application\/ld+json\" class=\"yoast-schema-graph\">{\"@context\":\"https:\/\/schema.org\",\"@graph\":[{\"@type\":\"WebPage\",\"@id\":\"https:\/\/enercon.it\/de\/wartung-und-kundendienst\/\",\"url\":\"https:\/\/enercon.it\/de\/wartung-und-kundendienst\/\",\"name\":\"Wartung und Instandhaltung von Industrieanlagen | Enercon\",\"isPartOf\":{\"@id\":\"https:\/\/enercon.it\/#website\"},\"primaryImageOfPage\":{\"@id\":\"https:\/\/enercon.it\/de\/wartung-und-kundendienst\/#primaryimage\"},\"image\":{\"@id\":\"https:\/\/enercon.it\/de\/wartung-und-kundendienst\/#primaryimage\"},\"thumbnailUrl\":\"https:\/\/enercon.it\/wp-content\/uploads\/servizi-e-manutenzione-operai-in-loco.jpg\",\"datePublished\":\"2022-07-20T09:15:52+00:00\",\"dateModified\":\"2023-01-10T13:39:08+00:00\",\"description\":\"Enercon bietet Service-Dienstleistungen im Industrieanlagenbau an. Spezialisierte Arbeitskr\u00e4fte f\u00fcr die Montage und den Kundendienst. Lesen Sie mehr.\",\"breadcrumb\":{\"@id\":\"https:\/\/enercon.it\/de\/wartung-und-kundendienst\/#breadcrumb\"},\"inLanguage\":\"de\",\"potentialAction\":[{\"@type\":\"ReadAction\",\"target\":[\"https:\/\/enercon.it\/de\/wartung-und-kundendienst\/\"]}]},{\"@type\":\"ImageObject\",\"inLanguage\":\"de\",\"@id\":\"https:\/\/enercon.it\/de\/wartung-und-kundendienst\/#primaryimage\",\"url\":\"https:\/\/enercon.it\/wp-content\/uploads\/servizi-e-manutenzione-operai-in-loco.jpg\",\"contentUrl\":\"https:\/\/enercon.it\/wp-content\/uploads\/servizi-e-manutenzione-operai-in-loco.jpg\",\"width\":1024,\"height\":768},{\"@type\":\"BreadcrumbList\",\"@id\":\"https:\/\/enercon.it\/de\/wartung-und-kundendienst\/#breadcrumb\",\"itemListElement\":[{\"@type\":\"ListItem\",\"position\":1,\"name\":\"Home\",\"item\":\"https:\/\/enercon.it\/de\/\"},{\"@type\":\"ListItem\",\"position\":2,\"name\":\"Wartung und Kundendienst\"}]},{\"@type\":\"WebSite\",\"@id\":\"https:\/\/enercon.it\/#website\",\"url\":\"https:\/\/enercon.it\/\",\"name\":\"Enercon\",\"description\":\"Depurazione di inquinanti atmosferici\",\"publisher\":{\"@id\":\"https:\/\/enercon.it\/#organization\"},\"potentialAction\":[{\"@type\":\"SearchAction\",\"target\":{\"@type\":\"EntryPoint\",\"urlTemplate\":\"https:\/\/enercon.it\/?s={search_term_string}\"},\"query-input\":{\"@type\":\"PropertyValueSpecification\",\"valueRequired\":true,\"valueName\":\"search_term_string\"}}],\"inLanguage\":\"de\"},{\"@type\":\"Organization\",\"@id\":\"https:\/\/enercon.it\/#organization\",\"name\":\"Enercon S.r.l.\",\"url\":\"https:\/\/enercon.it\/\",\"logo\":{\"@type\":\"ImageObject\",\"inLanguage\":\"de\",\"@id\":\"https:\/\/enercon.it\/#\/schema\/logo\/image\/\",\"url\":\"https:\/\/enercon.it\/wp-content\/uploads\/2022\/05\/logo-enercon.png\",\"contentUrl\":\"https:\/\/enercon.it\/wp-content\/uploads\/2022\/05\/logo-enercon.png\",\"width\":270,\"height\":110,\"caption\":\"Enercon S.r.l.\"},\"image\":{\"@id\":\"https:\/\/enercon.it\/#\/schema\/logo\/image\/\"}}]}<\/script>\n<!-- \/ Yoast SEO plugin. -->","yoast_head_json":{"title":"Wartung und Instandhaltung von Industrieanlagen | Enercon","description":"Enercon bietet Service-Dienstleistungen im Industrieanlagenbau an. Spezialisierte Arbeitskr\u00e4fte f\u00fcr die Montage und den Kundendienst. Lesen Sie mehr.","robots":{"index":"index","follow":"follow","max-snippet":"max-snippet:-1","max-image-preview":"max-image-preview:large","max-video-preview":"max-video-preview:-1"},"canonical":"https:\/\/enercon.it\/de\/wartung-und-kundendienst\/","og_locale":"de_DE","og_type":"article","og_title":"Wartung und Instandhaltung von Industrieanlagen | Enercon","og_description":"Enercon bietet Service-Dienstleistungen im Industrieanlagenbau an. Spezialisierte Arbeitskr\u00e4fte f\u00fcr die Montage und den Kundendienst. Lesen Sie mehr.","og_url":"https:\/\/enercon.it\/de\/wartung-und-kundendienst\/","og_site_name":"Enercon","article_modified_time":"2023-01-10T13:39:08+00:00","og_image":[{"width":1024,"height":768,"url":"https:\/\/enercon.it\/wp-content\/uploads\/servizi-e-manutenzione-operai-in-loco.jpg","type":"image\/jpeg"}],"twitter_card":"summary_large_image","twitter_misc":{"Gesch\u00e4tzte Lesezeit":"3\u00a0Minuten"},"schema":{"@context":"https:\/\/schema.org","@graph":[{"@type":"WebPage","@id":"https:\/\/enercon.it\/de\/wartung-und-kundendienst\/","url":"https:\/\/enercon.it\/de\/wartung-und-kundendienst\/","name":"Wartung und Instandhaltung von Industrieanlagen | Enercon","isPartOf":{"@id":"https:\/\/enercon.it\/#website"},"primaryImageOfPage":{"@id":"https:\/\/enercon.it\/de\/wartung-und-kundendienst\/#primaryimage"},"image":{"@id":"https:\/\/enercon.it\/de\/wartung-und-kundendienst\/#primaryimage"},"thumbnailUrl":"https:\/\/enercon.it\/wp-content\/uploads\/servizi-e-manutenzione-operai-in-loco.jpg","datePublished":"2022-07-20T09:15:52+00:00","dateModified":"2023-01-10T13:39:08+00:00","description":"Enercon bietet Service-Dienstleistungen im Industrieanlagenbau an. Spezialisierte Arbeitskr\u00e4fte f\u00fcr die Montage und den Kundendienst. Lesen Sie mehr.","breadcrumb":{"@id":"https:\/\/enercon.it\/de\/wartung-und-kundendienst\/#breadcrumb"},"inLanguage":"de","potentialAction":[{"@type":"ReadAction","target":["https:\/\/enercon.it\/de\/wartung-und-kundendienst\/"]}]},{"@type":"ImageObject","inLanguage":"de","@id":"https:\/\/enercon.it\/de\/wartung-und-kundendienst\/#primaryimage","url":"https:\/\/enercon.it\/wp-content\/uploads\/servizi-e-manutenzione-operai-in-loco.jpg","contentUrl":"https:\/\/enercon.it\/wp-content\/uploads\/servizi-e-manutenzione-operai-in-loco.jpg","width":1024,"height":768},{"@type":"BreadcrumbList","@id":"https:\/\/enercon.it\/de\/wartung-und-kundendienst\/#breadcrumb","itemListElement":[{"@type":"ListItem","position":1,"name":"Home","item":"https:\/\/enercon.it\/de\/"},{"@type":"ListItem","position":2,"name":"Wartung und Kundendienst"}]},{"@type":"WebSite","@id":"https:\/\/enercon.it\/#website","url":"https:\/\/enercon.it\/","name":"Enercon","description":"Depurazione di inquinanti atmosferici","publisher":{"@id":"https:\/\/enercon.it\/#organization"},"potentialAction":[{"@type":"SearchAction","target":{"@type":"EntryPoint","urlTemplate":"https:\/\/enercon.it\/?s={search_term_string}"},"query-input":{"@type":"PropertyValueSpecification","valueRequired":true,"valueName":"search_term_string"}}],"inLanguage":"de"},{"@type":"Organization","@id":"https:\/\/enercon.it\/#organization","name":"Enercon S.r.l.","url":"https:\/\/enercon.it\/","logo":{"@type":"ImageObject","inLanguage":"de","@id":"https:\/\/enercon.it\/#\/schema\/logo\/image\/","url":"https:\/\/enercon.it\/wp-content\/uploads\/2022\/05\/logo-enercon.png","contentUrl":"https:\/\/enercon.it\/wp-content\/uploads\/2022\/05\/logo-enercon.png","width":270,"height":110,"caption":"Enercon S.r.l."},"image":{"@id":"https:\/\/enercon.it\/#\/schema\/logo\/image\/"}}]}},"_links":{"self":[{"href":"https:\/\/enercon.it\/de\/wp-json\/wp\/v2\/pages\/9868"}],"collection":[{"href":"https:\/\/enercon.it\/de\/wp-json\/wp\/v2\/pages"}],"about":[{"href":"https:\/\/enercon.it\/de\/wp-json\/wp\/v2\/types\/page"}],"author":[{"embeddable":true,"href":"https:\/\/enercon.it\/de\/wp-json\/wp\/v2\/users\/1"}],"replies":[{"embeddable":true,"href":"https:\/\/enercon.it\/de\/wp-json\/wp\/v2\/comments?post=9868"}],"version-history":[{"count":5,"href":"https:\/\/enercon.it\/de\/wp-json\/wp\/v2\/pages\/9868\/revisions"}],"predecessor-version":[{"id":10309,"href":"https:\/\/enercon.it\/de\/wp-json\/wp\/v2\/pages\/9868\/revisions\/10309"}],"wp:featuredmedia":[{"embeddable":true,"href":"https:\/\/enercon.it\/de\/wp-json\/wp\/v2\/media\/8745"}],"wp:attachment":[{"href":"https:\/\/enercon.it\/de\/wp-json\/wp\/v2\/media?parent=9868"}],"curies":[{"name":"wp","href":"https:\/\/api.w.org\/{rel}","templated":true}]}}