{"id":9865,"date":"2022-07-20T08:01:09","date_gmt":"2022-07-20T08:01:09","guid":{"rendered":"https:\/\/enercon.it\/technische-ausruestung-und-spezialanwendungen-fuer-die-industrie\/"},"modified":"2022-12-09T11:31:56","modified_gmt":"2022-12-09T11:31:56","slug":"technische-ausruestung-und-spezialanwendungen-fuer-die-industrie","status":"publish","type":"page","link":"https:\/\/enercon.it\/de\/technische-ausruestung-und-spezialanwendungen-fuer-die-industrie\/","title":{"rendered":"Technische Ausr\u00fcstung und Spezialanwendungen f\u00fcr die Industrie"},"content":{"rendered":"<p>[vc_row full_width=&#8220;stretch_row&#8220; pix_padding_top=&#8220;padding No&#8220; pix_padding_bottom=&#8220;padding No&#8220; gradient_colors=&#8220;%5B%7B%7D%5D&#8220; css=&#8220;.vc_custom_1658388370060{padding-top: 150px !important;padding-bottom: 150px !important;background-image: url(https:\/\/enercon.it\/wp-content\/uploads\/applicazioni-speciali-background.jpg?id=6239) !important;background-position: center !important;background-repeat: no-repeat !important;background-size: cover !important;}&#8220;][vc_column][common_title title=&#8220;Technische Ausr\u00fcstung und Spezialanwendungen f\u00fcr die Industrie&#8220; color=&#8220;white-heading&#8220;][\/common_title][\/vc_column][\/vc_row][vc_row pix_padding_top=&#8220;padding No&#8220; pix_padding_bottom=&#8220;padding No&#8220; radius=&#8220;pix-rounded&#8220; overflow=&#8220;on&#8220; top_offset=&#8220;-100px&#8220; gradient_colors=&#8220;%5B%7B%7D%5D&#8220; shadow=&#8220;pix-shadow&#8220; shadow_values=&#8220;%5B%7B%22horizontal%22%3A%220%22%2C%22vertical%22%3A%222%22%2C%22blur%22%3A%2210%22%2C%22spread%22%3A%225px%22%2C%22color%22%3A%22%23000000%22%2C%22opacity%22%3A%2210%22%7D%5D&#8220;][vc_column pix_padding_top=&#8220;padding S&#8220; pix_padding_bottom=&#8220;padding S&#8220; gradient_colors=&#8220;%5B%7B%7D%5D&#8220; css=&#8220;.vc_custom_1652800232515{background-color: #ffffff !important;}&#8220;][vc_row_inner content_placement=&#8220;middle&#8220; gap=&#8220;35&#8243; gradient_colors=&#8220;%5B%7B%7D%5D&#8220; el_class=&#8220;swap-on-mobile&#8220;][vc_column_inner width=&#8220;1\/2&#8243; css=&#8220;.vc_custom_1668675827730{padding-top: 30px !important;}&#8220;][vc_single_image image=&#8220;6248&#8243; img_size=&#8220;full&#8220;][\/vc_column_inner][vc_column_inner width=&#8220;1\/2&#8243;][vc_column_text]Dank der Diversifizierung ihrer Aktivit\u00e4ten und der Eingriffsbereiche, ist Enercon in der Lage eine \u00e4u\u00dferst breite Palette von <strong>Anlagen und Sonderanwendungen<\/strong> zu empfehlen, entwickeln und realisieren, die der Kunde ben\u00f6tigen k\u00f6nnte. Mit Sonderanwendungen meinen wir die besonderen Ger\u00e4te und Systeme, die die Anwendung von unterschiedlichen Anlagentechnologien vorsehen und nicht einer bestimmten Branche zugeschrieben werden k\u00f6nnen. Enercon ist in der Lage, dank seines Teams von Fachleuten und Industriearbeitern, die auf die besonderen Anlagen- und Produktionsanforderungen des Kunden eingehen, <strong>spezifische und ma\u00dfgeschneiderte L\u00f6sungen<\/strong> anzubieten.[\/vc_column_text][\/vc_column_inner][\/vc_row_inner][\/vc_column][\/vc_row][vc_row gap=&#8220;35&#8243; gradient_colors=&#8220;%5B%7B%7D%5D&#8220;][vc_column width=&#8220;1\/2&#8243;][common_title title=&#8220;Technische Ausr\u00fcstung und spezielle Anwendungen&#8220; position=&#8220;text-left&#8220;][\/common_title][common_icon_box icon_type=&#8220;font&#8220; icon_pixfontawesome=&#8220;fa fa-check&#8220; icon_size=&#8220;pix-icon-s&#8220; title=&#8220;Pfannen f\u00fcr Nichteisenwerkstoffe&#8220; css=&#8220;.vc_custom_1658305343176{padding-bottom: 10px !important;}&#8220;][\/common_icon_box][common_icon_box icon_type=&#8220;font&#8220; icon_pixfontawesome=&#8220;fa fa-check&#8220; icon_size=&#8220;pix-icon-s&#8220; title=&#8220;Pfannenwagen f\u00fcr Nichteisenmetalle&#8220; css=&#8220;.vc_custom_1658305354610{padding-bottom: 10px !important;}&#8220;][\/common_icon_box][common_icon_box icon_type=&#8220;font&#8220; icon_pixfontawesome=&#8220;fa fa-check&#8220; icon_size=&#8220;pix-icon-s&#8220; title=&#8220;Sandfilter&#8220; css=&#8220;.vc_custom_1658305366958{padding-bottom: 10px !important;}&#8220;][\/common_icon_box][common_icon_box icon_type=&#8220;font&#8220; icon_pixfontawesome=&#8220;fa fa-check&#8220; icon_size=&#8220;pix-icon-s&#8220; title=&#8220;Schallschutzsysteme (Schallschutzkabinen f\u00fcr Ventilatoren und Schornsteinschalld\u00e4mpfer)&#8220; css=&#8220;.vc_custom_1658305420636{padding-bottom: 10px !important;}&#8220;][\/common_icon_box][\/vc_column][vc_column width=&#8220;1\/2&#8243;][common_title title=&#8220;Technisches Datenblatt herunterladen&#8220;][\/common_title][common_button text=&#8220;Technisches Datenblatt Besondere Anwendungen&#8220; link=&#8220;url:https%3A%2F%2Fenercon.it%2Fwp-content%2Fuploads%2Fdownload%2Fde%2Fscheda-tecnica-applicazioni-de.pdf?|target:_blank&#8220; size_v=&#8220;pix-v-l&#8220; position=&#8220;pix-text-center&#8220; css=&#8220;.vc_custom_1658307260676{margin-top: 10px !important;margin-bottom: 10px !important;}&#8220;][\/vc_column][\/vc_row][vc_row full_width=&#8220;stretch_row&#8220; pix_padding_top=&#8220;padding M&#8220; pix_padding_bottom=&#8220;padding M&#8220; gradient_colors=&#8220;%5B%7B%7D%5D&#8220; el_class=&#8220;titolo-bianco negativo&#8220; css=&#8220;.vc_custom_1660119505969{background-color: #00507e !important;}&#8220;][vc_column][common_title title=&#8220;Unsere Vorzeigeprodukte&#8220; position=&#8220;text-left&#8220;][\/common_title][vc_row_inner gradient_colors=&#8220;%5B%7B%7D%5D&#8220;][vc_column_inner width=&#8220;2\/3&#8243;][vc_column_text]<strong style=\"font-size: 25px;\">Core Cooling<\/strong>: die endg\u00fcltige L\u00f6sung des Klebens in der Form und der Mikroporosit\u00e4t des Werkst\u00fccks[\/vc_column_text][\/vc_column_inner][vc_column_inner width=&#8220;1\/3&#8243;][common_button text=&#8220;Technisches Datenblatt Core Cooling&#8220; link=&#8220;url:https%3A%2F%2Fenercon.it%2Fwp-content%2Fuploads%2Fdownload%2Fde%2Fcore-cooling-de.pdf|title:Test|target:_blank&#8220; button_type=&#8220;on&#8220; color=&#8220;pix-light&#8220; position=&#8220;pix-text-center&#8220;][\/vc_column_inner][\/vc_row_inner][vc_row_inner gradient_colors=&#8220;%5B%7B%7D%5D&#8220; css=&#8220;.vc_custom_1668676091779{padding-top: 50px !important;}&#8220;][vc_column_inner width=&#8220;2\/3&#8243;][vc_column_text]<strong style=\"font-size: 25px;\">Deposit Mix<\/strong>: System zur Vorbereitung und Kontrolle des Trennmittels[\/vc_column_text][\/vc_column_inner][vc_column_inner width=&#8220;1\/3&#8243;][common_button text=&#8220;Technisches Datenblatt Deposit Mix&#8220; link=&#8220;url:https%3A%2F%2Fenercon.it%2Fwp-content%2Fuploads%2Fdownload%2Fde%2Fdiposit-mix-de.pdf|title:Test|target:_blank&#8220; button_type=&#8220;on&#8220; color=&#8220;pix-light&#8220; position=&#8220;pix-text-center&#8220;][\/vc_column_inner][\/vc_row_inner][\/vc_column][\/vc_row][vc_row full_width=&#8220;stretch_row&#8220; gap=&#8220;5&#8243; content_placement=&#8220;middle&#8220; pix_padding_bottom=&#8220;padding No&#8220; gradient_colors=&#8220;%5B%7B%7D%5D&#8220;][vc_column gradient_colors=&#8220;%5B%7B%7D%5D&#8220; offset=&#8220;vc_hidden-xs&#8220;][common_title title=&#8220;Bl\u00e4ttern Sie in der Galerie&#8220;][\/common_title][vc_media_grid style=&#8220;pagination&#8220; items_per_page=&#8220;4&#8243; element_width=&#8220;3&#8243; gap=&#8220;10&#8243; arrows_design=&#8220;vc_arrow-icon-arrow_01_left&#8220; arrows_position=&#8220;outside&#8220; arrows_color=&#8220;black&#8220; loop=&#8220;yes&#8220; grid_id=&#8220;vc_gid:1668676028111-eea847bf-8e87-6&#8243; include=&#8220;6240,6241,6242,6243,6244,6245,6246,6247&#8243;][\/vc_column][\/vc_row][vc_row full_width=&#8220;stretch_row&#8220; gap=&#8220;5&#8243; content_placement=&#8220;middle&#8220; pix_padding_bottom=&#8220;padding No&#8220; gradient_colors=&#8220;%5B%7B%7D%5D&#8220;][vc_column gradient_colors=&#8220;%5B%7B%7D%5D&#8220; offset=&#8220;vc_hidden-lg vc_hidden-md vc_hidden-sm&#8220;][common_title title=&#8220;Bl\u00e4ttern Sie in der Galerie&#8220;][\/common_title][vc_media_grid style=&#8220;pagination&#8220; items_per_page=&#8220;1&#8243; element_width=&#8220;12&#8243; gap=&#8220;10&#8243; arrows_design=&#8220;vc_arrow-icon-arrow_01_left&#8220; arrows_position=&#8220;outside&#8220; arrows_color=&#8220;black&#8220; loop=&#8220;yes&#8220; grid_id=&#8220;vc_gid:1668676028120-21ad5c44-d8f1-4&#8243; include=&#8220;6240,6241,6242,6243,6244,6245,6246,6247&#8243;][\/vc_column][\/vc_row][vc_row full_width=&#8220;stretch_row&#8220; pix_padding_top=&#8220;padding M&#8220; pix_padding_bottom=&#8220;padding M&#8220; gradient_colors=&#8220;%5B%7B%7D%5D&#8220; pix_padding=&#8220;pix-padding-both&#8220; pix_padding_size=&#8220;pix-padding-xl&#8220; css=&#8220;.vc_custom_1658388941146{background-color: #f7f7f7 !important;}&#8220;][vc_column][common_title title=&#8220;Kontaktieren Sie uns f\u00fcr weitere Informationen.&#8220; padding=&#8220;off&#8220;][\/common_title][common_cform7 form_id=&#8220;1768&#8243; box_gap=&#8220;50&#8243;][\/vc_column][\/vc_row]<\/p>\n","protected":false},"excerpt":{"rendered":"<p>[vc_row full_width=&#8220;stretch_row&#8220; pix_padding_top=&#8220;padding No&#8220; pix_padding_bottom=&#8220;padding No&#8220; gradient_colors=&#8220;%5B%7B%7D%5D&#8220; css=&#8220;.vc_custom_1658388370060{padding-top: 150px !important;padding-bottom: 150px !important;background-image: url(https:\/\/enercon.it\/wp-content\/uploads\/applicazioni-speciali-background.jpg?id=6239) !important;background-position: center !important;background-repeat: no-repeat !important;background-size: cover !important;}&#8220;][vc_column][common_title title=&#8220;Technische Ausr\u00fcstung und Spezialanwendungen f\u00fcr die Industrie&#8220; color=&#8220;white-heading&#8220;][\/common_title][\/vc_column][\/vc_row][vc_row pix_padding_top=&#8220;padding No&#8220; pix_padding_bottom=&#8220;padding No&#8220; radius=&#8220;pix-rounded&#8220; overflow=&#8220;on&#8220; top_offset=&#8220;-100px&#8220; gradient_colors=&#8220;%5B%7B%7D%5D&#8220; shadow=&#8220;pix-shadow&#8220; shadow_values=&#8220;%5B%7B%22horizontal%22%3A%220%22%2C%22vertical%22%3A%222%22%2C%22blur%22%3A%2210%22%2C%22spread%22%3A%225px%22%2C%22color%22%3A%22%23000000%22%2C%22opacity%22%3A%2210%22%7D%5D&#8220;][vc_column pix_padding_top=&#8220;padding S&#8220; pix_padding_bottom=&#8220;padding S&#8220; gradient_colors=&#8220;%5B%7B%7D%5D&#8220; css=&#8220;.vc_custom_1652800232515{background-color: #ffffff !important;}&#8220;][vc_row_inner content_placement=&#8220;middle&#8220; gap=&#8220;35&#8243; gradient_colors=&#8220;%5B%7B%7D%5D&#8220; el_class=&#8220;swap-on-mobile&#8220;][vc_column_inner width=&#8220;1\/2&#8243; css=&#8220;.vc_custom_1668675827730{padding-top: 30px !important;}&#8220;][vc_single_image image=&#8220;6248&#8243; [&hellip;]<\/p>\n","protected":false},"author":1,"featured_media":8715,"parent":0,"menu_order":0,"comment_status":"closed","ping_status":"closed","template":"page-home.php","meta":{"inline_featured_image":false,"footnotes":""},"class_list":["post-9865","page","type-page","status-publish","has-post-thumbnail","hentry"],"yoast_head":"<!-- This site is optimized with the Yoast SEO plugin v23.8 - https:\/\/yoast.com\/wordpress\/plugins\/seo\/ -->\n<title>Technische Ausr\u00fcstung f\u00fcr die Industrie | Enercon<\/title>\n<meta name=\"description\" content=\"Enercon entwirft und fertigt spezielle Industrieanlagen und -systeme. Enercon bietet dank seines Expertenteams ma\u00dfgeschneiderte L\u00f6sungen. Erfahren Sie mehr.\" \/>\n<meta name=\"robots\" content=\"index, follow, max-snippet:-1, max-image-preview:large, max-video-preview:-1\" \/>\n<link rel=\"canonical\" href=\"https:\/\/enercon.it\/de\/technische-ausruestung-und-spezialanwendungen-fuer-die-industrie\/\" \/>\n<meta property=\"og:locale\" content=\"de_DE\" \/>\n<meta property=\"og:type\" content=\"article\" \/>\n<meta property=\"og:title\" content=\"Technische Ausr\u00fcstung f\u00fcr die Industrie | Enercon\" \/>\n<meta property=\"og:description\" content=\"Enercon entwirft und fertigt spezielle Industrieanlagen und -systeme. Enercon bietet dank seines Expertenteams ma\u00dfgeschneiderte L\u00f6sungen. Erfahren Sie mehr.\" \/>\n<meta property=\"og:url\" content=\"https:\/\/enercon.it\/de\/technische-ausruestung-und-spezialanwendungen-fuer-die-industrie\/\" \/>\n<meta property=\"og:site_name\" content=\"Enercon\" \/>\n<meta property=\"article:modified_time\" content=\"2022-12-09T11:31:56+00:00\" \/>\n<meta property=\"og:image\" content=\"https:\/\/enercon.it\/wp-content\/uploads\/attrezzature-tecniche-applicazioni-speciali-siviera-mobile-automatica-teknia-spagna.jpg\" \/>\n\t<meta property=\"og:image:width\" content=\"900\" \/>\n\t<meta property=\"og:image:height\" content=\"600\" \/>\n\t<meta property=\"og:image:type\" content=\"image\/jpeg\" \/>\n<meta name=\"twitter:card\" content=\"summary_large_image\" \/>\n<meta name=\"twitter:label1\" content=\"Gesch\u00e4tzte Lesezeit\" \/>\n\t<meta name=\"twitter:data1\" content=\"5\u00a0Minuten\" \/>\n<script type=\"application\/ld+json\" class=\"yoast-schema-graph\">{\"@context\":\"https:\/\/schema.org\",\"@graph\":[{\"@type\":\"WebPage\",\"@id\":\"https:\/\/enercon.it\/de\/technische-ausruestung-und-spezialanwendungen-fuer-die-industrie\/\",\"url\":\"https:\/\/enercon.it\/de\/technische-ausruestung-und-spezialanwendungen-fuer-die-industrie\/\",\"name\":\"Technische Ausr\u00fcstung f\u00fcr die Industrie | Enercon\",\"isPartOf\":{\"@id\":\"https:\/\/enercon.it\/#website\"},\"primaryImageOfPage\":{\"@id\":\"https:\/\/enercon.it\/de\/technische-ausruestung-und-spezialanwendungen-fuer-die-industrie\/#primaryimage\"},\"image\":{\"@id\":\"https:\/\/enercon.it\/de\/technische-ausruestung-und-spezialanwendungen-fuer-die-industrie\/#primaryimage\"},\"thumbnailUrl\":\"https:\/\/enercon.it\/wp-content\/uploads\/attrezzature-tecniche-applicazioni-speciali-siviera-mobile-automatica-teknia-spagna.jpg\",\"datePublished\":\"2022-07-20T08:01:09+00:00\",\"dateModified\":\"2022-12-09T11:31:56+00:00\",\"description\":\"Enercon entwirft und fertigt spezielle Industrieanlagen und -systeme. Enercon bietet dank seines Expertenteams ma\u00dfgeschneiderte L\u00f6sungen. Erfahren Sie mehr.\",\"breadcrumb\":{\"@id\":\"https:\/\/enercon.it\/de\/technische-ausruestung-und-spezialanwendungen-fuer-die-industrie\/#breadcrumb\"},\"inLanguage\":\"de\",\"potentialAction\":[{\"@type\":\"ReadAction\",\"target\":[\"https:\/\/enercon.it\/de\/technische-ausruestung-und-spezialanwendungen-fuer-die-industrie\/\"]}]},{\"@type\":\"ImageObject\",\"inLanguage\":\"de\",\"@id\":\"https:\/\/enercon.it\/de\/technische-ausruestung-und-spezialanwendungen-fuer-die-industrie\/#primaryimage\",\"url\":\"https:\/\/enercon.it\/wp-content\/uploads\/attrezzature-tecniche-applicazioni-speciali-siviera-mobile-automatica-teknia-spagna.jpg\",\"contentUrl\":\"https:\/\/enercon.it\/wp-content\/uploads\/attrezzature-tecniche-applicazioni-speciali-siviera-mobile-automatica-teknia-spagna.jpg\",\"width\":900,\"height\":600},{\"@type\":\"BreadcrumbList\",\"@id\":\"https:\/\/enercon.it\/de\/technische-ausruestung-und-spezialanwendungen-fuer-die-industrie\/#breadcrumb\",\"itemListElement\":[{\"@type\":\"ListItem\",\"position\":1,\"name\":\"Home\",\"item\":\"https:\/\/enercon.it\/de\/\"},{\"@type\":\"ListItem\",\"position\":2,\"name\":\"Technische Ausr\u00fcstung und Spezialanwendungen f\u00fcr die Industrie\"}]},{\"@type\":\"WebSite\",\"@id\":\"https:\/\/enercon.it\/#website\",\"url\":\"https:\/\/enercon.it\/\",\"name\":\"Enercon\",\"description\":\"Depurazione di inquinanti atmosferici\",\"publisher\":{\"@id\":\"https:\/\/enercon.it\/#organization\"},\"potentialAction\":[{\"@type\":\"SearchAction\",\"target\":{\"@type\":\"EntryPoint\",\"urlTemplate\":\"https:\/\/enercon.it\/?s={search_term_string}\"},\"query-input\":{\"@type\":\"PropertyValueSpecification\",\"valueRequired\":true,\"valueName\":\"search_term_string\"}}],\"inLanguage\":\"de\"},{\"@type\":\"Organization\",\"@id\":\"https:\/\/enercon.it\/#organization\",\"name\":\"Enercon S.r.l.\",\"url\":\"https:\/\/enercon.it\/\",\"logo\":{\"@type\":\"ImageObject\",\"inLanguage\":\"de\",\"@id\":\"https:\/\/enercon.it\/#\/schema\/logo\/image\/\",\"url\":\"https:\/\/enercon.it\/wp-content\/uploads\/2022\/05\/logo-enercon.png\",\"contentUrl\":\"https:\/\/enercon.it\/wp-content\/uploads\/2022\/05\/logo-enercon.png\",\"width\":270,\"height\":110,\"caption\":\"Enercon S.r.l.\"},\"image\":{\"@id\":\"https:\/\/enercon.it\/#\/schema\/logo\/image\/\"}}]}<\/script>\n<!-- \/ Yoast SEO plugin. -->","yoast_head_json":{"title":"Technische Ausr\u00fcstung f\u00fcr die Industrie | Enercon","description":"Enercon entwirft und fertigt spezielle Industrieanlagen und -systeme. Enercon bietet dank seines Expertenteams ma\u00dfgeschneiderte L\u00f6sungen. Erfahren Sie mehr.","robots":{"index":"index","follow":"follow","max-snippet":"max-snippet:-1","max-image-preview":"max-image-preview:large","max-video-preview":"max-video-preview:-1"},"canonical":"https:\/\/enercon.it\/de\/technische-ausruestung-und-spezialanwendungen-fuer-die-industrie\/","og_locale":"de_DE","og_type":"article","og_title":"Technische Ausr\u00fcstung f\u00fcr die Industrie | Enercon","og_description":"Enercon entwirft und fertigt spezielle Industrieanlagen und -systeme. Enercon bietet dank seines Expertenteams ma\u00dfgeschneiderte L\u00f6sungen. Erfahren Sie mehr.","og_url":"https:\/\/enercon.it\/de\/technische-ausruestung-und-spezialanwendungen-fuer-die-industrie\/","og_site_name":"Enercon","article_modified_time":"2022-12-09T11:31:56+00:00","og_image":[{"width":900,"height":600,"url":"https:\/\/enercon.it\/wp-content\/uploads\/attrezzature-tecniche-applicazioni-speciali-siviera-mobile-automatica-teknia-spagna.jpg","type":"image\/jpeg"}],"twitter_card":"summary_large_image","twitter_misc":{"Gesch\u00e4tzte Lesezeit":"5\u00a0Minuten"},"schema":{"@context":"https:\/\/schema.org","@graph":[{"@type":"WebPage","@id":"https:\/\/enercon.it\/de\/technische-ausruestung-und-spezialanwendungen-fuer-die-industrie\/","url":"https:\/\/enercon.it\/de\/technische-ausruestung-und-spezialanwendungen-fuer-die-industrie\/","name":"Technische Ausr\u00fcstung f\u00fcr die Industrie | Enercon","isPartOf":{"@id":"https:\/\/enercon.it\/#website"},"primaryImageOfPage":{"@id":"https:\/\/enercon.it\/de\/technische-ausruestung-und-spezialanwendungen-fuer-die-industrie\/#primaryimage"},"image":{"@id":"https:\/\/enercon.it\/de\/technische-ausruestung-und-spezialanwendungen-fuer-die-industrie\/#primaryimage"},"thumbnailUrl":"https:\/\/enercon.it\/wp-content\/uploads\/attrezzature-tecniche-applicazioni-speciali-siviera-mobile-automatica-teknia-spagna.jpg","datePublished":"2022-07-20T08:01:09+00:00","dateModified":"2022-12-09T11:31:56+00:00","description":"Enercon entwirft und fertigt spezielle Industrieanlagen und -systeme. Enercon bietet dank seines Expertenteams ma\u00dfgeschneiderte L\u00f6sungen. Erfahren Sie mehr.","breadcrumb":{"@id":"https:\/\/enercon.it\/de\/technische-ausruestung-und-spezialanwendungen-fuer-die-industrie\/#breadcrumb"},"inLanguage":"de","potentialAction":[{"@type":"ReadAction","target":["https:\/\/enercon.it\/de\/technische-ausruestung-und-spezialanwendungen-fuer-die-industrie\/"]}]},{"@type":"ImageObject","inLanguage":"de","@id":"https:\/\/enercon.it\/de\/technische-ausruestung-und-spezialanwendungen-fuer-die-industrie\/#primaryimage","url":"https:\/\/enercon.it\/wp-content\/uploads\/attrezzature-tecniche-applicazioni-speciali-siviera-mobile-automatica-teknia-spagna.jpg","contentUrl":"https:\/\/enercon.it\/wp-content\/uploads\/attrezzature-tecniche-applicazioni-speciali-siviera-mobile-automatica-teknia-spagna.jpg","width":900,"height":600},{"@type":"BreadcrumbList","@id":"https:\/\/enercon.it\/de\/technische-ausruestung-und-spezialanwendungen-fuer-die-industrie\/#breadcrumb","itemListElement":[{"@type":"ListItem","position":1,"name":"Home","item":"https:\/\/enercon.it\/de\/"},{"@type":"ListItem","position":2,"name":"Technische Ausr\u00fcstung und Spezialanwendungen f\u00fcr die Industrie"}]},{"@type":"WebSite","@id":"https:\/\/enercon.it\/#website","url":"https:\/\/enercon.it\/","name":"Enercon","description":"Depurazione di inquinanti atmosferici","publisher":{"@id":"https:\/\/enercon.it\/#organization"},"potentialAction":[{"@type":"SearchAction","target":{"@type":"EntryPoint","urlTemplate":"https:\/\/enercon.it\/?s={search_term_string}"},"query-input":{"@type":"PropertyValueSpecification","valueRequired":true,"valueName":"search_term_string"}}],"inLanguage":"de"},{"@type":"Organization","@id":"https:\/\/enercon.it\/#organization","name":"Enercon S.r.l.","url":"https:\/\/enercon.it\/","logo":{"@type":"ImageObject","inLanguage":"de","@id":"https:\/\/enercon.it\/#\/schema\/logo\/image\/","url":"https:\/\/enercon.it\/wp-content\/uploads\/2022\/05\/logo-enercon.png","contentUrl":"https:\/\/enercon.it\/wp-content\/uploads\/2022\/05\/logo-enercon.png","width":270,"height":110,"caption":"Enercon S.r.l."},"image":{"@id":"https:\/\/enercon.it\/#\/schema\/logo\/image\/"}}]}},"_links":{"self":[{"href":"https:\/\/enercon.it\/de\/wp-json\/wp\/v2\/pages\/9865"}],"collection":[{"href":"https:\/\/enercon.it\/de\/wp-json\/wp\/v2\/pages"}],"about":[{"href":"https:\/\/enercon.it\/de\/wp-json\/wp\/v2\/types\/page"}],"author":[{"embeddable":true,"href":"https:\/\/enercon.it\/de\/wp-json\/wp\/v2\/users\/1"}],"replies":[{"embeddable":true,"href":"https:\/\/enercon.it\/de\/wp-json\/wp\/v2\/comments?post=9865"}],"version-history":[{"count":6,"href":"https:\/\/enercon.it\/de\/wp-json\/wp\/v2\/pages\/9865\/revisions"}],"predecessor-version":[{"id":10246,"href":"https:\/\/enercon.it\/de\/wp-json\/wp\/v2\/pages\/9865\/revisions\/10246"}],"wp:featuredmedia":[{"embeddable":true,"href":"https:\/\/enercon.it\/de\/wp-json\/wp\/v2\/media\/8715"}],"wp:attachment":[{"href":"https:\/\/enercon.it\/de\/wp-json\/wp\/v2\/media?parent=9865"}],"curies":[{"name":"wp","href":"https:\/\/api.w.org\/{rel}","templated":true}]}}