{"id":9862,"date":"2022-07-19T14:56:54","date_gmt":"2022-07-19T14:56:54","guid":{"rendered":"https:\/\/enercon.it\/luftreinigungssystem\/"},"modified":"2023-01-10T13:38:29","modified_gmt":"2023-01-10T13:38:29","slug":"luftreinigungssystem","status":"publish","type":"page","link":"https:\/\/enercon.it\/de\/luftreinigungssystem\/","title":{"rendered":"Luftreinigungssystem"},"content":{"rendered":"<p>[vc_row full_width=&#8220;stretch_row&#8220; pix_padding_top=&#8220;padding No&#8220; pix_padding_bottom=&#8220;padding No&#8220; gradient_colors=&#8220;%5B%7B%7D%5D&#8220; css=&#8220;.vc_custom_1658913073932{padding-top: 150px !important;padding-bottom: 150px !important;background-image: url(https:\/\/enercon.it\/wp-content\/uploads\/impianti-e-sistemi-sanificazione-aria-copia.jpg?id=6354) !important;background-position: center !important;background-repeat: no-repeat !important;background-size: cover !important;}&#8220;][vc_column][common_title title=&#8220;Luftreinigungssystem&#8220; color=&#8220;white-heading&#8220;][\/common_title][\/vc_column][\/vc_row][vc_row pix_padding_top=&#8220;padding No&#8220; pix_padding_bottom=&#8220;padding No&#8220; radius=&#8220;pix-rounded&#8220; overflow=&#8220;on&#8220; top_offset=&#8220;-100px&#8220; gradient_colors=&#8220;%5B%7B%7D%5D&#8220; shadow=&#8220;pix-shadow&#8220; shadow_values=&#8220;%5B%7B%22horizontal%22%3A%220%22%2C%22vertical%22%3A%222%22%2C%22blur%22%3A%2210%22%2C%22spread%22%3A%225px%22%2C%22color%22%3A%22%23000000%22%2C%22opacity%22%3A%2210%22%7D%5D&#8220;][vc_column pix_padding_top=&#8220;padding S&#8220; pix_padding_bottom=&#8220;padding S&#8220; gradient_colors=&#8220;%5B%7B%7D%5D&#8220; css=&#8220;.vc_custom_1652800232515{background-color: #ffffff !important;}&#8220;][vc_row_inner content_placement=&#8220;middle&#8220; gap=&#8220;35&#8243; gradient_colors=&#8220;%5B%7B%7D%5D&#8220; el_class=&#8220;swap-on-mobile&#8220;][vc_column_inner width=&#8220;1\/2&#8243;][common_video url=&#8220;https:\/\/www.youtube.com\/watch?v=0enhz2axRhs&#8220; color=&#8220;rgba(255,255,255,0.01)&#8220; video_opacity=&#8220;40&#8243; image=&#8220;6220&#8243; height=&#8220;400px&#8220;][\/common_video][\/vc_column_inner][vc_column_inner width=&#8220;1\/2&#8243;][vc_column_text]<span style=\"font-weight: 400;\">Enercon k\u00fcmmert sich gerne um die Arbeitsumgebung seiner Kunden, in der Mitarbeiter und wichtige Produktionsprozesse untergebracht sind. Das SARS-Cov-2-Coronavirus hat uns allen bewusst gemacht, dass die Gesundheit von dem kommt, was wir einatmen: Die von <strong>Enercon Sanibox<\/strong> angebotene Pr\u00e4vention ist wichtig und unerl\u00e4sslich f\u00fcr unsere <strong>Sicherheit<\/strong> in <strong>Fabriken und B\u00fcros<\/strong> sowie allgemein in stark frequentierten Umgebungen.<\/span><\/p>\n<p><span style=\"font-weight: 400;\">Enercon Sanibox ist ein Ger\u00e4t, das oxidierende, also desinfizierende und nat\u00fcrliche Arten durch Generatoren erzeugt, die aus zylindrischen Rohren mit Metallfolien bestehen, die durch ein dielektrisches Material getrennt sind. Sie beruht auf dem Prozess der Ionisierung durch Aufprall oder Kollision zwischen schnellen Teilchen, die durch ein oszillierendes elektrisches Feld angeregt werden. Das daraus resultierende Ph\u00e4nomen l\u00f6st Oxidations-Reduktionsreaktionen an organischen fl\u00fcchtigen Verbindungen aus, wodurch <strong>die Schadstoffe in der Umwelt<\/strong> in kalibrierter, betr\u00e4chtlicher Weise und mit messbarer Wirkung reduziert werden. <\/span>[\/vc_column_text][\/vc_column_inner][\/vc_row_inner][\/vc_column][\/vc_row][vc_row][vc_column][common_title title=&#8220;Enercon Sanibox FAQ&#8220; position=&#8220;text-left&#8220;][\/common_title][vc_row_inner][vc_column_inner width=&#8220;1\/2&#8243;][common_tab_acc toggle_type=&#8220;accordion&#8220; collapse=&#8220;on&#8220; accordion=&#8220;%5B%7B%22label_a%22%3A%22Was+ist+die+Enercon+Sanibox%3F%22%2C%22content_a%22%3A%22Enercon+Sanibox+ist+ein+Ger%5Cu00e4t%2C+das+Viren%2C+Bakterien%2C+Schimmelpilze%2C+Hefen%2C+chemische+Schadstoffe%2C+bakterielle+Endotoxine%2C+VOC+und+Ger%5Cu00fcche+mit+maximaler+Sicherheit+f%5Cu00fcr+das+Personal+beseitigt%3B+dieses+Ger%5Cu00e4t+kann+kontinuierlich+und+in+Anwesenheit+von+Personal+eingesetzt+werden.%22%2C%22tab_id_a%22%3A%221884597823%22%7D%2C%7B%22label_a%22%3A%22Was+sind+die+Zertifizierungen+von+Sanibox%3F%22%2C%22content_a%22%3A%22Die+Bioxigen%5Cu00ae-Technologie+sowie+das+Herzst%5Cu00fcck+von+Sanibox+sind+nicht+nur+vom+T%5Cu00dcV+Profi-Cert+zertifiziert%2C+sondern+wurden+auch+in+einem+Speziallabor+auf+COVID-19+%28gem%5Cu00e4%5Cu00df+EN16777-2019%29+getestet.+Die+Ergebnisse+zeigten%2C+dass+das+System+gegen+alle+Viren+wirksam+war%2C+einschlie%5Cu00dflich+des+Coronavirus+SARS-Cov-2.%22%2C%22tab_id_a%22%3A%221713035642%22%7D%2C%7B%22label_a%22%3A%22Was+sind+die+Vorteile+von+Sanibox%3F%22%2C%22content_a%22%3A%22Die+Enercon+Sanibox+mit+Bioxigen%5Cu00ae-Technologie+sch%5Cu00fctzt+die+Gesundheit+des+Personals+im+Unternehmen%2C+da+sie+eine+desinfizierende+und+antibakterielle+Wirkung+hat%2C+die+die+Luftqualit%5Cu00e4t+verbessert+und+sowohl+die+Innenfl%5Cu00e4chen+von+Rohren%2C+Filtern%2C+Luftaufbereitungsanlagen+usw.%2C+in+denen+sie+installiert+ist%2C+als+auch+die+Luft+beim+Transport+dekontaminiert.+%22%2C%22tab_id_a%22%3A%22682159177%22%7D%5D&#8220;][\/vc_column_inner][vc_column_inner width=&#8220;1\/2&#8243;][common_tab_acc toggle_type=&#8220;accordion&#8220; collapse=&#8220;on&#8220; accordion=&#8220;%5B%7B%22label_a%22%3A%22Wo+soll+die+Enercon+Sanibox+installiert+werden%3F%22%2C%22content_a%22%3A%22%3Cp%3EIn+Ihrer+Produktionsabteilung+%28Druckguss%2C+Bearbeitung%2C+Lager%29+kann+die+Enercon+Sanibox+mit+Bioxigen%5Cu00ae-Technologie+problemlos+auf+allen+Absaug-+und+Filtersystemen+mit+interner+Umluft+%28sowohl+unseren+eigenen+als+auch+denen+von+Drittanbietern%29%2C+auf+Ihren+Werkzeugmaschinen%2C+auf+Ihren+Klimaanlagen%2C+Verteilerkan%5Cu00e4len%2C+Luftaufbereitungsanlagen+und+Gebl%5Cu00e4se-Konvektoren+in+B%5Cu00fcros%2C+Werkst%5Cu00e4tten+und+Fabriken+installiert+werden.%3C%5C%2Fp%3E%5Cn%5Cn%3Cp%3EDas+mobile+System+auf+R%5Cu00e4dern+kann+je+nach+Bedarf+in+Ihren+Kantinen%2C+Konferenzr%5Cu00e4umen%2C+Besprechungszimmern+f%5Cu00fcr+Kapazit%5Cu00e4ten+von+1.000+m%5Cu00b3%5C%2Fh+bis+10.000+m%5Cu00b3%5C%2Fh+modular+bewegt+werden.%3C%5C%2Fp%3E%5Cn%22%2C%22tab_id_a%22%3A%221895725041%22%7D%2C%7B%22label_a%22%3A%22Was+sind+die+Ergebnisse%3F%22%2C%22content_a%22%3A%22Die+positiven+R%5Cu00fcckmeldungen+sind+vielf%5Cu00e4ltig%2C+eine+der+wichtigsten+ist+die+positive+Auswirkung+auf+die+Gesundheit+des+Personals+in+der+Arbeitsumgebung%2C+was+sich+wiederum+positiv+auf+die+Produktivit%5Cu00e4t+des+Unternehmens+auswirkt.+Au%5Cu00dferdem+wird+das+richtige+Ionengleichgewicht+in+der+Luft+wiederhergestellt%2C+was+sich+positiv+auf+den+allgemeinen+Gesundheitszustand+auswirkt%2C+z.+B.+durch+eine+bessere+Funktion+der+Atemwege%2C+bessere+Schlafqualit%5Cu00e4t+und+weniger+Kopfschmerzen.%22%2C%22tab_id_a%22%3A%22416424358%22%7D%5D&#8220;][\/vc_column_inner][\/vc_row_inner][\/vc_column][\/vc_row][vc_row pix_padding_top=&#8220;padding No&#8220; gradient_colors=&#8220;%5B%7B%7D%5D&#8220;][vc_column][common_title title=&#8220;Technisches Datenblatt herunterladen&#8220;][\/common_title][common_button text=&#8220;Technisches Datenblatt Sanibox&#8220; link=&#8220;url:https%3A%2F%2Fenercon.it%2Fwp-content%2Fuploads%2Fdownload%2Fen%2FEnercon_sanibox_en.pdf|target:_blank&#8220; size_v=&#8220;pix-v-l&#8220; position=&#8220;pix-text-center&#8220; css=&#8220;.vc_custom_1671704579971{margin-top: 10px !important;margin-bottom: 10px !important;}&#8220;][\/vc_column][\/vc_row][vc_row full_width=&#8220;stretch_row&#8220; gap=&#8220;5&#8243; content_placement=&#8220;middle&#8220; pix_padding_bottom=&#8220;padding No&#8220; gradient_colors=&#8220;%5B%7B%7D%5D&#8220;][vc_column gradient_colors=&#8220;%5B%7B%7D%5D&#8220; offset=&#8220;vc_hidden-xs&#8220;][common_title title=&#8220;Bl\u00e4ttern Sie in der Galerie&#8220;][\/common_title][vc_media_grid style=&#8220;pagination&#8220; items_per_page=&#8220;4&#8243; element_width=&#8220;3&#8243; gap=&#8220;10&#8243; arrows_design=&#8220;vc_arrow-icon-arrow_01_left&#8220; arrows_position=&#8220;outside&#8220; arrows_color=&#8220;black&#8220; loop=&#8220;yes&#8220; grid_id=&#8220;vc_gid:1673357895303-70d030e757be3acd5bc4c1490ae237d0-6&#8243; include=&#8220;6221,6223,6225,6226&#8243;][\/vc_column][\/vc_row][vc_row full_width=&#8220;stretch_row&#8220; gap=&#8220;5&#8243; content_placement=&#8220;middle&#8220; pix_padding_bottom=&#8220;padding No&#8220; gradient_colors=&#8220;%5B%7B%7D%5D&#8220;][vc_column gradient_colors=&#8220;%5B%7B%7D%5D&#8220; offset=&#8220;vc_hidden-lg vc_hidden-md vc_hidden-sm&#8220;][common_title title=&#8220;Bl\u00e4ttern Sie in der Galerie&#8220;][\/common_title][vc_media_grid style=&#8220;pagination&#8220; items_per_page=&#8220;1&#8243; element_width=&#8220;12&#8243; gap=&#8220;10&#8243; arrows_design=&#8220;vc_arrow-icon-arrow_01_left&#8220; arrows_position=&#8220;outside&#8220; arrows_color=&#8220;black&#8220; loop=&#8220;yes&#8220; grid_id=&#8220;vc_gid:1673357895353-394b153a5fd864b14d47cb6db77fcb5d-4&#8243; include=&#8220;6221,6223,6225,6226&#8243;][\/vc_column][\/vc_row][vc_row full_width=&#8220;stretch_row&#8220; pix_padding_top=&#8220;padding M&#8220; pix_padding_bottom=&#8220;padding M&#8220; gradient_colors=&#8220;%5B%7B%7D%5D&#8220; pix_padding=&#8220;pix-padding-both&#8220; pix_padding_size=&#8220;pix-padding-xl&#8220; css=&#8220;.vc_custom_1658389011442{background-color: #f7f7f7 !important;}&#8220;][vc_column][common_title title=&#8220;Kontaktieren Sie uns f\u00fcr weitere Informationen.&#8220; padding=&#8220;off&#8220;][\/common_title][common_cform7 form_id=&#8220;1768&#8243; box_gap=&#8220;50&#8243;][\/vc_column][\/vc_row]<\/p>\n","protected":false},"excerpt":{"rendered":"<p>[vc_row full_width=&#8220;stretch_row&#8220; pix_padding_top=&#8220;padding No&#8220; pix_padding_bottom=&#8220;padding No&#8220; gradient_colors=&#8220;%5B%7B%7D%5D&#8220; css=&#8220;.vc_custom_1658913073932{padding-top: 150px !important;padding-bottom: 150px !important;background-image: url(https:\/\/enercon.it\/wp-content\/uploads\/impianti-e-sistemi-sanificazione-aria-copia.jpg?id=6354) !important;background-position: center !important;background-repeat: no-repeat !important;background-size: cover !important;}&#8220;][vc_column][common_title title=&#8220;Luftreinigungssystem&#8220; color=&#8220;white-heading&#8220;][\/common_title][\/vc_column][\/vc_row][vc_row pix_padding_top=&#8220;padding No&#8220; pix_padding_bottom=&#8220;padding No&#8220; radius=&#8220;pix-rounded&#8220; overflow=&#8220;on&#8220; top_offset=&#8220;-100px&#8220; gradient_colors=&#8220;%5B%7B%7D%5D&#8220; shadow=&#8220;pix-shadow&#8220; shadow_values=&#8220;%5B%7B%22horizontal%22%3A%220%22%2C%22vertical%22%3A%222%22%2C%22blur%22%3A%2210%22%2C%22spread%22%3A%225px%22%2C%22color%22%3A%22%23000000%22%2C%22opacity%22%3A%2210%22%7D%5D&#8220;][vc_column pix_padding_top=&#8220;padding S&#8220; pix_padding_bottom=&#8220;padding S&#8220; gradient_colors=&#8220;%5B%7B%7D%5D&#8220; css=&#8220;.vc_custom_1652800232515{background-color: #ffffff !important;}&#8220;][vc_row_inner content_placement=&#8220;middle&#8220; gap=&#8220;35&#8243; gradient_colors=&#8220;%5B%7B%7D%5D&#8220; el_class=&#8220;swap-on-mobile&#8220;][vc_column_inner width=&#8220;1\/2&#8243;][common_video url=&#8220;https:\/\/www.youtube.com\/watch?v=0enhz2axRhs&#8220; color=&#8220;rgba(255,255,255,0.01)&#8220; video_opacity=&#8220;40&#8243; image=&#8220;6220&#8243; height=&#8220;400px&#8220;][\/common_video][\/vc_column_inner][vc_column_inner width=&#8220;1\/2&#8243;][vc_column_text]Enercon k\u00fcmmert sich gerne um [&hellip;]<\/p>\n","protected":false},"author":1,"featured_media":8660,"parent":0,"menu_order":0,"comment_status":"closed","ping_status":"closed","template":"page-home.php","meta":{"inline_featured_image":false,"footnotes":""},"class_list":["post-9862","page","type-page","status-publish","has-post-thumbnail","hentry"],"yoast_head":"<!-- This site is optimized with the Yoast SEO plugin v23.8 - https:\/\/yoast.com\/wordpress\/plugins\/seo\/ -->\n<title>Luftreinigungssystem | Enercon<\/title>\n<meta name=\"description\" content=\"Enercon stellt Ger\u00e4te f\u00fcr die industrielle Reinigung her. Enercon erzeugt Oxidationsreaktionen, indem Schadstoffe in der Umwelt reduziert werden. Klicken Sie hier.\" \/>\n<meta name=\"robots\" content=\"index, follow, max-snippet:-1, max-image-preview:large, max-video-preview:-1\" \/>\n<link rel=\"canonical\" href=\"https:\/\/enercon.it\/de\/luftreinigungssystem\/\" \/>\n<meta property=\"og:locale\" content=\"de_DE\" \/>\n<meta property=\"og:type\" content=\"article\" \/>\n<meta property=\"og:title\" content=\"Luftreinigungssystem | Enercon\" \/>\n<meta property=\"og:description\" content=\"Enercon stellt Ger\u00e4te f\u00fcr die industrielle Reinigung her. Enercon erzeugt Oxidationsreaktionen, indem Schadstoffe in der Umwelt reduziert werden. Klicken Sie hier.\" \/>\n<meta property=\"og:url\" content=\"https:\/\/enercon.it\/de\/luftreinigungssystem\/\" \/>\n<meta property=\"og:site_name\" content=\"Enercon\" \/>\n<meta property=\"article:modified_time\" content=\"2023-01-10T13:38:29+00:00\" \/>\n<meta property=\"og:image\" content=\"https:\/\/enercon.it\/wp-content\/uploads\/sanibox-installato-2.jpg\" \/>\n\t<meta property=\"og:image:width\" content=\"900\" \/>\n\t<meta property=\"og:image:height\" content=\"600\" \/>\n\t<meta property=\"og:image:type\" content=\"image\/jpeg\" \/>\n<meta name=\"twitter:card\" content=\"summary_large_image\" \/>\n<meta name=\"twitter:label1\" content=\"Gesch\u00e4tzte Lesezeit\" \/>\n\t<meta name=\"twitter:data1\" content=\"6\u00a0Minuten\" \/>\n<script type=\"application\/ld+json\" class=\"yoast-schema-graph\">{\"@context\":\"https:\/\/schema.org\",\"@graph\":[{\"@type\":\"WebPage\",\"@id\":\"https:\/\/enercon.it\/de\/luftreinigungssystem\/\",\"url\":\"https:\/\/enercon.it\/de\/luftreinigungssystem\/\",\"name\":\"Luftreinigungssystem | Enercon\",\"isPartOf\":{\"@id\":\"https:\/\/enercon.it\/#website\"},\"primaryImageOfPage\":{\"@id\":\"https:\/\/enercon.it\/de\/luftreinigungssystem\/#primaryimage\"},\"image\":{\"@id\":\"https:\/\/enercon.it\/de\/luftreinigungssystem\/#primaryimage\"},\"thumbnailUrl\":\"https:\/\/enercon.it\/wp-content\/uploads\/sanibox-installato-2.jpg\",\"datePublished\":\"2022-07-19T14:56:54+00:00\",\"dateModified\":\"2023-01-10T13:38:29+00:00\",\"description\":\"Enercon stellt Ger\u00e4te f\u00fcr die industrielle Reinigung her. Enercon erzeugt Oxidationsreaktionen, indem Schadstoffe in der Umwelt reduziert werden. Klicken Sie hier.\",\"breadcrumb\":{\"@id\":\"https:\/\/enercon.it\/de\/luftreinigungssystem\/#breadcrumb\"},\"inLanguage\":\"de\",\"potentialAction\":[{\"@type\":\"ReadAction\",\"target\":[\"https:\/\/enercon.it\/de\/luftreinigungssystem\/\"]}]},{\"@type\":\"ImageObject\",\"inLanguage\":\"de\",\"@id\":\"https:\/\/enercon.it\/de\/luftreinigungssystem\/#primaryimage\",\"url\":\"https:\/\/enercon.it\/wp-content\/uploads\/sanibox-installato-2.jpg\",\"contentUrl\":\"https:\/\/enercon.it\/wp-content\/uploads\/sanibox-installato-2.jpg\",\"width\":900,\"height\":600},{\"@type\":\"BreadcrumbList\",\"@id\":\"https:\/\/enercon.it\/de\/luftreinigungssystem\/#breadcrumb\",\"itemListElement\":[{\"@type\":\"ListItem\",\"position\":1,\"name\":\"Home\",\"item\":\"https:\/\/enercon.it\/de\/\"},{\"@type\":\"ListItem\",\"position\":2,\"name\":\"Luftreinigungssystem\"}]},{\"@type\":\"WebSite\",\"@id\":\"https:\/\/enercon.it\/#website\",\"url\":\"https:\/\/enercon.it\/\",\"name\":\"Enercon\",\"description\":\"Depurazione di inquinanti atmosferici\",\"publisher\":{\"@id\":\"https:\/\/enercon.it\/#organization\"},\"potentialAction\":[{\"@type\":\"SearchAction\",\"target\":{\"@type\":\"EntryPoint\",\"urlTemplate\":\"https:\/\/enercon.it\/?s={search_term_string}\"},\"query-input\":{\"@type\":\"PropertyValueSpecification\",\"valueRequired\":true,\"valueName\":\"search_term_string\"}}],\"inLanguage\":\"de\"},{\"@type\":\"Organization\",\"@id\":\"https:\/\/enercon.it\/#organization\",\"name\":\"Enercon S.r.l.\",\"url\":\"https:\/\/enercon.it\/\",\"logo\":{\"@type\":\"ImageObject\",\"inLanguage\":\"de\",\"@id\":\"https:\/\/enercon.it\/#\/schema\/logo\/image\/\",\"url\":\"https:\/\/enercon.it\/wp-content\/uploads\/2022\/05\/logo-enercon.png\",\"contentUrl\":\"https:\/\/enercon.it\/wp-content\/uploads\/2022\/05\/logo-enercon.png\",\"width\":270,\"height\":110,\"caption\":\"Enercon S.r.l.\"},\"image\":{\"@id\":\"https:\/\/enercon.it\/#\/schema\/logo\/image\/\"}}]}<\/script>\n<!-- \/ Yoast SEO plugin. -->","yoast_head_json":{"title":"Luftreinigungssystem | Enercon","description":"Enercon stellt Ger\u00e4te f\u00fcr die industrielle Reinigung her. Enercon erzeugt Oxidationsreaktionen, indem Schadstoffe in der Umwelt reduziert werden. Klicken Sie hier.","robots":{"index":"index","follow":"follow","max-snippet":"max-snippet:-1","max-image-preview":"max-image-preview:large","max-video-preview":"max-video-preview:-1"},"canonical":"https:\/\/enercon.it\/de\/luftreinigungssystem\/","og_locale":"de_DE","og_type":"article","og_title":"Luftreinigungssystem | Enercon","og_description":"Enercon stellt Ger\u00e4te f\u00fcr die industrielle Reinigung her. Enercon erzeugt Oxidationsreaktionen, indem Schadstoffe in der Umwelt reduziert werden. Klicken Sie hier.","og_url":"https:\/\/enercon.it\/de\/luftreinigungssystem\/","og_site_name":"Enercon","article_modified_time":"2023-01-10T13:38:29+00:00","og_image":[{"width":900,"height":600,"url":"https:\/\/enercon.it\/wp-content\/uploads\/sanibox-installato-2.jpg","type":"image\/jpeg"}],"twitter_card":"summary_large_image","twitter_misc":{"Gesch\u00e4tzte Lesezeit":"6\u00a0Minuten"},"schema":{"@context":"https:\/\/schema.org","@graph":[{"@type":"WebPage","@id":"https:\/\/enercon.it\/de\/luftreinigungssystem\/","url":"https:\/\/enercon.it\/de\/luftreinigungssystem\/","name":"Luftreinigungssystem | Enercon","isPartOf":{"@id":"https:\/\/enercon.it\/#website"},"primaryImageOfPage":{"@id":"https:\/\/enercon.it\/de\/luftreinigungssystem\/#primaryimage"},"image":{"@id":"https:\/\/enercon.it\/de\/luftreinigungssystem\/#primaryimage"},"thumbnailUrl":"https:\/\/enercon.it\/wp-content\/uploads\/sanibox-installato-2.jpg","datePublished":"2022-07-19T14:56:54+00:00","dateModified":"2023-01-10T13:38:29+00:00","description":"Enercon stellt Ger\u00e4te f\u00fcr die industrielle Reinigung her. Enercon erzeugt Oxidationsreaktionen, indem Schadstoffe in der Umwelt reduziert werden. Klicken Sie hier.","breadcrumb":{"@id":"https:\/\/enercon.it\/de\/luftreinigungssystem\/#breadcrumb"},"inLanguage":"de","potentialAction":[{"@type":"ReadAction","target":["https:\/\/enercon.it\/de\/luftreinigungssystem\/"]}]},{"@type":"ImageObject","inLanguage":"de","@id":"https:\/\/enercon.it\/de\/luftreinigungssystem\/#primaryimage","url":"https:\/\/enercon.it\/wp-content\/uploads\/sanibox-installato-2.jpg","contentUrl":"https:\/\/enercon.it\/wp-content\/uploads\/sanibox-installato-2.jpg","width":900,"height":600},{"@type":"BreadcrumbList","@id":"https:\/\/enercon.it\/de\/luftreinigungssystem\/#breadcrumb","itemListElement":[{"@type":"ListItem","position":1,"name":"Home","item":"https:\/\/enercon.it\/de\/"},{"@type":"ListItem","position":2,"name":"Luftreinigungssystem"}]},{"@type":"WebSite","@id":"https:\/\/enercon.it\/#website","url":"https:\/\/enercon.it\/","name":"Enercon","description":"Depurazione di inquinanti atmosferici","publisher":{"@id":"https:\/\/enercon.it\/#organization"},"potentialAction":[{"@type":"SearchAction","target":{"@type":"EntryPoint","urlTemplate":"https:\/\/enercon.it\/?s={search_term_string}"},"query-input":{"@type":"PropertyValueSpecification","valueRequired":true,"valueName":"search_term_string"}}],"inLanguage":"de"},{"@type":"Organization","@id":"https:\/\/enercon.it\/#organization","name":"Enercon S.r.l.","url":"https:\/\/enercon.it\/","logo":{"@type":"ImageObject","inLanguage":"de","@id":"https:\/\/enercon.it\/#\/schema\/logo\/image\/","url":"https:\/\/enercon.it\/wp-content\/uploads\/2022\/05\/logo-enercon.png","contentUrl":"https:\/\/enercon.it\/wp-content\/uploads\/2022\/05\/logo-enercon.png","width":270,"height":110,"caption":"Enercon S.r.l."},"image":{"@id":"https:\/\/enercon.it\/#\/schema\/logo\/image\/"}}]}},"_links":{"self":[{"href":"https:\/\/enercon.it\/de\/wp-json\/wp\/v2\/pages\/9862"}],"collection":[{"href":"https:\/\/enercon.it\/de\/wp-json\/wp\/v2\/pages"}],"about":[{"href":"https:\/\/enercon.it\/de\/wp-json\/wp\/v2\/types\/page"}],"author":[{"embeddable":true,"href":"https:\/\/enercon.it\/de\/wp-json\/wp\/v2\/users\/1"}],"replies":[{"embeddable":true,"href":"https:\/\/enercon.it\/de\/wp-json\/wp\/v2\/comments?post=9862"}],"version-history":[{"count":8,"href":"https:\/\/enercon.it\/de\/wp-json\/wp\/v2\/pages\/9862\/revisions"}],"predecessor-version":[{"id":10308,"href":"https:\/\/enercon.it\/de\/wp-json\/wp\/v2\/pages\/9862\/revisions\/10308"}],"wp:featuredmedia":[{"embeddable":true,"href":"https:\/\/enercon.it\/de\/wp-json\/wp\/v2\/media\/8660"}],"wp:attachment":[{"href":"https:\/\/enercon.it\/de\/wp-json\/wp\/v2\/media?parent=9862"}],"curies":[{"name":"wp","href":"https:\/\/api.w.org\/{rel}","templated":true}]}}