{"id":9859,"date":"2022-07-19T13:41:03","date_gmt":"2022-07-19T13:41:03","guid":{"rendered":"https:\/\/enercon.it\/rueckgewinnung-und-energieeinsparung-verbrennungsanlagen\/"},"modified":"2023-01-10T13:37:18","modified_gmt":"2023-01-10T13:37:18","slug":"rueckgewinnung-und-energieeinsparung-verbrennungsanlagen","status":"publish","type":"page","link":"https:\/\/enercon.it\/de\/rueckgewinnung-und-energieeinsparung-verbrennungsanlagen\/","title":{"rendered":"R\u00fcckgewinnung und Energieeinsparung &#8211; Verbrennungsanlagen"},"content":{"rendered":"<p>[vc_row full_width=&#8220;stretch_row&#8220; pix_padding_top=&#8220;padding No&#8220; pix_padding_bottom=&#8220;padding No&#8220; gradient_colors=&#8220;%5B%7B%7D%5D&#8220; css=&#8220;.vc_custom_1658388227600{padding-top: 150px !important;padding-bottom: 150px !important;background-image: url(https:\/\/enercon.it\/wp-content\/uploads\/impiant-recupero-energetico-background.jpg?id=6199) !important;background-position: center !important;background-repeat: no-repeat !important;background-size: cover !important;}&#8220;][vc_column][common_title title=&#8220;R\u00fcckgewinnung und Energieeinsparung &#8211; Verbrennungsanlagen&#8220; color=&#8220;white-heading&#8220;][\/common_title][\/vc_column][\/vc_row][vc_row pix_padding_top=&#8220;padding No&#8220; pix_padding_bottom=&#8220;padding No&#8220; radius=&#8220;pix-rounded&#8220; overflow=&#8220;on&#8220; top_offset=&#8220;-100px&#8220; gradient_colors=&#8220;%5B%7B%7D%5D&#8220; shadow=&#8220;pix-shadow&#8220; shadow_values=&#8220;%5B%7B%22horizontal%22%3A%220%22%2C%22vertical%22%3A%222%22%2C%22blur%22%3A%2210%22%2C%22spread%22%3A%225px%22%2C%22color%22%3A%22%23000000%22%2C%22opacity%22%3A%2210%22%7D%5D&#8220;][vc_column pix_padding_top=&#8220;padding S&#8220; pix_padding_bottom=&#8220;padding S&#8220; gradient_colors=&#8220;%5B%7B%7D%5D&#8220; css=&#8220;.vc_custom_1652800232515{background-color: #ffffff !important;}&#8220;][vc_row_inner content_placement=&#8220;middle&#8220; gap=&#8220;35&#8243; gradient_colors=&#8220;%5B%7B%7D%5D&#8220; el_class=&#8220;swap-on-mobile&#8220;][vc_column_inner width=&#8220;1\/2&#8243; css=&#8220;.vc_custom_1668672079939{padding-top: 30px !important;}&#8220;][vc_single_image image=&#8220;6192&#8243; img_size=&#8220;full&#8220;][\/vc_column_inner][vc_column_inner width=&#8220;1\/2&#8243;][vc_column_text]Die zu reinigenden Gase enthalten h\u00e4ufig gro\u00dfe Mengen an Energie (in der Regel W\u00e4rmeenergie), die mit der richtigen Ausr\u00fcstung nutzbar gemacht werden kann. Enercon hat <strong>Abgas-Luft- und Abgas-Wasser-W\u00e4rmetauscher<\/strong> entwickelt, um Energie zur\u00fcckzugewinnen, die sonst verloren gehen w\u00fcrde. Die Installation eines <strong>W\u00e4rmer\u00fcckgewinners<\/strong> in (neuen oder bestehenden) Filtrationsanlagen ist eine \u00e4u\u00dferst <strong>kosteneffiziente und nachhaltige<\/strong> L\u00f6sung.[\/vc_column_text][\/vc_column_inner][\/vc_row_inner][\/vc_column][\/vc_row][vc_row gap=&#8220;35&#8243; gradient_colors=&#8220;%5B%7B%7D%5D&#8220;][vc_column width=&#8220;1\/2&#8243; gradient_colors=&#8220;%5B%7B%7D%5D&#8220; css=&#8220;.vc_custom_1668672388676{padding-top: 30px !important;}&#8220;][common_title title=&#8220;Anwendungen zur Energier\u00fcckgewinnung und -einsparung&#8220; position=&#8220;text-left&#8220;][\/common_title][common_icon_box icon_type=&#8220;font&#8220; icon_pixfontawesome=&#8220;fa fa-check&#8220; icon_size=&#8220;pix-icon-s&#8220; title=&#8220;Rauchgask\u00fchler&#8220; css=&#8220;.vc_custom_1658241029165{padding-bottom: 10px !important;}&#8220;][\/common_icon_box][common_icon_box icon_type=&#8220;font&#8220; icon_pixfontawesome=&#8220;fa fa-check&#8220; icon_size=&#8220;pix-icon-s&#8220; title=&#8220;Abgas-, Wasser- und Dampfw\u00e4rmer\u00fcckgewinner&#8220; css=&#8220;.vc_custom_1658241040308{padding-bottom: 10px !important;}&#8220;][\/common_icon_box][common_icon_box icon_type=&#8220;font&#8220; icon_pixfontawesome=&#8220;fa fa-check&#8220; icon_size=&#8220;pix-icon-s&#8220; title=&#8220;Verbrennungsanlagen mit einer Vernichtungsleistung von bis zu 500 kg\/h&#8220; css=&#8220;.vc_custom_1659626936680{padding-bottom: 10px !important;}&#8220;][\/common_icon_box][\/vc_column][vc_column width=&#8220;1\/2&#8243; gradient_colors=&#8220;%5B%7B%7D%5D&#8220; css=&#8220;.vc_custom_1668672394626{padding-top: 30px !important;}&#8220;][common_title title=&#8220;Wie funktioniert der W\u00e4rmetauscher?&#8220; position=&#8220;text-left&#8220;][\/common_title][vc_column_text]W\u00e4rmetauscher-Systeme sind in der Lage, die sonst verschwendete <strong>W\u00e4rme zur\u00fcckzugewinnen<\/strong>, um die verschiedenen Produktionsabteilungen, B\u00fcros oder Prozesse je nach Bedarf mit Wasser und\/oder Warmluft zu versorgen, wodurch der <strong>Verbrauch gesenkt und die Investitionen<\/strong> sehr schnell amortisiert werden k\u00f6nnen. Sollte die zur\u00fcckzugewinnende Energie h\u00f6her als bestimmte Grenzen f\u00fcr die Amortisierung der Investitionen sein, ist Enercon in der Lage, auch <strong>Anlagen f\u00fcr die Stromerzeugung<\/strong> zu installieren.[\/vc_column_text][common_button text=&#8220;Technisches Datenblatt herunterladen&#8220; link=&#8220;url:https%3A%2F%2Fenercon.it%2Fwp-content%2Fuploads%2Fdownload%2Fde%2Fscheda-recupero-energetico-de.pdf|target:_blank&#8220; size_v=&#8220;pix-v-l&#8220; css=&#8220;.vc_custom_1673357835046{margin-bottom: 10px !important;padding-top: 70px !important;}&#8220;][\/vc_column][\/vc_row][vc_row full_width=&#8220;stretch_row&#8220; content_placement=&#8220;middle&#8220; pix_padding_top=&#8220;padding S&#8220; pix_padding_bottom=&#8220;padding S&#8220; gradient_colors=&#8220;%5B%7B%7D%5D&#8220; css=&#8220;.vc_custom_1658387232839{background-color: #00507e !important;}&#8220; el_class=&#8220;titolo-bianco negativo&#8220;][vc_column][vc_row_inner content_placement=&#8220;middle&#8220; gradient_colors=&#8220;%5B%7B%7D%5D&#8220;][vc_column_inner width=&#8220;1\/2&#8243;][common_title title=&#8220;Bau von Verbrennungsanlagen&#8220; position=&#8220;text-left&#8220;][\/common_title][vc_column_text]Seit 1984 hat Enercon kleine Verbrennungsanlagen f\u00fcr Industrie- und Krankenhausabf\u00e4lle in Italien, Belgien, Mexiko und Venezuela installiert. Seit dem Jahr 2000 haben wir, zum Erweitern unserer Produktpalette das Markenzeichen, das Know-how und die Patente der Gesellschaft \u201eIMEF\u201c \u00fcbernommen, einer seit 30 Jahren f\u00fchrenden Firma in der Herstellung von Verbrennungsanlagen. Dies erm\u00f6glichte es Enercon, seine Produktion und den Bau von Verbrennungsanlagen zu erweitern.[\/vc_column_text][common_button text=&#8220;Technisches Datenblatt herunterladen&#8220; link=&#8220;url:https%3A%2F%2Fenercon.it%2Fwp-content%2Fuploads%2Fdownload%2Fde%2Fscheda-enercon-imef-inceneritori-de.pdf|target:_blank&#8220; size_v=&#8220;pix-v-l&#8220; css=&#8220;.vc_custom_1658387296882{margin-bottom: 10px !important;padding-top: 70px !important;}&#8220;][\/vc_column_inner][vc_column_inner width=&#8220;1\/2&#8243;][vc_single_image image=&#8220;6195&#8243; img_size=&#8220;400&#215;600&#8243; alignment=&#8220;center&#8220;][\/vc_column_inner][\/vc_row_inner][\/vc_column][\/vc_row][vc_row full_width=&#8220;stretch_row&#8220; gap=&#8220;5&#8243; content_placement=&#8220;middle&#8220; pix_padding_bottom=&#8220;padding No&#8220; gradient_colors=&#8220;%5B%7B%7D%5D&#8220;][vc_column gradient_colors=&#8220;%5B%7B%7D%5D&#8220; offset=&#8220;vc_hidden-xs&#8220;][common_title title=&#8220;Bl\u00e4ttern Sie in der Galerie&#8220;][\/common_title][vc_media_grid style=&#8220;pagination&#8220; items_per_page=&#8220;4&#8243; element_width=&#8220;3&#8243; gap=&#8220;10&#8243; arrows_design=&#8220;vc_arrow-icon-arrow_01_left&#8220; arrows_position=&#8220;outside&#8220; arrows_color=&#8220;black&#8220; loop=&#8220;yes&#8220; grid_id=&#8220;vc_gid:1673357813932-35999bacabbfec256cc7a932e5a6214d-1&#8243; include=&#8220;6192,6193,6194,6195,6196,6197,6349,6350&#8243;][\/vc_column][\/vc_row][vc_row full_width=&#8220;stretch_row&#8220; gap=&#8220;5&#8243; content_placement=&#8220;middle&#8220; pix_padding_bottom=&#8220;padding No&#8220; gradient_colors=&#8220;%5B%7B%7D%5D&#8220;][vc_column gradient_colors=&#8220;%5B%7B%7D%5D&#8220; offset=&#8220;vc_hidden-lg vc_hidden-md vc_hidden-sm&#8220;][common_title title=&#8220;Bl\u00e4ttern Sie in der Galerie&#8220;][\/common_title][vc_media_grid style=&#8220;pagination&#8220; items_per_page=&#8220;1&#8243; element_width=&#8220;12&#8243; gap=&#8220;10&#8243; arrows_design=&#8220;vc_arrow-icon-arrow_01_left&#8220; arrows_position=&#8220;outside&#8220; arrows_color=&#8220;black&#8220; loop=&#8220;yes&#8220; grid_id=&#8220;vc_gid:1673357814000-355f973265ff058d78f0a20de3e9c03a-9&#8243; include=&#8220;6192,6193,6194,6195,6196,6197,6349,6350&#8243;][\/vc_column][\/vc_row][vc_row full_width=&#8220;stretch_row&#8220; pix_padding_top=&#8220;padding M&#8220; pix_padding_bottom=&#8220;padding M&#8220; gradient_colors=&#8220;%5B%7B%7D%5D&#8220; pix_padding=&#8220;pix-padding-both&#8220; pix_padding_size=&#8220;pix-padding-xl&#8220; css=&#8220;.vc_custom_1658389041868{background-color: #f7f7f7 !important;}&#8220;][vc_column][common_title title=&#8220;Kontaktieren Sie uns f\u00fcr weitere Informationen.&#8220; padding=&#8220;off&#8220;][\/common_title][common_cform7 form_id=&#8220;1768&#8243; box_gap=&#8220;50&#8243;][\/vc_column][\/vc_row]<\/p>\n","protected":false},"excerpt":{"rendered":"<p>[vc_row full_width=&#8220;stretch_row&#8220; pix_padding_top=&#8220;padding No&#8220; pix_padding_bottom=&#8220;padding No&#8220; gradient_colors=&#8220;%5B%7B%7D%5D&#8220; css=&#8220;.vc_custom_1658388227600{padding-top: 150px !important;padding-bottom: 150px !important;background-image: url(https:\/\/enercon.it\/wp-content\/uploads\/impiant-recupero-energetico-background.jpg?id=6199) !important;background-position: center !important;background-repeat: no-repeat !important;background-size: cover !important;}&#8220;][vc_column][common_title title=&#8220;R\u00fcckgewinnung und Energieeinsparung &#8211; Verbrennungsanlagen&#8220; color=&#8220;white-heading&#8220;][\/common_title][\/vc_column][\/vc_row][vc_row pix_padding_top=&#8220;padding No&#8220; pix_padding_bottom=&#8220;padding No&#8220; radius=&#8220;pix-rounded&#8220; overflow=&#8220;on&#8220; top_offset=&#8220;-100px&#8220; gradient_colors=&#8220;%5B%7B%7D%5D&#8220; shadow=&#8220;pix-shadow&#8220; shadow_values=&#8220;%5B%7B%22horizontal%22%3A%220%22%2C%22vertical%22%3A%222%22%2C%22blur%22%3A%2210%22%2C%22spread%22%3A%225px%22%2C%22color%22%3A%22%23000000%22%2C%22opacity%22%3A%2210%22%7D%5D&#8220;][vc_column pix_padding_top=&#8220;padding S&#8220; pix_padding_bottom=&#8220;padding S&#8220; gradient_colors=&#8220;%5B%7B%7D%5D&#8220; css=&#8220;.vc_custom_1652800232515{background-color: #ffffff !important;}&#8220;][vc_row_inner content_placement=&#8220;middle&#8220; gap=&#8220;35&#8243; gradient_colors=&#8220;%5B%7B%7D%5D&#8220; el_class=&#8220;swap-on-mobile&#8220;][vc_column_inner width=&#8220;1\/2&#8243; css=&#8220;.vc_custom_1668672079939{padding-top: 30px !important;}&#8220;][vc_single_image image=&#8220;6192&#8243; img_size=&#8220;full&#8220;][\/vc_column_inner][vc_column_inner width=&#8220;1\/2&#8243;][vc_column_text]Die [&hellip;]<\/p>\n","protected":false},"author":1,"featured_media":8595,"parent":0,"menu_order":0,"comment_status":"closed","ping_status":"closed","template":"page-home.php","meta":{"inline_featured_image":false,"footnotes":""},"class_list":["post-9859","page","type-page","status-publish","has-post-thumbnail","hentry"],"yoast_head":"<!-- This site is optimized with the Yoast SEO plugin v23.8 - https:\/\/yoast.com\/wordpress\/plugins\/seo\/ -->\n<title>Verbrennungsanlagen und Anlagen zur Energier\u00fcckgewinnung | Enercon<\/title>\n<meta name=\"description\" content=\"Enercon entwickelt W\u00e4rmetauscher f\u00fcr die Energier\u00fcckgewinnung. Enercon installiert W\u00e4rmer\u00fcckgewinner in Filterungsanlagen. Lesen Sie mehr.\" \/>\n<meta name=\"robots\" content=\"index, follow, max-snippet:-1, max-image-preview:large, max-video-preview:-1\" \/>\n<link rel=\"canonical\" href=\"https:\/\/enercon.it\/de\/rueckgewinnung-und-energieeinsparung-verbrennungsanlagen\/\" \/>\n<meta property=\"og:locale\" content=\"de_DE\" \/>\n<meta property=\"og:type\" content=\"article\" \/>\n<meta property=\"og:title\" content=\"Verbrennungsanlagen und Anlagen zur Energier\u00fcckgewinnung | Enercon\" \/>\n<meta property=\"og:description\" content=\"Enercon entwickelt W\u00e4rmetauscher f\u00fcr die Energier\u00fcckgewinnung. Enercon installiert W\u00e4rmer\u00fcckgewinner in Filterungsanlagen. Lesen Sie mehr.\" \/>\n<meta property=\"og:url\" content=\"https:\/\/enercon.it\/de\/rueckgewinnung-und-energieeinsparung-verbrennungsanlagen\/\" \/>\n<meta property=\"og:site_name\" content=\"Enercon\" \/>\n<meta property=\"article:modified_time\" content=\"2023-01-10T13:37:18+00:00\" \/>\n<meta property=\"og:image\" content=\"https:\/\/enercon.it\/wp-content\/uploads\/impianti-recupero-energetico-Preriscaldo-aria-ambiente-Industrie-Pasotti-Italia.jpg\" \/>\n\t<meta property=\"og:image:width\" content=\"900\" \/>\n\t<meta property=\"og:image:height\" content=\"600\" \/>\n\t<meta property=\"og:image:type\" content=\"image\/jpeg\" \/>\n<meta name=\"twitter:card\" content=\"summary_large_image\" \/>\n<meta name=\"twitter:label1\" content=\"Gesch\u00e4tzte Lesezeit\" \/>\n\t<meta name=\"twitter:data1\" content=\"5\u00a0Minuten\" \/>\n<script type=\"application\/ld+json\" class=\"yoast-schema-graph\">{\"@context\":\"https:\/\/schema.org\",\"@graph\":[{\"@type\":\"WebPage\",\"@id\":\"https:\/\/enercon.it\/de\/rueckgewinnung-und-energieeinsparung-verbrennungsanlagen\/\",\"url\":\"https:\/\/enercon.it\/de\/rueckgewinnung-und-energieeinsparung-verbrennungsanlagen\/\",\"name\":\"Verbrennungsanlagen und Anlagen zur Energier\u00fcckgewinnung | Enercon\",\"isPartOf\":{\"@id\":\"https:\/\/enercon.it\/#website\"},\"primaryImageOfPage\":{\"@id\":\"https:\/\/enercon.it\/de\/rueckgewinnung-und-energieeinsparung-verbrennungsanlagen\/#primaryimage\"},\"image\":{\"@id\":\"https:\/\/enercon.it\/de\/rueckgewinnung-und-energieeinsparung-verbrennungsanlagen\/#primaryimage\"},\"thumbnailUrl\":\"https:\/\/enercon.it\/wp-content\/uploads\/impianti-recupero-energetico-Preriscaldo-aria-ambiente-Industrie-Pasotti-Italia.jpg\",\"datePublished\":\"2022-07-19T13:41:03+00:00\",\"dateModified\":\"2023-01-10T13:37:18+00:00\",\"description\":\"Enercon entwickelt W\u00e4rmetauscher f\u00fcr die Energier\u00fcckgewinnung. Enercon installiert W\u00e4rmer\u00fcckgewinner in Filterungsanlagen. Lesen Sie mehr.\",\"breadcrumb\":{\"@id\":\"https:\/\/enercon.it\/de\/rueckgewinnung-und-energieeinsparung-verbrennungsanlagen\/#breadcrumb\"},\"inLanguage\":\"de\",\"potentialAction\":[{\"@type\":\"ReadAction\",\"target\":[\"https:\/\/enercon.it\/de\/rueckgewinnung-und-energieeinsparung-verbrennungsanlagen\/\"]}]},{\"@type\":\"ImageObject\",\"inLanguage\":\"de\",\"@id\":\"https:\/\/enercon.it\/de\/rueckgewinnung-und-energieeinsparung-verbrennungsanlagen\/#primaryimage\",\"url\":\"https:\/\/enercon.it\/wp-content\/uploads\/impianti-recupero-energetico-Preriscaldo-aria-ambiente-Industrie-Pasotti-Italia.jpg\",\"contentUrl\":\"https:\/\/enercon.it\/wp-content\/uploads\/impianti-recupero-energetico-Preriscaldo-aria-ambiente-Industrie-Pasotti-Italia.jpg\",\"width\":900,\"height\":600},{\"@type\":\"BreadcrumbList\",\"@id\":\"https:\/\/enercon.it\/de\/rueckgewinnung-und-energieeinsparung-verbrennungsanlagen\/#breadcrumb\",\"itemListElement\":[{\"@type\":\"ListItem\",\"position\":1,\"name\":\"Home\",\"item\":\"https:\/\/enercon.it\/de\/\"},{\"@type\":\"ListItem\",\"position\":2,\"name\":\"R\u00fcckgewinnung und Energieeinsparung &#8211; Verbrennungsanlagen\"}]},{\"@type\":\"WebSite\",\"@id\":\"https:\/\/enercon.it\/#website\",\"url\":\"https:\/\/enercon.it\/\",\"name\":\"Enercon\",\"description\":\"Depurazione di inquinanti atmosferici\",\"publisher\":{\"@id\":\"https:\/\/enercon.it\/#organization\"},\"potentialAction\":[{\"@type\":\"SearchAction\",\"target\":{\"@type\":\"EntryPoint\",\"urlTemplate\":\"https:\/\/enercon.it\/?s={search_term_string}\"},\"query-input\":{\"@type\":\"PropertyValueSpecification\",\"valueRequired\":true,\"valueName\":\"search_term_string\"}}],\"inLanguage\":\"de\"},{\"@type\":\"Organization\",\"@id\":\"https:\/\/enercon.it\/#organization\",\"name\":\"Enercon S.r.l.\",\"url\":\"https:\/\/enercon.it\/\",\"logo\":{\"@type\":\"ImageObject\",\"inLanguage\":\"de\",\"@id\":\"https:\/\/enercon.it\/#\/schema\/logo\/image\/\",\"url\":\"https:\/\/enercon.it\/wp-content\/uploads\/2022\/05\/logo-enercon.png\",\"contentUrl\":\"https:\/\/enercon.it\/wp-content\/uploads\/2022\/05\/logo-enercon.png\",\"width\":270,\"height\":110,\"caption\":\"Enercon S.r.l.\"},\"image\":{\"@id\":\"https:\/\/enercon.it\/#\/schema\/logo\/image\/\"}}]}<\/script>\n<!-- \/ Yoast SEO plugin. -->","yoast_head_json":{"title":"Verbrennungsanlagen und Anlagen zur Energier\u00fcckgewinnung | Enercon","description":"Enercon entwickelt W\u00e4rmetauscher f\u00fcr die Energier\u00fcckgewinnung. Enercon installiert W\u00e4rmer\u00fcckgewinner in Filterungsanlagen. Lesen Sie mehr.","robots":{"index":"index","follow":"follow","max-snippet":"max-snippet:-1","max-image-preview":"max-image-preview:large","max-video-preview":"max-video-preview:-1"},"canonical":"https:\/\/enercon.it\/de\/rueckgewinnung-und-energieeinsparung-verbrennungsanlagen\/","og_locale":"de_DE","og_type":"article","og_title":"Verbrennungsanlagen und Anlagen zur Energier\u00fcckgewinnung | Enercon","og_description":"Enercon entwickelt W\u00e4rmetauscher f\u00fcr die Energier\u00fcckgewinnung. Enercon installiert W\u00e4rmer\u00fcckgewinner in Filterungsanlagen. Lesen Sie mehr.","og_url":"https:\/\/enercon.it\/de\/rueckgewinnung-und-energieeinsparung-verbrennungsanlagen\/","og_site_name":"Enercon","article_modified_time":"2023-01-10T13:37:18+00:00","og_image":[{"width":900,"height":600,"url":"https:\/\/enercon.it\/wp-content\/uploads\/impianti-recupero-energetico-Preriscaldo-aria-ambiente-Industrie-Pasotti-Italia.jpg","type":"image\/jpeg"}],"twitter_card":"summary_large_image","twitter_misc":{"Gesch\u00e4tzte Lesezeit":"5\u00a0Minuten"},"schema":{"@context":"https:\/\/schema.org","@graph":[{"@type":"WebPage","@id":"https:\/\/enercon.it\/de\/rueckgewinnung-und-energieeinsparung-verbrennungsanlagen\/","url":"https:\/\/enercon.it\/de\/rueckgewinnung-und-energieeinsparung-verbrennungsanlagen\/","name":"Verbrennungsanlagen und Anlagen zur Energier\u00fcckgewinnung | Enercon","isPartOf":{"@id":"https:\/\/enercon.it\/#website"},"primaryImageOfPage":{"@id":"https:\/\/enercon.it\/de\/rueckgewinnung-und-energieeinsparung-verbrennungsanlagen\/#primaryimage"},"image":{"@id":"https:\/\/enercon.it\/de\/rueckgewinnung-und-energieeinsparung-verbrennungsanlagen\/#primaryimage"},"thumbnailUrl":"https:\/\/enercon.it\/wp-content\/uploads\/impianti-recupero-energetico-Preriscaldo-aria-ambiente-Industrie-Pasotti-Italia.jpg","datePublished":"2022-07-19T13:41:03+00:00","dateModified":"2023-01-10T13:37:18+00:00","description":"Enercon entwickelt W\u00e4rmetauscher f\u00fcr die Energier\u00fcckgewinnung. Enercon installiert W\u00e4rmer\u00fcckgewinner in Filterungsanlagen. Lesen Sie mehr.","breadcrumb":{"@id":"https:\/\/enercon.it\/de\/rueckgewinnung-und-energieeinsparung-verbrennungsanlagen\/#breadcrumb"},"inLanguage":"de","potentialAction":[{"@type":"ReadAction","target":["https:\/\/enercon.it\/de\/rueckgewinnung-und-energieeinsparung-verbrennungsanlagen\/"]}]},{"@type":"ImageObject","inLanguage":"de","@id":"https:\/\/enercon.it\/de\/rueckgewinnung-und-energieeinsparung-verbrennungsanlagen\/#primaryimage","url":"https:\/\/enercon.it\/wp-content\/uploads\/impianti-recupero-energetico-Preriscaldo-aria-ambiente-Industrie-Pasotti-Italia.jpg","contentUrl":"https:\/\/enercon.it\/wp-content\/uploads\/impianti-recupero-energetico-Preriscaldo-aria-ambiente-Industrie-Pasotti-Italia.jpg","width":900,"height":600},{"@type":"BreadcrumbList","@id":"https:\/\/enercon.it\/de\/rueckgewinnung-und-energieeinsparung-verbrennungsanlagen\/#breadcrumb","itemListElement":[{"@type":"ListItem","position":1,"name":"Home","item":"https:\/\/enercon.it\/de\/"},{"@type":"ListItem","position":2,"name":"R\u00fcckgewinnung und Energieeinsparung &#8211; Verbrennungsanlagen"}]},{"@type":"WebSite","@id":"https:\/\/enercon.it\/#website","url":"https:\/\/enercon.it\/","name":"Enercon","description":"Depurazione di inquinanti atmosferici","publisher":{"@id":"https:\/\/enercon.it\/#organization"},"potentialAction":[{"@type":"SearchAction","target":{"@type":"EntryPoint","urlTemplate":"https:\/\/enercon.it\/?s={search_term_string}"},"query-input":{"@type":"PropertyValueSpecification","valueRequired":true,"valueName":"search_term_string"}}],"inLanguage":"de"},{"@type":"Organization","@id":"https:\/\/enercon.it\/#organization","name":"Enercon S.r.l.","url":"https:\/\/enercon.it\/","logo":{"@type":"ImageObject","inLanguage":"de","@id":"https:\/\/enercon.it\/#\/schema\/logo\/image\/","url":"https:\/\/enercon.it\/wp-content\/uploads\/2022\/05\/logo-enercon.png","contentUrl":"https:\/\/enercon.it\/wp-content\/uploads\/2022\/05\/logo-enercon.png","width":270,"height":110,"caption":"Enercon S.r.l."},"image":{"@id":"https:\/\/enercon.it\/#\/schema\/logo\/image\/"}}]}},"_links":{"self":[{"href":"https:\/\/enercon.it\/de\/wp-json\/wp\/v2\/pages\/9859"}],"collection":[{"href":"https:\/\/enercon.it\/de\/wp-json\/wp\/v2\/pages"}],"about":[{"href":"https:\/\/enercon.it\/de\/wp-json\/wp\/v2\/types\/page"}],"author":[{"embeddable":true,"href":"https:\/\/enercon.it\/de\/wp-json\/wp\/v2\/users\/1"}],"replies":[{"embeddable":true,"href":"https:\/\/enercon.it\/de\/wp-json\/wp\/v2\/comments?post=9859"}],"version-history":[{"count":6,"href":"https:\/\/enercon.it\/de\/wp-json\/wp\/v2\/pages\/9859\/revisions"}],"predecessor-version":[{"id":10307,"href":"https:\/\/enercon.it\/de\/wp-json\/wp\/v2\/pages\/9859\/revisions\/10307"}],"wp:featuredmedia":[{"embeddable":true,"href":"https:\/\/enercon.it\/de\/wp-json\/wp\/v2\/media\/8595"}],"wp:attachment":[{"href":"https:\/\/enercon.it\/de\/wp-json\/wp\/v2\/media?parent=9859"}],"curies":[{"name":"wp","href":"https:\/\/api.w.org\/{rel}","templated":true}]}}