{"id":9856,"date":"2022-07-19T12:31:59","date_gmt":"2022-07-19T12:31:59","guid":{"rendered":"https:\/\/enercon.it\/industrielle-hydraulikanlagen\/"},"modified":"2023-01-10T13:44:47","modified_gmt":"2023-01-10T13:44:47","slug":"industrielle-hydraulikanlagen","status":"publish","type":"page","link":"https:\/\/enercon.it\/de\/industrielle-hydraulikanlagen\/","title":{"rendered":"Industrielle Hydraulikanlagen"},"content":{"rendered":"<p>[vc_row full_width=&#8220;stretch_row&#8220; pix_padding_top=&#8220;padding No&#8220; pix_padding_bottom=&#8220;padding No&#8220; gradient_colors=&#8220;%5B%7B%7D%5D&#8220; css=&#8220;.vc_custom_1659946466527{padding-top: 150px !important;padding-bottom: 150px !important;background-image: url(https:\/\/enercon.it\/wp-content\/uploads\/Impianto-sala-pompe-distribuzione-acqu-di-raffreddamento-forno-FL-colata-continua-Gruppo-Feralpi-Romania-copia.jpg?id=6418) !important;background-position: center !important;background-repeat: no-repeat !important;background-size: cover !important;}&#8220;][vc_column][common_title title=&#8220;Industrielle Hydraulikanlagen&#8220; color=&#8220;white-heading&#8220;][\/common_title][\/vc_column][\/vc_row][vc_row pix_padding_top=&#8220;padding No&#8220; pix_padding_bottom=&#8220;padding No&#8220; radius=&#8220;pix-rounded&#8220; overflow=&#8220;on&#8220; top_offset=&#8220;-100px&#8220; gradient_colors=&#8220;%5B%7B%7D%5D&#8220; shadow=&#8220;pix-shadow&#8220; shadow_values=&#8220;%5B%7B%22horizontal%22%3A%220%22%2C%22vertical%22%3A%222%22%2C%22blur%22%3A%2210%22%2C%22spread%22%3A%225px%22%2C%22color%22%3A%22%23000000%22%2C%22opacity%22%3A%2210%22%7D%5D&#8220;][vc_column pix_padding_top=&#8220;padding S&#8220; pix_padding_bottom=&#8220;padding S&#8220; gradient_colors=&#8220;%5B%7B%7D%5D&#8220; css=&#8220;.vc_custom_1652800232515{background-color: #ffffff !important;}&#8220;][vc_row_inner content_placement=&#8220;middle&#8220; gap=&#8220;35&#8243; gradient_colors=&#8220;%5B%7B%7D%5D&#8220; el_class=&#8220;swap-on-mobile&#8220;][vc_column_inner width=&#8220;1\/2&#8243;][vc_single_image image=&#8220;6182&#8243; img_size=&#8220;full&#8220;][\/vc_column_inner][vc_column_inner width=&#8220;1\/2&#8243;][vc_column_text]Der Kundschaft einen vollst\u00e4ndigen Service bieten: Das ist der Esprit mit dem Enercon ihre Abteilung <strong>Industrielle Hydraulikanlagen<\/strong> angelegt hat, mit der Gew\u00e4hrleistung der Noteins\u00e4tze sowohl zur Realisierung neuer Anlagen, als auch zur ordentlichen und au\u00dferordentlichen Wartung bereits vorhandener Anlagen. Enercon entwirft und baut daher mit gepr\u00fcften Schwei\u00dfern Systeme in den <strong>Bereichen Hydraulik, Pneumatik und \u00d6lhydraulik<\/strong>.[\/vc_column_text][\/vc_column_inner][\/vc_row_inner][\/vc_column][\/vc_row][vc_row gap=&#8220;35&#8243; content_placement=&#8220;middle&#8220; gradient_colors=&#8220;%5B%7B%7D%5D&#8220;][vc_column width=&#8220;1\/2&#8243;][common_title title=&#8220;Die Installationen, die wir machen&#8220; position=&#8220;text-left&#8220;][\/common_title][common_icon_box icon_type=&#8220;font&#8220; icon_pixfontawesome=&#8220;fa fa-angle-right&#8220; icon_size=&#8220;pix-icon-s&#8220; title=&#8220;Prim\u00e4r- und Prozesswasserk\u00fchlung, Rezirkulation und Filtrationssysteme&#8220; css=&#8220;.vc_custom_1658234320337{padding-bottom: 10px !important;}&#8220;][\/common_icon_box][common_icon_box icon_type=&#8220;font&#8220; icon_pixfontawesome=&#8220;fa fa-angle-right&#8220; icon_size=&#8220;pix-icon-s&#8220; title=&#8220;Kl\u00e4ranlagen f\u00fcr Abwasser&#8220; css=&#8220;.vc_custom_1658234330537{padding-bottom: 10px !important;}&#8220;][\/common_icon_box][common_icon_box icon_type=&#8220;font&#8220; icon_pixfontawesome=&#8220;fa fa-angle-right&#8220; icon_size=&#8220;pix-icon-s&#8220; title=&#8220;Hydraulik- und Schmierungsanlagen&#8220; css=&#8220;.vc_custom_1658234338608{padding-bottom: 10px !important;}&#8220;][\/common_icon_box][common_icon_box icon_type=&#8220;font&#8220; icon_pixfontawesome=&#8220;fa fa-angle-right&#8220; icon_size=&#8220;pix-icon-s&#8220; title=&#8220;Bordseitige Installationen&#8220; css=&#8220;.vc_custom_1658234349867{padding-bottom: 10px !important;}&#8220;][\/common_icon_box][common_icon_box icon_type=&#8220;font&#8220; icon_pixfontawesome=&#8220;fa fa-angle-right&#8220; icon_size=&#8220;pix-icon-s&#8220; title=&#8220;Verteilungssysteme f\u00fcr Gas, Druckluft und technische Gase und Fl\u00fcssigkeiten im Allgemeinen&#8220; css=&#8220;.vc_custom_1658234359856{padding-bottom: 10px !important;}&#8220;][\/common_icon_box][common_icon_box icon_type=&#8220;font&#8220; icon_pixfontawesome=&#8220;fa fa-angle-right&#8220; icon_size=&#8220;pix-icon-s&#8220; title=&#8220;Erneuerung bestehender Anlagen&#8220; css=&#8220;.vc_custom_1658234371440{padding-bottom: 10px !important;}&#8220;][\/common_icon_box][common_icon_box icon_type=&#8220;font&#8220; icon_pixfontawesome=&#8220;fa fa-angle-right&#8220; icon_size=&#8220;pix-icon-s&#8220; title=&#8220;Rohrleitungen und industrielle Rohrleitungssysteme&#8220; css=&#8220;.vc_custom_1658234381047{padding-bottom: 10px !important;}&#8220;][\/common_icon_box][\/vc_column][vc_column width=&#8220;1\/2&#8243; gradient_colors=&#8220;%5B%7B%7D%5D&#8220; css=&#8220;.vc_custom_1668615821268{padding-top: 30px !important;}&#8220;][common_title title=&#8220;Technisches Datenblatt herunterladen&#8220;][\/common_title][common_button text=&#8220;Industrielle Hydraulikanlagen&#8220; link=&#8220;url:https%3A%2F%2Fenercon.it%2Fwp-content%2Fuploads%2Fdownload%2FEnercon_Depliant_Idraulica-%2520ENG.pdf|target:_blank&#8220; size_v=&#8220;pix-v-l&#8220; position=&#8220;pix-text-center&#8220; css=&#8220;.vc_custom_1673358285509{margin-top: 10px !important;margin-bottom: 10px !important;}&#8220;][\/vc_column][\/vc_row][vc_row full_width=&#8220;stretch_row&#8220; gap=&#8220;5&#8243; content_placement=&#8220;middle&#8220; pix_padding_bottom=&#8220;padding No&#8220; gradient_colors=&#8220;%5B%7B%7D%5D&#8220;][vc_column gradient_colors=&#8220;%5B%7B%7D%5D&#8220; offset=&#8220;vc_hidden-xs&#8220;][common_title title=&#8220;Bl\u00e4ttern Sie in der Galerie&#8220;][\/common_title][vc_media_grid style=&#8220;pagination&#8220; items_per_page=&#8220;4&#8243; element_width=&#8220;3&#8243; gap=&#8220;10&#8243; arrows_design=&#8220;vc_arrow-icon-arrow_01_left&#8220; arrows_position=&#8220;outside&#8220; arrows_color=&#8220;black&#8220; loop=&#8220;yes&#8220; grid_id=&#8220;vc_gid:1673358278790-40437bd22d6cff49a3bdc189ed3d90ea-3&#8243; include=&#8220;6178,6179,6180,6181,6182,6183,6184,6185,6186,6187,6339,6340&#8243;][\/vc_column][\/vc_row][vc_row full_width=&#8220;stretch_row&#8220; gap=&#8220;5&#8243; content_placement=&#8220;middle&#8220; pix_padding_bottom=&#8220;padding No&#8220; gradient_colors=&#8220;%5B%7B%7D%5D&#8220;][vc_column gradient_colors=&#8220;%5B%7B%7D%5D&#8220; offset=&#8220;vc_hidden-lg vc_hidden-md vc_hidden-sm&#8220;][common_title title=&#8220;Bl\u00e4ttern Sie in der Galerie&#8220;][\/common_title][vc_media_grid style=&#8220;pagination&#8220; items_per_page=&#8220;1&#8243; element_width=&#8220;12&#8243; gap=&#8220;10&#8243; arrows_design=&#8220;vc_arrow-icon-arrow_01_left&#8220; arrows_position=&#8220;outside&#8220; arrows_color=&#8220;black&#8220; loop=&#8220;yes&#8220; grid_id=&#8220;vc_gid:1673358278843-49e962e7193a551faebdc845d25f9932-4&#8243; include=&#8220;6178,6179,6180,6181,6182,6183,6184,6185,6186,6187,6339,6340&#8243;][\/vc_column][\/vc_row][vc_row full_width=&#8220;stretch_row&#8220; pix_padding_top=&#8220;padding M&#8220; pix_padding_bottom=&#8220;padding M&#8220; gradient_colors=&#8220;%5B%7B%7D%5D&#8220; pix_padding=&#8220;pix-padding-both&#8220; pix_padding_size=&#8220;pix-padding-xl&#8220; css=&#8220;.vc_custom_1658389159337{background-color: #f7f7f7 !important;}&#8220;][vc_column][common_title title=&#8220;Kontaktieren Sie uns f\u00fcr weitere Informationen.&#8220; padding=&#8220;off&#8220;][\/common_title][common_cform7 form_id=&#8220;1768&#8243; box_gap=&#8220;50&#8243;][\/vc_column][\/vc_row]<\/p>\n","protected":false},"excerpt":{"rendered":"<p>[vc_row full_width=&#8220;stretch_row&#8220; pix_padding_top=&#8220;padding No&#8220; pix_padding_bottom=&#8220;padding No&#8220; gradient_colors=&#8220;%5B%7B%7D%5D&#8220; css=&#8220;.vc_custom_1659946466527{padding-top: 150px !important;padding-bottom: 150px !important;background-image: url(https:\/\/enercon.it\/wp-content\/uploads\/Impianto-sala-pompe-distribuzione-acqu-di-raffreddamento-forno-FL-colata-continua-Gruppo-Feralpi-Romania-copia.jpg?id=6418) !important;background-position: center !important;background-repeat: no-repeat !important;background-size: cover !important;}&#8220;][vc_column][common_title title=&#8220;Industrielle Hydraulikanlagen&#8220; color=&#8220;white-heading&#8220;][\/common_title][\/vc_column][\/vc_row][vc_row pix_padding_top=&#8220;padding No&#8220; pix_padding_bottom=&#8220;padding No&#8220; radius=&#8220;pix-rounded&#8220; overflow=&#8220;on&#8220; top_offset=&#8220;-100px&#8220; gradient_colors=&#8220;%5B%7B%7D%5D&#8220; shadow=&#8220;pix-shadow&#8220; shadow_values=&#8220;%5B%7B%22horizontal%22%3A%220%22%2C%22vertical%22%3A%222%22%2C%22blur%22%3A%2210%22%2C%22spread%22%3A%225px%22%2C%22color%22%3A%22%23000000%22%2C%22opacity%22%3A%2210%22%7D%5D&#8220;][vc_column pix_padding_top=&#8220;padding S&#8220; pix_padding_bottom=&#8220;padding S&#8220; gradient_colors=&#8220;%5B%7B%7D%5D&#8220; css=&#8220;.vc_custom_1652800232515{background-color: #ffffff !important;}&#8220;][vc_row_inner content_placement=&#8220;middle&#8220; gap=&#8220;35&#8243; gradient_colors=&#8220;%5B%7B%7D%5D&#8220; el_class=&#8220;swap-on-mobile&#8220;][vc_column_inner width=&#8220;1\/2&#8243;][vc_single_image image=&#8220;6182&#8243; img_size=&#8220;full&#8220;][\/vc_column_inner][vc_column_inner width=&#8220;1\/2&#8243;][vc_column_text]Der Kundschaft einen vollst\u00e4ndigen Service bieten: Das [&hellip;]<\/p>\n","protected":false},"author":1,"featured_media":8565,"parent":0,"menu_order":0,"comment_status":"closed","ping_status":"closed","template":"page-home.php","meta":{"inline_featured_image":false,"footnotes":""},"class_list":["post-9856","page","type-page","status-publish","has-post-thumbnail","hentry"],"yoast_head":"<!-- This site is optimized with the Yoast SEO plugin v23.8 - https:\/\/yoast.com\/wordpress\/plugins\/seo\/ -->\n<title>Industrielle Hydraulikanlagen | Enercon<\/title>\n<meta name=\"description\" content=\"Enercon bietet industrielle Hydraulikdienste an. Routinem\u00e4\u00dfige und au\u00dferordentliche Wartung der bestehenden Anlagen. Erfahren Sie mehr.\" \/>\n<meta name=\"robots\" content=\"index, follow, max-snippet:-1, max-image-preview:large, max-video-preview:-1\" \/>\n<link rel=\"canonical\" href=\"https:\/\/enercon.it\/de\/industrielle-hydraulikanlagen\/\" \/>\n<meta property=\"og:locale\" content=\"de_DE\" \/>\n<meta property=\"og:type\" content=\"article\" \/>\n<meta property=\"og:title\" content=\"Industrielle Hydraulikanlagen | Enercon\" \/>\n<meta property=\"og:description\" content=\"Enercon bietet industrielle Hydraulikdienste an. Routinem\u00e4\u00dfige und au\u00dferordentliche Wartung der bestehenden Anlagen. Erfahren Sie mehr.\" \/>\n<meta property=\"og:url\" content=\"https:\/\/enercon.it\/de\/industrielle-hydraulikanlagen\/\" \/>\n<meta property=\"og:site_name\" content=\"Enercon\" \/>\n<meta property=\"article:modified_time\" content=\"2023-01-10T13:44:47+00:00\" \/>\n<meta property=\"og:image\" content=\"https:\/\/enercon.it\/wp-content\/uploads\/impiantistica-oleodinamica-idraulica-Impianto-raffreddamento-colata-alluminio-Rafinaria-Capra-Metalli-Italia.jpg\" \/>\n\t<meta property=\"og:image:width\" content=\"900\" \/>\n\t<meta property=\"og:image:height\" content=\"600\" \/>\n\t<meta property=\"og:image:type\" content=\"image\/jpeg\" \/>\n<meta name=\"twitter:card\" content=\"summary_large_image\" \/>\n<meta name=\"twitter:label1\" content=\"Gesch\u00e4tzte Lesezeit\" \/>\n\t<meta name=\"twitter:data1\" content=\"4\u00a0Minuten\" \/>\n<script type=\"application\/ld+json\" class=\"yoast-schema-graph\">{\"@context\":\"https:\/\/schema.org\",\"@graph\":[{\"@type\":\"WebPage\",\"@id\":\"https:\/\/enercon.it\/de\/industrielle-hydraulikanlagen\/\",\"url\":\"https:\/\/enercon.it\/de\/industrielle-hydraulikanlagen\/\",\"name\":\"Industrielle Hydraulikanlagen | Enercon\",\"isPartOf\":{\"@id\":\"https:\/\/enercon.it\/#website\"},\"primaryImageOfPage\":{\"@id\":\"https:\/\/enercon.it\/de\/industrielle-hydraulikanlagen\/#primaryimage\"},\"image\":{\"@id\":\"https:\/\/enercon.it\/de\/industrielle-hydraulikanlagen\/#primaryimage\"},\"thumbnailUrl\":\"https:\/\/enercon.it\/wp-content\/uploads\/impiantistica-oleodinamica-idraulica-Impianto-raffreddamento-colata-alluminio-Rafinaria-Capra-Metalli-Italia.jpg\",\"datePublished\":\"2022-07-19T12:31:59+00:00\",\"dateModified\":\"2023-01-10T13:44:47+00:00\",\"description\":\"Enercon bietet industrielle Hydraulikdienste an. Routinem\u00e4\u00dfige und au\u00dferordentliche Wartung der bestehenden Anlagen. Erfahren Sie mehr.\",\"breadcrumb\":{\"@id\":\"https:\/\/enercon.it\/de\/industrielle-hydraulikanlagen\/#breadcrumb\"},\"inLanguage\":\"de\",\"potentialAction\":[{\"@type\":\"ReadAction\",\"target\":[\"https:\/\/enercon.it\/de\/industrielle-hydraulikanlagen\/\"]}]},{\"@type\":\"ImageObject\",\"inLanguage\":\"de\",\"@id\":\"https:\/\/enercon.it\/de\/industrielle-hydraulikanlagen\/#primaryimage\",\"url\":\"https:\/\/enercon.it\/wp-content\/uploads\/impiantistica-oleodinamica-idraulica-Impianto-raffreddamento-colata-alluminio-Rafinaria-Capra-Metalli-Italia.jpg\",\"contentUrl\":\"https:\/\/enercon.it\/wp-content\/uploads\/impiantistica-oleodinamica-idraulica-Impianto-raffreddamento-colata-alluminio-Rafinaria-Capra-Metalli-Italia.jpg\",\"width\":900,\"height\":600},{\"@type\":\"BreadcrumbList\",\"@id\":\"https:\/\/enercon.it\/de\/industrielle-hydraulikanlagen\/#breadcrumb\",\"itemListElement\":[{\"@type\":\"ListItem\",\"position\":1,\"name\":\"Home\",\"item\":\"https:\/\/enercon.it\/de\/\"},{\"@type\":\"ListItem\",\"position\":2,\"name\":\"Industrielle Hydraulikanlagen\"}]},{\"@type\":\"WebSite\",\"@id\":\"https:\/\/enercon.it\/#website\",\"url\":\"https:\/\/enercon.it\/\",\"name\":\"Enercon\",\"description\":\"Depurazione di inquinanti atmosferici\",\"publisher\":{\"@id\":\"https:\/\/enercon.it\/#organization\"},\"potentialAction\":[{\"@type\":\"SearchAction\",\"target\":{\"@type\":\"EntryPoint\",\"urlTemplate\":\"https:\/\/enercon.it\/?s={search_term_string}\"},\"query-input\":{\"@type\":\"PropertyValueSpecification\",\"valueRequired\":true,\"valueName\":\"search_term_string\"}}],\"inLanguage\":\"de\"},{\"@type\":\"Organization\",\"@id\":\"https:\/\/enercon.it\/#organization\",\"name\":\"Enercon S.r.l.\",\"url\":\"https:\/\/enercon.it\/\",\"logo\":{\"@type\":\"ImageObject\",\"inLanguage\":\"de\",\"@id\":\"https:\/\/enercon.it\/#\/schema\/logo\/image\/\",\"url\":\"https:\/\/enercon.it\/wp-content\/uploads\/2022\/05\/logo-enercon.png\",\"contentUrl\":\"https:\/\/enercon.it\/wp-content\/uploads\/2022\/05\/logo-enercon.png\",\"width\":270,\"height\":110,\"caption\":\"Enercon S.r.l.\"},\"image\":{\"@id\":\"https:\/\/enercon.it\/#\/schema\/logo\/image\/\"}}]}<\/script>\n<!-- \/ Yoast SEO plugin. -->","yoast_head_json":{"title":"Industrielle Hydraulikanlagen | Enercon","description":"Enercon bietet industrielle Hydraulikdienste an. Routinem\u00e4\u00dfige und au\u00dferordentliche Wartung der bestehenden Anlagen. Erfahren Sie mehr.","robots":{"index":"index","follow":"follow","max-snippet":"max-snippet:-1","max-image-preview":"max-image-preview:large","max-video-preview":"max-video-preview:-1"},"canonical":"https:\/\/enercon.it\/de\/industrielle-hydraulikanlagen\/","og_locale":"de_DE","og_type":"article","og_title":"Industrielle Hydraulikanlagen | Enercon","og_description":"Enercon bietet industrielle Hydraulikdienste an. Routinem\u00e4\u00dfige und au\u00dferordentliche Wartung der bestehenden Anlagen. Erfahren Sie mehr.","og_url":"https:\/\/enercon.it\/de\/industrielle-hydraulikanlagen\/","og_site_name":"Enercon","article_modified_time":"2023-01-10T13:44:47+00:00","og_image":[{"width":900,"height":600,"url":"https:\/\/enercon.it\/wp-content\/uploads\/impiantistica-oleodinamica-idraulica-Impianto-raffreddamento-colata-alluminio-Rafinaria-Capra-Metalli-Italia.jpg","type":"image\/jpeg"}],"twitter_card":"summary_large_image","twitter_misc":{"Gesch\u00e4tzte Lesezeit":"4\u00a0Minuten"},"schema":{"@context":"https:\/\/schema.org","@graph":[{"@type":"WebPage","@id":"https:\/\/enercon.it\/de\/industrielle-hydraulikanlagen\/","url":"https:\/\/enercon.it\/de\/industrielle-hydraulikanlagen\/","name":"Industrielle Hydraulikanlagen | Enercon","isPartOf":{"@id":"https:\/\/enercon.it\/#website"},"primaryImageOfPage":{"@id":"https:\/\/enercon.it\/de\/industrielle-hydraulikanlagen\/#primaryimage"},"image":{"@id":"https:\/\/enercon.it\/de\/industrielle-hydraulikanlagen\/#primaryimage"},"thumbnailUrl":"https:\/\/enercon.it\/wp-content\/uploads\/impiantistica-oleodinamica-idraulica-Impianto-raffreddamento-colata-alluminio-Rafinaria-Capra-Metalli-Italia.jpg","datePublished":"2022-07-19T12:31:59+00:00","dateModified":"2023-01-10T13:44:47+00:00","description":"Enercon bietet industrielle Hydraulikdienste an. Routinem\u00e4\u00dfige und au\u00dferordentliche Wartung der bestehenden Anlagen. Erfahren Sie mehr.","breadcrumb":{"@id":"https:\/\/enercon.it\/de\/industrielle-hydraulikanlagen\/#breadcrumb"},"inLanguage":"de","potentialAction":[{"@type":"ReadAction","target":["https:\/\/enercon.it\/de\/industrielle-hydraulikanlagen\/"]}]},{"@type":"ImageObject","inLanguage":"de","@id":"https:\/\/enercon.it\/de\/industrielle-hydraulikanlagen\/#primaryimage","url":"https:\/\/enercon.it\/wp-content\/uploads\/impiantistica-oleodinamica-idraulica-Impianto-raffreddamento-colata-alluminio-Rafinaria-Capra-Metalli-Italia.jpg","contentUrl":"https:\/\/enercon.it\/wp-content\/uploads\/impiantistica-oleodinamica-idraulica-Impianto-raffreddamento-colata-alluminio-Rafinaria-Capra-Metalli-Italia.jpg","width":900,"height":600},{"@type":"BreadcrumbList","@id":"https:\/\/enercon.it\/de\/industrielle-hydraulikanlagen\/#breadcrumb","itemListElement":[{"@type":"ListItem","position":1,"name":"Home","item":"https:\/\/enercon.it\/de\/"},{"@type":"ListItem","position":2,"name":"Industrielle Hydraulikanlagen"}]},{"@type":"WebSite","@id":"https:\/\/enercon.it\/#website","url":"https:\/\/enercon.it\/","name":"Enercon","description":"Depurazione di inquinanti atmosferici","publisher":{"@id":"https:\/\/enercon.it\/#organization"},"potentialAction":[{"@type":"SearchAction","target":{"@type":"EntryPoint","urlTemplate":"https:\/\/enercon.it\/?s={search_term_string}"},"query-input":{"@type":"PropertyValueSpecification","valueRequired":true,"valueName":"search_term_string"}}],"inLanguage":"de"},{"@type":"Organization","@id":"https:\/\/enercon.it\/#organization","name":"Enercon S.r.l.","url":"https:\/\/enercon.it\/","logo":{"@type":"ImageObject","inLanguage":"de","@id":"https:\/\/enercon.it\/#\/schema\/logo\/image\/","url":"https:\/\/enercon.it\/wp-content\/uploads\/2022\/05\/logo-enercon.png","contentUrl":"https:\/\/enercon.it\/wp-content\/uploads\/2022\/05\/logo-enercon.png","width":270,"height":110,"caption":"Enercon S.r.l."},"image":{"@id":"https:\/\/enercon.it\/#\/schema\/logo\/image\/"}}]}},"_links":{"self":[{"href":"https:\/\/enercon.it\/de\/wp-json\/wp\/v2\/pages\/9856"}],"collection":[{"href":"https:\/\/enercon.it\/de\/wp-json\/wp\/v2\/pages"}],"about":[{"href":"https:\/\/enercon.it\/de\/wp-json\/wp\/v2\/types\/page"}],"author":[{"embeddable":true,"href":"https:\/\/enercon.it\/de\/wp-json\/wp\/v2\/users\/1"}],"replies":[{"embeddable":true,"href":"https:\/\/enercon.it\/de\/wp-json\/wp\/v2\/comments?post=9856"}],"version-history":[{"count":7,"href":"https:\/\/enercon.it\/de\/wp-json\/wp\/v2\/pages\/9856\/revisions"}],"predecessor-version":[{"id":10314,"href":"https:\/\/enercon.it\/de\/wp-json\/wp\/v2\/pages\/9856\/revisions\/10314"}],"wp:featuredmedia":[{"embeddable":true,"href":"https:\/\/enercon.it\/de\/wp-json\/wp\/v2\/media\/8565"}],"wp:attachment":[{"href":"https:\/\/enercon.it\/de\/wp-json\/wp\/v2\/media?parent=9856"}],"curies":[{"name":"wp","href":"https:\/\/api.w.org\/{rel}","templated":true}]}}