{"id":9853,"date":"2022-07-19T09:01:18","date_gmt":"2022-07-19T09:01:18","guid":{"rendered":"https:\/\/enercon.it\/anlagen-fuer-die-absaugung-und-filterung-von-oelnebeln\/"},"modified":"2023-01-10T13:34:57","modified_gmt":"2023-01-10T13:34:57","slug":"anlagen-fuer-die-absaugung-und-filterung-von-oelnebeln","status":"publish","type":"page","link":"https:\/\/enercon.it\/de\/anlagen-fuer-die-absaugung-und-filterung-von-oelnebeln\/","title":{"rendered":"Anlagen f\u00fcr die Absaugung und Filterung von \u00d6lnebeln"},"content":{"rendered":"<p>[vc_row full_width=&#8220;stretch_row&#8220; pix_padding_top=&#8220;padding No&#8220; pix_padding_bottom=&#8220;padding No&#8220; gradient_colors=&#8220;%5B%7B%7D%5D&#8220; css=&#8220;.vc_custom_1658388308107{padding-top: 150px !important;padding-bottom: 150px !important;background-image: url(https:\/\/enercon.it\/wp-content\/uploads\/nebbie-oleose-header-background.jpg?id=6171) !important;background-position: center !important;background-repeat: no-repeat !important;background-size: cover !important;}&#8220;][vc_column][common_title title=&#8220;\u00d6lnebelabzugsanlagen&#8220; color=&#8220;white-heading&#8220;][\/common_title][\/vc_column][\/vc_row][vc_row pix_padding_top=&#8220;padding No&#8220; pix_padding_bottom=&#8220;padding No&#8220; radius=&#8220;pix-rounded&#8220; overflow=&#8220;on&#8220; top_offset=&#8220;-100px&#8220; gradient_colors=&#8220;%5B%7B%7D%5D&#8220; shadow=&#8220;pix-shadow&#8220; shadow_values=&#8220;%5B%7B%22horizontal%22%3A%220%22%2C%22vertical%22%3A%222%22%2C%22blur%22%3A%2210%22%2C%22spread%22%3A%225px%22%2C%22color%22%3A%22%23000000%22%2C%22opacity%22%3A%2210%22%7D%5D&#8220;][vc_column pix_padding_top=&#8220;padding S&#8220; pix_padding_bottom=&#8220;padding S&#8220; gradient_colors=&#8220;%5B%7B%7D%5D&#8220; css=&#8220;.vc_custom_1652800232515{background-color: #ffffff !important;}&#8220;][vc_row_inner content_placement=&#8220;middle&#8220; gap=&#8220;35&#8243; gradient_colors=&#8220;%5B%7B%7D%5D&#8220; el_class=&#8220;swap-on-mobile&#8220;][vc_column_inner width=&#8220;1\/2&#8243;][common_video url=&#8220;https:\/\/www.youtube.com\/watch?v=8vIgMeGJd2I&#8220; color=&#8220;rgba(255,255,255,0.01)&#8220; video_opacity=&#8220;40&#8243; image=&#8220;6159&#8243; height=&#8220;400px&#8220;][\/common_video][\/vc_column_inner][vc_column_inner width=&#8220;1\/2&#8243;][vc_column_text css=&#8220;.vc_custom_1668674385510{padding-bottom: 30px !important;}&#8220;]\u00d6lnebel entsteht in der Regel bei verschiedenen industriellen und mechanischen Prozessen , bei denen brennbare \u00d6le oder Schmierstoffe verwendet werden. Dank der Zusammenarbeit sowohl mit den Anwendern als mit den Herstellern von Produktionsanlagen, hat Enercon eine komplette Palette von <strong>L\u00f6sungen zur Absaugung und Filtrierung von \u00d6lnebel<\/strong> unter Ber\u00fccksichtigung der <strong>Ersparnis\/Energier\u00fcckgewinnung.<\/strong> Insbesondere die von Enercon hergestellten, von unseren Technikern montierten und getesteten selbstreinigenden Gewebe- und elektrostatischen Filter erm\u00f6glichen sehr hohe Wirkungsgrade und gew\u00e4hrleisten ein hohes Ma\u00df an Zuverl\u00e4ssigkeit und Betriebskontinuit\u00e4t bei gleichzeitiger Energieeinsparung und <strong>reduzierten Wartungskosten<\/strong>.[\/vc_column_text][\/vc_column_inner][\/vc_row_inner][\/vc_column][\/vc_row][vc_row gap=&#8220;35&#8243; gradient_colors=&#8220;%5B%7B%7D%5D&#8220;][vc_column width=&#8220;1\/2&#8243; gradient_colors=&#8220;%5B%7B%7D%5D&#8220; css=&#8220;.vc_custom_1668672622669{padding-top: 30px !important;}&#8220;][common_title title=&#8220;Hauptquellen feuchter Luft mit Schadstoffen&#8220; position=&#8220;text-left&#8220;][\/common_title][common_icon_box icon_type=&#8220;font&#8220; icon_pixfontawesome=&#8220;fa fa-radiation&#8220; icon_size=&#8220;pix-icon-s&#8220; title=&#8220;Metalldruckguss (typischerweise Aluminium, Magnesium, Zink usw.)&#8220; css=&#8220;.vc_custom_1658221921703{padding-bottom: 10px !important;}&#8220;][\/common_icon_box][common_icon_box icon_type=&#8220;font&#8220; icon_pixfontawesome=&#8220;fa fa-radiation&#8220; icon_size=&#8220;pix-icon-s&#8220; title=&#8220;Verspr\u00fchen von Trennmitteln&#8220; css=&#8220;.vc_custom_1658221934632{padding-bottom: 10px !important;}&#8220;][\/common_icon_box][common_icon_box icon_type=&#8220;font&#8220; icon_pixfontawesome=&#8220;fa fa-radiation&#8220; icon_size=&#8220;pix-icon-s&#8220; title=&#8220;Mechanische Verarbeitungen&#8220; css=&#8220;.vc_custom_1658221944480{padding-bottom: 10px !important;}&#8220;][\/common_icon_box][common_icon_box icon_type=&#8220;font&#8220; icon_pixfontawesome=&#8220;fa fa-radiation&#8220; icon_size=&#8220;pix-icon-s&#8220; title=&#8220;Verspr\u00fchen von K\u00fchlwasser&#8220; css=&#8220;.vc_custom_1658221963842{padding-bottom: 10px !important;}&#8220;][\/common_icon_box][common_icon_box icon_type=&#8220;font&#8220; icon_pixfontawesome=&#8220;fa fa-radiation&#8220; icon_size=&#8220;pix-icon-s&#8220; title=&#8220;Verspr\u00fchen von Schmier-, K\u00fchl und Schneid\u00f6l&#8220; css=&#8220;.vc_custom_1658222066309{padding-bottom: 10px !important;}&#8220;][\/common_icon_box][\/vc_column][vc_column width=&#8220;1\/2&#8243; gradient_colors=&#8220;%5B%7B%7D%5D&#8220; css=&#8220;.vc_custom_1668672627048{padding-top: 30px !important;}&#8220;][common_title title=&#8220;\u00d6lnebel-Filtrationsprodukte&#8220; position=&#8220;text-left&#8220;][\/common_title][common_icon_box icon_type=&#8220;font&#8220; icon_pixfontawesome=&#8220;fa fa-angle-right&#8220; icon_size=&#8220;pix-icon-s&#8220; title=&#8220;Mechanische Netzfilter&#8220; css=&#8220;.vc_custom_1658222106885{padding-bottom: 10px !important;}&#8220;][\/common_icon_box][common_icon_box icon_type=&#8220;font&#8220; icon_pixfontawesome=&#8220;fa fa-angle-right&#8220; icon_size=&#8220;pix-icon-s&#8220; title=&#8220;Mechanische Patronenfilter&#8220; css=&#8220;.vc_custom_1658222116801{padding-bottom: 10px !important;}&#8220;][\/common_icon_box][common_icon_box icon_type=&#8220;font&#8220; icon_pixfontawesome=&#8220;fa fa-angle-right&#8220; icon_size=&#8220;pix-icon-s&#8220; title=&#8220;Koaleszenzfilter&#8220; css=&#8220;.vc_custom_1658222165744{padding-bottom: 10px !important;}&#8220;][\/common_icon_box][common_icon_box icon_type=&#8220;font&#8220; icon_pixfontawesome=&#8220;fa fa-angle-right&#8220; icon_size=&#8220;pix-icon-s&#8220; title=&#8220;Elektrostatische Filter mit automatischer programmierbarer Reinigung&#8220; css=&#8220;.vc_custom_1658222127396{padding-bottom: 10px !important;}&#8220;][\/common_icon_box][common_icon_box icon_type=&#8220;font&#8220; icon_pixfontawesome=&#8220;fa fa-angle-right&#8220; icon_size=&#8220;pix-icon-s&#8220; title=&#8220;Hocheffiziente Filter f\u00fcr die Raumluftumw\u00e4lzung&#8220; css=&#8220;.vc_custom_1665577342341{padding-bottom: 10px !important;}&#8220;][\/common_icon_box][\/vc_column][\/vc_row][vc_row full_width=&#8220;stretch_row&#8220; pix_padding_top=&#8220;padding M&#8220; pix_padding_bottom=&#8220;padding M&#8220; gradient_colors=&#8220;%5B%7B%7D%5D&#8220; css=&#8220;.vc_custom_1658386263269{background-image: url(https:\/\/enercon.it\/wp-content\/uploads\/nebbie-oleose-background.jpg?id=6167) !important;background-position: center !important;background-repeat: no-repeat !important;background-size: cover !important;}&#8220; el_class=&#8220;titolo-bianco&#8220;][vc_column][vc_row_inner][vc_column_inner width=&#8220;1\/2&#8243;][common_title title=&#8220;Die entwickelten Filtrationsanlagen&#8220; position=&#8220;text-left&#8220;][\/common_title][vc_column_text]<\/p>\n<ul>\n<li style=\"color: #fff; padding-bottom: 20px;\">Abzugs- und Filtersysteme auf einzelnen Maschinen mit Aussto\u00dfung der gefilterten Luft innerhalb der Halle (und somit Energieersparnis in Form von W\u00e4rme im Winter). Setzt <a style=\"color: #fff; text-decoration: underline; font-weight: bold;\" href=\"https:\/\/enercon.it\/de\/luftreinigungssystem\/\">Enercon Sanibox<\/a> in Absaug- und Filteranlagen zur Hygienisierung und Verbesserung der Luftqualit\u00e4t ein.<\/li>\n<li style=\"color: #fff; padding-bottom: 20px;\">Abzugs- und Filtersysteme auf einzelnen Maschinen mit Aussto\u00dfung der gefilterten Luft au\u00dferhalb der Halle.<\/li>\n<li style=\"color: #fff; padding-bottom: 20px;\">\u2022 Abzugssysteme auf einzelnen Maschinen mit Zentraler Filtrierung f\u00fcr mehrere Maschinen und Aussto\u00dfen der gefilterten Luft innerhalb der Halle (mit eventueller <a style=\"color: #fff; text-decoration: underline; font-weight: bold;\" href=\"https:\/\/enercon.it\/de\/rueckgewinnung-und-energieeinsparung-verbrennungsanlagen\/\">W\u00e4rmer\u00fcckgewinnung<\/a>, wo technisch m\u00f6glich und \u00f6konomisch g\u00fcnstig).<\/li>\n<\/ul>\n<p>[\/vc_column_text][\/vc_column_inner][vc_column_inner width=&#8220;1\/2&#8243;][\/vc_column_inner][\/vc_row_inner][\/vc_column][\/vc_row][vc_row][vc_column][common_title title=&#8220;Technisches Datenblatt herunterladen&#8220;][\/common_title][vc_row_inner gap=&#8220;10&#8243; gradient_colors=&#8220;%5B%7B%7D%5D&#8220; el_class=&#8220;bottoni&#8220;][vc_column_inner][common_button text=&#8220;\u00d6lnebelabzugsanlagen&#8220; link=&#8220;url:https%3A%2F%2Fenercon.it%2Fwp-content%2Fuploads%2Fdownload%2Fde%2Fscheda-tecnica-nebbie-de.pdf|target:_blank&#8220; size_v=&#8220;pix-v-m&#8220; size_h=&#8220;pix-h-m&#8220; position=&#8220;pix-text-center&#8220; css=&#8220;.vc_custom_1673357694924{margin-top: 10px !important;margin-bottom: 10px !important;}&#8220;][common_button text=&#8220;Elektrostatischer Filter f\u00fcr den Aussto\u00df nach au\u00dfen&#8220; link=&#8220;url:https%3A%2F%2Fenercon.it%2Fwp-content%2Fuploads%2Fdownload%2Ffiltro-elettrostatico-per-espulsione-esterna.pdf|target:_blank&#8220; size_v=&#8220;pix-v-m&#8220; size_h=&#8220;pix-h-m&#8220; position=&#8220;pix-text-center&#8220; css=&#8220;.vc_custom_1665566878836{margin-top: 10px !important;margin-bottom: 10px !important;}&#8220;][common_button text=&#8220;Elektrostatischer Filter f\u00fcr die Raumluftumw\u00e4lzung&#8220; link=&#8220;url:https%3A%2F%2Fenercon.it%2Fwp-content%2Fuploads%2Fdownload%2Ffiltro-elettrostatico-per-ricircolo-in-ambiente.pdf|target:_blank&#8220; size_v=&#8220;pix-v-m&#8220; size_h=&#8220;pix-h-m&#8220; position=&#8220;pix-text-center&#8220; css=&#8220;.vc_custom_1671696876966{margin-top: 10px !important;}&#8220;][\/vc_column_inner][\/vc_row_inner][\/vc_column][\/vc_row][vc_row full_width=&#8220;stretch_row&#8220; gap=&#8220;5&#8243; content_placement=&#8220;middle&#8220; pix_padding_bottom=&#8220;padding No&#8220; gradient_colors=&#8220;%5B%7B%7D%5D&#8220;][vc_column gradient_colors=&#8220;%5B%7B%7D%5D&#8220; offset=&#8220;vc_hidden-xs&#8220;][common_title title=&#8220;Bl\u00e4ttern Sie in der Galerie&#8220;][\/common_title][vc_media_grid style=&#8220;pagination&#8220; items_per_page=&#8220;4&#8243; element_width=&#8220;3&#8243; gap=&#8220;10&#8243; arrows_design=&#8220;vc_arrow-icon-arrow_01_left&#8220; arrows_position=&#8220;outside&#8220; arrows_color=&#8220;black&#8220; loop=&#8220;yes&#8220; grid_id=&#8220;vc_gid:1673357618770-093c89e3ff2710bb770bfa66dd98b17f-10&#8243; include=&#8220;6156,6157,6158,6159,6160,6161,6162,6163,6164,6165,6332,6333&#8243;][\/vc_column][\/vc_row][vc_row full_width=&#8220;stretch_row&#8220; gap=&#8220;5&#8243; content_placement=&#8220;middle&#8220; pix_padding_bottom=&#8220;padding No&#8220; gradient_colors=&#8220;%5B%7B%7D%5D&#8220;][vc_column gradient_colors=&#8220;%5B%7B%7D%5D&#8220; offset=&#8220;vc_hidden-lg vc_hidden-md vc_hidden-sm&#8220;][common_title title=&#8220;Bl\u00e4ttern Sie in der Galerie&#8220;][\/common_title][vc_media_grid style=&#8220;pagination&#8220; items_per_page=&#8220;1&#8243; element_width=&#8220;12&#8243; gap=&#8220;10&#8243; arrows_design=&#8220;vc_arrow-icon-arrow_01_left&#8220; arrows_position=&#8220;outside&#8220; arrows_color=&#8220;black&#8220; loop=&#8220;yes&#8220; grid_id=&#8220;vc_gid:1673357618854-ae9ad0daf92e5e996f442042fa4b9c8a-1&#8243; include=&#8220;6156,6157,6158,6159,6160,6161,6162,6163,6164,6165,6332,6333&#8243;][\/vc_column][\/vc_row][vc_row full_width=&#8220;stretch_row&#8220; pix_padding_top=&#8220;padding M&#8220; pix_padding_bottom=&#8220;padding M&#8220; gradient_colors=&#8220;%5B%7B%7D%5D&#8220; pix_padding=&#8220;pix-padding-both&#8220; pix_padding_size=&#8220;pix-padding-xl&#8220; css=&#8220;.vc_custom_1658389261378{background-color: #f7f7f7 !important;}&#8220;][vc_column][common_title title=&#8220;Kontaktieren Sie uns f\u00fcr weitere Informationen.&#8220; padding=&#8220;off&#8220;][\/common_title][common_cform7 form_id=&#8220;1768&#8243; box_gap=&#8220;50&#8243;][\/vc_column][\/vc_row]<\/p>\n","protected":false},"excerpt":{"rendered":"<p>[vc_row full_width=&#8220;stretch_row&#8220; pix_padding_top=&#8220;padding No&#8220; pix_padding_bottom=&#8220;padding No&#8220; gradient_colors=&#8220;%5B%7B%7D%5D&#8220; css=&#8220;.vc_custom_1658388308107{padding-top: 150px !important;padding-bottom: 150px !important;background-image: url(https:\/\/enercon.it\/wp-content\/uploads\/nebbie-oleose-header-background.jpg?id=6171) !important;background-position: center !important;background-repeat: no-repeat !important;background-size: cover !important;}&#8220;][vc_column][common_title title=&#8220;\u00d6lnebelabzugsanlagen&#8220; color=&#8220;white-heading&#8220;][\/common_title][\/vc_column][\/vc_row][vc_row pix_padding_top=&#8220;padding No&#8220; pix_padding_bottom=&#8220;padding No&#8220; radius=&#8220;pix-rounded&#8220; overflow=&#8220;on&#8220; top_offset=&#8220;-100px&#8220; gradient_colors=&#8220;%5B%7B%7D%5D&#8220; shadow=&#8220;pix-shadow&#8220; shadow_values=&#8220;%5B%7B%22horizontal%22%3A%220%22%2C%22vertical%22%3A%222%22%2C%22blur%22%3A%2210%22%2C%22spread%22%3A%225px%22%2C%22color%22%3A%22%23000000%22%2C%22opacity%22%3A%2210%22%7D%5D&#8220;][vc_column pix_padding_top=&#8220;padding S&#8220; pix_padding_bottom=&#8220;padding S&#8220; gradient_colors=&#8220;%5B%7B%7D%5D&#8220; css=&#8220;.vc_custom_1652800232515{background-color: #ffffff !important;}&#8220;][vc_row_inner content_placement=&#8220;middle&#8220; gap=&#8220;35&#8243; gradient_colors=&#8220;%5B%7B%7D%5D&#8220; el_class=&#8220;swap-on-mobile&#8220;][vc_column_inner width=&#8220;1\/2&#8243;][common_video url=&#8220;https:\/\/www.youtube.com\/watch?v=8vIgMeGJd2I&#8220; color=&#8220;rgba(255,255,255,0.01)&#8220; video_opacity=&#8220;40&#8243; image=&#8220;6159&#8243; height=&#8220;400px&#8220;][\/common_video][\/vc_column_inner][vc_column_inner width=&#8220;1\/2&#8243;][vc_column_text css=&#8220;.vc_custom_1668674385510{padding-bottom: 30px !important;}&#8220;]\u00d6lnebel entsteht [&hellip;]<\/p>\n","protected":false},"author":1,"featured_media":8500,"parent":0,"menu_order":0,"comment_status":"closed","ping_status":"closed","template":"page-home.php","meta":{"inline_featured_image":false,"footnotes":""},"class_list":["post-9853","page","type-page","status-publish","has-post-thumbnail","hentry"],"yoast_head":"<!-- This site is optimized with the Yoast SEO plugin v23.8 - https:\/\/yoast.com\/wordpress\/plugins\/seo\/ -->\n<title>Anlagen f\u00fcr die Absaugung von \u00d6lnebeln | Enercon<\/title>\n<meta name=\"description\" content=\"Enercon entwickelt industrielle Systeme f\u00fcr die Absaugung und Filterung von \u00d6lnebeln. Enercon stellt selbstreinigende, textile und elektrostatische Filter her. Erfahren Sie mehr.\" \/>\n<meta name=\"robots\" content=\"index, follow, max-snippet:-1, max-image-preview:large, max-video-preview:-1\" \/>\n<link rel=\"canonical\" href=\"https:\/\/enercon.it\/de\/anlagen-fuer-die-absaugung-und-filterung-von-oelnebeln\/\" \/>\n<meta property=\"og:locale\" content=\"de_DE\" \/>\n<meta property=\"og:type\" content=\"article\" \/>\n<meta property=\"og:title\" content=\"Anlagen f\u00fcr die Absaugung von \u00d6lnebeln | Enercon\" \/>\n<meta property=\"og:description\" content=\"Enercon entwickelt industrielle Systeme f\u00fcr die Absaugung und Filterung von \u00d6lnebeln. Enercon stellt selbstreinigende, textile und elektrostatische Filter her. Erfahren Sie mehr.\" \/>\n<meta property=\"og:url\" content=\"https:\/\/enercon.it\/de\/anlagen-fuer-die-absaugung-und-filterung-von-oelnebeln\/\" \/>\n<meta property=\"og:site_name\" content=\"Enercon\" \/>\n<meta property=\"article:modified_time\" content=\"2023-01-10T13:34:57+00:00\" \/>\n<meta property=\"og:image\" content=\"https:\/\/enercon.it\/wp-content\/uploads\/impianto-aspirazione-nebbie-oleose-tecopress-spa-colosio-ita.jpg\" \/>\n\t<meta property=\"og:image:width\" content=\"900\" \/>\n\t<meta property=\"og:image:height\" content=\"600\" \/>\n\t<meta property=\"og:image:type\" content=\"image\/jpeg\" \/>\n<meta name=\"twitter:card\" content=\"summary_large_image\" \/>\n<meta name=\"twitter:label1\" content=\"Gesch\u00e4tzte Lesezeit\" \/>\n\t<meta name=\"twitter:data1\" content=\"6\u00a0Minuten\" \/>\n<script type=\"application\/ld+json\" class=\"yoast-schema-graph\">{\"@context\":\"https:\/\/schema.org\",\"@graph\":[{\"@type\":\"WebPage\",\"@id\":\"https:\/\/enercon.it\/de\/anlagen-fuer-die-absaugung-und-filterung-von-oelnebeln\/\",\"url\":\"https:\/\/enercon.it\/de\/anlagen-fuer-die-absaugung-und-filterung-von-oelnebeln\/\",\"name\":\"Anlagen f\u00fcr die Absaugung von \u00d6lnebeln | Enercon\",\"isPartOf\":{\"@id\":\"https:\/\/enercon.it\/#website\"},\"primaryImageOfPage\":{\"@id\":\"https:\/\/enercon.it\/de\/anlagen-fuer-die-absaugung-und-filterung-von-oelnebeln\/#primaryimage\"},\"image\":{\"@id\":\"https:\/\/enercon.it\/de\/anlagen-fuer-die-absaugung-und-filterung-von-oelnebeln\/#primaryimage\"},\"thumbnailUrl\":\"https:\/\/enercon.it\/wp-content\/uploads\/impianto-aspirazione-nebbie-oleose-tecopress-spa-colosio-ita.jpg\",\"datePublished\":\"2022-07-19T09:01:18+00:00\",\"dateModified\":\"2023-01-10T13:34:57+00:00\",\"description\":\"Enercon entwickelt industrielle Systeme f\u00fcr die Absaugung und Filterung von \u00d6lnebeln. Enercon stellt selbstreinigende, textile und elektrostatische Filter her. Erfahren Sie mehr.\",\"breadcrumb\":{\"@id\":\"https:\/\/enercon.it\/de\/anlagen-fuer-die-absaugung-und-filterung-von-oelnebeln\/#breadcrumb\"},\"inLanguage\":\"de\",\"potentialAction\":[{\"@type\":\"ReadAction\",\"target\":[\"https:\/\/enercon.it\/de\/anlagen-fuer-die-absaugung-und-filterung-von-oelnebeln\/\"]}]},{\"@type\":\"ImageObject\",\"inLanguage\":\"de\",\"@id\":\"https:\/\/enercon.it\/de\/anlagen-fuer-die-absaugung-und-filterung-von-oelnebeln\/#primaryimage\",\"url\":\"https:\/\/enercon.it\/wp-content\/uploads\/impianto-aspirazione-nebbie-oleose-tecopress-spa-colosio-ita.jpg\",\"contentUrl\":\"https:\/\/enercon.it\/wp-content\/uploads\/impianto-aspirazione-nebbie-oleose-tecopress-spa-colosio-ita.jpg\",\"width\":900,\"height\":600},{\"@type\":\"BreadcrumbList\",\"@id\":\"https:\/\/enercon.it\/de\/anlagen-fuer-die-absaugung-und-filterung-von-oelnebeln\/#breadcrumb\",\"itemListElement\":[{\"@type\":\"ListItem\",\"position\":1,\"name\":\"Home\",\"item\":\"https:\/\/enercon.it\/de\/\"},{\"@type\":\"ListItem\",\"position\":2,\"name\":\"Anlagen f\u00fcr die Absaugung und Filterung von \u00d6lnebeln\"}]},{\"@type\":\"WebSite\",\"@id\":\"https:\/\/enercon.it\/#website\",\"url\":\"https:\/\/enercon.it\/\",\"name\":\"Enercon\",\"description\":\"Depurazione di inquinanti atmosferici\",\"publisher\":{\"@id\":\"https:\/\/enercon.it\/#organization\"},\"potentialAction\":[{\"@type\":\"SearchAction\",\"target\":{\"@type\":\"EntryPoint\",\"urlTemplate\":\"https:\/\/enercon.it\/?s={search_term_string}\"},\"query-input\":{\"@type\":\"PropertyValueSpecification\",\"valueRequired\":true,\"valueName\":\"search_term_string\"}}],\"inLanguage\":\"de\"},{\"@type\":\"Organization\",\"@id\":\"https:\/\/enercon.it\/#organization\",\"name\":\"Enercon S.r.l.\",\"url\":\"https:\/\/enercon.it\/\",\"logo\":{\"@type\":\"ImageObject\",\"inLanguage\":\"de\",\"@id\":\"https:\/\/enercon.it\/#\/schema\/logo\/image\/\",\"url\":\"https:\/\/enercon.it\/wp-content\/uploads\/2022\/05\/logo-enercon.png\",\"contentUrl\":\"https:\/\/enercon.it\/wp-content\/uploads\/2022\/05\/logo-enercon.png\",\"width\":270,\"height\":110,\"caption\":\"Enercon S.r.l.\"},\"image\":{\"@id\":\"https:\/\/enercon.it\/#\/schema\/logo\/image\/\"}}]}<\/script>\n<!-- \/ Yoast SEO plugin. -->","yoast_head_json":{"title":"Anlagen f\u00fcr die Absaugung von \u00d6lnebeln | Enercon","description":"Enercon entwickelt industrielle Systeme f\u00fcr die Absaugung und Filterung von \u00d6lnebeln. Enercon stellt selbstreinigende, textile und elektrostatische Filter her. Erfahren Sie mehr.","robots":{"index":"index","follow":"follow","max-snippet":"max-snippet:-1","max-image-preview":"max-image-preview:large","max-video-preview":"max-video-preview:-1"},"canonical":"https:\/\/enercon.it\/de\/anlagen-fuer-die-absaugung-und-filterung-von-oelnebeln\/","og_locale":"de_DE","og_type":"article","og_title":"Anlagen f\u00fcr die Absaugung von \u00d6lnebeln | Enercon","og_description":"Enercon entwickelt industrielle Systeme f\u00fcr die Absaugung und Filterung von \u00d6lnebeln. Enercon stellt selbstreinigende, textile und elektrostatische Filter her. Erfahren Sie mehr.","og_url":"https:\/\/enercon.it\/de\/anlagen-fuer-die-absaugung-und-filterung-von-oelnebeln\/","og_site_name":"Enercon","article_modified_time":"2023-01-10T13:34:57+00:00","og_image":[{"width":900,"height":600,"url":"https:\/\/enercon.it\/wp-content\/uploads\/impianto-aspirazione-nebbie-oleose-tecopress-spa-colosio-ita.jpg","type":"image\/jpeg"}],"twitter_card":"summary_large_image","twitter_misc":{"Gesch\u00e4tzte Lesezeit":"6\u00a0Minuten"},"schema":{"@context":"https:\/\/schema.org","@graph":[{"@type":"WebPage","@id":"https:\/\/enercon.it\/de\/anlagen-fuer-die-absaugung-und-filterung-von-oelnebeln\/","url":"https:\/\/enercon.it\/de\/anlagen-fuer-die-absaugung-und-filterung-von-oelnebeln\/","name":"Anlagen f\u00fcr die Absaugung von \u00d6lnebeln | Enercon","isPartOf":{"@id":"https:\/\/enercon.it\/#website"},"primaryImageOfPage":{"@id":"https:\/\/enercon.it\/de\/anlagen-fuer-die-absaugung-und-filterung-von-oelnebeln\/#primaryimage"},"image":{"@id":"https:\/\/enercon.it\/de\/anlagen-fuer-die-absaugung-und-filterung-von-oelnebeln\/#primaryimage"},"thumbnailUrl":"https:\/\/enercon.it\/wp-content\/uploads\/impianto-aspirazione-nebbie-oleose-tecopress-spa-colosio-ita.jpg","datePublished":"2022-07-19T09:01:18+00:00","dateModified":"2023-01-10T13:34:57+00:00","description":"Enercon entwickelt industrielle Systeme f\u00fcr die Absaugung und Filterung von \u00d6lnebeln. Enercon stellt selbstreinigende, textile und elektrostatische Filter her. Erfahren Sie mehr.","breadcrumb":{"@id":"https:\/\/enercon.it\/de\/anlagen-fuer-die-absaugung-und-filterung-von-oelnebeln\/#breadcrumb"},"inLanguage":"de","potentialAction":[{"@type":"ReadAction","target":["https:\/\/enercon.it\/de\/anlagen-fuer-die-absaugung-und-filterung-von-oelnebeln\/"]}]},{"@type":"ImageObject","inLanguage":"de","@id":"https:\/\/enercon.it\/de\/anlagen-fuer-die-absaugung-und-filterung-von-oelnebeln\/#primaryimage","url":"https:\/\/enercon.it\/wp-content\/uploads\/impianto-aspirazione-nebbie-oleose-tecopress-spa-colosio-ita.jpg","contentUrl":"https:\/\/enercon.it\/wp-content\/uploads\/impianto-aspirazione-nebbie-oleose-tecopress-spa-colosio-ita.jpg","width":900,"height":600},{"@type":"BreadcrumbList","@id":"https:\/\/enercon.it\/de\/anlagen-fuer-die-absaugung-und-filterung-von-oelnebeln\/#breadcrumb","itemListElement":[{"@type":"ListItem","position":1,"name":"Home","item":"https:\/\/enercon.it\/de\/"},{"@type":"ListItem","position":2,"name":"Anlagen f\u00fcr die Absaugung und Filterung von \u00d6lnebeln"}]},{"@type":"WebSite","@id":"https:\/\/enercon.it\/#website","url":"https:\/\/enercon.it\/","name":"Enercon","description":"Depurazione di inquinanti atmosferici","publisher":{"@id":"https:\/\/enercon.it\/#organization"},"potentialAction":[{"@type":"SearchAction","target":{"@type":"EntryPoint","urlTemplate":"https:\/\/enercon.it\/?s={search_term_string}"},"query-input":{"@type":"PropertyValueSpecification","valueRequired":true,"valueName":"search_term_string"}}],"inLanguage":"de"},{"@type":"Organization","@id":"https:\/\/enercon.it\/#organization","name":"Enercon S.r.l.","url":"https:\/\/enercon.it\/","logo":{"@type":"ImageObject","inLanguage":"de","@id":"https:\/\/enercon.it\/#\/schema\/logo\/image\/","url":"https:\/\/enercon.it\/wp-content\/uploads\/2022\/05\/logo-enercon.png","contentUrl":"https:\/\/enercon.it\/wp-content\/uploads\/2022\/05\/logo-enercon.png","width":270,"height":110,"caption":"Enercon S.r.l."},"image":{"@id":"https:\/\/enercon.it\/#\/schema\/logo\/image\/"}}]}},"_links":{"self":[{"href":"https:\/\/enercon.it\/de\/wp-json\/wp\/v2\/pages\/9853"}],"collection":[{"href":"https:\/\/enercon.it\/de\/wp-json\/wp\/v2\/pages"}],"about":[{"href":"https:\/\/enercon.it\/de\/wp-json\/wp\/v2\/types\/page"}],"author":[{"embeddable":true,"href":"https:\/\/enercon.it\/de\/wp-json\/wp\/v2\/users\/1"}],"replies":[{"embeddable":true,"href":"https:\/\/enercon.it\/de\/wp-json\/wp\/v2\/comments?post=9853"}],"version-history":[{"count":9,"href":"https:\/\/enercon.it\/de\/wp-json\/wp\/v2\/pages\/9853\/revisions"}],"predecessor-version":[{"id":10305,"href":"https:\/\/enercon.it\/de\/wp-json\/wp\/v2\/pages\/9853\/revisions\/10305"}],"wp:featuredmedia":[{"embeddable":true,"href":"https:\/\/enercon.it\/de\/wp-json\/wp\/v2\/media\/8500"}],"wp:attachment":[{"href":"https:\/\/enercon.it\/de\/wp-json\/wp\/v2\/media?parent=9853"}],"curies":[{"name":"wp","href":"https:\/\/api.w.org\/{rel}","templated":true}]}}