{"id":9850,"date":"2022-06-15T13:51:13","date_gmt":"2022-06-15T13:51:13","guid":{"rendered":"https:\/\/enercon.it\/anlagen-fuer-die-absaugung-und-filterung-von-rauch-und-staub\/"},"modified":"2022-12-22T08:19:57","modified_gmt":"2022-12-22T08:19:57","slug":"anlagen-fuer-die-absaugung-und-filterung-von-rauch-und-staub","status":"publish","type":"page","link":"https:\/\/enercon.it\/de\/anlagen-fuer-die-absaugung-und-filterung-von-rauch-und-staub\/","title":{"rendered":"Anlagen f\u00fcr die Absaugung und Filterung von Rauch und Staub"},"content":{"rendered":"<p>[vc_row full_width=&#8220;stretch_row&#8220; pix_padding_top=&#8220;padding No&#8220; pix_padding_bottom=&#8220;padding No&#8220; gradient_colors=&#8220;%5B%7B%7D%5D&#8220; css=&#8220;.vc_custom_1668690419881{padding-top: 150px !important;padding-bottom: 150px !important;background-image: url(https:\/\/enercon.it\/wp-content\/uploads\/impianto-aspirazione-fumi-e-polveri2.jpg?id=6335) !important;background-position: center !important;background-repeat: no-repeat !important;background-size: cover !important;}&#8220;][vc_column][common_title title=&#8220;Anlagen f\u00fcr die Absaugung von Rauch und Staub&#8220; color=&#8220;white-heading&#8220;][\/common_title][\/vc_column][\/vc_row][vc_row pix_padding_top=&#8220;padding No&#8220; pix_padding_bottom=&#8220;padding No&#8220; radius=&#8220;pix-rounded&#8220; overflow=&#8220;on&#8220; top_offset=&#8220;-100px&#8220; gradient_colors=&#8220;%5B%7B%7D%5D&#8220; shadow=&#8220;pix-shadow&#8220; shadow_values=&#8220;%5B%7B%22horizontal%22%3A%220%22%2C%22vertical%22%3A%222%22%2C%22blur%22%3A%2210%22%2C%22spread%22%3A%225%22%2C%22color%22%3A%22%23000000%22%2C%22opacity%22%3A%2210%22%7D%5D&#8220;][vc_column pix_padding_top=&#8220;padding S&#8220; pix_padding_bottom=&#8220;padding S&#8220; gradient_colors=&#8220;%5B%7B%7D%5D&#8220; css=&#8220;.vc_custom_1668608655516{background-color: #ffffff !important;}&#8220;][vc_row_inner content_placement=&#8220;middle&#8220; gap=&#8220;35&#8243; gradient_colors=&#8220;%5B%7B%7D%5D&#8220; el_class=&#8220;swap-on-mobile&#8220;][vc_column_inner width=&#8220;1\/2&#8243;][common_video url=&#8220;https:\/\/www.youtube.com\/watch?v=ltweZv0Nky0&#8243; color=&#8220;rgba(255,255,255,0.01)&#8220; video_opacity=&#8220;40&#8243; image=&#8220;6127&#8243; height=&#8220;400px&#8220;][\/common_video][\/vc_column_inner][vc_column_inner width=&#8220;1\/2&#8243;][vc_column_text]Dank der drei\u00dfigj\u00e4hrigen Erfahrung in der Branche ist Enercon in der Lage nicht nur die Anlagen zu liefern, sondern auch die Bed\u00fcrfnisse des Kunden zu analysieren, die besten L\u00f6sungen zu empfehlen, die Einrichtungen, <strong>die Leitungen, Abscheidungs-, Abzugs- und Filtersysteme von Staub oder Rauch<\/strong>bestens zu dimensionieren, auch mit der R\u00fcckgewinnung wo es technisch m\u00f6glich und wirtschaftlich g\u00fcnstig ist.<\/p>\n<p>Besondere Beachtung gilt dem Studium und der Entwicklung der Abscheidungssysteme ( Hauben, T\u00fcllen, etc.), wobei die in den Jahren erworbene Erfahrung \u00fcberaus wichtig ist. Enercon bietet auch einen kundenspezifischen Service f\u00fcr Rauch- und Staubabsaug- und Filteranlagen an, der die verschiedenen Produktionsprozesse ber\u00fccksichtigt.[\/vc_column_text][\/vc_column_inner][\/vc_row_inner][\/vc_column][\/vc_row][vc_row gap=&#8220;35&#8243; gradient_colors=&#8220;%5B%7B%7D%5D&#8220;][vc_column width=&#8220;1\/2&#8243; gradient_colors=&#8220;%5B%7B%7D%5D&#8220; css=&#8220;.vc_custom_1668672548531{padding-top: 30px !important;}&#8220;][common_title title=&#8220;Anwendungen&#8220; position=&#8220;text-left&#8220;][\/common_title][common_icon_box icon_type=&#8220;font&#8220; icon_pixfontawesome=&#8220;fa fa-check&#8220; icon_size=&#8220;pix-icon-s&#8220; title=&#8220;Schmelz\u00f6fen (Turm)&#8220; css=&#8220;.vc_custom_1657293649162{padding-bottom: 10px !important;}&#8220;][\/common_icon_box][common_icon_box icon_type=&#8220;font&#8220; icon_pixfontawesome=&#8220;fa fa-check&#8220; icon_size=&#8220;pix-icon-s&#8220; title=&#8220;Schmelz\u00f6fen (Becken)&#8220; css=&#8220;.vc_custom_1657293657714{padding-bottom: 10px !important;}&#8220;][\/common_icon_box][common_icon_box icon_type=&#8220;font&#8220; icon_pixfontawesome=&#8220;fa fa-check&#8220; icon_size=&#8220;pix-icon-s&#8220; title=&#8220;W\u00e4rmehalteofen&#8220; css=&#8220;.vc_custom_1657293674209{padding-bottom: 10px !important;}&#8220;][\/common_icon_box][common_icon_box icon_type=&#8220;font&#8220; icon_pixfontawesome=&#8220;fa fa-check&#8220; icon_size=&#8220;pix-icon-s&#8220; title=&#8220;Aluminiumschleifanlagen&#8220; css=&#8220;.vc_custom_1657293680992{padding-bottom: 10px !important;}&#8220;][\/common_icon_box][common_icon_box icon_type=&#8220;font&#8220; icon_pixfontawesome=&#8220;fa fa-check&#8220; icon_size=&#8220;pix-icon-s&#8220; title=&#8220;Kokillenguss&#8220; css=&#8220;.vc_custom_1657293694296{padding-bottom: 10px !important;}&#8220;][\/common_icon_box][common_icon_box icon_type=&#8220;font&#8220; icon_pixfontawesome=&#8220;fa fa-check&#8220; icon_size=&#8220;pix-icon-s&#8220; title=&#8220;Sandguss&#8220; css=&#8220;.vc_custom_1657293731566{padding-bottom: 10px !important;}&#8220;][\/common_icon_box][common_icon_box icon_type=&#8220;font&#8220; icon_pixfontawesome=&#8220;fa fa-check&#8220; icon_size=&#8220;pix-icon-s&#8220; title=&#8220;Behandlung und Veredelung von Metallen&#8220; css=&#8220;.vc_custom_1657293705994{padding-bottom: 10px !important;}&#8220;][\/common_icon_box][common_icon_box icon_type=&#8220;font&#8220; icon_pixfontawesome=&#8220;fa fa-check&#8220; icon_size=&#8220;pix-icon-s&#8220; title=&#8220;Messingstanzen&#8220; css=&#8220;.vc_custom_1657293713655{padding-bottom: 10px !important;}&#8220;][\/common_icon_box][common_icon_box icon_type=&#8220;font&#8220; icon_pixfontawesome=&#8220;fa fa-check&#8220; icon_size=&#8220;pix-icon-s&#8220; title=&#8220;Staub aus Behandlungen zur R\u00fcckgewinnung von Metallen und Erde&#8220; css=&#8220;.vc_custom_1657293717983{padding-bottom: 10px !important;}&#8220;][\/common_icon_box][\/vc_column][vc_column width=&#8220;1\/2&#8243; gradient_colors=&#8220;%5B%7B%7D%5D&#8220; css=&#8220;.vc_custom_1668672570574{padding-top: 30px !important;}&#8220;][common_title title=&#8220;Unsere Produkte&#8220; position=&#8220;text-left&#8220;][\/common_title][common_icon_box icon_type=&#8220;font&#8220; icon_pixfontawesome=&#8220;fa fa-angle-right&#8220; icon_size=&#8220;pix-icon-s&#8220; title=&#8220;Beruhigungskammern und Gravitationsk\u00e4ltemaschinen&#8220; css=&#8220;.vc_custom_1658215022762{padding-bottom: 10px !important;}&#8220;][\/common_icon_box][common_icon_box icon_type=&#8220;font&#8220; icon_pixfontawesome=&#8220;fa fa-angle-right&#8220; icon_size=&#8220;pix-icon-s&#8220; title=&#8220;Zyklonstaubabscheider oder Zentrifugalstaubabscheider&#8220; css=&#8220;.vc_custom_1658215046158{padding-bottom: 10px !important;}&#8220;][\/common_icon_box][common_icon_box icon_type=&#8220;font&#8220; icon_pixfontawesome=&#8220;fa fa-angle-right&#8220; icon_size=&#8220;pix-icon-s&#8220; title=&#8220;Beutelfilter, Patronenfilter, Taschenfilter, Aktivkohlefilter und Nassfilter (W\u00e4scher)&#8220; css=&#8220;.vc_custom_1658215061856{padding-bottom: 10px !important;}&#8220;][\/common_icon_box][common_icon_box icon_type=&#8220;font&#8220; icon_pixfontawesome=&#8220;fa fa-angle-right&#8220; icon_size=&#8220;pix-icon-s&#8220; title=&#8220;Regenerative Nachverbrennung-Anlagen zur Minderung fl\u00fcchtiger organischer Stoffe&#8220; css=&#8220;.vc_custom_1658215075916{padding-bottom: 10px !important;}&#8220;][\/common_icon_box][common_icon_box icon_type=&#8220;font&#8220; icon_pixfontawesome=&#8220;fa fa-angle-right&#8220; icon_size=&#8220;pix-icon-s&#8220; title=&#8220;Abschreckanlagen oder Rauchgas-K\u00fchlt\u00fcrme&#8220; css=&#8220;.vc_custom_1658215091709{padding-bottom: 10px !important;}&#8220;][\/common_icon_box][common_icon_box icon_type=&#8220;font&#8220; icon_pixfontawesome=&#8220;fa fa-angle-right&#8220; icon_size=&#8220;pix-icon-s&#8220; title=&#8220;Zugabe von Kalk\/Bikarbonat zur Neutralisierung von S\u00e4ure&#8220; css=&#8220;.vc_custom_1658215104348{padding-bottom: 10px !important;}&#8220;][\/common_icon_box][common_icon_box icon_type=&#8220;font&#8220; icon_pixfontawesome=&#8220;fa fa-angle-right&#8220; icon_size=&#8220;pix-icon-s&#8220; title=&#8220;Zusatz von Aktivkohle zur Abscheidung organischer Mikroschadstoffe&#8220; css=&#8220;.vc_custom_1658215117403{padding-bottom: 10px !important;}&#8220;][\/common_icon_box][common_icon_box icon_type=&#8220;font&#8220; icon_pixfontawesome=&#8220;fa fa-angle-right&#8220; icon_size=&#8220;pix-icon-s&#8220; title=&#8220;Explosionsschutztafeln und Brandmeldesysteme (Inertgas-Systeme, CO2 usw.)&#8220; css=&#8220;.vc_custom_1658215132275{padding-bottom: 10px !important;}&#8220;][\/common_icon_box][\/vc_column][\/vc_row][vc_row pix_padding_top=&#8220;padding No&#8220; gradient_colors=&#8220;%5B%7B%7D%5D&#8220;][vc_column][common_title title=&#8220;Technisches Datenblatt herunterladen&#8220;][\/common_title][vc_row_inner gradient_colors=&#8220;%5B%7B%7D%5D&#8220; el_class=&#8220;bottoni&#8220;][vc_column_inner width=&#8220;1\/2&#8243;][common_button text=&#8220;Rauchabzugs- und Filteranlagen&#8220; link=&#8220;url:https%3A%2F%2Fenercon.it%2Fwp-content%2Fuploads%2Fdownload%2Fde%2Fscheda-tecnica-fumi-de.pdf&#8220; size_v=&#8220;pix-v-l&#8220; position=&#8220;pix-text-center&#8220; css=&#8220;.vc_custom_1671697171170{margin-top: 10px !important;margin-bottom: 10px !important;}&#8220;][\/vc_column_inner][vc_column_inner width=&#8220;1\/2&#8243;][common_button text=&#8220;Staubabzugs- und Filteranlagen&#8220; link=&#8220;url:https%3A%2F%2Fenercon.it%2Fwp-content%2Fuploads%2Fdownload%2Fde%2Fscheda-tecnica-polveri-de.pdf&#8220; size_v=&#8220;pix-v-l&#8220; position=&#8220;pix-text-center&#8220; css=&#8220;.vc_custom_1671697188032{margin-top: 10px !important;margin-bottom: 10px !important;}&#8220;][\/vc_column_inner][\/vc_row_inner][\/vc_column][\/vc_row][vc_row full_width=&#8220;stretch_row&#8220; gap=&#8220;5&#8243; content_placement=&#8220;middle&#8220; pix_padding_bottom=&#8220;padding No&#8220; gradient_colors=&#8220;%5B%7B%7D%5D&#8220;][vc_column gradient_colors=&#8220;%5B%7B%7D%5D&#8220; offset=&#8220;vc_hidden-xs&#8220;][common_title title=&#8220;Bl\u00e4ttern Sie in der Galerie&#8220;][\/common_title][vc_media_grid style=&#8220;pagination&#8220; items_per_page=&#8220;4&#8243; element_width=&#8220;3&#8243; gap=&#8220;10&#8243; arrows_design=&#8220;vc_arrow-icon-arrow_01_left&#8220; arrows_position=&#8220;outside&#8220; arrows_color=&#8220;black&#8220; loop=&#8220;yes&#8220; grid_id=&#8220;vc_gid:1671697081031-3eecf3684e7beef8bb8a71d2a46e886f-7&#8243; include=&#8220;6133,6132,6131,6129,6128,6127,6126,6125,6124,6327,6328,6499&#8243;][\/vc_column][\/vc_row][vc_row full_width=&#8220;stretch_row&#8220; gap=&#8220;5&#8243; content_placement=&#8220;middle&#8220; pix_padding_bottom=&#8220;padding No&#8220; gradient_colors=&#8220;%5B%7B%7D%5D&#8220;][vc_column gradient_colors=&#8220;%5B%7B%7D%5D&#8220; offset=&#8220;vc_hidden-lg vc_hidden-md vc_hidden-sm&#8220;][common_title title=&#8220;Bl\u00e4ttern Sie in der Galerie&#8220;][\/common_title][vc_media_grid style=&#8220;pagination&#8220; items_per_page=&#8220;1&#8243; element_width=&#8220;12&#8243; gap=&#8220;10&#8243; arrows_design=&#8220;vc_arrow-icon-arrow_01_left&#8220; arrows_position=&#8220;outside&#8220; arrows_color=&#8220;black&#8220; loop=&#8220;yes&#8220; grid_id=&#8220;vc_gid:1671697081111-de58d8f0d6c1c560d3ab1b821c11369a-2&#8243; include=&#8220;6133,6132,6131,6129,6128,6127,6126,6125,6124,6327,6328,6499&#8243;][\/vc_column][\/vc_row][vc_row full_width=&#8220;stretch_row&#8220; pix_padding_top=&#8220;padding M&#8220; pix_padding_bottom=&#8220;padding M&#8220; gradient_colors=&#8220;%5B%7B%7D%5D&#8220; pix_padding=&#8220;pix-padding-both&#8220; pix_padding_size=&#8220;pix-padding-xl&#8220; css=&#8220;.vc_custom_1658389320292{background-color: #f7f7f7 !important;}&#8220;][vc_column][common_title title=&#8220;Kontaktieren Sie uns f\u00fcr weitere Informationen.&#8220; padding=&#8220;off&#8220;][\/common_title][common_cform7 form_id=&#8220;1768&#8243; box_gap=&#8220;50&#8243;][\/vc_column][\/vc_row]<\/p>\n","protected":false},"excerpt":{"rendered":"<p>[vc_row full_width=&#8220;stretch_row&#8220; pix_padding_top=&#8220;padding No&#8220; pix_padding_bottom=&#8220;padding No&#8220; gradient_colors=&#8220;%5B%7B%7D%5D&#8220; css=&#8220;.vc_custom_1668690419881{padding-top: 150px !important;padding-bottom: 150px !important;background-image: url(https:\/\/enercon.it\/wp-content\/uploads\/impianto-aspirazione-fumi-e-polveri2.jpg?id=6335) !important;background-position: center !important;background-repeat: no-repeat !important;background-size: cover !important;}&#8220;][vc_column][common_title title=&#8220;Anlagen f\u00fcr die Absaugung von Rauch und Staub&#8220; color=&#8220;white-heading&#8220;][\/common_title][\/vc_column][\/vc_row][vc_row pix_padding_top=&#8220;padding No&#8220; pix_padding_bottom=&#8220;padding No&#8220; radius=&#8220;pix-rounded&#8220; overflow=&#8220;on&#8220; top_offset=&#8220;-100px&#8220; gradient_colors=&#8220;%5B%7B%7D%5D&#8220; shadow=&#8220;pix-shadow&#8220; shadow_values=&#8220;%5B%7B%22horizontal%22%3A%220%22%2C%22vertical%22%3A%222%22%2C%22blur%22%3A%2210%22%2C%22spread%22%3A%225%22%2C%22color%22%3A%22%23000000%22%2C%22opacity%22%3A%2210%22%7D%5D&#8220;][vc_column pix_padding_top=&#8220;padding S&#8220; pix_padding_bottom=&#8220;padding S&#8220; gradient_colors=&#8220;%5B%7B%7D%5D&#8220; css=&#8220;.vc_custom_1668608655516{background-color: #ffffff !important;}&#8220;][vc_row_inner content_placement=&#8220;middle&#8220; gap=&#8220;35&#8243; gradient_colors=&#8220;%5B%7B%7D%5D&#8220; el_class=&#8220;swap-on-mobile&#8220;][vc_column_inner width=&#8220;1\/2&#8243;][common_video url=&#8220;https:\/\/www.youtube.com\/watch?v=ltweZv0Nky0&#8243; color=&#8220;rgba(255,255,255,0.01)&#8220; video_opacity=&#8220;40&#8243; [&hellip;]<\/p>\n","protected":false},"author":1,"featured_media":8460,"parent":0,"menu_order":0,"comment_status":"closed","ping_status":"closed","template":"page-home.php","meta":{"inline_featured_image":false,"footnotes":""},"class_list":["post-9850","page","type-page","status-publish","has-post-thumbnail","hentry"],"yoast_head":"<!-- This site is optimized with the Yoast SEO plugin v23.8 - https:\/\/yoast.com\/wordpress\/plugins\/seo\/ -->\n<title>Anlagen f\u00fcr die Absaugung von Rauch und Staub | Enercon<\/title>\n<meta name=\"description\" content=\"Enercon bietet industrielle Anpassungsdienste f\u00fcr Anlagen f\u00fcr die Absaugung und Filterung. Enercon entwickelt Erfassungsger\u00e4te. Lesen Sie mehr.\" \/>\n<meta name=\"robots\" content=\"index, follow, max-snippet:-1, max-image-preview:large, max-video-preview:-1\" \/>\n<link rel=\"canonical\" href=\"https:\/\/enercon.it\/de\/anlagen-fuer-die-absaugung-und-filterung-von-rauch-und-staub\/\" \/>\n<meta property=\"og:locale\" content=\"de_DE\" \/>\n<meta property=\"og:type\" content=\"article\" \/>\n<meta property=\"og:title\" content=\"Anlagen f\u00fcr die Absaugung von Rauch und Staub | Enercon\" \/>\n<meta property=\"og:description\" content=\"Enercon bietet industrielle Anpassungsdienste f\u00fcr Anlagen f\u00fcr die Absaugung und Filterung. Enercon entwickelt Erfassungsger\u00e4te. Lesen Sie mehr.\" \/>\n<meta property=\"og:url\" content=\"https:\/\/enercon.it\/de\/anlagen-fuer-die-absaugung-und-filterung-von-rauch-und-staub\/\" \/>\n<meta property=\"og:site_name\" content=\"Enercon\" \/>\n<meta property=\"article:modified_time\" content=\"2022-12-22T08:19:57+00:00\" \/>\n<meta property=\"og:image\" content=\"https:\/\/enercon.it\/wp-content\/uploads\/impianto-aspirazione-fumi-e-polveri-leroy-somer-fr.jpg\" \/>\n\t<meta property=\"og:image:width\" content=\"1200\" \/>\n\t<meta property=\"og:image:height\" content=\"800\" \/>\n\t<meta property=\"og:image:type\" content=\"image\/jpeg\" \/>\n<meta name=\"twitter:card\" content=\"summary_large_image\" \/>\n<meta name=\"twitter:label1\" content=\"Gesch\u00e4tzte Lesezeit\" \/>\n\t<meta name=\"twitter:data1\" content=\"6\u00a0Minuten\" \/>\n<script type=\"application\/ld+json\" class=\"yoast-schema-graph\">{\"@context\":\"https:\/\/schema.org\",\"@graph\":[{\"@type\":\"WebPage\",\"@id\":\"https:\/\/enercon.it\/de\/anlagen-fuer-die-absaugung-und-filterung-von-rauch-und-staub\/\",\"url\":\"https:\/\/enercon.it\/de\/anlagen-fuer-die-absaugung-und-filterung-von-rauch-und-staub\/\",\"name\":\"Anlagen f\u00fcr die Absaugung von Rauch und Staub | Enercon\",\"isPartOf\":{\"@id\":\"https:\/\/enercon.it\/#website\"},\"primaryImageOfPage\":{\"@id\":\"https:\/\/enercon.it\/de\/anlagen-fuer-die-absaugung-und-filterung-von-rauch-und-staub\/#primaryimage\"},\"image\":{\"@id\":\"https:\/\/enercon.it\/de\/anlagen-fuer-die-absaugung-und-filterung-von-rauch-und-staub\/#primaryimage\"},\"thumbnailUrl\":\"https:\/\/enercon.it\/wp-content\/uploads\/impianto-aspirazione-fumi-e-polveri-leroy-somer-fr.jpg\",\"datePublished\":\"2022-06-15T13:51:13+00:00\",\"dateModified\":\"2022-12-22T08:19:57+00:00\",\"description\":\"Enercon bietet industrielle Anpassungsdienste f\u00fcr Anlagen f\u00fcr die Absaugung und Filterung. Enercon entwickelt Erfassungsger\u00e4te. Lesen Sie mehr.\",\"breadcrumb\":{\"@id\":\"https:\/\/enercon.it\/de\/anlagen-fuer-die-absaugung-und-filterung-von-rauch-und-staub\/#breadcrumb\"},\"inLanguage\":\"de\",\"potentialAction\":[{\"@type\":\"ReadAction\",\"target\":[\"https:\/\/enercon.it\/de\/anlagen-fuer-die-absaugung-und-filterung-von-rauch-und-staub\/\"]}]},{\"@type\":\"ImageObject\",\"inLanguage\":\"de\",\"@id\":\"https:\/\/enercon.it\/de\/anlagen-fuer-die-absaugung-und-filterung-von-rauch-und-staub\/#primaryimage\",\"url\":\"https:\/\/enercon.it\/wp-content\/uploads\/impianto-aspirazione-fumi-e-polveri-leroy-somer-fr.jpg\",\"contentUrl\":\"https:\/\/enercon.it\/wp-content\/uploads\/impianto-aspirazione-fumi-e-polveri-leroy-somer-fr.jpg\",\"width\":1200,\"height\":800},{\"@type\":\"BreadcrumbList\",\"@id\":\"https:\/\/enercon.it\/de\/anlagen-fuer-die-absaugung-und-filterung-von-rauch-und-staub\/#breadcrumb\",\"itemListElement\":[{\"@type\":\"ListItem\",\"position\":1,\"name\":\"Home\",\"item\":\"https:\/\/enercon.it\/de\/\"},{\"@type\":\"ListItem\",\"position\":2,\"name\":\"Anlagen f\u00fcr die Absaugung und Filterung von Rauch und Staub\"}]},{\"@type\":\"WebSite\",\"@id\":\"https:\/\/enercon.it\/#website\",\"url\":\"https:\/\/enercon.it\/\",\"name\":\"Enercon\",\"description\":\"Depurazione di inquinanti atmosferici\",\"publisher\":{\"@id\":\"https:\/\/enercon.it\/#organization\"},\"potentialAction\":[{\"@type\":\"SearchAction\",\"target\":{\"@type\":\"EntryPoint\",\"urlTemplate\":\"https:\/\/enercon.it\/?s={search_term_string}\"},\"query-input\":{\"@type\":\"PropertyValueSpecification\",\"valueRequired\":true,\"valueName\":\"search_term_string\"}}],\"inLanguage\":\"de\"},{\"@type\":\"Organization\",\"@id\":\"https:\/\/enercon.it\/#organization\",\"name\":\"Enercon S.r.l.\",\"url\":\"https:\/\/enercon.it\/\",\"logo\":{\"@type\":\"ImageObject\",\"inLanguage\":\"de\",\"@id\":\"https:\/\/enercon.it\/#\/schema\/logo\/image\/\",\"url\":\"https:\/\/enercon.it\/wp-content\/uploads\/2022\/05\/logo-enercon.png\",\"contentUrl\":\"https:\/\/enercon.it\/wp-content\/uploads\/2022\/05\/logo-enercon.png\",\"width\":270,\"height\":110,\"caption\":\"Enercon S.r.l.\"},\"image\":{\"@id\":\"https:\/\/enercon.it\/#\/schema\/logo\/image\/\"}}]}<\/script>\n<!-- \/ Yoast SEO plugin. -->","yoast_head_json":{"title":"Anlagen f\u00fcr die Absaugung von Rauch und Staub | Enercon","description":"Enercon bietet industrielle Anpassungsdienste f\u00fcr Anlagen f\u00fcr die Absaugung und Filterung. Enercon entwickelt Erfassungsger\u00e4te. Lesen Sie mehr.","robots":{"index":"index","follow":"follow","max-snippet":"max-snippet:-1","max-image-preview":"max-image-preview:large","max-video-preview":"max-video-preview:-1"},"canonical":"https:\/\/enercon.it\/de\/anlagen-fuer-die-absaugung-und-filterung-von-rauch-und-staub\/","og_locale":"de_DE","og_type":"article","og_title":"Anlagen f\u00fcr die Absaugung von Rauch und Staub | Enercon","og_description":"Enercon bietet industrielle Anpassungsdienste f\u00fcr Anlagen f\u00fcr die Absaugung und Filterung. Enercon entwickelt Erfassungsger\u00e4te. Lesen Sie mehr.","og_url":"https:\/\/enercon.it\/de\/anlagen-fuer-die-absaugung-und-filterung-von-rauch-und-staub\/","og_site_name":"Enercon","article_modified_time":"2022-12-22T08:19:57+00:00","og_image":[{"width":1200,"height":800,"url":"https:\/\/enercon.it\/wp-content\/uploads\/impianto-aspirazione-fumi-e-polveri-leroy-somer-fr.jpg","type":"image\/jpeg"}],"twitter_card":"summary_large_image","twitter_misc":{"Gesch\u00e4tzte Lesezeit":"6\u00a0Minuten"},"schema":{"@context":"https:\/\/schema.org","@graph":[{"@type":"WebPage","@id":"https:\/\/enercon.it\/de\/anlagen-fuer-die-absaugung-und-filterung-von-rauch-und-staub\/","url":"https:\/\/enercon.it\/de\/anlagen-fuer-die-absaugung-und-filterung-von-rauch-und-staub\/","name":"Anlagen f\u00fcr die Absaugung von Rauch und Staub | Enercon","isPartOf":{"@id":"https:\/\/enercon.it\/#website"},"primaryImageOfPage":{"@id":"https:\/\/enercon.it\/de\/anlagen-fuer-die-absaugung-und-filterung-von-rauch-und-staub\/#primaryimage"},"image":{"@id":"https:\/\/enercon.it\/de\/anlagen-fuer-die-absaugung-und-filterung-von-rauch-und-staub\/#primaryimage"},"thumbnailUrl":"https:\/\/enercon.it\/wp-content\/uploads\/impianto-aspirazione-fumi-e-polveri-leroy-somer-fr.jpg","datePublished":"2022-06-15T13:51:13+00:00","dateModified":"2022-12-22T08:19:57+00:00","description":"Enercon bietet industrielle Anpassungsdienste f\u00fcr Anlagen f\u00fcr die Absaugung und Filterung. Enercon entwickelt Erfassungsger\u00e4te. Lesen Sie mehr.","breadcrumb":{"@id":"https:\/\/enercon.it\/de\/anlagen-fuer-die-absaugung-und-filterung-von-rauch-und-staub\/#breadcrumb"},"inLanguage":"de","potentialAction":[{"@type":"ReadAction","target":["https:\/\/enercon.it\/de\/anlagen-fuer-die-absaugung-und-filterung-von-rauch-und-staub\/"]}]},{"@type":"ImageObject","inLanguage":"de","@id":"https:\/\/enercon.it\/de\/anlagen-fuer-die-absaugung-und-filterung-von-rauch-und-staub\/#primaryimage","url":"https:\/\/enercon.it\/wp-content\/uploads\/impianto-aspirazione-fumi-e-polveri-leroy-somer-fr.jpg","contentUrl":"https:\/\/enercon.it\/wp-content\/uploads\/impianto-aspirazione-fumi-e-polveri-leroy-somer-fr.jpg","width":1200,"height":800},{"@type":"BreadcrumbList","@id":"https:\/\/enercon.it\/de\/anlagen-fuer-die-absaugung-und-filterung-von-rauch-und-staub\/#breadcrumb","itemListElement":[{"@type":"ListItem","position":1,"name":"Home","item":"https:\/\/enercon.it\/de\/"},{"@type":"ListItem","position":2,"name":"Anlagen f\u00fcr die Absaugung und Filterung von Rauch und Staub"}]},{"@type":"WebSite","@id":"https:\/\/enercon.it\/#website","url":"https:\/\/enercon.it\/","name":"Enercon","description":"Depurazione di inquinanti atmosferici","publisher":{"@id":"https:\/\/enercon.it\/#organization"},"potentialAction":[{"@type":"SearchAction","target":{"@type":"EntryPoint","urlTemplate":"https:\/\/enercon.it\/?s={search_term_string}"},"query-input":{"@type":"PropertyValueSpecification","valueRequired":true,"valueName":"search_term_string"}}],"inLanguage":"de"},{"@type":"Organization","@id":"https:\/\/enercon.it\/#organization","name":"Enercon S.r.l.","url":"https:\/\/enercon.it\/","logo":{"@type":"ImageObject","inLanguage":"de","@id":"https:\/\/enercon.it\/#\/schema\/logo\/image\/","url":"https:\/\/enercon.it\/wp-content\/uploads\/2022\/05\/logo-enercon.png","contentUrl":"https:\/\/enercon.it\/wp-content\/uploads\/2022\/05\/logo-enercon.png","width":270,"height":110,"caption":"Enercon S.r.l."},"image":{"@id":"https:\/\/enercon.it\/#\/schema\/logo\/image\/"}}]}},"_links":{"self":[{"href":"https:\/\/enercon.it\/de\/wp-json\/wp\/v2\/pages\/9850"}],"collection":[{"href":"https:\/\/enercon.it\/de\/wp-json\/wp\/v2\/pages"}],"about":[{"href":"https:\/\/enercon.it\/de\/wp-json\/wp\/v2\/types\/page"}],"author":[{"embeddable":true,"href":"https:\/\/enercon.it\/de\/wp-json\/wp\/v2\/users\/1"}],"replies":[{"embeddable":true,"href":"https:\/\/enercon.it\/de\/wp-json\/wp\/v2\/comments?post=9850"}],"version-history":[{"count":29,"href":"https:\/\/enercon.it\/de\/wp-json\/wp\/v2\/pages\/9850\/revisions"}],"predecessor-version":[{"id":10269,"href":"https:\/\/enercon.it\/de\/wp-json\/wp\/v2\/pages\/9850\/revisions\/10269"}],"wp:featuredmedia":[{"embeddable":true,"href":"https:\/\/enercon.it\/de\/wp-json\/wp\/v2\/media\/8460"}],"wp:attachment":[{"href":"https:\/\/enercon.it\/de\/wp-json\/wp\/v2\/media?parent=9850"}],"curies":[{"name":"wp","href":"https:\/\/api.w.org\/{rel}","templated":true}]}}