{"id":9847,"date":"2022-05-17T15:40:15","date_gmt":"2022-05-17T15:40:15","guid":{"rendered":"https:\/\/enercon.it\/was-wir-tun\/"},"modified":"2022-11-30T13:53:30","modified_gmt":"2022-11-30T13:53:30","slug":"was-wir-tun","status":"publish","type":"page","link":"https:\/\/enercon.it\/de\/was-wir-tun\/","title":{"rendered":"Was wir tun"},"content":{"rendered":"<p>[vc_row full_width=&#8220;stretch_row&#8220; pix_padding_top=&#8220;padding No&#8220; pix_padding_bottom=&#8220;padding No&#8220; gradient_colors=&#8220;%5B%7B%7D%5D&#8220; css=&#8220;.vc_custom_1668606655842{padding-top: 150px !important;padding-bottom: 150px !important;background-image: url(https:\/\/enercon.it\/wp-content\/uploads\/separatore-impianti-enercon.jpg?id=6013) !important;background-position: center !important;background-repeat: no-repeat !important;background-size: cover !important;}&#8220; el_class=&#8220;titolo&#8220;][vc_column][common_title title=&#8220;Was wir tun&#8220; color=&#8220;white-heading&#8220;][\/common_title][\/vc_column][\/vc_row][vc_row pix_padding_top=&#8220;padding No&#8220; pix_padding_bottom=&#8220;padding No&#8220; radius=&#8220;pix-rounded&#8220; overflow=&#8220;on&#8220; top_offset=&#8220;-100px&#8220; gradient_colors=&#8220;%5B%7B%7D%5D&#8220; shadow=&#8220;pix-shadow&#8220; shadow_values=&#8220;%5B%7B%22horizontal%22%3A%220%22%2C%22vertical%22%3A%222%22%2C%22blur%22%3A%2210%22%2C%22spread%22%3A%225px%22%2C%22color%22%3A%22%23000000%22%2C%22opacity%22%3A%2210%22%7D%5D&#8220;][vc_column pix_padding_top=&#8220;padding S&#8220; pix_padding_bottom=&#8220;padding S&#8220; gradient_colors=&#8220;%5B%7B%7D%5D&#8220; css=&#8220;.vc_custom_1652800232515{background-color: #ffffff !important;}&#8220;][vc_row_inner content_placement=&#8220;top&#8220; gap=&#8220;35&#8243; gradient_colors=&#8220;%5B%7B%7D%5D&#8220;][vc_column_inner][vc_column_text el_class=&#8220;two-col&#8220;]Die von Enercon entwickelten Anlagen sehen vor: <strong>Abscheidungssysteme<\/strong>, installiert in der N\u00e4he der Einleitung der kontaminierten Luft, <strong>Transport- und Absaugsysteme<\/strong> der Luft und <strong>Systeme f\u00fcr die Filterung und den Aussto\u00df in die Atmosph\u00e4re<\/strong>.<\/p>\n<p>Die Abscheidungssysteme werden so entwickelt und realisiert, dass Beibehalten der Betriebs- und Wartungsfreiheit der Produktionsmaschinen bevorzugt und die Umgebungsluft in der sich die Bediener der Maschinen befinden, verbessert wird.<\/p>\n<p>Die F\u00f6rdersysteme sind ausgerichtet, um die hydraulische und energetische Wirksamkeit zu optimieren und dabei Energieverschwendung zu vermeiden und die Kosten f\u00fcr Wartung und Hygiene auf ein Minimum zu reduzieren.<\/p>\n<p>Bei der Entwicklung und Herstellung von Filtersystemen wird aus einer Vielzahl m\u00f6glicher L\u00f6sungen diejenige ausgew\u00e4hlt, die den betrieblichen, gesetzlichen und wirtschaftlichen Anforderungen des Kunden am besten entspricht. Diese Systeme k\u00f6nnen insbesondere verschiedene Filterstufen aufweisen: inertial (Beruhigungskammer, Zyklone usw.), mechanisch (Metallfilter, Patronenfilter, Sackfilter usw.) oder elektrostatisch: dies je nach den Eigenschaften der zu behandelnden Fl\u00fcssigkeiten und der vom Kunden gew\u00fcnschten oder die von den \u00f6rtlich geltenden Richtlinien vorgeschriebenen Emissionsgrenzen.<\/p>\n<p>Jeder Filtertyp ist mit automatischen Reinigungs- oder Waschsystemen ausgestattet, die die Effizienz der Filtration auf einem hohen Niveau halten und so den Wartungsbedarf und die Eingriffskosten reduzieren.<\/p>\n<p>Im Bereich <strong>Industrieanlagen<\/strong>entwickelt und fertigt Enercon Filter- und K\u00fchlanlagen f\u00fcr Wasser, das f\u00fcr verschiedene industrielle Prozesse bestimmt ist, Regenwassersammel- und -aufbereitungsanlagen, Hoch- und Niederdruck-\u00d6l- und Fettverteilungsanlagen, On-Board-Rohrleitungen und Verteilungsnetze f\u00fcr Methan, Sauerstoff und technische Gase. All dies geschieht mit Hilfe von spezialisierten Rohrschlossern und Schwei\u00dfern.[\/vc_column_text][\/vc_column_inner][\/vc_row_inner][\/vc_column][\/vc_row][vc_row pix_padding_top=&#8220;padding No&#8220; pix_padding_bottom=&#8220;padding No&#8220; gradient_colors=&#8220;%5B%7B%7D%5D&#8220;][vc_column][vc_empty_space height=&#8220;100px&#8220;][\/vc_column][\/vc_row][vc_row full_width=&#8220;stretch_row&#8220; pix_padding_bottom=&#8220;padding No&#8220; gradient_colors=&#8220;%5B%7B%7D%5D&#8220; css=&#8220;.vc_custom_1657282229709{padding-bottom: 0px !important;background-color: #f7f7f7 !important;}&#8220;][vc_column][common_title title=&#8220;Womit wir uns besch\u00e4ftigen?&#8220;][\/common_title][\/vc_column][\/vc_row][vc_row full_width=&#8220;stretch_row&#8220; gap=&#8220;35&#8243; equal_height=&#8220;yes&#8220; pix_padding_top=&#8220;padding No&#8220; pix_padding_bottom=&#8220;padding No&#8220; gradient_colors=&#8220;%5B%7B%7D%5D&#8220; css=&#8220;.vc_custom_1668607299886{padding-top: 0px !important;padding-bottom: 0px !important;background-color: #f7f7f7 !important;}&#8220; el_class=&#8220;prod&#8220;][vc_column width=&#8220;1\/4&#8243;][common_icon_box style=&#8220;pix-ibox-top&#8220; position_with_center=&#8220;pix-text-center&#8220; border=&#8220;on&#8220; link=&#8220;url:https%3A%2F%2Fenercon.it%2Fde%2Fanlagen-fuer-die-absaugung-und-filterung-von-rauch-und-staub%2F&#8220; link_type=&#8220;href&#8220; is_animate=&#8220;on&#8220; css_animation=&#8220;bounceIn&#8220; wow_duration=&#8220;1&#8243; wow_delay=&#8220;0.2&#8243; image=&#8220;6111&#8243; btn_link_txt=&#8220;Anlagen f\u00fcr die Absaugung und Filterung von Rauch und Staub&#8220;][\/common_icon_box][\/vc_column][vc_column width=&#8220;1\/4&#8243;][common_icon_box style=&#8220;pix-ibox-top&#8220; position_with_center=&#8220;pix-text-center&#8220; border=&#8220;on&#8220; link=&#8220;url:https%3A%2F%2Fenercon.it%2Fde%2Fanlagen-fuer-die-absaugung-und-filterung-von-oelnebeln%2F&#8220; link_type=&#8220;href&#8220; is_animate=&#8220;on&#8220; css_animation=&#8220;bounceIn&#8220; wow_duration=&#8220;1&#8243; wow_delay=&#8220;0.6&#8243; image=&#8220;6116&#8243; btn_link_txt=&#8220;Anlagen f\u00fcr die Absaugung und Filterung von \u00d6lnebeln&#8220;][\/common_icon_box][\/vc_column][vc_column width=&#8220;1\/4&#8243;][common_icon_box style=&#8220;pix-ibox-top&#8220; position_with_center=&#8220;pix-text-center&#8220; border=&#8220;on&#8220; link=&#8220;url:https%3A%2F%2Fenercon.it%2Fde%2Findustrielle-hydraulikanlagen%2F|title:Impiantistica%20industriale&#8220; link_type=&#8220;href&#8220; is_animate=&#8220;on&#8220; css_animation=&#8220;bounceIn&#8220; wow_duration=&#8220;1&#8243; wow_delay=&#8220;1&#8243; image=&#8220;6117&#8243; btn_link_txt=&#8220;Industrielle Hydraulikanlagen&#8220;][\/common_icon_box][\/vc_column][vc_column width=&#8220;1\/4&#8243;][common_icon_box style=&#8220;pix-ibox-top&#8220; radius=&#8220;pix-rounded&#8220; position_with_center=&#8220;pix-text-center&#8220; border=&#8220;on&#8220; link=&#8220;url:https%3A%2F%2Fenercon.it%2Fde%2Frueckgewinnung-und-energieeinsparung-verbrennungsanlagen%2F&#8220; link_type=&#8220;href&#8220; is_animate=&#8220;on&#8220; css_animation=&#8220;bounceIn&#8220; wow_duration=&#8220;1&#8243; wow_delay=&#8220;1.4&#8243; image=&#8220;6118&#8243; btn_link_txt=&#8220;R\u00fcckgewinnung und Energieeinsparung &#8211; Verbrennungsanlagen&#8220;][\/common_icon_box][\/vc_column][\/vc_row][vc_row full_width=&#8220;stretch_row&#8220; gap=&#8220;35&#8243; equal_height=&#8220;yes&#8220; content_placement=&#8220;middle&#8220; pix_padding_top=&#8220;padding No&#8220; gradient_colors=&#8220;%5B%7B%7D%5D&#8220; css=&#8220;.vc_custom_1668607308675{background-color: #f7f7f7 !important;}&#8220; el_class=&#8220;colonna-centrata prod&#8220;][vc_column width=&#8220;1\/4&#8243;][common_icon_box style=&#8220;pix-ibox-top&#8220; position_with_center=&#8220;pix-text-center&#8220; border=&#8220;on&#8220; link=&#8220;url:https%3A%2F%2Fenercon.it%2Fde%2Fluftreinigungssystem%2F|title:Sistemi%20di%20sanificazione%20aria&#8220; link_type=&#8220;href&#8220; is_animate=&#8220;on&#8220; css_animation=&#8220;bounceIn&#8220; wow_duration=&#8220;1&#8243; wow_delay=&#8220;1.8&#8243; btn_link_txt=&#8220;Luftreinigungssystem&#8220; image=&#8220;6119&#8243;][\/common_icon_box][\/vc_column][vc_column width=&#8220;1\/4&#8243;][common_icon_box style=&#8220;pix-ibox-top&#8220; position_with_center=&#8220;pix-text-center&#8220; border=&#8220;on&#8220; link=&#8220;url:https%3A%2F%2Fenercon.it%2Fde%2Ftechnische-ausruestung-und-spezialanwendungen-fuer-die-industrie%2F&#8220; link_type=&#8220;href&#8220; is_animate=&#8220;on&#8220; css_animation=&#8220;bounceIn&#8220; wow_duration=&#8220;1&#8243; wow_delay=&#8220;2.2&#8243; image=&#8220;6114&#8243; btn_link_txt=&#8220;Technische Ausr\u00fcstung und Spezialanwendungen f\u00fcr die Industrie&#8220;][\/common_icon_box][\/vc_column][vc_column width=&#8220;1\/4&#8243;][common_icon_box style=&#8220;pix-ibox-top&#8220; position_with_center=&#8220;pix-text-center&#8220; border=&#8220;on&#8220; link=&#8220;url:https%3A%2F%2Fenercon.it%2Fde%2Fwartung-und-kundendienst%2F&#8220; link_type=&#8220;href&#8220; is_animate=&#8220;on&#8220; css_animation=&#8220;bounceIn&#8220; wow_duration=&#8220;1&#8243; wow_delay=&#8220;2.6&#8243; image=&#8220;6110&#8243; btn_link_txt=&#8220;Wartung und Kundendienst&#8220;][\/common_icon_box][\/vc_column][\/vc_row][vc_row full_width=&#8220;stretch_row&#8220; pix_padding_top=&#8220;padding XL&#8220; pix_padding_bottom=&#8220;padding XL&#8220; gradient_colors=&#8220;%5B%7B%7D%5D&#8220; css=&#8220;.vc_custom_1658917546780{background-image: url(https:\/\/enercon.it\/wp-content\/uploads\/cosa-facciamo.jpg?id=6367) !important;background-position: center !important;background-repeat: no-repeat !important;background-size: cover !important;}&#8220;][vc_column gradient_colors=&#8220;%5B%7B%7D%5D&#8220; offset=&#8220;vc_hidden-md vc_hidden-sm vc_hidden-xs&#8220;][vc_empty_space height=&#8220;200px&#8220;][\/vc_column][\/vc_row]<\/p>\n","protected":false},"excerpt":{"rendered":"<p>[vc_row full_width=&#8220;stretch_row&#8220; pix_padding_top=&#8220;padding No&#8220; pix_padding_bottom=&#8220;padding No&#8220; gradient_colors=&#8220;%5B%7B%7D%5D&#8220; css=&#8220;.vc_custom_1668606655842{padding-top: 150px !important;padding-bottom: 150px !important;background-image: url(https:\/\/enercon.it\/wp-content\/uploads\/separatore-impianti-enercon.jpg?id=6013) !important;background-position: center !important;background-repeat: no-repeat !important;background-size: cover !important;}&#8220; el_class=&#8220;titolo&#8220;][vc_column][common_title title=&#8220;Was wir tun&#8220; color=&#8220;white-heading&#8220;][\/common_title][\/vc_column][\/vc_row][vc_row pix_padding_top=&#8220;padding No&#8220; pix_padding_bottom=&#8220;padding No&#8220; radius=&#8220;pix-rounded&#8220; overflow=&#8220;on&#8220; top_offset=&#8220;-100px&#8220; gradient_colors=&#8220;%5B%7B%7D%5D&#8220; shadow=&#8220;pix-shadow&#8220; shadow_values=&#8220;%5B%7B%22horizontal%22%3A%220%22%2C%22vertical%22%3A%222%22%2C%22blur%22%3A%2210%22%2C%22spread%22%3A%225px%22%2C%22color%22%3A%22%23000000%22%2C%22opacity%22%3A%2210%22%7D%5D&#8220;][vc_column pix_padding_top=&#8220;padding S&#8220; pix_padding_bottom=&#8220;padding S&#8220; gradient_colors=&#8220;%5B%7B%7D%5D&#8220; css=&#8220;.vc_custom_1652800232515{background-color: #ffffff !important;}&#8220;][vc_row_inner content_placement=&#8220;top&#8220; gap=&#8220;35&#8243; gradient_colors=&#8220;%5B%7B%7D%5D&#8220;][vc_column_inner][vc_column_text el_class=&#8220;two-col&#8220;]Die von Enercon entwickelten Anlagen sehen vor: Abscheidungssysteme, installiert [&hellip;]<\/p>\n","protected":false},"author":1,"featured_media":8530,"parent":0,"menu_order":0,"comment_status":"closed","ping_status":"closed","template":"page-home.php","meta":{"inline_featured_image":false,"footnotes":""},"class_list":["post-9847","page","type-page","status-publish","has-post-thumbnail","hentry"],"yoast_head":"<!-- This site is optimized with the Yoast SEO plugin v23.8 - https:\/\/yoast.com\/wordpress\/plugins\/seo\/ -->\n<title>Anlagenbau und industrielle Anwendungen | Enercon<\/title>\n<meta name=\"description\" content=\"Enercon plant und baut Industrieanlagen f\u00fcr die Filterung, Bef\u00f6rderung und Absaugung. Entdecken Sie auch alle L\u00f6sungen f\u00fcr die Energier\u00fcckgewinnung.\" \/>\n<meta name=\"robots\" content=\"index, follow, max-snippet:-1, max-image-preview:large, max-video-preview:-1\" \/>\n<link rel=\"canonical\" href=\"https:\/\/enercon.it\/de\/was-wir-tun\/\" \/>\n<meta property=\"og:locale\" content=\"de_DE\" \/>\n<meta property=\"og:type\" content=\"article\" \/>\n<meta property=\"og:title\" content=\"Anlagenbau und industrielle Anwendungen | Enercon\" \/>\n<meta property=\"og:description\" content=\"Enercon plant und baut Industrieanlagen f\u00fcr die Filterung, Bef\u00f6rderung und Absaugung. Entdecken Sie auch alle L\u00f6sungen f\u00fcr die Energier\u00fcckgewinnung.\" \/>\n<meta property=\"og:url\" content=\"https:\/\/enercon.it\/de\/was-wir-tun\/\" \/>\n<meta property=\"og:site_name\" content=\"Enercon\" \/>\n<meta property=\"article:modified_time\" content=\"2022-11-30T13:53:30+00:00\" \/>\n<meta property=\"og:image\" content=\"https:\/\/enercon.it\/wp-content\/uploads\/impianto-aspirazione-nebbie-oleose-brixiapress-slovacchia.jpg\" \/>\n\t<meta property=\"og:image:width\" content=\"1200\" \/>\n\t<meta property=\"og:image:height\" content=\"800\" \/>\n\t<meta property=\"og:image:type\" content=\"image\/jpeg\" \/>\n<meta name=\"twitter:card\" content=\"summary_large_image\" \/>\n<meta name=\"twitter:label1\" content=\"Gesch\u00e4tzte Lesezeit\" \/>\n\t<meta name=\"twitter:data1\" content=\"5\u00a0Minuten\" \/>\n<script type=\"application\/ld+json\" class=\"yoast-schema-graph\">{\"@context\":\"https:\/\/schema.org\",\"@graph\":[{\"@type\":\"WebPage\",\"@id\":\"https:\/\/enercon.it\/de\/was-wir-tun\/\",\"url\":\"https:\/\/enercon.it\/de\/was-wir-tun\/\",\"name\":\"Anlagenbau und industrielle Anwendungen | Enercon\",\"isPartOf\":{\"@id\":\"https:\/\/enercon.it\/#website\"},\"primaryImageOfPage\":{\"@id\":\"https:\/\/enercon.it\/de\/was-wir-tun\/#primaryimage\"},\"image\":{\"@id\":\"https:\/\/enercon.it\/de\/was-wir-tun\/#primaryimage\"},\"thumbnailUrl\":\"https:\/\/enercon.it\/wp-content\/uploads\/impianto-aspirazione-nebbie-oleose-brixiapress-slovacchia.jpg\",\"datePublished\":\"2022-05-17T15:40:15+00:00\",\"dateModified\":\"2022-11-30T13:53:30+00:00\",\"description\":\"Enercon plant und baut Industrieanlagen f\u00fcr die Filterung, Bef\u00f6rderung und Absaugung. Entdecken Sie auch alle L\u00f6sungen f\u00fcr die Energier\u00fcckgewinnung.\",\"breadcrumb\":{\"@id\":\"https:\/\/enercon.it\/de\/was-wir-tun\/#breadcrumb\"},\"inLanguage\":\"de\",\"potentialAction\":[{\"@type\":\"ReadAction\",\"target\":[\"https:\/\/enercon.it\/de\/was-wir-tun\/\"]}]},{\"@type\":\"ImageObject\",\"inLanguage\":\"de\",\"@id\":\"https:\/\/enercon.it\/de\/was-wir-tun\/#primaryimage\",\"url\":\"https:\/\/enercon.it\/wp-content\/uploads\/impianto-aspirazione-nebbie-oleose-brixiapress-slovacchia.jpg\",\"contentUrl\":\"https:\/\/enercon.it\/wp-content\/uploads\/impianto-aspirazione-nebbie-oleose-brixiapress-slovacchia.jpg\",\"width\":1200,\"height\":800},{\"@type\":\"BreadcrumbList\",\"@id\":\"https:\/\/enercon.it\/de\/was-wir-tun\/#breadcrumb\",\"itemListElement\":[{\"@type\":\"ListItem\",\"position\":1,\"name\":\"Home\",\"item\":\"https:\/\/enercon.it\/de\/\"},{\"@type\":\"ListItem\",\"position\":2,\"name\":\"Was wir tun\"}]},{\"@type\":\"WebSite\",\"@id\":\"https:\/\/enercon.it\/#website\",\"url\":\"https:\/\/enercon.it\/\",\"name\":\"Enercon\",\"description\":\"Depurazione di inquinanti atmosferici\",\"publisher\":{\"@id\":\"https:\/\/enercon.it\/#organization\"},\"potentialAction\":[{\"@type\":\"SearchAction\",\"target\":{\"@type\":\"EntryPoint\",\"urlTemplate\":\"https:\/\/enercon.it\/?s={search_term_string}\"},\"query-input\":{\"@type\":\"PropertyValueSpecification\",\"valueRequired\":true,\"valueName\":\"search_term_string\"}}],\"inLanguage\":\"de\"},{\"@type\":\"Organization\",\"@id\":\"https:\/\/enercon.it\/#organization\",\"name\":\"Enercon S.r.l.\",\"url\":\"https:\/\/enercon.it\/\",\"logo\":{\"@type\":\"ImageObject\",\"inLanguage\":\"de\",\"@id\":\"https:\/\/enercon.it\/#\/schema\/logo\/image\/\",\"url\":\"https:\/\/enercon.it\/wp-content\/uploads\/2022\/05\/logo-enercon.png\",\"contentUrl\":\"https:\/\/enercon.it\/wp-content\/uploads\/2022\/05\/logo-enercon.png\",\"width\":270,\"height\":110,\"caption\":\"Enercon S.r.l.\"},\"image\":{\"@id\":\"https:\/\/enercon.it\/#\/schema\/logo\/image\/\"}}]}<\/script>\n<!-- \/ Yoast SEO plugin. -->","yoast_head_json":{"title":"Anlagenbau und industrielle Anwendungen | Enercon","description":"Enercon plant und baut Industrieanlagen f\u00fcr die Filterung, Bef\u00f6rderung und Absaugung. Entdecken Sie auch alle L\u00f6sungen f\u00fcr die Energier\u00fcckgewinnung.","robots":{"index":"index","follow":"follow","max-snippet":"max-snippet:-1","max-image-preview":"max-image-preview:large","max-video-preview":"max-video-preview:-1"},"canonical":"https:\/\/enercon.it\/de\/was-wir-tun\/","og_locale":"de_DE","og_type":"article","og_title":"Anlagenbau und industrielle Anwendungen | Enercon","og_description":"Enercon plant und baut Industrieanlagen f\u00fcr die Filterung, Bef\u00f6rderung und Absaugung. Entdecken Sie auch alle L\u00f6sungen f\u00fcr die Energier\u00fcckgewinnung.","og_url":"https:\/\/enercon.it\/de\/was-wir-tun\/","og_site_name":"Enercon","article_modified_time":"2022-11-30T13:53:30+00:00","og_image":[{"width":1200,"height":800,"url":"https:\/\/enercon.it\/wp-content\/uploads\/impianto-aspirazione-nebbie-oleose-brixiapress-slovacchia.jpg","type":"image\/jpeg"}],"twitter_card":"summary_large_image","twitter_misc":{"Gesch\u00e4tzte Lesezeit":"5\u00a0Minuten"},"schema":{"@context":"https:\/\/schema.org","@graph":[{"@type":"WebPage","@id":"https:\/\/enercon.it\/de\/was-wir-tun\/","url":"https:\/\/enercon.it\/de\/was-wir-tun\/","name":"Anlagenbau und industrielle Anwendungen | Enercon","isPartOf":{"@id":"https:\/\/enercon.it\/#website"},"primaryImageOfPage":{"@id":"https:\/\/enercon.it\/de\/was-wir-tun\/#primaryimage"},"image":{"@id":"https:\/\/enercon.it\/de\/was-wir-tun\/#primaryimage"},"thumbnailUrl":"https:\/\/enercon.it\/wp-content\/uploads\/impianto-aspirazione-nebbie-oleose-brixiapress-slovacchia.jpg","datePublished":"2022-05-17T15:40:15+00:00","dateModified":"2022-11-30T13:53:30+00:00","description":"Enercon plant und baut Industrieanlagen f\u00fcr die Filterung, Bef\u00f6rderung und Absaugung. Entdecken Sie auch alle L\u00f6sungen f\u00fcr die Energier\u00fcckgewinnung.","breadcrumb":{"@id":"https:\/\/enercon.it\/de\/was-wir-tun\/#breadcrumb"},"inLanguage":"de","potentialAction":[{"@type":"ReadAction","target":["https:\/\/enercon.it\/de\/was-wir-tun\/"]}]},{"@type":"ImageObject","inLanguage":"de","@id":"https:\/\/enercon.it\/de\/was-wir-tun\/#primaryimage","url":"https:\/\/enercon.it\/wp-content\/uploads\/impianto-aspirazione-nebbie-oleose-brixiapress-slovacchia.jpg","contentUrl":"https:\/\/enercon.it\/wp-content\/uploads\/impianto-aspirazione-nebbie-oleose-brixiapress-slovacchia.jpg","width":1200,"height":800},{"@type":"BreadcrumbList","@id":"https:\/\/enercon.it\/de\/was-wir-tun\/#breadcrumb","itemListElement":[{"@type":"ListItem","position":1,"name":"Home","item":"https:\/\/enercon.it\/de\/"},{"@type":"ListItem","position":2,"name":"Was wir tun"}]},{"@type":"WebSite","@id":"https:\/\/enercon.it\/#website","url":"https:\/\/enercon.it\/","name":"Enercon","description":"Depurazione di inquinanti atmosferici","publisher":{"@id":"https:\/\/enercon.it\/#organization"},"potentialAction":[{"@type":"SearchAction","target":{"@type":"EntryPoint","urlTemplate":"https:\/\/enercon.it\/?s={search_term_string}"},"query-input":{"@type":"PropertyValueSpecification","valueRequired":true,"valueName":"search_term_string"}}],"inLanguage":"de"},{"@type":"Organization","@id":"https:\/\/enercon.it\/#organization","name":"Enercon S.r.l.","url":"https:\/\/enercon.it\/","logo":{"@type":"ImageObject","inLanguage":"de","@id":"https:\/\/enercon.it\/#\/schema\/logo\/image\/","url":"https:\/\/enercon.it\/wp-content\/uploads\/2022\/05\/logo-enercon.png","contentUrl":"https:\/\/enercon.it\/wp-content\/uploads\/2022\/05\/logo-enercon.png","width":270,"height":110,"caption":"Enercon S.r.l."},"image":{"@id":"https:\/\/enercon.it\/#\/schema\/logo\/image\/"}}]}},"_links":{"self":[{"href":"https:\/\/enercon.it\/de\/wp-json\/wp\/v2\/pages\/9847"}],"collection":[{"href":"https:\/\/enercon.it\/de\/wp-json\/wp\/v2\/pages"}],"about":[{"href":"https:\/\/enercon.it\/de\/wp-json\/wp\/v2\/types\/page"}],"author":[{"embeddable":true,"href":"https:\/\/enercon.it\/de\/wp-json\/wp\/v2\/users\/1"}],"replies":[{"embeddable":true,"href":"https:\/\/enercon.it\/de\/wp-json\/wp\/v2\/comments?post=9847"}],"version-history":[{"count":4,"href":"https:\/\/enercon.it\/de\/wp-json\/wp\/v2\/pages\/9847\/revisions"}],"predecessor-version":[{"id":10060,"href":"https:\/\/enercon.it\/de\/wp-json\/wp\/v2\/pages\/9847\/revisions\/10060"}],"wp:featuredmedia":[{"embeddable":true,"href":"https:\/\/enercon.it\/de\/wp-json\/wp\/v2\/media\/8530"}],"wp:attachment":[{"href":"https:\/\/enercon.it\/de\/wp-json\/wp\/v2\/media?parent=9847"}],"curies":[{"name":"wp","href":"https:\/\/api.w.org\/{rel}","templated":true}]}}