{"id":9844,"date":"2022-05-17T07:48:06","date_gmt":"2022-05-17T07:48:06","guid":{"rendered":"https:\/\/enercon.it\/ueber-uns\/"},"modified":"2023-01-17T09:42:47","modified_gmt":"2023-01-17T09:42:47","slug":"ueber-uns","status":"publish","type":"page","link":"https:\/\/enercon.it\/de\/ueber-uns\/","title":{"rendered":"\u00dcber uns"},"content":{"rendered":"<p>[vc_row pix_padding_top=&#8220;padding No&#8220; pix_padding_bottom=&#8220;padding XL&#8220; gradient_colors=&#8220;%5B%7B%7D%5D&#8220; pix_padding=&#8220;pix-padding-both&#8220; css=&#8220;.vc_custom_1668605138356{background-color: #ffffff !important;}&#8220; el_class=&#8220;chi-siamo&#8220;][vc_column width=&#8220;1\/4&#8243; gradient_colors=&#8220;%5B%7B%7D%5D&#8220; css=&#8220;.vc_custom_1563044511886{padding-right: 38px !important;}&#8220;][common_title title=&#8220;Hersteller von Industrieanlagen seit 1980&#8243; padding=&#8220;off&#8220; position=&#8220;text-left&#8220; subtitle=&#8220;WER WIR SIND&#8220;][\/common_title][\/vc_column][vc_column width=&#8220;3\/4&#8243; gradient_colors=&#8220;%5B%7B%7D%5D&#8220; css=&#8220;.vc_custom_1563044519551{padding-left: 12px !important;}&#8220;][vc_column_text]<span style=\"font-weight: 400;\">Enercon ist ein f\u00fchrendes Unternehmen im <strong>Bereich<\/strong> <strong>der Absaug- und Filtersysteme<\/strong> in Italien und weltweit (Division Air Filtration Systems). Die gr\u00fcndliche Kenntnis der Probleme, die sich aus einer mehr als 40-j\u00e4hrigen Erfahrung ergibt, erm\u00f6glicht es dem Unternehmen, angemessene und flexible L\u00f6sungen f\u00fcr spezifische Kundenanforderungen vorzuschlagen und als Bezugspunkt f\u00fcr eine qualifizierte Kundschaft zu fungieren, die sich bereits f\u00fcr die schl\u00fcsselfertige Lieferung von Anlagen entschieden hat.<\/span><\/p>\n<p><span style=\"font-weight: 400;\">Diese Anwendungen beziehen sich auf die unterschiedlichsten industriellen Bereiche und Materialien. besondere Aufmerksamkeit wird den Branche dem Druckguss, dem Stanzen und der mechanischen Verarbeitung von Nichteisenmetallen (Aluminium, Magnesium, Bronze, Messing, Zink) gewidmet. Enercon arbeitet au\u00dfer in der Entwicklung der typischen Anlagen der eigenen Tradition auch im Bereich der <a href=\"https:\/\/enercon.it\/de\/technische-ausruestung-und-spezialanwendungen-fuer-die-industrie\/\"><strong>Spezialanwendungen<\/strong><\/a>, um den eigenen Kunden <strong>personalisierte L\u00f6sungen<\/strong> f\u00fcr spezifische Probleme anbieten zu k\u00f6nnen, sowie im <a href=\"https:\/\/enercon.it\/de\/industrielle-hydraulikanlagen\/\"><strong>Bereich Hydraulik- und Industrieanlagen<\/strong><\/a> mit der Division Hydraulic Systems.<\/span>[\/vc_column_text][vc_row_inner][vc_column_inner][common_button text=&#8220;Daten des Unternehmens&#8220; link=&#8220;url:https%3A%2F%2Fenercon.it%2Fwp-content%2Fuploads%2Fdownload%2Fde%2Fscheda-tecnica-aziendale-DE.pdf|target:_blank&#8220; radius=&#8220;pix-rounded&#8220; size_v=&#8220;pix-v-l&#8220; size_h=&#8220;pix-h-m&#8220; color=&#8220;pix-dark&#8220;][\/vc_column_inner][\/vc_row_inner][\/vc_column][\/vc_row][vc_row full_width=&#8220;stretch_row&#8220; pix_padding_top=&#8220;padding XL&#8220; pix_padding_bottom=&#8220;padding No&#8220; gradient_colors=&#8220;%5B%7B%7D%5D&#8220; pix_padding=&#8220;pix-padding-both&#8220; css=&#8220;.vc_custom_1668605549155{background-color: #f6f6f7 !important;}&#8220; el_class=&#8220;vantaggi&#8220;][vc_column width=&#8220;1\/4&#8243; gradient_colors=&#8220;%5B%7B%7D%5D&#8220; css=&#8220;.vc_custom_1563044527079{padding-right: 38px !important;}&#8220;][common_title title=&#8220;Warum uns w\u00e4hlen&#8220; padding=&#8220;off&#8220; position=&#8220;text-left&#8220; subtitle=&#8220;VORTEILE&#8220;][\/common_title][\/vc_column][vc_column width=&#8220;1\/4&#8243; gradient_colors=&#8220;%5B%7B%7D%5D&#8220; css=&#8220;.vc_custom_1563044667137{padding-right: 25px !important;padding-left: 12px !important;}&#8220;][common_icon_box image=&#8220;6095&#8243; title=&#8220;Qualit\u00e4t&#8220;]Wir verf\u00fcgen \u00fcber alle gesetzlichen Qualit\u00e4tsanforderungen und Zertifizierungen[\/common_icon_box][\/vc_column][vc_column width=&#8220;1\/4&#8243; gradient_colors=&#8220;%5B%7B%7D%5D&#8220; css=&#8220;.vc_custom_1563045186756{padding-right: 13px !important;padding-left: 25px !important;}&#8220;][common_icon_box image=&#8220;6097&#8243; title=&#8220;Sicherheit&#8220;]Wir sorgen f\u00fcr die Einhaltung der Vorschriften und Spezifikationen f\u00fcr die Sicherheit der Arbeitnehmer[\/common_icon_box][\/vc_column][vc_column width=&#8220;1\/4&#8243; gradient_colors=&#8220;%5B%7B%7D%5D&#8220; css=&#8220;.vc_custom_1563045194209{padding-left: 37px !important;}&#8220;][common_icon_box title=&#8220;Erfahrung&#8220; image=&#8220;6093&#8243;]Wir verf\u00fcgen \u00fcber einen breiten Hintergrund, der aus jahrelanger Erfahrung in der Branche resultiert[\/common_icon_box][\/vc_column][\/vc_row][vc_row full_width=&#8220;stretch_row&#8220; pix_padding_top=&#8220;padding S&#8220; pix_padding_bottom=&#8220;padding XL&#8220; gradient_colors=&#8220;%5B%7B%7D%5D&#8220; pix_padding=&#8220;pix-padding-both&#8220; css=&#8220;.vc_custom_1668605555409{background-color: #f6f6f7 !important;}&#8220; el_class=&#8220;vantaggi&#8220;][vc_column width=&#8220;1\/4&#8243; gradient_colors=&#8220;%5B%7B%7D%5D&#8220; css=&#8220;.vc_custom_1563044527079{padding-right: 38px !important;}&#8220;][\/vc_column][vc_column width=&#8220;1\/4&#8243; gradient_colors=&#8220;%5B%7B%7D%5D&#8220; css=&#8220;.vc_custom_1563044667137{padding-right: 25px !important;padding-left: 12px !important;}&#8220;][common_icon_box image=&#8220;6096&#8243; title=&#8220;Personalisierung&#8220;]Wir realisieren Installationen auf der Grundlage spezifischer Kundenanforderungen[\/common_icon_box][\/vc_column][vc_column width=&#8220;1\/4&#8243; gradient_colors=&#8220;%5B%7B%7D%5D&#8220; css=&#8220;.vc_custom_1563045186756{padding-right: 13px !important;padding-left: 25px !important;}&#8220;][common_icon_box image=&#8220;6100&#8243; title=&#8220;Unterst\u00fctzung&#8220;]Wir bieten professionellen und qualifizierten Service und Wartung[\/common_icon_box][\/vc_column][vc_column width=&#8220;1\/4&#8243; gradient_colors=&#8220;%5B%7B%7D%5D&#8220; css=&#8220;.vc_custom_1563045194209{padding-left: 37px !important;}&#8220;][common_icon_box image=&#8220;6098&#8243; title=&#8220;Schl\u00fcsselfertig&#8220;]Unsere schl\u00fcsselfertige Formel vereinfacht die Komplexit\u00e4t der Prozesse[\/common_icon_box][\/vc_column][\/vc_row][vc_row full_width=&#8220;stretch_row&#8220; equal_height=&#8220;yes&#8220; pix_padding_top=&#8220;padding XL&#8220; pix_padding_bottom=&#8220;padding XL&#8220; gradient_colors=&#8220;%5B%7B%7D%5D&#8220; pix_padding=&#8220;pix-padding-both&#8220; css=&#8220;.vc_custom_1656333826176{background-color: #ffffff !important;}&#8220;][vc_column width=&#8220;1\/4&#8243; gradient_colors=&#8220;%5B%7B%7D%5D&#8220; css=&#8220;.vc_custom_1563044567723{padding-right: 38px !important;}&#8220;][common_title title=&#8220;Unsere Geschichte&#8220; padding=&#8220;off&#8220; position=&#8220;text-left&#8220; subtitle=&#8220;ENERCON&#8220;][\/common_title][\/vc_column][vc_column width=&#8220;3\/4&#8243; gradient_colors=&#8220;%5B%7B%7D%5D&#8220; css=&#8220;.vc_custom_1563044589461{padding-left: 12px !important;}&#8220;][common_tab_acc tabs=&#8220;%5B%7B%22label%22%3A%221980%22%2C%22content_t%22%3A%22Enercon%20entsteht%201980%20als%20Antwort%20auf%20die%20besonderen%20Systemanforderungen%20einer%20im%20Bereich%20der%20Aufbereitung%20und%20der%20Abfallentsorgung%20t%C3%A4tigen%20Gruppe.%20Das%20Unternehmen%20ist%20im%20Inland%2C%20aber%20auch%20im%20Ausland%20t%C3%A4tig%20und%20besch%C3%A4ftigt%20sich%20haupts%C3%A4chlich%20mit%20der%20Akquisition%20von%20Auftr%C3%A4gen%20und%20der%20Planung%20von%20Industrieanlagen%20durch%20Outsourcing.%22%2C%22link%22%3A%22url%3Ahttp%253A%252F%252Fideademo.it%252Fenercon%252Fde%252Fwas-wir-tun%252Ftitle%3ACosa%2520facciamo%22%2C%22tab_id%22%3A%221665653503%22%7D%2C%7B%22label%22%3A%221986%22%2C%22content_t%22%3A%22Seit%201986%20hat%20sich%20Enercon%20weiterentwickelt%20und%20eine%20eigene%20Produktionseinheit%20aufgebaut%2C%20in%20der%20die%20Ger%C3%A4te%20selbst%20hergestellt%20werden%2C%20ohne%20auf%20externe%20Werkst%C3%A4tten%20zur%C3%BCckzugreifen.%20Um%20den%20Kunden%20einen%20kompletten%20Wartungs-%20und%20Servicedienst%20anbieten%20zu%20k%C3%B6nnen%2C%20hat%20Enercon%20ein%20gro%C3%9Fes%20Ersatzteillager%20erworben.%22%2C%22link%22%3A%22url%3Ahttp%253A%252F%252Fideademo.it%252Fenercon%252Fde%252Fwas-wir-tun%252Ftitle%3ACosa%2520facciamo%22%2C%22tab_id%22%3A%22352706552%22%7D%2C%7B%22label%22%3A%222000%22%2C%22content_t%22%3A%22Seit%20dem%20Jahr%202000%20haben%20wir%2C%20zum%20Erweitern%20unserer%20Produktpalette%20das%20Markenzeichen%20und%20das%20Know-how%2C%20die%20Patente%20der%20Gesellschaft%20%E2%80%9EIMEF%E2%80%9C%2C%20Spitzenfirma%20seit%2030%20Jahren%20in%20der%20Herstellung%20von%20Verbrennungsanlagen%2C%20erworben.%22%2C%22link%22%3A%22url%3Ahttp%253A%252F%252Fideademo.it%252Fenercon%252Fde%252Fwas-wir-tun%252Ftitle%3ACosa%2520facciamo%22%2C%22tab_id%22%3A%221665653503%22%7D%2C%7B%22label%22%3A%222019%22%2C%22content_t%22%3A%22Im%20Jahr%202019%20investierte%20das%20Unternehmen%20in%20die%20Bioxigen%C2%AE-Technologie%2C%20den%20Kern%20von%20Sanibox.%20Diese%20Technologie%20wurde%20nicht%20nur%20von%20T%C3%9CV%20Profi-Cert%20zertifiziert%2C%20sondern%20in%20einem%20spezialisierten%20Labor%20gem%C3%A4%C3%9F%20der%20Norm%20EN16777-2019%20gegen%20COVID-19%20getestet%20und%20die%20erzielten%20Resultate%20best%C3%A4tigen%2C%20dass%20das%20System%20gegen%20alle%20Viren%20wirksam%20ist%2C%20einschlie%C3%9Flich%20Coronavirus%20SARS-Cov-2.%22%2C%22link%22%3A%22url%3Ahttp%253A%252F%252Fideademo.it%252Fenercon%252Fde%252Fwas-wir-tun%252Ftitle%3ACosa%2520facciamo%22%2C%22tab_id%22%3A%221618635055%22%7D%2C%7B%22label%22%3A%222020%22%2C%22content_t%22%3A%22Neben%20der%20Entwicklung%20von%20Anlagen%2C%20die%20f%C3%BCr%20die%20Tradition%20des%20Unternehmens%20typisch%20sind%2C%20widmet%20sich%20Enercon%20dem%20Marine-%20und%20Schiffbausektor%20f%C3%BCr%20den%20Bau%20von%20Aluminium-Prototypen%20und%20er%C3%B6ffnet%202020%20die%20Division%20Enercon%20Marine.%22%2C%22link%22%3A%22url%3Ahttp%253A%252F%252Fideademo.it%252Fenercon%252Fde%252Fwas-wir-tun%252Ftitle%3ACosa%2520facciamo%22%2C%22tab_id%22%3A%221618635055%22%7D%5D&#8220;][common_button text=&#8220;Unsere Dienstleistungen&#8220; link=&#8220;url:https%3A%2F%2Fenercon.it%2Fde%2Fwas-wir-tun%2F|target:_blank&#8220; radius=&#8220;pix-rounded&#8220; size_v=&#8220;pix-v-l&#8220; size_h=&#8220;pix-h-m&#8220; color=&#8220;pix-dark&#8220;][\/vc_column][\/vc_row][vc_row full_width=&#8220;stretch_row&#8220; equal_height=&#8220;yes&#8220; pix_padding_top=&#8220;padding XL&#8220; pix_padding_bottom=&#8220;padding XL&#8220; ptextcolor=&#8220;Black&#8220; gradient_colors=&#8220;%5B%7B%7D%5D&#8220; pix_padding=&#8220;pix-padding-both&#8220; css=&#8220;.vc_custom_1656334152884{background-color: #f6f6f7 !important;}&#8220;][vc_column width=&#8220;1\/4&#8243; gradient_colors=&#8220;%5B%7B%7D%5D&#8220; css=&#8220;.vc_custom_1563044559417{padding-right: 38px !important;}&#8220;][common_title title=&#8220;Unsere Qualit\u00e4tspolitik&#8220; padding=&#8220;off&#8220; position=&#8220;text-left&#8220; subtitle=&#8220;ZERTIFIKATE&#8220;][\/common_title][\/vc_column][vc_column width=&#8220;3\/4&#8243; gradient_colors=&#8220;%5B%7B%7D%5D&#8220; css=&#8220;.vc_custom_1563044595682{padding-left: 12px !important;}&#8220;][vc_column_text]Enercon weist ebenso fundierte Kenntnisse der Richtlinien, Regeln und Gesetze auf, die &#8211; in ihrer Komplexit\u00e4t &#8211; viele Realisierungen und T\u00e4tigkeiten in der Industrie schwierig machen. Die technische Abteilung der Enercon steht f\u00fcr eine gewinnbringende Zusammenarbeit und weitere Informationen zu Ihrer Verf\u00fcgung. Das gesamte Enercon-Personal ist in die Qualit\u00e4tspolitik eingebunden, und alle Unternehmensprozesse unterliegen einer st\u00e4ndigen Kontrolle.[\/vc_column_text][common_icon_box icon_type=&#8220;font&#8220; icon_pixfontawesome=&#8220;fa fa-check&#8220; icon_size=&#8220;pix-icon-s&#8220; link=&#8220;url:https%3A%2F%2Fenercon.it%2Fwp-content%2Fuploads%2Fdownload%2Fen%2FCertficato_ISO-9001-scad._3.10.2023_ en.pdf&#8220; title=&#8220;Zertifikat ISO 9001:2015&#8243;][\/common_icon_box][common_icon_box icon_type=&#8220;font&#8220; icon_pixfontawesome=&#8220;fa fa-check&#8220; icon_size=&#8220;pix-icon-s&#8220; link=&#8220;url:https%3A%2F%2Fenercon.it%2Fwp-content%2Fuploads%2Fdownload%2Fen%2FCERTIFICATE-N-3900372-EN1090-en.pdf&#8220; title=&#8220;Zertifikat EN1090 1:2009 + A1:2011&#8243;][\/common_icon_box][common_icon_box icon_type=&#8220;font&#8220; icon_pixfontawesome=&#8220;fa fa-check&#8220; icon_size=&#8220;pix-icon-s&#8220; link=&#8220;url:https%3A%2F%2Fenercon.it%2Fwp-content%2Fuploads%2FCertificate_A47E53D7-292_en.pdf&#8220; title=&#8220;Zertifikat EN-ISO-3834&#8243;][\/common_icon_box][\/vc_column][\/vc_row]<\/p>\n","protected":false},"excerpt":{"rendered":"<p>[vc_row pix_padding_top=&#8220;padding No&#8220; pix_padding_bottom=&#8220;padding XL&#8220; gradient_colors=&#8220;%5B%7B%7D%5D&#8220; pix_padding=&#8220;pix-padding-both&#8220; css=&#8220;.vc_custom_1668605138356{background-color: #ffffff !important;}&#8220; el_class=&#8220;chi-siamo&#8220;][vc_column width=&#8220;1\/4&#8243; gradient_colors=&#8220;%5B%7B%7D%5D&#8220; css=&#8220;.vc_custom_1563044511886{padding-right: 38px !important;}&#8220;][common_title title=&#8220;Hersteller von Industrieanlagen seit 1980&#8243; padding=&#8220;off&#8220; position=&#8220;text-left&#8220; subtitle=&#8220;WER WIR SIND&#8220;][\/common_title][\/vc_column][vc_column width=&#8220;3\/4&#8243; gradient_colors=&#8220;%5B%7B%7D%5D&#8220; css=&#8220;.vc_custom_1563044519551{padding-left: 12px !important;}&#8220;][vc_column_text]Enercon ist ein f\u00fchrendes Unternehmen im Bereich der Absaug- und Filtersysteme in Italien und weltweit (Division Air Filtration Systems). Die gr\u00fcndliche Kenntnis der Probleme, die [&hellip;]<\/p>\n","protected":false},"author":1,"featured_media":8500,"parent":0,"menu_order":0,"comment_status":"closed","ping_status":"closed","template":"","meta":{"inline_featured_image":false,"footnotes":""},"class_list":["post-9844","page","type-page","status-publish","has-post-thumbnail","hentry"],"yoast_head":"<!-- This site is optimized with the Yoast SEO plugin v23.8 - https:\/\/yoast.com\/wordpress\/plugins\/seo\/ -->\n<title>Hersteller von Industrieanlagen | Enercon<\/title>\n<meta name=\"description\" content=\"Enercon ist f\u00fchrend auf dem Gebiet der Anlagen f\u00fcr die Absaugung und Filterung. Enercon bietet schl\u00fcsselfertige Anlagen f\u00fcr den Einsatz in industriellen Bereichen. Lesen Sie mehr.\" \/>\n<meta name=\"robots\" content=\"index, follow, max-snippet:-1, max-image-preview:large, max-video-preview:-1\" \/>\n<link rel=\"canonical\" href=\"https:\/\/enercon.it\/de\/ueber-uns\/\" \/>\n<meta property=\"og:locale\" content=\"de_DE\" \/>\n<meta property=\"og:type\" content=\"article\" \/>\n<meta property=\"og:title\" content=\"Hersteller von Industrieanlagen | Enercon\" \/>\n<meta property=\"og:description\" content=\"Enercon ist f\u00fchrend auf dem Gebiet der Anlagen f\u00fcr die Absaugung und Filterung. Enercon bietet schl\u00fcsselfertige Anlagen f\u00fcr den Einsatz in industriellen Bereichen. Lesen Sie mehr.\" \/>\n<meta property=\"og:url\" content=\"https:\/\/enercon.it\/de\/ueber-uns\/\" \/>\n<meta property=\"og:site_name\" content=\"Enercon\" \/>\n<meta property=\"article:modified_time\" content=\"2023-01-17T09:42:47+00:00\" \/>\n<meta property=\"og:image\" content=\"https:\/\/enercon.it\/wp-content\/uploads\/impianto-aspirazione-nebbie-oleose-tecopress-spa-colosio-ita.jpg\" \/>\n\t<meta property=\"og:image:width\" content=\"900\" \/>\n\t<meta property=\"og:image:height\" content=\"600\" \/>\n\t<meta property=\"og:image:type\" content=\"image\/jpeg\" \/>\n<meta name=\"twitter:card\" content=\"summary_large_image\" \/>\n<meta name=\"twitter:label1\" content=\"Gesch\u00e4tzte Lesezeit\" \/>\n\t<meta name=\"twitter:data1\" content=\"7\u00a0Minuten\" \/>\n<script type=\"application\/ld+json\" class=\"yoast-schema-graph\">{\"@context\":\"https:\/\/schema.org\",\"@graph\":[{\"@type\":\"WebPage\",\"@id\":\"https:\/\/enercon.it\/de\/ueber-uns\/\",\"url\":\"https:\/\/enercon.it\/de\/ueber-uns\/\",\"name\":\"Hersteller von Industrieanlagen | Enercon\",\"isPartOf\":{\"@id\":\"https:\/\/enercon.it\/#website\"},\"primaryImageOfPage\":{\"@id\":\"https:\/\/enercon.it\/de\/ueber-uns\/#primaryimage\"},\"image\":{\"@id\":\"https:\/\/enercon.it\/de\/ueber-uns\/#primaryimage\"},\"thumbnailUrl\":\"https:\/\/enercon.it\/wp-content\/uploads\/impianto-aspirazione-nebbie-oleose-tecopress-spa-colosio-ita.jpg\",\"datePublished\":\"2022-05-17T07:48:06+00:00\",\"dateModified\":\"2023-01-17T09:42:47+00:00\",\"description\":\"Enercon ist f\u00fchrend auf dem Gebiet der Anlagen f\u00fcr die Absaugung und Filterung. Enercon bietet schl\u00fcsselfertige Anlagen f\u00fcr den Einsatz in industriellen Bereichen. Lesen Sie mehr.\",\"breadcrumb\":{\"@id\":\"https:\/\/enercon.it\/de\/ueber-uns\/#breadcrumb\"},\"inLanguage\":\"de\",\"potentialAction\":[{\"@type\":\"ReadAction\",\"target\":[\"https:\/\/enercon.it\/de\/ueber-uns\/\"]}]},{\"@type\":\"ImageObject\",\"inLanguage\":\"de\",\"@id\":\"https:\/\/enercon.it\/de\/ueber-uns\/#primaryimage\",\"url\":\"https:\/\/enercon.it\/wp-content\/uploads\/impianto-aspirazione-nebbie-oleose-tecopress-spa-colosio-ita.jpg\",\"contentUrl\":\"https:\/\/enercon.it\/wp-content\/uploads\/impianto-aspirazione-nebbie-oleose-tecopress-spa-colosio-ita.jpg\",\"width\":900,\"height\":600},{\"@type\":\"BreadcrumbList\",\"@id\":\"https:\/\/enercon.it\/de\/ueber-uns\/#breadcrumb\",\"itemListElement\":[{\"@type\":\"ListItem\",\"position\":1,\"name\":\"Home\",\"item\":\"https:\/\/enercon.it\/de\/\"},{\"@type\":\"ListItem\",\"position\":2,\"name\":\"\u00dcber uns\"}]},{\"@type\":\"WebSite\",\"@id\":\"https:\/\/enercon.it\/#website\",\"url\":\"https:\/\/enercon.it\/\",\"name\":\"Enercon\",\"description\":\"Depurazione di inquinanti atmosferici\",\"publisher\":{\"@id\":\"https:\/\/enercon.it\/#organization\"},\"potentialAction\":[{\"@type\":\"SearchAction\",\"target\":{\"@type\":\"EntryPoint\",\"urlTemplate\":\"https:\/\/enercon.it\/?s={search_term_string}\"},\"query-input\":{\"@type\":\"PropertyValueSpecification\",\"valueRequired\":true,\"valueName\":\"search_term_string\"}}],\"inLanguage\":\"de\"},{\"@type\":\"Organization\",\"@id\":\"https:\/\/enercon.it\/#organization\",\"name\":\"Enercon S.r.l.\",\"url\":\"https:\/\/enercon.it\/\",\"logo\":{\"@type\":\"ImageObject\",\"inLanguage\":\"de\",\"@id\":\"https:\/\/enercon.it\/#\/schema\/logo\/image\/\",\"url\":\"https:\/\/enercon.it\/wp-content\/uploads\/2022\/05\/logo-enercon.png\",\"contentUrl\":\"https:\/\/enercon.it\/wp-content\/uploads\/2022\/05\/logo-enercon.png\",\"width\":270,\"height\":110,\"caption\":\"Enercon S.r.l.\"},\"image\":{\"@id\":\"https:\/\/enercon.it\/#\/schema\/logo\/image\/\"}}]}<\/script>\n<!-- \/ Yoast SEO plugin. -->","yoast_head_json":{"title":"Hersteller von Industrieanlagen | Enercon","description":"Enercon ist f\u00fchrend auf dem Gebiet der Anlagen f\u00fcr die Absaugung und Filterung. Enercon bietet schl\u00fcsselfertige Anlagen f\u00fcr den Einsatz in industriellen Bereichen. Lesen Sie mehr.","robots":{"index":"index","follow":"follow","max-snippet":"max-snippet:-1","max-image-preview":"max-image-preview:large","max-video-preview":"max-video-preview:-1"},"canonical":"https:\/\/enercon.it\/de\/ueber-uns\/","og_locale":"de_DE","og_type":"article","og_title":"Hersteller von Industrieanlagen | Enercon","og_description":"Enercon ist f\u00fchrend auf dem Gebiet der Anlagen f\u00fcr die Absaugung und Filterung. Enercon bietet schl\u00fcsselfertige Anlagen f\u00fcr den Einsatz in industriellen Bereichen. Lesen Sie mehr.","og_url":"https:\/\/enercon.it\/de\/ueber-uns\/","og_site_name":"Enercon","article_modified_time":"2023-01-17T09:42:47+00:00","og_image":[{"width":900,"height":600,"url":"https:\/\/enercon.it\/wp-content\/uploads\/impianto-aspirazione-nebbie-oleose-tecopress-spa-colosio-ita.jpg","type":"image\/jpeg"}],"twitter_card":"summary_large_image","twitter_misc":{"Gesch\u00e4tzte Lesezeit":"7\u00a0Minuten"},"schema":{"@context":"https:\/\/schema.org","@graph":[{"@type":"WebPage","@id":"https:\/\/enercon.it\/de\/ueber-uns\/","url":"https:\/\/enercon.it\/de\/ueber-uns\/","name":"Hersteller von Industrieanlagen | Enercon","isPartOf":{"@id":"https:\/\/enercon.it\/#website"},"primaryImageOfPage":{"@id":"https:\/\/enercon.it\/de\/ueber-uns\/#primaryimage"},"image":{"@id":"https:\/\/enercon.it\/de\/ueber-uns\/#primaryimage"},"thumbnailUrl":"https:\/\/enercon.it\/wp-content\/uploads\/impianto-aspirazione-nebbie-oleose-tecopress-spa-colosio-ita.jpg","datePublished":"2022-05-17T07:48:06+00:00","dateModified":"2023-01-17T09:42:47+00:00","description":"Enercon ist f\u00fchrend auf dem Gebiet der Anlagen f\u00fcr die Absaugung und Filterung. Enercon bietet schl\u00fcsselfertige Anlagen f\u00fcr den Einsatz in industriellen Bereichen. Lesen Sie mehr.","breadcrumb":{"@id":"https:\/\/enercon.it\/de\/ueber-uns\/#breadcrumb"},"inLanguage":"de","potentialAction":[{"@type":"ReadAction","target":["https:\/\/enercon.it\/de\/ueber-uns\/"]}]},{"@type":"ImageObject","inLanguage":"de","@id":"https:\/\/enercon.it\/de\/ueber-uns\/#primaryimage","url":"https:\/\/enercon.it\/wp-content\/uploads\/impianto-aspirazione-nebbie-oleose-tecopress-spa-colosio-ita.jpg","contentUrl":"https:\/\/enercon.it\/wp-content\/uploads\/impianto-aspirazione-nebbie-oleose-tecopress-spa-colosio-ita.jpg","width":900,"height":600},{"@type":"BreadcrumbList","@id":"https:\/\/enercon.it\/de\/ueber-uns\/#breadcrumb","itemListElement":[{"@type":"ListItem","position":1,"name":"Home","item":"https:\/\/enercon.it\/de\/"},{"@type":"ListItem","position":2,"name":"\u00dcber uns"}]},{"@type":"WebSite","@id":"https:\/\/enercon.it\/#website","url":"https:\/\/enercon.it\/","name":"Enercon","description":"Depurazione di inquinanti atmosferici","publisher":{"@id":"https:\/\/enercon.it\/#organization"},"potentialAction":[{"@type":"SearchAction","target":{"@type":"EntryPoint","urlTemplate":"https:\/\/enercon.it\/?s={search_term_string}"},"query-input":{"@type":"PropertyValueSpecification","valueRequired":true,"valueName":"search_term_string"}}],"inLanguage":"de"},{"@type":"Organization","@id":"https:\/\/enercon.it\/#organization","name":"Enercon S.r.l.","url":"https:\/\/enercon.it\/","logo":{"@type":"ImageObject","inLanguage":"de","@id":"https:\/\/enercon.it\/#\/schema\/logo\/image\/","url":"https:\/\/enercon.it\/wp-content\/uploads\/2022\/05\/logo-enercon.png","contentUrl":"https:\/\/enercon.it\/wp-content\/uploads\/2022\/05\/logo-enercon.png","width":270,"height":110,"caption":"Enercon S.r.l."},"image":{"@id":"https:\/\/enercon.it\/#\/schema\/logo\/image\/"}}]}},"_links":{"self":[{"href":"https:\/\/enercon.it\/de\/wp-json\/wp\/v2\/pages\/9844"}],"collection":[{"href":"https:\/\/enercon.it\/de\/wp-json\/wp\/v2\/pages"}],"about":[{"href":"https:\/\/enercon.it\/de\/wp-json\/wp\/v2\/types\/page"}],"author":[{"embeddable":true,"href":"https:\/\/enercon.it\/de\/wp-json\/wp\/v2\/users\/1"}],"replies":[{"embeddable":true,"href":"https:\/\/enercon.it\/de\/wp-json\/wp\/v2\/comments?post=9844"}],"version-history":[{"count":8,"href":"https:\/\/enercon.it\/de\/wp-json\/wp\/v2\/pages\/9844\/revisions"}],"predecessor-version":[{"id":10363,"href":"https:\/\/enercon.it\/de\/wp-json\/wp\/v2\/pages\/9844\/revisions\/10363"}],"wp:featuredmedia":[{"embeddable":true,"href":"https:\/\/enercon.it\/de\/wp-json\/wp\/v2\/media\/8500"}],"wp:attachment":[{"href":"https:\/\/enercon.it\/de\/wp-json\/wp\/v2\/media?parent=9844"}],"curies":[{"name":"wp","href":"https:\/\/api.w.org\/{rel}","templated":true}]}}